{"id":404,"date":"2022-03-03T11:47:32","date_gmt":"2022-03-03T14:47:32","guid":{"rendered":"https:\/\/coelpla.com.ar\/?page_id=404"},"modified":"2022-03-03T12:02:55","modified_gmt":"2022-03-03T15:02:55","slug":"cable-paralelos-flexibles-perfil-8","status":"publish","type":"page","link":"https:\/\/coelpla.com.ar\/pt\/cable-paralelos-flexibles-perfil-8\/","title":{"rendered":"CABO PARALELO FLEX\u00cdVEL \u2013 PERFIL 8"},"content":{"rendered":"<section class=\"wpb-content-wrapper\"><section id=\"ut-section-69eaa422a3fbe\" data-vc-full-width=\"true\" data-vc-full-width-init=\"false\" data-cursor-skin=\"global\" class=\"vc_section ut-vc-120 vc_section-has-no-fill ut-section-69eaa422a3fd5\"><div id=\"ut-row-69eaa422a489b\" data-vc-full-width=\"true\" data-vc-full-width-init=\"false\" class=\"vc_row wpb_row vc_row-fluid vc_column-gap-0 ut-row-69eaa422a48ac\" ><div class=\"wpb_column vc_column_container vc_col-sm-12\" ><div id=\"ut_inner_column_69eaa422a5119\" class=\"vc_column-inner\" ><div class=\"wpb_wrapper\"><style type=\"text\/css\">#ut_custom_heading69eaa422a53f0 { font-family: \"Raleway\";font-weight:400;font-style:normal; }#ut_custom_heading69eaa422a53f0 { font-size:35px !important; }#ut_custom_heading69eaa422a53f0 { text-align:left; }@media (min-width: 768px) and (max-width: 1024px) { #ut_custom_heading69eaa422a53f0 { text-align:left; } }@media (max-width: 767px) { #ut_custom_heading69eaa422a53f0 { text-align:left; } }<\/style><h1 id=\"ut_custom_heading69eaa422a53f0\" data-responsive-font=\"h1\" data-responsive-font-settings=\"{&quot;base-font-size&quot;:&quot;global&quot;,&quot;font-size&quot;:{&quot;desktop_large&quot;:&quot;35&quot;},&quot;base-line-height&quot;:&quot;global&quot;,&quot;base-letter-spacing&quot;:&quot;global&quot;}\" class=\"ut-custom-heading-module\" ><span class=\"\" >CABO PARALELO FLEX\u00cdVEL \u2013 PERFIL 8<\/span><\/h1><div id=\"ut-row-inner-69eaa422a952c\" class=\"vc_row wpb_row vc_inner vc_row-fluid ut-row-inner-69eaa422a953f\" ><div  class=\"wpb_column vc_column_container vc_col-sm-6\"><div id=\"ut-column-inner-69eaa422a9990\" class=\"vc_column-inner vc_column-inner-nested\"><div class=\"wpb_wrapper\"><div  class=\"wpb_content_element   clearfix\"><style type=\"text\/css\">#ut_am_69eaa422a9f83 { opacity: 1; }#ut_am_wrap_69eaa422a9f85 .ut-animated-image-zoom::after { background: url(https:\/\/coelpla.com.ar\/wp-content\/uploads\/2022\/03\/28-CABLE-PARALELO-500x500-1.png); }#ut_am_wrap_69eaa422a9f85 { text-align: center; }@media (min-width: 768px) and (max-width: 1024px) { #ut_am_wrap_69eaa422a9f85 { text-align: center !important; } }@media (max-width: 767px) { #ut_am_wrap_69eaa422a9f85 { text-align: center !important; } }<\/style><div id=\"ut_am_wrap_69eaa422a9f85\" class=\"ut-image-gallery-image  ut-reveal-fx ut-element-with-block-reveal\"><div id=\"ut_reveal_69eaa422a9f86\" data-reveal-bgcolor=\"#000000\" data-reveal-direction=\"lr\" data-reveal-duration=\"750\" data-reveal-delay=\"250\" data-appear-top-offset=\"auto\" class=\"ut-animated-image-item ut-image-gallery-item ut-animation-done ut-reveal-fx-element ut-block-reveal-hide\"><a data-exthumbimage=\"https:\/\/coelpla.com.ar\/wp-content\/uploads\/2022\/03\/28-CABLE-PARALELO-500x500-1-200x200.png\" href=\"https:\/\/coelpla.com.ar\/wp-content\/uploads\/2022\/03\/28-CABLE-PARALELO-1920x780-1.png\" class=\"ut-vc-images-lightbox ut-wait-for-plugin\" data-title=\"\" data-caption=\"\" data-caption-color=\"\" data-caption-background=\"\" data-force-caption=\"on\"><div class=\"ut-animated-image-zoom\">\r\n        <div class=\"ut-element-glitch-wrap\">\r\n\r\n            \r\n        <style type=\"text\/css\">\r\n\r\n                        \r\n        @media (min-width: 1025px) {\r\n\r\n        #ut-element-glitch-69eaa422aa9eb677103868-407 .ut-glitch-single-element {\r\n                                            \r\n                }\r\n        }\r\n\r\n        @media (min-width: 768px) and (max-width: 1024px) {\r\n\r\n        #ut-element-glitch-69eaa422aa9eb677103868-407 .ut-glitch-single-element {\r\n                                                \r\n                    }\r\n        }\r\n\r\n        @media (max-width: 767px) {\r\n\r\n        #ut-element-glitch-69eaa422aa9eb677103868-407 .ut-glitch-single-element {\r\n                                                \r\n                    }\r\n        }\r\n\r\n        \r\n        <\/style>\r\n\r\n        \r\n            <div id=\"ut-element-glitch-69eaa422aa9eb677103868-407\" class=\"ut-element-glitch ut-glitch-none ut-element-glitch-permanent\">\r\n                <div class=\"ut-glitch-single-element ut-lozad skip-lazy\" data-background-image=\"https:\/\/coelpla.com.ar\/wp-content\/uploads\/2022\/03\/28-CABLE-PARALELO-500x500-1.png\"><\/div>\r\n                <div class=\"ut-glitch-single-element ut-lozad skip-lazy\" data-background-image=\"https:\/\/coelpla.com.ar\/wp-content\/uploads\/2022\/03\/28-CABLE-PARALELO-500x500-1.png\"><\/div>\r\n                <div class=\"ut-glitch-single-element ut-lozad skip-lazy\" data-background-image=\"https:\/\/coelpla.com.ar\/wp-content\/uploads\/2022\/03\/28-CABLE-PARALELO-500x500-1.png\"><\/div>\r\n                <div class=\"ut-glitch-single-element ut-lozad skip-lazy\" data-background-image=\"https:\/\/coelpla.com.ar\/wp-content\/uploads\/2022\/03\/28-CABLE-PARALELO-500x500-1.png\"><\/div>\r\n                <div class=\"ut-glitch-single-element ut-lozad skip-lazy\" data-background-image=\"https:\/\/coelpla.com.ar\/wp-content\/uploads\/2022\/03\/28-CABLE-PARALELO-500x500-1.png\"><\/div>\r\n            <\/div>\r\n\r\n        <\/div>\r\n\r\n        <img loading=\"lazy\" decoding=\"async\" class=\"ut-lazy skip-lazy ut-animated-image\"  id=\"ut_am_69eaa422a9f83\" src=\"data:image\/svg+xml;charset=utf-8,%3Csvg xmlns%3D'http%3A%2F%2Fwww.w3.org%2F2000%2Fsvg' viewBox%3D'0 0 500 500'%2F%3E\" data-src=\"https:\/\/coelpla.com.ar\/wp-content\/uploads\/2022\/03\/28-CABLE-PARALELO-500x500-1.png\" width=\"500\" height=\"500\" alt=\"CABLE PARALELOS FLEXIBLES - PERFIL 8\"\/><\/div><\/a><\/div><\/div><\/div><\/div><\/div><\/div><div  class=\"wpb_column vc_column_container vc_col-sm-6\"><div id=\"ut-column-inner-69eaa422aad7d\" class=\"vc_column-inner vc_column-inner-nested\"><div class=\"wpb_wrapper\"><style type=\"text\/css\">#ut_custom_heading69eaa422aaeec { font-family: \"Raleway\";font-weight:500;font-style:normal; }#ut_custom_heading69eaa422aaeec { font-size:20px !important; }#ut_custom_heading69eaa422aaeec { text-align:left; }@media (min-width: 768px) and (max-width: 1024px) { #ut_custom_heading69eaa422aaeec { text-align:left; } }@media (max-width: 767px) { #ut_custom_heading69eaa422aaeec { text-align:left; } }#ut_custom_heading69eaa422aaeec span { border-left-style:solid;border-left-color:#fe8b54;border-left-width:5px;padding-left:10px;display:inline-block; }<\/style><h3 id=\"ut_custom_heading69eaa422aaeec\" data-responsive-font=\"h3\" data-responsive-font-settings=\"{&quot;base-font-size&quot;:&quot;global&quot;,&quot;font-size&quot;:{&quot;desktop_large&quot;:&quot;20&quot;},&quot;base-line-height&quot;:&quot;global&quot;,&quot;base-letter-spacing&quot;:&quot;global&quot;}\" class=\"ut-custom-heading-module\" ><span class=\"\" >Caracter\u00edsticas Gerais<br \/>\n<\/span><\/h3><style type=\"text\/css\">#ut_custom_heading69eaa422aaf79 { font-size:14px !important;line-height:28px !important; }#ut_custom_heading69eaa422aaf79 { text-align:left; }@media (min-width: 768px) and (max-width: 1024px) { #ut_custom_heading69eaa422aaf79 { text-align:left; } }@media (max-width: 767px) { #ut_custom_heading69eaa422aaf79 { text-align:left; } }<\/style><p id=\"ut_custom_heading69eaa422aaf79\" data-responsive-font=\"p\" data-responsive-font-settings=\"{&quot;base-font-size&quot;:&quot;global&quot;,&quot;font-size&quot;:{&quot;desktop_large&quot;:&quot;14&quot;},&quot;base-line-height&quot;:&quot;global&quot;,&quot;line-height&quot;:{&quot;desktop_large&quot;:&quot;28&quot;},&quot;base-letter-spacing&quot;:&quot;global&quot;}\" class=\"ut-custom-heading-module\" ><span class=\"\" >Condutores flex\u00edveis de cobre eletrol\u00edtico t\u00eampera classe 5 e isolados, com uma camada de PVC antichama, unidos entre si, em forma paralela, com um sulco entre eles, o que facilita a sua separa\u00e7\u00e3o. <br \/>Responde a Norma NM 247-tipo 3-, tens\u00e3o nominal de 300 V.<\/span><\/p><style type=\"text\/css\">#ut_custom_heading69eaa422ab06a { font-family: \"Raleway\";font-weight:500;font-style:normal; }#ut_custom_heading69eaa422ab06a { font-size:20px !important; }#ut_custom_heading69eaa422ab06a { text-align:left; }@media (min-width: 768px) and (max-width: 1024px) { #ut_custom_heading69eaa422ab06a { text-align:left; } }@media (max-width: 767px) { #ut_custom_heading69eaa422ab06a { text-align:left; } }#ut_custom_heading69eaa422ab06a span { border-left-style:solid;border-left-color:#fe8b54;border-left-width:5px;padding-left:10px;display:inline-block; }<\/style><h3 id=\"ut_custom_heading69eaa422ab06a\" data-responsive-font=\"h3\" data-responsive-font-settings=\"{&quot;base-font-size&quot;:&quot;global&quot;,&quot;font-size&quot;:{&quot;desktop_large&quot;:&quot;20&quot;},&quot;base-line-height&quot;:&quot;global&quot;,&quot;base-letter-spacing&quot;:&quot;global&quot;}\" class=\"ut-custom-heading-module\" ><span class=\"\" >Identifica\u00e7\u00e3o<\/span><\/h3><style type=\"text\/css\">#ut_custom_heading69eaa422ab10e { font-size:14px !important;line-height:28px !important; }#ut_custom_heading69eaa422ab10e { text-align:left; }@media (min-width: 768px) and (max-width: 1024px) { #ut_custom_heading69eaa422ab10e { text-align:left; } }@media (max-width: 767px) { #ut_custom_heading69eaa422ab10e { text-align:left; } }<\/style><p id=\"ut_custom_heading69eaa422ab10e\" data-responsive-font=\"p\" data-responsive-font-settings=\"{&quot;base-font-size&quot;:&quot;global&quot;,&quot;font-size&quot;:{&quot;desktop_large&quot;:&quot;14&quot;},&quot;base-line-height&quot;:&quot;global&quot;,&quot;line-height&quot;:{&quot;desktop_large&quot;:&quot;28&quot;},&quot;base-letter-spacing&quot;:&quot;global&quot;}\" class=\"ut-custom-heading-module\" ><span class=\"\" >O cabo leva indicado na forma indel\u00e9vel sobre seu isolamento da marca COELPLA, se\u00e7\u00e3o nominal em mm2, de Norma 247 42 NM-C5 Tipo 3 e tens\u00e3o (300 V).<\/span><\/p><style type=\"text\/css\">#ut_custom_heading69eaa422ab1a1 { font-family: \"Raleway\";font-weight:500;font-style:normal; }#ut_custom_heading69eaa422ab1a1 { font-size:20px !important; }#ut_custom_heading69eaa422ab1a1 { text-align:left; }@media (min-width: 768px) and (max-width: 1024px) { #ut_custom_heading69eaa422ab1a1 { text-align:left; } }@media (max-width: 767px) { #ut_custom_heading69eaa422ab1a1 { text-align:left; } }#ut_custom_heading69eaa422ab1a1 span { border-left-style:solid;border-left-color:#fe8b54;border-left-width:5px;padding-left:10px;display:inline-block; }<\/style><h3 id=\"ut_custom_heading69eaa422ab1a1\" data-responsive-font=\"h3\" data-responsive-font-settings=\"{&quot;base-font-size&quot;:&quot;global&quot;,&quot;font-size&quot;:{&quot;desktop_large&quot;:&quot;20&quot;},&quot;base-line-height&quot;:&quot;global&quot;,&quot;base-letter-spacing&quot;:&quot;global&quot;}\" class=\"ut-custom-heading-module\" ><span class=\"\" >Utiliza\u00e7\u00f5es<\/span><\/h3><style type=\"text\/css\">#ut_custom_heading69eaa422ab20d { font-size:14px !important;line-height:28px !important; }#ut_custom_heading69eaa422ab20d { text-align:left; }@media (min-width: 768px) and (max-width: 1024px) { #ut_custom_heading69eaa422ab20d { text-align:left; } }@media (max-width: 767px) { #ut_custom_heading69eaa422ab20d { text-align:left; } }<\/style><p id=\"ut_custom_heading69eaa422ab20d\" data-responsive-font=\"p\" data-responsive-font-settings=\"{&quot;base-font-size&quot;:&quot;global&quot;,&quot;font-size&quot;:{&quot;desktop_large&quot;:&quot;14&quot;},&quot;base-line-height&quot;:&quot;global&quot;,&quot;line-height&quot;:{&quot;desktop_large&quot;:&quot;28&quot;},&quot;base-letter-spacing&quot;:&quot;global&quot;}\" class=\"ut-custom-heading-module\" ><span class=\"\" >Para alimenta\u00e7\u00e3o de dispositivos port\u00e1teis leves e elementos de ilumina\u00e7\u00e3o dom\u00e9sticos. <br \/>N\u00e3o \u00e9 adequado para aparelhos de aquecimento.<\/span><\/p><style type=\"text\/css\">#ut_custom_heading69eaa422ab297 { font-family: \"Raleway\";font-weight:500;font-style:normal; }#ut_custom_heading69eaa422ab297 { font-size:20px !important; }#ut_custom_heading69eaa422ab297 { text-align:left; }@media (min-width: 768px) and (max-width: 1024px) { #ut_custom_heading69eaa422ab297 { text-align:left; } }@media (max-width: 767px) { #ut_custom_heading69eaa422ab297 { text-align:left; } }#ut_custom_heading69eaa422ab297 span { border-left-style:solid;border-left-color:#fe8b54;border-left-width:5px;padding-left:10px;display:inline-block; }<\/style><h3 id=\"ut_custom_heading69eaa422ab297\" data-responsive-font=\"h3\" data-responsive-font-settings=\"{&quot;base-font-size&quot;:&quot;global&quot;,&quot;font-size&quot;:{&quot;desktop_large&quot;:&quot;20&quot;},&quot;base-line-height&quot;:&quot;global&quot;,&quot;base-letter-spacing&quot;:&quot;global&quot;}\" class=\"ut-custom-heading-module\" ><span class=\"\" >Acondicionamento<\/span><\/h3><style type=\"text\/css\">#ut_custom_heading69eaa422ab2ff { font-size:14px !important;line-height:28px !important; }#ut_custom_heading69eaa422ab2ff { text-align:left; }@media (min-width: 768px) and (max-width: 1024px) { #ut_custom_heading69eaa422ab2ff { text-align:left; } }@media (max-width: 767px) { #ut_custom_heading69eaa422ab2ff { text-align:left; } }<\/style><p id=\"ut_custom_heading69eaa422ab2ff\" data-responsive-font=\"p\" data-responsive-font-settings=\"{&quot;base-font-size&quot;:&quot;global&quot;,&quot;font-size&quot;:{&quot;desktop_large&quot;:&quot;14&quot;},&quot;base-line-height&quot;:&quot;global&quot;,&quot;line-height&quot;:{&quot;desktop_large&quot;:&quot;28&quot;},&quot;base-letter-spacing&quot;:&quot;global&quot;}\" class=\"ut-custom-heading-module\" ><span class=\"\" >Rolos de 100 m.<\/span><\/p><\/div><\/div><\/div><\/div><\/div><\/div><\/div><\/div><div class=\"vc_row-full-width vc_clearfix\"><\/div><div id=\"ut-row-69eaa422abca4\" data-vc-full-width=\"true\" data-vc-full-width-init=\"false\" class=\"vc_row wpb_row vc_row-fluid vc_column-gap-0 ut-row-69eaa422abcb3\" ><div class=\"wpb_column vc_column_container vc_col-sm-12\" ><div id=\"ut_inner_column_69eaa422ac3a2\" class=\"vc_column-inner\" ><div class=\"wpb_wrapper\"><div class=\"vc_empty_space\"   style=\"height: 40px\"><span class=\"vc_empty_space_inner\"><\/span><\/div><div  class=\"wpb_content_element   clearfix\"><style type=\"text\/css\">#ut_am_69eaa422ac97a { opacity: 1; }#ut_am_wrap_69eaa422ac97b { text-align: center; }@media (min-width: 768px) and (max-width: 1024px) { #ut_am_wrap_69eaa422ac97b { text-align: center !important; } }@media (max-width: 767px) { #ut_am_wrap_69eaa422ac97b { text-align: center !important; } }<\/style><div id=\"ut_am_wrap_69eaa422ac97b\" class=\"ut-image-gallery-image  ut-reveal-fx ut-element-with-block-reveal\"><div id=\"ut_reveal_69eaa422ac97c\" data-reveal-bgcolor=\"#000000\" data-reveal-direction=\"lr\" data-reveal-duration=\"750\" data-reveal-delay=\"250\" data-appear-top-offset=\"auto\" class=\"ut-animated-image-item ut-image-gallery-item ut-animation-done ut-reveal-fx-element ut-block-reveal-hide\"><a class=\"ut-deactivated-link\" href=\"#\"><div class=\"ut-animated-image-zoom\">\r\n        <div class=\"ut-element-glitch-wrap\">\r\n\r\n            \r\n        <style type=\"text\/css\">\r\n\r\n                        \r\n        @media (min-width: 1025px) {\r\n\r\n        #ut-element-glitch-69eaa422ac9ae609565961-410 .ut-glitch-single-element {\r\n                                            \r\n                }\r\n        }\r\n\r\n        @media (min-width: 768px) and (max-width: 1024px) {\r\n\r\n        #ut-element-glitch-69eaa422ac9ae609565961-410 .ut-glitch-single-element {\r\n                                                \r\n                    }\r\n        }\r\n\r\n        @media (max-width: 767px) {\r\n\r\n        #ut-element-glitch-69eaa422ac9ae609565961-410 .ut-glitch-single-element {\r\n                                                \r\n                    }\r\n        }\r\n\r\n        \r\n        <\/style>\r\n\r\n        \r\n            <div id=\"ut-element-glitch-69eaa422ac9ae609565961-410\" class=\"ut-element-glitch ut-glitch-none ut-element-glitch-permanent\">\r\n                <div class=\"ut-glitch-single-element ut-lozad skip-lazy\" data-background-image=\"https:\/\/coelpla.com.ar\/wp-content\/uploads\/2022\/03\/table-26.png\"><\/div>\r\n                <div class=\"ut-glitch-single-element ut-lozad skip-lazy\" data-background-image=\"https:\/\/coelpla.com.ar\/wp-content\/uploads\/2022\/03\/table-26.png\"><\/div>\r\n                <div class=\"ut-glitch-single-element ut-lozad skip-lazy\" data-background-image=\"https:\/\/coelpla.com.ar\/wp-content\/uploads\/2022\/03\/table-26.png\"><\/div>\r\n                <div class=\"ut-glitch-single-element ut-lozad skip-lazy\" data-background-image=\"https:\/\/coelpla.com.ar\/wp-content\/uploads\/2022\/03\/table-26.png\"><\/div>\r\n                <div class=\"ut-glitch-single-element ut-lozad skip-lazy\" data-background-image=\"https:\/\/coelpla.com.ar\/wp-content\/uploads\/2022\/03\/table-26.png\"><\/div>\r\n            <\/div>\r\n\r\n        <\/div>\r\n\r\n        <img loading=\"lazy\" decoding=\"async\" class=\"ut-lazy skip-lazy ut-animated-image\"  id=\"ut_am_69eaa422ac97a\" src=\"data:image\/svg+xml;charset=utf-8,%3Csvg xmlns%3D'http%3A%2F%2Fwww.w3.org%2F2000%2Fsvg' viewBox%3D'0 0 775 199'%2F%3E\" data-src=\"https:\/\/coelpla.com.ar\/wp-content\/uploads\/2022\/03\/table-26.png\" width=\"775\" height=\"199\" alt=\"CABLE PARALELOS FLEXIBLES - PERFIL 8\"\/><\/div><\/a><\/div><\/div><\/div><\/div><\/div><\/div><\/div><div class=\"vc_row-full-width vc_clearfix\"><\/div><a data-id=\"section-without-id\" class=\"ut-vc-offset-anchor-bottom\" name=\"section-without-id\"><\/a><\/section><div class=\"vc_row-full-width vc_clearfix\"><\/div>\n<\/section>","protected":false},"excerpt":{"rendered":"CABLE PARALELOS FLEXIBLES - PERFIL 8 Caracter\u00edsticas Generales Conductores flexibles de cobre electrol\u00edtico recocido clase 5 y aislados con una capa de PVC antillama, unidos entre s\u00ed en forma paralela, con un surco entre ellos que facilita su separaci\u00f3n. Responde a la Norma NM 247 -tipo 3-, tensi\u00f3n nominal 300 V.Identificaci\u00f3nEl cable lleva indicado en [...]","protected":false},"author":1,"featured_media":0,"parent":0,"menu_order":0,"comment_status":"closed","ping_status":"closed","template":"","meta":{"_joinchat":[],"footnotes":""},"class_list":["post-404","page","type-page","status-publish","hentry"],"_links":{"self":[{"href":"https:\/\/coelpla.com.ar\/pt\/wp-json\/wp\/v2\/pages\/404","targetHints":{"allow":["GET"]}}],"collection":[{"href":"https:\/\/coelpla.com.ar\/pt\/wp-json\/wp\/v2\/pages"}],"about":[{"href":"https:\/\/coelpla.com.ar\/pt\/wp-json\/wp\/v2\/types\/page"}],"author":[{"embeddable":true,"href":"https:\/\/coelpla.com.ar\/pt\/wp-json\/wp\/v2\/users\/1"}],"replies":[{"embeddable":true,"href":"https:\/\/coelpla.com.ar\/pt\/wp-json\/wp\/v2\/comments?post=404"}],"version-history":[{"count":4,"href":"https:\/\/coelpla.com.ar\/pt\/wp-json\/wp\/v2\/pages\/404\/revisions"}],"predecessor-version":[{"id":411,"href":"https:\/\/coelpla.com.ar\/pt\/wp-json\/wp\/v2\/pages\/404\/revisions\/411"}],"wp:attachment":[{"href":"https:\/\/coelpla.com.ar\/pt\/wp-json\/wp\/v2\/media?parent=404"}],"curies":[{"name":"wp","href":"https:\/\/api.w.org\/{rel}","templated":true}]}}