{"id":394,"date":"2022-03-03T11:09:12","date_gmt":"2022-03-03T14:09:12","guid":{"rendered":"https:\/\/coelpla.com.ar\/?page_id=394"},"modified":"2022-03-03T11:42:53","modified_gmt":"2022-03-03T14:42:53","slug":"conductores-envainados-chatos","status":"publish","type":"page","link":"https:\/\/coelpla.com.ar\/pt\/conductores-envainados-chatos\/","title":{"rendered":"CONDUTORES CHATOS ENVAINADOS"},"content":{"rendered":"<section class=\"wpb-content-wrapper\"><section id=\"ut-section-69ea8fe341f76\" data-vc-full-width=\"true\" data-vc-full-width-init=\"false\" data-cursor-skin=\"global\" class=\"vc_section ut-vc-120 vc_section-has-no-fill ut-section-69ea8fe341fad\"><div id=\"ut-row-69ea8fe342a50\" data-vc-full-width=\"true\" data-vc-full-width-init=\"false\" class=\"vc_row wpb_row vc_row-fluid vc_column-gap-0 ut-row-69ea8fe342a60\" ><div class=\"wpb_column vc_column_container vc_col-sm-12\" ><div id=\"ut_inner_column_69ea8fe343624\" class=\"vc_column-inner\" ><div class=\"wpb_wrapper\"><style type=\"text\/css\">#ut_custom_heading69ea8fe343a7e { font-family: \"Raleway\";font-weight:400;font-style:normal; }#ut_custom_heading69ea8fe343a7e { font-size:35px !important; }#ut_custom_heading69ea8fe343a7e { text-align:left; }@media (min-width: 768px) and (max-width: 1024px) { #ut_custom_heading69ea8fe343a7e { text-align:left; } }@media (max-width: 767px) { #ut_custom_heading69ea8fe343a7e { text-align:left; } }<\/style><h1 id=\"ut_custom_heading69ea8fe343a7e\" data-responsive-font=\"h1\" data-responsive-font-settings=\"{&quot;base-font-size&quot;:&quot;global&quot;,&quot;font-size&quot;:{&quot;desktop_large&quot;:&quot;35&quot;},&quot;base-line-height&quot;:&quot;global&quot;,&quot;base-letter-spacing&quot;:&quot;global&quot;}\" class=\"ut-custom-heading-module\" ><span class=\"\" >CONDUTORES CHATOS ENVAINADOS<\/span><\/h1><div id=\"ut-row-inner-69ea8fe348ca4\" class=\"vc_row wpb_row vc_inner vc_row-fluid ut-row-inner-69ea8fe348cb8\" ><div  class=\"wpb_column vc_column_container vc_col-sm-6\"><div id=\"ut-column-inner-69ea8fe349111\" class=\"vc_column-inner vc_column-inner-nested\"><div class=\"wpb_wrapper\"><div  class=\"wpb_content_element   clearfix\"><style type=\"text\/css\">#ut_am_69ea8fe3497d5 { opacity: 1; }#ut_am_wrap_69ea8fe3497d6 .ut-animated-image-zoom::after { background: url(https:\/\/coelpla.com.ar\/wp-content\/uploads\/2022\/03\/1-CABLE-ENVAINADO-CHATO-500X500.png); }#ut_am_wrap_69ea8fe3497d6 { text-align: center; }@media (min-width: 768px) and (max-width: 1024px) { #ut_am_wrap_69ea8fe3497d6 { text-align: center !important; } }@media (max-width: 767px) { #ut_am_wrap_69ea8fe3497d6 { text-align: center !important; } }<\/style><div id=\"ut_am_wrap_69ea8fe3497d6\" class=\"ut-image-gallery-image  ut-reveal-fx ut-element-with-block-reveal\"><div id=\"ut_reveal_69ea8fe3497d8\" data-reveal-bgcolor=\"#000000\" data-reveal-direction=\"lr\" data-reveal-duration=\"750\" data-reveal-delay=\"250\" data-appear-top-offset=\"auto\" class=\"ut-animated-image-item ut-image-gallery-item ut-animation-done ut-reveal-fx-element ut-block-reveal-hide\"><a data-exthumbimage=\"https:\/\/coelpla.com.ar\/wp-content\/uploads\/2022\/03\/1-CABLE-ENVAINADO-CHATO-500X500-200x200.png\" href=\"https:\/\/coelpla.com.ar\/wp-content\/uploads\/2022\/03\/1-CABLE-ENVAINADO-CHATO-1920X780.png\" class=\"ut-vc-images-lightbox ut-wait-for-plugin\" data-title=\"\" data-caption=\"\" data-caption-color=\"\" data-caption-background=\"\" data-force-caption=\"on\"><div class=\"ut-animated-image-zoom\">\r\n        <div class=\"ut-element-glitch-wrap\">\r\n\r\n            \r\n        <style type=\"text\/css\">\r\n\r\n                        \r\n        @media (min-width: 1025px) {\r\n\r\n        #ut-element-glitch-69ea8fe34a2be272864143-397 .ut-glitch-single-element {\r\n                                            \r\n                }\r\n        }\r\n\r\n        @media (min-width: 768px) and (max-width: 1024px) {\r\n\r\n        #ut-element-glitch-69ea8fe34a2be272864143-397 .ut-glitch-single-element {\r\n                                                \r\n                    }\r\n        }\r\n\r\n        @media (max-width: 767px) {\r\n\r\n        #ut-element-glitch-69ea8fe34a2be272864143-397 .ut-glitch-single-element {\r\n                                                \r\n                    }\r\n        }\r\n\r\n        \r\n        <\/style>\r\n\r\n        \r\n            <div id=\"ut-element-glitch-69ea8fe34a2be272864143-397\" class=\"ut-element-glitch ut-glitch-none ut-element-glitch-permanent\">\r\n                <div class=\"ut-glitch-single-element ut-lozad skip-lazy\" data-background-image=\"https:\/\/coelpla.com.ar\/wp-content\/uploads\/2022\/03\/1-CABLE-ENVAINADO-CHATO-500X500.png\"><\/div>\r\n                <div class=\"ut-glitch-single-element ut-lozad skip-lazy\" data-background-image=\"https:\/\/coelpla.com.ar\/wp-content\/uploads\/2022\/03\/1-CABLE-ENVAINADO-CHATO-500X500.png\"><\/div>\r\n                <div class=\"ut-glitch-single-element ut-lozad skip-lazy\" data-background-image=\"https:\/\/coelpla.com.ar\/wp-content\/uploads\/2022\/03\/1-CABLE-ENVAINADO-CHATO-500X500.png\"><\/div>\r\n                <div class=\"ut-glitch-single-element ut-lozad skip-lazy\" data-background-image=\"https:\/\/coelpla.com.ar\/wp-content\/uploads\/2022\/03\/1-CABLE-ENVAINADO-CHATO-500X500.png\"><\/div>\r\n                <div class=\"ut-glitch-single-element ut-lozad skip-lazy\" data-background-image=\"https:\/\/coelpla.com.ar\/wp-content\/uploads\/2022\/03\/1-CABLE-ENVAINADO-CHATO-500X500.png\"><\/div>\r\n            <\/div>\r\n\r\n        <\/div>\r\n\r\n        <img loading=\"lazy\" decoding=\"async\" class=\"ut-lazy skip-lazy ut-animated-image\"  id=\"ut_am_69ea8fe3497d5\" src=\"data:image\/svg+xml;charset=utf-8,%3Csvg xmlns%3D'http%3A%2F%2Fwww.w3.org%2F2000%2Fsvg' viewBox%3D'0 0 500 500'%2F%3E\" data-src=\"https:\/\/coelpla.com.ar\/wp-content\/uploads\/2022\/03\/1-CABLE-ENVAINADO-CHATO-500X500.png\" width=\"500\" height=\"500\" alt=\"CONDUCTORES ENVAINADOS CHATOS\"\/><\/div><\/a><\/div><\/div><\/div><\/div><\/div><\/div><div  class=\"wpb_column vc_column_container vc_col-sm-6\"><div id=\"ut-column-inner-69ea8fe34a620\" class=\"vc_column-inner vc_column-inner-nested\"><div class=\"wpb_wrapper\"><style type=\"text\/css\">#ut_custom_heading69ea8fe34a785 { font-family: \"Raleway\";font-weight:500;font-style:normal; }#ut_custom_heading69ea8fe34a785 { font-size:20px !important; }#ut_custom_heading69ea8fe34a785 { text-align:left; }@media (min-width: 768px) and (max-width: 1024px) { #ut_custom_heading69ea8fe34a785 { text-align:left; } }@media (max-width: 767px) { #ut_custom_heading69ea8fe34a785 { text-align:left; } }#ut_custom_heading69ea8fe34a785 span { border-left-style:solid;border-left-color:#fe8b54;border-left-width:5px;padding-left:10px;display:inline-block; }<\/style><h3 id=\"ut_custom_heading69ea8fe34a785\" data-responsive-font=\"h3\" data-responsive-font-settings=\"{&quot;base-font-size&quot;:&quot;global&quot;,&quot;font-size&quot;:{&quot;desktop_large&quot;:&quot;20&quot;},&quot;base-line-height&quot;:&quot;global&quot;,&quot;base-letter-spacing&quot;:&quot;global&quot;}\" class=\"ut-custom-heading-module\" ><span class=\"\" >Caracter\u00edsticas Gerais<br \/>\n<\/span><\/h3><style type=\"text\/css\">#ut_custom_heading69ea8fe34a84b { font-size:14px !important;line-height:28px !important; }#ut_custom_heading69ea8fe34a84b { text-align:left; }@media (min-width: 768px) and (max-width: 1024px) { #ut_custom_heading69ea8fe34a84b { text-align:left; } }@media (max-width: 767px) { #ut_custom_heading69ea8fe34a84b { text-align:left; } }<\/style><p id=\"ut_custom_heading69ea8fe34a84b\" data-responsive-font=\"p\" data-responsive-font-settings=\"{&quot;base-font-size&quot;:&quot;global&quot;,&quot;font-size&quot;:{&quot;desktop_large&quot;:&quot;14&quot;},&quot;base-line-height&quot;:&quot;global&quot;,&quot;line-height&quot;:{&quot;desktop_large&quot;:&quot;28&quot;},&quot;base-letter-spacing&quot;:&quot;global&quot;}\" class=\"ut-custom-heading-module\" ><span class=\"\" >Composto por dois ou tr\u00eas condutores flex\u00edveis de cobre eletrol\u00edtico t\u00eampera classe 5, isolados, com uma camada de PVC antichama. <br \/>Em cores marron-celeste no caso dos bipolares e marrom-celeste-preto ou verde-amarelo, no caso dos tripolares; dispostos de forma paralela e revestidos por uma bainha penetrante de PVC, geralmente na cor cinza. <br \/>Responde a norma 247 NM 52-C5 Tipo 2; 247 NM 53-C5 Tipo 1. <br \/>Tens\u00e3o nominal 300\/300V: -0.50 mm2-0.75 mm2 300\/500 V:-1.00 mm2-1.50 mm2 -2.50 mm2-4.00 mm2<\/span><\/p><style type=\"text\/css\">#ut_custom_heading69ea8fe34a8eb { font-family: \"Raleway\";font-weight:500;font-style:normal; }#ut_custom_heading69ea8fe34a8eb { font-size:20px !important; }#ut_custom_heading69ea8fe34a8eb { text-align:left; }@media (min-width: 768px) and (max-width: 1024px) { #ut_custom_heading69ea8fe34a8eb { text-align:left; } }@media (max-width: 767px) { #ut_custom_heading69ea8fe34a8eb { text-align:left; } }#ut_custom_heading69ea8fe34a8eb span { border-left-style:solid;border-left-color:#fe8b54;border-left-width:5px;padding-left:10px;display:inline-block; }<\/style><h3 id=\"ut_custom_heading69ea8fe34a8eb\" data-responsive-font=\"h3\" data-responsive-font-settings=\"{&quot;base-font-size&quot;:&quot;global&quot;,&quot;font-size&quot;:{&quot;desktop_large&quot;:&quot;20&quot;},&quot;base-line-height&quot;:&quot;global&quot;,&quot;base-letter-spacing&quot;:&quot;global&quot;}\" class=\"ut-custom-heading-module\" ><span class=\"\" >Identifica\u00e7\u00e3o<\/span><\/h3><style type=\"text\/css\">#ut_custom_heading69ea8fe34a95b { font-size:14px !important;line-height:28px !important; }#ut_custom_heading69ea8fe34a95b { text-align:left; }@media (min-width: 768px) and (max-width: 1024px) { #ut_custom_heading69ea8fe34a95b { text-align:left; } }@media (max-width: 767px) { #ut_custom_heading69ea8fe34a95b { text-align:left; } }<\/style><p id=\"ut_custom_heading69ea8fe34a95b\" data-responsive-font=\"p\" data-responsive-font-settings=\"{&quot;base-font-size&quot;:&quot;global&quot;,&quot;font-size&quot;:{&quot;desktop_large&quot;:&quot;14&quot;},&quot;base-line-height&quot;:&quot;global&quot;,&quot;line-height&quot;:{&quot;desktop_large&quot;:&quot;28&quot;},&quot;base-letter-spacing&quot;:&quot;global&quot;}\" class=\"ut-custom-heading-module\" ><span class=\"\" >Cada motorista leva indicado na forma indel\u00e9vel sobre a sua bainha da marca COELPLA, se\u00e7\u00e3o nominal em mm2, tens\u00e3o e norma \u00e0 qual pertence.<\/span><\/p><style type=\"text\/css\">#ut_custom_heading69ea8fe34aa2a { font-family: \"Raleway\";font-weight:500;font-style:normal; }#ut_custom_heading69ea8fe34aa2a { font-size:20px !important; }#ut_custom_heading69ea8fe34aa2a { text-align:left; }@media (min-width: 768px) and (max-width: 1024px) { #ut_custom_heading69ea8fe34aa2a { text-align:left; } }@media (max-width: 767px) { #ut_custom_heading69ea8fe34aa2a { text-align:left; } }#ut_custom_heading69ea8fe34aa2a span { border-left-style:solid;border-left-color:#fe8b54;border-left-width:5px;padding-left:10px;display:inline-block; }<\/style><h3 id=\"ut_custom_heading69ea8fe34aa2a\" data-responsive-font=\"h3\" data-responsive-font-settings=\"{&quot;base-font-size&quot;:&quot;global&quot;,&quot;font-size&quot;:{&quot;desktop_large&quot;:&quot;20&quot;},&quot;base-line-height&quot;:&quot;global&quot;,&quot;base-letter-spacing&quot;:&quot;global&quot;}\" class=\"ut-custom-heading-module\" ><span class=\"\" >Utiliza\u00e7\u00f5es<\/span><\/h3><style type=\"text\/css\">#ut_custom_heading69ea8fe34aaad { font-size:14px !important;line-height:28px !important; }#ut_custom_heading69ea8fe34aaad { text-align:left; }@media (min-width: 768px) and (max-width: 1024px) { #ut_custom_heading69ea8fe34aaad { text-align:left; } }@media (max-width: 767px) { #ut_custom_heading69ea8fe34aaad { text-align:left; } }<\/style><p id=\"ut_custom_heading69ea8fe34aaad\" data-responsive-font=\"p\" data-responsive-font-settings=\"{&quot;base-font-size&quot;:&quot;global&quot;,&quot;font-size&quot;:{&quot;desktop_large&quot;:&quot;14&quot;},&quot;base-line-height&quot;:&quot;global&quot;,&quot;line-height&quot;:{&quot;desktop_large&quot;:&quot;28&quot;},&quot;base-letter-spacing&quot;:&quot;global&quot;}\" class=\"ut-custom-heading-module\" ><span class=\"\" >Para coloca\u00e7\u00e3o directa sobre alvenaria em constru\u00e7\u00f5es civis e industriais, e para a alimenta\u00e7\u00e3o de artefatos leves. <br \/>N\u00e3o \u00e9 adequado para usar a c\u00e9u aberto ou em aparelhos de aquecimento.<\/span><\/p><style type=\"text\/css\">#ut_custom_heading69ea8fe34ab3d { font-family: \"Raleway\";font-weight:500;font-style:normal; }#ut_custom_heading69ea8fe34ab3d { font-size:20px !important; }#ut_custom_heading69ea8fe34ab3d { text-align:left; }@media (min-width: 768px) and (max-width: 1024px) { #ut_custom_heading69ea8fe34ab3d { text-align:left; } }@media (max-width: 767px) { #ut_custom_heading69ea8fe34ab3d { text-align:left; } }#ut_custom_heading69ea8fe34ab3d span { border-left-style:solid;border-left-color:#fe8b54;border-left-width:5px;padding-left:10px;display:inline-block; }<\/style><h3 id=\"ut_custom_heading69ea8fe34ab3d\" data-responsive-font=\"h3\" data-responsive-font-settings=\"{&quot;base-font-size&quot;:&quot;global&quot;,&quot;font-size&quot;:{&quot;desktop_large&quot;:&quot;20&quot;},&quot;base-line-height&quot;:&quot;global&quot;,&quot;base-letter-spacing&quot;:&quot;global&quot;}\" class=\"ut-custom-heading-module\" ><span class=\"\" >Acondicionamento<\/span><\/h3><style type=\"text\/css\">#ut_custom_heading69ea8fe34abe6 { font-size:14px !important;line-height:28px !important; }#ut_custom_heading69ea8fe34abe6 { text-align:left; }@media (min-width: 768px) and (max-width: 1024px) { #ut_custom_heading69ea8fe34abe6 { text-align:left; } }@media (max-width: 767px) { #ut_custom_heading69ea8fe34abe6 { text-align:left; } }<\/style><p id=\"ut_custom_heading69ea8fe34abe6\" data-responsive-font=\"p\" data-responsive-font-settings=\"{&quot;base-font-size&quot;:&quot;global&quot;,&quot;font-size&quot;:{&quot;desktop_large&quot;:&quot;14&quot;},&quot;base-line-height&quot;:&quot;global&quot;,&quot;line-height&quot;:{&quot;desktop_large&quot;:&quot;28&quot;},&quot;base-letter-spacing&quot;:&quot;global&quot;}\" class=\"ut-custom-heading-module\" ><span class=\"\" >Rolos de 100 m\/Bobinas<\/span><\/p><\/div><\/div><\/div><\/div><\/div><\/div><\/div><\/div><div class=\"vc_row-full-width vc_clearfix\"><\/div><div id=\"ut-row-69ea8fe34b694\" data-vc-full-width=\"true\" data-vc-full-width-init=\"false\" class=\"vc_row wpb_row vc_row-fluid vc_column-gap-0 ut-row-69ea8fe34b6a4\" ><div class=\"wpb_column vc_column_container vc_col-sm-12\" ><div id=\"ut_inner_column_69ea8fe34bcfb\" class=\"vc_column-inner\" ><div class=\"wpb_wrapper\"><div class=\"vc_empty_space\"   style=\"height: 40px\"><span class=\"vc_empty_space_inner\"><\/span><\/div><div  class=\"wpb_content_element   clearfix\"><style type=\"text\/css\">#ut_am_69ea8fe34c322 { opacity: 1; }#ut_am_wrap_69ea8fe34c324 { text-align: center; }@media (min-width: 768px) and (max-width: 1024px) { #ut_am_wrap_69ea8fe34c324 { text-align: center !important; } }@media (max-width: 767px) { #ut_am_wrap_69ea8fe34c324 { text-align: center !important; } }<\/style><div id=\"ut_am_wrap_69ea8fe34c324\" class=\"ut-image-gallery-image  ut-reveal-fx ut-element-with-block-reveal\"><div id=\"ut_reveal_69ea8fe34c325\" data-reveal-bgcolor=\"#000000\" data-reveal-direction=\"lr\" data-reveal-duration=\"750\" data-reveal-delay=\"250\" data-appear-top-offset=\"auto\" class=\"ut-animated-image-item ut-image-gallery-item ut-animation-done ut-reveal-fx-element ut-block-reveal-hide\"><a class=\"ut-deactivated-link\" href=\"#\"><div class=\"ut-animated-image-zoom\">\r\n        <div class=\"ut-element-glitch-wrap\">\r\n\r\n            \r\n        <style type=\"text\/css\">\r\n\r\n                        \r\n        @media (min-width: 1025px) {\r\n\r\n        #ut-element-glitch-69ea8fe34c351370548283-401 .ut-glitch-single-element {\r\n                                            \r\n                }\r\n        }\r\n\r\n        @media (min-width: 768px) and (max-width: 1024px) {\r\n\r\n        #ut-element-glitch-69ea8fe34c351370548283-401 .ut-glitch-single-element {\r\n                                                \r\n                    }\r\n        }\r\n\r\n        @media (max-width: 767px) {\r\n\r\n        #ut-element-glitch-69ea8fe34c351370548283-401 .ut-glitch-single-element {\r\n                                                \r\n                    }\r\n        }\r\n\r\n        \r\n        <\/style>\r\n\r\n        \r\n            <div id=\"ut-element-glitch-69ea8fe34c351370548283-401\" class=\"ut-element-glitch ut-glitch-none ut-element-glitch-permanent\">\r\n                <div class=\"ut-glitch-single-element ut-lozad skip-lazy\" data-background-image=\"https:\/\/coelpla.com.ar\/wp-content\/uploads\/2022\/03\/table-25.png\"><\/div>\r\n                <div class=\"ut-glitch-single-element ut-lozad skip-lazy\" data-background-image=\"https:\/\/coelpla.com.ar\/wp-content\/uploads\/2022\/03\/table-25.png\"><\/div>\r\n                <div class=\"ut-glitch-single-element ut-lozad skip-lazy\" data-background-image=\"https:\/\/coelpla.com.ar\/wp-content\/uploads\/2022\/03\/table-25.png\"><\/div>\r\n                <div class=\"ut-glitch-single-element ut-lozad skip-lazy\" data-background-image=\"https:\/\/coelpla.com.ar\/wp-content\/uploads\/2022\/03\/table-25.png\"><\/div>\r\n                <div class=\"ut-glitch-single-element ut-lozad skip-lazy\" data-background-image=\"https:\/\/coelpla.com.ar\/wp-content\/uploads\/2022\/03\/table-25.png\"><\/div>\r\n            <\/div>\r\n\r\n        <\/div>\r\n\r\n        <img loading=\"lazy\" decoding=\"async\" class=\"ut-lazy skip-lazy ut-animated-image\"  id=\"ut_am_69ea8fe34c322\" src=\"data:image\/svg+xml;charset=utf-8,%3Csvg xmlns%3D'http%3A%2F%2Fwww.w3.org%2F2000%2Fsvg' viewBox%3D'0 0 768 258'%2F%3E\" data-src=\"https:\/\/coelpla.com.ar\/wp-content\/uploads\/2022\/03\/table-25.png\" width=\"768\" height=\"258\" alt=\"CONDUCTORES ENVAINADOS CHATOS\"\/><\/div><\/a><\/div><\/div><\/div><\/div><\/div><\/div><\/div><div class=\"vc_row-full-width vc_clearfix\"><\/div><a data-id=\"section-without-id\" class=\"ut-vc-offset-anchor-bottom\" name=\"section-without-id\"><\/a><\/section><div class=\"vc_row-full-width vc_clearfix\"><\/div>\n<\/section>","protected":false},"excerpt":{"rendered":"CONDUCTORES ENVAINADOS CHATOS Caracter\u00edsticas Generales Compuesto por dos o tres conductores flexibles de cobre electrol\u00edtico recocido clase 5, aislados con una capa de PVC antillama. En colores marron-celeste en el caso de los bipolares y marr\u00f3n-celeste-negro o verde-amarillo en el caso de los tripolares; dispuestos en forma paralela y recubiertos por una vaina penetrante de [...]","protected":false},"author":1,"featured_media":0,"parent":0,"menu_order":0,"comment_status":"closed","ping_status":"closed","template":"","meta":{"_joinchat":[],"footnotes":""},"class_list":["post-394","page","type-page","status-publish","hentry"],"_links":{"self":[{"href":"https:\/\/coelpla.com.ar\/pt\/wp-json\/wp\/v2\/pages\/394","targetHints":{"allow":["GET"]}}],"collection":[{"href":"https:\/\/coelpla.com.ar\/pt\/wp-json\/wp\/v2\/pages"}],"about":[{"href":"https:\/\/coelpla.com.ar\/pt\/wp-json\/wp\/v2\/types\/page"}],"author":[{"embeddable":true,"href":"https:\/\/coelpla.com.ar\/pt\/wp-json\/wp\/v2\/users\/1"}],"replies":[{"embeddable":true,"href":"https:\/\/coelpla.com.ar\/pt\/wp-json\/wp\/v2\/comments?post=394"}],"version-history":[{"count":5,"href":"https:\/\/coelpla.com.ar\/pt\/wp-json\/wp\/v2\/pages\/394\/revisions"}],"predecessor-version":[{"id":402,"href":"https:\/\/coelpla.com.ar\/pt\/wp-json\/wp\/v2\/pages\/394\/revisions\/402"}],"wp:attachment":[{"href":"https:\/\/coelpla.com.ar\/pt\/wp-json\/wp\/v2\/media?parent=394"}],"curies":[{"name":"wp","href":"https:\/\/api.w.org\/{rel}","templated":true}]}}