{"id":385,"date":"2022-03-03T10:54:36","date_gmt":"2022-03-03T13:54:36","guid":{"rendered":"https:\/\/coelpla.com.ar\/?page_id=385"},"modified":"2022-03-03T11:03:22","modified_gmt":"2022-03-03T14:03:22","slug":"cable-unipolar-de-potencia","status":"publish","type":"page","link":"https:\/\/coelpla.com.ar\/pt\/cable-unipolar-de-potencia\/","title":{"rendered":"CABO UNIPOLAR DE POT\u00caNCIA"},"content":{"rendered":"<section class=\"wpb-content-wrapper\"><section id=\"ut-section-69eaa120e930a\" data-vc-full-width=\"true\" data-vc-full-width-init=\"false\" data-cursor-skin=\"global\" class=\"vc_section ut-vc-120 vc_section-has-no-fill ut-section-69eaa120e931f\"><div id=\"ut-row-69eaa120ea0ac\" data-vc-full-width=\"true\" data-vc-full-width-init=\"false\" class=\"vc_row wpb_row vc_row-fluid vc_column-gap-0 ut-row-69eaa120ea0be\" ><div class=\"wpb_column vc_column_container vc_col-sm-12\" ><div id=\"ut_inner_column_69eaa120ead7d\" class=\"vc_column-inner\" ><div class=\"wpb_wrapper\"><style type=\"text\/css\">#ut_custom_heading69eaa120eb1a9 { font-family: \"Raleway\";font-weight:400;font-style:normal; }#ut_custom_heading69eaa120eb1a9 { font-size:35px !important; }#ut_custom_heading69eaa120eb1a9 { text-align:left; }@media (min-width: 768px) and (max-width: 1024px) { #ut_custom_heading69eaa120eb1a9 { text-align:left; } }@media (max-width: 767px) { #ut_custom_heading69eaa120eb1a9 { text-align:left; } }<\/style><h1 id=\"ut_custom_heading69eaa120eb1a9\" data-responsive-font=\"h1\" data-responsive-font-settings=\"{&quot;base-font-size&quot;:&quot;global&quot;,&quot;font-size&quot;:{&quot;desktop_large&quot;:&quot;35&quot;},&quot;base-line-height&quot;:&quot;global&quot;,&quot;base-letter-spacing&quot;:&quot;global&quot;}\" class=\"ut-custom-heading-module\" ><span class=\"\" > CABO UNIPOLAR DE POT\u00caNCIA<br \/>\n<\/span><\/h1><div id=\"ut-row-inner-69eaa120f07fe\" class=\"vc_row wpb_row vc_inner vc_row-fluid ut-row-inner-69eaa120f0810\" ><div  class=\"wpb_column vc_column_container vc_col-sm-6\"><div id=\"ut-column-inner-69eaa120f0c7a\" class=\"vc_column-inner vc_column-inner-nested\"><div class=\"wpb_wrapper\"><div  class=\"wpb_content_element   clearfix\"><style type=\"text\/css\">#ut_am_69eaa120f1229 { opacity: 1; }#ut_am_wrap_69eaa120f122b .ut-animated-image-zoom::after { background: url(https:\/\/coelpla.com.ar\/wp-content\/uploads\/2022\/03\/26-CABLE-POTENCIA.png); }#ut_am_wrap_69eaa120f122b { text-align: center; }@media (min-width: 768px) and (max-width: 1024px) { #ut_am_wrap_69eaa120f122b { text-align: center !important; } }@media (max-width: 767px) { #ut_am_wrap_69eaa120f122b { text-align: center !important; } }<\/style><div id=\"ut_am_wrap_69eaa120f122b\" class=\"ut-image-gallery-image  ut-reveal-fx ut-element-with-block-reveal\"><div id=\"ut_reveal_69eaa120f122c\" data-reveal-bgcolor=\"#000000\" data-reveal-direction=\"lr\" data-reveal-duration=\"750\" data-reveal-delay=\"250\" data-appear-top-offset=\"auto\" class=\"ut-animated-image-item ut-image-gallery-item ut-animation-done ut-reveal-fx-element ut-block-reveal-hide\"><a class=\"ut-deactivated-link\" href=\"#\"><div class=\"ut-animated-image-zoom\">\r\n        <div class=\"ut-element-glitch-wrap\">\r\n\r\n            \r\n        <style type=\"text\/css\">\r\n\r\n                        \r\n        @media (min-width: 1025px) {\r\n\r\n        #ut-element-glitch-69eaa120f129c334808328-388 .ut-glitch-single-element {\r\n                                            \r\n                }\r\n        }\r\n\r\n        @media (min-width: 768px) and (max-width: 1024px) {\r\n\r\n        #ut-element-glitch-69eaa120f129c334808328-388 .ut-glitch-single-element {\r\n                                                \r\n                    }\r\n        }\r\n\r\n        @media (max-width: 767px) {\r\n\r\n        #ut-element-glitch-69eaa120f129c334808328-388 .ut-glitch-single-element {\r\n                                                \r\n                    }\r\n        }\r\n\r\n        \r\n        <\/style>\r\n\r\n        \r\n            <div id=\"ut-element-glitch-69eaa120f129c334808328-388\" class=\"ut-element-glitch ut-glitch-none ut-element-glitch-permanent\">\r\n                <div class=\"ut-glitch-single-element ut-lozad skip-lazy\" data-background-image=\"https:\/\/coelpla.com.ar\/wp-content\/uploads\/2022\/03\/26-CABLE-POTENCIA.png\"><\/div>\r\n                <div class=\"ut-glitch-single-element ut-lozad skip-lazy\" data-background-image=\"https:\/\/coelpla.com.ar\/wp-content\/uploads\/2022\/03\/26-CABLE-POTENCIA.png\"><\/div>\r\n                <div class=\"ut-glitch-single-element ut-lozad skip-lazy\" data-background-image=\"https:\/\/coelpla.com.ar\/wp-content\/uploads\/2022\/03\/26-CABLE-POTENCIA.png\"><\/div>\r\n                <div class=\"ut-glitch-single-element ut-lozad skip-lazy\" data-background-image=\"https:\/\/coelpla.com.ar\/wp-content\/uploads\/2022\/03\/26-CABLE-POTENCIA.png\"><\/div>\r\n                <div class=\"ut-glitch-single-element ut-lozad skip-lazy\" data-background-image=\"https:\/\/coelpla.com.ar\/wp-content\/uploads\/2022\/03\/26-CABLE-POTENCIA.png\"><\/div>\r\n            <\/div>\r\n\r\n        <\/div>\r\n\r\n        <img loading=\"lazy\" decoding=\"async\" class=\"ut-lazy skip-lazy ut-animated-image\"  id=\"ut_am_69eaa120f1229\" src=\"data:image\/svg+xml;charset=utf-8,%3Csvg xmlns%3D'http%3A%2F%2Fwww.w3.org%2F2000%2Fsvg' viewBox%3D'0 0 5168 3448'%2F%3E\" data-src=\"https:\/\/coelpla.com.ar\/wp-content\/uploads\/2022\/03\/26-CABLE-POTENCIA.png\" width=\"5168\" height=\"3448\" alt=\"CABLE UNIPOLAR DE POTENCIA\"\/><\/div><\/a><\/div><\/div><\/div><\/div><\/div><\/div><div  class=\"wpb_column vc_column_container vc_col-sm-6\"><div id=\"ut-column-inner-69eaa120f164d\" class=\"vc_column-inner vc_column-inner-nested\"><div class=\"wpb_wrapper\"><style type=\"text\/css\">#ut_custom_heading69eaa120f1826 { font-family: \"Raleway\";font-weight:500;font-style:normal; }#ut_custom_heading69eaa120f1826 { font-size:20px !important; }#ut_custom_heading69eaa120f1826 { text-align:left; }@media (min-width: 768px) and (max-width: 1024px) { #ut_custom_heading69eaa120f1826 { text-align:left; } }@media (max-width: 767px) { #ut_custom_heading69eaa120f1826 { text-align:left; } }#ut_custom_heading69eaa120f1826 span { border-left-style:solid;border-left-color:#fe8b54;border-left-width:5px;padding-left:10px;display:inline-block; }<\/style><h3 id=\"ut_custom_heading69eaa120f1826\" data-responsive-font=\"h3\" data-responsive-font-settings=\"{&quot;base-font-size&quot;:&quot;global&quot;,&quot;font-size&quot;:{&quot;desktop_large&quot;:&quot;20&quot;},&quot;base-line-height&quot;:&quot;global&quot;,&quot;base-letter-spacing&quot;:&quot;global&quot;}\" class=\"ut-custom-heading-module\" ><span class=\"\" >Caracter\u00edsticas Gerais<br \/>\n<\/span><\/h3><style type=\"text\/css\">#ut_custom_heading69eaa120f18da { font-size:14px !important;line-height:28px !important; }#ut_custom_heading69eaa120f18da { text-align:left; }@media (min-width: 768px) and (max-width: 1024px) { #ut_custom_heading69eaa120f18da { text-align:left; } }@media (max-width: 767px) { #ut_custom_heading69eaa120f18da { text-align:left; } }<\/style><p id=\"ut_custom_heading69eaa120f18da\" data-responsive-font=\"p\" data-responsive-font-settings=\"{&quot;base-font-size&quot;:&quot;global&quot;,&quot;font-size&quot;:{&quot;desktop_large&quot;:&quot;14&quot;},&quot;base-line-height&quot;:&quot;global&quot;,&quot;line-height&quot;:{&quot;desktop_large&quot;:&quot;28&quot;},&quot;base-letter-spacing&quot;:&quot;global&quot;}\" class=\"ut-custom-heading-module\" ><span class=\"\" >Condutor flex\u00edvel de cobre eletrol\u00edtico t\u00eampera e isolado com uma camada de PVC antichama na cor preta, tela de cobre eletrol\u00edtico e, sobre a mesma uma bainha ajustada de PVC flex\u00edvel antichama na cor preta. <br \/>Cumprem amplamente com a norma NM 247 e adicionais, para determinar a resist\u00eancia \u00e0 propaga\u00e7\u00e3o de chama. Tens\u00e3o: 750 V.<\/span><\/p><style type=\"text\/css\">#ut_custom_heading69eaa120f19cb { font-family: \"Raleway\";font-weight:500;font-style:normal; }#ut_custom_heading69eaa120f19cb { font-size:20px !important; }#ut_custom_heading69eaa120f19cb { text-align:left; }@media (min-width: 768px) and (max-width: 1024px) { #ut_custom_heading69eaa120f19cb { text-align:left; } }@media (max-width: 767px) { #ut_custom_heading69eaa120f19cb { text-align:left; } }#ut_custom_heading69eaa120f19cb span { border-left-style:solid;border-left-color:#fe8b54;border-left-width:5px;padding-left:10px;display:inline-block; }<\/style><h3 id=\"ut_custom_heading69eaa120f19cb\" data-responsive-font=\"h3\" data-responsive-font-settings=\"{&quot;base-font-size&quot;:&quot;global&quot;,&quot;font-size&quot;:{&quot;desktop_large&quot;:&quot;20&quot;},&quot;base-line-height&quot;:&quot;global&quot;,&quot;base-letter-spacing&quot;:&quot;global&quot;}\" class=\"ut-custom-heading-module\" ><span class=\"\" >Identifica\u00e7\u00e3o<\/span><\/h3><style type=\"text\/css\">#ut_custom_heading69eaa120f1a45 { font-size:14px !important;line-height:28px !important; }#ut_custom_heading69eaa120f1a45 { text-align:left; }@media (min-width: 768px) and (max-width: 1024px) { #ut_custom_heading69eaa120f1a45 { text-align:left; } }@media (max-width: 767px) { #ut_custom_heading69eaa120f1a45 { text-align:left; } }<\/style><p id=\"ut_custom_heading69eaa120f1a45\" data-responsive-font=\"p\" data-responsive-font-settings=\"{&quot;base-font-size&quot;:&quot;global&quot;,&quot;font-size&quot;:{&quot;desktop_large&quot;:&quot;14&quot;},&quot;base-line-height&quot;:&quot;global&quot;,&quot;line-height&quot;:{&quot;desktop_large&quot;:&quot;28&quot;},&quot;base-letter-spacing&quot;:&quot;global&quot;}\" class=\"ut-custom-heading-module\" ><span class=\"\" >Cada motorista leva indicado na forma indel\u00e9vel sobre seu isolamento da marca COELPLA, se\u00e7\u00e3o nominal em mm2 e a tens\u00e3o. <br \/>A dist\u00e2ncia entre textos \u00e9 menor do que 1 metro.<\/span><\/p><style type=\"text\/css\">#ut_custom_heading69eaa120f1ad2 { font-family: \"Raleway\";font-weight:500;font-style:normal; }#ut_custom_heading69eaa120f1ad2 { font-size:20px !important; }#ut_custom_heading69eaa120f1ad2 { text-align:left; }@media (min-width: 768px) and (max-width: 1024px) { #ut_custom_heading69eaa120f1ad2 { text-align:left; } }@media (max-width: 767px) { #ut_custom_heading69eaa120f1ad2 { text-align:left; } }#ut_custom_heading69eaa120f1ad2 span { border-left-style:solid;border-left-color:#fe8b54;border-left-width:5px;padding-left:10px;display:inline-block; }<\/style><h3 id=\"ut_custom_heading69eaa120f1ad2\" data-responsive-font=\"h3\" data-responsive-font-settings=\"{&quot;base-font-size&quot;:&quot;global&quot;,&quot;font-size&quot;:{&quot;desktop_large&quot;:&quot;20&quot;},&quot;base-line-height&quot;:&quot;global&quot;,&quot;base-letter-spacing&quot;:&quot;global&quot;}\" class=\"ut-custom-heading-module\" ><span class=\"\" >Utiliza\u00e7\u00f5es<\/span><\/h3><style type=\"text\/css\">#ut_custom_heading69eaa120f1b3b { font-size:14px !important;line-height:28px !important; }#ut_custom_heading69eaa120f1b3b { text-align:left; }@media (min-width: 768px) and (max-width: 1024px) { #ut_custom_heading69eaa120f1b3b { text-align:left; } }@media (max-width: 767px) { #ut_custom_heading69eaa120f1b3b { text-align:left; } }<\/style><p id=\"ut_custom_heading69eaa120f1b3b\" data-responsive-font=\"p\" data-responsive-font-settings=\"{&quot;base-font-size&quot;:&quot;global&quot;,&quot;font-size&quot;:{&quot;desktop_large&quot;:&quot;14&quot;},&quot;base-line-height&quot;:&quot;global&quot;,&quot;line-height&quot;:{&quot;desktop_large&quot;:&quot;28&quot;},&quot;base-letter-spacing&quot;:&quot;global&quot;}\" class=\"ut-custom-heading-module\" ><span class=\"\" >Por suas caracter\u00edsticas, s\u00e3o adequados para uso em distribui\u00e7\u00e3o de energia em equipamentos que exigem evitar interfer\u00eancias.<\/span><\/p><style type=\"text\/css\">#ut_custom_heading69eaa120f1bc5 { font-family: \"Raleway\";font-weight:500;font-style:normal; }#ut_custom_heading69eaa120f1bc5 { font-size:20px !important; }#ut_custom_heading69eaa120f1bc5 { text-align:left; }@media (min-width: 768px) and (max-width: 1024px) { #ut_custom_heading69eaa120f1bc5 { text-align:left; } }@media (max-width: 767px) { #ut_custom_heading69eaa120f1bc5 { text-align:left; } }#ut_custom_heading69eaa120f1bc5 span { border-left-style:solid;border-left-color:#fe8b54;border-left-width:5px;padding-left:10px;display:inline-block; }<\/style><h3 id=\"ut_custom_heading69eaa120f1bc5\" data-responsive-font=\"h3\" data-responsive-font-settings=\"{&quot;base-font-size&quot;:&quot;global&quot;,&quot;font-size&quot;:{&quot;desktop_large&quot;:&quot;20&quot;},&quot;base-line-height&quot;:&quot;global&quot;,&quot;base-letter-spacing&quot;:&quot;global&quot;}\" class=\"ut-custom-heading-module\" ><span class=\"\" >Acondicionamento<\/span><\/h3><style type=\"text\/css\">#ut_custom_heading69eaa120f1c2c { font-size:14px !important;line-height:28px !important; }#ut_custom_heading69eaa120f1c2c { text-align:left; }@media (min-width: 768px) and (max-width: 1024px) { #ut_custom_heading69eaa120f1c2c { text-align:left; } }@media (max-width: 767px) { #ut_custom_heading69eaa120f1c2c { text-align:left; } }<\/style><p id=\"ut_custom_heading69eaa120f1c2c\" data-responsive-font=\"p\" data-responsive-font-settings=\"{&quot;base-font-size&quot;:&quot;global&quot;,&quot;font-size&quot;:{&quot;desktop_large&quot;:&quot;14&quot;},&quot;base-line-height&quot;:&quot;global&quot;,&quot;line-height&quot;:{&quot;desktop_large&quot;:&quot;28&quot;},&quot;base-letter-spacing&quot;:&quot;global&quot;}\" class=\"ut-custom-heading-module\" ><span class=\"\" >Rolos de 100 metros ou em bobinas.<\/span><\/p><\/div><\/div><\/div><\/div><\/div><\/div><\/div><\/div><div class=\"vc_row-full-width vc_clearfix\"><\/div><div id=\"ut-row-69eaa120f24d1\" data-vc-full-width=\"true\" data-vc-full-width-init=\"false\" class=\"vc_row wpb_row vc_row-fluid vc_column-gap-0 ut-row-69eaa120f24df\" ><div class=\"wpb_column vc_column_container vc_col-sm-12\" ><div id=\"ut_inner_column_69eaa120f2c1b\" class=\"vc_column-inner\" ><div class=\"wpb_wrapper\"><div class=\"vc_empty_space\"   style=\"height: 40px\"><span class=\"vc_empty_space_inner\"><\/span><\/div><div  class=\"wpb_content_element   clearfix\"><style type=\"text\/css\">#ut_am_69eaa120f32a4 { opacity: 1; }#ut_am_wrap_69eaa120f32a5 { text-align: center; }@media (min-width: 768px) and (max-width: 1024px) { #ut_am_wrap_69eaa120f32a5 { text-align: center !important; } }@media (max-width: 767px) { #ut_am_wrap_69eaa120f32a5 { text-align: center !important; } }<\/style><div id=\"ut_am_wrap_69eaa120f32a5\" class=\"ut-image-gallery-image  ut-reveal-fx ut-element-with-block-reveal\"><div id=\"ut_reveal_69eaa120f32a6\" data-reveal-bgcolor=\"#000000\" data-reveal-direction=\"lr\" data-reveal-duration=\"750\" data-reveal-delay=\"250\" data-appear-top-offset=\"auto\" class=\"ut-animated-image-item ut-image-gallery-item ut-animation-done ut-reveal-fx-element ut-block-reveal-hide\"><a class=\"ut-deactivated-link\" href=\"#\"><div class=\"ut-animated-image-zoom\">\r\n        <div class=\"ut-element-glitch-wrap\">\r\n\r\n            \r\n        <style type=\"text\/css\">\r\n\r\n                        \r\n        @media (min-width: 1025px) {\r\n\r\n        #ut-element-glitch-69eaa120f32d6626169249-391 .ut-glitch-single-element {\r\n                                            \r\n                }\r\n        }\r\n\r\n        @media (min-width: 768px) and (max-width: 1024px) {\r\n\r\n        #ut-element-glitch-69eaa120f32d6626169249-391 .ut-glitch-single-element {\r\n                                                \r\n                    }\r\n        }\r\n\r\n        @media (max-width: 767px) {\r\n\r\n        #ut-element-glitch-69eaa120f32d6626169249-391 .ut-glitch-single-element {\r\n                                                \r\n                    }\r\n        }\r\n\r\n        \r\n        <\/style>\r\n\r\n        \r\n            <div id=\"ut-element-glitch-69eaa120f32d6626169249-391\" class=\"ut-element-glitch ut-glitch-none ut-element-glitch-permanent\">\r\n                <div class=\"ut-glitch-single-element ut-lozad skip-lazy\" data-background-image=\"https:\/\/coelpla.com.ar\/wp-content\/uploads\/2022\/03\/table-24.png\"><\/div>\r\n                <div class=\"ut-glitch-single-element ut-lozad skip-lazy\" data-background-image=\"https:\/\/coelpla.com.ar\/wp-content\/uploads\/2022\/03\/table-24.png\"><\/div>\r\n                <div class=\"ut-glitch-single-element ut-lozad skip-lazy\" data-background-image=\"https:\/\/coelpla.com.ar\/wp-content\/uploads\/2022\/03\/table-24.png\"><\/div>\r\n                <div class=\"ut-glitch-single-element ut-lozad skip-lazy\" data-background-image=\"https:\/\/coelpla.com.ar\/wp-content\/uploads\/2022\/03\/table-24.png\"><\/div>\r\n                <div class=\"ut-glitch-single-element ut-lozad skip-lazy\" data-background-image=\"https:\/\/coelpla.com.ar\/wp-content\/uploads\/2022\/03\/table-24.png\"><\/div>\r\n            <\/div>\r\n\r\n        <\/div>\r\n\r\n        <img loading=\"lazy\" decoding=\"async\" class=\"ut-lazy skip-lazy ut-animated-image\"  id=\"ut_am_69eaa120f32a4\" src=\"data:image\/svg+xml;charset=utf-8,%3Csvg xmlns%3D'http%3A%2F%2Fwww.w3.org%2F2000%2Fsvg' viewBox%3D'0 0 767 195'%2F%3E\" data-src=\"https:\/\/coelpla.com.ar\/wp-content\/uploads\/2022\/03\/table-24.png\" width=\"767\" height=\"195\" alt=\"CABLE UNIPOLAR DE POTENCIA\"\/><\/div><\/a><\/div><\/div><\/div><\/div><\/div><\/div><\/div><div class=\"vc_row-full-width vc_clearfix\"><\/div><a data-id=\"section-without-id\" class=\"ut-vc-offset-anchor-bottom\" name=\"section-without-id\"><\/a><\/section><div class=\"vc_row-full-width vc_clearfix\"><\/div>\n<\/section>","protected":false},"excerpt":{"rendered":"CABLE UNIPOLAR DE POTENCIA Caracter\u00edsticas Generales Conductor flexible de cobre electrol\u00edtico recocido y aislado con una capa de PVC antillama en color negro, pantalla de cobre electrol\u00edtico y sobre la misma una vaina ajustada de PVC flexible antillama de color negro. Cumplen ampliamente con la norma NM 247 y adicionales, para determinar la resistencia a [...]","protected":false},"author":1,"featured_media":0,"parent":0,"menu_order":0,"comment_status":"closed","ping_status":"closed","template":"","meta":{"_joinchat":[],"footnotes":""},"class_list":["post-385","page","type-page","status-publish","hentry"],"_links":{"self":[{"href":"https:\/\/coelpla.com.ar\/pt\/wp-json\/wp\/v2\/pages\/385","targetHints":{"allow":["GET"]}}],"collection":[{"href":"https:\/\/coelpla.com.ar\/pt\/wp-json\/wp\/v2\/pages"}],"about":[{"href":"https:\/\/coelpla.com.ar\/pt\/wp-json\/wp\/v2\/types\/page"}],"author":[{"embeddable":true,"href":"https:\/\/coelpla.com.ar\/pt\/wp-json\/wp\/v2\/users\/1"}],"replies":[{"embeddable":true,"href":"https:\/\/coelpla.com.ar\/pt\/wp-json\/wp\/v2\/comments?post=385"}],"version-history":[{"count":4,"href":"https:\/\/coelpla.com.ar\/pt\/wp-json\/wp\/v2\/pages\/385\/revisions"}],"predecessor-version":[{"id":392,"href":"https:\/\/coelpla.com.ar\/pt\/wp-json\/wp\/v2\/pages\/385\/revisions\/392"}],"wp:attachment":[{"href":"https:\/\/coelpla.com.ar\/pt\/wp-json\/wp\/v2\/media?parent=385"}],"curies":[{"name":"wp","href":"https:\/\/api.w.org\/{rel}","templated":true}]}}