{"id":373,"date":"2022-03-03T09:33:27","date_gmt":"2022-03-03T12:33:27","guid":{"rendered":"https:\/\/coelpla.com.ar\/?page_id=373"},"modified":"2022-03-03T10:33:04","modified_gmt":"2022-03-03T13:33:04","slug":"conductores-tipo-subterraneo","status":"publish","type":"page","link":"https:\/\/coelpla.com.ar\/pt\/conductores-tipo-subterraneo\/","title":{"rendered":"CONDUTORES TIPO SUBTERR\u00c2NEO"},"content":{"rendered":"<section class=\"wpb-content-wrapper\"><section id=\"ut-section-69eaa4745c3e2\" data-vc-full-width=\"true\" data-vc-full-width-init=\"false\" data-cursor-skin=\"global\" class=\"vc_section ut-vc-120 vc_section-has-no-fill ut-section-69eaa4745c3f8\"><div id=\"ut-row-69eaa4745cd39\" data-vc-full-width=\"true\" data-vc-full-width-init=\"false\" class=\"vc_row wpb_row vc_row-fluid vc_column-gap-0 ut-row-69eaa4745cd4a\" ><div class=\"wpb_column vc_column_container vc_col-sm-12\" ><div id=\"ut_inner_column_69eaa4745d5a2\" class=\"vc_column-inner\" ><div class=\"wpb_wrapper\"><style type=\"text\/css\">#ut_custom_heading69eaa4745d881 { font-family: \"Raleway\";font-weight:400;font-style:normal; }#ut_custom_heading69eaa4745d881 { font-size:35px !important; }#ut_custom_heading69eaa4745d881 { text-align:left; }@media (min-width: 768px) and (max-width: 1024px) { #ut_custom_heading69eaa4745d881 { text-align:left; } }@media (max-width: 767px) { #ut_custom_heading69eaa4745d881 { text-align:left; } }<\/style><h1 id=\"ut_custom_heading69eaa4745d881\" data-responsive-font=\"h1\" data-responsive-font-settings=\"{&quot;base-font-size&quot;:&quot;global&quot;,&quot;font-size&quot;:{&quot;desktop_large&quot;:&quot;35&quot;},&quot;base-line-height&quot;:&quot;global&quot;,&quot;base-letter-spacing&quot;:&quot;global&quot;}\" class=\"ut-custom-heading-module\" ><span class=\"\" >CONDUTORES TIPO SUBTERR\u00c2NEO<\/span><\/h1><\/div><\/div><\/div><\/div><div class=\"vc_row-full-width vc_clearfix\"><\/div><div id=\"ut-row-69eaa47461e97\" data-vc-full-width=\"true\" data-vc-full-width-init=\"false\" class=\"vc_row wpb_row vc_row-fluid vc_column-gap-0 ut-row-69eaa47461ead\" ><div class=\"wpb_column vc_column_container vc_col-sm-6\" ><div id=\"ut_inner_column_69eaa474625a7\" class=\"vc_column-inner\" ><div class=\"wpb_wrapper\"><div  class=\"wpb_content_element   clearfix\"><style type=\"text\/css\">#ut_am_69eaa47462b3d { opacity: 1; }#ut_am_wrap_69eaa47462b3f .ut-animated-image-zoom::after { background: url(https:\/\/coelpla.com.ar\/wp-content\/uploads\/2022\/03\/7-CONDUCTOR-SUBTERRANEO-500x500-1.png); }#ut_am_wrap_69eaa47462b3f { text-align: center; }@media (min-width: 768px) and (max-width: 1024px) { #ut_am_wrap_69eaa47462b3f { text-align: center !important; } }@media (max-width: 767px) { #ut_am_wrap_69eaa47462b3f { text-align: center !important; } }<\/style><div id=\"ut_am_wrap_69eaa47462b3f\" class=\"ut-image-gallery-image  ut-reveal-fx ut-element-with-block-reveal\"><div id=\"ut_reveal_69eaa47462b40\" data-reveal-bgcolor=\"#000000\" data-reveal-direction=\"lr\" data-reveal-duration=\"750\" data-reveal-delay=\"250\" data-appear-top-offset=\"auto\" class=\"ut-animated-image-item ut-image-gallery-item ut-animation-done ut-reveal-fx-element ut-block-reveal-hide\"><a data-exthumbimage=\"https:\/\/coelpla.com.ar\/wp-content\/uploads\/2022\/03\/7-CONDUCTOR-SUBTERRANEO-500x500-1-200x200.png\" href=\"https:\/\/coelpla.com.ar\/wp-content\/uploads\/2022\/03\/7-CONDUCTOR-SUBTERRANEO-1920x780-1.png\" class=\"ut-vc-images-lightbox ut-wait-for-plugin\" data-title=\"\" data-caption=\"\" data-caption-color=\"\" data-caption-background=\"\" data-force-caption=\"on\"><div class=\"ut-animated-image-zoom\">\r\n        <div class=\"ut-element-glitch-wrap\">\r\n\r\n            \r\n        <style type=\"text\/css\">\r\n\r\n                        \r\n        @media (min-width: 1025px) {\r\n\r\n        #ut-element-glitch-69eaa47463529740155317-377 .ut-glitch-single-element {\r\n                                            \r\n                }\r\n        }\r\n\r\n        @media (min-width: 768px) and (max-width: 1024px) {\r\n\r\n        #ut-element-glitch-69eaa47463529740155317-377 .ut-glitch-single-element {\r\n                                                \r\n                    }\r\n        }\r\n\r\n        @media (max-width: 767px) {\r\n\r\n        #ut-element-glitch-69eaa47463529740155317-377 .ut-glitch-single-element {\r\n                                                \r\n                    }\r\n        }\r\n\r\n        \r\n        <\/style>\r\n\r\n        \r\n            <div id=\"ut-element-glitch-69eaa47463529740155317-377\" class=\"ut-element-glitch ut-glitch-none ut-element-glitch-permanent\">\r\n                <div class=\"ut-glitch-single-element ut-lozad skip-lazy\" data-background-image=\"https:\/\/coelpla.com.ar\/wp-content\/uploads\/2022\/03\/7-CONDUCTOR-SUBTERRANEO-500x500-1.png\"><\/div>\r\n                <div class=\"ut-glitch-single-element ut-lozad skip-lazy\" data-background-image=\"https:\/\/coelpla.com.ar\/wp-content\/uploads\/2022\/03\/7-CONDUCTOR-SUBTERRANEO-500x500-1.png\"><\/div>\r\n                <div class=\"ut-glitch-single-element ut-lozad skip-lazy\" data-background-image=\"https:\/\/coelpla.com.ar\/wp-content\/uploads\/2022\/03\/7-CONDUCTOR-SUBTERRANEO-500x500-1.png\"><\/div>\r\n                <div class=\"ut-glitch-single-element ut-lozad skip-lazy\" data-background-image=\"https:\/\/coelpla.com.ar\/wp-content\/uploads\/2022\/03\/7-CONDUCTOR-SUBTERRANEO-500x500-1.png\"><\/div>\r\n                <div class=\"ut-glitch-single-element ut-lozad skip-lazy\" data-background-image=\"https:\/\/coelpla.com.ar\/wp-content\/uploads\/2022\/03\/7-CONDUCTOR-SUBTERRANEO-500x500-1.png\"><\/div>\r\n            <\/div>\r\n\r\n        <\/div>\r\n\r\n        <img loading=\"lazy\" decoding=\"async\" class=\"ut-lazy skip-lazy ut-animated-image\"  id=\"ut_am_69eaa47462b3d\" src=\"data:image\/svg+xml;charset=utf-8,%3Csvg xmlns%3D'http%3A%2F%2Fwww.w3.org%2F2000%2Fsvg' viewBox%3D'0 0 500 500'%2F%3E\" data-src=\"https:\/\/coelpla.com.ar\/wp-content\/uploads\/2022\/03\/7-CONDUCTOR-SUBTERRANEO-500x500-1.png\" width=\"500\" height=\"500\" alt=\"CONDUCTORES TIPO SUBTERRANEO\"\/><\/div><\/a><\/div><\/div><\/div><\/div><\/div><\/div><div class=\"wpb_column vc_column_container vc_col-sm-6\" ><div id=\"ut_inner_column_69eaa47463945\" class=\"vc_column-inner\" ><div class=\"wpb_wrapper\"><style type=\"text\/css\">#ut_custom_heading69eaa47463a79 { font-family: \"Raleway\";font-weight:500;font-style:normal; }#ut_custom_heading69eaa47463a79 { font-size:20px !important; }#ut_custom_heading69eaa47463a79 { text-align:left; }@media (min-width: 768px) and (max-width: 1024px) { #ut_custom_heading69eaa47463a79 { text-align:left; } }@media (max-width: 767px) { #ut_custom_heading69eaa47463a79 { text-align:left; } }#ut_custom_heading69eaa47463a79 span { border-left-style:solid;border-left-color:#fe8b54;border-left-width:5px;padding-left:10px;display:inline-block; }<\/style><h3 id=\"ut_custom_heading69eaa47463a79\" data-responsive-font=\"h3\" data-responsive-font-settings=\"{&quot;base-font-size&quot;:&quot;global&quot;,&quot;font-size&quot;:{&quot;desktop_large&quot;:&quot;20&quot;},&quot;base-line-height&quot;:&quot;global&quot;,&quot;base-letter-spacing&quot;:&quot;global&quot;}\" class=\"ut-custom-heading-module\" ><span class=\"\" >Caracter\u00edsticas Gerais<br \/>\n<\/span><\/h3><style type=\"text\/css\">#ut_custom_heading69eaa47463b12 { font-size:14px !important;line-height:28px !important; }#ut_custom_heading69eaa47463b12 { text-align:left; }@media (min-width: 768px) and (max-width: 1024px) { #ut_custom_heading69eaa47463b12 { text-align:left; } }@media (max-width: 767px) { #ut_custom_heading69eaa47463b12 { text-align:left; } }<\/style><p id=\"ut_custom_heading69eaa47463b12\" data-responsive-font=\"p\" data-responsive-font-settings=\"{&quot;base-font-size&quot;:&quot;global&quot;,&quot;font-size&quot;:{&quot;desktop_large&quot;:&quot;14&quot;},&quot;base-line-height&quot;:&quot;global&quot;,&quot;line-height&quot;:{&quot;desktop_large&quot;:&quot;28&quot;},&quot;base-letter-spacing&quot;:&quot;global&quot;}\" class=\"ut-custom-heading-module\" ><span class=\"\" >Condutor de cobre eletrol\u00edtico t\u00eampera, unipolar, bipolar, tripolar, tetrapolar ou multipolar, de acordo com a constru\u00e7\u00e3o. <br \/>Forma\u00e7\u00e3o: Flex\u00edvel ou compacta, de se\u00e7\u00e3o circular. <br \/>Isolados individualmente com PVC antichama e retorcidos m\u00faltiplos entre si, de maneira a alcan\u00e7ar um n\u00facleo cil\u00edndrico e, quando necess\u00e1rio, s\u00e3o adicionados recheios de material n\u00e3o hidrosc\u00f3pico. <br \/>Uma bainha cont\u00ednua final e ajustada de PVC, na cor azul celeste ou violeta, protege o isolamento do cabo. Responde a norma IRAM 2178-2268 e, de acordo com o seu isolamento, pertencem \u00e0 categoria 1000 II.<\/span><\/p><style type=\"text\/css\">#ut_custom_heading69eaa47463ba6 { font-family: \"Raleway\";font-weight:500;font-style:normal; }#ut_custom_heading69eaa47463ba6 { font-size:20px !important; }#ut_custom_heading69eaa47463ba6 { text-align:left; }@media (min-width: 768px) and (max-width: 1024px) { #ut_custom_heading69eaa47463ba6 { text-align:left; } }@media (max-width: 767px) { #ut_custom_heading69eaa47463ba6 { text-align:left; } }#ut_custom_heading69eaa47463ba6 span { border-left-style:solid;border-left-color:#fe8b54;border-left-width:5px;padding-left:10px;display:inline-block; }<\/style><h3 id=\"ut_custom_heading69eaa47463ba6\" data-responsive-font=\"h3\" data-responsive-font-settings=\"{&quot;base-font-size&quot;:&quot;global&quot;,&quot;font-size&quot;:{&quot;desktop_large&quot;:&quot;20&quot;},&quot;base-line-height&quot;:&quot;global&quot;,&quot;base-letter-spacing&quot;:&quot;global&quot;}\" class=\"ut-custom-heading-module\" ><span class=\"\" >Identifica\u00e7\u00e3o<\/span><\/h3><style type=\"text\/css\">#ut_custom_heading69eaa47463c20 { font-size:14px !important;line-height:28px !important; }#ut_custom_heading69eaa47463c20 { text-align:left; }@media (min-width: 768px) and (max-width: 1024px) { #ut_custom_heading69eaa47463c20 { text-align:left; } }@media (max-width: 767px) { #ut_custom_heading69eaa47463c20 { text-align:left; } }<\/style><p id=\"ut_custom_heading69eaa47463c20\" data-responsive-font=\"p\" data-responsive-font-settings=\"{&quot;base-font-size&quot;:&quot;global&quot;,&quot;font-size&quot;:{&quot;desktop_large&quot;:&quot;14&quot;},&quot;base-line-height&quot;:&quot;global&quot;,&quot;line-height&quot;:{&quot;desktop_large&quot;:&quot;28&quot;},&quot;base-letter-spacing&quot;:&quot;global&quot;}\" class=\"ut-custom-heading-module\" ><span class=\"\" >Na constru\u00e7\u00e3o dos cabos bipolares as cores de cada motorista s\u00e3o: marrom e preto. <br \/>Tripolares: marrom, preto e vermelho. <br \/>Tetrapolares: marrom, preto, vermelho e azul-celeste. <br \/>Na bainha final leva a marca COELPLA e a norma IRAM 2178 na forma indel\u00e9vel.<\/span><\/p><style type=\"text\/css\">#ut_custom_heading69eaa47463cac { font-family: \"Raleway\";font-weight:500;font-style:normal; }#ut_custom_heading69eaa47463cac { font-size:20px !important; }#ut_custom_heading69eaa47463cac { text-align:left; }@media (min-width: 768px) and (max-width: 1024px) { #ut_custom_heading69eaa47463cac { text-align:left; } }@media (max-width: 767px) { #ut_custom_heading69eaa47463cac { text-align:left; } }#ut_custom_heading69eaa47463cac span { border-left-style:solid;border-left-color:#fe8b54;border-left-width:5px;padding-left:10px;display:inline-block; }<\/style><h3 id=\"ut_custom_heading69eaa47463cac\" data-responsive-font=\"h3\" data-responsive-font-settings=\"{&quot;base-font-size&quot;:&quot;global&quot;,&quot;font-size&quot;:{&quot;desktop_large&quot;:&quot;20&quot;},&quot;base-line-height&quot;:&quot;global&quot;,&quot;base-letter-spacing&quot;:&quot;global&quot;}\" class=\"ut-custom-heading-module\" ><span class=\"\" >Utiliza\u00e7\u00f5es<\/span><\/h3><style type=\"text\/css\">#ut_custom_heading69eaa47463d14 { font-size:14px !important;line-height:28px !important; }#ut_custom_heading69eaa47463d14 { text-align:left; }@media (min-width: 768px) and (max-width: 1024px) { #ut_custom_heading69eaa47463d14 { text-align:left; } }@media (max-width: 767px) { #ut_custom_heading69eaa47463d14 { text-align:left; } }<\/style><p id=\"ut_custom_heading69eaa47463d14\" data-responsive-font=\"p\" data-responsive-font-settings=\"{&quot;base-font-size&quot;:&quot;global&quot;,&quot;font-size&quot;:{&quot;desktop_large&quot;:&quot;14&quot;},&quot;base-line-height&quot;:&quot;global&quot;,&quot;line-height&quot;:{&quot;desktop_large&quot;:&quot;28&quot;},&quot;base-letter-spacing&quot;:&quot;global&quot;}\" class=\"ut-custom-heading-module\" ><span class=\"\" >Para instala\u00e7\u00f5es em edif\u00edcios ou estabelecimentos industriais, a c\u00e9u aberto ou subterr\u00e2neas.<\/p>\n<p><\/span><\/p><style type=\"text\/css\">#ut_custom_heading69eaa47463d9b { font-family: \"Raleway\";font-weight:500;font-style:normal; }#ut_custom_heading69eaa47463d9b { font-size:20px !important; }#ut_custom_heading69eaa47463d9b { text-align:left; }@media (min-width: 768px) and (max-width: 1024px) { #ut_custom_heading69eaa47463d9b { text-align:left; } }@media (max-width: 767px) { #ut_custom_heading69eaa47463d9b { text-align:left; } }#ut_custom_heading69eaa47463d9b span { border-left-style:solid;border-left-color:#fe8b54;border-left-width:5px;padding-left:10px;display:inline-block; }<\/style><h3 id=\"ut_custom_heading69eaa47463d9b\" data-responsive-font=\"h3\" data-responsive-font-settings=\"{&quot;base-font-size&quot;:&quot;global&quot;,&quot;font-size&quot;:{&quot;desktop_large&quot;:&quot;20&quot;},&quot;base-line-height&quot;:&quot;global&quot;,&quot;base-letter-spacing&quot;:&quot;global&quot;}\" class=\"ut-custom-heading-module\" ><span class=\"\" >Acondicionamento<\/span><\/h3><style type=\"text\/css\">#ut_custom_heading69eaa47463e01 { font-size:14px !important;line-height:28px !important; }#ut_custom_heading69eaa47463e01 { text-align:left; }@media (min-width: 768px) and (max-width: 1024px) { #ut_custom_heading69eaa47463e01 { text-align:left; } }@media (max-width: 767px) { #ut_custom_heading69eaa47463e01 { text-align:left; } }<\/style><p id=\"ut_custom_heading69eaa47463e01\" data-responsive-font=\"p\" data-responsive-font-settings=\"{&quot;base-font-size&quot;:&quot;global&quot;,&quot;font-size&quot;:{&quot;desktop_large&quot;:&quot;14&quot;},&quot;base-line-height&quot;:&quot;global&quot;,&quot;line-height&quot;:{&quot;desktop_large&quot;:&quot;28&quot;},&quot;base-letter-spacing&quot;:&quot;global&quot;}\" class=\"ut-custom-heading-module\" ><span class=\"\" >Em bobinas.<\/span><\/p><\/div><\/div><\/div><\/div><div class=\"vc_row-full-width vc_clearfix\"><\/div><div id=\"ut-row-69eaa47464634\" data-vc-full-width=\"true\" data-vc-full-width-init=\"false\" class=\"vc_row wpb_row vc_row-fluid vc_column-gap-0 ut-row-69eaa47464643\" ><div class=\"wpb_column vc_column_container vc_col-sm-12\" ><div id=\"ut_inner_column_69eaa47464cd0\" class=\"vc_column-inner\" ><div class=\"wpb_wrapper\"><div class=\"vc_empty_space\"   style=\"height: 40px\"><span class=\"vc_empty_space_inner\"><\/span><\/div><div  class=\"wpb_content_element   clearfix\"><style type=\"text\/css\">#ut_am_69eaa4746531c { opacity: 1; }#ut_am_wrap_69eaa4746531d { text-align: center; }@media (min-width: 768px) and (max-width: 1024px) { #ut_am_wrap_69eaa4746531d { text-align: center !important; } }@media (max-width: 767px) { #ut_am_wrap_69eaa4746531d { text-align: center !important; } }<\/style><div id=\"ut_am_wrap_69eaa4746531d\" class=\"ut-image-gallery-image  ut-reveal-fx ut-element-with-block-reveal\"><div id=\"ut_reveal_69eaa4746531e\" data-reveal-bgcolor=\"#000000\" data-reveal-direction=\"lr\" data-reveal-duration=\"750\" data-reveal-delay=\"250\" data-appear-top-offset=\"auto\" class=\"ut-animated-image-item ut-image-gallery-item ut-animation-done ut-reveal-fx-element ut-block-reveal-hide\"><a class=\"ut-deactivated-link\" href=\"#\"><div class=\"ut-animated-image-zoom\">\r\n        <div class=\"ut-element-glitch-wrap\">\r\n\r\n            \r\n        <style type=\"text\/css\">\r\n\r\n                        \r\n        @media (min-width: 1025px) {\r\n\r\n        #ut-element-glitch-69eaa4746538b857019708-382 .ut-glitch-single-element {\r\n                                            \r\n                }\r\n        }\r\n\r\n        @media (min-width: 768px) and (max-width: 1024px) {\r\n\r\n        #ut-element-glitch-69eaa4746538b857019708-382 .ut-glitch-single-element {\r\n                                                \r\n                    }\r\n        }\r\n\r\n        @media (max-width: 767px) {\r\n\r\n        #ut-element-glitch-69eaa4746538b857019708-382 .ut-glitch-single-element {\r\n                                                \r\n                    }\r\n        }\r\n\r\n        \r\n        <\/style>\r\n\r\n        \r\n            <div id=\"ut-element-glitch-69eaa4746538b857019708-382\" class=\"ut-element-glitch ut-glitch-none ut-element-glitch-permanent\">\r\n                <div class=\"ut-glitch-single-element ut-lozad skip-lazy\" data-background-image=\"https:\/\/coelpla.com.ar\/wp-content\/uploads\/2022\/03\/table-23.png\"><\/div>\r\n                <div class=\"ut-glitch-single-element ut-lozad skip-lazy\" data-background-image=\"https:\/\/coelpla.com.ar\/wp-content\/uploads\/2022\/03\/table-23.png\"><\/div>\r\n                <div class=\"ut-glitch-single-element ut-lozad skip-lazy\" data-background-image=\"https:\/\/coelpla.com.ar\/wp-content\/uploads\/2022\/03\/table-23.png\"><\/div>\r\n                <div class=\"ut-glitch-single-element ut-lozad skip-lazy\" data-background-image=\"https:\/\/coelpla.com.ar\/wp-content\/uploads\/2022\/03\/table-23.png\"><\/div>\r\n                <div class=\"ut-glitch-single-element ut-lozad skip-lazy\" data-background-image=\"https:\/\/coelpla.com.ar\/wp-content\/uploads\/2022\/03\/table-23.png\"><\/div>\r\n            <\/div>\r\n\r\n        <\/div>\r\n\r\n        <img loading=\"lazy\" decoding=\"async\" class=\"ut-lazy skip-lazy ut-animated-image\"  id=\"ut_am_69eaa4746531c\" src=\"data:image\/svg+xml;charset=utf-8,%3Csvg xmlns%3D'http%3A%2F%2Fwww.w3.org%2F2000%2Fsvg' viewBox%3D'0 0 765 457'%2F%3E\" data-src=\"https:\/\/coelpla.com.ar\/wp-content\/uploads\/2022\/03\/table-23.png\" width=\"765\" height=\"457\" alt=\"CONDUCTORES TIPO SUBTERR\u00c1NEO\"\/><\/div><\/a><\/div><\/div><\/div><\/div><\/div><\/div><\/div><div class=\"vc_row-full-width vc_clearfix\"><\/div><a data-id=\"section-without-id\" class=\"ut-vc-offset-anchor-bottom\" name=\"section-without-id\"><\/a><\/section><div class=\"vc_row-full-width vc_clearfix\"><\/div>\n<\/section>","protected":false},"excerpt":{"rendered":"CONDUCTORES TIPO SUBTERR\u00c1NEO Caracter\u00edsticas Generales Conductor de cobre electrol\u00edtico recocido, unipolar, bipolar, tripolar, tetrapolar o multipolar, seg\u00fan construcci\u00f3n. Formaci\u00f3n: Flexible o compacta, de secci\u00f3n circular. Aislados individualmente con PVC antillama y cableados entre s\u00ed, de manera de lograr un n\u00facleo cil\u00edndrico y cuando fuera necesario, se agregan rellenos de material no hidrosc\u00f3pico. Una vaina final [...]","protected":false},"author":1,"featured_media":0,"parent":0,"menu_order":0,"comment_status":"closed","ping_status":"closed","template":"","meta":{"_joinchat":[],"footnotes":""},"class_list":["post-373","page","type-page","status-publish","hentry"],"_links":{"self":[{"href":"https:\/\/coelpla.com.ar\/pt\/wp-json\/wp\/v2\/pages\/373","targetHints":{"allow":["GET"]}}],"collection":[{"href":"https:\/\/coelpla.com.ar\/pt\/wp-json\/wp\/v2\/pages"}],"about":[{"href":"https:\/\/coelpla.com.ar\/pt\/wp-json\/wp\/v2\/types\/page"}],"author":[{"embeddable":true,"href":"https:\/\/coelpla.com.ar\/pt\/wp-json\/wp\/v2\/users\/1"}],"replies":[{"embeddable":true,"href":"https:\/\/coelpla.com.ar\/pt\/wp-json\/wp\/v2\/comments?post=373"}],"version-history":[{"count":6,"href":"https:\/\/coelpla.com.ar\/pt\/wp-json\/wp\/v2\/pages\/373\/revisions"}],"predecessor-version":[{"id":383,"href":"https:\/\/coelpla.com.ar\/pt\/wp-json\/wp\/v2\/pages\/373\/revisions\/383"}],"wp:attachment":[{"href":"https:\/\/coelpla.com.ar\/pt\/wp-json\/wp\/v2\/media?parent=373"}],"curies":[{"name":"wp","href":"https:\/\/api.w.org\/{rel}","templated":true}]}}