{"id":37,"date":"2022-02-14T17:08:06","date_gmt":"2022-02-14T20:08:06","guid":{"rendered":"https:\/\/coelpla.com.ar\/?page_id=37"},"modified":"2022-03-03T12:31:22","modified_gmt":"2022-03-03T15:31:22","slug":"productos","status":"publish","type":"page","link":"https:\/\/coelpla.com.ar\/pt\/productos\/","title":{"rendered":"Produtos"},"content":{"rendered":"<section class=\"wpb-content-wrapper\"><section id=\"ut-section-69ea75faeff27\" data-vc-full-width=\"true\" data-vc-full-width-init=\"false\" data-cursor-skin=\"global\" class=\"vc_section ut-vc-120 vc_section-has-no-fill ut-section-69ea75faeff3a\"><div id=\"ut-row-69ea75faf07dc\" data-vc-full-width=\"true\" data-vc-full-width-init=\"false\" class=\"vc_row wpb_row vc_row-fluid vc_column-gap-0 ut-row-69ea75faf07eb\" ><div class=\"wpb_column vc_column_container vc_col-sm-12\" ><div id=\"ut_inner_column_69ea75faf10d1\" class=\"vc_column-inner\" ><div class=\"wpb_wrapper\"><style type=\"text\/css\">#ut_custom_heading69ea75faf1572 { font-family: \"Raleway\";font-weight:400;font-style:normal; }#ut_custom_heading69ea75faf1572 { font-size:45px !important; }#ut_custom_heading69ea75faf1572 { text-align:left; }@media (min-width: 768px) and (max-width: 1024px) { #ut_custom_heading69ea75faf1572 { text-align:left; } }@media (max-width: 767px) { #ut_custom_heading69ea75faf1572 { text-align:left; } }<\/style><h1 id=\"ut_custom_heading69ea75faf1572\" data-responsive-font=\"h1\" data-responsive-font-settings=\"{&quot;base-font-size&quot;:&quot;45&quot;,&quot;font-size&quot;:{&quot;desktop_large&quot;:&quot;45&quot;},&quot;base-line-height&quot;:&quot;global&quot;,&quot;base-letter-spacing&quot;:&quot;global&quot;}\" class=\"ut-custom-heading-module\" ><span class=\"\" >Cat\u00e1logo de Produtos<\/span><\/h1><style type=\"text\/css\">#ut_custom_heading69ea75fb02728 { font-family: \"Raleway\";font-weight:400;font-style:normal; }#ut_custom_heading69ea75fb02728 { font-size:18px !important; }#ut_custom_heading69ea75fb02728 { text-align:left; }@media (min-width: 768px) and (max-width: 1024px) { #ut_custom_heading69ea75fb02728 { text-align:left; } }@media (max-width: 767px) { #ut_custom_heading69ea75fb02728 { text-align:left; } }<\/style><h4 id=\"ut_custom_heading69ea75fb02728\" data-responsive-font=\"h4\" data-responsive-font-settings=\"{&quot;base-font-size&quot;:&quot;global&quot;,&quot;font-size&quot;:{&quot;desktop_large&quot;:&quot;18&quot;},&quot;base-line-height&quot;:&quot;global&quot;,&quot;base-letter-spacing&quot;:&quot;global&quot;}\" class=\"ut-custom-heading-module\" ><span class=\"\" >COELPLA desenvolveu uma crescente linha de condutores el\u00e9tricos que permitem oferecer um servi\u00e7o perfeito para amplos setores do mercado, convidamos voc\u00ea a conhecer nossos produtos.<\/span><\/h4><div id=\"ut-row-inner-69ea75fb02ada\" class=\"vc_row wpb_row vc_inner vc_row-fluid ut-row-inner-69ea75fb02af2\" ><div  class=\"wpb_column vc_column_container vc_col-sm-1\/5\"><div id=\"ut-column-inner-69ea75fb03171\" class=\"vc_column-inner vc_column-inner-nested\"><div class=\"wpb_wrapper\">\n\t<div class=\"wpb_raw_code wpb_content_element wpb_raw_html\" >\n\t\t<div class=\"wpb_wrapper\">\n\t\t\t<a href=\"https:\/\/coelpla.com.ar\/pt\/cable-viajero-comando-ascensor-redondo-flexible-centro-de-yute\/\"><article><img decoding=\"async\" src=\"https:\/\/coelpla.com.ar\/wp-content\/uploads\/2022\/02\/id1.png\" alt=\"CABLE-VIAJERO-COMANDO-ASCENSOR-REDONDO-FLEXIBLE-CENTRO-DE-YUTE\">\n<p>CABO VIAJANTE COMANDO ELEVADOR REDONDO FLEX\u00cdVEL CENTRO DE JUTA<\/p><\/article><\/a>\n\t\t<\/div>\n\t<\/div>\n<\/div><\/div><\/div><div  class=\"wpb_column vc_column_container vc_col-sm-1\/5\"><div id=\"ut-column-inner-69ea75fb03661\" class=\"vc_column-inner vc_column-inner-nested\"><div class=\"wpb_wrapper\">\n\t<div class=\"wpb_raw_code wpb_content_element wpb_raw_html\" >\n\t\t<div class=\"wpb_wrapper\">\n\t\t\t<a href=\"https:\/\/coelpla.com.ar\/pt\/cable-comando-selector\/\"><article><img decoding=\"async\" src=\"https:\/\/coelpla.com.ar\/wp-content\/uploads\/2022\/02\/id2.png\" alt=\"Cable Comando Selector\">\n<p>CABO COMANDO SELETOR<\/p><\/article><\/a>\n\t\t<\/div>\n\t<\/div>\n<\/div><\/div><\/div><div  class=\"wpb_column vc_column_container vc_col-sm-1\/5\"><div id=\"ut-column-inner-69ea75fb03ab8\" class=\"vc_column-inner vc_column-inner-nested\"><div class=\"wpb_wrapper\">\n\t<div class=\"wpb_raw_code wpb_content_element wpb_raw_html\" >\n\t\t<div class=\"wpb_wrapper\">\n\t\t\t<a href=\"https:\/\/coelpla.com.ar\/pt\/cable-viajero-comando-ascensor-redondo-flexible-con-alma-de-acero\/\"><article><img decoding=\"async\" src=\"https:\/\/coelpla.com.ar\/wp-content\/uploads\/2022\/02\/id3.png\" alt=\"CABLE VIAJERO-COMANDO ASCENSOR REDONDO FLEXIBLE CON ALMA DE ACERO\">\n<p>CABO VIAJANTE-COMANDO ELEVADOR REDONDO FLEX\u00cdVEL COM ALMA DE A\u00c7O<\/p><\/article><\/a>\n\t\t<\/div>\n\t<\/div>\n<\/div><\/div><\/div><div  class=\"wpb_column vc_column_container vc_col-sm-1\/5\"><div id=\"ut-column-inner-69ea75fb03ed3\" class=\"vc_column-inner vc_column-inner-nested\"><div class=\"wpb_wrapper\">\n\t<div class=\"wpb_raw_code wpb_content_element wpb_raw_html\" >\n\t\t<div class=\"wpb_wrapper\">\n\t\t\t<a href=\"https:\/\/coelpla.com.ar\/pt\/cable-viajero-comando-ascensor-plano\/\"><article><img decoding=\"async\" src=\"https:\/\/coelpla.com.ar\/wp-content\/uploads\/2022\/02\/id4.png\" alt=\"CABLE VIAJERO-COMANDO ASCENSOR PLANO\">\n<p>CABO VIAJANTE-COMANDO ELEVADOR PLANO<\/p><\/article><\/a>\n\t\t<\/div>\n\t<\/div>\n<\/div><\/div><\/div><div  class=\"wpb_column vc_column_container vc_col-sm-1\/5\"><div id=\"ut-column-inner-69ea75fb04338\" class=\"vc_column-inner vc_column-inner-nested\"><div class=\"wpb_wrapper\">\n\t<div class=\"wpb_raw_code wpb_content_element wpb_raw_html\" >\n\t\t<div class=\"wpb_wrapper\">\n\t\t\t<a href=\"https:\/\/coelpla.com.ar\/pt\/cable-comando-viajero-plano-simple-cobertura\/\"><article><img decoding=\"async\" src=\"https:\/\/coelpla.com.ar\/wp-content\/uploads\/2022\/02\/id5.png\" alt=\"CABLE COMANDO VIAJERO PLANO SIMPLE COBERTURA\">\n<p>CABO COMANDO VIAJANTE PLANO SIMPLES COBERTURA<\/p><\/article><\/a>\n\t\t<\/div>\n\t<\/div>\n<\/div><\/div><\/div><\/div><div id=\"ut-row-inner-69ea75fb047e9\" class=\"vc_row wpb_row vc_inner vc_row-fluid ut-row-inner-69ea75fb047fa\" ><div  class=\"wpb_column vc_column_container vc_col-sm-1\/5\"><div id=\"ut-column-inner-69ea75fb04b35\" class=\"vc_column-inner vc_column-inner-nested\"><div class=\"wpb_wrapper\">\n\t<div class=\"wpb_raw_code wpb_content_element wpb_raw_html\" >\n\t\t<div class=\"wpb_wrapper\">\n\t\t\t<a href=\"https:\/\/coelpla.com.ar\/pt\/cable-viajero-comando-ascensor-plano-con-soporte-de-acero\/\"><article><img decoding=\"async\" src=\"https:\/\/coelpla.com.ar\/wp-content\/uploads\/2022\/02\/id6.png\" alt=\"CABLE VIAJERO-COMANDO ASCENSOR PLANO CON SOPORTE DE ACERO\">\n<p>CABO VIAJANTE-COMANDO ELEVADOR PLANO COM SUPORTE DE A\u00c7O<\/p><\/article><\/a>\n\t\t<\/div>\n\t<\/div>\n<\/div><\/div><\/div><div  class=\"wpb_column vc_column_container vc_col-sm-1\/5\"><div id=\"ut-column-inner-69ea75fb04f8e\" class=\"vc_column-inner vc_column-inner-nested\"><div class=\"wpb_wrapper\">\n\t<div class=\"wpb_raw_code wpb_content_element wpb_raw_html\" >\n\t\t<div class=\"wpb_wrapper\">\n\t\t\t<a href=\"https:\/\/coelpla.com.ar\/pt\/cable-viajero-plano-combinado-cables-para-comando-energia-pares-blindados-y-coaxil\/\"><article><img decoding=\"async\" src=\"https:\/\/coelpla.com.ar\/wp-content\/uploads\/2022\/02\/id7.png\" alt=\"CABLE VIAJERO-PLANO COMBINADO. CABLES PARA COMANDO, ENERG\u00cdA, PARES BLINDADOS Y COAXIL.\">\n<p>CABO VIAJANTE-PLANO COMBINADO. CABOS DE COMANDO, ENERGIA, PARES BLINDADOS E CO-AXIAL.<\/p><\/article><\/a>\n\t\t<\/div>\n\t<\/div>\n<\/div><\/div><\/div><div  class=\"wpb_column vc_column_container vc_col-sm-1\/5\"><div id=\"ut-column-inner-69ea75fb053ce\" class=\"vc_column-inner vc_column-inner-nested\"><div class=\"wpb_wrapper\">\n\t<div class=\"wpb_raw_code wpb_content_element wpb_raw_html\" >\n\t\t<div class=\"wpb_wrapper\">\n\t\t\t<a href=\"https:\/\/coelpla.com.ar\/pt\/cable-viajero-redondo-combinado-cables-para-comando-energia-pares-blindados-y-coaxil\/\"><article><img decoding=\"async\" src=\"https:\/\/coelpla.com.ar\/wp-content\/uploads\/2022\/02\/id8.png\" alt=\"CABLE VIAJERO-REDONDO COMBINADO. CABLES PARA COMANDO, ENERG\u00cdA, PARES BLINDADOS Y COAXIL.\">\n<p>CABO VIAJANTE-REDONDA ORGANIZADA. CABOS DE COMANDO, ENERGIA, PARES BLINDADOS E CO-AXIAL.<\/p><\/article><\/a>\n\t\t<\/div>\n\t<\/div>\n<\/div><\/div><\/div><div  class=\"wpb_column vc_column_container vc_col-sm-1\/5\"><div id=\"ut-column-inner-69ea75fb05bd6\" class=\"vc_column-inner vc_column-inner-nested\"><div class=\"wpb_wrapper\">\n\t<div class=\"wpb_raw_code wpb_content_element wpb_raw_html\" >\n\t\t<div class=\"wpb_wrapper\">\n\t\t\t<a href=\"https:\/\/coelpla.com.ar\/pt\/cable-viajero-plano-multipolar\/\"><article><img decoding=\"async\" src=\"https:\/\/coelpla.com.ar\/wp-content\/uploads\/2022\/02\/id9.png\" alt=\"CABLE VIAJERO PLANO MULTIPOLAR\">\n<p>CABO VIAJANTE PLANO MULTIPOLAR<\/p><\/article><\/a>\n\t\t<\/div>\n\t<\/div>\n<\/div><\/div><\/div><div  class=\"wpb_column vc_column_container vc_col-sm-1\/5\"><div id=\"ut-column-inner-69ea75fb06052\" class=\"vc_column-inner vc_column-inner-nested\"><div class=\"wpb_wrapper\">\n\t<div class=\"wpb_raw_code wpb_content_element wpb_raw_html\" >\n\t\t<div class=\"wpb_wrapper\">\n\t\t\t<a href=\"https:\/\/coelpla.com.ar\/pt\/cable-viajero-comando-ascensor-plano-libre-de-halogenos\/\"><article><img decoding=\"async\" src=\"https:\/\/coelpla.com.ar\/wp-content\/uploads\/2022\/02\/id10.png\" alt=\"CABLE VIAJERO-COMANDO ASCENSOR PLANO LIBRE DE HALOGENOS\">\n<p>CABO VIAJANTE-COMANDO ELEVADOR PLANO LIVRE DE HALOG\u00caNIOS<\/p><\/article><\/a>\n\t\t<\/div>\n\t<\/div>\n<\/div><\/div><\/div><\/div><div id=\"ut-row-inner-69ea75fb06449\" class=\"vc_row wpb_row vc_inner vc_row-fluid ut-row-inner-69ea75fb0645a\" ><div  class=\"wpb_column vc_column_container vc_col-sm-1\/5\"><div id=\"ut-column-inner-69ea75fb06726\" class=\"vc_column-inner vc_column-inner-nested\"><div class=\"wpb_wrapper\">\n\t<div class=\"wpb_raw_code wpb_content_element wpb_raw_html\" >\n\t\t<div class=\"wpb_wrapper\">\n\t\t\t<a href=\"https:\/\/coelpla.com.ar\/pt\/cable-viajero-comando-ascensor-redondo-flexible-con-alma-de-acero-yute-libre-de-halogenos\/\"><article><img decoding=\"async\" src=\"https:\/\/coelpla.com.ar\/wp-content\/uploads\/2022\/02\/id11.png\" alt=\"CABLE VIAJERO-COMANDO ASCENSOR REDONDO FLEXIBLE CON ALMA DE ACERO\/YUTE - LIBRE DE HALOGENOS\">\n<p>CABO VIAJANTE-COMANDO ELEVADOR REDONDO FLEX\u00cdVEL COM ALMA DE A\u00c7O\/JUTA - LIVRE DE HALOG\u00caNIOS<\/p><\/article><\/a>\n\t\t<\/div>\n\t<\/div>\n<\/div><\/div><\/div><div  class=\"wpb_column vc_column_container vc_col-sm-1\/5\"><div id=\"ut-column-inner-69ea75fb06b47\" class=\"vc_column-inner vc_column-inner-nested\"><div class=\"wpb_wrapper\">\n\t<div class=\"wpb_raw_code wpb_content_element wpb_raw_html\" >\n\t\t<div class=\"wpb_wrapper\">\n\t\t\t<a href=\"https:\/\/coelpla.com.ar\/pt\/cable-comando-botonera-para-puentes-grua-con-soporte-de-acero\/\"><article><img decoding=\"async\" src=\"https:\/\/coelpla.com.ar\/wp-content\/uploads\/2022\/02\/id12.png\" alt=\"CABLE COMANDO BOTONERA PARA PUENTES GR\u00daA CON SOPORTE DE ACERO.\">\n<p>CABLE COMANDO BOTONERA PARA PUENTES GR\u00daA CON SOPORTE DE ACERO.<\/p><\/article><\/a>\n\t\t<\/div>\n\t<\/div>\n<\/div><\/div><\/div><div  class=\"wpb_column vc_column_container vc_col-sm-1\/5\"><div id=\"ut-column-inner-69ea75fb06f53\" class=\"vc_column-inner vc_column-inner-nested\"><div class=\"wpb_wrapper\">\n\t<div class=\"wpb_raw_code wpb_content_element wpb_raw_html\" >\n\t\t<div class=\"wpb_wrapper\">\n\t\t\t<a href=\"https:\/\/coelpla.com.ar\/pt\/cable-plano-para-puentes-grua\/\"><article><img decoding=\"async\" src=\"https:\/\/coelpla.com.ar\/wp-content\/uploads\/2022\/02\/id13.png\" alt=\"CABLE PLANO PARA PUENTES GR\u00daA\">\n<p>CABO PLANO PARA PONTES ROLANTES<\/p><\/article><\/a>\n\t\t<\/div>\n\t<\/div>\n<\/div><\/div><\/div><div  class=\"wpb_column vc_column_container vc_col-sm-1\/5\"><div id=\"ut-column-inner-69ea75fb073f9\" class=\"vc_column-inner vc_column-inner-nested\"><div class=\"wpb_wrapper\">\n\t<div class=\"wpb_raw_code wpb_content_element wpb_raw_html\" >\n\t\t<div class=\"wpb_wrapper\">\n\t\t\t<a href=\"https:\/\/coelpla.com.ar\/pt\/cadena-de-compensacion\/\"><article><img decoding=\"async\" src=\"https:\/\/coelpla.com.ar\/wp-content\/uploads\/2022\/02\/id14.png\" alt=\"CADENA DE COMPENSACI\u00d3N\">\n<p>CADEIA DE COMPENSA\u00c7\u00c3O<\/p><\/article><\/a>\n\t\t<\/div>\n\t<\/div>\n<\/div><\/div><\/div><div  class=\"wpb_column vc_column_container vc_col-sm-1\/5\"><div id=\"ut-column-inner-69ea75fb0780c\" class=\"vc_column-inner vc_column-inner-nested\"><div class=\"wpb_wrapper\">\n\t<div class=\"wpb_raw_code wpb_content_element wpb_raw_html\" >\n\t\t<div class=\"wpb_wrapper\">\n\t\t\t<a href=\"https:\/\/coelpla.com.ar\/pt\/guia-de-rodillos-para-cadena-de-compensacion\/\"><article><img decoding=\"async\" src=\"https:\/\/coelpla.com.ar\/wp-content\/uploads\/2022\/02\/id15.png\" alt=\"GUIA DE RODILLOS PARA CADENA DE COMPENSACI\u00d3N\">\n<p>GUIA DE ROLOS PARA CADEIA DE COMPENSA\u00c7\u00c3O<\/p><\/article><\/a>\n\t\t<\/div>\n\t<\/div>\n<\/div><\/div><\/div><\/div><div id=\"ut-row-inner-69ea75fb07c00\" class=\"vc_row wpb_row vc_inner vc_row-fluid ut-row-inner-69ea75fb07c10\" ><div  class=\"wpb_column vc_column_container vc_col-sm-1\/5\"><div id=\"ut-column-inner-69ea75fb07f09\" class=\"vc_column-inner vc_column-inner-nested\"><div class=\"wpb_wrapper\">\n\t<div class=\"wpb_raw_code wpb_content_element wpb_raw_html\" >\n\t\t<div class=\"wpb_wrapper\">\n\t\t\t<a href=\"https:\/\/coelpla.com.ar\/pt\/amarre-para-cadena-de-compensacion-y-cables-comando-redondos\/\"><article><img decoding=\"async\" src=\"https:\/\/coelpla.com.ar\/wp-content\/uploads\/2022\/02\/id16.png\" alt=\"AMARRE PARA CADENA DE COMPENSACI\u00d3N Y CABLES COMANDO REDONDOS\">\n<p>AMARRA\u00c7\u00c3O PARA CADEIA DE COMPENSA\u00c7\u00c3O E CABOS DE COMANDO REDONDOS<\/p><\/article><\/a>\n\t\t<\/div>\n\t<\/div>\n<\/div><\/div><\/div><div  class=\"wpb_column vc_column_container vc_col-sm-1\/5\"><div id=\"ut-column-inner-69ea75fb0837c\" class=\"vc_column-inner vc_column-inner-nested\"><div class=\"wpb_wrapper\">\n\t<div class=\"wpb_raw_code wpb_content_element wpb_raw_html\" >\n\t\t<div class=\"wpb_wrapper\">\n\t\t\t<a href=\"https:\/\/coelpla.com.ar\/pt\/automotor-cable-para-bateria\/\"><article><img decoding=\"async\" src=\"https:\/\/coelpla.com.ar\/wp-content\/uploads\/2022\/02\/id18.png\" alt=\"AUTOMOTOR CABLE PARA BATER\u00cdA.\">\n<p>AUTOMOTOR CABLE PARA BATER\u00cdA<\/p><\/article><\/a>\n\t\t<\/div>\n\t<\/div>\n<\/div><\/div><\/div><div  class=\"wpb_column vc_column_container vc_col-sm-1\/5\"><div id=\"ut-column-inner-69ea75fb087db\" class=\"vc_column-inner vc_column-inner-nested\"><div class=\"wpb_wrapper\">\n\t<div class=\"wpb_raw_code wpb_content_element wpb_raw_html\" >\n\t\t<div class=\"wpb_wrapper\">\n\t\t\t<a href=\"https:\/\/coelpla.com.ar\/pt\/conductores-unipolares\/\"><article><img decoding=\"async\" src=\"https:\/\/coelpla.com.ar\/wp-content\/uploads\/2022\/02\/id17.png\" alt=\"CONDUCTORES UNIPOLARES\">\n<p>CONDUTORES UNIPOLARES<\/p><\/article><\/a>\n\t\t<\/div>\n\t<\/div>\n<\/div><\/div><\/div><div  class=\"wpb_column vc_column_container vc_col-sm-1\/5\"><div id=\"ut-column-inner-69ea75fb08c47\" class=\"vc_column-inner vc_column-inner-nested\"><div class=\"wpb_wrapper\">\n\t<div class=\"wpb_raw_code wpb_content_element wpb_raw_html\" >\n\t\t<div class=\"wpb_wrapper\">\n\t\t\t<a href=\"https:\/\/coelpla.com.ar\/pt\/conductores-envainados-redondos-multipolares\/\"><article><img decoding=\"async\" src=\"https:\/\/coelpla.com.ar\/wp-content\/uploads\/2022\/02\/id19.png\" alt=\"CONDUCTORES ENVAINADOS REDONDOS MULTIPOLARES\">\n<p>MOTORISTAS ENVAINADOS REDONDOS MULTIPOLARES<\/p><\/article><\/a>\n\t\t<\/div>\n\t<\/div>\n<\/div><\/div><\/div><div  class=\"wpb_column vc_column_container vc_col-sm-1\/5\"><div id=\"ut-column-inner-69ea75fb090b0\" class=\"vc_column-inner vc_column-inner-nested\"><div class=\"wpb_wrapper\">\n\t<div class=\"wpb_raw_code wpb_content_element wpb_raw_html\" >\n\t\t<div class=\"wpb_wrapper\">\n\t\t\t<a href=\"https:\/\/coelpla.com.ar\/pt\/conductores-envainados-redondos-tipo-taller\/\"><article><img decoding=\"async\" src=\"https:\/\/coelpla.com.ar\/wp-content\/uploads\/2022\/02\/id20.png\" alt=\"CONDUCTORES ENVAINADOS REDONDOS -TIPO TALLER\">\n<p>MOTORISTAS ENVAINADOS REDONDOS-TIPO OFICINA<\/p><\/article><\/a>\n\t\t<\/div>\n\t<\/div>\n<\/div><\/div><\/div><\/div><div id=\"ut-row-inner-69ea75fb095e2\" class=\"vc_row wpb_row vc_inner vc_row-fluid ut-row-inner-69ea75fb095f3\" ><div  class=\"wpb_column vc_column_container vc_col-sm-1\/5\"><div id=\"ut-column-inner-69ea75fb09925\" class=\"vc_column-inner vc_column-inner-nested\"><div class=\"wpb_wrapper\">\n\t<div class=\"wpb_raw_code wpb_content_element wpb_raw_html\" >\n\t\t<div class=\"wpb_wrapper\">\n\t\t\t<a href=\"https:\/\/coelpla.com.ar\/pt\/conductores-desnudos-de-cobre-cables-desnudos-para-antena\/\"><article><img decoding=\"async\" src=\"https:\/\/coelpla.com.ar\/wp-content\/uploads\/2022\/02\/id21.png\" alt=\"CONDUCTORES DESNUDOS DE COBRE CABLES DESNUDOS PARA ANTENA\">\n<p>CONDUTORES NUS DE COBRE CABOS NUS PARA ANTENA<\/p><\/article><\/a>\n\t\t<\/div>\n\t<\/div>\n<\/div><\/div><\/div><div  class=\"wpb_column vc_column_container vc_col-sm-1\/5\"><div id=\"ut-column-inner-69ea75fb09d4a\" class=\"vc_column-inner vc_column-inner-nested\"><div class=\"wpb_wrapper\">\n\t<div class=\"wpb_raw_code wpb_content_element wpb_raw_html\" >\n\t\t<div class=\"wpb_wrapper\">\n\t\t\t<a href=\"https:\/\/coelpla.com.ar\/pt\/conductores-tipo-subterraneo\/\"><article><img decoding=\"async\" src=\"https:\/\/coelpla.com.ar\/wp-content\/uploads\/2022\/02\/id22.png\" alt=\"CONDUCTORES TIPO SUBTERR\u00c1NEO\">\n<p>CONDUTORES TIPO SUBTERR\u00c2NEO<\/p><\/article><\/a>\n\t\t<\/div>\n\t<\/div>\n<\/div><\/div><\/div><div  class=\"wpb_column vc_column_container vc_col-sm-1\/5\"><div id=\"ut-column-inner-69ea75fb0a159\" class=\"vc_column-inner vc_column-inner-nested\"><div class=\"wpb_wrapper\">\n\t<div class=\"wpb_raw_code wpb_content_element wpb_raw_html\" >\n\t\t<div class=\"wpb_wrapper\">\n\t\t\t<a href=\"https:\/\/coelpla.com.ar\/pt\/cable-unipolar-de-potencia\/\"><article><img decoding=\"async\" src=\"https:\/\/coelpla.com.ar\/wp-content\/uploads\/2022\/02\/id23.png\" alt=\"CABLE UNIPOLAR DE POTENCIA\">\n<p>CABO UNIPOLAR DE POT\u00caNCIA<\/p><\/article><\/a>\n\t\t<\/div>\n\t<\/div>\n<\/div><\/div><\/div><div  class=\"wpb_column vc_column_container vc_col-sm-1\/5\"><div id=\"ut-column-inner-69ea75fb0a63c\" class=\"vc_column-inner vc_column-inner-nested\"><div class=\"wpb_wrapper\">\n\t<div class=\"wpb_raw_code wpb_content_element wpb_raw_html\" >\n\t\t<div class=\"wpb_wrapper\">\n\t\t\t<a href=\"https:\/\/coelpla.com.ar\/pt\/conductores-envainados-chatos\/\"><article><img decoding=\"async\" src=\"https:\/\/coelpla.com.ar\/wp-content\/uploads\/2022\/02\/id24.png\" alt=\"CONDUCTORES ENVAINADOS CHATOS\">\n<p>CONDUTORES CHATOS ENVAINADOS<\/p><\/article><\/a>\n\t\t<\/div>\n\t<\/div>\n<\/div><\/div><\/div><div  class=\"wpb_column vc_column_container vc_col-sm-1\/5\"><div id=\"ut-column-inner-69ea75fb0aa62\" class=\"vc_column-inner vc_column-inner-nested\"><div class=\"wpb_wrapper\">\n\t<div class=\"wpb_raw_code wpb_content_element wpb_raw_html\" >\n\t\t<div class=\"wpb_wrapper\">\n\t\t\t<a href=\"https:\/\/coelpla.com.ar\/pt\/cable-paralelos-flexibles-perfil-8\/\"><article><img decoding=\"async\" src=\"https:\/\/coelpla.com.ar\/wp-content\/uploads\/2022\/02\/id25.png\" alt=\"CABLE PARALELOS FLEXIBLES - PERFIL 8\">\n<p>CABO PARALELO FLEX\u00cdVEL - PERFIL 8<\/p><\/article><\/a>\n\t\t<\/div>\n\t<\/div>\n<\/div><\/div><\/div><\/div><\/div><\/div><\/div><\/div><div class=\"vc_row-full-width vc_clearfix\"><\/div><div id=\"ut-row-69ea75fb0b68a\" data-vc-full-width=\"true\" data-vc-full-width-init=\"false\" class=\"vc_row wpb_row vc_row-fluid vc_column-gap-0 ut-row-69ea75fb0b699\" ><div class=\"wpb_column vc_column_container vc_col-sm-12\" ><div id=\"ut_inner_column_69ea75fb0bd39\" class=\"vc_column-inner\" ><div class=\"wpb_wrapper\"><div class=\"vc_empty_space\"   style=\"height: 40px\"><span class=\"vc_empty_space_inner\"><\/span><\/div><div id=\"ut-row-inner-69ea75fb0c237\" class=\"vc_row wpb_row vc_inner vc_row-fluid ut-row-inner-69ea75fb0c247\" ><div  class=\"wpb_column vc_column_container vc_col-sm-12 vc_col-has-fill\"><div id=\"ut-column-inner-69ea75fb0c523\" class=\"vc_column-inner vc_column-inner-nested\"><div class=\"wpb_wrapper\">\n\t<div class=\"wpb_raw_code wpb_content_element wpb_raw_html\" >\n\t\t<div class=\"wpb_wrapper\">\n\t\t\t<div class=\"wpb_content_element\"><style type=\"text\/css\">#bklyn_cta_61f8489867016 .bklyn-call-to-action-title { color: #0a0a0a; }#bklyn_cta_61f8489867016 .bklyn-call-to-action-title { font-size: 20px; }#bklyn_cta_61f8489867016 .bklyn-call-to-action-content { color: #000000; }#bklyn_btn_61f8489867017 .bklyn-btn { color:#ffffff !important; border-width:px !important; border-radius:px !important; background-color:#000000 !important; }#bklyn_btn_61f8489867017 .bklyn-btn:hover{ color:#ffffff !important; background-color:rgba(0,0,0,0.81) !important; }#bklyn_btn_61f8489867017 .bklyn-btn:focus{ color:#ffffff !important; background-color:rgba(0,0,0,0.81) !important; }#bklyn_btn_61f8489867017 .bklyn-btn:active { color:#ffffff !important; background-color:rgba(0,0,0,0.81) !important; }<\/style><div id=\"bklyn_cta_61f8489867016\" class=\"bklyn-call-to-action-wrapper\"><div class=\"bklyn-call-to-action-inner clearfix\"><div class=\"bklyn-call-to-action-content\"><p>Fa\u00e7a download do nosso Cat\u00e1logo de Produtos (PDF)<\/p>\n<\/div><div class=\"bklyn-call-to-action-button-holder\"><div id=\"bklyn_btn_61f8489867017\" class=\"bklyn-btn-holder bklyn-btn-center bklyn-btn-tablet-center bklyn-btn-mobile-center\"><a title=\"\" href=\"https:\/\/coelpla.com.ar\/wp-content\/uploads\/2022\/02\/Catalogo-Coelpla.pdf\" target=\"_self\" class=\"bklyn-btn bklyn-btn-normal\" download>Baixar Cat\u00e1logo<\/a><\/div><\/div><\/div><\/div><\/div>\n\t\t<\/div>\n\t<\/div>\n<\/div><\/div><style type=\"text\/css\">#ut-column-inner-69ea75fb0c523{background-color: #e5e5e5 !important;}<\/style><\/div><\/div><\/div><\/div><\/div><\/div><div class=\"vc_row-full-width vc_clearfix\"><\/div><a data-id=\"section-without-id\" class=\"ut-vc-offset-anchor-bottom\" name=\"section-without-id\"><\/a><\/section><div class=\"vc_row-full-width vc_clearfix\"><\/div>\n<\/section>","protected":false},"excerpt":{"rendered":"Cat\u00e1logo de ProductosCOELPLA ha desarrollado una creciente l\u00ednea de conductores el\u00e9ctricos que le permiten ofrecer un perfecto servicio a amplios sectores del mercado, los invitamos a conocer nuestros productos. CABLE VIAJERO COMANDO ASCENSOR REDONDO FLEXIBLE CENTRO DE YUTE CABLE COMANDO SELECTOR CABLE VIAJERO-COMANDO ASCENSOR REDONDO FLEXIBLE CON ALMA DE ACERO CABLE VIAJERO-COMANDO ASCENSOR PLANO CABLE [...]","protected":false},"author":1,"featured_media":0,"parent":0,"menu_order":0,"comment_status":"closed","ping_status":"closed","template":"","meta":{"_joinchat":[],"footnotes":""},"class_list":["post-37","page","type-page","status-publish","hentry"],"_links":{"self":[{"href":"https:\/\/coelpla.com.ar\/pt\/wp-json\/wp\/v2\/pages\/37","targetHints":{"allow":["GET"]}}],"collection":[{"href":"https:\/\/coelpla.com.ar\/pt\/wp-json\/wp\/v2\/pages"}],"about":[{"href":"https:\/\/coelpla.com.ar\/pt\/wp-json\/wp\/v2\/types\/page"}],"author":[{"embeddable":true,"href":"https:\/\/coelpla.com.ar\/pt\/wp-json\/wp\/v2\/users\/1"}],"replies":[{"embeddable":true,"href":"https:\/\/coelpla.com.ar\/pt\/wp-json\/wp\/v2\/comments?post=37"}],"version-history":[{"count":48,"href":"https:\/\/coelpla.com.ar\/pt\/wp-json\/wp\/v2\/pages\/37\/revisions"}],"predecessor-version":[{"id":412,"href":"https:\/\/coelpla.com.ar\/pt\/wp-json\/wp\/v2\/pages\/37\/revisions\/412"}],"wp:attachment":[{"href":"https:\/\/coelpla.com.ar\/pt\/wp-json\/wp\/v2\/media?parent=37"}],"curies":[{"name":"wp","href":"https:\/\/api.w.org\/{rel}","templated":true}]}}