{"id":362,"date":"2022-03-02T17:57:12","date_gmt":"2022-03-02T20:57:12","guid":{"rendered":"https:\/\/coelpla.com.ar\/?page_id=362"},"modified":"2022-03-02T18:15:15","modified_gmt":"2022-03-02T21:15:15","slug":"conductores-desnudos-de-cobre-cables-desnudos-para-antena","status":"publish","type":"page","link":"https:\/\/coelpla.com.ar\/pt\/conductores-desnudos-de-cobre-cables-desnudos-para-antena\/","title":{"rendered":"CONDUTORES NUS DE COBRE CABOS NUS PARA ANTENA"},"content":{"rendered":"<section class=\"wpb-content-wrapper\"><section id=\"ut-section-69eaaaaa26cab\" data-vc-full-width=\"true\" data-vc-full-width-init=\"false\" data-cursor-skin=\"global\" class=\"vc_section ut-vc-120 vc_section-has-no-fill ut-section-69eaaaaa26cbf\"><div id=\"ut-row-69eaaaaa2758b\" data-vc-full-width=\"true\" data-vc-full-width-init=\"false\" class=\"vc_row wpb_row vc_row-fluid vc_column-gap-0 ut-row-69eaaaaa2759a\" ><div class=\"wpb_column vc_column_container vc_col-sm-12\" ><div id=\"ut_inner_column_69eaaaaa28be8\" class=\"vc_column-inner\" ><div class=\"wpb_wrapper\"><style type=\"text\/css\">#ut_custom_heading69eaaaaa291d1 { font-family: \"Raleway\";font-weight:400;font-style:normal; }#ut_custom_heading69eaaaaa291d1 { font-size:35px !important; }#ut_custom_heading69eaaaaa291d1 { text-align:left; }@media (min-width: 768px) and (max-width: 1024px) { #ut_custom_heading69eaaaaa291d1 { text-align:left; } }@media (max-width: 767px) { #ut_custom_heading69eaaaaa291d1 { text-align:left; } }<\/style><h1 id=\"ut_custom_heading69eaaaaa291d1\" data-responsive-font=\"h1\" data-responsive-font-settings=\"{&quot;base-font-size&quot;:&quot;global&quot;,&quot;font-size&quot;:{&quot;desktop_large&quot;:&quot;35&quot;},&quot;base-line-height&quot;:&quot;global&quot;,&quot;base-letter-spacing&quot;:&quot;global&quot;}\" class=\"ut-custom-heading-module\" ><span class=\"\" >CONDUCTORES DESNUDOS DE COBRE &#8211; CABLES DESNUDOS PARA ANTENA<\/span><\/h1><div id=\"ut-row-inner-69eaaaaa2e0d6\" class=\"vc_row wpb_row vc_inner vc_row-fluid ut-row-inner-69eaaaaa2e0ec\" ><div  class=\"wpb_column vc_column_container vc_col-sm-6\"><div id=\"ut-column-inner-69eaaaaa2e505\" class=\"vc_column-inner vc_column-inner-nested\"><div class=\"wpb_wrapper\"><div  class=\"wpb_content_element   clearfix\"><style type=\"text\/css\">#ut_am_69eaaaaa2f268 { opacity: 1; }#ut_am_wrap_69eaaaaa2f26a .ut-animated-image-zoom::after { background: url(https:\/\/coelpla.com.ar\/wp-content\/uploads\/2022\/03\/29-CABLE-DESNUDO-500x500-1.png); }#ut_am_wrap_69eaaaaa2f26a { text-align: center; }@media (min-width: 768px) and (max-width: 1024px) { #ut_am_wrap_69eaaaaa2f26a { text-align: center !important; } }@media (max-width: 767px) { #ut_am_wrap_69eaaaaa2f26a { text-align: center !important; } }<\/style><div id=\"ut_am_wrap_69eaaaaa2f26a\" class=\"ut-image-gallery-image  ut-reveal-fx ut-element-with-block-reveal\"><div id=\"ut_reveal_69eaaaaa2f26b\" data-reveal-bgcolor=\"#000000\" data-reveal-direction=\"lr\" data-reveal-duration=\"750\" data-reveal-delay=\"250\" data-appear-top-offset=\"auto\" class=\"ut-animated-image-item ut-image-gallery-item ut-animation-done ut-reveal-fx-element ut-block-reveal-hide\"><a data-exthumbimage=\"https:\/\/coelpla.com.ar\/wp-content\/uploads\/2022\/03\/29-CABLE-DESNUDO-500x500-1-200x200.png\" href=\"https:\/\/coelpla.com.ar\/wp-content\/uploads\/2022\/03\/29-CABLE-DESNUDO-1920x780-1.png\" class=\"ut-vc-images-lightbox ut-wait-for-plugin\" data-title=\"\" data-caption=\"\" data-caption-color=\"\" data-caption-background=\"\" data-force-caption=\"on\"><div class=\"ut-animated-image-zoom\">\r\n        <div class=\"ut-element-glitch-wrap\">\r\n\r\n            \r\n        <style type=\"text\/css\">\r\n\r\n                        \r\n        @media (min-width: 1025px) {\r\n\r\n        #ut-element-glitch-69eaaaaa2fc8e414369971-365 .ut-glitch-single-element {\r\n                                            \r\n                }\r\n        }\r\n\r\n        @media (min-width: 768px) and (max-width: 1024px) {\r\n\r\n        #ut-element-glitch-69eaaaaa2fc8e414369971-365 .ut-glitch-single-element {\r\n                                                \r\n                    }\r\n        }\r\n\r\n        @media (max-width: 767px) {\r\n\r\n        #ut-element-glitch-69eaaaaa2fc8e414369971-365 .ut-glitch-single-element {\r\n                                                \r\n                    }\r\n        }\r\n\r\n        \r\n        <\/style>\r\n\r\n        \r\n            <div id=\"ut-element-glitch-69eaaaaa2fc8e414369971-365\" class=\"ut-element-glitch ut-glitch-none ut-element-glitch-permanent\">\r\n                <div class=\"ut-glitch-single-element ut-lozad skip-lazy\" data-background-image=\"https:\/\/coelpla.com.ar\/wp-content\/uploads\/2022\/03\/29-CABLE-DESNUDO-500x500-1.png\"><\/div>\r\n                <div class=\"ut-glitch-single-element ut-lozad skip-lazy\" data-background-image=\"https:\/\/coelpla.com.ar\/wp-content\/uploads\/2022\/03\/29-CABLE-DESNUDO-500x500-1.png\"><\/div>\r\n                <div class=\"ut-glitch-single-element ut-lozad skip-lazy\" data-background-image=\"https:\/\/coelpla.com.ar\/wp-content\/uploads\/2022\/03\/29-CABLE-DESNUDO-500x500-1.png\"><\/div>\r\n                <div class=\"ut-glitch-single-element ut-lozad skip-lazy\" data-background-image=\"https:\/\/coelpla.com.ar\/wp-content\/uploads\/2022\/03\/29-CABLE-DESNUDO-500x500-1.png\"><\/div>\r\n                <div class=\"ut-glitch-single-element ut-lozad skip-lazy\" data-background-image=\"https:\/\/coelpla.com.ar\/wp-content\/uploads\/2022\/03\/29-CABLE-DESNUDO-500x500-1.png\"><\/div>\r\n            <\/div>\r\n\r\n        <\/div>\r\n\r\n        <img loading=\"lazy\" decoding=\"async\" class=\"ut-lazy skip-lazy ut-animated-image\"  id=\"ut_am_69eaaaaa2f268\" src=\"data:image\/svg+xml;charset=utf-8,%3Csvg xmlns%3D'http%3A%2F%2Fwww.w3.org%2F2000%2Fsvg' viewBox%3D'0 0 500 500'%2F%3E\" data-src=\"https:\/\/coelpla.com.ar\/wp-content\/uploads\/2022\/03\/29-CABLE-DESNUDO-500x500-1.png\" width=\"500\" height=\"500\" alt=\"CONDUCTORES DESNUDOS DE COBRE CABLES DESNUDOS PARA ANTENA\"\/><\/div><\/a><\/div><\/div><\/div><\/div><\/div><\/div><div  class=\"wpb_column vc_column_container vc_col-sm-6\"><div id=\"ut-column-inner-69eaaaaa2fff3\" class=\"vc_column-inner vc_column-inner-nested\"><div class=\"wpb_wrapper\"><style type=\"text\/css\">#ut_custom_heading69eaaaaa30166 { font-family: \"Raleway\";font-weight:500;font-style:normal; }#ut_custom_heading69eaaaaa30166 { font-size:20px !important; }#ut_custom_heading69eaaaaa30166 { text-align:left; }@media (min-width: 768px) and (max-width: 1024px) { #ut_custom_heading69eaaaaa30166 { text-align:left; } }@media (max-width: 767px) { #ut_custom_heading69eaaaaa30166 { text-align:left; } }#ut_custom_heading69eaaaaa30166 span { border-left-style:solid;border-left-color:#fe8b54;border-left-width:5px;padding-left:10px;display:inline-block; }<\/style><h3 id=\"ut_custom_heading69eaaaaa30166\" data-responsive-font=\"h3\" data-responsive-font-settings=\"{&quot;base-font-size&quot;:&quot;global&quot;,&quot;font-size&quot;:{&quot;desktop_large&quot;:&quot;20&quot;},&quot;base-line-height&quot;:&quot;global&quot;,&quot;base-letter-spacing&quot;:&quot;global&quot;}\" class=\"ut-custom-heading-module\" ><span class=\"\" >Caracter\u00edsticas Gerais<\/span><\/h3><style type=\"text\/css\">#ut_custom_heading69eaaaaa301f6 { font-size:14px !important;line-height:28px !important; }#ut_custom_heading69eaaaaa301f6 { text-align:left; }@media (min-width: 768px) and (max-width: 1024px) { #ut_custom_heading69eaaaaa301f6 { text-align:left; } }@media (max-width: 767px) { #ut_custom_heading69eaaaaa301f6 { text-align:left; } }<\/style><p id=\"ut_custom_heading69eaaaaa301f6\" data-responsive-font=\"p\" data-responsive-font-settings=\"{&quot;base-font-size&quot;:&quot;global&quot;,&quot;font-size&quot;:{&quot;desktop_large&quot;:&quot;14&quot;},&quot;base-line-height&quot;:&quot;global&quot;,&quot;line-height&quot;:{&quot;desktop_large&quot;:&quot;28&quot;},&quot;base-letter-spacing&quot;:&quot;global&quot;}\" class=\"ut-custom-heading-module\" ><span class=\"\" >Constru\u00e7\u00e3o composta por um cabo de cobre nu vermelho, semi-duro ou r\u00edgido. Responde inteiramente \u00e0s normas de fabrica\u00e7\u00e3o de acordo IRAM 2004.<\/span><\/p><style type=\"text\/css\">#ut_custom_heading69eaaaaa30295 { font-family: \"Raleway\";font-weight:500;font-style:normal; }#ut_custom_heading69eaaaaa30295 { font-size:20px !important; }#ut_custom_heading69eaaaaa30295 { text-align:left; }@media (min-width: 768px) and (max-width: 1024px) { #ut_custom_heading69eaaaaa30295 { text-align:left; } }@media (max-width: 767px) { #ut_custom_heading69eaaaaa30295 { text-align:left; } }#ut_custom_heading69eaaaaa30295 span { border-left-style:solid;border-left-color:#fe8b54;border-left-width:5px;padding-left:10px;display:inline-block; }<\/style><h3 id=\"ut_custom_heading69eaaaaa30295\" data-responsive-font=\"h3\" data-responsive-font-settings=\"{&quot;base-font-size&quot;:&quot;global&quot;,&quot;font-size&quot;:{&quot;desktop_large&quot;:&quot;20&quot;},&quot;base-line-height&quot;:&quot;global&quot;,&quot;base-letter-spacing&quot;:&quot;global&quot;}\" class=\"ut-custom-heading-module\" ><span class=\"\" >Utiliza\u00e7\u00f5es<\/span><\/h3><style type=\"text\/css\">#ut_custom_heading69eaaaaa30306 { font-size:14px !important;line-height:28px !important; }#ut_custom_heading69eaaaaa30306 { text-align:left; }@media (min-width: 768px) and (max-width: 1024px) { #ut_custom_heading69eaaaaa30306 { text-align:left; } }@media (max-width: 767px) { #ut_custom_heading69eaaaaa30306 { text-align:left; } }<\/style><p id=\"ut_custom_heading69eaaaaa30306\" data-responsive-font=\"p\" data-responsive-font-settings=\"{&quot;base-font-size&quot;:&quot;global&quot;,&quot;font-size&quot;:{&quot;desktop_large&quot;:&quot;14&quot;},&quot;base-line-height&quot;:&quot;global&quot;,&quot;line-height&quot;:{&quot;desktop_large&quot;:&quot;28&quot;},&quot;base-letter-spacing&quot;:&quot;global&quot;}\" class=\"ut-custom-heading-module\" ><span class=\"\" >Para linhas a\u00e9reas de distribui\u00e7\u00e3o de energia \u00e0s intemp\u00e9ries e p\u00f4r a terra, colocados sobre isoladores.<\/span><\/p><style type=\"text\/css\">#ut_custom_heading69eaaaaa30392 { font-family: \"Raleway\";font-weight:500;font-style:normal; }#ut_custom_heading69eaaaaa30392 { font-size:20px !important; }#ut_custom_heading69eaaaaa30392 { text-align:left; }@media (min-width: 768px) and (max-width: 1024px) { #ut_custom_heading69eaaaaa30392 { text-align:left; } }@media (max-width: 767px) { #ut_custom_heading69eaaaaa30392 { text-align:left; } }#ut_custom_heading69eaaaaa30392 span { border-left-style:solid;border-left-color:#fe8b54;border-left-width:5px;padding-left:10px;display:inline-block; }<\/style><h3 id=\"ut_custom_heading69eaaaaa30392\" data-responsive-font=\"h3\" data-responsive-font-settings=\"{&quot;base-font-size&quot;:&quot;global&quot;,&quot;font-size&quot;:{&quot;desktop_large&quot;:&quot;20&quot;},&quot;base-line-height&quot;:&quot;global&quot;,&quot;base-letter-spacing&quot;:&quot;global&quot;}\" class=\"ut-custom-heading-module\" ><span class=\"\" >Acondicionamento<\/span><\/h3><style type=\"text\/css\">#ut_custom_heading69eaaaaa3040c { font-size:14px !important;line-height:28px !important; }#ut_custom_heading69eaaaaa3040c { text-align:left; }@media (min-width: 768px) and (max-width: 1024px) { #ut_custom_heading69eaaaaa3040c { text-align:left; } }@media (max-width: 767px) { #ut_custom_heading69eaaaaa3040c { text-align:left; } }<\/style><p id=\"ut_custom_heading69eaaaaa3040c\" data-responsive-font=\"p\" data-responsive-font-settings=\"{&quot;base-font-size&quot;:&quot;global&quot;,&quot;font-size&quot;:{&quot;desktop_large&quot;:&quot;14&quot;},&quot;base-line-height&quot;:&quot;global&quot;,&quot;line-height&quot;:{&quot;desktop_large&quot;:&quot;28&quot;},&quot;base-letter-spacing&quot;:&quot;global&quot;}\" class=\"ut-custom-heading-module\" ><span class=\"\" >Em rolos de 100 m e\/ou bobinas.<\/span><\/p><\/div><\/div><\/div><\/div><\/div><\/div><\/div><\/div><div class=\"vc_row-full-width vc_clearfix\"><\/div><div id=\"ut-row-69eaaaaa30d0c\" data-vc-full-width=\"true\" data-vc-full-width-init=\"false\" class=\"vc_row wpb_row vc_row-fluid vc_column-gap-0 ut-row-69eaaaaa30d1b\" ><div class=\"wpb_column vc_column_container vc_col-sm-12\" ><div id=\"ut_inner_column_69eaaaaa3136b\" class=\"vc_column-inner\" ><div class=\"wpb_wrapper\"><div class=\"vc_empty_space\"   style=\"height: 40px\"><span class=\"vc_empty_space_inner\"><\/span><\/div><div  class=\"wpb_content_element   clearfix\"><style type=\"text\/css\">#ut_am_69eaaaaa31f56 { opacity: 1; }#ut_am_wrap_69eaaaaa31f57 { text-align: center; }@media (min-width: 768px) and (max-width: 1024px) { #ut_am_wrap_69eaaaaa31f57 { text-align: center !important; } }@media (max-width: 767px) { #ut_am_wrap_69eaaaaa31f57 { text-align: center !important; } }<\/style><div id=\"ut_am_wrap_69eaaaaa31f57\" class=\"ut-image-gallery-image  ut-reveal-fx ut-element-with-block-reveal\"><div id=\"ut_reveal_69eaaaaa31f58\" data-reveal-bgcolor=\"#000000\" data-reveal-direction=\"lr\" data-reveal-duration=\"750\" data-reveal-delay=\"250\" data-appear-top-offset=\"auto\" class=\"ut-animated-image-item ut-image-gallery-item ut-animation-done ut-reveal-fx-element ut-block-reveal-hide\"><a class=\"ut-deactivated-link\" href=\"#\"><div class=\"ut-animated-image-zoom\">\r\n        <div class=\"ut-element-glitch-wrap\">\r\n\r\n            \r\n        <style type=\"text\/css\">\r\n\r\n                        \r\n        @media (min-width: 1025px) {\r\n\r\n        #ut-element-glitch-69eaaaaa31f8d097301866-367 .ut-glitch-single-element {\r\n                                            \r\n                }\r\n        }\r\n\r\n        @media (min-width: 768px) and (max-width: 1024px) {\r\n\r\n        #ut-element-glitch-69eaaaaa31f8d097301866-367 .ut-glitch-single-element {\r\n                                                \r\n                    }\r\n        }\r\n\r\n        @media (max-width: 767px) {\r\n\r\n        #ut-element-glitch-69eaaaaa31f8d097301866-367 .ut-glitch-single-element {\r\n                                                \r\n                    }\r\n        }\r\n\r\n        \r\n        <\/style>\r\n\r\n        \r\n            <div id=\"ut-element-glitch-69eaaaaa31f8d097301866-367\" class=\"ut-element-glitch ut-glitch-none ut-element-glitch-permanent\">\r\n                <div class=\"ut-glitch-single-element ut-lozad skip-lazy\" data-background-image=\"https:\/\/coelpla.com.ar\/wp-content\/uploads\/2022\/03\/table-22.png\"><\/div>\r\n                <div class=\"ut-glitch-single-element ut-lozad skip-lazy\" data-background-image=\"https:\/\/coelpla.com.ar\/wp-content\/uploads\/2022\/03\/table-22.png\"><\/div>\r\n                <div class=\"ut-glitch-single-element ut-lozad skip-lazy\" data-background-image=\"https:\/\/coelpla.com.ar\/wp-content\/uploads\/2022\/03\/table-22.png\"><\/div>\r\n                <div class=\"ut-glitch-single-element ut-lozad skip-lazy\" data-background-image=\"https:\/\/coelpla.com.ar\/wp-content\/uploads\/2022\/03\/table-22.png\"><\/div>\r\n                <div class=\"ut-glitch-single-element ut-lozad skip-lazy\" data-background-image=\"https:\/\/coelpla.com.ar\/wp-content\/uploads\/2022\/03\/table-22.png\"><\/div>\r\n            <\/div>\r\n\r\n        <\/div>\r\n\r\n        <img loading=\"lazy\" decoding=\"async\" class=\"ut-lazy skip-lazy ut-animated-image\"  id=\"ut_am_69eaaaaa31f56\" src=\"data:image\/svg+xml;charset=utf-8,%3Csvg xmlns%3D'http%3A%2F%2Fwww.w3.org%2F2000%2Fsvg' viewBox%3D'0 0 776 491'%2F%3E\" data-src=\"https:\/\/coelpla.com.ar\/wp-content\/uploads\/2022\/03\/table-22.png\" width=\"776\" height=\"491\" alt=\"CONDUCTORES DESNUDOS DE COBRE CABLES DESNUDOS PARA ANTENA\"\/><\/div><\/a><\/div><\/div><\/div><\/div><\/div><\/div><\/div><div class=\"vc_row-full-width vc_clearfix\"><\/div><a data-id=\"section-without-id\" class=\"ut-vc-offset-anchor-bottom\" name=\"section-without-id\"><\/a><\/section><div class=\"vc_row-full-width vc_clearfix\"><\/div>\n<\/section>","protected":false},"excerpt":{"rendered":"CONDUCTORES DESNUDOS DE COBRE - CABLES DESNUDOS PARA ANTENA Caracter\u00edsticas GeneralesConstrucci\u00f3n compuesta por una cuerda de cobre desnudo rojo, semiduro o duro. Responde integramente a las normas de fabricaci\u00f3n seg\u00fan IRAM 2004.UsosPara l\u00edneas a\u00e9reas de distribuci\u00f3n de energ\u00eda a la intemperie y puesta a tierra, colocados sobre aisladores.AcondicionamientoEn rollos de 100 m y\/o bobinas.","protected":false},"author":1,"featured_media":0,"parent":0,"menu_order":0,"comment_status":"closed","ping_status":"closed","template":"","meta":{"_joinchat":[],"footnotes":""},"class_list":["post-362","page","type-page","status-publish","hentry"],"_links":{"self":[{"href":"https:\/\/coelpla.com.ar\/pt\/wp-json\/wp\/v2\/pages\/362","targetHints":{"allow":["GET"]}}],"collection":[{"href":"https:\/\/coelpla.com.ar\/pt\/wp-json\/wp\/v2\/pages"}],"about":[{"href":"https:\/\/coelpla.com.ar\/pt\/wp-json\/wp\/v2\/types\/page"}],"author":[{"embeddable":true,"href":"https:\/\/coelpla.com.ar\/pt\/wp-json\/wp\/v2\/users\/1"}],"replies":[{"embeddable":true,"href":"https:\/\/coelpla.com.ar\/pt\/wp-json\/wp\/v2\/comments?post=362"}],"version-history":[{"count":6,"href":"https:\/\/coelpla.com.ar\/pt\/wp-json\/wp\/v2\/pages\/362\/revisions"}],"predecessor-version":[{"id":372,"href":"https:\/\/coelpla.com.ar\/pt\/wp-json\/wp\/v2\/pages\/362\/revisions\/372"}],"wp:attachment":[{"href":"https:\/\/coelpla.com.ar\/pt\/wp-json\/wp\/v2\/media?parent=362"}],"curies":[{"name":"wp","href":"https:\/\/api.w.org\/{rel}","templated":true}]}}