{"id":354,"date":"2022-03-02T17:43:53","date_gmt":"2022-03-02T20:43:53","guid":{"rendered":"https:\/\/coelpla.com.ar\/?page_id=354"},"modified":"2022-03-02T17:53:38","modified_gmt":"2022-03-02T20:53:38","slug":"conductores-envainados-redondos-tipo-taller","status":"publish","type":"page","link":"https:\/\/coelpla.com.ar\/pt\/conductores-envainados-redondos-tipo-taller\/","title":{"rendered":"MOTORISTAS ENVAINADOS REDONDOS-TIPO OFICINA"},"content":{"rendered":"<section class=\"wpb-content-wrapper\"><section id=\"ut-section-69ea9257e663d\" data-vc-full-width=\"true\" data-vc-full-width-init=\"false\" data-cursor-skin=\"global\" class=\"vc_section ut-vc-120 vc_section-has-no-fill ut-section-69ea9257e6653\"><div id=\"ut-row-69ea9257e6f2e\" data-vc-full-width=\"true\" data-vc-full-width-init=\"false\" class=\"vc_row wpb_row vc_row-fluid vc_column-gap-0 ut-row-69ea9257e6f3e\" ><div class=\"wpb_column vc_column_container vc_col-sm-12\" ><div id=\"ut_inner_column_69ea9257e7992\" class=\"vc_column-inner\" ><div class=\"wpb_wrapper\"><style type=\"text\/css\">#ut_custom_heading69ea9257e7d0b { font-family: \"Raleway\";font-weight:400;font-style:normal; }#ut_custom_heading69ea9257e7d0b { font-size:35px !important; }#ut_custom_heading69ea9257e7d0b { text-align:left; }@media (min-width: 768px) and (max-width: 1024px) { #ut_custom_heading69ea9257e7d0b { text-align:left; } }@media (max-width: 767px) { #ut_custom_heading69ea9257e7d0b { text-align:left; } }<\/style><h1 id=\"ut_custom_heading69ea9257e7d0b\" data-responsive-font=\"h1\" data-responsive-font-settings=\"{&quot;base-font-size&quot;:&quot;global&quot;,&quot;font-size&quot;:{&quot;desktop_large&quot;:&quot;35&quot;},&quot;base-line-height&quot;:&quot;global&quot;,&quot;base-letter-spacing&quot;:&quot;global&quot;}\" class=\"ut-custom-heading-module\" ><span class=\"\" >MOTORISTAS ENVAINADOS REDONDOS-TIPO OFICINA<\/span><\/h1><div id=\"ut-row-inner-69ea9257ec453\" class=\"vc_row wpb_row vc_inner vc_row-fluid ut-row-inner-69ea9257ec46d\" ><div  class=\"wpb_column vc_column_container vc_col-sm-6\"><div id=\"ut-column-inner-69ea9257eca02\" class=\"vc_column-inner vc_column-inner-nested\"><div class=\"wpb_wrapper\"><div  class=\"wpb_content_element   clearfix\"><style type=\"text\/css\">#ut_am_69ea9257ecfcc { opacity: 1; }#ut_am_wrap_69ea9257ecfcd .ut-animated-image-zoom::after { background: url(https:\/\/coelpla.com.ar\/wp-content\/uploads\/2022\/03\/3-CABLE-ENVAINADO-REDONDO-500x500-1.png); }#ut_am_wrap_69ea9257ecfcd { text-align: center; }@media (min-width: 768px) and (max-width: 1024px) { #ut_am_wrap_69ea9257ecfcd { text-align: center !important; } }@media (max-width: 767px) { #ut_am_wrap_69ea9257ecfcd { text-align: center !important; } }<\/style><div id=\"ut_am_wrap_69ea9257ecfcd\" class=\"ut-image-gallery-image  ut-reveal-fx ut-element-with-block-reveal\"><div id=\"ut_reveal_69ea9257ecfcf\" data-reveal-bgcolor=\"#000000\" data-reveal-direction=\"lr\" data-reveal-duration=\"750\" data-reveal-delay=\"250\" data-appear-top-offset=\"auto\" class=\"ut-animated-image-item ut-image-gallery-item ut-animation-done ut-reveal-fx-element ut-block-reveal-hide\"><a data-exthumbimage=\"https:\/\/coelpla.com.ar\/wp-content\/uploads\/2022\/03\/3-CABLE-ENVAINADO-REDONDO-500x500-1-200x200.png\" href=\"https:\/\/coelpla.com.ar\/wp-content\/uploads\/2022\/03\/3-CABLE-ENVAINADO-REDONDO-1920x780-1.png\" class=\"ut-vc-images-lightbox ut-wait-for-plugin\" data-title=\"\" data-caption=\"\" data-caption-color=\"\" data-caption-background=\"\" data-force-caption=\"on\"><div class=\"ut-animated-image-zoom\">\r\n        <div class=\"ut-element-glitch-wrap\">\r\n\r\n            \r\n        <style type=\"text\/css\">\r\n\r\n                        \r\n        @media (min-width: 1025px) {\r\n\r\n        #ut-element-glitch-69ea9257eda99508565037-356 .ut-glitch-single-element {\r\n                                            \r\n                }\r\n        }\r\n\r\n        @media (min-width: 768px) and (max-width: 1024px) {\r\n\r\n        #ut-element-glitch-69ea9257eda99508565037-356 .ut-glitch-single-element {\r\n                                                \r\n                    }\r\n        }\r\n\r\n        @media (max-width: 767px) {\r\n\r\n        #ut-element-glitch-69ea9257eda99508565037-356 .ut-glitch-single-element {\r\n                                                \r\n                    }\r\n        }\r\n\r\n        \r\n        <\/style>\r\n\r\n        \r\n            <div id=\"ut-element-glitch-69ea9257eda99508565037-356\" class=\"ut-element-glitch ut-glitch-none ut-element-glitch-permanent\">\r\n                <div class=\"ut-glitch-single-element ut-lozad skip-lazy\" data-background-image=\"https:\/\/coelpla.com.ar\/wp-content\/uploads\/2022\/03\/3-CABLE-ENVAINADO-REDONDO-500x500-1.png\"><\/div>\r\n                <div class=\"ut-glitch-single-element ut-lozad skip-lazy\" data-background-image=\"https:\/\/coelpla.com.ar\/wp-content\/uploads\/2022\/03\/3-CABLE-ENVAINADO-REDONDO-500x500-1.png\"><\/div>\r\n                <div class=\"ut-glitch-single-element ut-lozad skip-lazy\" data-background-image=\"https:\/\/coelpla.com.ar\/wp-content\/uploads\/2022\/03\/3-CABLE-ENVAINADO-REDONDO-500x500-1.png\"><\/div>\r\n                <div class=\"ut-glitch-single-element ut-lozad skip-lazy\" data-background-image=\"https:\/\/coelpla.com.ar\/wp-content\/uploads\/2022\/03\/3-CABLE-ENVAINADO-REDONDO-500x500-1.png\"><\/div>\r\n                <div class=\"ut-glitch-single-element ut-lozad skip-lazy\" data-background-image=\"https:\/\/coelpla.com.ar\/wp-content\/uploads\/2022\/03\/3-CABLE-ENVAINADO-REDONDO-500x500-1.png\"><\/div>\r\n            <\/div>\r\n\r\n        <\/div>\r\n\r\n        <img loading=\"lazy\" decoding=\"async\" class=\"ut-lazy skip-lazy ut-animated-image\"  id=\"ut_am_69ea9257ecfcc\" src=\"data:image\/svg+xml;charset=utf-8,%3Csvg xmlns%3D'http%3A%2F%2Fwww.w3.org%2F2000%2Fsvg' viewBox%3D'0 0 500 500'%2F%3E\" data-src=\"https:\/\/coelpla.com.ar\/wp-content\/uploads\/2022\/03\/3-CABLE-ENVAINADO-REDONDO-500x500-1.png\" width=\"500\" height=\"500\" alt=\"CONDUCTORES ENVAINADOS REDONDOS -TIPO TALLER\"\/><\/div><\/a><\/div><\/div><\/div><\/div><\/div><\/div><div  class=\"wpb_column vc_column_container vc_col-sm-6\"><div id=\"ut-column-inner-69ea9257ede66\" class=\"vc_column-inner vc_column-inner-nested\"><div class=\"wpb_wrapper\"><style type=\"text\/css\">#ut_custom_heading69ea9257ee006 { font-family: \"Raleway\";font-weight:500;font-style:normal; }#ut_custom_heading69ea9257ee006 { font-size:20px !important; }#ut_custom_heading69ea9257ee006 { text-align:left; }@media (min-width: 768px) and (max-width: 1024px) { #ut_custom_heading69ea9257ee006 { text-align:left; } }@media (max-width: 767px) { #ut_custom_heading69ea9257ee006 { text-align:left; } }#ut_custom_heading69ea9257ee006 span { border-left-style:solid;border-left-color:#fe8b54;border-left-width:5px;padding-left:10px;display:inline-block; }<\/style><h3 id=\"ut_custom_heading69ea9257ee006\" data-responsive-font=\"h3\" data-responsive-font-settings=\"{&quot;base-font-size&quot;:&quot;global&quot;,&quot;font-size&quot;:{&quot;desktop_large&quot;:&quot;20&quot;},&quot;base-line-height&quot;:&quot;global&quot;,&quot;base-letter-spacing&quot;:&quot;global&quot;}\" class=\"ut-custom-heading-module\" ><span class=\"\" >Caracter\u00edsticas Gerais<br \/>\n<\/span><\/h3><style type=\"text\/css\">#ut_custom_heading69ea9257ee0a0 { font-size:14px !important;line-height:28px !important; }#ut_custom_heading69ea9257ee0a0 { text-align:left; }@media (min-width: 768px) and (max-width: 1024px) { #ut_custom_heading69ea9257ee0a0 { text-align:left; } }@media (max-width: 767px) { #ut_custom_heading69ea9257ee0a0 { text-align:left; } }<\/style><p id=\"ut_custom_heading69ea9257ee0a0\" data-responsive-font=\"p\" data-responsive-font-settings=\"{&quot;base-font-size&quot;:&quot;global&quot;,&quot;font-size&quot;:{&quot;desktop_large&quot;:&quot;14&quot;},&quot;base-line-height&quot;:&quot;global&quot;,&quot;line-height&quot;:{&quot;desktop_large&quot;:&quot;28&quot;},&quot;base-letter-spacing&quot;:&quot;global&quot;}\" class=\"ut-custom-heading-module\" ><span class=\"\" >Condutores de cobre eletrol\u00edtico t\u00eampera flex\u00edvel classe 5, isolado com uma camada de PVC antichama. <br \/>Retorcidos m\u00faltiplos entre si e protegidos por uma bainha penetrante de PVC flex\u00edvel. <br \/>A constru\u00e7\u00e3o pode ser: <br \/>Bipolar, sendo as cores de cada condutor: marrom, azul. <br \/>Tripolar: marrom, azul, preto. <br \/>Tetrapolar: marrom, azul, preto e verde\/amarelo. <br \/>Pentapolar: marrom, azul, preto, vermelho e verde\/amarelo. <br \/>Heptapolar: marrom, azul, preto, vermelho, branco, cinza e verde\/amarelo. <br \/>Respondem \u00e0 norma NM 280 NM e 247 \u2013 Tipo-1. <br \/>Tens\u00e3o nominal 500 V. C. alternada.<\/span><\/p><style type=\"text\/css\">#ut_custom_heading69ea9257ee134 { font-family: \"Raleway\";font-weight:500;font-style:normal; }#ut_custom_heading69ea9257ee134 { font-size:20px !important; }#ut_custom_heading69ea9257ee134 { text-align:left; }@media (min-width: 768px) and (max-width: 1024px) { #ut_custom_heading69ea9257ee134 { text-align:left; } }@media (max-width: 767px) { #ut_custom_heading69ea9257ee134 { text-align:left; } }#ut_custom_heading69ea9257ee134 span { border-left-style:solid;border-left-color:#fe8b54;border-left-width:5px;padding-left:10px;display:inline-block; }<\/style><h3 id=\"ut_custom_heading69ea9257ee134\" data-responsive-font=\"h3\" data-responsive-font-settings=\"{&quot;base-font-size&quot;:&quot;global&quot;,&quot;font-size&quot;:{&quot;desktop_large&quot;:&quot;20&quot;},&quot;base-line-height&quot;:&quot;global&quot;,&quot;base-letter-spacing&quot;:&quot;global&quot;}\" class=\"ut-custom-heading-module\" ><span class=\"\" >Identifica\u00e7\u00e3o<\/span><\/h3><style type=\"text\/css\">#ut_custom_heading69ea9257ee1a1 { font-size:14px !important;line-height:28px !important; }#ut_custom_heading69ea9257ee1a1 { text-align:left; }@media (min-width: 768px) and (max-width: 1024px) { #ut_custom_heading69ea9257ee1a1 { text-align:left; } }@media (max-width: 767px) { #ut_custom_heading69ea9257ee1a1 { text-align:left; } }<\/style><p id=\"ut_custom_heading69ea9257ee1a1\" data-responsive-font=\"p\" data-responsive-font-settings=\"{&quot;base-font-size&quot;:&quot;global&quot;,&quot;font-size&quot;:{&quot;desktop_large&quot;:&quot;14&quot;},&quot;base-line-height&quot;:&quot;global&quot;,&quot;line-height&quot;:{&quot;desktop_large&quot;:&quot;28&quot;},&quot;base-letter-spacing&quot;:&quot;global&quot;}\" class=\"ut-custom-heading-module\" ><span class=\"\" >Os cabos que levam a marca COELPLA na forma indel\u00e9vel sobre a sua bainha exterior, se\u00e7\u00e3o nominal em mm2, N\u00ba da norma 247 NM 53-C5 e na tens\u00e3o de 500 V. <br \/>A dist\u00e2ncia entre textos \u00e9 menor 1,00 metro.<\/span><\/p><style type=\"text\/css\">#ut_custom_heading69ea9257ee22b { font-family: \"Raleway\";font-weight:500;font-style:normal; }#ut_custom_heading69ea9257ee22b { font-size:20px !important; }#ut_custom_heading69ea9257ee22b { text-align:left; }@media (min-width: 768px) and (max-width: 1024px) { #ut_custom_heading69ea9257ee22b { text-align:left; } }@media (max-width: 767px) { #ut_custom_heading69ea9257ee22b { text-align:left; } }#ut_custom_heading69ea9257ee22b span { border-left-style:solid;border-left-color:#fe8b54;border-left-width:5px;padding-left:10px;display:inline-block; }<\/style><h3 id=\"ut_custom_heading69ea9257ee22b\" data-responsive-font=\"h3\" data-responsive-font-settings=\"{&quot;base-font-size&quot;:&quot;global&quot;,&quot;font-size&quot;:{&quot;desktop_large&quot;:&quot;20&quot;},&quot;base-line-height&quot;:&quot;global&quot;,&quot;base-letter-spacing&quot;:&quot;global&quot;}\" class=\"ut-custom-heading-module\" ><span class=\"\" >Utiliza\u00e7\u00f5es<\/span><\/h3><style type=\"text\/css\">#ut_custom_heading69ea9257ee294 { font-size:14px !important;line-height:28px !important; }#ut_custom_heading69ea9257ee294 { text-align:left; }@media (min-width: 768px) and (max-width: 1024px) { #ut_custom_heading69ea9257ee294 { text-align:left; } }@media (max-width: 767px) { #ut_custom_heading69ea9257ee294 { text-align:left; } }<\/style><p id=\"ut_custom_heading69ea9257ee294\" data-responsive-font=\"p\" data-responsive-font-settings=\"{&quot;base-font-size&quot;:&quot;global&quot;,&quot;font-size&quot;:{&quot;desktop_large&quot;:&quot;14&quot;},&quot;base-line-height&quot;:&quot;global&quot;,&quot;line-height&quot;:{&quot;desktop_large&quot;:&quot;28&quot;},&quot;base-letter-spacing&quot;:&quot;global&quot;}\" class=\"ut-custom-heading-module\" ><span class=\"\" >Instala\u00e7\u00f5es m\u00f3veis em locais industriais, dom\u00e9sticos, escrit\u00f3rios e oficinas. <br \/>Aparelhos e dispositivos m\u00f3veis em geral. <br \/>N\u00e3o aptos para artefatos de aquecimento.<\/span><\/p><style type=\"text\/css\">#ut_custom_heading69ea9257ee32c { font-family: \"Raleway\";font-weight:500;font-style:normal; }#ut_custom_heading69ea9257ee32c { font-size:20px !important; }#ut_custom_heading69ea9257ee32c { text-align:left; }@media (min-width: 768px) and (max-width: 1024px) { #ut_custom_heading69ea9257ee32c { text-align:left; } }@media (max-width: 767px) { #ut_custom_heading69ea9257ee32c { text-align:left; } }#ut_custom_heading69ea9257ee32c span { border-left-style:solid;border-left-color:#fe8b54;border-left-width:5px;padding-left:10px;display:inline-block; }<\/style><h3 id=\"ut_custom_heading69ea9257ee32c\" data-responsive-font=\"h3\" data-responsive-font-settings=\"{&quot;base-font-size&quot;:&quot;global&quot;,&quot;font-size&quot;:{&quot;desktop_large&quot;:&quot;20&quot;},&quot;base-line-height&quot;:&quot;global&quot;,&quot;base-letter-spacing&quot;:&quot;global&quot;}\" class=\"ut-custom-heading-module\" ><span class=\"\" >Acondicionamento<\/span><\/h3><style type=\"text\/css\">#ut_custom_heading69ea9257ee392 { font-size:14px !important;line-height:28px !important; }#ut_custom_heading69ea9257ee392 { text-align:left; }@media (min-width: 768px) and (max-width: 1024px) { #ut_custom_heading69ea9257ee392 { text-align:left; } }@media (max-width: 767px) { #ut_custom_heading69ea9257ee392 { text-align:left; } }<\/style><p id=\"ut_custom_heading69ea9257ee392\" data-responsive-font=\"p\" data-responsive-font-settings=\"{&quot;base-font-size&quot;:&quot;global&quot;,&quot;font-size&quot;:{&quot;desktop_large&quot;:&quot;14&quot;},&quot;base-line-height&quot;:&quot;global&quot;,&quot;line-height&quot;:{&quot;desktop_large&quot;:&quot;28&quot;},&quot;base-letter-spacing&quot;:&quot;global&quot;}\" class=\"ut-custom-heading-module\" ><span class=\"\" >Em rolos ou bobinas de acordo com a exig\u00eancia.<\/p>\n<p><\/span><\/p><\/div><\/div><\/div><\/div><\/div><\/div><\/div><\/div><div class=\"vc_row-full-width vc_clearfix\"><\/div><div id=\"ut-row-69ea9257eed49\" data-vc-full-width=\"true\" data-vc-full-width-init=\"false\" class=\"vc_row wpb_row vc_row-fluid vc_column-gap-0 ut-row-69ea9257eed59\" ><div class=\"wpb_column vc_column_container vc_col-sm-12\" ><div id=\"ut_inner_column_69ea9257f01d1\" class=\"vc_column-inner\" ><div class=\"wpb_wrapper\"><div class=\"vc_empty_space\"   style=\"height: 40px\"><span class=\"vc_empty_space_inner\"><\/span><\/div><div  class=\"wpb_content_element   clearfix\"><style type=\"text\/css\">#ut_am_69ea9257f08d5 { opacity: 1; }#ut_am_wrap_69ea9257f08d6 { text-align: center; }@media (min-width: 768px) and (max-width: 1024px) { #ut_am_wrap_69ea9257f08d6 { text-align: center !important; } }@media (max-width: 767px) { #ut_am_wrap_69ea9257f08d6 { text-align: center !important; } }<\/style><div id=\"ut_am_wrap_69ea9257f08d6\" class=\"ut-image-gallery-image  ut-reveal-fx ut-element-with-block-reveal\"><div id=\"ut_reveal_69ea9257f08d7\" data-reveal-bgcolor=\"#000000\" data-reveal-direction=\"lr\" data-reveal-duration=\"750\" data-reveal-delay=\"250\" data-appear-top-offset=\"auto\" class=\"ut-animated-image-item ut-image-gallery-item ut-animation-done ut-reveal-fx-element ut-block-reveal-hide\"><a class=\"ut-deactivated-link\" href=\"#\"><div class=\"ut-animated-image-zoom\">\r\n        <div class=\"ut-element-glitch-wrap\">\r\n\r\n            \r\n        <style type=\"text\/css\">\r\n\r\n                        \r\n        @media (min-width: 1025px) {\r\n\r\n        #ut-element-glitch-69ea9257f0914572614743-359 .ut-glitch-single-element {\r\n                                            \r\n                }\r\n        }\r\n\r\n        @media (min-width: 768px) and (max-width: 1024px) {\r\n\r\n        #ut-element-glitch-69ea9257f0914572614743-359 .ut-glitch-single-element {\r\n                                                \r\n                    }\r\n        }\r\n\r\n        @media (max-width: 767px) {\r\n\r\n        #ut-element-glitch-69ea9257f0914572614743-359 .ut-glitch-single-element {\r\n                                                \r\n                    }\r\n        }\r\n\r\n        \r\n        <\/style>\r\n\r\n        \r\n            <div id=\"ut-element-glitch-69ea9257f0914572614743-359\" class=\"ut-element-glitch ut-glitch-none ut-element-glitch-permanent\">\r\n                <div class=\"ut-glitch-single-element ut-lozad skip-lazy\" data-background-image=\"https:\/\/coelpla.com.ar\/wp-content\/uploads\/2022\/03\/table-21.png\"><\/div>\r\n                <div class=\"ut-glitch-single-element ut-lozad skip-lazy\" data-background-image=\"https:\/\/coelpla.com.ar\/wp-content\/uploads\/2022\/03\/table-21.png\"><\/div>\r\n                <div class=\"ut-glitch-single-element ut-lozad skip-lazy\" data-background-image=\"https:\/\/coelpla.com.ar\/wp-content\/uploads\/2022\/03\/table-21.png\"><\/div>\r\n                <div class=\"ut-glitch-single-element ut-lozad skip-lazy\" data-background-image=\"https:\/\/coelpla.com.ar\/wp-content\/uploads\/2022\/03\/table-21.png\"><\/div>\r\n                <div class=\"ut-glitch-single-element ut-lozad skip-lazy\" data-background-image=\"https:\/\/coelpla.com.ar\/wp-content\/uploads\/2022\/03\/table-21.png\"><\/div>\r\n            <\/div>\r\n\r\n        <\/div>\r\n\r\n        <img loading=\"lazy\" decoding=\"async\" class=\"ut-lazy skip-lazy ut-animated-image\"  id=\"ut_am_69ea9257f08d5\" src=\"data:image\/svg+xml;charset=utf-8,%3Csvg xmlns%3D'http%3A%2F%2Fwww.w3.org%2F2000%2Fsvg' viewBox%3D'0 0 767 528'%2F%3E\" data-src=\"https:\/\/coelpla.com.ar\/wp-content\/uploads\/2022\/03\/table-21.png\" width=\"767\" height=\"528\" alt=\"CONDUCTORES ENVAINADOS REDONDOS -TIPO TALLER\"\/><\/div><\/a><\/div><\/div><\/div><\/div><\/div><\/div><\/div><div class=\"vc_row-full-width vc_clearfix\"><\/div><a data-id=\"section-without-id\" class=\"ut-vc-offset-anchor-bottom\" name=\"section-without-id\"><\/a><\/section><div class=\"vc_row-full-width vc_clearfix\"><\/div>\n<\/section>","protected":false},"excerpt":{"rendered":"CONDUCTORES ENVAINADOS REDONDOS -TIPO TALLER Caracter\u00edsticas Generales Conductores de cobre electrol\u00edtico recocido flexible clase 5, aislado con una capa de PVC antillama. Cableados entre s\u00ed y protegidos por una vaina penetrante de PVC flexible. La construcci\u00f3n puede ser: Bipolar, siendo los colores de cada conductor: marr\u00f3n, celeste. Tripolar: marr\u00f3n, celeste, negro. Tetrapolar: marr\u00f3n, celeste, negro [...]","protected":false},"author":1,"featured_media":0,"parent":0,"menu_order":0,"comment_status":"closed","ping_status":"closed","template":"","meta":{"_joinchat":[],"footnotes":""},"class_list":["post-354","page","type-page","status-publish","hentry"],"_links":{"self":[{"href":"https:\/\/coelpla.com.ar\/pt\/wp-json\/wp\/v2\/pages\/354","targetHints":{"allow":["GET"]}}],"collection":[{"href":"https:\/\/coelpla.com.ar\/pt\/wp-json\/wp\/v2\/pages"}],"about":[{"href":"https:\/\/coelpla.com.ar\/pt\/wp-json\/wp\/v2\/types\/page"}],"author":[{"embeddable":true,"href":"https:\/\/coelpla.com.ar\/pt\/wp-json\/wp\/v2\/users\/1"}],"replies":[{"embeddable":true,"href":"https:\/\/coelpla.com.ar\/pt\/wp-json\/wp\/v2\/comments?post=354"}],"version-history":[{"count":3,"href":"https:\/\/coelpla.com.ar\/pt\/wp-json\/wp\/v2\/pages\/354\/revisions"}],"predecessor-version":[{"id":360,"href":"https:\/\/coelpla.com.ar\/pt\/wp-json\/wp\/v2\/pages\/354\/revisions\/360"}],"wp:attachment":[{"href":"https:\/\/coelpla.com.ar\/pt\/wp-json\/wp\/v2\/media?parent=354"}],"curies":[{"name":"wp","href":"https:\/\/api.w.org\/{rel}","templated":true}]}}