{"id":325,"date":"2022-03-02T16:21:49","date_gmt":"2022-03-02T19:21:49","guid":{"rendered":"https:\/\/coelpla.com.ar\/?page_id=325"},"modified":"2022-03-02T16:36:22","modified_gmt":"2022-03-02T19:36:22","slug":"automotor-cable-para-bateria","status":"publish","type":"page","link":"https:\/\/coelpla.com.ar\/pt\/automotor-cable-para-bateria\/","title":{"rendered":"AUTOMOTOR CABLE PARA BATER\u00cdA"},"content":{"rendered":"<section class=\"wpb-content-wrapper\"><section id=\"ut-section-69eaa8ca5d6a6\" data-vc-full-width=\"true\" data-vc-full-width-init=\"false\" data-cursor-skin=\"global\" class=\"vc_section ut-vc-120 vc_section-has-no-fill ut-section-69eaa8ca5d6b9\"><div id=\"ut-row-69eaa8ca5df32\" data-vc-full-width=\"true\" data-vc-full-width-init=\"false\" class=\"vc_row wpb_row vc_row-fluid vc_column-gap-0 ut-row-69eaa8ca5df41\" ><div class=\"wpb_column vc_column_container vc_col-sm-12\" ><div id=\"ut_inner_column_69eaa8ca5e78d\" class=\"vc_column-inner\" ><div class=\"wpb_wrapper\"><style type=\"text\/css\">#ut_custom_heading69eaa8ca5ea58 { font-family: \"Raleway\";font-weight:400;font-style:normal; }#ut_custom_heading69eaa8ca5ea58 { font-size:35px !important; }#ut_custom_heading69eaa8ca5ea58 { text-align:left; }@media (min-width: 768px) and (max-width: 1024px) { #ut_custom_heading69eaa8ca5ea58 { text-align:left; } }@media (max-width: 767px) { #ut_custom_heading69eaa8ca5ea58 { text-align:left; } }<\/style><h1 id=\"ut_custom_heading69eaa8ca5ea58\" data-responsive-font=\"h1\" data-responsive-font-settings=\"{&quot;base-font-size&quot;:&quot;global&quot;,&quot;font-size&quot;:{&quot;desktop_large&quot;:&quot;35&quot;},&quot;base-line-height&quot;:&quot;global&quot;,&quot;base-letter-spacing&quot;:&quot;global&quot;}\" class=\"ut-custom-heading-module\" ><span class=\"\" >AUTOMOTRIZ CABO PARA BATERIA<\/span><\/h1><div id=\"ut-row-inner-69eaa8ca6299a\" class=\"vc_row wpb_row vc_inner vc_row-fluid ut-row-inner-69eaa8ca629b1\" ><div  class=\"wpb_column vc_column_container vc_col-sm-6\"><div id=\"ut-column-inner-69eaa8ca62e1a\" class=\"vc_column-inner vc_column-inner-nested\"><div class=\"wpb_wrapper\"><div  class=\"wpb_content_element   clearfix\"><style type=\"text\/css\">#ut_am_69eaa8ca63347 { opacity: 1; }#ut_am_wrap_69eaa8ca63348 .ut-animated-image-zoom::after { background: url(https:\/\/coelpla.com.ar\/wp-content\/uploads\/2022\/03\/5-CONDUCTOR-UNIPOLAR-500x500-1.png); }#ut_am_wrap_69eaa8ca63348 { text-align: center; }@media (min-width: 768px) and (max-width: 1024px) { #ut_am_wrap_69eaa8ca63348 { text-align: center !important; } }@media (max-width: 767px) { #ut_am_wrap_69eaa8ca63348 { text-align: center !important; } }<\/style><div id=\"ut_am_wrap_69eaa8ca63348\" class=\"ut-image-gallery-image  ut-reveal-fx ut-element-with-block-reveal\"><div id=\"ut_reveal_69eaa8ca63349\" data-reveal-bgcolor=\"#000000\" data-reveal-direction=\"lr\" data-reveal-duration=\"750\" data-reveal-delay=\"250\" data-appear-top-offset=\"auto\" class=\"ut-animated-image-item ut-image-gallery-item ut-animation-done ut-reveal-fx-element ut-block-reveal-hide\"><a data-exthumbimage=\"https:\/\/coelpla.com.ar\/wp-content\/uploads\/2022\/03\/5-CONDUCTOR-UNIPOLAR-500x500-1-200x200.png\" href=\"https:\/\/coelpla.com.ar\/wp-content\/uploads\/2022\/03\/5-CONDUCTOR-UNIPOLAR-1920x780-1.png\" class=\"ut-vc-images-lightbox ut-wait-for-plugin\" data-title=\"\" data-caption=\"\" data-caption-color=\"\" data-caption-background=\"\" data-force-caption=\"on\"><div class=\"ut-animated-image-zoom\">\r\n        <div class=\"ut-element-glitch-wrap\">\r\n\r\n            \r\n        <style type=\"text\/css\">\r\n\r\n                        \r\n        @media (min-width: 1025px) {\r\n\r\n        #ut-element-glitch-69eaa8ca63d24102366956-329 .ut-glitch-single-element {\r\n                                            \r\n                }\r\n        }\r\n\r\n        @media (min-width: 768px) and (max-width: 1024px) {\r\n\r\n        #ut-element-glitch-69eaa8ca63d24102366956-329 .ut-glitch-single-element {\r\n                                                \r\n                    }\r\n        }\r\n\r\n        @media (max-width: 767px) {\r\n\r\n        #ut-element-glitch-69eaa8ca63d24102366956-329 .ut-glitch-single-element {\r\n                                                \r\n                    }\r\n        }\r\n\r\n        \r\n        <\/style>\r\n\r\n        \r\n            <div id=\"ut-element-glitch-69eaa8ca63d24102366956-329\" class=\"ut-element-glitch ut-glitch-none ut-element-glitch-permanent\">\r\n                <div class=\"ut-glitch-single-element ut-lozad skip-lazy\" data-background-image=\"https:\/\/coelpla.com.ar\/wp-content\/uploads\/2022\/03\/5-CONDUCTOR-UNIPOLAR-500x500-1.png\"><\/div>\r\n                <div class=\"ut-glitch-single-element ut-lozad skip-lazy\" data-background-image=\"https:\/\/coelpla.com.ar\/wp-content\/uploads\/2022\/03\/5-CONDUCTOR-UNIPOLAR-500x500-1.png\"><\/div>\r\n                <div class=\"ut-glitch-single-element ut-lozad skip-lazy\" data-background-image=\"https:\/\/coelpla.com.ar\/wp-content\/uploads\/2022\/03\/5-CONDUCTOR-UNIPOLAR-500x500-1.png\"><\/div>\r\n                <div class=\"ut-glitch-single-element ut-lozad skip-lazy\" data-background-image=\"https:\/\/coelpla.com.ar\/wp-content\/uploads\/2022\/03\/5-CONDUCTOR-UNIPOLAR-500x500-1.png\"><\/div>\r\n                <div class=\"ut-glitch-single-element ut-lozad skip-lazy\" data-background-image=\"https:\/\/coelpla.com.ar\/wp-content\/uploads\/2022\/03\/5-CONDUCTOR-UNIPOLAR-500x500-1.png\"><\/div>\r\n            <\/div>\r\n\r\n        <\/div>\r\n\r\n        <img loading=\"lazy\" decoding=\"async\" class=\"ut-lazy skip-lazy ut-animated-image\"  id=\"ut_am_69eaa8ca63347\" src=\"data:image\/svg+xml;charset=utf-8,%3Csvg xmlns%3D'http%3A%2F%2Fwww.w3.org%2F2000%2Fsvg' viewBox%3D'0 0 500 500'%2F%3E\" data-src=\"https:\/\/coelpla.com.ar\/wp-content\/uploads\/2022\/03\/5-CONDUCTOR-UNIPOLAR-500x500-1.png\" width=\"500\" height=\"500\" alt=\"AUTOMOTOR CABLE PARA BATERIA\"\/><\/div><\/a><\/div><\/div><\/div><\/div><\/div><\/div><div  class=\"wpb_column vc_column_container vc_col-sm-6\"><div id=\"ut-column-inner-69eaa8ca64097\" class=\"vc_column-inner vc_column-inner-nested\"><div class=\"wpb_wrapper\"><style type=\"text\/css\">#ut_custom_heading69eaa8ca6420f { font-family: \"Raleway\";font-weight:500;font-style:normal; }#ut_custom_heading69eaa8ca6420f { font-size:20px !important; }#ut_custom_heading69eaa8ca6420f { text-align:left; }@media (min-width: 768px) and (max-width: 1024px) { #ut_custom_heading69eaa8ca6420f { text-align:left; } }@media (max-width: 767px) { #ut_custom_heading69eaa8ca6420f { text-align:left; } }#ut_custom_heading69eaa8ca6420f span { border-left-style:solid;border-left-color:#fe8b54;border-left-width:5px;padding-left:10px;display:inline-block; }<\/style><h3 id=\"ut_custom_heading69eaa8ca6420f\" data-responsive-font=\"h3\" data-responsive-font-settings=\"{&quot;base-font-size&quot;:&quot;global&quot;,&quot;font-size&quot;:{&quot;desktop_large&quot;:&quot;20&quot;},&quot;base-line-height&quot;:&quot;global&quot;,&quot;base-letter-spacing&quot;:&quot;global&quot;}\" class=\"ut-custom-heading-module\" ><span class=\"\" >Caracter\u00edsticas Gerais<br \/>\n<\/span><\/h3><style type=\"text\/css\">#ut_custom_heading69eaa8ca642a1 { font-size:14px !important;line-height:28px !important; }#ut_custom_heading69eaa8ca642a1 { text-align:left; }@media (min-width: 768px) and (max-width: 1024px) { #ut_custom_heading69eaa8ca642a1 { text-align:left; } }@media (max-width: 767px) { #ut_custom_heading69eaa8ca642a1 { text-align:left; } }<\/style><p id=\"ut_custom_heading69eaa8ca642a1\" data-responsive-font=\"p\" data-responsive-font-settings=\"{&quot;base-font-size&quot;:&quot;global&quot;,&quot;font-size&quot;:{&quot;desktop_large&quot;:&quot;14&quot;},&quot;base-line-height&quot;:&quot;global&quot;,&quot;line-height&quot;:{&quot;desktop_large&quot;:&quot;28&quot;},&quot;base-letter-spacing&quot;:&quot;global&quot;}\" class=\"ut-custom-heading-module\" ><span class=\"\" >Condutor flex\u00edvel classe 5 de cobre eletrol\u00edtico t\u00eampera e isolado com uma camada de PVC antichama (policloreto de vinila), nas cores preto e vermelho para 16-25-35-50 mm e preto para 70 e 95 mm. <br \/>Cumprem amplamente com as normas 280 NM, NM 247 e adicionais. <br \/>Tens\u00e3o: 450\/750<\/span><\/p><style type=\"text\/css\">#ut_custom_heading69eaa8ca64336 { font-family: \"Raleway\";font-weight:500;font-style:normal; }#ut_custom_heading69eaa8ca64336 { font-size:20px !important; }#ut_custom_heading69eaa8ca64336 { text-align:left; }@media (min-width: 768px) and (max-width: 1024px) { #ut_custom_heading69eaa8ca64336 { text-align:left; } }@media (max-width: 767px) { #ut_custom_heading69eaa8ca64336 { text-align:left; } }#ut_custom_heading69eaa8ca64336 span { border-left-style:solid;border-left-color:#fe8b54;border-left-width:5px;padding-left:10px;display:inline-block; }<\/style><h3 id=\"ut_custom_heading69eaa8ca64336\" data-responsive-font=\"h3\" data-responsive-font-settings=\"{&quot;base-font-size&quot;:&quot;global&quot;,&quot;font-size&quot;:{&quot;desktop_large&quot;:&quot;20&quot;},&quot;base-line-height&quot;:&quot;global&quot;,&quot;base-letter-spacing&quot;:&quot;global&quot;}\" class=\"ut-custom-heading-module\" ><span class=\"\" >Identifica\u00e7\u00e3o<\/span><\/h3><style type=\"text\/css\">#ut_custom_heading69eaa8ca643a3 { font-size:14px !important;line-height:28px !important; }#ut_custom_heading69eaa8ca643a3 { text-align:left; }@media (min-width: 768px) and (max-width: 1024px) { #ut_custom_heading69eaa8ca643a3 { text-align:left; } }@media (max-width: 767px) { #ut_custom_heading69eaa8ca643a3 { text-align:left; } }<\/style><p id=\"ut_custom_heading69eaa8ca643a3\" data-responsive-font=\"p\" data-responsive-font-settings=\"{&quot;base-font-size&quot;:&quot;global&quot;,&quot;font-size&quot;:{&quot;desktop_large&quot;:&quot;14&quot;},&quot;base-line-height&quot;:&quot;global&quot;,&quot;line-height&quot;:{&quot;desktop_large&quot;:&quot;28&quot;},&quot;base-letter-spacing&quot;:&quot;global&quot;}\" class=\"ut-custom-heading-module\" ><span class=\"\" >Cada motorista leva indicado na forma indel\u00e9vel sobre seu isolamento da marca COELPLA, se\u00e7\u00e3o nominal em mm2, Norma IRAM 247 NM 02-C5-BWF-B, e a tens\u00e3o 750 V. <br \/>A dist\u00e2ncia entre textos \u00e9 menor 1,00 metro.<\/span><\/p><style type=\"text\/css\">#ut_custom_heading69eaa8ca64444 { font-family: \"Raleway\";font-weight:500;font-style:normal; }#ut_custom_heading69eaa8ca64444 { font-size:20px !important; }#ut_custom_heading69eaa8ca64444 { text-align:left; }@media (min-width: 768px) and (max-width: 1024px) { #ut_custom_heading69eaa8ca64444 { text-align:left; } }@media (max-width: 767px) { #ut_custom_heading69eaa8ca64444 { text-align:left; } }#ut_custom_heading69eaa8ca64444 span { border-left-style:solid;border-left-color:#fe8b54;border-left-width:5px;padding-left:10px;display:inline-block; }<\/style><h3 id=\"ut_custom_heading69eaa8ca64444\" data-responsive-font=\"h3\" data-responsive-font-settings=\"{&quot;base-font-size&quot;:&quot;global&quot;,&quot;font-size&quot;:{&quot;desktop_large&quot;:&quot;20&quot;},&quot;base-line-height&quot;:&quot;global&quot;,&quot;base-letter-spacing&quot;:&quot;global&quot;}\" class=\"ut-custom-heading-module\" ><span class=\"\" >Utiliza\u00e7\u00f5es<\/span><\/h3><style type=\"text\/css\">#ut_custom_heading69eaa8ca644ae { font-size:14px !important;line-height:28px !important; }#ut_custom_heading69eaa8ca644ae { text-align:left; }@media (min-width: 768px) and (max-width: 1024px) { #ut_custom_heading69eaa8ca644ae { text-align:left; } }@media (max-width: 767px) { #ut_custom_heading69eaa8ca644ae { text-align:left; } }<\/style><p id=\"ut_custom_heading69eaa8ca644ae\" data-responsive-font=\"p\" data-responsive-font-settings=\"{&quot;base-font-size&quot;:&quot;global&quot;,&quot;font-size&quot;:{&quot;desktop_large&quot;:&quot;14&quot;},&quot;base-line-height&quot;:&quot;global&quot;,&quot;line-height&quot;:{&quot;desktop_large&quot;:&quot;28&quot;},&quot;base-letter-spacing&quot;:&quot;global&quot;}\" class=\"ut-custom-heading-module\" ><span class=\"\" >Suas caracter\u00edsticas de grande flexibilidade determinam a sua utiliza\u00e7\u00e3o para automotores.<\/span><\/p><style type=\"text\/css\">#ut_custom_heading69eaa8ca64540 { font-family: \"Raleway\";font-weight:500;font-style:normal; }#ut_custom_heading69eaa8ca64540 { font-size:20px !important; }#ut_custom_heading69eaa8ca64540 { text-align:left; }@media (min-width: 768px) and (max-width: 1024px) { #ut_custom_heading69eaa8ca64540 { text-align:left; } }@media (max-width: 767px) { #ut_custom_heading69eaa8ca64540 { text-align:left; } }#ut_custom_heading69eaa8ca64540 span { border-left-style:solid;border-left-color:#fe8b54;border-left-width:5px;padding-left:10px;display:inline-block; }<\/style><h3 id=\"ut_custom_heading69eaa8ca64540\" data-responsive-font=\"h3\" data-responsive-font-settings=\"{&quot;base-font-size&quot;:&quot;global&quot;,&quot;font-size&quot;:{&quot;desktop_large&quot;:&quot;20&quot;},&quot;base-line-height&quot;:&quot;global&quot;,&quot;base-letter-spacing&quot;:&quot;global&quot;}\" class=\"ut-custom-heading-module\" ><span class=\"\" >Acondicionamento<\/span><\/h3><style type=\"text\/css\">#ut_custom_heading69eaa8ca645a9 { font-size:14px !important;line-height:28px !important; }#ut_custom_heading69eaa8ca645a9 { text-align:left; }@media (min-width: 768px) and (max-width: 1024px) { #ut_custom_heading69eaa8ca645a9 { text-align:left; } }@media (max-width: 767px) { #ut_custom_heading69eaa8ca645a9 { text-align:left; } }<\/style><p id=\"ut_custom_heading69eaa8ca645a9\" data-responsive-font=\"p\" data-responsive-font-settings=\"{&quot;base-font-size&quot;:&quot;global&quot;,&quot;font-size&quot;:{&quot;desktop_large&quot;:&quot;14&quot;},&quot;base-line-height&quot;:&quot;global&quot;,&quot;line-height&quot;:{&quot;desktop_large&quot;:&quot;28&quot;},&quot;base-letter-spacing&quot;:&quot;global&quot;}\" class=\"ut-custom-heading-module\" ><span class=\"\" >Rolos de 100 metros ou bobinas de acordo com as necessidades.<\/p>\n<p><\/span><\/p><\/div><\/div><\/div><\/div><\/div><\/div><\/div><\/div><div class=\"vc_row-full-width vc_clearfix\"><\/div><div id=\"ut-row-69eaa8ca64ff0\" data-vc-full-width=\"true\" data-vc-full-width-init=\"false\" class=\"vc_row wpb_row vc_row-fluid vc_column-gap-0 ut-row-69eaa8ca65000\" ><div class=\"wpb_column vc_column_container vc_col-sm-12\" ><div id=\"ut_inner_column_69eaa8ca6566e\" class=\"vc_column-inner\" ><div class=\"wpb_wrapper\"><div class=\"vc_empty_space\"   style=\"height: 40px\"><span class=\"vc_empty_space_inner\"><\/span><\/div><div  class=\"wpb_content_element   clearfix\"><style type=\"text\/css\">#ut_am_69eaa8ca65c04 { opacity: 1; }#ut_am_wrap_69eaa8ca65c06 { text-align: center; }@media (min-width: 768px) and (max-width: 1024px) { #ut_am_wrap_69eaa8ca65c06 { text-align: center !important; } }@media (max-width: 767px) { #ut_am_wrap_69eaa8ca65c06 { text-align: center !important; } }<\/style><div id=\"ut_am_wrap_69eaa8ca65c06\" class=\"ut-image-gallery-image  ut-reveal-fx ut-element-with-block-reveal\"><div id=\"ut_reveal_69eaa8ca65c07\" data-reveal-bgcolor=\"#000000\" data-reveal-direction=\"lr\" data-reveal-duration=\"750\" data-reveal-delay=\"250\" data-appear-top-offset=\"auto\" class=\"ut-animated-image-item ut-image-gallery-item ut-animation-done ut-reveal-fx-element ut-block-reveal-hide\"><a class=\"ut-deactivated-link\" href=\"#\"><div class=\"ut-animated-image-zoom\">\r\n        <div class=\"ut-element-glitch-wrap\">\r\n\r\n            \r\n        <style type=\"text\/css\">\r\n\r\n                        \r\n        @media (min-width: 1025px) {\r\n\r\n        #ut-element-glitch-69eaa8ca65c3d471946793-333 .ut-glitch-single-element {\r\n                                            \r\n                }\r\n        }\r\n\r\n        @media (min-width: 768px) and (max-width: 1024px) {\r\n\r\n        #ut-element-glitch-69eaa8ca65c3d471946793-333 .ut-glitch-single-element {\r\n                                                \r\n                    }\r\n        }\r\n\r\n        @media (max-width: 767px) {\r\n\r\n        #ut-element-glitch-69eaa8ca65c3d471946793-333 .ut-glitch-single-element {\r\n                                                \r\n                    }\r\n        }\r\n\r\n        \r\n        <\/style>\r\n\r\n        \r\n            <div id=\"ut-element-glitch-69eaa8ca65c3d471946793-333\" class=\"ut-element-glitch ut-glitch-none ut-element-glitch-permanent\">\r\n                <div class=\"ut-glitch-single-element ut-lozad skip-lazy\" data-background-image=\"https:\/\/coelpla.com.ar\/wp-content\/uploads\/2022\/03\/table-18.png\"><\/div>\r\n                <div class=\"ut-glitch-single-element ut-lozad skip-lazy\" data-background-image=\"https:\/\/coelpla.com.ar\/wp-content\/uploads\/2022\/03\/table-18.png\"><\/div>\r\n                <div class=\"ut-glitch-single-element ut-lozad skip-lazy\" data-background-image=\"https:\/\/coelpla.com.ar\/wp-content\/uploads\/2022\/03\/table-18.png\"><\/div>\r\n                <div class=\"ut-glitch-single-element ut-lozad skip-lazy\" data-background-image=\"https:\/\/coelpla.com.ar\/wp-content\/uploads\/2022\/03\/table-18.png\"><\/div>\r\n                <div class=\"ut-glitch-single-element ut-lozad skip-lazy\" data-background-image=\"https:\/\/coelpla.com.ar\/wp-content\/uploads\/2022\/03\/table-18.png\"><\/div>\r\n            <\/div>\r\n\r\n        <\/div>\r\n\r\n        <img loading=\"lazy\" decoding=\"async\" class=\"ut-lazy skip-lazy ut-animated-image\"  id=\"ut_am_69eaa8ca65c04\" src=\"data:image\/svg+xml;charset=utf-8,%3Csvg xmlns%3D'http%3A%2F%2Fwww.w3.org%2F2000%2Fsvg' viewBox%3D'0 0 783 208'%2F%3E\" data-src=\"https:\/\/coelpla.com.ar\/wp-content\/uploads\/2022\/03\/table-18.png\" width=\"783\" height=\"208\" alt=\"AUTOMOTOR CABLE PARA BATERIA\"\/><\/div><\/a><\/div><\/div><\/div><\/div><\/div><\/div><\/div><div class=\"vc_row-full-width vc_clearfix\"><\/div><a data-id=\"section-without-id\" class=\"ut-vc-offset-anchor-bottom\" name=\"section-without-id\"><\/a><\/section><div class=\"vc_row-full-width vc_clearfix\"><\/div>\n<\/section>","protected":false},"excerpt":{"rendered":"AUTOMOTOR CABLE PARA BATERIA Caracter\u00edsticas Generales Conductor flexible clase 5 de cobre electrol\u00edtico recocido y aislado con una capa de PVC antillama (policloruro de vinilo) en colores negro y rojo para 16-25-35-50 mm y negro para 70 y 95 mm. Cumplen ampliamente con las normas NM 280, NM 247 y adicionales. Tensi\u00f3n nominal: 450\/750Identificaci\u00f3nCada conductor [...]","protected":false},"author":1,"featured_media":0,"parent":0,"menu_order":0,"comment_status":"closed","ping_status":"closed","template":"","meta":{"_joinchat":[],"footnotes":""},"class_list":["post-325","page","type-page","status-publish","hentry"],"_links":{"self":[{"href":"https:\/\/coelpla.com.ar\/pt\/wp-json\/wp\/v2\/pages\/325","targetHints":{"allow":["GET"]}}],"collection":[{"href":"https:\/\/coelpla.com.ar\/pt\/wp-json\/wp\/v2\/pages"}],"about":[{"href":"https:\/\/coelpla.com.ar\/pt\/wp-json\/wp\/v2\/types\/page"}],"author":[{"embeddable":true,"href":"https:\/\/coelpla.com.ar\/pt\/wp-json\/wp\/v2\/users\/1"}],"replies":[{"embeddable":true,"href":"https:\/\/coelpla.com.ar\/pt\/wp-json\/wp\/v2\/comments?post=325"}],"version-history":[{"count":5,"href":"https:\/\/coelpla.com.ar\/pt\/wp-json\/wp\/v2\/pages\/325\/revisions"}],"predecessor-version":[{"id":334,"href":"https:\/\/coelpla.com.ar\/pt\/wp-json\/wp\/v2\/pages\/325\/revisions\/334"}],"wp:attachment":[{"href":"https:\/\/coelpla.com.ar\/pt\/wp-json\/wp\/v2\/media?parent=325"}],"curies":[{"name":"wp","href":"https:\/\/api.w.org\/{rel}","templated":true}]}}