{"id":316,"date":"2022-03-02T16:09:34","date_gmt":"2022-03-02T19:09:34","guid":{"rendered":"https:\/\/coelpla.com.ar\/?page_id=316"},"modified":"2022-03-02T16:17:12","modified_gmt":"2022-03-02T19:17:12","slug":"amarre-para-cadena-de-compensacion-y-cables-comando-redondos","status":"publish","type":"page","link":"https:\/\/coelpla.com.ar\/pt\/amarre-para-cadena-de-compensacion-y-cables-comando-redondos\/","title":{"rendered":"AMARRA\u00c7\u00c3O PARA CADEIA DE COMPENSA\u00c7\u00c3O E CABOS DE COMANDO REDONDOS"},"content":{"rendered":"<section class=\"wpb-content-wrapper\"><section id=\"ut-section-69eaaa4fd00d4\" data-vc-full-width=\"true\" data-vc-full-width-init=\"false\" data-cursor-skin=\"global\" class=\"vc_section ut-vc-120 vc_section-has-no-fill ut-section-69eaaa4fd00ec\"><div id=\"ut-row-69eaaa4fd099b\" data-vc-full-width=\"true\" data-vc-full-width-init=\"false\" class=\"vc_row wpb_row vc_row-fluid vc_column-gap-0 ut-row-69eaaa4fd09ab\" ><div class=\"wpb_column vc_column_container vc_col-sm-12\" ><div id=\"ut_inner_column_69eaaa4fd1218\" class=\"vc_column-inner\" ><div class=\"wpb_wrapper\"><style type=\"text\/css\">#ut_custom_heading69eaaa4fd1513 { font-family: \"Raleway\";font-weight:400;font-style:normal; }#ut_custom_heading69eaaa4fd1513 { font-size:35px !important; }#ut_custom_heading69eaaa4fd1513 { text-align:left; }@media (min-width: 768px) and (max-width: 1024px) { #ut_custom_heading69eaaa4fd1513 { text-align:left; } }@media (max-width: 767px) { #ut_custom_heading69eaaa4fd1513 { text-align:left; } }<\/style><h1 id=\"ut_custom_heading69eaaa4fd1513\" data-responsive-font=\"h1\" data-responsive-font-settings=\"{&quot;base-font-size&quot;:&quot;global&quot;,&quot;font-size&quot;:{&quot;desktop_large&quot;:&quot;35&quot;},&quot;base-line-height&quot;:&quot;global&quot;,&quot;base-letter-spacing&quot;:&quot;global&quot;}\" class=\"ut-custom-heading-module\" ><span class=\"\" >AMARRA\u00c7\u00c3O PARA CADEIA DE COMPENSA\u00c7\u00c3O E CABOS DE COMANDO REDONDOS<\/span><\/h1><div id=\"ut-row-inner-69eaaa4fd5622\" class=\"vc_row wpb_row vc_inner vc_row-fluid ut-row-inner-69eaaa4fd563d\" ><div  class=\"wpb_column vc_column_container vc_col-sm-6\"><div id=\"ut-column-inner-69eaaa4fd5a6f\" class=\"vc_column-inner vc_column-inner-nested\"><div class=\"wpb_wrapper\"><div  class=\"wpb_content_element   clearfix\"><style type=\"text\/css\">#ut_am_69eaaa4fd6017 { opacity: 1; }#ut_am_wrap_69eaaa4fd6019 .ut-animated-image-zoom::after { background: url(https:\/\/coelpla.com.ar\/wp-content\/uploads\/2022\/03\/21-AMARRE-PARA-CADENA-500x500-1.png); }#ut_am_wrap_69eaaa4fd6019 { text-align: center; }@media (min-width: 768px) and (max-width: 1024px) { #ut_am_wrap_69eaaa4fd6019 { text-align: center !important; } }@media (max-width: 767px) { #ut_am_wrap_69eaaa4fd6019 { text-align: center !important; } }<\/style><div id=\"ut_am_wrap_69eaaa4fd6019\" class=\"ut-image-gallery-image  ut-reveal-fx ut-element-with-block-reveal\"><div id=\"ut_reveal_69eaaa4fd601a\" data-reveal-bgcolor=\"#000000\" data-reveal-direction=\"lr\" data-reveal-duration=\"750\" data-reveal-delay=\"250\" data-appear-top-offset=\"auto\" class=\"ut-animated-image-item ut-image-gallery-item ut-animation-done ut-reveal-fx-element ut-block-reveal-hide\"><a data-exthumbimage=\"https:\/\/coelpla.com.ar\/wp-content\/uploads\/2022\/03\/21-AMARRE-PARA-CADENA-500x500-1-200x200.png\" href=\"https:\/\/coelpla.com.ar\/wp-content\/uploads\/2022\/03\/21-AMARRE-PARA-CADENA-1920x780-1.png\" class=\"ut-vc-images-lightbox ut-wait-for-plugin\" data-title=\"\" data-caption=\"\" data-caption-color=\"\" data-caption-background=\"\" data-force-caption=\"on\"><div class=\"ut-animated-image-zoom\">\r\n        <div class=\"ut-element-glitch-wrap\">\r\n\r\n            \r\n        <style type=\"text\/css\">\r\n\r\n                        \r\n        @media (min-width: 1025px) {\r\n\r\n        #ut-element-glitch-69eaaa4fd6a7d594059456-320 .ut-glitch-single-element {\r\n                                            \r\n                }\r\n        }\r\n\r\n        @media (min-width: 768px) and (max-width: 1024px) {\r\n\r\n        #ut-element-glitch-69eaaa4fd6a7d594059456-320 .ut-glitch-single-element {\r\n                                                \r\n                    }\r\n        }\r\n\r\n        @media (max-width: 767px) {\r\n\r\n        #ut-element-glitch-69eaaa4fd6a7d594059456-320 .ut-glitch-single-element {\r\n                                                \r\n                    }\r\n        }\r\n\r\n        \r\n        <\/style>\r\n\r\n        \r\n            <div id=\"ut-element-glitch-69eaaa4fd6a7d594059456-320\" class=\"ut-element-glitch ut-glitch-none ut-element-glitch-permanent\">\r\n                <div class=\"ut-glitch-single-element ut-lozad skip-lazy\" data-background-image=\"https:\/\/coelpla.com.ar\/wp-content\/uploads\/2022\/03\/21-AMARRE-PARA-CADENA-500x500-1.png\"><\/div>\r\n                <div class=\"ut-glitch-single-element ut-lozad skip-lazy\" data-background-image=\"https:\/\/coelpla.com.ar\/wp-content\/uploads\/2022\/03\/21-AMARRE-PARA-CADENA-500x500-1.png\"><\/div>\r\n                <div class=\"ut-glitch-single-element ut-lozad skip-lazy\" data-background-image=\"https:\/\/coelpla.com.ar\/wp-content\/uploads\/2022\/03\/21-AMARRE-PARA-CADENA-500x500-1.png\"><\/div>\r\n                <div class=\"ut-glitch-single-element ut-lozad skip-lazy\" data-background-image=\"https:\/\/coelpla.com.ar\/wp-content\/uploads\/2022\/03\/21-AMARRE-PARA-CADENA-500x500-1.png\"><\/div>\r\n                <div class=\"ut-glitch-single-element ut-lozad skip-lazy\" data-background-image=\"https:\/\/coelpla.com.ar\/wp-content\/uploads\/2022\/03\/21-AMARRE-PARA-CADENA-500x500-1.png\"><\/div>\r\n            <\/div>\r\n\r\n        <\/div>\r\n\r\n        <img loading=\"lazy\" decoding=\"async\" class=\"ut-lazy skip-lazy ut-animated-image\"  id=\"ut_am_69eaaa4fd6017\" src=\"data:image\/svg+xml;charset=utf-8,%3Csvg xmlns%3D'http%3A%2F%2Fwww.w3.org%2F2000%2Fsvg' viewBox%3D'0 0 500 500'%2F%3E\" data-src=\"https:\/\/coelpla.com.ar\/wp-content\/uploads\/2022\/03\/21-AMARRE-PARA-CADENA-500x500-1.png\" width=\"500\" height=\"500\" alt=\"AMARRE PARA CADENA DE COMPENSACION Y CABLES COMANDO REDONDOS\"\/><\/div><\/a><\/div><\/div><\/div><\/div><\/div><\/div><div  class=\"wpb_column vc_column_container vc_col-sm-6\"><div id=\"ut-column-inner-69eaaa4fd6e15\" class=\"vc_column-inner vc_column-inner-nested\"><div class=\"wpb_wrapper\"><style type=\"text\/css\">#ut_custom_heading69eaaa4fd6fa0 { font-family: \"Raleway\";font-weight:500;font-style:normal; }#ut_custom_heading69eaaa4fd6fa0 { font-size:20px !important; }#ut_custom_heading69eaaa4fd6fa0 { text-align:left; }@media (min-width: 768px) and (max-width: 1024px) { #ut_custom_heading69eaaa4fd6fa0 { text-align:left; } }@media (max-width: 767px) { #ut_custom_heading69eaaa4fd6fa0 { text-align:left; } }#ut_custom_heading69eaaa4fd6fa0 span { border-left-style:solid;border-left-color:#fe8b54;border-left-width:5px;padding-left:10px;display:inline-block; }<\/style><h3 id=\"ut_custom_heading69eaaa4fd6fa0\" data-responsive-font=\"h3\" data-responsive-font-settings=\"{&quot;base-font-size&quot;:&quot;global&quot;,&quot;font-size&quot;:{&quot;desktop_large&quot;:&quot;20&quot;},&quot;base-line-height&quot;:&quot;global&quot;,&quot;base-letter-spacing&quot;:&quot;global&quot;}\" class=\"ut-custom-heading-module\" ><span class=\"\" >Caracter\u00edsticas Gerais<br \/>\n<\/span><\/h3><style type=\"text\/css\">#ut_custom_heading69eaaa4fd7041 { font-size:14px !important;line-height:28px !important; }#ut_custom_heading69eaaa4fd7041 { text-align:left; }@media (min-width: 768px) and (max-width: 1024px) { #ut_custom_heading69eaaa4fd7041 { text-align:left; } }@media (max-width: 767px) { #ut_custom_heading69eaaa4fd7041 { text-align:left; } }<\/style><p id=\"ut_custom_heading69eaaa4fd7041\" data-responsive-font=\"p\" data-responsive-font-settings=\"{&quot;base-font-size&quot;:&quot;global&quot;,&quot;font-size&quot;:{&quot;desktop_large&quot;:&quot;14&quot;},&quot;base-line-height&quot;:&quot;global&quot;,&quot;line-height&quot;:{&quot;desktop_large&quot;:&quot;28&quot;},&quot;base-letter-spacing&quot;:&quot;global&quot;}\" class=\"ut-custom-heading-module\" ><span class=\"\" >Constru\u00eddos de forma tubular. <br \/>Distribuem a sua for\u00e7a de fixa\u00e7\u00e3o em toda a sua extens\u00e3o. <br \/>Estando em estado natural, amarra\u00e7\u00e3o, tem que ser estendido para um di\u00e2metro maior para ser colocado em cabos viajantes ou correntes de compensa\u00e7\u00e3o. <br \/>Posteriormente, a amarra\u00e7\u00e3o procura voltar ao seu estado natural, exercendo uma for\u00e7a compressiva radial sobre o cabo. <br \/>A amarra\u00e7\u00e3o exerce a for\u00e7a em toda a sua extens\u00e3o, sobre o cabo, de uma forma positiva e permanente, sem danificar o mesmo. <br \/>O contr\u00e1rio ocorre com bra\u00e7adeiras mec\u00e2nicas r\u00edgidas que concentram a sua press\u00e3o para prender cabos ou correntes de compensa\u00e7\u00e3o revestidas, sobre uma \u00e1rea pequena, deformando-as e possibilitando um dano no cabo. <br \/>Amarra\u00e7\u00e3o dobr\u00e1vel: Este se fecha em torno do cabo por meio de um cord\u00e3o ou uma barra de a\u00e7o, Este \u00e9 utilizado em casos onde o local est\u00e1 longe da extremidade do cabo para prender.<\/span><\/p><\/div><\/div><\/div><\/div><\/div><\/div><\/div><\/div><div class=\"vc_row-full-width vc_clearfix\"><\/div><div id=\"ut-row-69eaaa4fd7917\" data-vc-full-width=\"true\" data-vc-full-width-init=\"false\" class=\"vc_row wpb_row vc_row-fluid vc_column-gap-0 ut-row-69eaaa4fd7926\" ><div class=\"wpb_column vc_column_container vc_col-sm-12\" ><div id=\"ut_inner_column_69eaaa4fd8139\" class=\"vc_column-inner\" ><div class=\"wpb_wrapper\"><div class=\"vc_empty_space\"   style=\"height: 40px\"><span class=\"vc_empty_space_inner\"><\/span><\/div><div  class=\"wpb_content_element   clearfix\"><style type=\"text\/css\">#ut_am_69eaaa4fd8ae9 { opacity: 1; }#ut_am_wrap_69eaaa4fd8aeb { text-align: center; }@media (min-width: 768px) and (max-width: 1024px) { #ut_am_wrap_69eaaa4fd8aeb { text-align: center !important; } }@media (max-width: 767px) { #ut_am_wrap_69eaaa4fd8aeb { text-align: center !important; } }<\/style><div id=\"ut_am_wrap_69eaaa4fd8aeb\" class=\"ut-image-gallery-image  ut-reveal-fx ut-element-with-block-reveal\"><div id=\"ut_reveal_69eaaa4fd8aec\" data-reveal-bgcolor=\"#000000\" data-reveal-direction=\"lr\" data-reveal-duration=\"750\" data-reveal-delay=\"250\" data-appear-top-offset=\"auto\" class=\"ut-animated-image-item ut-image-gallery-item ut-animation-done ut-reveal-fx-element ut-block-reveal-hide\"><a class=\"ut-deactivated-link\" href=\"#\"><div class=\"ut-animated-image-zoom\">\r\n        <div class=\"ut-element-glitch-wrap\">\r\n\r\n            \r\n        <style type=\"text\/css\">\r\n\r\n                        \r\n        @media (min-width: 1025px) {\r\n\r\n        #ut-element-glitch-69eaaa4fd8b33114720617-322 .ut-glitch-single-element {\r\n                                            \r\n                }\r\n        }\r\n\r\n        @media (min-width: 768px) and (max-width: 1024px) {\r\n\r\n        #ut-element-glitch-69eaaa4fd8b33114720617-322 .ut-glitch-single-element {\r\n                                                \r\n                    }\r\n        }\r\n\r\n        @media (max-width: 767px) {\r\n\r\n        #ut-element-glitch-69eaaa4fd8b33114720617-322 .ut-glitch-single-element {\r\n                                                \r\n                    }\r\n        }\r\n\r\n        \r\n        <\/style>\r\n\r\n        \r\n            <div id=\"ut-element-glitch-69eaaa4fd8b33114720617-322\" class=\"ut-element-glitch ut-glitch-none ut-element-glitch-permanent\">\r\n                <div class=\"ut-glitch-single-element ut-lozad skip-lazy\" data-background-image=\"https:\/\/coelpla.com.ar\/wp-content\/uploads\/2022\/03\/table-17.png\"><\/div>\r\n                <div class=\"ut-glitch-single-element ut-lozad skip-lazy\" data-background-image=\"https:\/\/coelpla.com.ar\/wp-content\/uploads\/2022\/03\/table-17.png\"><\/div>\r\n                <div class=\"ut-glitch-single-element ut-lozad skip-lazy\" data-background-image=\"https:\/\/coelpla.com.ar\/wp-content\/uploads\/2022\/03\/table-17.png\"><\/div>\r\n                <div class=\"ut-glitch-single-element ut-lozad skip-lazy\" data-background-image=\"https:\/\/coelpla.com.ar\/wp-content\/uploads\/2022\/03\/table-17.png\"><\/div>\r\n                <div class=\"ut-glitch-single-element ut-lozad skip-lazy\" data-background-image=\"https:\/\/coelpla.com.ar\/wp-content\/uploads\/2022\/03\/table-17.png\"><\/div>\r\n            <\/div>\r\n\r\n        <\/div>\r\n\r\n        <img loading=\"lazy\" decoding=\"async\" class=\"ut-lazy skip-lazy ut-animated-image\"  id=\"ut_am_69eaaa4fd8ae9\" src=\"data:image\/svg+xml;charset=utf-8,%3Csvg xmlns%3D'http%3A%2F%2Fwww.w3.org%2F2000%2Fsvg' viewBox%3D'0 0 782 238'%2F%3E\" data-src=\"https:\/\/coelpla.com.ar\/wp-content\/uploads\/2022\/03\/table-17.png\" width=\"782\" height=\"238\" alt=\"AMARRE PARA CADENA DE COMPENSACION Y CABLES COMANDO REDONDOS\"\/><\/div><\/a><\/div><\/div><\/div><\/div><\/div><\/div><\/div><div class=\"vc_row-full-width vc_clearfix\"><\/div><a data-id=\"section-without-id\" class=\"ut-vc-offset-anchor-bottom\" name=\"section-without-id\"><\/a><\/section><div class=\"vc_row-full-width vc_clearfix\"><\/div>\n<\/section>","protected":false},"excerpt":{"rendered":"AMARRE PARA CADENA DE COMPENSACI\u00d3N Y CABLES COMANDO REDONDOS Caracter\u00edsticas Generales Constru\u00eddos de manera tubular. Distribuyen su fuerza de sujeci\u00f3n en toda su extensi\u00f3n. Estando en estado natural, el amarre, tiene que ser ampliado a un di\u00e1metro m\u00e1s grande para ser colocado en los cables viajeros o cadenas de compensaci\u00f3n. Posteriormente el amarre procura volver [...]","protected":false},"author":1,"featured_media":0,"parent":0,"menu_order":0,"comment_status":"closed","ping_status":"closed","template":"","meta":{"_joinchat":[],"footnotes":""},"class_list":["post-316","page","type-page","status-publish","hentry"],"_links":{"self":[{"href":"https:\/\/coelpla.com.ar\/pt\/wp-json\/wp\/v2\/pages\/316","targetHints":{"allow":["GET"]}}],"collection":[{"href":"https:\/\/coelpla.com.ar\/pt\/wp-json\/wp\/v2\/pages"}],"about":[{"href":"https:\/\/coelpla.com.ar\/pt\/wp-json\/wp\/v2\/types\/page"}],"author":[{"embeddable":true,"href":"https:\/\/coelpla.com.ar\/pt\/wp-json\/wp\/v2\/users\/1"}],"replies":[{"embeddable":true,"href":"https:\/\/coelpla.com.ar\/pt\/wp-json\/wp\/v2\/comments?post=316"}],"version-history":[{"count":4,"href":"https:\/\/coelpla.com.ar\/pt\/wp-json\/wp\/v2\/pages\/316\/revisions"}],"predecessor-version":[{"id":323,"href":"https:\/\/coelpla.com.ar\/pt\/wp-json\/wp\/v2\/pages\/316\/revisions\/323"}],"wp:attachment":[{"href":"https:\/\/coelpla.com.ar\/pt\/wp-json\/wp\/v2\/media?parent=316"}],"curies":[{"name":"wp","href":"https:\/\/api.w.org\/{rel}","templated":true}]}}