{"id":282,"date":"2022-03-02T11:05:25","date_gmt":"2022-03-02T14:05:25","guid":{"rendered":"https:\/\/coelpla.com.ar\/?page_id=282"},"modified":"2022-03-02T12:00:37","modified_gmt":"2022-03-02T15:00:37","slug":"cable-plano-para-puentes-grua","status":"publish","type":"page","link":"https:\/\/coelpla.com.ar\/pt\/cable-plano-para-puentes-grua\/","title":{"rendered":"CABO PLANO PARA PONTES ROLANTES"},"content":{"rendered":"<section class=\"wpb-content-wrapper\"><section id=\"ut-section-69ea8fcc68d4a\" data-vc-full-width=\"true\" data-vc-full-width-init=\"false\" data-cursor-skin=\"global\" class=\"vc_section ut-vc-120 vc_section-has-no-fill ut-section-69ea8fcc68d5b\"><div id=\"ut-row-69ea8fcc6957f\" data-vc-full-width=\"true\" data-vc-full-width-init=\"false\" class=\"vc_row wpb_row vc_row-fluid vc_column-gap-0 ut-row-69ea8fcc6958f\" ><div class=\"wpb_column vc_column_container vc_col-sm-12\" ><div id=\"ut_inner_column_69ea8fcc69e17\" class=\"vc_column-inner\" ><div class=\"wpb_wrapper\"><style type=\"text\/css\">#ut_custom_heading69ea8fcc6a0f9 { font-family: \"Raleway\";font-weight:400;font-style:normal; }#ut_custom_heading69ea8fcc6a0f9 { font-size:35px !important; }#ut_custom_heading69ea8fcc6a0f9 { text-align:left; }@media (min-width: 768px) and (max-width: 1024px) { #ut_custom_heading69ea8fcc6a0f9 { text-align:left; } }@media (max-width: 767px) { #ut_custom_heading69ea8fcc6a0f9 { text-align:left; } }<\/style><h1 id=\"ut_custom_heading69ea8fcc6a0f9\" data-responsive-font=\"h1\" data-responsive-font-settings=\"{&quot;base-font-size&quot;:&quot;global&quot;,&quot;font-size&quot;:{&quot;desktop_large&quot;:&quot;35&quot;},&quot;base-line-height&quot;:&quot;global&quot;,&quot;base-letter-spacing&quot;:&quot;global&quot;}\" class=\"ut-custom-heading-module\" ><span class=\"\" >CABO PLANO PARA PONTES ROLANTES<\/span><\/h1><div id=\"ut-row-inner-69ea8fcc6e767\" class=\"vc_row wpb_row vc_inner vc_row-fluid ut-row-inner-69ea8fcc6e77f\" ><div  class=\"wpb_column vc_column_container vc_col-sm-6\"><div id=\"ut-column-inner-69ea8fcc6ebed\" class=\"vc_column-inner vc_column-inner-nested\"><div class=\"wpb_wrapper\"><div  class=\"wpb_content_element   clearfix\"><style type=\"text\/css\">#ut_am_69ea8fcc6f325 { opacity: 1; }#ut_am_wrap_69ea8fcc6f326 { text-align: center; }@media (min-width: 768px) and (max-width: 1024px) { #ut_am_wrap_69ea8fcc6f326 { text-align: center !important; } }@media (max-width: 767px) { #ut_am_wrap_69ea8fcc6f326 { text-align: center !important; } }<\/style><div id=\"ut_am_wrap_69ea8fcc6f326\" class=\"ut-image-gallery-image  ut-reveal-fx ut-element-with-block-reveal\"><div id=\"ut_reveal_69ea8fcc6f327\" data-reveal-bgcolor=\"#000000\" data-reveal-direction=\"lr\" data-reveal-duration=\"750\" data-reveal-delay=\"200\" data-appear-top-offset=\"auto\" class=\"ut-animated-image-item ut-image-gallery-item ut-animation-done ut-reveal-fx-element ut-block-reveal-hide\"><a class=\"ut-deactivated-link\" href=\"#\"><div class=\"ut-animated-image-zoom\">\r\n        <div class=\"ut-element-glitch-wrap\">\r\n\r\n            \r\n        <style type=\"text\/css\">\r\n\r\n                        \r\n        @media (min-width: 1025px) {\r\n\r\n        #ut-element-glitch-69ea8fcc6f383271987923-285 .ut-glitch-single-element {\r\n                                            \r\n                }\r\n        }\r\n\r\n        @media (min-width: 768px) and (max-width: 1024px) {\r\n\r\n        #ut-element-glitch-69ea8fcc6f383271987923-285 .ut-glitch-single-element {\r\n                                                \r\n                    }\r\n        }\r\n\r\n        @media (max-width: 767px) {\r\n\r\n        #ut-element-glitch-69ea8fcc6f383271987923-285 .ut-glitch-single-element {\r\n                                                \r\n                    }\r\n        }\r\n\r\n        \r\n        <\/style>\r\n\r\n        \r\n            <div id=\"ut-element-glitch-69ea8fcc6f383271987923-285\" class=\"ut-element-glitch ut-glitch-none ut-element-glitch-permanent\">\r\n                <div class=\"ut-glitch-single-element ut-lozad skip-lazy\" data-background-image=\"https:\/\/coelpla.com.ar\/wp-content\/uploads\/2022\/03\/CABLE-PLANO-PARA-PUENTES-GRUA-500x500-1.png\"><\/div>\r\n                <div class=\"ut-glitch-single-element ut-lozad skip-lazy\" data-background-image=\"https:\/\/coelpla.com.ar\/wp-content\/uploads\/2022\/03\/CABLE-PLANO-PARA-PUENTES-GRUA-500x500-1.png\"><\/div>\r\n                <div class=\"ut-glitch-single-element ut-lozad skip-lazy\" data-background-image=\"https:\/\/coelpla.com.ar\/wp-content\/uploads\/2022\/03\/CABLE-PLANO-PARA-PUENTES-GRUA-500x500-1.png\"><\/div>\r\n                <div class=\"ut-glitch-single-element ut-lozad skip-lazy\" data-background-image=\"https:\/\/coelpla.com.ar\/wp-content\/uploads\/2022\/03\/CABLE-PLANO-PARA-PUENTES-GRUA-500x500-1.png\"><\/div>\r\n                <div class=\"ut-glitch-single-element ut-lozad skip-lazy\" data-background-image=\"https:\/\/coelpla.com.ar\/wp-content\/uploads\/2022\/03\/CABLE-PLANO-PARA-PUENTES-GRUA-500x500-1.png\"><\/div>\r\n            <\/div>\r\n\r\n        <\/div>\r\n\r\n        <img loading=\"lazy\" decoding=\"async\" class=\"ut-lazy skip-lazy ut-animated-image\"  id=\"ut_am_69ea8fcc6f325\" src=\"data:image\/svg+xml;charset=utf-8,%3Csvg xmlns%3D'http%3A%2F%2Fwww.w3.org%2F2000%2Fsvg' viewBox%3D'0 0 500 500'%2F%3E\" data-src=\"https:\/\/coelpla.com.ar\/wp-content\/uploads\/2022\/03\/CABLE-PLANO-PARA-PUENTES-GRUA-500x500-1.png\" width=\"500\" height=\"500\" alt=\"CABLE PLANO PARA PUENTES GR\u00daA\"\/><\/div><\/a><\/div><\/div><\/div><\/div><\/div><\/div><div  class=\"wpb_column vc_column_container vc_col-sm-6\"><div id=\"ut-column-inner-69ea8fcc6f6f8\" class=\"vc_column-inner vc_column-inner-nested\"><div class=\"wpb_wrapper\"><style type=\"text\/css\">#ut_custom_heading69ea8fcc6f87a { font-family: \"Raleway\";font-weight:500;font-style:normal; }#ut_custom_heading69ea8fcc6f87a { font-size:20px !important; }#ut_custom_heading69ea8fcc6f87a { text-align:left; }@media (min-width: 768px) and (max-width: 1024px) { #ut_custom_heading69ea8fcc6f87a { text-align:left; } }@media (max-width: 767px) { #ut_custom_heading69ea8fcc6f87a { text-align:left; } }#ut_custom_heading69ea8fcc6f87a span { border-left-style:solid;border-left-color:#fe8b54;border-left-width:5px;padding-left:10px;display:inline-block; }<\/style><h3 id=\"ut_custom_heading69ea8fcc6f87a\" data-responsive-font=\"h3\" data-responsive-font-settings=\"{&quot;base-font-size&quot;:&quot;global&quot;,&quot;font-size&quot;:{&quot;desktop_large&quot;:&quot;20&quot;},&quot;base-line-height&quot;:&quot;global&quot;,&quot;base-letter-spacing&quot;:&quot;global&quot;}\" class=\"ut-custom-heading-module\" ><span class=\"\" >Identifica\u00e7\u00e3o<\/span><\/h3><style type=\"text\/css\">#ut_custom_heading69ea8fcc6f90e { font-size:14px !important;line-height:28px !important; }#ut_custom_heading69ea8fcc6f90e { text-align:left; }@media (min-width: 768px) and (max-width: 1024px) { #ut_custom_heading69ea8fcc6f90e { text-align:left; } }@media (max-width: 767px) { #ut_custom_heading69ea8fcc6f90e { text-align:left; } }<\/style><p id=\"ut_custom_heading69ea8fcc6f90e\" data-responsive-font=\"p\" data-responsive-font-settings=\"{&quot;base-font-size&quot;:&quot;global&quot;,&quot;font-size&quot;:{&quot;desktop_large&quot;:&quot;14&quot;},&quot;base-line-height&quot;:&quot;global&quot;,&quot;line-height&quot;:{&quot;desktop_large&quot;:&quot;28&quot;},&quot;base-letter-spacing&quot;:&quot;global&quot;}\" class=\"ut-custom-heading-module\" ><span class=\"\" >Os motoristas s\u00e3o agrupados em c\u00e9lulas e numerados cor - relativamente. <br \/>Isolados em PVC flex\u00edvel anti-chama e bainha exterior semi-borracha composta de PVC e borracha de cor preta. <br \/>Leva impressa sobre a mesma marca COELPLA, se\u00e7\u00e3o, n\u00famero de condutores, tens\u00e3o, pa\u00eds de origem e metros marcados em forma sequencial. <br \/>Baseadas nas especifica\u00e7\u00f5es de acordo com as normas IEC N\u00ba 60227-6-71F.<\/span><\/p><style type=\"text\/css\">#ut_custom_heading69ea8fcc6f9a6 { font-family: \"Raleway\";font-weight:500;font-style:normal; }#ut_custom_heading69ea8fcc6f9a6 { font-size:20px !important; }#ut_custom_heading69ea8fcc6f9a6 { text-align:left; }@media (min-width: 768px) and (max-width: 1024px) { #ut_custom_heading69ea8fcc6f9a6 { text-align:left; } }@media (max-width: 767px) { #ut_custom_heading69ea8fcc6f9a6 { text-align:left; } }#ut_custom_heading69ea8fcc6f9a6 span { border-left-style:solid;border-left-color:#fe8b54;border-left-width:5px;padding-left:10px;display:inline-block; }<\/style><h3 id=\"ut_custom_heading69ea8fcc6f9a6\" data-responsive-font=\"h3\" data-responsive-font-settings=\"{&quot;base-font-size&quot;:&quot;global&quot;,&quot;font-size&quot;:{&quot;desktop_large&quot;:&quot;20&quot;},&quot;base-line-height&quot;:&quot;global&quot;,&quot;base-letter-spacing&quot;:&quot;global&quot;}\" class=\"ut-custom-heading-module\" ><span class=\"\" >Caracter\u00edsticas el\u00e9tricas<br \/>\n<\/span><\/h3><style type=\"text\/css\">#ut_custom_heading69ea8fcc6fa15 { font-size:14px !important;line-height:28px !important; }#ut_custom_heading69ea8fcc6fa15 { text-align:left; }@media (min-width: 768px) and (max-width: 1024px) { #ut_custom_heading69ea8fcc6fa15 { text-align:left; } }@media (max-width: 767px) { #ut_custom_heading69ea8fcc6fa15 { text-align:left; } }<\/style><p id=\"ut_custom_heading69ea8fcc6fa15\" data-responsive-font=\"p\" data-responsive-font-settings=\"{&quot;base-font-size&quot;:&quot;global&quot;,&quot;font-size&quot;:{&quot;desktop_large&quot;:&quot;14&quot;},&quot;base-line-height&quot;:&quot;global&quot;,&quot;line-height&quot;:{&quot;desktop_large&quot;:&quot;28&quot;},&quot;base-letter-spacing&quot;:&quot;global&quot;}\" class=\"ut-custom-heading-module\" ><span class=\"\" >Tens\u00e3o: 450\/750 V<\/span><\/p><style type=\"text\/css\">#ut_custom_heading69ea8fcc6fab0 { font-family: \"Raleway\";font-weight:500;font-style:normal; }#ut_custom_heading69ea8fcc6fab0 { font-size:20px !important; }#ut_custom_heading69ea8fcc6fab0 { text-align:left; }@media (min-width: 768px) and (max-width: 1024px) { #ut_custom_heading69ea8fcc6fab0 { text-align:left; } }@media (max-width: 767px) { #ut_custom_heading69ea8fcc6fab0 { text-align:left; } }#ut_custom_heading69ea8fcc6fab0 span { border-left-style:solid;border-left-color:#fe8b54;border-left-width:5px;padding-left:10px;display:inline-block; }<\/style><h3 id=\"ut_custom_heading69ea8fcc6fab0\" data-responsive-font=\"h3\" data-responsive-font-settings=\"{&quot;base-font-size&quot;:&quot;global&quot;,&quot;font-size&quot;:{&quot;desktop_large&quot;:&quot;20&quot;},&quot;base-line-height&quot;:&quot;global&quot;,&quot;base-letter-spacing&quot;:&quot;global&quot;}\" class=\"ut-custom-heading-module\" ><span class=\"\" >Caracter\u00edsticas Mec\u00e2nicas<br \/>\n<\/span><\/h3><style type=\"text\/css\">#ut_custom_heading69ea8fcc6fb1c { font-size:14px !important;line-height:28px !important; }#ut_custom_heading69ea8fcc6fb1c { text-align:left; }@media (min-width: 768px) and (max-width: 1024px) { #ut_custom_heading69ea8fcc6fb1c { text-align:left; } }@media (max-width: 767px) { #ut_custom_heading69ea8fcc6fb1c { text-align:left; } }<\/style><p id=\"ut_custom_heading69ea8fcc6fb1c\" data-responsive-font=\"p\" data-responsive-font-settings=\"{&quot;base-font-size&quot;:&quot;global&quot;,&quot;font-size&quot;:{&quot;desktop_large&quot;:&quot;14&quot;},&quot;base-line-height&quot;:&quot;global&quot;,&quot;line-height&quot;:{&quot;desktop_large&quot;:&quot;28&quot;},&quot;base-letter-spacing&quot;:&quot;global&quot;}\" class=\"ut-custom-heading-module\" ><span class=\"\" >Raio de curvatura: 10 vezes a sua espessura.<\/span><\/p><style type=\"text\/css\">#ut_custom_heading69ea8fcc6fbbd { font-family: \"Raleway\";font-weight:500;font-style:normal; }#ut_custom_heading69ea8fcc6fbbd { font-size:20px !important; }#ut_custom_heading69ea8fcc6fbbd { text-align:left; }@media (min-width: 768px) and (max-width: 1024px) { #ut_custom_heading69ea8fcc6fbbd { text-align:left; } }@media (max-width: 767px) { #ut_custom_heading69ea8fcc6fbbd { text-align:left; } }#ut_custom_heading69ea8fcc6fbbd span { border-left-style:solid;border-left-color:#fe8b54;border-left-width:5px;padding-left:10px;display:inline-block; }<\/style><h3 id=\"ut_custom_heading69ea8fcc6fbbd\" data-responsive-font=\"h3\" data-responsive-font-settings=\"{&quot;base-font-size&quot;:&quot;global&quot;,&quot;font-size&quot;:{&quot;desktop_large&quot;:&quot;20&quot;},&quot;base-line-height&quot;:&quot;global&quot;,&quot;base-letter-spacing&quot;:&quot;global&quot;}\" class=\"ut-custom-heading-module\" ><span class=\"\" >Utiliza\u00e7\u00f5es<\/span><\/h3><style type=\"text\/css\">#ut_custom_heading69ea8fcc6fc27 { font-size:14px !important;line-height:28px !important; }#ut_custom_heading69ea8fcc6fc27 { text-align:left; }@media (min-width: 768px) and (max-width: 1024px) { #ut_custom_heading69ea8fcc6fc27 { text-align:left; } }@media (max-width: 767px) { #ut_custom_heading69ea8fcc6fc27 { text-align:left; } }<\/style><p id=\"ut_custom_heading69ea8fcc6fc27\" data-responsive-font=\"p\" data-responsive-font-settings=\"{&quot;base-font-size&quot;:&quot;global&quot;,&quot;font-size&quot;:{&quot;desktop_large&quot;:&quot;14&quot;},&quot;base-line-height&quot;:&quot;global&quot;,&quot;line-height&quot;:{&quot;desktop_large&quot;:&quot;28&quot;},&quot;base-letter-spacing&quot;:&quot;global&quot;}\" class=\"ut-custom-heading-module\" ><span class=\"\" >Cabos de comando para Pontes rolantes; Sistemas FES - TOON; esteiras transportadoras; alimenta\u00e7\u00e3o e controle de m\u00e1quinas m\u00f3veis em geral.<\/span><\/p><style type=\"text\/css\">#ut_custom_heading69ea8fcc6fcb0 { font-family: \"Raleway\";font-weight:500;font-style:normal; }#ut_custom_heading69ea8fcc6fcb0 { font-size:20px !important; }#ut_custom_heading69ea8fcc6fcb0 { text-align:left; }@media (min-width: 768px) and (max-width: 1024px) { #ut_custom_heading69ea8fcc6fcb0 { text-align:left; } }@media (max-width: 767px) { #ut_custom_heading69ea8fcc6fcb0 { text-align:left; } }#ut_custom_heading69ea8fcc6fcb0 span { border-left-style:solid;border-left-color:#fe8b54;border-left-width:5px;padding-left:10px;display:inline-block; }<\/style><h3 id=\"ut_custom_heading69ea8fcc6fcb0\" data-responsive-font=\"h3\" data-responsive-font-settings=\"{&quot;base-font-size&quot;:&quot;global&quot;,&quot;font-size&quot;:{&quot;desktop_large&quot;:&quot;20&quot;},&quot;base-line-height&quot;:&quot;global&quot;,&quot;base-letter-spacing&quot;:&quot;global&quot;}\" class=\"ut-custom-heading-module\" ><span class=\"\" >Acondicionamento<\/span><\/h3><style type=\"text\/css\">#ut_custom_heading69ea8fcc6fd18 { font-size:14px !important;line-height:28px !important; }#ut_custom_heading69ea8fcc6fd18 { text-align:left; }@media (min-width: 768px) and (max-width: 1024px) { #ut_custom_heading69ea8fcc6fd18 { text-align:left; } }@media (max-width: 767px) { #ut_custom_heading69ea8fcc6fd18 { text-align:left; } }<\/style><p id=\"ut_custom_heading69ea8fcc6fd18\" data-responsive-font=\"p\" data-responsive-font-settings=\"{&quot;base-font-size&quot;:&quot;global&quot;,&quot;font-size&quot;:{&quot;desktop_large&quot;:&quot;14&quot;},&quot;base-line-height&quot;:&quot;global&quot;,&quot;line-height&quot;:{&quot;desktop_large&quot;:&quot;28&quot;},&quot;base-letter-spacing&quot;:&quot;global&quot;}\" class=\"ut-custom-heading-module\" ><span class=\"\" >Em bobinas.<\/span><\/p><\/div><\/div><\/div><\/div><\/div><\/div><\/div><\/div><div class=\"vc_row-full-width vc_clearfix\"><\/div><div id=\"ut-row-69ea8fcc70b7e\" data-vc-full-width=\"true\" data-vc-full-width-init=\"false\" class=\"vc_row wpb_row vc_row-fluid vc_column-gap-0 ut-row-69ea8fcc70b8d\" ><div class=\"wpb_column vc_column_container vc_col-sm-12\" ><div id=\"ut_inner_column_69ea8fcc711f2\" class=\"vc_column-inner\" ><div class=\"wpb_wrapper\"><div class=\"vc_empty_space\"   style=\"height: 40px\"><span class=\"vc_empty_space_inner\"><\/span><\/div><div  class=\"wpb_content_element   clearfix\"><style type=\"text\/css\">#ut_am_69ea8fcc7285f { opacity: 1; }#ut_am_wrap_69ea8fcc72861 { text-align: center; }@media (min-width: 768px) and (max-width: 1024px) { #ut_am_wrap_69ea8fcc72861 { text-align: center !important; } }@media (max-width: 767px) { #ut_am_wrap_69ea8fcc72861 { text-align: center !important; } }<\/style><div id=\"ut_am_wrap_69ea8fcc72861\" class=\"ut-image-gallery-image  ut-reveal-fx ut-element-with-block-reveal\"><div id=\"ut_reveal_69ea8fcc72862\" data-reveal-bgcolor=\"#000000\" data-reveal-direction=\"lr\" data-reveal-duration=\"750\" data-reveal-delay=\"250\" data-appear-top-offset=\"auto\" class=\"ut-animated-image-item ut-image-gallery-item ut-animation-done ut-reveal-fx-element ut-block-reveal-hide\"><a class=\"ut-deactivated-link\" href=\"#\"><div class=\"ut-animated-image-zoom\">\r\n        <div class=\"ut-element-glitch-wrap\">\r\n\r\n            \r\n        <style type=\"text\/css\">\r\n\r\n                        \r\n        @media (min-width: 1025px) {\r\n\r\n        #ut-element-glitch-69ea8fcc7289a487020788-288 .ut-glitch-single-element {\r\n                                            \r\n                }\r\n        }\r\n\r\n        @media (min-width: 768px) and (max-width: 1024px) {\r\n\r\n        #ut-element-glitch-69ea8fcc7289a487020788-288 .ut-glitch-single-element {\r\n                                                \r\n                    }\r\n        }\r\n\r\n        @media (max-width: 767px) {\r\n\r\n        #ut-element-glitch-69ea8fcc7289a487020788-288 .ut-glitch-single-element {\r\n                                                \r\n                    }\r\n        }\r\n\r\n        \r\n        <\/style>\r\n\r\n        \r\n            <div id=\"ut-element-glitch-69ea8fcc7289a487020788-288\" class=\"ut-element-glitch ut-glitch-none ut-element-glitch-permanent\">\r\n                <div class=\"ut-glitch-single-element ut-lozad skip-lazy\" data-background-image=\"https:\/\/coelpla.com.ar\/wp-content\/uploads\/2022\/03\/table-13.png\"><\/div>\r\n                <div class=\"ut-glitch-single-element ut-lozad skip-lazy\" data-background-image=\"https:\/\/coelpla.com.ar\/wp-content\/uploads\/2022\/03\/table-13.png\"><\/div>\r\n                <div class=\"ut-glitch-single-element ut-lozad skip-lazy\" data-background-image=\"https:\/\/coelpla.com.ar\/wp-content\/uploads\/2022\/03\/table-13.png\"><\/div>\r\n                <div class=\"ut-glitch-single-element ut-lozad skip-lazy\" data-background-image=\"https:\/\/coelpla.com.ar\/wp-content\/uploads\/2022\/03\/table-13.png\"><\/div>\r\n                <div class=\"ut-glitch-single-element ut-lozad skip-lazy\" data-background-image=\"https:\/\/coelpla.com.ar\/wp-content\/uploads\/2022\/03\/table-13.png\"><\/div>\r\n            <\/div>\r\n\r\n        <\/div>\r\n\r\n        <img loading=\"lazy\" decoding=\"async\" class=\"ut-lazy skip-lazy ut-animated-image\"  id=\"ut_am_69ea8fcc7285f\" src=\"data:image\/svg+xml;charset=utf-8,%3Csvg xmlns%3D'http%3A%2F%2Fwww.w3.org%2F2000%2Fsvg' viewBox%3D'0 0 760 424'%2F%3E\" data-src=\"https:\/\/coelpla.com.ar\/wp-content\/uploads\/2022\/03\/table-13.png\" width=\"760\" height=\"424\" alt=\"CABLE PLANO PARA PUENTES GRUA\"\/><\/div><\/a><\/div><\/div><\/div><\/div><\/div><\/div><\/div><div class=\"vc_row-full-width vc_clearfix\"><\/div><a data-id=\"section-without-id\" class=\"ut-vc-offset-anchor-bottom\" name=\"section-without-id\"><\/a><\/section><div class=\"vc_row-full-width vc_clearfix\"><\/div>\n<\/section>","protected":false},"excerpt":{"rendered":"CABLE PLANO PARA PUENTES GR\u00daA Identificaci\u00f3nLos conductores son agrupados en celdas y numerados cor- relativamente. Aislados en PVC flexible anti-llama y vaina exterior semi-goma compuesta de PVC y caucho de color negro. LLeva impresa sobre la misma la marca COELPLA, secci\u00f3n, cantidad de conductores, tensi\u00f3n, pa\u00eds de origen y metros marcados en forma secuencial. Basadas [...]","protected":false},"author":1,"featured_media":0,"parent":0,"menu_order":0,"comment_status":"closed","ping_status":"closed","template":"","meta":{"_joinchat":[],"footnotes":""},"class_list":["post-282","page","type-page","status-publish","hentry"],"_links":{"self":[{"href":"https:\/\/coelpla.com.ar\/pt\/wp-json\/wp\/v2\/pages\/282","targetHints":{"allow":["GET"]}}],"collection":[{"href":"https:\/\/coelpla.com.ar\/pt\/wp-json\/wp\/v2\/pages"}],"about":[{"href":"https:\/\/coelpla.com.ar\/pt\/wp-json\/wp\/v2\/types\/page"}],"author":[{"embeddable":true,"href":"https:\/\/coelpla.com.ar\/pt\/wp-json\/wp\/v2\/users\/1"}],"replies":[{"embeddable":true,"href":"https:\/\/coelpla.com.ar\/pt\/wp-json\/wp\/v2\/comments?post=282"}],"version-history":[{"count":5,"href":"https:\/\/coelpla.com.ar\/pt\/wp-json\/wp\/v2\/pages\/282\/revisions"}],"predecessor-version":[{"id":289,"href":"https:\/\/coelpla.com.ar\/pt\/wp-json\/wp\/v2\/pages\/282\/revisions\/289"}],"wp:attachment":[{"href":"https:\/\/coelpla.com.ar\/pt\/wp-json\/wp\/v2\/media?parent=282"}],"curies":[{"name":"wp","href":"https:\/\/api.w.org\/{rel}","templated":true}]}}