{"id":269,"date":"2022-03-02T10:22:53","date_gmt":"2022-03-02T13:22:53","guid":{"rendered":"https:\/\/coelpla.com.ar\/?page_id=269"},"modified":"2022-03-02T11:00:15","modified_gmt":"2022-03-02T14:00:15","slug":"cable-comando-botonera-para-puentes-grua-con-soporte-de-acero","status":"publish","type":"page","link":"https:\/\/coelpla.com.ar\/pt\/cable-comando-botonera-para-puentes-grua-con-soporte-de-acero\/","title":{"rendered":"CABO COMANDO BOT\u00c3O PARA PONTES ROLANTES COM SUPORTE DE A\u00c7O"},"content":{"rendered":"<section class=\"wpb-content-wrapper\"><section id=\"ut-section-69eaaba4a616d\" data-vc-full-width=\"true\" data-vc-full-width-init=\"false\" data-cursor-skin=\"global\" class=\"vc_section ut-vc-120 vc_section-has-no-fill ut-section-69eaaba4a617d\"><div id=\"ut-row-69eaaba4a699f\" data-vc-full-width=\"true\" data-vc-full-width-init=\"false\" class=\"vc_row wpb_row vc_row-fluid vc_column-gap-0 ut-row-69eaaba4a69ad\" ><div class=\"wpb_column vc_column_container vc_col-sm-12\" ><div id=\"ut_inner_column_69eaaba4a71d2\" class=\"vc_column-inner\" ><div class=\"wpb_wrapper\"><style type=\"text\/css\">#ut_custom_heading69eaaba4a74db { font-family: \"Raleway\";font-weight:400;font-style:normal; }#ut_custom_heading69eaaba4a74db { font-size:35px !important; }#ut_custom_heading69eaaba4a74db { text-align:left; }@media (min-width: 768px) and (max-width: 1024px) { #ut_custom_heading69eaaba4a74db { text-align:left; } }@media (max-width: 767px) { #ut_custom_heading69eaaba4a74db { text-align:left; } }<\/style><h1 id=\"ut_custom_heading69eaaba4a74db\" data-responsive-font=\"h1\" data-responsive-font-settings=\"{&quot;base-font-size&quot;:&quot;global&quot;,&quot;font-size&quot;:{&quot;desktop_large&quot;:&quot;35&quot;},&quot;base-line-height&quot;:&quot;global&quot;,&quot;base-letter-spacing&quot;:&quot;global&quot;}\" class=\"ut-custom-heading-module\" ><span class=\"\" >CABO COMANDO BOT\u00c3O PARA PONTES ROLANTES COM SUPORTE DE A\u00c7O<\/span><\/h1><div id=\"ut-row-inner-69eaaba4ab574\" class=\"vc_row wpb_row vc_inner vc_row-fluid ut-row-inner-69eaaba4ab586\" ><div  class=\"wpb_column vc_column_container vc_col-sm-6\"><div id=\"ut-column-inner-69eaaba4ab9c8\" class=\"vc_column-inner vc_column-inner-nested\"><div class=\"wpb_wrapper\"><div  class=\"wpb_content_element   clearfix\"><style type=\"text\/css\">#ut_am_69eaaba4abf3e { opacity: 1; }#ut_am_wrap_69eaaba4abf40 .ut-animated-image-zoom::after { background: url(https:\/\/coelpla.com.ar\/wp-content\/uploads\/2022\/03\/15-CABLE-COMANDO-BOTONERA-500x500-1.png); }#ut_am_wrap_69eaaba4abf40 { text-align: center; }@media (min-width: 768px) and (max-width: 1024px) { #ut_am_wrap_69eaaba4abf40 { text-align: center !important; } }@media (max-width: 767px) { #ut_am_wrap_69eaaba4abf40 { text-align: center !important; } }<\/style><div id=\"ut_am_wrap_69eaaba4abf40\" class=\"ut-image-gallery-image  ut-reveal-fx ut-element-with-block-reveal\"><div id=\"ut_reveal_69eaaba4abf41\" data-reveal-bgcolor=\"#000000\" data-reveal-direction=\"lr\" data-reveal-duration=\"750\" data-reveal-delay=\"200\" data-appear-top-offset=\"auto\" class=\"ut-animated-image-item ut-image-gallery-item ut-animation-done ut-reveal-fx-element ut-block-reveal-hide\"><a data-exthumbimage=\"https:\/\/coelpla.com.ar\/wp-content\/uploads\/2022\/03\/15-CABLE-COMANDO-BOTONERA-500x500-1-200x200.png\" href=\"https:\/\/coelpla.com.ar\/wp-content\/uploads\/2022\/03\/15-CABLE-COMANDO-BOTONERA-500x500-1.png\" class=\"ut-vc-images-lightbox ut-wait-for-plugin\" data-title=\"\" data-caption=\"\" data-caption-color=\"\" data-caption-background=\"\" data-force-caption=\"on\"><div class=\"ut-animated-image-zoom\">\r\n        <div class=\"ut-element-glitch-wrap\">\r\n\r\n            \r\n        <style type=\"text\/css\">\r\n\r\n                        \r\n        @media (min-width: 1025px) {\r\n\r\n        #ut-element-glitch-69eaaba4ac68c460397307-274 .ut-glitch-single-element {\r\n                                            \r\n                }\r\n        }\r\n\r\n        @media (min-width: 768px) and (max-width: 1024px) {\r\n\r\n        #ut-element-glitch-69eaaba4ac68c460397307-274 .ut-glitch-single-element {\r\n                                                \r\n                    }\r\n        }\r\n\r\n        @media (max-width: 767px) {\r\n\r\n        #ut-element-glitch-69eaaba4ac68c460397307-274 .ut-glitch-single-element {\r\n                                                \r\n                    }\r\n        }\r\n\r\n        \r\n        <\/style>\r\n\r\n        \r\n            <div id=\"ut-element-glitch-69eaaba4ac68c460397307-274\" class=\"ut-element-glitch ut-glitch-none ut-element-glitch-permanent\">\r\n                <div class=\"ut-glitch-single-element ut-lozad skip-lazy\" data-background-image=\"https:\/\/coelpla.com.ar\/wp-content\/uploads\/2022\/03\/15-CABLE-COMANDO-BOTONERA-500x500-1.png\"><\/div>\r\n                <div class=\"ut-glitch-single-element ut-lozad skip-lazy\" data-background-image=\"https:\/\/coelpla.com.ar\/wp-content\/uploads\/2022\/03\/15-CABLE-COMANDO-BOTONERA-500x500-1.png\"><\/div>\r\n                <div class=\"ut-glitch-single-element ut-lozad skip-lazy\" data-background-image=\"https:\/\/coelpla.com.ar\/wp-content\/uploads\/2022\/03\/15-CABLE-COMANDO-BOTONERA-500x500-1.png\"><\/div>\r\n                <div class=\"ut-glitch-single-element ut-lozad skip-lazy\" data-background-image=\"https:\/\/coelpla.com.ar\/wp-content\/uploads\/2022\/03\/15-CABLE-COMANDO-BOTONERA-500x500-1.png\"><\/div>\r\n                <div class=\"ut-glitch-single-element ut-lozad skip-lazy\" data-background-image=\"https:\/\/coelpla.com.ar\/wp-content\/uploads\/2022\/03\/15-CABLE-COMANDO-BOTONERA-500x500-1.png\"><\/div>\r\n            <\/div>\r\n\r\n        <\/div>\r\n\r\n        <img loading=\"lazy\" decoding=\"async\" class=\"ut-lazy skip-lazy ut-animated-image\"  id=\"ut_am_69eaaba4abf3e\" src=\"data:image\/svg+xml;charset=utf-8,%3Csvg xmlns%3D'http%3A%2F%2Fwww.w3.org%2F2000%2Fsvg' viewBox%3D'0 0 500 500'%2F%3E\" data-src=\"https:\/\/coelpla.com.ar\/wp-content\/uploads\/2022\/03\/15-CABLE-COMANDO-BOTONERA-500x500-1.png\" width=\"500\" height=\"500\" alt=\"CABLE COMANDO BOTONERA PARA PUENTES GRUA CON SOPORTE DE ACERO\"\/><\/div><\/a><\/div><\/div><\/div><\/div><\/div><\/div><div  class=\"wpb_column vc_column_container vc_col-sm-6\"><div id=\"ut-column-inner-69eaaba4ac9fb\" class=\"vc_column-inner vc_column-inner-nested\"><div class=\"wpb_wrapper\"><style type=\"text\/css\">#ut_custom_heading69eaaba4acb61 { font-family: \"Raleway\";font-weight:500;font-style:normal; }#ut_custom_heading69eaaba4acb61 { font-size:20px !important; }#ut_custom_heading69eaaba4acb61 { text-align:left; }@media (min-width: 768px) and (max-width: 1024px) { #ut_custom_heading69eaaba4acb61 { text-align:left; } }@media (max-width: 767px) { #ut_custom_heading69eaaba4acb61 { text-align:left; } }#ut_custom_heading69eaaba4acb61 span { border-left-style:solid;border-left-color:#fe8b54;border-left-width:5px;padding-left:10px;display:inline-block; }<\/style><h3 id=\"ut_custom_heading69eaaba4acb61\" data-responsive-font=\"h3\" data-responsive-font-settings=\"{&quot;base-font-size&quot;:&quot;global&quot;,&quot;font-size&quot;:{&quot;desktop_large&quot;:&quot;20&quot;},&quot;base-line-height&quot;:&quot;global&quot;,&quot;base-letter-spacing&quot;:&quot;global&quot;}\" class=\"ut-custom-heading-module\" ><span class=\"\" >Caracter\u00edsticas Gerais<br \/>\n<\/span><\/h3><style type=\"text\/css\">#ut_custom_heading69eaaba4acbf9 { font-size:14px !important;line-height:28px !important; }#ut_custom_heading69eaaba4acbf9 { text-align:left; }@media (min-width: 768px) and (max-width: 1024px) { #ut_custom_heading69eaaba4acbf9 { text-align:left; } }@media (max-width: 767px) { #ut_custom_heading69eaaba4acbf9 { text-align:left; } }<\/style><p id=\"ut_custom_heading69eaaba4acbf9\" data-responsive-font=\"p\" data-responsive-font-settings=\"{&quot;base-font-size&quot;:&quot;global&quot;,&quot;font-size&quot;:{&quot;desktop_large&quot;:&quot;14&quot;},&quot;base-line-height&quot;:&quot;global&quot;,&quot;line-height&quot;:{&quot;desktop_large&quot;:&quot;28&quot;},&quot;base-letter-spacing&quot;:&quot;global&quot;}\" class=\"ut-custom-heading-module\" ><span class=\"\" >Com base nas especifica\u00e7\u00f5es s\/norma NM 280 \u2013 IEC 60227-6.71 C<\/span><\/p><style type=\"text\/css\">#ut_custom_heading69eaaba4acc94 { font-family: \"Raleway\";font-weight:500;font-style:normal; }#ut_custom_heading69eaaba4acc94 { font-size:20px !important; }#ut_custom_heading69eaaba4acc94 { text-align:left; }@media (min-width: 768px) and (max-width: 1024px) { #ut_custom_heading69eaaba4acc94 { text-align:left; } }@media (max-width: 767px) { #ut_custom_heading69eaaba4acc94 { text-align:left; } }#ut_custom_heading69eaaba4acc94 span { border-left-style:solid;border-left-color:#fe8b54;border-left-width:5px;padding-left:10px;display:inline-block; }<\/style><h3 id=\"ut_custom_heading69eaaba4acc94\" data-responsive-font=\"h3\" data-responsive-font-settings=\"{&quot;base-font-size&quot;:&quot;global&quot;,&quot;font-size&quot;:{&quot;desktop_large&quot;:&quot;20&quot;},&quot;base-line-height&quot;:&quot;global&quot;,&quot;base-letter-spacing&quot;:&quot;global&quot;}\" class=\"ut-custom-heading-module\" ><span class=\"\" >Identifica\u00e7\u00e3o<\/span><\/h3><style type=\"text\/css\">#ut_custom_heading69eaaba4acd04 { font-size:14px !important;line-height:28px !important; }#ut_custom_heading69eaaba4acd04 { text-align:left; }@media (min-width: 768px) and (max-width: 1024px) { #ut_custom_heading69eaaba4acd04 { text-align:left; } }@media (max-width: 767px) { #ut_custom_heading69eaaba4acd04 { text-align:left; } }<\/style><p id=\"ut_custom_heading69eaaba4acd04\" data-responsive-font=\"p\" data-responsive-font-settings=\"{&quot;base-font-size&quot;:&quot;global&quot;,&quot;font-size&quot;:{&quot;desktop_large&quot;:&quot;14&quot;},&quot;base-line-height&quot;:&quot;global&quot;,&quot;line-height&quot;:{&quot;desktop_large&quot;:&quot;28&quot;},&quot;base-letter-spacing&quot;:&quot;global&quot;}\" class=\"ut-custom-heading-module\" ><span class=\"\" >Numerados, condutor de terra Verde\/Amarelo. <br \/>A bainha exterior leva impressa sobre a mesma marca COELPLA, se\u00e7\u00e3o, n\u00famero de condutores, tens\u00e3o, pa\u00eds de origem e metros marcados em forma sequencial.<\/span><\/p><style type=\"text\/css\">#ut_custom_heading69eaaba4acdc6 { font-family: \"Raleway\";font-weight:500;font-style:normal; }#ut_custom_heading69eaaba4acdc6 { font-size:20px !important; }#ut_custom_heading69eaaba4acdc6 { text-align:left; }@media (min-width: 768px) and (max-width: 1024px) { #ut_custom_heading69eaaba4acdc6 { text-align:left; } }@media (max-width: 767px) { #ut_custom_heading69eaaba4acdc6 { text-align:left; } }#ut_custom_heading69eaaba4acdc6 span { border-left-style:solid;border-left-color:#fe8b54;border-left-width:5px;padding-left:10px;display:inline-block; }<\/style><h3 id=\"ut_custom_heading69eaaba4acdc6\" data-responsive-font=\"h3\" data-responsive-font-settings=\"{&quot;base-font-size&quot;:&quot;global&quot;,&quot;font-size&quot;:{&quot;desktop_large&quot;:&quot;20&quot;},&quot;base-line-height&quot;:&quot;global&quot;,&quot;base-letter-spacing&quot;:&quot;global&quot;}\" class=\"ut-custom-heading-module\" ><span class=\"\" >Caracter\u00edsticas el\u00e9tricas<br \/>\n<\/span><\/h3><style type=\"text\/css\">#ut_custom_heading69eaaba4ace35 { font-size:14px !important;line-height:28px !important; }#ut_custom_heading69eaaba4ace35 { text-align:left; }@media (min-width: 768px) and (max-width: 1024px) { #ut_custom_heading69eaaba4ace35 { text-align:left; } }@media (max-width: 767px) { #ut_custom_heading69eaaba4ace35 { text-align:left; } }<\/style><p id=\"ut_custom_heading69eaaba4ace35\" data-responsive-font=\"p\" data-responsive-font-settings=\"{&quot;base-font-size&quot;:&quot;global&quot;,&quot;font-size&quot;:{&quot;desktop_large&quot;:&quot;14&quot;},&quot;base-line-height&quot;:&quot;global&quot;,&quot;line-height&quot;:{&quot;desktop_large&quot;:&quot;28&quot;},&quot;base-letter-spacing&quot;:&quot;global&quot;}\" class=\"ut-custom-heading-module\" ><span class=\"\" >Tens\u00e3o: 450\/750 V<\/span><\/p><style type=\"text\/css\">#ut_custom_heading69eaaba4acec3 { font-family: \"Raleway\";font-weight:500;font-style:normal; }#ut_custom_heading69eaaba4acec3 { font-size:20px !important; }#ut_custom_heading69eaaba4acec3 { text-align:left; }@media (min-width: 768px) and (max-width: 1024px) { #ut_custom_heading69eaaba4acec3 { text-align:left; } }@media (max-width: 767px) { #ut_custom_heading69eaaba4acec3 { text-align:left; } }#ut_custom_heading69eaaba4acec3 span { border-left-style:solid;border-left-color:#fe8b54;border-left-width:5px;padding-left:10px;display:inline-block; }<\/style><h3 id=\"ut_custom_heading69eaaba4acec3\" data-responsive-font=\"h3\" data-responsive-font-settings=\"{&quot;base-font-size&quot;:&quot;global&quot;,&quot;font-size&quot;:{&quot;desktop_large&quot;:&quot;20&quot;},&quot;base-line-height&quot;:&quot;global&quot;,&quot;base-letter-spacing&quot;:&quot;global&quot;}\" class=\"ut-custom-heading-module\" ><span class=\"\" >Caracter\u00edsticas Mec\u00e2nicas<br \/>\n<\/span><\/h3><style type=\"text\/css\">#ut_custom_heading69eaaba4acf2c { font-size:14px !important;line-height:28px !important; }#ut_custom_heading69eaaba4acf2c { text-align:left; }@media (min-width: 768px) and (max-width: 1024px) { #ut_custom_heading69eaaba4acf2c { text-align:left; } }@media (max-width: 767px) { #ut_custom_heading69eaaba4acf2c { text-align:left; } }<\/style><p id=\"ut_custom_heading69eaaba4acf2c\" data-responsive-font=\"p\" data-responsive-font-settings=\"{&quot;base-font-size&quot;:&quot;global&quot;,&quot;font-size&quot;:{&quot;desktop_large&quot;:&quot;14&quot;},&quot;base-line-height&quot;:&quot;global&quot;,&quot;line-height&quot;:{&quot;desktop_large&quot;:&quot;28&quot;},&quot;base-letter-spacing&quot;:&quot;global&quot;}\" class=\"ut-custom-heading-module\" ><span class=\"\" >Raio de curvatura: 20 vezes a sua espessura. <br \/>Resist\u00eancia dos cabos de a\u00e7o: 500 kg<\/span><\/p><style type=\"text\/css\">#ut_custom_heading69eaaba4acfc2 { font-family: \"Raleway\";font-weight:500;font-style:normal; }#ut_custom_heading69eaaba4acfc2 { font-size:20px !important; }#ut_custom_heading69eaaba4acfc2 { text-align:left; }@media (min-width: 768px) and (max-width: 1024px) { #ut_custom_heading69eaaba4acfc2 { text-align:left; } }@media (max-width: 767px) { #ut_custom_heading69eaaba4acfc2 { text-align:left; } }#ut_custom_heading69eaaba4acfc2 span { border-left-style:solid;border-left-color:#fe8b54;border-left-width:5px;padding-left:10px;display:inline-block; }<\/style><h3 id=\"ut_custom_heading69eaaba4acfc2\" data-responsive-font=\"h3\" data-responsive-font-settings=\"{&quot;base-font-size&quot;:&quot;global&quot;,&quot;font-size&quot;:{&quot;desktop_large&quot;:&quot;20&quot;},&quot;base-line-height&quot;:&quot;global&quot;,&quot;base-letter-spacing&quot;:&quot;global&quot;}\" class=\"ut-custom-heading-module\" ><span class=\"\" >Utiliza\u00e7\u00f5es<\/span><\/h3><style type=\"text\/css\">#ut_custom_heading69eaaba4ad031 { font-size:14px !important;line-height:28px !important; }#ut_custom_heading69eaaba4ad031 { text-align:left; }@media (min-width: 768px) and (max-width: 1024px) { #ut_custom_heading69eaaba4ad031 { text-align:left; } }@media (max-width: 767px) { #ut_custom_heading69eaaba4ad031 { text-align:left; } }<\/style><p id=\"ut_custom_heading69eaaba4ad031\" data-responsive-font=\"p\" data-responsive-font-settings=\"{&quot;base-font-size&quot;:&quot;global&quot;,&quot;font-size&quot;:{&quot;desktop_large&quot;:&quot;14&quot;},&quot;base-line-height&quot;:&quot;global&quot;,&quot;line-height&quot;:{&quot;desktop_large&quot;:&quot;28&quot;},&quot;base-letter-spacing&quot;:&quot;global&quot;}\" class=\"ut-custom-heading-module\" ><span class=\"\" >Onde voc\u00ea precisa de um cabo monobloco, especialmente em quedas verticais. <br \/>Usado como um cabo de comando especialmente em Botoneras para Pontes rolantes.<\/span><\/p><style type=\"text\/css\">#ut_custom_heading69eaaba4ad0ba { font-family: \"Raleway\";font-weight:500;font-style:normal; }#ut_custom_heading69eaaba4ad0ba { font-size:20px !important; }#ut_custom_heading69eaaba4ad0ba { text-align:left; }@media (min-width: 768px) and (max-width: 1024px) { #ut_custom_heading69eaaba4ad0ba { text-align:left; } }@media (max-width: 767px) { #ut_custom_heading69eaaba4ad0ba { text-align:left; } }#ut_custom_heading69eaaba4ad0ba span { border-left-style:solid;border-left-color:#fe8b54;border-left-width:5px;padding-left:10px;display:inline-block; }<\/style><h3 id=\"ut_custom_heading69eaaba4ad0ba\" data-responsive-font=\"h3\" data-responsive-font-settings=\"{&quot;base-font-size&quot;:&quot;global&quot;,&quot;font-size&quot;:{&quot;desktop_large&quot;:&quot;20&quot;},&quot;base-line-height&quot;:&quot;global&quot;,&quot;base-letter-spacing&quot;:&quot;global&quot;}\" class=\"ut-custom-heading-module\" ><span class=\"\" >Acondicionamento<\/span><\/h3><style type=\"text\/css\">#ut_custom_heading69eaaba4ad120 { font-size:14px !important;line-height:28px !important; }#ut_custom_heading69eaaba4ad120 { text-align:left; }@media (min-width: 768px) and (max-width: 1024px) { #ut_custom_heading69eaaba4ad120 { text-align:left; } }@media (max-width: 767px) { #ut_custom_heading69eaaba4ad120 { text-align:left; } }<\/style><p id=\"ut_custom_heading69eaaba4ad120\" data-responsive-font=\"p\" data-responsive-font-settings=\"{&quot;base-font-size&quot;:&quot;global&quot;,&quot;font-size&quot;:{&quot;desktop_large&quot;:&quot;14&quot;},&quot;base-line-height&quot;:&quot;global&quot;,&quot;line-height&quot;:{&quot;desktop_large&quot;:&quot;28&quot;},&quot;base-letter-spacing&quot;:&quot;global&quot;}\" class=\"ut-custom-heading-module\" ><span class=\"\" >Em bobinas.<\/span><\/p><\/div><\/div><\/div><\/div><\/div><\/div><\/div><\/div><div class=\"vc_row-full-width vc_clearfix\"><\/div><div id=\"ut-row-69eaaba4ada6d\" data-vc-full-width=\"true\" data-vc-full-width-init=\"false\" class=\"vc_row wpb_row vc_row-fluid vc_column-gap-0 ut-row-69eaaba4ada7d\" ><div class=\"wpb_column vc_column_container vc_col-sm-12\" ><div id=\"ut_inner_column_69eaaba4ae0dc\" class=\"vc_column-inner\" ><div class=\"wpb_wrapper\"><div class=\"vc_empty_space\"   style=\"height: 40px\"><span class=\"vc_empty_space_inner\"><\/span><\/div><div  class=\"wpb_content_element   clearfix\"><style type=\"text\/css\">#ut_am_69eaaba4ae6b6 { opacity: 1; }#ut_am_wrap_69eaaba4ae6b7 { text-align: center; }@media (min-width: 768px) and (max-width: 1024px) { #ut_am_wrap_69eaaba4ae6b7 { text-align: center !important; } }@media (max-width: 767px) { #ut_am_wrap_69eaaba4ae6b7 { text-align: center !important; } }<\/style><div id=\"ut_am_wrap_69eaaba4ae6b7\" class=\"ut-image-gallery-image  ut-reveal-fx ut-element-with-block-reveal\"><div id=\"ut_reveal_69eaaba4ae6b8\" data-reveal-bgcolor=\"#000000\" data-reveal-direction=\"lr\" data-reveal-duration=\"750\" data-reveal-delay=\"250\" data-appear-top-offset=\"auto\" class=\"ut-animated-image-item ut-image-gallery-item ut-animation-done ut-reveal-fx-element ut-block-reveal-hide\"><a class=\"ut-deactivated-link\" href=\"#\"><div class=\"ut-animated-image-zoom\">\r\n        <div class=\"ut-element-glitch-wrap\">\r\n\r\n            \r\n        <style type=\"text\/css\">\r\n\r\n                        \r\n        @media (min-width: 1025px) {\r\n\r\n        #ut-element-glitch-69eaaba4ae6e5087887841-278 .ut-glitch-single-element {\r\n                                            \r\n                }\r\n        }\r\n\r\n        @media (min-width: 768px) and (max-width: 1024px) {\r\n\r\n        #ut-element-glitch-69eaaba4ae6e5087887841-278 .ut-glitch-single-element {\r\n                                                \r\n                    }\r\n        }\r\n\r\n        @media (max-width: 767px) {\r\n\r\n        #ut-element-glitch-69eaaba4ae6e5087887841-278 .ut-glitch-single-element {\r\n                                                \r\n                    }\r\n        }\r\n\r\n        \r\n        <\/style>\r\n\r\n        \r\n            <div id=\"ut-element-glitch-69eaaba4ae6e5087887841-278\" class=\"ut-element-glitch ut-glitch-none ut-element-glitch-permanent\">\r\n                <div class=\"ut-glitch-single-element ut-lozad skip-lazy\" data-background-image=\"https:\/\/coelpla.com.ar\/wp-content\/uploads\/2022\/03\/table-12.png\"><\/div>\r\n                <div class=\"ut-glitch-single-element ut-lozad skip-lazy\" data-background-image=\"https:\/\/coelpla.com.ar\/wp-content\/uploads\/2022\/03\/table-12.png\"><\/div>\r\n                <div class=\"ut-glitch-single-element ut-lozad skip-lazy\" data-background-image=\"https:\/\/coelpla.com.ar\/wp-content\/uploads\/2022\/03\/table-12.png\"><\/div>\r\n                <div class=\"ut-glitch-single-element ut-lozad skip-lazy\" data-background-image=\"https:\/\/coelpla.com.ar\/wp-content\/uploads\/2022\/03\/table-12.png\"><\/div>\r\n                <div class=\"ut-glitch-single-element ut-lozad skip-lazy\" data-background-image=\"https:\/\/coelpla.com.ar\/wp-content\/uploads\/2022\/03\/table-12.png\"><\/div>\r\n            <\/div>\r\n\r\n        <\/div>\r\n\r\n        <img loading=\"lazy\" decoding=\"async\" class=\"ut-lazy skip-lazy ut-animated-image\"  id=\"ut_am_69eaaba4ae6b6\" src=\"data:image\/svg+xml;charset=utf-8,%3Csvg xmlns%3D'http%3A%2F%2Fwww.w3.org%2F2000%2Fsvg' viewBox%3D'0 0 761 235'%2F%3E\" data-src=\"https:\/\/coelpla.com.ar\/wp-content\/uploads\/2022\/03\/table-12.png\" width=\"761\" height=\"235\" alt=\"CABLE COMANDO BOTONERA PARA PUENTES GRUA CON SOPORTE DE ACERO\"\/><\/div><\/a><\/div><\/div><\/div><\/div><\/div><\/div><\/div><div class=\"vc_row-full-width vc_clearfix\"><\/div><a data-id=\"section-without-id\" class=\"ut-vc-offset-anchor-bottom\" name=\"section-without-id\"><\/a><\/section><div class=\"vc_row-full-width vc_clearfix\"><\/div>\n<\/section>","protected":false},"excerpt":{"rendered":"CABLE COMANDO BOTONERA PARA PUENTES GR\u00daA CON SOPORTE DE ACERO Caracter\u00edsticas Generales Basadas en las especificaciones s\/norma NM 280 - IEC 60227-6.71CIdentificaci\u00f3nNumerados, conductor de tierra Verde\/Amarillo. La vaina exterior lleva impresa sobre la misma la marca COELPLA, secci\u00f3n, cantidad de conductores, tensi\u00f3n, pa\u00eds de origen y metros marcados en forma secuencial.Caracter\u00edsticas el\u00e9ctricas Tensi\u00f3n nominal: 450\/750 [...]","protected":false},"author":1,"featured_media":0,"parent":0,"menu_order":0,"comment_status":"closed","ping_status":"closed","template":"","meta":{"_joinchat":[],"footnotes":""},"class_list":["post-269","page","type-page","status-publish","hentry"],"_links":{"self":[{"href":"https:\/\/coelpla.com.ar\/pt\/wp-json\/wp\/v2\/pages\/269","targetHints":{"allow":["GET"]}}],"collection":[{"href":"https:\/\/coelpla.com.ar\/pt\/wp-json\/wp\/v2\/pages"}],"about":[{"href":"https:\/\/coelpla.com.ar\/pt\/wp-json\/wp\/v2\/types\/page"}],"author":[{"embeddable":true,"href":"https:\/\/coelpla.com.ar\/pt\/wp-json\/wp\/v2\/users\/1"}],"replies":[{"embeddable":true,"href":"https:\/\/coelpla.com.ar\/pt\/wp-json\/wp\/v2\/comments?post=269"}],"version-history":[{"count":7,"href":"https:\/\/coelpla.com.ar\/pt\/wp-json\/wp\/v2\/pages\/269\/revisions"}],"predecessor-version":[{"id":279,"href":"https:\/\/coelpla.com.ar\/pt\/wp-json\/wp\/v2\/pages\/269\/revisions\/279"}],"wp:attachment":[{"href":"https:\/\/coelpla.com.ar\/pt\/wp-json\/wp\/v2\/media?parent=269"}],"curies":[{"name":"wp","href":"https:\/\/api.w.org\/{rel}","templated":true}]}}