{"id":234,"date":"2022-02-25T17:00:04","date_gmt":"2022-02-25T20:00:04","guid":{"rendered":"https:\/\/coelpla.com.ar\/?page_id=234"},"modified":"2022-02-25T17:17:19","modified_gmt":"2022-02-25T20:17:19","slug":"cable-viajero-plano-multipolar","status":"publish","type":"page","link":"https:\/\/coelpla.com.ar\/pt\/cable-viajero-plano-multipolar\/","title":{"rendered":"CABO VIAJANTE PLANO MULTIPOLAR"},"content":{"rendered":"<section class=\"wpb-content-wrapper\"><section id=\"ut-section-69ea901014bc8\" data-vc-full-width=\"true\" data-vc-full-width-init=\"false\" data-cursor-skin=\"global\" class=\"vc_section ut-vc-120 vc_section-has-no-fill ut-section-69ea901014bd9\"><div id=\"ut-row-69ea901015407\" data-vc-full-width=\"true\" data-vc-full-width-init=\"false\" class=\"vc_row wpb_row vc_row-fluid vc_column-gap-0 ut-row-69ea901015417\" ><div class=\"wpb_column vc_column_container vc_col-sm-12\" ><div id=\"ut_inner_column_69ea901015cb5\" class=\"vc_column-inner\" ><div class=\"wpb_wrapper\"><style type=\"text\/css\">#ut_custom_heading69ea901015fb9 { font-family: \"Raleway\";font-weight:400;font-style:normal; }#ut_custom_heading69ea901015fb9 { font-size:35px !important; }#ut_custom_heading69ea901015fb9 { text-align:left; }@media (min-width: 768px) and (max-width: 1024px) { #ut_custom_heading69ea901015fb9 { text-align:left; } }@media (max-width: 767px) { #ut_custom_heading69ea901015fb9 { text-align:left; } }<\/style><h1 id=\"ut_custom_heading69ea901015fb9\" data-responsive-font=\"h1\" data-responsive-font-settings=\"{&quot;base-font-size&quot;:&quot;global&quot;,&quot;font-size&quot;:{&quot;desktop_large&quot;:&quot;35&quot;},&quot;base-line-height&quot;:&quot;global&quot;,&quot;base-letter-spacing&quot;:&quot;global&quot;}\" class=\"ut-custom-heading-module\" ><span class=\"\" >CABO VIAJANTE PLANO MULTIPOLAR<\/span><\/h1><div id=\"ut-row-inner-69ea90101a01a\" class=\"vc_row wpb_row vc_inner vc_row-fluid ut-row-inner-69ea90101a038\" ><div  class=\"wpb_column vc_column_container vc_col-sm-6\"><div id=\"ut-column-inner-69ea90101a47e\" class=\"vc_column-inner vc_column-inner-nested\"><div class=\"wpb_wrapper\"><div  class=\"wpb_content_element   clearfix\"><style type=\"text\/css\">#ut_am_69ea90101a9dd { opacity: 1; }#ut_am_wrap_69ea90101a9df .ut-animated-image-zoom::after { background: url(https:\/\/coelpla.com.ar\/wp-content\/uploads\/2022\/02\/8-CABLE-COMANDO-PLANO-MULTIPOLAR-500x500-1.png); }#ut_am_wrap_69ea90101a9df { text-align: center; }@media (min-width: 768px) and (max-width: 1024px) { #ut_am_wrap_69ea90101a9df { text-align: center !important; } }@media (max-width: 767px) { #ut_am_wrap_69ea90101a9df { text-align: center !important; } }<\/style><div id=\"ut_am_wrap_69ea90101a9df\" class=\"ut-image-gallery-image  ut-reveal-fx ut-element-with-block-reveal\"><div id=\"ut_reveal_69ea90101a9e0\" data-reveal-bgcolor=\"#000000\" data-reveal-direction=\"lr\" data-reveal-duration=\"750\" data-reveal-delay=\"200\" data-appear-top-offset=\"auto\" class=\"ut-animated-image-item ut-image-gallery-item ut-animation-done ut-reveal-fx-element ut-block-reveal-hide\"><a data-exthumbimage=\"https:\/\/coelpla.com.ar\/wp-content\/uploads\/2022\/02\/8-CABLE-COMANDO-PLANO-MULTIPOLAR-500x500-1-200x200.png\" href=\"https:\/\/coelpla.com.ar\/wp-content\/uploads\/2022\/02\/8-CABLE-COMANDO-PLANO-MULTIPOLAR-1920x780-1.png\" class=\"ut-vc-images-lightbox ut-wait-for-plugin\" data-title=\"\" data-caption=\"\" data-caption-color=\"\" data-caption-background=\"\" data-force-caption=\"on\"><div class=\"ut-animated-image-zoom\">\r\n        <div class=\"ut-element-glitch-wrap\">\r\n\r\n            \r\n        <style type=\"text\/css\">\r\n\r\n                        \r\n        @media (min-width: 1025px) {\r\n\r\n        #ut-element-glitch-69ea90101b40c582850739-236 .ut-glitch-single-element {\r\n                                            \r\n                }\r\n        }\r\n\r\n        @media (min-width: 768px) and (max-width: 1024px) {\r\n\r\n        #ut-element-glitch-69ea90101b40c582850739-236 .ut-glitch-single-element {\r\n                                                \r\n                    }\r\n        }\r\n\r\n        @media (max-width: 767px) {\r\n\r\n        #ut-element-glitch-69ea90101b40c582850739-236 .ut-glitch-single-element {\r\n                                                \r\n                    }\r\n        }\r\n\r\n        \r\n        <\/style>\r\n\r\n        \r\n            <div id=\"ut-element-glitch-69ea90101b40c582850739-236\" class=\"ut-element-glitch ut-glitch-none ut-element-glitch-permanent\">\r\n                <div class=\"ut-glitch-single-element ut-lozad skip-lazy\" data-background-image=\"https:\/\/coelpla.com.ar\/wp-content\/uploads\/2022\/02\/8-CABLE-COMANDO-PLANO-MULTIPOLAR-500x500-1.png\"><\/div>\r\n                <div class=\"ut-glitch-single-element ut-lozad skip-lazy\" data-background-image=\"https:\/\/coelpla.com.ar\/wp-content\/uploads\/2022\/02\/8-CABLE-COMANDO-PLANO-MULTIPOLAR-500x500-1.png\"><\/div>\r\n                <div class=\"ut-glitch-single-element ut-lozad skip-lazy\" data-background-image=\"https:\/\/coelpla.com.ar\/wp-content\/uploads\/2022\/02\/8-CABLE-COMANDO-PLANO-MULTIPOLAR-500x500-1.png\"><\/div>\r\n                <div class=\"ut-glitch-single-element ut-lozad skip-lazy\" data-background-image=\"https:\/\/coelpla.com.ar\/wp-content\/uploads\/2022\/02\/8-CABLE-COMANDO-PLANO-MULTIPOLAR-500x500-1.png\"><\/div>\r\n                <div class=\"ut-glitch-single-element ut-lozad skip-lazy\" data-background-image=\"https:\/\/coelpla.com.ar\/wp-content\/uploads\/2022\/02\/8-CABLE-COMANDO-PLANO-MULTIPOLAR-500x500-1.png\"><\/div>\r\n            <\/div>\r\n\r\n        <\/div>\r\n\r\n        <img loading=\"lazy\" decoding=\"async\" class=\"ut-lazy skip-lazy ut-animated-image\"  id=\"ut_am_69ea90101a9dd\" src=\"data:image\/svg+xml;charset=utf-8,%3Csvg xmlns%3D'http%3A%2F%2Fwww.w3.org%2F2000%2Fsvg' viewBox%3D'0 0 500 500'%2F%3E\" data-src=\"https:\/\/coelpla.com.ar\/wp-content\/uploads\/2022\/02\/8-CABLE-COMANDO-PLANO-MULTIPOLAR-500x500-1.png\" width=\"500\" height=\"500\" alt=\"CABLE VIAJERO PLANO MULTIPOLAR\"\/><\/div><\/a><\/div><\/div><\/div><\/div><\/div><\/div><div  class=\"wpb_column vc_column_container vc_col-sm-6\"><div id=\"ut-column-inner-69ea90101ba42\" class=\"vc_column-inner vc_column-inner-nested\"><div class=\"wpb_wrapper\"><style type=\"text\/css\">#ut_custom_heading69ea90101bbba { font-family: \"Raleway\";font-weight:500;font-style:normal; }#ut_custom_heading69ea90101bbba { font-size:20px !important; }#ut_custom_heading69ea90101bbba { text-align:left; }@media (min-width: 768px) and (max-width: 1024px) { #ut_custom_heading69ea90101bbba { text-align:left; } }@media (max-width: 767px) { #ut_custom_heading69ea90101bbba { text-align:left; } }#ut_custom_heading69ea90101bbba span { border-left-style:solid;border-left-color:#fe8b54;border-left-width:5px;padding-left:10px;display:inline-block; }<\/style><h3 id=\"ut_custom_heading69ea90101bbba\" data-responsive-font=\"h3\" data-responsive-font-settings=\"{&quot;base-font-size&quot;:&quot;global&quot;,&quot;font-size&quot;:{&quot;desktop_large&quot;:&quot;20&quot;},&quot;base-line-height&quot;:&quot;global&quot;,&quot;base-letter-spacing&quot;:&quot;global&quot;}\" class=\"ut-custom-heading-module\" ><span class=\"\" >Caracter\u00edsticas Gerais<br \/>\n<\/span><\/h3><style type=\"text\/css\">#ut_custom_heading69ea90101bc47 { font-size:14px !important;line-height:28px !important; }#ut_custom_heading69ea90101bc47 { text-align:left; }@media (min-width: 768px) and (max-width: 1024px) { #ut_custom_heading69ea90101bc47 { text-align:left; } }@media (max-width: 767px) { #ut_custom_heading69ea90101bc47 { text-align:left; } }<\/style><p id=\"ut_custom_heading69ea90101bc47\" data-responsive-font=\"p\" data-responsive-font-settings=\"{&quot;base-font-size&quot;:&quot;global&quot;,&quot;font-size&quot;:{&quot;desktop_large&quot;:&quot;14&quot;},&quot;base-line-height&quot;:&quot;global&quot;,&quot;line-height&quot;:{&quot;desktop_large&quot;:&quot;28&quot;},&quot;base-letter-spacing&quot;:&quot;global&quot;}\" class=\"ut-custom-heading-module\" ><span class=\"\" >O cabo \u00e9 constru\u00eddo com a central, cada um deles, de 6 (seis) motoristas com sua alma t\u00eaxtil no centro. Estas, por sua vez, se agrupam em c\u00e9lulas de 3 (tr\u00eas) ou 2 (dois) central de acordo com a sua forma\u00e7\u00e3o. Pode ser constru\u00eddo tamb\u00e9m com suporte de a\u00e7o, de acordo com a exig\u00eancia. Isolamento anti-chama. Bainha de atraso da chama. Baseados em especifica\u00e7\u00f5es de acordo com Normas NM 280 classe 5 \u2013 IEC N\u00b0 60227-6 71 F, UNE EM 50214.<\/span><\/p><style type=\"text\/css\">#ut_custom_heading69ea90101bce0 { font-family: \"Raleway\";font-weight:500;font-style:normal; }#ut_custom_heading69ea90101bce0 { font-size:20px !important; }#ut_custom_heading69ea90101bce0 { text-align:left; }@media (min-width: 768px) and (max-width: 1024px) { #ut_custom_heading69ea90101bce0 { text-align:left; } }@media (max-width: 767px) { #ut_custom_heading69ea90101bce0 { text-align:left; } }#ut_custom_heading69ea90101bce0 span { border-left-style:solid;border-left-color:#fe8b54;border-left-width:5px;padding-left:10px;display:inline-block; }<\/style><h3 id=\"ut_custom_heading69ea90101bce0\" data-responsive-font=\"h3\" data-responsive-font-settings=\"{&quot;base-font-size&quot;:&quot;global&quot;,&quot;font-size&quot;:{&quot;desktop_large&quot;:&quot;20&quot;},&quot;base-line-height&quot;:&quot;global&quot;,&quot;base-letter-spacing&quot;:&quot;global&quot;}\" class=\"ut-custom-heading-module\" ><span class=\"\" >Identifica\u00e7\u00e3o<\/span><\/h3><style type=\"text\/css\">#ut_custom_heading69ea90101bd50 { font-size:14px !important;line-height:28px !important; }#ut_custom_heading69ea90101bd50 { text-align:left; }@media (min-width: 768px) and (max-width: 1024px) { #ut_custom_heading69ea90101bd50 { text-align:left; } }@media (max-width: 767px) { #ut_custom_heading69ea90101bd50 { text-align:left; } }<\/style><p id=\"ut_custom_heading69ea90101bd50\" data-responsive-font=\"p\" data-responsive-font-settings=\"{&quot;base-font-size&quot;:&quot;global&quot;,&quot;font-size&quot;:{&quot;desktop_large&quot;:&quot;14&quot;},&quot;base-line-height&quot;:&quot;global&quot;,&quot;line-height&quot;:{&quot;desktop_large&quot;:&quot;28&quot;},&quot;base-letter-spacing&quot;:&quot;global&quot;}\" class=\"ut-custom-heading-module\" ><span class=\"\" >Os central agrupados em c\u00e9lulas diferenciam-se pela cor e s\u00e3o numerados ao. A bainha exterior leva impressa sobre a mesma marca COELPLA, se\u00e7\u00e3o, n\u00famero de condutores, tens\u00e3o, pa\u00eds de origem e metros marcados em forma sequencial.<\/span><\/p><style type=\"text\/css\">#ut_custom_heading69ea90101bddf { font-family: \"Raleway\";font-weight:500;font-style:normal; }#ut_custom_heading69ea90101bddf { font-size:20px !important; }#ut_custom_heading69ea90101bddf { text-align:left; }@media (min-width: 768px) and (max-width: 1024px) { #ut_custom_heading69ea90101bddf { text-align:left; } }@media (max-width: 767px) { #ut_custom_heading69ea90101bddf { text-align:left; } }#ut_custom_heading69ea90101bddf span { border-left-style:solid;border-left-color:#fe8b54;border-left-width:5px;padding-left:10px;display:inline-block; }<\/style><h3 id=\"ut_custom_heading69ea90101bddf\" data-responsive-font=\"h3\" data-responsive-font-settings=\"{&quot;base-font-size&quot;:&quot;global&quot;,&quot;font-size&quot;:{&quot;desktop_large&quot;:&quot;20&quot;},&quot;base-line-height&quot;:&quot;global&quot;,&quot;base-letter-spacing&quot;:&quot;global&quot;}\" class=\"ut-custom-heading-module\" ><span class=\"\" >Caracter\u00edsticas el\u00e9tricas<br \/>\n<\/span><\/h3><style type=\"text\/css\">#ut_custom_heading69ea90101be4a { font-size:14px !important;line-height:28px !important; }#ut_custom_heading69ea90101be4a { text-align:left; }@media (min-width: 768px) and (max-width: 1024px) { #ut_custom_heading69ea90101be4a { text-align:left; } }@media (max-width: 767px) { #ut_custom_heading69ea90101be4a { text-align:left; } }<\/style><p id=\"ut_custom_heading69ea90101be4a\" data-responsive-font=\"p\" data-responsive-font-settings=\"{&quot;base-font-size&quot;:&quot;global&quot;,&quot;font-size&quot;:{&quot;desktop_large&quot;:&quot;14&quot;},&quot;base-line-height&quot;:&quot;global&quot;,&quot;line-height&quot;:{&quot;desktop_large&quot;:&quot;28&quot;},&quot;base-letter-spacing&quot;:&quot;global&quot;}\" class=\"ut-custom-heading-module\" ><span class=\"\" >Tens\u00e3o nominal: 300 \/ 500 V<\/p>\n<p><\/span><\/p><style type=\"text\/css\">#ut_custom_heading69ea90101bed5 { font-family: \"Raleway\";font-weight:500;font-style:normal; }#ut_custom_heading69ea90101bed5 { font-size:20px !important; }#ut_custom_heading69ea90101bed5 { text-align:left; }@media (min-width: 768px) and (max-width: 1024px) { #ut_custom_heading69ea90101bed5 { text-align:left; } }@media (max-width: 767px) { #ut_custom_heading69ea90101bed5 { text-align:left; } }#ut_custom_heading69ea90101bed5 span { border-left-style:solid;border-left-color:#fe8b54;border-left-width:5px;padding-left:10px;display:inline-block; }<\/style><h3 id=\"ut_custom_heading69ea90101bed5\" data-responsive-font=\"h3\" data-responsive-font-settings=\"{&quot;base-font-size&quot;:&quot;global&quot;,&quot;font-size&quot;:{&quot;desktop_large&quot;:&quot;20&quot;},&quot;base-line-height&quot;:&quot;global&quot;,&quot;base-letter-spacing&quot;:&quot;global&quot;}\" class=\"ut-custom-heading-module\" ><span class=\"\" >Caracter\u00edsticas Mec\u00e2nicas<br \/>\n<\/span><\/h3><style type=\"text\/css\">#ut_custom_heading69ea90101bf3e { font-size:14px !important;line-height:28px !important; }#ut_custom_heading69ea90101bf3e { text-align:left; }@media (min-width: 768px) and (max-width: 1024px) { #ut_custom_heading69ea90101bf3e { text-align:left; } }@media (max-width: 767px) { #ut_custom_heading69ea90101bf3e { text-align:left; } }<\/style><p id=\"ut_custom_heading69ea90101bf3e\" data-responsive-font=\"p\" data-responsive-font-settings=\"{&quot;base-font-size&quot;:&quot;global&quot;,&quot;font-size&quot;:{&quot;desktop_large&quot;:&quot;14&quot;},&quot;base-line-height&quot;:&quot;global&quot;,&quot;line-height&quot;:{&quot;desktop_large&quot;:&quot;28&quot;},&quot;base-letter-spacing&quot;:&quot;global&quot;}\" class=\"ut-custom-heading-module\" ><span class=\"\" >Comprimento \u2013 suspens\u00e3o livre: max. 110 m de altura de percurso: max. 200 m Velocidade de percurso: at\u00e9 5 m\/s Di\u00e2metro de curva: 350 \/ 450 mm<\/span><\/p><style type=\"text\/css\">#ut_custom_heading69ea90101bfda { font-family: \"Raleway\";font-weight:500;font-style:normal; }#ut_custom_heading69ea90101bfda { font-size:20px !important; }#ut_custom_heading69ea90101bfda { text-align:left; }@media (min-width: 768px) and (max-width: 1024px) { #ut_custom_heading69ea90101bfda { text-align:left; } }@media (max-width: 767px) { #ut_custom_heading69ea90101bfda { text-align:left; } }#ut_custom_heading69ea90101bfda span { border-left-style:solid;border-left-color:#fe8b54;border-left-width:5px;padding-left:10px;display:inline-block; }<\/style><h3 id=\"ut_custom_heading69ea90101bfda\" data-responsive-font=\"h3\" data-responsive-font-settings=\"{&quot;base-font-size&quot;:&quot;global&quot;,&quot;font-size&quot;:{&quot;desktop_large&quot;:&quot;20&quot;},&quot;base-line-height&quot;:&quot;global&quot;,&quot;base-letter-spacing&quot;:&quot;global&quot;}\" class=\"ut-custom-heading-module\" ><span class=\"\" >Utiliza\u00e7\u00f5es<\/span><\/h3><style type=\"text\/css\">#ut_custom_heading69ea90101c043 { font-size:14px !important;line-height:28px !important; }#ut_custom_heading69ea90101c043 { text-align:left; }@media (min-width: 768px) and (max-width: 1024px) { #ut_custom_heading69ea90101c043 { text-align:left; } }@media (max-width: 767px) { #ut_custom_heading69ea90101c043 { text-align:left; } }<\/style><p id=\"ut_custom_heading69ea90101c043\" data-responsive-font=\"p\" data-responsive-font-settings=\"{&quot;base-font-size&quot;:&quot;global&quot;,&quot;font-size&quot;:{&quot;desktop_large&quot;:&quot;14&quot;},&quot;base-line-height&quot;:&quot;global&quot;,&quot;line-height&quot;:{&quot;desktop_large&quot;:&quot;28&quot;},&quot;base-letter-spacing&quot;:&quot;global&quot;}\" class=\"ut-custom-heading-module\" ><span class=\"\" >Cabos de comando para elevadores interiores ou panor\u00e2micos.<\/span><\/p><style type=\"text\/css\">#ut_custom_heading69ea90101c0cd { font-family: \"Raleway\";font-weight:500;font-style:normal; }#ut_custom_heading69ea90101c0cd { font-size:20px !important; }#ut_custom_heading69ea90101c0cd { text-align:left; }@media (min-width: 768px) and (max-width: 1024px) { #ut_custom_heading69ea90101c0cd { text-align:left; } }@media (max-width: 767px) { #ut_custom_heading69ea90101c0cd { text-align:left; } }#ut_custom_heading69ea90101c0cd span { border-left-style:solid;border-left-color:#fe8b54;border-left-width:5px;padding-left:10px;display:inline-block; }<\/style><h3 id=\"ut_custom_heading69ea90101c0cd\" data-responsive-font=\"h3\" data-responsive-font-settings=\"{&quot;base-font-size&quot;:&quot;global&quot;,&quot;font-size&quot;:{&quot;desktop_large&quot;:&quot;20&quot;},&quot;base-line-height&quot;:&quot;global&quot;,&quot;base-letter-spacing&quot;:&quot;global&quot;}\" class=\"ut-custom-heading-module\" ><span class=\"\" >Acondicionamento<\/span><\/h3><style type=\"text\/css\">#ut_custom_heading69ea90101c137 { font-size:14px !important;line-height:28px !important; }#ut_custom_heading69ea90101c137 { text-align:left; }@media (min-width: 768px) and (max-width: 1024px) { #ut_custom_heading69ea90101c137 { text-align:left; } }@media (max-width: 767px) { #ut_custom_heading69ea90101c137 { text-align:left; } }<\/style><p id=\"ut_custom_heading69ea90101c137\" data-responsive-font=\"p\" data-responsive-font-settings=\"{&quot;base-font-size&quot;:&quot;global&quot;,&quot;font-size&quot;:{&quot;desktop_large&quot;:&quot;14&quot;},&quot;base-line-height&quot;:&quot;global&quot;,&quot;line-height&quot;:{&quot;desktop_large&quot;:&quot;28&quot;},&quot;base-letter-spacing&quot;:&quot;global&quot;}\" class=\"ut-custom-heading-module\" ><span class=\"\" >Em bobinas.<\/span><\/p><\/div><\/div><\/div><\/div><\/div><\/div><\/div><\/div><div class=\"vc_row-full-width vc_clearfix\"><\/div><div id=\"ut-row-69ea90101cef7\" data-vc-full-width=\"true\" data-vc-full-width-init=\"false\" class=\"vc_row wpb_row vc_row-fluid vc_column-gap-0 ut-row-69ea90101cf1a\" ><div class=\"wpb_column vc_column_container vc_col-sm-12\" ><div id=\"ut_inner_column_69ea90101d585\" class=\"vc_column-inner\" ><div class=\"wpb_wrapper\"><div class=\"vc_empty_space\"   style=\"height: 40px\"><span class=\"vc_empty_space_inner\"><\/span><\/div><div  class=\"wpb_content_element   clearfix\"><style type=\"text\/css\">#ut_am_69ea90101db1a { opacity: 1; }#ut_am_wrap_69ea90101db1b { text-align: center; }@media (min-width: 768px) and (max-width: 1024px) { #ut_am_wrap_69ea90101db1b { text-align: center !important; } }@media (max-width: 767px) { #ut_am_wrap_69ea90101db1b { text-align: center !important; } }<\/style><div id=\"ut_am_wrap_69ea90101db1b\" class=\"ut-image-gallery-image  ut-reveal-fx ut-element-with-block-reveal\"><div id=\"ut_reveal_69ea90101db1c\" data-reveal-bgcolor=\"#000000\" data-reveal-direction=\"lr\" data-reveal-duration=\"750\" data-reveal-delay=\"200\" data-appear-top-offset=\"auto\" class=\"ut-animated-image-item ut-image-gallery-item ut-animation-done ut-reveal-fx-element ut-block-reveal-hide\"><a class=\"ut-deactivated-link\" href=\"#\"><div class=\"ut-animated-image-zoom\">\r\n        <div class=\"ut-element-glitch-wrap\">\r\n\r\n            \r\n        <style type=\"text\/css\">\r\n\r\n                        \r\n        @media (min-width: 1025px) {\r\n\r\n        #ut-element-glitch-69ea90101db50783602725-241 .ut-glitch-single-element {\r\n                                            \r\n                }\r\n        }\r\n\r\n        @media (min-width: 768px) and (max-width: 1024px) {\r\n\r\n        #ut-element-glitch-69ea90101db50783602725-241 .ut-glitch-single-element {\r\n                                                \r\n                    }\r\n        }\r\n\r\n        @media (max-width: 767px) {\r\n\r\n        #ut-element-glitch-69ea90101db50783602725-241 .ut-glitch-single-element {\r\n                                                \r\n                    }\r\n        }\r\n\r\n        \r\n        <\/style>\r\n\r\n        \r\n            <div id=\"ut-element-glitch-69ea90101db50783602725-241\" class=\"ut-element-glitch ut-glitch-none ut-element-glitch-permanent\">\r\n                <div class=\"ut-glitch-single-element ut-lozad skip-lazy\" data-background-image=\"https:\/\/coelpla.com.ar\/wp-content\/uploads\/2022\/02\/table-9.png\"><\/div>\r\n                <div class=\"ut-glitch-single-element ut-lozad skip-lazy\" data-background-image=\"https:\/\/coelpla.com.ar\/wp-content\/uploads\/2022\/02\/table-9.png\"><\/div>\r\n                <div class=\"ut-glitch-single-element ut-lozad skip-lazy\" data-background-image=\"https:\/\/coelpla.com.ar\/wp-content\/uploads\/2022\/02\/table-9.png\"><\/div>\r\n                <div class=\"ut-glitch-single-element ut-lozad skip-lazy\" data-background-image=\"https:\/\/coelpla.com.ar\/wp-content\/uploads\/2022\/02\/table-9.png\"><\/div>\r\n                <div class=\"ut-glitch-single-element ut-lozad skip-lazy\" data-background-image=\"https:\/\/coelpla.com.ar\/wp-content\/uploads\/2022\/02\/table-9.png\"><\/div>\r\n            <\/div>\r\n\r\n        <\/div>\r\n\r\n        <img loading=\"lazy\" decoding=\"async\" class=\"ut-lazy skip-lazy ut-animated-image\"  id=\"ut_am_69ea90101db1a\" src=\"data:image\/svg+xml;charset=utf-8,%3Csvg xmlns%3D'http%3A%2F%2Fwww.w3.org%2F2000%2Fsvg' viewBox%3D'0 0 771 162'%2F%3E\" data-src=\"https:\/\/coelpla.com.ar\/wp-content\/uploads\/2022\/02\/table-9.png\" width=\"771\" height=\"162\" alt=\"CABLE VIAJERO PLANO MULTIPOLAR\"\/><\/div><\/a><\/div><\/div><\/div><\/div><\/div><\/div><\/div><div class=\"vc_row-full-width vc_clearfix\"><\/div><a data-id=\"section-without-id\" class=\"ut-vc-offset-anchor-bottom\" name=\"section-without-id\"><\/a><\/section><div class=\"vc_row-full-width vc_clearfix\"><\/div>\n<\/section>","protected":false},"excerpt":{"rendered":"CABLE VIAJERO PLANO MULTIPOLAR Caracter\u00edsticas Generales El cable est\u00e1 construido con torones, cada uno de ellos de 6 (seis) conductores con su alma textil en el centro. Estas a su vez se agrupan en celdas de 3 (tres) o 2 (dos) torones seg\u00fan su formaci\u00f3n. Puede construirse tambi\u00e9n con soporte de acero, seg\u00fan requerimiento. Aislaci\u00f3n [...]","protected":false},"author":1,"featured_media":0,"parent":0,"menu_order":0,"comment_status":"closed","ping_status":"closed","template":"","meta":{"_joinchat":[],"footnotes":""},"class_list":["post-234","page","type-page","status-publish","hentry"],"_links":{"self":[{"href":"https:\/\/coelpla.com.ar\/pt\/wp-json\/wp\/v2\/pages\/234","targetHints":{"allow":["GET"]}}],"collection":[{"href":"https:\/\/coelpla.com.ar\/pt\/wp-json\/wp\/v2\/pages"}],"about":[{"href":"https:\/\/coelpla.com.ar\/pt\/wp-json\/wp\/v2\/types\/page"}],"author":[{"embeddable":true,"href":"https:\/\/coelpla.com.ar\/pt\/wp-json\/wp\/v2\/users\/1"}],"replies":[{"embeddable":true,"href":"https:\/\/coelpla.com.ar\/pt\/wp-json\/wp\/v2\/comments?post=234"}],"version-history":[{"count":5,"href":"https:\/\/coelpla.com.ar\/pt\/wp-json\/wp\/v2\/pages\/234\/revisions"}],"predecessor-version":[{"id":242,"href":"https:\/\/coelpla.com.ar\/pt\/wp-json\/wp\/v2\/pages\/234\/revisions\/242"}],"wp:attachment":[{"href":"https:\/\/coelpla.com.ar\/pt\/wp-json\/wp\/v2\/media?parent=234"}],"curies":[{"name":"wp","href":"https:\/\/api.w.org\/{rel}","templated":true}]}}