{"id":206,"date":"2022-02-24T17:30:26","date_gmt":"2022-02-24T20:30:26","guid":{"rendered":"https:\/\/coelpla.com.ar\/?page_id=206"},"modified":"2022-02-24T17:43:54","modified_gmt":"2022-02-24T20:43:54","slug":"cable-viajero-comando-ascensor-plano-con-soporte-de-acero","status":"publish","type":"page","link":"https:\/\/coelpla.com.ar\/pt\/cable-viajero-comando-ascensor-plano-con-soporte-de-acero\/","title":{"rendered":"CABO VIAJANTE-COMANDO ELEVADOR PLANO COM SUPORTE DE A\u00c7O"},"content":{"rendered":"<section class=\"wpb-content-wrapper\"><section id=\"ut-section-69eaa98caa773\" data-vc-full-width=\"true\" data-vc-full-width-init=\"false\" data-cursor-skin=\"global\" class=\"vc_section ut-vc-120 vc_section-has-no-fill ut-section-69eaa98caa783\"><div id=\"ut-row-69eaa98caaf7a\" data-vc-full-width=\"true\" data-vc-full-width-init=\"false\" class=\"vc_row wpb_row vc_row-fluid vc_column-gap-0 ut-row-69eaa98caaf88\" ><div class=\"wpb_column vc_column_container vc_col-sm-12\" ><div id=\"ut_inner_column_69eaa98cab795\" class=\"vc_column-inner\" ><div class=\"wpb_wrapper\"><style type=\"text\/css\">#ut_custom_heading69eaa98caba7a { font-family: \"Raleway\";font-weight:400;font-style:normal; }#ut_custom_heading69eaa98caba7a { font-size:35px !important; }#ut_custom_heading69eaa98caba7a { text-align:left; }@media (min-width: 768px) and (max-width: 1024px) { #ut_custom_heading69eaa98caba7a { text-align:left; } }@media (max-width: 767px) { #ut_custom_heading69eaa98caba7a { text-align:left; } }<\/style><h1 id=\"ut_custom_heading69eaa98caba7a\" data-responsive-font=\"h1\" data-responsive-font-settings=\"{&quot;base-font-size&quot;:&quot;global&quot;,&quot;font-size&quot;:{&quot;desktop_large&quot;:&quot;35&quot;},&quot;base-line-height&quot;:&quot;global&quot;,&quot;base-letter-spacing&quot;:&quot;global&quot;}\" class=\"ut-custom-heading-module\" ><span class=\"\" >CABO VIAJANTE-COMANDO ELEVADOR PLANO COM SUPORTE DE A\u00c7O<\/span><\/h1><div id=\"ut-row-inner-69eaa98cafb3c\" class=\"vc_row wpb_row vc_inner vc_row-fluid ut-row-inner-69eaa98cafb4d\" ><div  class=\"wpb_column vc_column_container vc_col-sm-6\"><div id=\"ut-column-inner-69eaa98caff6b\" class=\"vc_column-inner vc_column-inner-nested\"><div class=\"wpb_wrapper\"><div  class=\"wpb_content_element   clearfix\"><style type=\"text\/css\">#ut_am_69eaa98cb05bd { opacity: 1; }#ut_am_wrap_69eaa98cb05bf .ut-animated-image-zoom::after { background: url(https:\/\/coelpla.com.ar\/wp-content\/uploads\/2022\/02\/12-CABLE-COMANDO-PLANO-CON-SOPORTES-DE-ACERO-500x500-1.png); }#ut_am_wrap_69eaa98cb05bf { text-align: center; }@media (min-width: 768px) and (max-width: 1024px) { #ut_am_wrap_69eaa98cb05bf { text-align: center !important; } }@media (max-width: 767px) { #ut_am_wrap_69eaa98cb05bf { text-align: center !important; } }<\/style><div id=\"ut_am_wrap_69eaa98cb05bf\" class=\"ut-image-gallery-image  ut-reveal-fx ut-element-with-block-reveal\"><div id=\"ut_reveal_69eaa98cb05c0\" data-reveal-bgcolor=\"#000000\" data-reveal-direction=\"lr\" data-reveal-duration=\"750\" data-reveal-delay=\"200\" data-appear-top-offset=\"auto\" class=\"ut-animated-image-item ut-image-gallery-item ut-animation-done ut-reveal-fx-element ut-block-reveal-hide\"><a data-exthumbimage=\"https:\/\/coelpla.com.ar\/wp-content\/uploads\/2022\/02\/12-CABLE-COMANDO-PLANO-CON-SOPORTES-DE-ACERO-500x500-1-200x200.png\" href=\"https:\/\/coelpla.com.ar\/wp-content\/uploads\/2022\/02\/12-CABLE-COMANDO-PLANO-CON-SOPORTES-DE-ACERO-1920x780-1.png\" class=\"ut-vc-images-lightbox ut-wait-for-plugin\" data-title=\"\" data-caption=\"\" data-caption-color=\"\" data-caption-background=\"\" data-force-caption=\"on\"><div class=\"ut-animated-image-zoom\">\r\n        <div class=\"ut-element-glitch-wrap\">\r\n\r\n            \r\n        <style type=\"text\/css\">\r\n\r\n                        \r\n        @media (min-width: 1025px) {\r\n\r\n        #ut-element-glitch-69eaa98cb0f69982955748-209 .ut-glitch-single-element {\r\n                                            \r\n                }\r\n        }\r\n\r\n        @media (min-width: 768px) and (max-width: 1024px) {\r\n\r\n        #ut-element-glitch-69eaa98cb0f69982955748-209 .ut-glitch-single-element {\r\n                                                \r\n                    }\r\n        }\r\n\r\n        @media (max-width: 767px) {\r\n\r\n        #ut-element-glitch-69eaa98cb0f69982955748-209 .ut-glitch-single-element {\r\n                                                \r\n                    }\r\n        }\r\n\r\n        \r\n        <\/style>\r\n\r\n        \r\n            <div id=\"ut-element-glitch-69eaa98cb0f69982955748-209\" class=\"ut-element-glitch ut-glitch-none ut-element-glitch-permanent\">\r\n                <div class=\"ut-glitch-single-element ut-lozad skip-lazy\" data-background-image=\"https:\/\/coelpla.com.ar\/wp-content\/uploads\/2022\/02\/12-CABLE-COMANDO-PLANO-CON-SOPORTES-DE-ACERO-500x500-1.png\"><\/div>\r\n                <div class=\"ut-glitch-single-element ut-lozad skip-lazy\" data-background-image=\"https:\/\/coelpla.com.ar\/wp-content\/uploads\/2022\/02\/12-CABLE-COMANDO-PLANO-CON-SOPORTES-DE-ACERO-500x500-1.png\"><\/div>\r\n                <div class=\"ut-glitch-single-element ut-lozad skip-lazy\" data-background-image=\"https:\/\/coelpla.com.ar\/wp-content\/uploads\/2022\/02\/12-CABLE-COMANDO-PLANO-CON-SOPORTES-DE-ACERO-500x500-1.png\"><\/div>\r\n                <div class=\"ut-glitch-single-element ut-lozad skip-lazy\" data-background-image=\"https:\/\/coelpla.com.ar\/wp-content\/uploads\/2022\/02\/12-CABLE-COMANDO-PLANO-CON-SOPORTES-DE-ACERO-500x500-1.png\"><\/div>\r\n                <div class=\"ut-glitch-single-element ut-lozad skip-lazy\" data-background-image=\"https:\/\/coelpla.com.ar\/wp-content\/uploads\/2022\/02\/12-CABLE-COMANDO-PLANO-CON-SOPORTES-DE-ACERO-500x500-1.png\"><\/div>\r\n            <\/div>\r\n\r\n        <\/div>\r\n\r\n        <img loading=\"lazy\" decoding=\"async\" class=\"ut-lazy skip-lazy ut-animated-image\"  id=\"ut_am_69eaa98cb05bd\" src=\"data:image\/svg+xml;charset=utf-8,%3Csvg xmlns%3D'http%3A%2F%2Fwww.w3.org%2F2000%2Fsvg' viewBox%3D'0 0 500 500'%2F%3E\" data-src=\"https:\/\/coelpla.com.ar\/wp-content\/uploads\/2022\/02\/12-CABLE-COMANDO-PLANO-CON-SOPORTES-DE-ACERO-500x500-1.png\" width=\"500\" height=\"500\" alt=\"CABLE VIAJERO-COMANDO ASCENSOR PLANO CON SOPORTE DE ACERO\"\/><\/div><\/a><\/div><\/div><\/div><\/div><\/div><\/div><div  class=\"wpb_column vc_column_container vc_col-sm-6\"><div id=\"ut-column-inner-69eaa98cb12ba\" class=\"vc_column-inner vc_column-inner-nested\"><div class=\"wpb_wrapper\"><style type=\"text\/css\">#ut_custom_heading69eaa98cb1414 { font-family: \"Raleway\";font-weight:500;font-style:normal; }#ut_custom_heading69eaa98cb1414 { font-size:20px !important; }#ut_custom_heading69eaa98cb1414 { text-align:left; }@media (min-width: 768px) and (max-width: 1024px) { #ut_custom_heading69eaa98cb1414 { text-align:left; } }@media (max-width: 767px) { #ut_custom_heading69eaa98cb1414 { text-align:left; } }#ut_custom_heading69eaa98cb1414 span { border-left-style:solid;border-left-color:#fe8b54;border-left-width:5px;padding-left:10px;display:inline-block; }<\/style><h3 id=\"ut_custom_heading69eaa98cb1414\" data-responsive-font=\"h3\" data-responsive-font-settings=\"{&quot;base-font-size&quot;:&quot;global&quot;,&quot;font-size&quot;:{&quot;desktop_large&quot;:&quot;20&quot;},&quot;base-line-height&quot;:&quot;global&quot;,&quot;base-letter-spacing&quot;:&quot;global&quot;}\" class=\"ut-custom-heading-module\" ><span class=\"\" >Identifica\u00e7\u00e3o<br \/>\n<\/span><\/h3><style type=\"text\/css\">#ut_custom_heading69eaa98cb149a { font-size:14px !important;line-height:28px !important; }#ut_custom_heading69eaa98cb149a { text-align:left; }@media (min-width: 768px) and (max-width: 1024px) { #ut_custom_heading69eaa98cb149a { text-align:left; } }@media (max-width: 767px) { #ut_custom_heading69eaa98cb149a { text-align:left; } }<\/style><p id=\"ut_custom_heading69eaa98cb149a\" data-responsive-font=\"p\" data-responsive-font-settings=\"{&quot;base-font-size&quot;:&quot;global&quot;,&quot;font-size&quot;:{&quot;desktop_large&quot;:&quot;14&quot;},&quot;base-line-height&quot;:&quot;global&quot;,&quot;line-height&quot;:{&quot;desktop_large&quot;:&quot;28&quot;},&quot;base-letter-spacing&quot;:&quot;global&quot;}\" class=\"ut-custom-heading-module\" ><span class=\"\" >Os motoristas s\u00e3o agrupados em c\u00e9lulas e numerados ao.<br \/>\nIsolados em PVC flex\u00edvel anti-chama e bainha exterior de cor preta.<br \/>\nCom base nas especifica\u00e7\u00f5es de acordo com norma IEC N\u00ba 60227-6 71 F; UNE-EN 50214.<\/span><\/p><style type=\"text\/css\">#ut_custom_heading69eaa98cb152e { font-family: \"Raleway\";font-weight:500;font-style:normal; }#ut_custom_heading69eaa98cb152e { font-size:20px !important; }#ut_custom_heading69eaa98cb152e { text-align:left; }@media (min-width: 768px) and (max-width: 1024px) { #ut_custom_heading69eaa98cb152e { text-align:left; } }@media (max-width: 767px) { #ut_custom_heading69eaa98cb152e { text-align:left; } }#ut_custom_heading69eaa98cb152e span { border-left-style:solid;border-left-color:#fe8b54;border-left-width:5px;padding-left:10px;display:inline-block; }<\/style><h3 id=\"ut_custom_heading69eaa98cb152e\" data-responsive-font=\"h3\" data-responsive-font-settings=\"{&quot;base-font-size&quot;:&quot;global&quot;,&quot;font-size&quot;:{&quot;desktop_large&quot;:&quot;20&quot;},&quot;base-line-height&quot;:&quot;global&quot;,&quot;base-letter-spacing&quot;:&quot;global&quot;}\" class=\"ut-custom-heading-module\" ><span class=\"\" >Caracter\u00edsticas el\u00e9tricas<br \/>\n<\/span><\/h3><style type=\"text\/css\">#ut_custom_heading69eaa98cb159b { font-size:14px !important;line-height:28px !important; }#ut_custom_heading69eaa98cb159b { text-align:left; }@media (min-width: 768px) and (max-width: 1024px) { #ut_custom_heading69eaa98cb159b { text-align:left; } }@media (max-width: 767px) { #ut_custom_heading69eaa98cb159b { text-align:left; } }<\/style><p id=\"ut_custom_heading69eaa98cb159b\" data-responsive-font=\"p\" data-responsive-font-settings=\"{&quot;base-font-size&quot;:&quot;global&quot;,&quot;font-size&quot;:{&quot;desktop_large&quot;:&quot;14&quot;},&quot;base-line-height&quot;:&quot;global&quot;,&quot;line-height&quot;:{&quot;desktop_large&quot;:&quot;28&quot;},&quot;base-letter-spacing&quot;:&quot;global&quot;}\" class=\"ut-custom-heading-module\" ><span class=\"\" >Tens\u00e3o nominal: 300 \/ 500 V<\/span><\/p><style type=\"text\/css\">#ut_custom_heading69eaa98cb1634 { font-family: \"Raleway\";font-weight:500;font-style:normal; }#ut_custom_heading69eaa98cb1634 { font-size:20px !important; }#ut_custom_heading69eaa98cb1634 { text-align:left; }@media (min-width: 768px) and (max-width: 1024px) { #ut_custom_heading69eaa98cb1634 { text-align:left; } }@media (max-width: 767px) { #ut_custom_heading69eaa98cb1634 { text-align:left; } }#ut_custom_heading69eaa98cb1634 span { border-left-style:solid;border-left-color:#fe8b54;border-left-width:5px;padding-left:10px;display:inline-block; }<\/style><h3 id=\"ut_custom_heading69eaa98cb1634\" data-responsive-font=\"h3\" data-responsive-font-settings=\"{&quot;base-font-size&quot;:&quot;global&quot;,&quot;font-size&quot;:{&quot;desktop_large&quot;:&quot;20&quot;},&quot;base-line-height&quot;:&quot;global&quot;,&quot;base-letter-spacing&quot;:&quot;global&quot;}\" class=\"ut-custom-heading-module\" ><span class=\"\" >Utiliza\u00e7\u00f5es<\/span><\/h3><style type=\"text\/css\">#ut_custom_heading69eaa98cb16a1 { font-size:14px !important;line-height:28px !important; }#ut_custom_heading69eaa98cb16a1 { text-align:left; }@media (min-width: 768px) and (max-width: 1024px) { #ut_custom_heading69eaa98cb16a1 { text-align:left; } }@media (max-width: 767px) { #ut_custom_heading69eaa98cb16a1 { text-align:left; } }<\/style><p id=\"ut_custom_heading69eaa98cb16a1\" data-responsive-font=\"p\" data-responsive-font-settings=\"{&quot;base-font-size&quot;:&quot;global&quot;,&quot;font-size&quot;:{&quot;desktop_large&quot;:&quot;14&quot;},&quot;base-line-height&quot;:&quot;global&quot;,&quot;line-height&quot;:{&quot;desktop_large&quot;:&quot;28&quot;},&quot;base-letter-spacing&quot;:&quot;global&quot;}\" class=\"ut-custom-heading-module\" ><span class=\"\" >Cabos para elevadores internos e panor\u00e2micos.<br \/>\nRecomendados para suspens\u00f5es com mais de 60 metros.<\/span><\/p><style type=\"text\/css\">#ut_custom_heading69eaa98cb172a { font-family: \"Raleway\";font-weight:500;font-style:normal; }#ut_custom_heading69eaa98cb172a { font-size:20px !important; }#ut_custom_heading69eaa98cb172a { text-align:left; }@media (min-width: 768px) and (max-width: 1024px) { #ut_custom_heading69eaa98cb172a { text-align:left; } }@media (max-width: 767px) { #ut_custom_heading69eaa98cb172a { text-align:left; } }#ut_custom_heading69eaa98cb172a span { border-left-style:solid;border-left-color:#fe8b54;border-left-width:5px;padding-left:10px;display:inline-block; }<\/style><h3 id=\"ut_custom_heading69eaa98cb172a\" data-responsive-font=\"h3\" data-responsive-font-settings=\"{&quot;base-font-size&quot;:&quot;global&quot;,&quot;font-size&quot;:{&quot;desktop_large&quot;:&quot;20&quot;},&quot;base-line-height&quot;:&quot;global&quot;,&quot;base-letter-spacing&quot;:&quot;global&quot;}\" class=\"ut-custom-heading-module\" ><span class=\"\" >Acondicionamento<\/span><\/h3><style type=\"text\/css\">#ut_custom_heading69eaa98cb178f { font-size:14px !important;line-height:28px !important; }#ut_custom_heading69eaa98cb178f { text-align:left; }@media (min-width: 768px) and (max-width: 1024px) { #ut_custom_heading69eaa98cb178f { text-align:left; } }@media (max-width: 767px) { #ut_custom_heading69eaa98cb178f { text-align:left; } }<\/style><p id=\"ut_custom_heading69eaa98cb178f\" data-responsive-font=\"p\" data-responsive-font-settings=\"{&quot;base-font-size&quot;:&quot;global&quot;,&quot;font-size&quot;:{&quot;desktop_large&quot;:&quot;14&quot;},&quot;base-line-height&quot;:&quot;global&quot;,&quot;line-height&quot;:{&quot;desktop_large&quot;:&quot;28&quot;},&quot;base-letter-spacing&quot;:&quot;global&quot;}\" class=\"ut-custom-heading-module\" ><span class=\"\" >Em bobinas.<\/span><\/p><\/div><\/div><\/div><\/div><\/div><\/div><\/div><\/div><div class=\"vc_row-full-width vc_clearfix\"><\/div><div id=\"ut-row-69eaa98cb2065\" data-vc-full-width=\"true\" data-vc-full-width-init=\"false\" class=\"vc_row wpb_row vc_row-fluid vc_column-gap-0 ut-row-69eaa98cb2073\" ><div class=\"wpb_column vc_column_container vc_col-sm-12\" ><div id=\"ut_inner_column_69eaa98cb2698\" class=\"vc_column-inner\" ><div class=\"wpb_wrapper\"><div class=\"vc_empty_space\"   style=\"height: 40px\"><span class=\"vc_empty_space_inner\"><\/span><\/div><div  class=\"wpb_content_element   clearfix\"><style type=\"text\/css\">#ut_am_69eaa98cb2c97 { opacity: 1; }#ut_am_wrap_69eaa98cb2c98 { text-align: center; }@media (min-width: 768px) and (max-width: 1024px) { #ut_am_wrap_69eaa98cb2c98 { text-align: center !important; } }@media (max-width: 767px) { #ut_am_wrap_69eaa98cb2c98 { text-align: center !important; } }<\/style><div id=\"ut_am_wrap_69eaa98cb2c98\" class=\"ut-image-gallery-image  ut-reveal-fx ut-element-with-block-reveal\"><div id=\"ut_reveal_69eaa98cb2c99\" data-reveal-bgcolor=\"#000000\" data-reveal-direction=\"lr\" data-reveal-duration=\"750\" data-reveal-delay=\"200\" data-appear-top-offset=\"auto\" class=\"ut-animated-image-item ut-image-gallery-item ut-animation-done ut-reveal-fx-element ut-block-reveal-hide\"><a class=\"ut-deactivated-link\" href=\"#\"><div class=\"ut-animated-image-zoom\">\r\n        <div class=\"ut-element-glitch-wrap\">\r\n\r\n            \r\n        <style type=\"text\/css\">\r\n\r\n                        \r\n        @media (min-width: 1025px) {\r\n\r\n        #ut-element-glitch-69eaa98cb2cc4982160383-212 .ut-glitch-single-element {\r\n                                            \r\n                }\r\n        }\r\n\r\n        @media (min-width: 768px) and (max-width: 1024px) {\r\n\r\n        #ut-element-glitch-69eaa98cb2cc4982160383-212 .ut-glitch-single-element {\r\n                                                \r\n                    }\r\n        }\r\n\r\n        @media (max-width: 767px) {\r\n\r\n        #ut-element-glitch-69eaa98cb2cc4982160383-212 .ut-glitch-single-element {\r\n                                                \r\n                    }\r\n        }\r\n\r\n        \r\n        <\/style>\r\n\r\n        \r\n            <div id=\"ut-element-glitch-69eaa98cb2cc4982160383-212\" class=\"ut-element-glitch ut-glitch-none ut-element-glitch-permanent\">\r\n                <div class=\"ut-glitch-single-element ut-lozad skip-lazy\" data-background-image=\"https:\/\/coelpla.com.ar\/wp-content\/uploads\/2022\/02\/table-6.png\"><\/div>\r\n                <div class=\"ut-glitch-single-element ut-lozad skip-lazy\" data-background-image=\"https:\/\/coelpla.com.ar\/wp-content\/uploads\/2022\/02\/table-6.png\"><\/div>\r\n                <div class=\"ut-glitch-single-element ut-lozad skip-lazy\" data-background-image=\"https:\/\/coelpla.com.ar\/wp-content\/uploads\/2022\/02\/table-6.png\"><\/div>\r\n                <div class=\"ut-glitch-single-element ut-lozad skip-lazy\" data-background-image=\"https:\/\/coelpla.com.ar\/wp-content\/uploads\/2022\/02\/table-6.png\"><\/div>\r\n                <div class=\"ut-glitch-single-element ut-lozad skip-lazy\" data-background-image=\"https:\/\/coelpla.com.ar\/wp-content\/uploads\/2022\/02\/table-6.png\"><\/div>\r\n            <\/div>\r\n\r\n        <\/div>\r\n\r\n        <img loading=\"lazy\" decoding=\"async\" class=\"ut-lazy skip-lazy ut-animated-image\"  id=\"ut_am_69eaa98cb2c97\" src=\"data:image\/svg+xml;charset=utf-8,%3Csvg xmlns%3D'http%3A%2F%2Fwww.w3.org%2F2000%2Fsvg' viewBox%3D'0 0 702 158'%2F%3E\" data-src=\"https:\/\/coelpla.com.ar\/wp-content\/uploads\/2022\/02\/table-6.png\" width=\"702\" height=\"158\" alt=\"CABLE VIAJERO-COMANDO ASCENSOR PLANO CON SOPORTE DE ACERO\"\/><\/div><\/a><\/div><\/div><\/div><\/div><\/div><\/div><\/div><div class=\"vc_row-full-width vc_clearfix\"><\/div><a data-id=\"section-without-id\" class=\"ut-vc-offset-anchor-bottom\" name=\"section-without-id\"><\/a><\/section><div class=\"vc_row-full-width vc_clearfix\"><\/div>\n<\/section>","protected":false},"excerpt":{"rendered":"CABLE VIAJERO-COMANDO ASCENSOR PLANO CON SOPORTE DE ACERO Identificaci\u00f3n Los conductores son agrupados en celdas y numerados correlativamente. Aislados en PVC flexible anti-llama y vaina exterior de color negro. Basados en las especificaciones seg\u00fan norma IEC N\u00ba 60227-6 71 F; UNE-EN 50214.Caracter\u00edsticas el\u00e9ctricas Tensi\u00f3n nominal: 300 \/ 500 VUsosCables para elevadores interiores y panor\u00e1micos. Recomendados [...]","protected":false},"author":1,"featured_media":0,"parent":0,"menu_order":0,"comment_status":"closed","ping_status":"closed","template":"","meta":{"_joinchat":[],"footnotes":""},"class_list":["post-206","page","type-page","status-publish","hentry"],"_links":{"self":[{"href":"https:\/\/coelpla.com.ar\/pt\/wp-json\/wp\/v2\/pages\/206","targetHints":{"allow":["GET"]}}],"collection":[{"href":"https:\/\/coelpla.com.ar\/pt\/wp-json\/wp\/v2\/pages"}],"about":[{"href":"https:\/\/coelpla.com.ar\/pt\/wp-json\/wp\/v2\/types\/page"}],"author":[{"embeddable":true,"href":"https:\/\/coelpla.com.ar\/pt\/wp-json\/wp\/v2\/users\/1"}],"replies":[{"embeddable":true,"href":"https:\/\/coelpla.com.ar\/pt\/wp-json\/wp\/v2\/comments?post=206"}],"version-history":[{"count":4,"href":"https:\/\/coelpla.com.ar\/pt\/wp-json\/wp\/v2\/pages\/206\/revisions"}],"predecessor-version":[{"id":213,"href":"https:\/\/coelpla.com.ar\/pt\/wp-json\/wp\/v2\/pages\/206\/revisions\/213"}],"wp:attachment":[{"href":"https:\/\/coelpla.com.ar\/pt\/wp-json\/wp\/v2\/media?parent=206"}],"curies":[{"name":"wp","href":"https:\/\/api.w.org\/{rel}","templated":true}]}}