{"id":198,"date":"2022-02-24T17:08:20","date_gmt":"2022-02-24T20:08:20","guid":{"rendered":"https:\/\/coelpla.com.ar\/?page_id=198"},"modified":"2022-02-24T17:23:42","modified_gmt":"2022-02-24T20:23:42","slug":"cable-comando-viajero-plano-simple-cobertura","status":"publish","type":"page","link":"https:\/\/coelpla.com.ar\/pt\/cable-comando-viajero-plano-simple-cobertura\/","title":{"rendered":"CABO COMANDO VIAJANTE PLANO SIMPLES COBERTURA"},"content":{"rendered":"<section class=\"wpb-content-wrapper\"><section id=\"ut-section-69ea8fe001d25\" data-vc-full-width=\"true\" data-vc-full-width-init=\"false\" data-cursor-skin=\"global\" class=\"vc_section ut-vc-120 vc_section-has-no-fill ut-section-69ea8fe001d35\"><div id=\"ut-row-69ea8fe00256e\" data-vc-full-width=\"true\" data-vc-full-width-init=\"false\" class=\"vc_row wpb_row vc_row-fluid vc_column-gap-0 ut-row-69ea8fe00257d\" ><div class=\"wpb_column vc_column_container vc_col-sm-12\" ><div id=\"ut_inner_column_69ea8fe002e07\" class=\"vc_column-inner\" ><div class=\"wpb_wrapper\"><style type=\"text\/css\">#ut_custom_heading69ea8fe003158 { font-family: \"Raleway\";font-weight:400;font-style:normal; }#ut_custom_heading69ea8fe003158 { font-size:35px !important; }#ut_custom_heading69ea8fe003158 { text-align:left; }@media (min-width: 768px) and (max-width: 1024px) { #ut_custom_heading69ea8fe003158 { text-align:left; } }@media (max-width: 767px) { #ut_custom_heading69ea8fe003158 { text-align:left; } }<\/style><h1 id=\"ut_custom_heading69ea8fe003158\" data-responsive-font=\"h1\" data-responsive-font-settings=\"{&quot;base-font-size&quot;:&quot;global&quot;,&quot;font-size&quot;:{&quot;desktop_large&quot;:&quot;35&quot;},&quot;base-line-height&quot;:&quot;global&quot;,&quot;base-letter-spacing&quot;:&quot;global&quot;}\" class=\"ut-custom-heading-module\" ><span class=\"\" >CABO COMANDO VIAJANTE PLANO SIMPLES COBERTURA<\/span><\/h1><div id=\"ut-row-inner-69ea8fe00753a\" class=\"vc_row wpb_row vc_inner vc_row-fluid ut-row-inner-69ea8fe00754d\" ><div  class=\"wpb_column vc_column_container vc_col-sm-6\"><div id=\"ut-column-inner-69ea8fe007995\" class=\"vc_column-inner vc_column-inner-nested\"><div class=\"wpb_wrapper\"><div  class=\"wpb_content_element   clearfix\"><style type=\"text\/css\">#ut_am_69ea8fe007f05 { opacity: 1; }#ut_am_wrap_69ea8fe007f07 .ut-animated-image-zoom::after { background: url(https:\/\/coelpla.com.ar\/wp-content\/uploads\/2022\/02\/27-CABLE-SIMPLE-COBERTURA-500x500-1.png); }#ut_am_wrap_69ea8fe007f07 { text-align: center; }@media (min-width: 768px) and (max-width: 1024px) { #ut_am_wrap_69ea8fe007f07 { text-align: center !important; } }@media (max-width: 767px) { #ut_am_wrap_69ea8fe007f07 { text-align: center !important; } }<\/style><div id=\"ut_am_wrap_69ea8fe007f07\" class=\"ut-image-gallery-image  ut-reveal-fx ut-element-with-block-reveal\"><div id=\"ut_reveal_69ea8fe007f08\" data-reveal-bgcolor=\"#0a0a0a\" data-reveal-direction=\"lr\" data-reveal-duration=\"750\" data-reveal-delay=\"200\" data-appear-top-offset=\"auto\" class=\"ut-animated-image-item ut-image-gallery-item ut-animation-done ut-reveal-fx-element ut-block-reveal-hide\"><a data-exthumbimage=\"https:\/\/coelpla.com.ar\/wp-content\/uploads\/2022\/02\/27-CABLE-SIMPLE-COBERTURA-500x500-1-200x200.png\" href=\"https:\/\/coelpla.com.ar\/wp-content\/uploads\/2022\/02\/27-CABLE-SIMPLE-COBERTURA-1920x780-1.png\" class=\"ut-vc-images-lightbox ut-wait-for-plugin\" data-title=\"\" data-caption=\"\" data-caption-color=\"\" data-caption-background=\"\" data-force-caption=\"on\"><div class=\"ut-animated-image-zoom\">\r\n        <div class=\"ut-element-glitch-wrap\">\r\n\r\n            \r\n        <style type=\"text\/css\">\r\n\r\n                        \r\n        @media (min-width: 1025px) {\r\n\r\n        #ut-element-glitch-69ea8fe00891e508476434-201 .ut-glitch-single-element {\r\n                                            \r\n                }\r\n        }\r\n\r\n        @media (min-width: 768px) and (max-width: 1024px) {\r\n\r\n        #ut-element-glitch-69ea8fe00891e508476434-201 .ut-glitch-single-element {\r\n                                                \r\n                    }\r\n        }\r\n\r\n        @media (max-width: 767px) {\r\n\r\n        #ut-element-glitch-69ea8fe00891e508476434-201 .ut-glitch-single-element {\r\n                                                \r\n                    }\r\n        }\r\n\r\n        \r\n        <\/style>\r\n\r\n        \r\n            <div id=\"ut-element-glitch-69ea8fe00891e508476434-201\" class=\"ut-element-glitch ut-glitch-none ut-element-glitch-permanent\">\r\n                <div class=\"ut-glitch-single-element ut-lozad skip-lazy\" data-background-image=\"https:\/\/coelpla.com.ar\/wp-content\/uploads\/2022\/02\/27-CABLE-SIMPLE-COBERTURA-500x500-1.png\"><\/div>\r\n                <div class=\"ut-glitch-single-element ut-lozad skip-lazy\" data-background-image=\"https:\/\/coelpla.com.ar\/wp-content\/uploads\/2022\/02\/27-CABLE-SIMPLE-COBERTURA-500x500-1.png\"><\/div>\r\n                <div class=\"ut-glitch-single-element ut-lozad skip-lazy\" data-background-image=\"https:\/\/coelpla.com.ar\/wp-content\/uploads\/2022\/02\/27-CABLE-SIMPLE-COBERTURA-500x500-1.png\"><\/div>\r\n                <div class=\"ut-glitch-single-element ut-lozad skip-lazy\" data-background-image=\"https:\/\/coelpla.com.ar\/wp-content\/uploads\/2022\/02\/27-CABLE-SIMPLE-COBERTURA-500x500-1.png\"><\/div>\r\n                <div class=\"ut-glitch-single-element ut-lozad skip-lazy\" data-background-image=\"https:\/\/coelpla.com.ar\/wp-content\/uploads\/2022\/02\/27-CABLE-SIMPLE-COBERTURA-500x500-1.png\"><\/div>\r\n            <\/div>\r\n\r\n        <\/div>\r\n\r\n        <img loading=\"lazy\" decoding=\"async\" class=\"ut-lazy skip-lazy ut-animated-image\"  id=\"ut_am_69ea8fe007f05\" src=\"data:image\/svg+xml;charset=utf-8,%3Csvg xmlns%3D'http%3A%2F%2Fwww.w3.org%2F2000%2Fsvg' viewBox%3D'0 0 500 500'%2F%3E\" data-src=\"https:\/\/coelpla.com.ar\/wp-content\/uploads\/2022\/02\/27-CABLE-SIMPLE-COBERTURA-500x500-1.png\" width=\"500\" height=\"500\" alt=\"CABLE COMANDO VIAJERO PLANO SIMPLE COBERTURA\"\/><\/div><\/a><\/div><\/div><\/div><\/div><\/div><\/div><div  class=\"wpb_column vc_column_container vc_col-sm-6\"><div id=\"ut-column-inner-69ea8fe008c7c\" class=\"vc_column-inner vc_column-inner-nested\"><div class=\"wpb_wrapper\"><style type=\"text\/css\">#ut_custom_heading69ea8fe008df1 { font-family: \"Raleway\";font-weight:500;font-style:normal; }#ut_custom_heading69ea8fe008df1 { font-size:20px !important; }#ut_custom_heading69ea8fe008df1 { text-align:left; }@media (min-width: 768px) and (max-width: 1024px) { #ut_custom_heading69ea8fe008df1 { text-align:left; } }@media (max-width: 767px) { #ut_custom_heading69ea8fe008df1 { text-align:left; } }#ut_custom_heading69ea8fe008df1 span { border-left-style:solid;border-left-color:#fe8b54;border-left-width:5px;padding-left:10px;display:inline-block; }<\/style><h3 id=\"ut_custom_heading69ea8fe008df1\" data-responsive-font=\"h3\" data-responsive-font-settings=\"{&quot;base-font-size&quot;:&quot;global&quot;,&quot;font-size&quot;:{&quot;desktop_large&quot;:&quot;20&quot;},&quot;base-line-height&quot;:&quot;global&quot;,&quot;base-letter-spacing&quot;:&quot;global&quot;}\" class=\"ut-custom-heading-module\" ><span class=\"\" >Caracter\u00edsticas Gerais<br \/>\n<\/span><\/h3><style type=\"text\/css\">#ut_custom_heading69ea8fe008e9e { font-family: \"Raleway\";font-weight:400;font-style:normal; }#ut_custom_heading69ea8fe008e9e { font-size:14px !important;line-height:28px !important; }#ut_custom_heading69ea8fe008e9e { text-align:left; }@media (min-width: 768px) and (max-width: 1024px) { #ut_custom_heading69ea8fe008e9e { text-align:left; } }@media (max-width: 767px) { #ut_custom_heading69ea8fe008e9e { text-align:left; } }<\/style><p id=\"ut_custom_heading69ea8fe008e9e\" data-responsive-font=\"p\" data-responsive-font-settings=\"{&quot;base-font-size&quot;:&quot;global&quot;,&quot;font-size&quot;:{&quot;desktop_large&quot;:&quot;14&quot;},&quot;base-line-height&quot;:&quot;global&quot;,&quot;line-height&quot;:{&quot;desktop_large&quot;:&quot;28&quot;},&quot;base-letter-spacing&quot;:&quot;global&quot;}\" class=\"ut-custom-heading-module\" ><span class=\"\" >Cabo liso cujos motoristas est\u00e3o localizados em forma paralela, revestidas com um composto de PVC flex\u00edvel e ant-illama unidos entre si por um nervo do mesmo material.<br \/>\nEste projeto simples cobertura facilita uma r\u00e1pida instala\u00e7\u00e3o e oferece suporte a um raio de curvatura reduzido.<br \/>\nCom base nas especifica\u00e7\u00f5es das normas NM 247-42, NM 280.<\/span><\/p><style type=\"text\/css\">#ut_custom_heading69ea8fe008f46 { font-family: \"Raleway\";font-weight:500;font-style:normal; }#ut_custom_heading69ea8fe008f46 { font-size:20px !important; }#ut_custom_heading69ea8fe008f46 { text-align:left; }@media (min-width: 768px) and (max-width: 1024px) { #ut_custom_heading69ea8fe008f46 { text-align:left; } }@media (max-width: 767px) { #ut_custom_heading69ea8fe008f46 { text-align:left; } }#ut_custom_heading69ea8fe008f46 span { border-left-style:solid;border-left-color:#fe8b54;border-left-width:5px;padding-left:10px;display:inline-block; }<\/style><h3 id=\"ut_custom_heading69ea8fe008f46\" data-responsive-font=\"h3\" data-responsive-font-settings=\"{&quot;base-font-size&quot;:&quot;global&quot;,&quot;font-size&quot;:{&quot;desktop_large&quot;:&quot;20&quot;},&quot;base-line-height&quot;:&quot;global&quot;,&quot;base-letter-spacing&quot;:&quot;global&quot;}\" class=\"ut-custom-heading-module\" ><span class=\"\" >Identifica\u00e7\u00e3o<\/span><\/h3><style type=\"text\/css\">#ut_custom_heading69ea8fe008fd5 { font-family: \"Raleway\";font-weight:400;font-style:normal; }#ut_custom_heading69ea8fe008fd5 { font-size:14px !important;line-height:28px !important; }#ut_custom_heading69ea8fe008fd5 { text-align:left; }@media (min-width: 768px) and (max-width: 1024px) { #ut_custom_heading69ea8fe008fd5 { text-align:left; } }@media (max-width: 767px) { #ut_custom_heading69ea8fe008fd5 { text-align:left; } }<\/style><p id=\"ut_custom_heading69ea8fe008fd5\" data-responsive-font=\"p\" data-responsive-font-settings=\"{&quot;base-font-size&quot;:&quot;global&quot;,&quot;font-size&quot;:{&quot;desktop_large&quot;:&quot;14&quot;},&quot;base-line-height&quot;:&quot;global&quot;,&quot;line-height&quot;:{&quot;desktop_large&quot;:&quot;28&quot;},&quot;base-letter-spacing&quot;:&quot;global&quot;}\" class=\"ut-custom-heading-module\" ><span class=\"\" >Todos os condutores s\u00e3o de cor preta; sobre os mesmos, est\u00e1 impressa a marca COELPLA, se\u00e7\u00e3o, n\u00famero de condutores e o motorista de um dos extremos sobre o isolamento leva uma aresta para indicar a m\u00e3o.<\/span><\/p><style type=\"text\/css\">#ut_custom_heading69ea8fe009062 { font-family: \"Raleway\";font-weight:500;font-style:normal; }#ut_custom_heading69ea8fe009062 { font-size:20px !important; }#ut_custom_heading69ea8fe009062 { text-align:left; }@media (min-width: 768px) and (max-width: 1024px) { #ut_custom_heading69ea8fe009062 { text-align:left; } }@media (max-width: 767px) { #ut_custom_heading69ea8fe009062 { text-align:left; } }#ut_custom_heading69ea8fe009062 span { border-left-style:solid;border-left-color:#fe8b54;border-left-width:5px;padding-left:10px;display:inline-block; }<\/style><h3 id=\"ut_custom_heading69ea8fe009062\" data-responsive-font=\"h3\" data-responsive-font-settings=\"{&quot;base-font-size&quot;:&quot;global&quot;,&quot;font-size&quot;:{&quot;desktop_large&quot;:&quot;20&quot;},&quot;base-line-height&quot;:&quot;global&quot;,&quot;base-letter-spacing&quot;:&quot;global&quot;}\" class=\"ut-custom-heading-module\" ><span class=\"\" >Caracter\u00edsticas el\u00e9tricas<br \/>\n<\/span><\/h3><style type=\"text\/css\">#ut_custom_heading69ea8fe0090ec { font-family: \"Raleway\";font-weight:400;font-style:normal; }#ut_custom_heading69ea8fe0090ec { font-size:14px !important;line-height:28px !important; }#ut_custom_heading69ea8fe0090ec { text-align:left; }@media (min-width: 768px) and (max-width: 1024px) { #ut_custom_heading69ea8fe0090ec { text-align:left; } }@media (max-width: 767px) { #ut_custom_heading69ea8fe0090ec { text-align:left; } }<\/style><p id=\"ut_custom_heading69ea8fe0090ec\" data-responsive-font=\"p\" data-responsive-font-settings=\"{&quot;base-font-size&quot;:&quot;global&quot;,&quot;font-size&quot;:{&quot;desktop_large&quot;:&quot;14&quot;},&quot;base-line-height&quot;:&quot;global&quot;,&quot;line-height&quot;:{&quot;desktop_large&quot;:&quot;28&quot;},&quot;base-letter-spacing&quot;:&quot;global&quot;}\" class=\"ut-custom-heading-module\" ><span class=\"\" >Se\u00e7\u00e3o 0.50 mm2 \u2013 Tens\u00e3o Nominal: 300\/300 V Se\u00e7\u00e3o 0.75 mm2 \u2013 Tens\u00e3o Nominal: 300\/500 V<\/span><\/p><style type=\"text\/css\">#ut_custom_heading69ea8fe009175 { font-family: \"Raleway\";font-weight:500;font-style:normal; }#ut_custom_heading69ea8fe009175 { font-size:20px !important; }#ut_custom_heading69ea8fe009175 { text-align:left; }@media (min-width: 768px) and (max-width: 1024px) { #ut_custom_heading69ea8fe009175 { text-align:left; } }@media (max-width: 767px) { #ut_custom_heading69ea8fe009175 { text-align:left; } }#ut_custom_heading69ea8fe009175 span { border-left-style:solid;border-left-color:#fe8b54;border-left-width:5px;padding-left:10px;display:inline-block; }<\/style><h3 id=\"ut_custom_heading69ea8fe009175\" data-responsive-font=\"h3\" data-responsive-font-settings=\"{&quot;base-font-size&quot;:&quot;global&quot;,&quot;font-size&quot;:{&quot;desktop_large&quot;:&quot;20&quot;},&quot;base-line-height&quot;:&quot;global&quot;,&quot;base-letter-spacing&quot;:&quot;global&quot;}\" class=\"ut-custom-heading-module\" ><span class=\"\" >Caracter\u00edsticas Mec\u00e2nicas<br \/>\n<\/span><\/h3><style type=\"text\/css\">#ut_custom_heading69ea8fe0091fc { font-family: \"Raleway\";font-weight:400;font-style:normal; }#ut_custom_heading69ea8fe0091fc { font-size:14px !important;line-height:28px !important; }#ut_custom_heading69ea8fe0091fc { text-align:left; }@media (min-width: 768px) and (max-width: 1024px) { #ut_custom_heading69ea8fe0091fc { text-align:left; } }@media (max-width: 767px) { #ut_custom_heading69ea8fe0091fc { text-align:left; } }<\/style><p id=\"ut_custom_heading69ea8fe0091fc\" data-responsive-font=\"p\" data-responsive-font-settings=\"{&quot;base-font-size&quot;:&quot;global&quot;,&quot;font-size&quot;:{&quot;desktop_large&quot;:&quot;14&quot;},&quot;base-line-height&quot;:&quot;global&quot;,&quot;line-height&quot;:{&quot;desktop_large&quot;:&quot;28&quot;},&quot;base-letter-spacing&quot;:&quot;global&quot;}\" class=\"ut-custom-heading-module\" ><span class=\"\" >Comprimento suspens\u00e3o livre: m\u00e1ximo de 40 m.<br \/>\nAltura de percurso: max 70 m.<br \/>\nVelocidade de percurso: at\u00e9 3 m\/s.<br \/>\nDi\u00e2metro de curva: 250 a 300 mm<\/span><\/p><style type=\"text\/css\">#ut_custom_heading69ea8fe009283 { font-family: \"Raleway\";font-weight:500;font-style:normal; }#ut_custom_heading69ea8fe009283 { font-size:20px !important; }#ut_custom_heading69ea8fe009283 { text-align:left; }@media (min-width: 768px) and (max-width: 1024px) { #ut_custom_heading69ea8fe009283 { text-align:left; } }@media (max-width: 767px) { #ut_custom_heading69ea8fe009283 { text-align:left; } }#ut_custom_heading69ea8fe009283 span { border-left-style:solid;border-left-color:#fe8b54;border-left-width:5px;padding-left:10px;display:inline-block; }<\/style><h3 id=\"ut_custom_heading69ea8fe009283\" data-responsive-font=\"h3\" data-responsive-font-settings=\"{&quot;base-font-size&quot;:&quot;global&quot;,&quot;font-size&quot;:{&quot;desktop_large&quot;:&quot;20&quot;},&quot;base-line-height&quot;:&quot;global&quot;,&quot;base-letter-spacing&quot;:&quot;global&quot;}\" class=\"ut-custom-heading-module\" ><span class=\"\" >Utiliza\u00e7\u00f5es<\/span><\/h3><style type=\"text\/css\">#ut_custom_heading69ea8fe009317 { font-family: \"Raleway\";font-weight:400;font-style:normal; }#ut_custom_heading69ea8fe009317 { font-size:14px !important;line-height:28px !important; }#ut_custom_heading69ea8fe009317 { text-align:left; }@media (min-width: 768px) and (max-width: 1024px) { #ut_custom_heading69ea8fe009317 { text-align:left; } }@media (max-width: 767px) { #ut_custom_heading69ea8fe009317 { text-align:left; } }<\/style><p id=\"ut_custom_heading69ea8fe009317\" data-responsive-font=\"p\" data-responsive-font-settings=\"{&quot;base-font-size&quot;:&quot;global&quot;,&quot;font-size&quot;:{&quot;desktop_large&quot;:&quot;14&quot;},&quot;base-line-height&quot;:&quot;global&quot;,&quot;line-height&quot;:{&quot;desktop_large&quot;:&quot;28&quot;},&quot;base-letter-spacing&quot;:&quot;global&quot;}\" class=\"ut-custom-heading-module\" ><span class=\"\" >Cabos de comando de elevadores interiores.<\/span><\/p><style type=\"text\/css\">#ut_custom_heading69ea8fe00939d { font-family: \"Raleway\";font-weight:500;font-style:normal; }#ut_custom_heading69ea8fe00939d { font-size:20px !important; }#ut_custom_heading69ea8fe00939d { text-align:left; }@media (min-width: 768px) and (max-width: 1024px) { #ut_custom_heading69ea8fe00939d { text-align:left; } }@media (max-width: 767px) { #ut_custom_heading69ea8fe00939d { text-align:left; } }#ut_custom_heading69ea8fe00939d span { border-left-style:solid;border-left-color:#fe8b54;border-left-width:5px;padding-left:10px;display:inline-block; }<\/style><h3 id=\"ut_custom_heading69ea8fe00939d\" data-responsive-font=\"h3\" data-responsive-font-settings=\"{&quot;base-font-size&quot;:&quot;global&quot;,&quot;font-size&quot;:{&quot;desktop_large&quot;:&quot;20&quot;},&quot;base-line-height&quot;:&quot;global&quot;,&quot;base-letter-spacing&quot;:&quot;global&quot;}\" class=\"ut-custom-heading-module\" ><span class=\"\" >Acondicionamento<\/span><\/h3><style type=\"text\/css\">#ut_custom_heading69ea8fe009429 { font-family: \"Raleway\";font-weight:400;font-style:normal; }#ut_custom_heading69ea8fe009429 { font-size:14px !important;line-height:28px !important; }#ut_custom_heading69ea8fe009429 { text-align:left; }@media (min-width: 768px) and (max-width: 1024px) { #ut_custom_heading69ea8fe009429 { text-align:left; } }@media (max-width: 767px) { #ut_custom_heading69ea8fe009429 { text-align:left; } }<\/style><p id=\"ut_custom_heading69ea8fe009429\" data-responsive-font=\"p\" data-responsive-font-settings=\"{&quot;base-font-size&quot;:&quot;global&quot;,&quot;font-size&quot;:{&quot;desktop_large&quot;:&quot;14&quot;},&quot;base-line-height&quot;:&quot;global&quot;,&quot;line-height&quot;:{&quot;desktop_large&quot;:&quot;28&quot;},&quot;base-letter-spacing&quot;:&quot;global&quot;}\" class=\"ut-custom-heading-module\" ><span class=\"\" >Em bobinas.<\/span><\/p><\/div><\/div><\/div><\/div><\/div><\/div><\/div><\/div><div class=\"vc_row-full-width vc_clearfix\"><\/div><div id=\"ut-row-69ea8fe009d78\" data-vc-full-width=\"true\" data-vc-full-width-init=\"false\" class=\"vc_row wpb_row vc_row-fluid vc_column-gap-0 ut-row-69ea8fe009d86\" ><div class=\"wpb_column vc_column_container vc_col-sm-12\" ><div id=\"ut_inner_column_69ea8fe00a409\" class=\"vc_column-inner\" ><div class=\"wpb_wrapper\"><div class=\"vc_empty_space\"   style=\"height: 40px\"><span class=\"vc_empty_space_inner\"><\/span><\/div><div  class=\"wpb_content_element   clearfix\"><style type=\"text\/css\">#ut_am_69ea8fe00a9df { opacity: 1; }#ut_am_wrap_69ea8fe00a9e0 { text-align: center; }@media (min-width: 768px) and (max-width: 1024px) { #ut_am_wrap_69ea8fe00a9e0 { text-align: center !important; } }@media (max-width: 767px) { #ut_am_wrap_69ea8fe00a9e0 { text-align: center !important; } }<\/style><div id=\"ut_am_wrap_69ea8fe00a9e0\" class=\"ut-image-gallery-image  ut-reveal-fx ut-element-with-block-reveal\"><div id=\"ut_reveal_69ea8fe00a9e1\" data-reveal-bgcolor=\"#000000\" data-reveal-direction=\"lr\" data-reveal-duration=\"750\" data-reveal-delay=\"200\" data-appear-top-offset=\"auto\" class=\"ut-animated-image-item ut-image-gallery-item ut-animation-done ut-reveal-fx-element ut-block-reveal-hide\"><a class=\"ut-deactivated-link\" href=\"#\"><div class=\"ut-animated-image-zoom\">\r\n        <div class=\"ut-element-glitch-wrap\">\r\n\r\n            \r\n        <style type=\"text\/css\">\r\n\r\n                        \r\n        @media (min-width: 1025px) {\r\n\r\n        #ut-element-glitch-69ea8fe00aa1b696334768-203 .ut-glitch-single-element {\r\n                                            \r\n                }\r\n        }\r\n\r\n        @media (min-width: 768px) and (max-width: 1024px) {\r\n\r\n        #ut-element-glitch-69ea8fe00aa1b696334768-203 .ut-glitch-single-element {\r\n                                                \r\n                    }\r\n        }\r\n\r\n        @media (max-width: 767px) {\r\n\r\n        #ut-element-glitch-69ea8fe00aa1b696334768-203 .ut-glitch-single-element {\r\n                                                \r\n                    }\r\n        }\r\n\r\n        \r\n        <\/style>\r\n\r\n        \r\n            <div id=\"ut-element-glitch-69ea8fe00aa1b696334768-203\" class=\"ut-element-glitch ut-glitch-none ut-element-glitch-permanent\">\r\n                <div class=\"ut-glitch-single-element ut-lozad skip-lazy\" data-background-image=\"https:\/\/coelpla.com.ar\/wp-content\/uploads\/2022\/02\/table-5.png\"><\/div>\r\n                <div class=\"ut-glitch-single-element ut-lozad skip-lazy\" data-background-image=\"https:\/\/coelpla.com.ar\/wp-content\/uploads\/2022\/02\/table-5.png\"><\/div>\r\n                <div class=\"ut-glitch-single-element ut-lozad skip-lazy\" data-background-image=\"https:\/\/coelpla.com.ar\/wp-content\/uploads\/2022\/02\/table-5.png\"><\/div>\r\n                <div class=\"ut-glitch-single-element ut-lozad skip-lazy\" data-background-image=\"https:\/\/coelpla.com.ar\/wp-content\/uploads\/2022\/02\/table-5.png\"><\/div>\r\n                <div class=\"ut-glitch-single-element ut-lozad skip-lazy\" data-background-image=\"https:\/\/coelpla.com.ar\/wp-content\/uploads\/2022\/02\/table-5.png\"><\/div>\r\n            <\/div>\r\n\r\n        <\/div>\r\n\r\n        <img loading=\"lazy\" decoding=\"async\" class=\"ut-lazy skip-lazy ut-animated-image\"  id=\"ut_am_69ea8fe00a9df\" src=\"data:image\/svg+xml;charset=utf-8,%3Csvg xmlns%3D'http%3A%2F%2Fwww.w3.org%2F2000%2Fsvg' viewBox%3D'0 0 700 388'%2F%3E\" data-src=\"https:\/\/coelpla.com.ar\/wp-content\/uploads\/2022\/02\/table-5.png\" width=\"700\" height=\"388\" alt=\"CABLE COMANDO VIAJERO PLANO SIMPLE COBERTURA\"\/><\/div><\/a><\/div><\/div><\/div><\/div><\/div><\/div><\/div><div class=\"vc_row-full-width vc_clearfix\"><\/div><a data-id=\"section-without-id\" class=\"ut-vc-offset-anchor-bottom\" name=\"section-without-id\"><\/a><\/section><div class=\"vc_row-full-width vc_clearfix\"><\/div>\n<\/section>","protected":false},"excerpt":{"rendered":"CABLE COMANDO VIAJERO PLANO SIMPLE COBERTURA Caracter\u00edsticas Generales Cable plano cuyos conductores est\u00e1n ubicados en forma paralela, recubiertos con un compuesto de PVC muy flexible y ant-illama unidos entre si por un nervio del mismo material. Este dise\u00f1o de simple cobertura facilita una r\u00e1pida instalaci\u00f3n y admite un radio de curvatura reducido. Basado en las [...]","protected":false},"author":1,"featured_media":0,"parent":0,"menu_order":0,"comment_status":"closed","ping_status":"closed","template":"","meta":{"_joinchat":[],"footnotes":""},"class_list":["post-198","page","type-page","status-publish","hentry"],"_links":{"self":[{"href":"https:\/\/coelpla.com.ar\/pt\/wp-json\/wp\/v2\/pages\/198","targetHints":{"allow":["GET"]}}],"collection":[{"href":"https:\/\/coelpla.com.ar\/pt\/wp-json\/wp\/v2\/pages"}],"about":[{"href":"https:\/\/coelpla.com.ar\/pt\/wp-json\/wp\/v2\/types\/page"}],"author":[{"embeddable":true,"href":"https:\/\/coelpla.com.ar\/pt\/wp-json\/wp\/v2\/users\/1"}],"replies":[{"embeddable":true,"href":"https:\/\/coelpla.com.ar\/pt\/wp-json\/wp\/v2\/comments?post=198"}],"version-history":[{"count":3,"href":"https:\/\/coelpla.com.ar\/pt\/wp-json\/wp\/v2\/pages\/198\/revisions"}],"predecessor-version":[{"id":204,"href":"https:\/\/coelpla.com.ar\/pt\/wp-json\/wp\/v2\/pages\/198\/revisions\/204"}],"wp:attachment":[{"href":"https:\/\/coelpla.com.ar\/pt\/wp-json\/wp\/v2\/media?parent=198"}],"curies":[{"name":"wp","href":"https:\/\/api.w.org\/{rel}","templated":true}]}}