{"id":186,"date":"2022-02-24T15:45:05","date_gmt":"2022-02-24T18:45:05","guid":{"rendered":"https:\/\/coelpla.com.ar\/?page_id=186"},"modified":"2022-02-24T17:01:46","modified_gmt":"2022-02-24T20:01:46","slug":"cable-viajero-comando-ascensor-plano","status":"publish","type":"page","link":"https:\/\/coelpla.com.ar\/pt\/cable-viajero-comando-ascensor-plano\/","title":{"rendered":"CABO VIAJANTE-COMANDO ELEVADOR PLANO"},"content":{"rendered":"<section class=\"wpb-content-wrapper\"><section id=\"ut-section-69ea6d50e6a6d\" data-vc-full-width=\"true\" data-vc-full-width-init=\"false\" data-cursor-skin=\"global\" class=\"vc_section ut-vc-120 vc_section-has-no-fill ut-section-69ea6d50e6a82\"><div id=\"ut-row-69ea6d50e731b\" data-vc-full-width=\"true\" data-vc-full-width-init=\"false\" class=\"vc_row wpb_row vc_row-fluid vc_column-gap-0 ut-row-69ea6d50e732b\" ><div class=\"wpb_column vc_column_container vc_col-sm-12\" ><div id=\"ut_inner_column_69ea6d50e7cc3\" class=\"vc_column-inner\" ><div class=\"wpb_wrapper\"><style type=\"text\/css\">#ut_custom_heading69ea6d50e80bf { font-family: \"Raleway\";font-weight:400;font-style:normal; }#ut_custom_heading69ea6d50e80bf { font-size:35px !important; }#ut_custom_heading69ea6d50e80bf { text-align:left; }@media (min-width: 768px) and (max-width: 1024px) { #ut_custom_heading69ea6d50e80bf { text-align:left; } }@media (max-width: 767px) { #ut_custom_heading69ea6d50e80bf { text-align:left; } }<\/style><h1 id=\"ut_custom_heading69ea6d50e80bf\" data-responsive-font=\"h1\" data-responsive-font-settings=\"{&quot;base-font-size&quot;:&quot;global&quot;,&quot;font-size&quot;:{&quot;desktop_large&quot;:&quot;35&quot;},&quot;base-line-height&quot;:&quot;global&quot;,&quot;base-letter-spacing&quot;:&quot;global&quot;}\" class=\"ut-custom-heading-module\" ><span class=\"\" >CABO VIAJANTE-COMANDO ELEVADOR PLANO<\/span><\/h1><div id=\"ut-row-inner-69ea6d50ecb1b\" class=\"vc_row wpb_row vc_inner vc_row-fluid ut-row-inner-69ea6d50ecb32\" ><div  class=\"wpb_column vc_column_container vc_col-sm-6\"><div id=\"ut-column-inner-69ea6d50ecfc9\" class=\"vc_column-inner vc_column-inner-nested\"><div class=\"wpb_wrapper\"><div  class=\"wpb_content_element   clearfix\"><style type=\"text\/css\">#ut_am_69ea6d50ed6bd { opacity: 1; }#ut_am_wrap_69ea6d50ed6bf .ut-animated-image-zoom::after { background: url(https:\/\/coelpla.com.ar\/wp-content\/uploads\/2022\/02\/10-CABLE-COMANDO-PLANO-lsoh-500x500-1.png); }#ut_am_wrap_69ea6d50ed6bf { text-align: center; }@media (min-width: 768px) and (max-width: 1024px) { #ut_am_wrap_69ea6d50ed6bf { text-align: center !important; } }@media (max-width: 767px) { #ut_am_wrap_69ea6d50ed6bf { text-align: center !important; } }<\/style><div id=\"ut_am_wrap_69ea6d50ed6bf\" class=\"ut-image-gallery-image  ut-reveal-fx ut-element-with-block-reveal\"><div id=\"ut_reveal_69ea6d50ed6c0\" data-reveal-bgcolor=\"#000000\" data-reveal-direction=\"lr\" data-reveal-duration=\"750\" data-reveal-delay=\"200\" data-appear-top-offset=\"auto\" class=\"ut-animated-image-item ut-image-gallery-item ut-animation-done ut-reveal-fx-element ut-block-reveal-hide\"><a data-exthumbimage=\"https:\/\/coelpla.com.ar\/wp-content\/uploads\/2022\/02\/10-CABLE-COMANDO-PLANO-lsoh-500x500-1-200x200.png\" href=\"https:\/\/coelpla.com.ar\/wp-content\/uploads\/2022\/02\/10-CABLE-COMANDO-PLANO-lsoh-1920x780-1.png\" class=\"ut-vc-images-lightbox ut-wait-for-plugin\" data-title=\"\" data-caption=\"\" data-caption-color=\"\" data-caption-background=\"\" data-force-caption=\"on\"><div class=\"ut-animated-image-zoom\">\r\n        <div class=\"ut-element-glitch-wrap\">\r\n\r\n            \r\n        <style type=\"text\/css\">\r\n\r\n                        \r\n        @media (min-width: 1025px) {\r\n\r\n        #ut-element-glitch-69ea6d50ee42e642334144-188 .ut-glitch-single-element {\r\n                                            \r\n                }\r\n        }\r\n\r\n        @media (min-width: 768px) and (max-width: 1024px) {\r\n\r\n        #ut-element-glitch-69ea6d50ee42e642334144-188 .ut-glitch-single-element {\r\n                                                \r\n                    }\r\n        }\r\n\r\n        @media (max-width: 767px) {\r\n\r\n        #ut-element-glitch-69ea6d50ee42e642334144-188 .ut-glitch-single-element {\r\n                                                \r\n                    }\r\n        }\r\n\r\n        \r\n        <\/style>\r\n\r\n        \r\n            <div id=\"ut-element-glitch-69ea6d50ee42e642334144-188\" class=\"ut-element-glitch ut-glitch-none ut-element-glitch-permanent\">\r\n                <div class=\"ut-glitch-single-element ut-lozad skip-lazy\" data-background-image=\"https:\/\/coelpla.com.ar\/wp-content\/uploads\/2022\/02\/10-CABLE-COMANDO-PLANO-lsoh-500x500-1.png\"><\/div>\r\n                <div class=\"ut-glitch-single-element ut-lozad skip-lazy\" data-background-image=\"https:\/\/coelpla.com.ar\/wp-content\/uploads\/2022\/02\/10-CABLE-COMANDO-PLANO-lsoh-500x500-1.png\"><\/div>\r\n                <div class=\"ut-glitch-single-element ut-lozad skip-lazy\" data-background-image=\"https:\/\/coelpla.com.ar\/wp-content\/uploads\/2022\/02\/10-CABLE-COMANDO-PLANO-lsoh-500x500-1.png\"><\/div>\r\n                <div class=\"ut-glitch-single-element ut-lozad skip-lazy\" data-background-image=\"https:\/\/coelpla.com.ar\/wp-content\/uploads\/2022\/02\/10-CABLE-COMANDO-PLANO-lsoh-500x500-1.png\"><\/div>\r\n                <div class=\"ut-glitch-single-element ut-lozad skip-lazy\" data-background-image=\"https:\/\/coelpla.com.ar\/wp-content\/uploads\/2022\/02\/10-CABLE-COMANDO-PLANO-lsoh-500x500-1.png\"><\/div>\r\n            <\/div>\r\n\r\n        <\/div>\r\n\r\n        <img loading=\"lazy\" decoding=\"async\" class=\"ut-lazy skip-lazy ut-animated-image\"  id=\"ut_am_69ea6d50ed6bd\" src=\"data:image\/svg+xml;charset=utf-8,%3Csvg xmlns%3D'http%3A%2F%2Fwww.w3.org%2F2000%2Fsvg' viewBox%3D'0 0 500 500'%2F%3E\" data-src=\"https:\/\/coelpla.com.ar\/wp-content\/uploads\/2022\/02\/10-CABLE-COMANDO-PLANO-lsoh-500x500-1.png\" width=\"500\" height=\"500\" alt=\"CABLE VIAJERO-COMANDO ASCENSOR PLANO\"\/><\/div><\/a><\/div><\/div><\/div><\/div><\/div><\/div><div  class=\"wpb_column vc_column_container vc_col-sm-6\"><div id=\"ut-column-inner-69ea6d50ee8b0\" class=\"vc_column-inner vc_column-inner-nested\"><div class=\"wpb_wrapper\"><style type=\"text\/css\">#ut_custom_heading69ea6d50eea66 { font-family: \"Raleway\";font-weight:500;font-style:normal; }#ut_custom_heading69ea6d50eea66 { font-size:20px !important; }#ut_custom_heading69ea6d50eea66 { text-align:left; }@media (min-width: 768px) and (max-width: 1024px) { #ut_custom_heading69ea6d50eea66 { text-align:left; } }@media (max-width: 767px) { #ut_custom_heading69ea6d50eea66 { text-align:left; } }#ut_custom_heading69ea6d50eea66 span { border-left-style:solid;border-left-color:#fe8b54;border-left-width:5px;padding-left:10px;display:inline-block; }<\/style><h3 id=\"ut_custom_heading69ea6d50eea66\" data-responsive-font=\"h3\" data-responsive-font-settings=\"{&quot;base-font-size&quot;:&quot;global&quot;,&quot;font-size&quot;:{&quot;desktop_large&quot;:&quot;20&quot;},&quot;base-line-height&quot;:&quot;global&quot;,&quot;base-letter-spacing&quot;:&quot;global&quot;}\" class=\"ut-custom-heading-module\" ><span class=\"\" >Caracter\u00edsticas Gerais<\/span><\/h3><style type=\"text\/css\">#ut_custom_heading69ea6d50eeb18 { font-size:14px !important;line-height:28px !important; }#ut_custom_heading69ea6d50eeb18 { text-align:left; }@media (min-width: 768px) and (max-width: 1024px) { #ut_custom_heading69ea6d50eeb18 { text-align:left; } }@media (max-width: 767px) { #ut_custom_heading69ea6d50eeb18 { text-align:left; } }<\/style><p id=\"ut_custom_heading69ea6d50eeb18\" data-responsive-font=\"p\" data-responsive-font-settings=\"{&quot;base-font-size&quot;:&quot;global&quot;,&quot;font-size&quot;:{&quot;desktop_large&quot;:&quot;14&quot;},&quot;base-line-height&quot;:&quot;global&quot;,&quot;line-height&quot;:{&quot;desktop_large&quot;:&quot;28&quot;},&quot;base-letter-spacing&quot;:&quot;global&quot;}\" class=\"ut-custom-heading-module\" ><span class=\"\" >Os cabos planos, todos os condutores agrupados em c\u00e9lulas e conjuntos de condutores localizados em paralelo, est\u00e3o revestidos por PVC flex\u00edvel.<br \/>\nEste projeto tem vantagens t\u00e9cnicas e funcionais, por exemplo, precisam de muito menos espa\u00e7o no po\u00e7o do elevador, devido ao seu menor raio de curvatura.<br \/>\nN\u00e3o existe a possibilidade de tor\u00e7\u00e3o em a curva do cabo.<br \/>\nTem uma vida \u00fatil longa livre de defeitos (se instalado corretamente).<br \/>\nCom base nas especifica\u00e7\u00f5es de acordo com Normas NM 280 Classe 5 \u2013 IEC N\u00ba 60227-6 71F; UNE-EN-50214.<\/span><\/p><style type=\"text\/css\">#ut_custom_heading69ea6d50eebf7 { font-family: \"Raleway\";font-weight:500;font-style:normal; }#ut_custom_heading69ea6d50eebf7 { font-size:20px !important; }#ut_custom_heading69ea6d50eebf7 { text-align:left; }@media (min-width: 768px) and (max-width: 1024px) { #ut_custom_heading69ea6d50eebf7 { text-align:left; } }@media (max-width: 767px) { #ut_custom_heading69ea6d50eebf7 { text-align:left; } }#ut_custom_heading69ea6d50eebf7 span { border-left-style:solid;border-left-color:#fe8b54;border-left-width:5px;padding-left:10px;display:inline-block; }<\/style><h3 id=\"ut_custom_heading69ea6d50eebf7\" data-responsive-font=\"h3\" data-responsive-font-settings=\"{&quot;base-font-size&quot;:&quot;global&quot;,&quot;font-size&quot;:{&quot;desktop_large&quot;:&quot;20&quot;},&quot;base-line-height&quot;:&quot;global&quot;,&quot;base-letter-spacing&quot;:&quot;global&quot;}\" class=\"ut-custom-heading-module\" ><span class=\"\" >Identifica\u00e7\u00e3o<\/span><\/h3><style type=\"text\/css\">#ut_custom_heading69ea6d50eeca5 { font-size:14px !important;line-height:28px !important; }#ut_custom_heading69ea6d50eeca5 { text-align:left; }@media (min-width: 768px) and (max-width: 1024px) { #ut_custom_heading69ea6d50eeca5 { text-align:left; } }@media (max-width: 767px) { #ut_custom_heading69ea6d50eeca5 { text-align:left; } }<\/style><p id=\"ut_custom_heading69ea6d50eeca5\" data-responsive-font=\"p\" data-responsive-font-settings=\"{&quot;base-font-size&quot;:&quot;global&quot;,&quot;font-size&quot;:{&quot;desktop_large&quot;:&quot;14&quot;},&quot;base-line-height&quot;:&quot;global&quot;,&quot;line-height&quot;:{&quot;desktop_large&quot;:&quot;28&quot;},&quot;base-letter-spacing&quot;:&quot;global&quot;}\" class=\"ut-custom-heading-module\" ><span class=\"\" >Os motoristas s\u00e3o agrupados em c\u00e9lulas, e numerados ao.<br \/>\nIsolados em PVC flex\u00edvel anti-chama e bainha exterior de cor preta.<br \/>\nA bainha exterior leva impressa sobre a mesma marca COELPLA, se\u00e7\u00e3o e n\u00famero de motorista, tens\u00e3o, pa\u00eds de origem e metros marcados em forma sequencial.<\/span><\/p><style type=\"text\/css\">#ut_custom_heading69ea6d50eeda2 { font-family: \"Raleway\";font-weight:500;font-style:normal; }#ut_custom_heading69ea6d50eeda2 { font-size:20px !important; }#ut_custom_heading69ea6d50eeda2 { text-align:left; }@media (min-width: 768px) and (max-width: 1024px) { #ut_custom_heading69ea6d50eeda2 { text-align:left; } }@media (max-width: 767px) { #ut_custom_heading69ea6d50eeda2 { text-align:left; } }#ut_custom_heading69ea6d50eeda2 span { border-left-style:solid;border-left-color:#fe8b54;border-left-width:5px;padding-left:10px;display:inline-block; }<\/style><h3 id=\"ut_custom_heading69ea6d50eeda2\" data-responsive-font=\"h3\" data-responsive-font-settings=\"{&quot;base-font-size&quot;:&quot;global&quot;,&quot;font-size&quot;:{&quot;desktop_large&quot;:&quot;20&quot;},&quot;base-line-height&quot;:&quot;global&quot;,&quot;base-letter-spacing&quot;:&quot;global&quot;}\" class=\"ut-custom-heading-module\" ><span class=\"\" >Caracter\u00edsticas el\u00e9tricas<\/span><\/h3><style type=\"text\/css\">#ut_custom_heading69ea6d50eee1e { font-size:14px !important;line-height:28px !important; }#ut_custom_heading69ea6d50eee1e { text-align:left; }@media (min-width: 768px) and (max-width: 1024px) { #ut_custom_heading69ea6d50eee1e { text-align:left; } }@media (max-width: 767px) { #ut_custom_heading69ea6d50eee1e { text-align:left; } }<\/style><p id=\"ut_custom_heading69ea6d50eee1e\" data-responsive-font=\"p\" data-responsive-font-settings=\"{&quot;base-font-size&quot;:&quot;global&quot;,&quot;font-size&quot;:{&quot;desktop_large&quot;:&quot;14&quot;},&quot;base-line-height&quot;:&quot;global&quot;,&quot;line-height&quot;:{&quot;desktop_large&quot;:&quot;28&quot;},&quot;base-letter-spacing&quot;:&quot;global&quot;}\" class=\"ut-custom-heading-module\" ><span class=\"\" >Tens\u00e3o Nominal: 0.75 \u2013 1.00 mm2: 300 \/ 500 V<\/span><\/p><style type=\"text\/css\">#ut_custom_heading69ea6d50eeef4 { font-family: \"Raleway\";font-weight:500;font-style:normal; }#ut_custom_heading69ea6d50eeef4 { font-size:20px !important; }#ut_custom_heading69ea6d50eeef4 { text-align:left; }@media (min-width: 768px) and (max-width: 1024px) { #ut_custom_heading69ea6d50eeef4 { text-align:left; } }@media (max-width: 767px) { #ut_custom_heading69ea6d50eeef4 { text-align:left; } }#ut_custom_heading69ea6d50eeef4 span { border-left-style:solid;border-left-color:#fe8b54;border-left-width:5px;padding-left:10px;display:inline-block; }<\/style><h3 id=\"ut_custom_heading69ea6d50eeef4\" data-responsive-font=\"h3\" data-responsive-font-settings=\"{&quot;base-font-size&quot;:&quot;global&quot;,&quot;font-size&quot;:{&quot;desktop_large&quot;:&quot;20&quot;},&quot;base-line-height&quot;:&quot;global&quot;,&quot;base-letter-spacing&quot;:&quot;global&quot;}\" class=\"ut-custom-heading-module\" ><span class=\"\" >Caracter\u00edsticas Mec\u00e2nicas<\/span><\/h3><style type=\"text\/css\">#ut_custom_heading69ea6d50eef95 { font-size:14px !important;line-height:28px !important; }#ut_custom_heading69ea6d50eef95 { text-align:left; }@media (min-width: 768px) and (max-width: 1024px) { #ut_custom_heading69ea6d50eef95 { text-align:left; } }@media (max-width: 767px) { #ut_custom_heading69ea6d50eef95 { text-align:left; } }<\/style><p id=\"ut_custom_heading69ea6d50eef95\" data-responsive-font=\"p\" data-responsive-font-settings=\"{&quot;base-font-size&quot;:&quot;global&quot;,&quot;font-size&quot;:{&quot;desktop_large&quot;:&quot;14&quot;},&quot;base-line-height&quot;:&quot;global&quot;,&quot;line-height&quot;:{&quot;desktop_large&quot;:&quot;28&quot;},&quot;base-letter-spacing&quot;:&quot;global&quot;}\" class=\"ut-custom-heading-module\" ><span class=\"\" >Comprimento-suspens\u00e3o livre: m\u00e1x. 45 m<br \/>\nAltura de percurso: m\u00e1x. 80 m<br \/>\nVelocidade de percurso: at\u00e9 5 m\/s<br \/>\nDi\u00e2metro de curva: 250 a 350 mm.<\/span><\/p><style type=\"text\/css\">#ut_custom_heading69ea6d50ef025 { font-family: \"Raleway\";font-weight:500;font-style:normal; }#ut_custom_heading69ea6d50ef025 { font-size:20px !important; }#ut_custom_heading69ea6d50ef025 { text-align:left; }@media (min-width: 768px) and (max-width: 1024px) { #ut_custom_heading69ea6d50ef025 { text-align:left; } }@media (max-width: 767px) { #ut_custom_heading69ea6d50ef025 { text-align:left; } }#ut_custom_heading69ea6d50ef025 span { border-left-style:solid;border-left-color:#fe8b54;border-left-width:5px;padding-left:10px;display:inline-block; }<\/style><h3 id=\"ut_custom_heading69ea6d50ef025\" data-responsive-font=\"h3\" data-responsive-font-settings=\"{&quot;base-font-size&quot;:&quot;global&quot;,&quot;font-size&quot;:{&quot;desktop_large&quot;:&quot;20&quot;},&quot;base-line-height&quot;:&quot;global&quot;,&quot;base-letter-spacing&quot;:&quot;global&quot;}\" class=\"ut-custom-heading-module\" ><span class=\"\" >Utiliza\u00e7\u00f5es<\/span><\/h3><style type=\"text\/css\">#ut_custom_heading69ea6d50ef08c { font-size:14px !important;line-height:28px !important; }#ut_custom_heading69ea6d50ef08c { text-align:left; }@media (min-width: 768px) and (max-width: 1024px) { #ut_custom_heading69ea6d50ef08c { text-align:left; } }@media (max-width: 767px) { #ut_custom_heading69ea6d50ef08c { text-align:left; } }<\/style><p id=\"ut_custom_heading69ea6d50ef08c\" data-responsive-font=\"p\" data-responsive-font-settings=\"{&quot;base-font-size&quot;:&quot;global&quot;,&quot;font-size&quot;:{&quot;desktop_large&quot;:&quot;14&quot;},&quot;base-line-height&quot;:&quot;global&quot;,&quot;line-height&quot;:{&quot;desktop_large&quot;:&quot;28&quot;},&quot;base-letter-spacing&quot;:&quot;global&quot;}\" class=\"ut-custom-heading-module\" ><span class=\"\" >Cabos para elevadores internos e panor\u00e2micos<\/span><\/p><style type=\"text\/css\">#ut_custom_heading69ea6d50ef114 { font-family: \"Raleway\";font-weight:500;font-style:normal; }#ut_custom_heading69ea6d50ef114 { font-size:20px !important; }#ut_custom_heading69ea6d50ef114 { text-align:left; }@media (min-width: 768px) and (max-width: 1024px) { #ut_custom_heading69ea6d50ef114 { text-align:left; } }@media (max-width: 767px) { #ut_custom_heading69ea6d50ef114 { text-align:left; } }#ut_custom_heading69ea6d50ef114 span { border-left-style:solid;border-left-color:#fe8b54;border-left-width:5px;padding-left:10px;display:inline-block; }<\/style><h3 id=\"ut_custom_heading69ea6d50ef114\" data-responsive-font=\"h3\" data-responsive-font-settings=\"{&quot;base-font-size&quot;:&quot;global&quot;,&quot;font-size&quot;:{&quot;desktop_large&quot;:&quot;20&quot;},&quot;base-line-height&quot;:&quot;global&quot;,&quot;base-letter-spacing&quot;:&quot;global&quot;}\" class=\"ut-custom-heading-module\" ><span class=\"\" >Acondicionamento<\/span><\/h3><style type=\"text\/css\">#ut_custom_heading69ea6d50ef191 { font-size:14px !important;line-height:28px !important; }#ut_custom_heading69ea6d50ef191 { text-align:left; }@media (min-width: 768px) and (max-width: 1024px) { #ut_custom_heading69ea6d50ef191 { text-align:left; } }@media (max-width: 767px) { #ut_custom_heading69ea6d50ef191 { text-align:left; } }<\/style><p id=\"ut_custom_heading69ea6d50ef191\" data-responsive-font=\"p\" data-responsive-font-settings=\"{&quot;base-font-size&quot;:&quot;global&quot;,&quot;font-size&quot;:{&quot;desktop_large&quot;:&quot;14&quot;},&quot;base-line-height&quot;:&quot;global&quot;,&quot;line-height&quot;:{&quot;desktop_large&quot;:&quot;28&quot;},&quot;base-letter-spacing&quot;:&quot;global&quot;}\" class=\"ut-custom-heading-module\" ><span class=\"\" >Em bobinas.<\/span><\/p><\/div><\/div><\/div><\/div><\/div><\/div><\/div><\/div><div class=\"vc_row-full-width vc_clearfix\"><\/div><div id=\"ut-row-69ea6d50efba5\" data-vc-full-width=\"true\" data-vc-full-width-init=\"false\" class=\"vc_row wpb_row vc_row-fluid vc_column-gap-0 ut-row-69ea6d50efbb4\" ><div class=\"wpb_column vc_column_container vc_col-sm-12\" ><div id=\"ut_inner_column_69ea6d50f039a\" class=\"vc_column-inner\" ><div class=\"wpb_wrapper\"><div class=\"vc_empty_space\"   style=\"height: 40px\"><span class=\"vc_empty_space_inner\"><\/span><\/div><div  class=\"wpb_content_element   clearfix\"><style type=\"text\/css\">#ut_am_69ea6d50f0bf0 { opacity: 1; }#ut_am_wrap_69ea6d50f0bf2 { text-align: center; }@media (min-width: 768px) and (max-width: 1024px) { #ut_am_wrap_69ea6d50f0bf2 { text-align: center !important; } }@media (max-width: 767px) { #ut_am_wrap_69ea6d50f0bf2 { text-align: center !important; } }<\/style><div id=\"ut_am_wrap_69ea6d50f0bf2\" class=\"ut-image-gallery-image  ut-reveal-fx ut-element-with-block-reveal\"><div id=\"ut_reveal_69ea6d50f0c10\" data-reveal-bgcolor=\"#000000\" data-reveal-direction=\"lr\" data-reveal-duration=\"750\" data-reveal-delay=\"200\" data-appear-top-offset=\"auto\" class=\"ut-animated-image-item ut-image-gallery-item ut-animation-done ut-reveal-fx-element ut-block-reveal-hide\"><a class=\"ut-deactivated-link\" href=\"#\"><div class=\"ut-animated-image-zoom\">\r\n        <div class=\"ut-element-glitch-wrap\">\r\n\r\n            \r\n        <style type=\"text\/css\">\r\n\r\n                        \r\n        @media (min-width: 1025px) {\r\n\r\n        #ut-element-glitch-69ea6d50f0c57197784031-195 .ut-glitch-single-element {\r\n                                            \r\n                }\r\n        }\r\n\r\n        @media (min-width: 768px) and (max-width: 1024px) {\r\n\r\n        #ut-element-glitch-69ea6d50f0c57197784031-195 .ut-glitch-single-element {\r\n                                                \r\n                    }\r\n        }\r\n\r\n        @media (max-width: 767px) {\r\n\r\n        #ut-element-glitch-69ea6d50f0c57197784031-195 .ut-glitch-single-element {\r\n                                                \r\n                    }\r\n        }\r\n\r\n        \r\n        <\/style>\r\n\r\n        \r\n            <div id=\"ut-element-glitch-69ea6d50f0c57197784031-195\" class=\"ut-element-glitch ut-glitch-none ut-element-glitch-permanent\">\r\n                <div class=\"ut-glitch-single-element ut-lozad skip-lazy\" data-background-image=\"https:\/\/coelpla.com.ar\/wp-content\/uploads\/2022\/02\/table-4.png\"><\/div>\r\n                <div class=\"ut-glitch-single-element ut-lozad skip-lazy\" data-background-image=\"https:\/\/coelpla.com.ar\/wp-content\/uploads\/2022\/02\/table-4.png\"><\/div>\r\n                <div class=\"ut-glitch-single-element ut-lozad skip-lazy\" data-background-image=\"https:\/\/coelpla.com.ar\/wp-content\/uploads\/2022\/02\/table-4.png\"><\/div>\r\n                <div class=\"ut-glitch-single-element ut-lozad skip-lazy\" data-background-image=\"https:\/\/coelpla.com.ar\/wp-content\/uploads\/2022\/02\/table-4.png\"><\/div>\r\n                <div class=\"ut-glitch-single-element ut-lozad skip-lazy\" data-background-image=\"https:\/\/coelpla.com.ar\/wp-content\/uploads\/2022\/02\/table-4.png\"><\/div>\r\n            <\/div>\r\n\r\n        <\/div>\r\n\r\n        <img loading=\"lazy\" decoding=\"async\" class=\"ut-lazy skip-lazy ut-animated-image\"  id=\"ut_am_69ea6d50f0bf0\" src=\"data:image\/svg+xml;charset=utf-8,%3Csvg xmlns%3D'http%3A%2F%2Fwww.w3.org%2F2000%2Fsvg' viewBox%3D'0 0 696 450'%2F%3E\" data-src=\"https:\/\/coelpla.com.ar\/wp-content\/uploads\/2022\/02\/table-4.png\" width=\"696\" height=\"450\" alt=\"CABLE VIAJERO-COMANDO ASCENSOR PLANO\"\/><\/div><\/a><\/div><\/div><\/div><\/div><\/div><\/div><\/div><div class=\"vc_row-full-width vc_clearfix\"><\/div><a data-id=\"section-without-id\" class=\"ut-vc-offset-anchor-bottom\" name=\"section-without-id\"><\/a><\/section><div class=\"vc_row-full-width vc_clearfix\"><\/div>\n<\/section>","protected":false},"excerpt":{"rendered":"CABLE VIAJERO-COMANDO ASCENSOR PLANO Caracter\u00edsticas GeneralesEn los cables planos, todos los conductores agrupados en celdas y conjuntos de conductores ubicados en forma paralela, est\u00e1n recubiertos por un PVC muy flexible. Este dise\u00f1o tiene ventajas t\u00e9cnicas y funcionales, por ejemplo necesitan mucho menos espacio en el pozo del ascensor, debido a su menor radio de flexi\u00f3n. [...]","protected":false},"author":1,"featured_media":0,"parent":0,"menu_order":0,"comment_status":"closed","ping_status":"closed","template":"","meta":{"_joinchat":[],"footnotes":""},"class_list":["post-186","page","type-page","status-publish","hentry"],"_links":{"self":[{"href":"https:\/\/coelpla.com.ar\/pt\/wp-json\/wp\/v2\/pages\/186","targetHints":{"allow":["GET"]}}],"collection":[{"href":"https:\/\/coelpla.com.ar\/pt\/wp-json\/wp\/v2\/pages"}],"about":[{"href":"https:\/\/coelpla.com.ar\/pt\/wp-json\/wp\/v2\/types\/page"}],"author":[{"embeddable":true,"href":"https:\/\/coelpla.com.ar\/pt\/wp-json\/wp\/v2\/users\/1"}],"replies":[{"embeddable":true,"href":"https:\/\/coelpla.com.ar\/pt\/wp-json\/wp\/v2\/comments?post=186"}],"version-history":[{"count":7,"href":"https:\/\/coelpla.com.ar\/pt\/wp-json\/wp\/v2\/pages\/186\/revisions"}],"predecessor-version":[{"id":196,"href":"https:\/\/coelpla.com.ar\/pt\/wp-json\/wp\/v2\/pages\/186\/revisions\/196"}],"wp:attachment":[{"href":"https:\/\/coelpla.com.ar\/pt\/wp-json\/wp\/v2\/media?parent=186"}],"curies":[{"name":"wp","href":"https:\/\/api.w.org\/{rel}","templated":true}]}}