{"id":175,"date":"2022-02-24T12:55:01","date_gmt":"2022-02-24T15:55:01","guid":{"rendered":"https:\/\/coelpla.com.ar\/?page_id=175"},"modified":"2022-02-24T15:31:13","modified_gmt":"2022-02-24T18:31:13","slug":"cable-viajero-comando-ascensor-redondo-flexible-con-alma-de-acero","status":"publish","type":"page","link":"https:\/\/coelpla.com.ar\/pt\/cable-viajero-comando-ascensor-redondo-flexible-con-alma-de-acero\/","title":{"rendered":"CABO VIAJANTE-COMANDO ELEVADOR REDONDO FLEX\u00cdVEL COM ALMA DE A\u00c7O"},"content":{"rendered":"<section class=\"wpb-content-wrapper\"><section id=\"ut-section-69ea91f2015e6\" data-vc-full-width=\"true\" data-vc-full-width-init=\"false\" data-cursor-skin=\"global\" class=\"vc_section ut-vc-120 vc_section-has-no-fill ut-section-69ea91f2015f9\"><div id=\"ut-row-69ea91f201e54\" data-vc-full-width=\"true\" data-vc-full-width-init=\"false\" class=\"vc_row wpb_row vc_row-fluid vc_column-gap-0 ut-row-69ea91f201e63\" ><div class=\"wpb_column vc_column_container vc_col-sm-12\" ><div id=\"ut_inner_column_69ea91f2026e7\" class=\"vc_column-inner\" ><div class=\"wpb_wrapper\"><style type=\"text\/css\">#ut_custom_heading69ea91f2029c8 { font-family: \"Raleway\";font-weight:400;font-style:normal; }#ut_custom_heading69ea91f2029c8 { font-size:35px !important; }#ut_custom_heading69ea91f2029c8 { text-align:left; }@media (min-width: 768px) and (max-width: 1024px) { #ut_custom_heading69ea91f2029c8 { text-align:left; } }@media (max-width: 767px) { #ut_custom_heading69ea91f2029c8 { text-align:left; } }<\/style><h1 id=\"ut_custom_heading69ea91f2029c8\" data-responsive-font=\"h1\" data-responsive-font-settings=\"{&quot;base-font-size&quot;:&quot;global&quot;,&quot;font-size&quot;:{&quot;desktop_large&quot;:&quot;35&quot;},&quot;base-line-height&quot;:&quot;global&quot;,&quot;base-letter-spacing&quot;:&quot;global&quot;}\" class=\"ut-custom-heading-module\" ><span class=\"\" >CABO VIAJANTE-COMANDO ELEVADOR REDONDO FLEX\u00cdVEL COM ALMA DE A\u00c7O<\/span><\/h1><\/div><\/div><\/div><\/div><div class=\"vc_row-full-width vc_clearfix\"><\/div><div id=\"ut-row-69ea91f206f69\" data-vc-full-width=\"true\" data-vc-full-width-init=\"false\" class=\"vc_row wpb_row vc_row-fluid vc_column-gap-0 ut-row-69ea91f206f86\" ><div class=\"wpb_column vc_column_container vc_col-sm-6\" ><div id=\"ut_inner_column_69ea91f207610\" class=\"vc_column-inner\" ><div class=\"wpb_wrapper\"><div  class=\"wpb_content_element   clearfix\"><style type=\"text\/css\">#ut_am_69ea91f207b77 { opacity: 1; }#ut_am_wrap_69ea91f207b79 .ut-animated-image-zoom::after { background: url(https:\/\/coelpla.com.ar\/wp-content\/uploads\/2022\/02\/20-CABLE-COMANDO-REDONDO-CENTRO-ACERO-500x500-1.png); }#ut_am_wrap_69ea91f207b79 { text-align: center; }@media (min-width: 768px) and (max-width: 1024px) { #ut_am_wrap_69ea91f207b79 { text-align: center !important; } }@media (max-width: 767px) { #ut_am_wrap_69ea91f207b79 { text-align: center !important; } }<\/style><div id=\"ut_am_wrap_69ea91f207b79\" class=\"ut-image-gallery-image  ut-reveal-fx ut-element-with-block-reveal\"><div id=\"ut_reveal_69ea91f207b7a\" data-reveal-bgcolor=\"#000000\" data-reveal-direction=\"lr\" data-reveal-duration=\"750\" data-reveal-delay=\"200\" data-appear-top-offset=\"auto\" class=\"ut-animated-image-item ut-image-gallery-item ut-animation-done ut-reveal-fx-element ut-block-reveal-hide\"><a data-exthumbimage=\"https:\/\/coelpla.com.ar\/wp-content\/uploads\/2022\/02\/20-CABLE-COMANDO-REDONDO-CENTRO-ACERO-500x500-1-200x200.png\" href=\"https:\/\/coelpla.com.ar\/wp-content\/uploads\/2022\/02\/20-CABLE-COMANDO-REDONDO-CENTRO-ACERO-1920x780-1.png\" class=\"ut-vc-images-lightbox ut-wait-for-plugin\" data-title=\"\" data-caption=\"\" data-caption-color=\"\" data-caption-background=\"\" data-force-caption=\"on\"><div class=\"ut-animated-image-zoom\">\r\n        <div class=\"ut-element-glitch-wrap\">\r\n\r\n            \r\n        <style type=\"text\/css\">\r\n\r\n                        \r\n        @media (min-width: 1025px) {\r\n\r\n        #ut-element-glitch-69ea91f2085c6023536716-177 .ut-glitch-single-element {\r\n                                            \r\n                }\r\n        }\r\n\r\n        @media (min-width: 768px) and (max-width: 1024px) {\r\n\r\n        #ut-element-glitch-69ea91f2085c6023536716-177 .ut-glitch-single-element {\r\n                                                \r\n                    }\r\n        }\r\n\r\n        @media (max-width: 767px) {\r\n\r\n        #ut-element-glitch-69ea91f2085c6023536716-177 .ut-glitch-single-element {\r\n                                                \r\n                    }\r\n        }\r\n\r\n        \r\n        <\/style>\r\n\r\n        \r\n            <div id=\"ut-element-glitch-69ea91f2085c6023536716-177\" class=\"ut-element-glitch ut-glitch-none ut-element-glitch-permanent\">\r\n                <div class=\"ut-glitch-single-element ut-lozad skip-lazy\" data-background-image=\"https:\/\/coelpla.com.ar\/wp-content\/uploads\/2022\/02\/20-CABLE-COMANDO-REDONDO-CENTRO-ACERO-500x500-1.png\"><\/div>\r\n                <div class=\"ut-glitch-single-element ut-lozad skip-lazy\" data-background-image=\"https:\/\/coelpla.com.ar\/wp-content\/uploads\/2022\/02\/20-CABLE-COMANDO-REDONDO-CENTRO-ACERO-500x500-1.png\"><\/div>\r\n                <div class=\"ut-glitch-single-element ut-lozad skip-lazy\" data-background-image=\"https:\/\/coelpla.com.ar\/wp-content\/uploads\/2022\/02\/20-CABLE-COMANDO-REDONDO-CENTRO-ACERO-500x500-1.png\"><\/div>\r\n                <div class=\"ut-glitch-single-element ut-lozad skip-lazy\" data-background-image=\"https:\/\/coelpla.com.ar\/wp-content\/uploads\/2022\/02\/20-CABLE-COMANDO-REDONDO-CENTRO-ACERO-500x500-1.png\"><\/div>\r\n                <div class=\"ut-glitch-single-element ut-lozad skip-lazy\" data-background-image=\"https:\/\/coelpla.com.ar\/wp-content\/uploads\/2022\/02\/20-CABLE-COMANDO-REDONDO-CENTRO-ACERO-500x500-1.png\"><\/div>\r\n            <\/div>\r\n\r\n        <\/div>\r\n\r\n        <img loading=\"lazy\" decoding=\"async\" class=\"ut-lazy skip-lazy ut-animated-image\"  id=\"ut_am_69ea91f207b77\" src=\"data:image\/svg+xml;charset=utf-8,%3Csvg xmlns%3D'http%3A%2F%2Fwww.w3.org%2F2000%2Fsvg' viewBox%3D'0 0 500 500'%2F%3E\" data-src=\"https:\/\/coelpla.com.ar\/wp-content\/uploads\/2022\/02\/20-CABLE-COMANDO-REDONDO-CENTRO-ACERO-500x500-1.png\" width=\"500\" height=\"500\" alt=\"\"\/><\/div><\/a><\/div><\/div><\/div><\/div><\/div><\/div><div class=\"wpb_column vc_column_container vc_col-sm-6\" ><div id=\"ut_inner_column_69ea91f208a22\" class=\"vc_column-inner\" ><div class=\"wpb_wrapper\"><style type=\"text\/css\">#ut_custom_heading69ea91f208b31 { font-family: \"Raleway\";font-weight:500;font-style:normal; }#ut_custom_heading69ea91f208b31 { font-size:20px !important; }#ut_custom_heading69ea91f208b31 { text-align:left; }@media (min-width: 768px) and (max-width: 1024px) { #ut_custom_heading69ea91f208b31 { text-align:left; } }@media (max-width: 767px) { #ut_custom_heading69ea91f208b31 { text-align:left; } }#ut_custom_heading69ea91f208b31 span { border-left-style:solid;border-left-color:#fe8b54;border-left-width:5px;padding-left:10px;display:inline-block; }<\/style><h3 id=\"ut_custom_heading69ea91f208b31\" data-responsive-font=\"h3\" data-responsive-font-settings=\"{&quot;base-font-size&quot;:&quot;global&quot;,&quot;font-size&quot;:{&quot;desktop_large&quot;:&quot;20&quot;},&quot;base-line-height&quot;:&quot;global&quot;,&quot;base-letter-spacing&quot;:&quot;global&quot;}\" class=\"ut-custom-heading-module\" ><span class=\"\" >Caracter\u00edsticas Gerais<\/span><\/h3><style type=\"text\/css\">#ut_custom_heading69ea91f208bbc { font-size:14px !important;line-height:28px !important; }#ut_custom_heading69ea91f208bbc { text-align:left; }@media (min-width: 768px) and (max-width: 1024px) { #ut_custom_heading69ea91f208bbc { text-align:left; } }@media (max-width: 767px) { #ut_custom_heading69ea91f208bbc { text-align:left; } }<\/style><p id=\"ut_custom_heading69ea91f208bbc\" data-responsive-font=\"p\" data-responsive-font-settings=\"{&quot;base-font-size&quot;:&quot;global&quot;,&quot;font-size&quot;:{&quot;desktop_large&quot;:&quot;14&quot;},&quot;base-line-height&quot;:&quot;global&quot;,&quot;line-height&quot;:{&quot;desktop_large&quot;:&quot;28&quot;},&quot;base-letter-spacing&quot;:&quot;global&quot;}\" class=\"ut-custom-heading-module\" ><span class=\"\" >Cada condutor \u00e9 constru\u00eddo a partir de uma corda flex\u00edvel de cobre eletrol\u00edtico t\u00eampera, isolado com uma camada de material termo-pl\u00e1stico PVC anti-chama flex\u00edvel.<br \/>\nOs condutores bem isolados s\u00e3o retorcidos m\u00faltiplos sobre uma alma de a\u00e7o, a qual \u00e9 \u2013 t\u00e1 revestida em PVC e sobre o mesmo uma malha de poli\u00e9ster.<br \/>\nPosteriormente, a fia\u00e7\u00e3o final \u00e9 freio com uma fita de fio de algod\u00e3o e protegidos com uma bainha ajustada de PVC flex\u00edvel na cor preta. Com base nas especifica\u00e7\u00f5es das Normas NM 280 Classe 5 - IEC N\u00ba 60227-6-71 C.<\/span><\/p><style type=\"text\/css\">#ut_custom_heading69ea91f208c4e { font-family: \"Raleway\";font-weight:500;font-style:normal; }#ut_custom_heading69ea91f208c4e { font-size:20px !important; }#ut_custom_heading69ea91f208c4e { text-align:left; }@media (min-width: 768px) and (max-width: 1024px) { #ut_custom_heading69ea91f208c4e { text-align:left; } }@media (max-width: 767px) { #ut_custom_heading69ea91f208c4e { text-align:left; } }#ut_custom_heading69ea91f208c4e span { border-left-style:solid;border-left-color:#fe8b54;border-left-width:5px;padding-left:10px;display:inline-block; }<\/style><h3 id=\"ut_custom_heading69ea91f208c4e\" data-responsive-font=\"h3\" data-responsive-font-settings=\"{&quot;base-font-size&quot;:&quot;global&quot;,&quot;font-size&quot;:{&quot;desktop_large&quot;:&quot;20&quot;},&quot;base-line-height&quot;:&quot;global&quot;,&quot;base-letter-spacing&quot;:&quot;global&quot;}\" class=\"ut-custom-heading-module\" ><span class=\"\" >Identifica\u00e7\u00e3o<\/span><\/h3><style type=\"text\/css\">#ut_custom_heading69ea91f208cba { font-size:14px !important;line-height:28px !important; }#ut_custom_heading69ea91f208cba { text-align:left; }@media (min-width: 768px) and (max-width: 1024px) { #ut_custom_heading69ea91f208cba { text-align:left; } }@media (max-width: 767px) { #ut_custom_heading69ea91f208cba { text-align:left; } }<\/style><p id=\"ut_custom_heading69ea91f208cba\" data-responsive-font=\"p\" data-responsive-font-settings=\"{&quot;base-font-size&quot;:&quot;global&quot;,&quot;font-size&quot;:{&quot;desktop_large&quot;:&quot;14&quot;},&quot;base-line-height&quot;:&quot;global&quot;,&quot;line-height&quot;:{&quot;desktop_large&quot;:&quot;28&quot;},&quot;base-letter-spacing&quot;:&quot;global&quot;}\" class=\"ut-custom-heading-module\" ><span class=\"\" >Sistema de numera\u00e7\u00e3o sobre o isolamento de cada condutor dispostos em forma cont\u00ednua a 40 mil\u00edmetros, aproximadamente, entre si e de f\u00e1cil leitura.<br \/>\nA bainha exterior leva impressa sobre a mesma marca COELPLA, se\u00e7\u00e3o e n\u00famero de condutores, tens\u00e3o, pa\u00eds de origem e metros marcados em forma sequencial.<\/span><\/p><style type=\"text\/css\">#ut_custom_heading69ea91f208d44 { font-family: \"Raleway\";font-weight:500;font-style:normal; }#ut_custom_heading69ea91f208d44 { font-size:20px !important; }#ut_custom_heading69ea91f208d44 { text-align:left; }@media (min-width: 768px) and (max-width: 1024px) { #ut_custom_heading69ea91f208d44 { text-align:left; } }@media (max-width: 767px) { #ut_custom_heading69ea91f208d44 { text-align:left; } }#ut_custom_heading69ea91f208d44 span { border-left-style:solid;border-left-color:#fe8b54;border-left-width:5px;padding-left:10px;display:inline-block; }<\/style><h3 id=\"ut_custom_heading69ea91f208d44\" data-responsive-font=\"h3\" data-responsive-font-settings=\"{&quot;base-font-size&quot;:&quot;global&quot;,&quot;font-size&quot;:{&quot;desktop_large&quot;:&quot;20&quot;},&quot;base-line-height&quot;:&quot;global&quot;,&quot;base-letter-spacing&quot;:&quot;global&quot;}\" class=\"ut-custom-heading-module\" ><span class=\"\" >Caracter\u00edsticas el\u00e9tricas<br \/>\n<\/span><\/h3><style type=\"text\/css\">#ut_custom_heading69ea91f208dac { font-size:14px !important;line-height:28px !important; }#ut_custom_heading69ea91f208dac { text-align:left; }@media (min-width: 768px) and (max-width: 1024px) { #ut_custom_heading69ea91f208dac { text-align:left; } }@media (max-width: 767px) { #ut_custom_heading69ea91f208dac { text-align:left; } }<\/style><p id=\"ut_custom_heading69ea91f208dac\" data-responsive-font=\"p\" data-responsive-font-settings=\"{&quot;base-font-size&quot;:&quot;global&quot;,&quot;font-size&quot;:{&quot;desktop_large&quot;:&quot;14&quot;},&quot;base-line-height&quot;:&quot;global&quot;,&quot;line-height&quot;:{&quot;desktop_large&quot;:&quot;28&quot;},&quot;base-letter-spacing&quot;:&quot;global&quot;}\" class=\"ut-custom-heading-module\" ><span class=\"\" >Tens\u00e3o nominal: 0.75 \u2013 1.00 mm2 : 300\/500V.<\/p>\n<p><\/span><\/p><style type=\"text\/css\">#ut_custom_heading69ea91f208e35 { font-family: \"Raleway\";font-weight:500;font-style:normal; }#ut_custom_heading69ea91f208e35 { font-size:20px !important; }#ut_custom_heading69ea91f208e35 { text-align:left; }@media (min-width: 768px) and (max-width: 1024px) { #ut_custom_heading69ea91f208e35 { text-align:left; } }@media (max-width: 767px) { #ut_custom_heading69ea91f208e35 { text-align:left; } }#ut_custom_heading69ea91f208e35 span { border-left-style:solid;border-left-color:#fe8b54;border-left-width:5px;padding-left:10px;display:inline-block; }<\/style><h3 id=\"ut_custom_heading69ea91f208e35\" data-responsive-font=\"h3\" data-responsive-font-settings=\"{&quot;base-font-size&quot;:&quot;global&quot;,&quot;font-size&quot;:{&quot;desktop_large&quot;:&quot;20&quot;},&quot;base-line-height&quot;:&quot;global&quot;,&quot;base-letter-spacing&quot;:&quot;global&quot;}\" class=\"ut-custom-heading-module\" ><span class=\"\" >Caracter\u00edsticas Mec\u00e2nicas<br \/>\n<\/span><\/h3><style type=\"text\/css\">#ut_custom_heading69ea91f208e9b { font-size:14px !important;line-height:28px !important; }#ut_custom_heading69ea91f208e9b { text-align:left; }@media (min-width: 768px) and (max-width: 1024px) { #ut_custom_heading69ea91f208e9b { text-align:left; } }@media (max-width: 767px) { #ut_custom_heading69ea91f208e9b { text-align:left; } }<\/style><p id=\"ut_custom_heading69ea91f208e9b\" data-responsive-font=\"p\" data-responsive-font-settings=\"{&quot;base-font-size&quot;:&quot;global&quot;,&quot;font-size&quot;:{&quot;desktop_large&quot;:&quot;14&quot;},&quot;base-line-height&quot;:&quot;global&quot;,&quot;line-height&quot;:{&quot;desktop_large&quot;:&quot;28&quot;},&quot;base-letter-spacing&quot;:&quot;global&quot;}\" class=\"ut-custom-heading-module\" ><span class=\"\" >Comprimento-suspens\u00e3o livre: m\u00e1x. 160 m de Altura de percurso: m\u00e1x. 310 m de Raio de curvatura: 15 vezes a sua espessura.<br \/>\n<\/span><\/p><style type=\"text\/css\">#ut_custom_heading69ea91f208f30 { font-family: \"Raleway\";font-weight:500;font-style:normal; }#ut_custom_heading69ea91f208f30 { font-size:20px !important; }#ut_custom_heading69ea91f208f30 { text-align:left; }@media (min-width: 768px) and (max-width: 1024px) { #ut_custom_heading69ea91f208f30 { text-align:left; } }@media (max-width: 767px) { #ut_custom_heading69ea91f208f30 { text-align:left; } }#ut_custom_heading69ea91f208f30 span { border-left-style:solid;border-left-color:#fe8b54;border-left-width:5px;padding-left:10px;display:inline-block; }<\/style><h3 id=\"ut_custom_heading69ea91f208f30\" data-responsive-font=\"h3\" data-responsive-font-settings=\"{&quot;base-font-size&quot;:&quot;global&quot;,&quot;font-size&quot;:{&quot;desktop_large&quot;:&quot;20&quot;},&quot;base-line-height&quot;:&quot;global&quot;,&quot;base-letter-spacing&quot;:&quot;global&quot;}\" class=\"ut-custom-heading-module\" ><span class=\"\" >Utiliza\u00e7\u00f5es<\/span><\/h3><style type=\"text\/css\">#ut_custom_heading69ea91f208f97 { font-size:14px !important;line-height:28px !important; }#ut_custom_heading69ea91f208f97 { text-align:left; }@media (min-width: 768px) and (max-width: 1024px) { #ut_custom_heading69ea91f208f97 { text-align:left; } }@media (max-width: 767px) { #ut_custom_heading69ea91f208f97 { text-align:left; } }<\/style><p id=\"ut_custom_heading69ea91f208f97\" data-responsive-font=\"p\" data-responsive-font-settings=\"{&quot;base-font-size&quot;:&quot;global&quot;,&quot;font-size&quot;:{&quot;desktop_large&quot;:&quot;14&quot;},&quot;base-line-height&quot;:&quot;global&quot;,&quot;line-height&quot;:{&quot;desktop_large&quot;:&quot;28&quot;},&quot;base-letter-spacing&quot;:&quot;global&quot;}\" class=\"ut-custom-heading-module\" ><span class=\"\" >Estes s\u00e3o recomendados para instala\u00e7\u00f5es com suspens\u00e3o mais de 60 metros.<br \/>\nDevido a sua grande flexibilidade s\u00e3o requeridos para a instala\u00e7\u00e3o de: ELEVADORES \u2013 EMPILHADEIRA, GUINDASTES PONTES \u2013 EQUIPAMENTOS EL\u00c9TRICOS.<\/span><\/p><style type=\"text\/css\">#ut_custom_heading69ea91f20901c { font-family: \"Raleway\";font-weight:500;font-style:normal; }#ut_custom_heading69ea91f20901c { font-size:20px !important; }#ut_custom_heading69ea91f20901c { text-align:left; }@media (min-width: 768px) and (max-width: 1024px) { #ut_custom_heading69ea91f20901c { text-align:left; } }@media (max-width: 767px) { #ut_custom_heading69ea91f20901c { text-align:left; } }#ut_custom_heading69ea91f20901c span { border-left-style:solid;border-left-color:#fe8b54;border-left-width:5px;padding-left:10px;display:inline-block; }<\/style><h3 id=\"ut_custom_heading69ea91f20901c\" data-responsive-font=\"h3\" data-responsive-font-settings=\"{&quot;base-font-size&quot;:&quot;global&quot;,&quot;font-size&quot;:{&quot;desktop_large&quot;:&quot;20&quot;},&quot;base-line-height&quot;:&quot;global&quot;,&quot;base-letter-spacing&quot;:&quot;global&quot;}\" class=\"ut-custom-heading-module\" ><span class=\"\" >Acondicionamento<\/span><\/h3><style type=\"text\/css\">#ut_custom_heading69ea91f209081 { font-size:14px !important;line-height:28px !important; }#ut_custom_heading69ea91f209081 { text-align:left; }@media (min-width: 768px) and (max-width: 1024px) { #ut_custom_heading69ea91f209081 { text-align:left; } }@media (max-width: 767px) { #ut_custom_heading69ea91f209081 { text-align:left; } }<\/style><p id=\"ut_custom_heading69ea91f209081\" data-responsive-font=\"p\" data-responsive-font-settings=\"{&quot;base-font-size&quot;:&quot;global&quot;,&quot;font-size&quot;:{&quot;desktop_large&quot;:&quot;14&quot;},&quot;base-line-height&quot;:&quot;global&quot;,&quot;line-height&quot;:{&quot;desktop_large&quot;:&quot;28&quot;},&quot;base-letter-spacing&quot;:&quot;global&quot;}\" class=\"ut-custom-heading-module\" ><span class=\"\" >Em bobinas.<\/span><\/p><\/div><\/div><\/div><\/div><div class=\"vc_row-full-width vc_clearfix\"><\/div><div id=\"ut-row-69ea91f20987e\" data-vc-full-width=\"true\" data-vc-full-width-init=\"false\" class=\"vc_row wpb_row vc_row-fluid vc_column-gap-0 ut-row-69ea91f20988c\" ><div class=\"wpb_column vc_column_container vc_col-sm-12\" ><div id=\"ut_inner_column_69ea91f209ef4\" class=\"vc_column-inner\" ><div class=\"wpb_wrapper\"><div class=\"vc_empty_space\"   style=\"height: 40px\"><span class=\"vc_empty_space_inner\"><\/span><\/div><div  class=\"wpb_content_element   clearfix\"><style type=\"text\/css\">#ut_am_69ea91f20b6be { opacity: 1; }#ut_am_wrap_69ea91f20b6c0 { text-align: center; }@media (min-width: 768px) and (max-width: 1024px) { #ut_am_wrap_69ea91f20b6c0 { text-align: center !important; } }@media (max-width: 767px) { #ut_am_wrap_69ea91f20b6c0 { text-align: center !important; } }<\/style><div id=\"ut_am_wrap_69ea91f20b6c0\" class=\"ut-image-gallery-image  ut-reveal-fx ut-element-with-block-reveal\"><div id=\"ut_reveal_69ea91f20b6c1\" data-reveal-bgcolor=\"#000000\" data-reveal-direction=\"lr\" data-reveal-duration=\"750\" data-reveal-delay=\"200\" data-appear-top-offset=\"auto\" class=\"ut-animated-image-item ut-image-gallery-item ut-animation-done ut-reveal-fx-element ut-block-reveal-hide\"><a class=\"ut-deactivated-link\" href=\"#\"><div class=\"ut-animated-image-zoom\">\r\n        <div class=\"ut-element-glitch-wrap\">\r\n\r\n            \r\n        <style type=\"text\/css\">\r\n\r\n                        \r\n        @media (min-width: 1025px) {\r\n\r\n        #ut-element-glitch-69ea91f20b721716286813-183 .ut-glitch-single-element {\r\n                                            \r\n                }\r\n        }\r\n\r\n        @media (min-width: 768px) and (max-width: 1024px) {\r\n\r\n        #ut-element-glitch-69ea91f20b721716286813-183 .ut-glitch-single-element {\r\n                                                \r\n                    }\r\n        }\r\n\r\n        @media (max-width: 767px) {\r\n\r\n        #ut-element-glitch-69ea91f20b721716286813-183 .ut-glitch-single-element {\r\n                                                \r\n                    }\r\n        }\r\n\r\n        \r\n        <\/style>\r\n\r\n        \r\n            <div id=\"ut-element-glitch-69ea91f20b721716286813-183\" class=\"ut-element-glitch ut-glitch-none ut-element-glitch-permanent\">\r\n                <div class=\"ut-glitch-single-element ut-lozad skip-lazy\" data-background-image=\"https:\/\/coelpla.com.ar\/wp-content\/uploads\/2022\/02\/table-3.png\"><\/div>\r\n                <div class=\"ut-glitch-single-element ut-lozad skip-lazy\" data-background-image=\"https:\/\/coelpla.com.ar\/wp-content\/uploads\/2022\/02\/table-3.png\"><\/div>\r\n                <div class=\"ut-glitch-single-element ut-lozad skip-lazy\" data-background-image=\"https:\/\/coelpla.com.ar\/wp-content\/uploads\/2022\/02\/table-3.png\"><\/div>\r\n                <div class=\"ut-glitch-single-element ut-lozad skip-lazy\" data-background-image=\"https:\/\/coelpla.com.ar\/wp-content\/uploads\/2022\/02\/table-3.png\"><\/div>\r\n                <div class=\"ut-glitch-single-element ut-lozad skip-lazy\" data-background-image=\"https:\/\/coelpla.com.ar\/wp-content\/uploads\/2022\/02\/table-3.png\"><\/div>\r\n            <\/div>\r\n\r\n        <\/div>\r\n\r\n        <img loading=\"lazy\" decoding=\"async\" class=\"ut-lazy skip-lazy ut-animated-image\"  id=\"ut_am_69ea91f20b6be\" src=\"data:image\/svg+xml;charset=utf-8,%3Csvg xmlns%3D'http%3A%2F%2Fwww.w3.org%2F2000%2Fsvg' viewBox%3D'0 0 709 347'%2F%3E\" data-src=\"https:\/\/coelpla.com.ar\/wp-content\/uploads\/2022\/02\/table-3.png\" width=\"709\" height=\"347\" alt=\"CABLE VIAJERO-COMANDO ASCENSOR REDONDO FLEXIBLE CON ALMA DE ACERO\"\/><\/div><\/a><\/div><\/div><\/div><\/div><\/div><\/div><\/div><div class=\"vc_row-full-width vc_clearfix\"><\/div><a data-id=\"section-without-id\" class=\"ut-vc-offset-anchor-bottom\" name=\"section-without-id\"><\/a><\/section><div class=\"vc_row-full-width vc_clearfix\"><\/div>\n<\/section>","protected":false},"excerpt":{"rendered":"CABLE VIAJERO-COMANDO ASCENSOR REDONDO FLEXIBLE CON ALMA DE ACERO Caracter\u00edsticas GeneralesCada conductor est\u00e1 construido a partir de una cuerda flexible de cobre electrol\u00edtico recocido, aislada con una capa de material termo-pl\u00e1stico PVC anti-llama flexible. Los conductores as\u00ed aislados son cableados sobre un alma de acero, la cual es - t\u00e1 revestida en PVC y sobre [...]","protected":false},"author":1,"featured_media":0,"parent":0,"menu_order":0,"comment_status":"closed","ping_status":"closed","template":"","meta":{"_joinchat":[],"footnotes":""},"class_list":["post-175","page","type-page","status-publish","hentry"],"_links":{"self":[{"href":"https:\/\/coelpla.com.ar\/pt\/wp-json\/wp\/v2\/pages\/175","targetHints":{"allow":["GET"]}}],"collection":[{"href":"https:\/\/coelpla.com.ar\/pt\/wp-json\/wp\/v2\/pages"}],"about":[{"href":"https:\/\/coelpla.com.ar\/pt\/wp-json\/wp\/v2\/types\/page"}],"author":[{"embeddable":true,"href":"https:\/\/coelpla.com.ar\/pt\/wp-json\/wp\/v2\/users\/1"}],"replies":[{"embeddable":true,"href":"https:\/\/coelpla.com.ar\/pt\/wp-json\/wp\/v2\/comments?post=175"}],"version-history":[{"count":6,"href":"https:\/\/coelpla.com.ar\/pt\/wp-json\/wp\/v2\/pages\/175\/revisions"}],"predecessor-version":[{"id":184,"href":"https:\/\/coelpla.com.ar\/pt\/wp-json\/wp\/v2\/pages\/175\/revisions\/184"}],"wp:attachment":[{"href":"https:\/\/coelpla.com.ar\/pt\/wp-json\/wp\/v2\/media?parent=175"}],"curies":[{"name":"wp","href":"https:\/\/api.w.org\/{rel}","templated":true}]}}