{"id":158,"date":"2022-02-24T11:12:52","date_gmt":"2022-02-24T14:12:52","guid":{"rendered":"https:\/\/coelpla.com.ar\/?page_id=158"},"modified":"2022-02-24T12:45:12","modified_gmt":"2022-02-24T15:45:12","slug":"cable-comando-selector","status":"publish","type":"page","link":"https:\/\/coelpla.com.ar\/pt\/cable-comando-selector\/","title":{"rendered":"CABO COMANDO SELETOR"},"content":{"rendered":"<section class=\"wpb-content-wrapper\"><section id=\"ut-section-69ea8fe258ed0\" data-vc-full-width=\"true\" data-vc-full-width-init=\"false\" data-cursor-skin=\"global\" class=\"vc_section ut-vc-120 vc_section-has-no-fill ut-section-69ea8fe258eed\"><div id=\"ut-row-69ea8fe25975e\" data-vc-full-width=\"true\" data-vc-full-width-init=\"false\" class=\"vc_row wpb_row vc_row-fluid vc_column-gap-0 ut-row-69ea8fe25976d\" ><div class=\"wpb_column vc_column_container vc_col-sm-12\" ><div id=\"ut_inner_column_69ea8fe259fe5\" class=\"vc_column-inner\" ><div class=\"wpb_wrapper\"><style type=\"text\/css\">#ut_custom_heading69ea8fe25a2cb { font-family: \"Raleway\";font-weight:400;font-style:normal; }#ut_custom_heading69ea8fe25a2cb { font-size:35px !important; }#ut_custom_heading69ea8fe25a2cb { text-align:left; }@media (min-width: 768px) and (max-width: 1024px) { #ut_custom_heading69ea8fe25a2cb { text-align:left; } }@media (max-width: 767px) { #ut_custom_heading69ea8fe25a2cb { text-align:left; } }<\/style><h1 id=\"ut_custom_heading69ea8fe25a2cb\" data-responsive-font=\"h1\" data-responsive-font-settings=\"{&quot;base-font-size&quot;:&quot;global&quot;,&quot;font-size&quot;:{&quot;desktop_large&quot;:&quot;35&quot;},&quot;base-line-height&quot;:&quot;global&quot;,&quot;base-letter-spacing&quot;:&quot;global&quot;}\" class=\"ut-custom-heading-module\" ><span class=\"\" >CABO COMANDO SELETOR<\/span><\/h1><div id=\"ut-row-inner-69ea8fe25e443\" class=\"vc_row wpb_row vc_inner vc_row-fluid ut-row-inner-69ea8fe25e459\" ><div  class=\"wpb_column vc_column_container vc_col-sm-6\"><div id=\"ut-column-inner-69ea8fe25e8a8\" class=\"vc_column-inner vc_column-inner-nested\"><div class=\"wpb_wrapper\"><div  class=\"wpb_content_element   clearfix\"><style type=\"text\/css\">#ut_am_69ea8fe25ee20 { opacity: 1; }#ut_am_wrap_69ea8fe25ee21 .ut-animated-image-zoom::after { background: url(https:\/\/coelpla.com.ar\/wp-content\/uploads\/2022\/02\/18-CABLE-COMANDO-SELECTOR-500x500-1.png); }#ut_am_wrap_69ea8fe25ee21 { text-align: center; }@media (min-width: 768px) and (max-width: 1024px) { #ut_am_wrap_69ea8fe25ee21 { text-align: center !important; } }@media (max-width: 767px) { #ut_am_wrap_69ea8fe25ee21 { text-align: center !important; } }<\/style><div id=\"ut_am_wrap_69ea8fe25ee21\" class=\"ut-image-gallery-image  ut-reveal-fx ut-element-with-block-reveal\"><div id=\"ut_reveal_69ea8fe25ee23\" data-reveal-bgcolor=\"#0c0c0c\" data-reveal-direction=\"lr\" data-reveal-duration=\"750\" data-reveal-delay=\"200\" data-appear-top-offset=\"auto\" class=\"ut-animated-image-item ut-image-gallery-item ut-animation-done ut-reveal-fx-element ut-block-reveal-hide\"><a data-exthumbimage=\"https:\/\/coelpla.com.ar\/wp-content\/uploads\/2022\/02\/18-CABLE-COMANDO-SELECTOR-500x500-1-200x200.png\" href=\"https:\/\/coelpla.com.ar\/wp-content\/uploads\/2022\/02\/18-CABLE-COMANDO-SELECTOR-1920x780-1.png\" class=\"ut-vc-images-lightbox ut-wait-for-plugin\" data-title=\"\" data-caption=\"\" data-caption-color=\"rgba(255, 255, 255, 1)\" data-caption-background=\"\" data-force-caption=\"on\"><div class=\"ut-animated-image-zoom\">\r\n        <div class=\"ut-element-glitch-wrap\">\r\n\r\n            \r\n        <style type=\"text\/css\">\r\n\r\n                        \r\n        @media (min-width: 1025px) {\r\n\r\n        #ut-element-glitch-69ea8fe25f82e829904859-160 .ut-glitch-single-element {\r\n                                            \r\n                }\r\n        }\r\n\r\n        @media (min-width: 768px) and (max-width: 1024px) {\r\n\r\n        #ut-element-glitch-69ea8fe25f82e829904859-160 .ut-glitch-single-element {\r\n                                                \r\n                    }\r\n        }\r\n\r\n        @media (max-width: 767px) {\r\n\r\n        #ut-element-glitch-69ea8fe25f82e829904859-160 .ut-glitch-single-element {\r\n                                                \r\n                    }\r\n        }\r\n\r\n        \r\n        <\/style>\r\n\r\n        \r\n            <div id=\"ut-element-glitch-69ea8fe25f82e829904859-160\" class=\"ut-element-glitch ut-glitch-none ut-element-glitch-permanent\">\r\n                <div class=\"ut-glitch-single-element ut-lozad skip-lazy\" data-background-image=\"https:\/\/coelpla.com.ar\/wp-content\/uploads\/2022\/02\/18-CABLE-COMANDO-SELECTOR-500x500-1.png\"><\/div>\r\n                <div class=\"ut-glitch-single-element ut-lozad skip-lazy\" data-background-image=\"https:\/\/coelpla.com.ar\/wp-content\/uploads\/2022\/02\/18-CABLE-COMANDO-SELECTOR-500x500-1.png\"><\/div>\r\n                <div class=\"ut-glitch-single-element ut-lozad skip-lazy\" data-background-image=\"https:\/\/coelpla.com.ar\/wp-content\/uploads\/2022\/02\/18-CABLE-COMANDO-SELECTOR-500x500-1.png\"><\/div>\r\n                <div class=\"ut-glitch-single-element ut-lozad skip-lazy\" data-background-image=\"https:\/\/coelpla.com.ar\/wp-content\/uploads\/2022\/02\/18-CABLE-COMANDO-SELECTOR-500x500-1.png\"><\/div>\r\n                <div class=\"ut-glitch-single-element ut-lozad skip-lazy\" data-background-image=\"https:\/\/coelpla.com.ar\/wp-content\/uploads\/2022\/02\/18-CABLE-COMANDO-SELECTOR-500x500-1.png\"><\/div>\r\n            <\/div>\r\n\r\n        <\/div>\r\n\r\n        <img loading=\"lazy\" decoding=\"async\" class=\"ut-lazy skip-lazy ut-animated-image\"  id=\"ut_am_69ea8fe25ee20\" src=\"data:image\/svg+xml;charset=utf-8,%3Csvg xmlns%3D'http%3A%2F%2Fwww.w3.org%2F2000%2Fsvg' viewBox%3D'0 0 500 500'%2F%3E\" data-src=\"https:\/\/coelpla.com.ar\/wp-content\/uploads\/2022\/02\/18-CABLE-COMANDO-SELECTOR-500x500-1.png\" width=\"500\" height=\"500\" alt=\"CABLE COMANDO SELECTOR 500x500\"\/><\/div><\/a><\/div><\/div><\/div><\/div><\/div><\/div><div  class=\"wpb_column vc_column_container vc_col-sm-6\"><div id=\"ut-column-inner-69ea8fe25fd04\" class=\"vc_column-inner vc_column-inner-nested\"><div class=\"wpb_wrapper\"><style type=\"text\/css\">#ut_custom_heading69ea8fe25fea9 { font-family: \"Raleway\";font-weight:500;font-style:normal; }#ut_custom_heading69ea8fe25fea9 { font-size:20px !important; }#ut_custom_heading69ea8fe25fea9 { text-align:left; }@media (min-width: 768px) and (max-width: 1024px) { #ut_custom_heading69ea8fe25fea9 { text-align:left; } }@media (max-width: 767px) { #ut_custom_heading69ea8fe25fea9 { text-align:left; } }#ut_custom_heading69ea8fe25fea9 span { border-left-style:solid;border-left-color:#fe8b54;border-left-width:5px;padding-left:10px;display:inline-block; }<\/style><h3 id=\"ut_custom_heading69ea8fe25fea9\" data-responsive-font=\"h3\" data-responsive-font-settings=\"{&quot;base-font-size&quot;:&quot;global&quot;,&quot;font-size&quot;:{&quot;desktop_large&quot;:&quot;20&quot;},&quot;base-line-height&quot;:&quot;global&quot;,&quot;base-letter-spacing&quot;:&quot;global&quot;}\" class=\"ut-custom-heading-module\" ><span class=\"\" >Caracter\u00edsticas Gerais<\/span><\/h3><style type=\"text\/css\">#ut_custom_heading69ea8fe25ff4b { font-size:14px !important;line-height:28px !important; }#ut_custom_heading69ea8fe25ff4b { text-align:left; }@media (min-width: 768px) and (max-width: 1024px) { #ut_custom_heading69ea8fe25ff4b { text-align:left; } }@media (max-width: 767px) { #ut_custom_heading69ea8fe25ff4b { text-align:left; } }<\/style><p id=\"ut_custom_heading69ea8fe25ff4b\" data-responsive-font=\"p\" data-responsive-font-settings=\"{&quot;base-font-size&quot;:&quot;global&quot;,&quot;font-size&quot;:{&quot;desktop_large&quot;:&quot;14&quot;},&quot;base-line-height&quot;:&quot;global&quot;,&quot;line-height&quot;:{&quot;desktop_large&quot;:&quot;28&quot;},&quot;base-letter-spacing&quot;:&quot;global&quot;}\" class=\"ut-custom-heading-module\" ><span class=\"\" >Cada driver \u00e9 constru\u00eddo a partir de um cabo extra-flex\u00edvel de cobre eletrol\u00edtico t\u00eampera, isolado com uma camada de material termo-pl\u00e1stico PVC flex\u00edvel anti-chama.<br \/>\nOs condutores bem isolados s\u00e3o retorcidos m\u00faltiplos, e posteriormente protegidos por uma bainha ajustada de PVC flex\u00edvel na cor preta.<\/span><\/p><style type=\"text\/css\">#ut_custom_heading69ea8fe25ffe6 { font-family: \"Raleway\";font-weight:500;font-style:normal; }#ut_custom_heading69ea8fe25ffe6 { font-size:20px !important; }#ut_custom_heading69ea8fe25ffe6 { text-align:left; }@media (min-width: 768px) and (max-width: 1024px) { #ut_custom_heading69ea8fe25ffe6 { text-align:left; } }@media (max-width: 767px) { #ut_custom_heading69ea8fe25ffe6 { text-align:left; } }#ut_custom_heading69ea8fe25ffe6 span { border-left-style:solid;border-left-color:#fe8b54;border-left-width:5px;padding-left:10px;display:inline-block; }<\/style><h3 id=\"ut_custom_heading69ea8fe25ffe6\" data-responsive-font=\"h3\" data-responsive-font-settings=\"{&quot;base-font-size&quot;:&quot;global&quot;,&quot;font-size&quot;:{&quot;desktop_large&quot;:&quot;20&quot;},&quot;base-line-height&quot;:&quot;global&quot;,&quot;base-letter-spacing&quot;:&quot;global&quot;}\" class=\"ut-custom-heading-module\" ><span class=\"\" >Identifica\u00e7\u00e3o<\/span><\/h3><style type=\"text\/css\">#ut_custom_heading69ea8fe260054 { font-size:14px !important;line-height:28px !important; }#ut_custom_heading69ea8fe260054 { text-align:left; }@media (min-width: 768px) and (max-width: 1024px) { #ut_custom_heading69ea8fe260054 { text-align:left; } }@media (max-width: 767px) { #ut_custom_heading69ea8fe260054 { text-align:left; } }<\/style><p id=\"ut_custom_heading69ea8fe260054\" data-responsive-font=\"p\" data-responsive-font-settings=\"{&quot;base-font-size&quot;:&quot;global&quot;,&quot;font-size&quot;:{&quot;desktop_large&quot;:&quot;14&quot;},&quot;base-line-height&quot;:&quot;global&quot;,&quot;line-height&quot;:{&quot;desktop_large&quot;:&quot;28&quot;},&quot;base-letter-spacing&quot;:&quot;global&quot;}\" class=\"ut-custom-heading-module\" ><span class=\"\" >Sistema de pares de cores, diferenciadas por um condutor de cada par com uma linha preta.<br \/>\nConseguindo desta forma a sua f\u00e1cil identifica\u00e7\u00e3o.<\/span><\/p><style type=\"text\/css\">#ut_custom_heading69ea8fe2600e6 { font-family: \"Raleway\";font-weight:500;font-style:normal; }#ut_custom_heading69ea8fe2600e6 { font-size:20px !important; }#ut_custom_heading69ea8fe2600e6 { text-align:left; }@media (min-width: 768px) and (max-width: 1024px) { #ut_custom_heading69ea8fe2600e6 { text-align:left; } }@media (max-width: 767px) { #ut_custom_heading69ea8fe2600e6 { text-align:left; } }#ut_custom_heading69ea8fe2600e6 span { border-left-style:solid;border-left-color:#fe8b54;border-left-width:5px;padding-left:10px;display:inline-block; }<\/style><h3 id=\"ut_custom_heading69ea8fe2600e6\" data-responsive-font=\"h3\" data-responsive-font-settings=\"{&quot;base-font-size&quot;:&quot;global&quot;,&quot;font-size&quot;:{&quot;desktop_large&quot;:&quot;20&quot;},&quot;base-line-height&quot;:&quot;global&quot;,&quot;base-letter-spacing&quot;:&quot;global&quot;}\" class=\"ut-custom-heading-module\" ><span class=\"\" >Caracter\u00edsticas el\u00e9tricas<\/span><\/h3><style type=\"text\/css\">#ut_custom_heading69ea8fe26015b { font-size:14px !important;line-height:28px !important; }#ut_custom_heading69ea8fe26015b { text-align:left; }@media (min-width: 768px) and (max-width: 1024px) { #ut_custom_heading69ea8fe26015b { text-align:left; } }@media (max-width: 767px) { #ut_custom_heading69ea8fe26015b { text-align:left; } }<\/style><p id=\"ut_custom_heading69ea8fe26015b\" data-responsive-font=\"p\" data-responsive-font-settings=\"{&quot;base-font-size&quot;:&quot;global&quot;,&quot;font-size&quot;:{&quot;desktop_large&quot;:&quot;14&quot;},&quot;base-line-height&quot;:&quot;global&quot;,&quot;line-height&quot;:{&quot;desktop_large&quot;:&quot;28&quot;},&quot;base-letter-spacing&quot;:&quot;global&quot;}\" class=\"ut-custom-heading-module\" ><span class=\"\" >Tens\u00e3o nominal: 300\/300 V.<\/span><\/p><style type=\"text\/css\">#ut_custom_heading69ea8fe2601e7 { font-family: \"Raleway\";font-weight:500;font-style:normal; }#ut_custom_heading69ea8fe2601e7 { font-size:20px !important; }#ut_custom_heading69ea8fe2601e7 { text-align:left; }@media (min-width: 768px) and (max-width: 1024px) { #ut_custom_heading69ea8fe2601e7 { text-align:left; } }@media (max-width: 767px) { #ut_custom_heading69ea8fe2601e7 { text-align:left; } }#ut_custom_heading69ea8fe2601e7 span { border-left-style:solid;border-left-color:#fe8b54;border-left-width:5px;padding-left:10px;display:inline-block; }<\/style><h3 id=\"ut_custom_heading69ea8fe2601e7\" data-responsive-font=\"h3\" data-responsive-font-settings=\"{&quot;base-font-size&quot;:&quot;global&quot;,&quot;font-size&quot;:{&quot;desktop_large&quot;:&quot;20&quot;},&quot;base-line-height&quot;:&quot;global&quot;,&quot;base-letter-spacing&quot;:&quot;global&quot;}\" class=\"ut-custom-heading-module\" ><span class=\"\" >Utiliza\u00e7\u00f5es<\/span><\/h3><style type=\"text\/css\">#ut_custom_heading69ea8fe26024e { font-size:14px !important;line-height:28px !important; }#ut_custom_heading69ea8fe26024e { text-align:left; }@media (min-width: 768px) and (max-width: 1024px) { #ut_custom_heading69ea8fe26024e { text-align:left; } }@media (max-width: 767px) { #ut_custom_heading69ea8fe26024e { text-align:left; } }<\/style><p id=\"ut_custom_heading69ea8fe26024e\" data-responsive-font=\"p\" data-responsive-font-settings=\"{&quot;base-font-size&quot;:&quot;global&quot;,&quot;font-size&quot;:{&quot;desktop_large&quot;:&quot;14&quot;},&quot;base-line-height&quot;:&quot;global&quot;,&quot;line-height&quot;:{&quot;desktop_large&quot;:&quot;28&quot;},&quot;base-letter-spacing&quot;:&quot;global&quot;}\" class=\"ut-custom-heading-module\" ><span class=\"\" >Devido \u00e0 sua flexibilidade extra, s\u00e3o recomendados para equipamentos que exigem grande mobilidade.<\/span><\/p><style type=\"text\/css\">#ut_custom_heading69ea8fe2602ff { font-family: \"Raleway\";font-weight:500;font-style:normal; }#ut_custom_heading69ea8fe2602ff { font-size:20px !important; }#ut_custom_heading69ea8fe2602ff { text-align:left; }@media (min-width: 768px) and (max-width: 1024px) { #ut_custom_heading69ea8fe2602ff { text-align:left; } }@media (max-width: 767px) { #ut_custom_heading69ea8fe2602ff { text-align:left; } }#ut_custom_heading69ea8fe2602ff span { border-left-style:solid;border-left-color:#fe8b54;border-left-width:5px;padding-left:10px;display:inline-block; }<\/style><h3 id=\"ut_custom_heading69ea8fe2602ff\" data-responsive-font=\"h3\" data-responsive-font-settings=\"{&quot;base-font-size&quot;:&quot;global&quot;,&quot;font-size&quot;:{&quot;desktop_large&quot;:&quot;20&quot;},&quot;base-line-height&quot;:&quot;global&quot;,&quot;base-letter-spacing&quot;:&quot;global&quot;}\" class=\"ut-custom-heading-module\" ><span class=\"\" >Acondicionamento<\/span><\/h3><style type=\"text\/css\">#ut_custom_heading69ea8fe260386 { font-size:14px !important;line-height:28px !important; }#ut_custom_heading69ea8fe260386 { text-align:left; }@media (min-width: 768px) and (max-width: 1024px) { #ut_custom_heading69ea8fe260386 { text-align:left; } }@media (max-width: 767px) { #ut_custom_heading69ea8fe260386 { text-align:left; } }<\/style><p id=\"ut_custom_heading69ea8fe260386\" data-responsive-font=\"p\" data-responsive-font-settings=\"{&quot;base-font-size&quot;:&quot;global&quot;,&quot;font-size&quot;:{&quot;desktop_large&quot;:&quot;14&quot;},&quot;base-line-height&quot;:&quot;global&quot;,&quot;line-height&quot;:{&quot;desktop_large&quot;:&quot;28&quot;},&quot;base-letter-spacing&quot;:&quot;global&quot;}\" class=\"ut-custom-heading-module\" ><span class=\"\" >Em bobinas.<\/span><\/p><\/div><\/div><\/div><\/div><\/div><\/div><\/div><\/div><div class=\"vc_row-full-width vc_clearfix\"><\/div><div id=\"ut-row-69ea8fe260d09\" data-vc-full-width=\"true\" data-vc-full-width-init=\"false\" class=\"vc_row wpb_row vc_row-fluid vc_column-gap-0 ut-row-69ea8fe260d18\" ><div class=\"wpb_column vc_column_container vc_col-sm-12\" ><div id=\"ut_inner_column_69ea8fe26137c\" class=\"vc_column-inner\" ><div class=\"wpb_wrapper\"><div class=\"vc_empty_space\"   style=\"height: 40px\"><span class=\"vc_empty_space_inner\"><\/span><\/div><div  class=\"wpb_content_element   clearfix\"><style type=\"text\/css\">#ut_am_69ea8fe2619ab { opacity: 1; }#ut_am_wrap_69ea8fe2619ac { text-align: center; }@media (min-width: 768px) and (max-width: 1024px) { #ut_am_wrap_69ea8fe2619ac { text-align: center !important; } }@media (max-width: 767px) { #ut_am_wrap_69ea8fe2619ac { text-align: center !important; } }<\/style><div id=\"ut_am_wrap_69ea8fe2619ac\" class=\"ut-image-gallery-image  ut-reveal-fx ut-element-with-block-reveal\"><div id=\"ut_reveal_69ea8fe2619ad\" data-reveal-bgcolor=\"#000000\" data-reveal-direction=\"lr\" data-reveal-duration=\"750\" data-reveal-delay=\"250\" data-appear-top-offset=\"auto\" class=\"ut-animated-image-item ut-image-gallery-item ut-animation-done ut-reveal-fx-element ut-block-reveal-hide\"><a data-exthumbimage=\"http:\/\/h\" href=\"https:\/\/coelpla.com.ar\/wp-content\/uploads\/2022\/02\/table-2.png\" class=\"ut-vc-images-lightbox ut-wait-for-plugin\" data-title=\"Cable comando selector\" data-caption=\"Cable comando selector\" data-caption-color=\"\" data-caption-background=\"\"><div class=\"ut-animated-image-zoom\">\r\n        <div class=\"ut-element-glitch-wrap\">\r\n\r\n            \r\n        <style type=\"text\/css\">\r\n\r\n                        \r\n        @media (min-width: 1025px) {\r\n\r\n        #ut-element-glitch-69ea8fe261ff6617276541-173 .ut-glitch-single-element {\r\n                                            \r\n                }\r\n        }\r\n\r\n        @media (min-width: 768px) and (max-width: 1024px) {\r\n\r\n        #ut-element-glitch-69ea8fe261ff6617276541-173 .ut-glitch-single-element {\r\n                                                \r\n                    }\r\n        }\r\n\r\n        @media (max-width: 767px) {\r\n\r\n        #ut-element-glitch-69ea8fe261ff6617276541-173 .ut-glitch-single-element {\r\n                                                \r\n                    }\r\n        }\r\n\r\n        \r\n        <\/style>\r\n\r\n        \r\n            <div id=\"ut-element-glitch-69ea8fe261ff6617276541-173\" class=\"ut-element-glitch ut-glitch-none ut-element-glitch-permanent\">\r\n                <div class=\"ut-glitch-single-element ut-lozad skip-lazy\" data-background-image=\"https:\/\/coelpla.com.ar\/wp-content\/uploads\/2022\/02\/table-2.png\"><\/div>\r\n                <div class=\"ut-glitch-single-element ut-lozad skip-lazy\" data-background-image=\"https:\/\/coelpla.com.ar\/wp-content\/uploads\/2022\/02\/table-2.png\"><\/div>\r\n                <div class=\"ut-glitch-single-element ut-lozad skip-lazy\" data-background-image=\"https:\/\/coelpla.com.ar\/wp-content\/uploads\/2022\/02\/table-2.png\"><\/div>\r\n                <div class=\"ut-glitch-single-element ut-lozad skip-lazy\" data-background-image=\"https:\/\/coelpla.com.ar\/wp-content\/uploads\/2022\/02\/table-2.png\"><\/div>\r\n                <div class=\"ut-glitch-single-element ut-lozad skip-lazy\" data-background-image=\"https:\/\/coelpla.com.ar\/wp-content\/uploads\/2022\/02\/table-2.png\"><\/div>\r\n            <\/div>\r\n\r\n        <\/div>\r\n\r\n        <img loading=\"lazy\" decoding=\"async\" class=\"ut-lazy skip-lazy ut-animated-image\"  id=\"ut_am_69ea8fe2619ab\" src=\"data:image\/svg+xml;charset=utf-8,%3Csvg xmlns%3D'http%3A%2F%2Fwww.w3.org%2F2000%2Fsvg' viewBox%3D'0 0 691 146'%2F%3E\" data-src=\"https:\/\/coelpla.com.ar\/wp-content\/uploads\/2022\/02\/table-2.png\" width=\"691\" height=\"146\" alt=\"Cable comando selector\"\/><\/div><\/a><\/div><\/div><\/div><\/div><\/div><\/div><\/div><div class=\"vc_row-full-width vc_clearfix\"><\/div><a data-id=\"section-without-id\" class=\"ut-vc-offset-anchor-bottom\" name=\"section-without-id\"><\/a><\/section><div class=\"vc_row-full-width vc_clearfix\"><\/div>\n<\/section>","protected":false},"excerpt":{"rendered":"CABLE COMANDO SELECTOR Caracter\u00edsticas GeneralesCada conductor est\u00e1 constru\u00eddo a partir de una cuerda extra-flexible de cobre electrol\u00edtico recocido, aislada con una capa de material termo-pl\u00e1stico PVC flexible anti-llama. Los conductores as\u00ed aislados son cableados y posteriormente protegidos por una vaina ajustada de PVC flexible en color negro.Identificaci\u00f3nSistema de pares de colores, diferenciados un conductor de [...]","protected":false},"author":1,"featured_media":0,"parent":0,"menu_order":0,"comment_status":"closed","ping_status":"closed","template":"","meta":{"_joinchat":[],"footnotes":""},"class_list":["post-158","page","type-page","status-publish","hentry"],"_links":{"self":[{"href":"https:\/\/coelpla.com.ar\/pt\/wp-json\/wp\/v2\/pages\/158","targetHints":{"allow":["GET"]}}],"collection":[{"href":"https:\/\/coelpla.com.ar\/pt\/wp-json\/wp\/v2\/pages"}],"about":[{"href":"https:\/\/coelpla.com.ar\/pt\/wp-json\/wp\/v2\/types\/page"}],"author":[{"embeddable":true,"href":"https:\/\/coelpla.com.ar\/pt\/wp-json\/wp\/v2\/users\/1"}],"replies":[{"embeddable":true,"href":"https:\/\/coelpla.com.ar\/pt\/wp-json\/wp\/v2\/comments?post=158"}],"version-history":[{"count":11,"href":"https:\/\/coelpla.com.ar\/pt\/wp-json\/wp\/v2\/pages\/158\/revisions"}],"predecessor-version":[{"id":174,"href":"https:\/\/coelpla.com.ar\/pt\/wp-json\/wp\/v2\/pages\/158\/revisions\/174"}],"wp:attachment":[{"href":"https:\/\/coelpla.com.ar\/pt\/wp-json\/wp\/v2\/media?parent=158"}],"curies":[{"name":"wp","href":"https:\/\/api.w.org\/{rel}","templated":true}]}}