{"id":140,"date":"2022-02-21T16:46:44","date_gmt":"2022-02-21T19:46:44","guid":{"rendered":"https:\/\/coelpla.com.ar\/?page_id=140"},"modified":"2022-02-22T12:21:37","modified_gmt":"2022-02-22T15:21:37","slug":"cable-viajero-comando-ascensor-redondo-flexible-centro-de-yute","status":"publish","type":"page","link":"https:\/\/coelpla.com.ar\/pt\/cable-viajero-comando-ascensor-redondo-flexible-centro-de-yute\/","title":{"rendered":"CABO VIAJANTE COMANDO ELEVADOR REDONDO FLEX\u00cdVEL CENTRO DE JUTA"},"content":{"rendered":"<section class=\"wpb-content-wrapper\"><section id=\"ut-section-69ea8fd7686e0\" data-vc-full-width=\"true\" data-vc-full-width-init=\"false\" data-cursor-skin=\"global\" class=\"vc_section ut-vc-120 vc_section-has-no-fill ut-section-69ea8fd7686f2\"><div id=\"ut-row-69ea8fd76901b\" data-vc-full-width=\"true\" data-vc-full-width-init=\"false\" class=\"vc_row wpb_row vc_row-fluid vc_column-gap-0 ut-row-69ea8fd76902a\" ><div class=\"wpb_column vc_column_container vc_col-sm-12\" ><div id=\"ut_inner_column_69ea8fd769855\" class=\"vc_column-inner\" ><div class=\"wpb_wrapper\"><style type=\"text\/css\">#ut_custom_heading69ea8fd769b38 { font-family: \"Raleway\";font-weight:400;font-style:normal; }#ut_custom_heading69ea8fd769b38 { font-size:35px !important; }#ut_custom_heading69ea8fd769b38 { text-align:left; }@media (min-width: 768px) and (max-width: 1024px) { #ut_custom_heading69ea8fd769b38 { text-align:left; } }@media (max-width: 767px) { #ut_custom_heading69ea8fd769b38 { text-align:left; } }<\/style><h1 id=\"ut_custom_heading69ea8fd769b38\" data-responsive-font=\"h1\" data-responsive-font-settings=\"{&quot;base-font-size&quot;:&quot;global&quot;,&quot;font-size&quot;:{&quot;desktop_large&quot;:&quot;35&quot;},&quot;base-line-height&quot;:&quot;global&quot;,&quot;base-letter-spacing&quot;:&quot;global&quot;}\" class=\"ut-custom-heading-module\" ><span class=\"\" >CABO VIAJANTE COMANDO ELEVADOR REDONDO FLEX\u00cdVEL CENTRO DE JUTA<\/span><\/h1><\/div><\/div><\/div><\/div><div class=\"vc_row-full-width vc_clearfix\"><\/div><div id=\"ut-row-69ea8fd76e1c3\" data-vc-full-width=\"true\" data-vc-full-width-init=\"false\" class=\"vc_row wpb_row vc_row-fluid vc_column-gap-0 ut-row-69ea8fd76e1d4\" ><div class=\"wpb_column vc_column_container vc_col-sm-6\" ><div id=\"ut_inner_column_69ea8fd76e8f7\" class=\"vc_column-inner\" ><div class=\"wpb_wrapper\"><div  class=\"wpb_content_element   clearfix\"><style type=\"text\/css\">#ut_am_69ea8fd76ee4e { opacity: 1; }#ut_am_wrap_69ea8fd76ee50 .ut-animated-image-zoom::after { background: url(https:\/\/coelpla.com.ar\/wp-content\/uploads\/2022\/02\/id1_500x500.jpg); }#ut_am_wrap_69ea8fd76ee50 { text-align: center; }@media (min-width: 768px) and (max-width: 1024px) { #ut_am_wrap_69ea8fd76ee50 { text-align: center !important; } }@media (max-width: 767px) { #ut_am_wrap_69ea8fd76ee50 { text-align: center !important; } }<\/style><div id=\"ut_am_wrap_69ea8fd76ee50\" class=\"ut-image-gallery-image\"><div id=\"ut_reveal_69ea8fd76ee51\"  data-appear-top-offset=\"auto\" class=\"ut-animated-image-item ut-image-gallery-item ut-animation-done\"><a data-exthumbimage=\"https:\/\/coelpla.com.ar\/wp-content\/uploads\/2022\/02\/id1_500x500-200x200.jpg\" href=\"https:\/\/coelpla.com.ar\/wp-content\/uploads\/2022\/02\/id1_fi.jpg\" class=\"ut-vc-images-lightbox ut-wait-for-plugin\" data-title=\"\" data-caption=\"\" data-caption-color=\"\" data-caption-background=\"\" data-force-caption=\"on\"><div class=\"ut-animated-image-zoom\">\r\n        <div class=\"ut-element-glitch-wrap\">\r\n\r\n            \r\n        <style type=\"text\/css\">\r\n\r\n                        \r\n        @media (min-width: 1025px) {\r\n\r\n        #ut-element-glitch-69ea8fd76f8fe278994003-145 .ut-glitch-single-element {\r\n                                            \r\n                }\r\n        }\r\n\r\n        @media (min-width: 768px) and (max-width: 1024px) {\r\n\r\n        #ut-element-glitch-69ea8fd76f8fe278994003-145 .ut-glitch-single-element {\r\n                                                \r\n                    }\r\n        }\r\n\r\n        @media (max-width: 767px) {\r\n\r\n        #ut-element-glitch-69ea8fd76f8fe278994003-145 .ut-glitch-single-element {\r\n                                                \r\n                    }\r\n        }\r\n\r\n        \r\n        <\/style>\r\n\r\n        \r\n            <div id=\"ut-element-glitch-69ea8fd76f8fe278994003-145\" class=\"ut-element-glitch ut-glitch-none ut-element-glitch-permanent\">\r\n                <div class=\"ut-glitch-single-element ut-lozad skip-lazy\" data-background-image=\"https:\/\/coelpla.com.ar\/wp-content\/uploads\/2022\/02\/id1_500x500.jpg\"><\/div>\r\n                <div class=\"ut-glitch-single-element ut-lozad skip-lazy\" data-background-image=\"https:\/\/coelpla.com.ar\/wp-content\/uploads\/2022\/02\/id1_500x500.jpg\"><\/div>\r\n                <div class=\"ut-glitch-single-element ut-lozad skip-lazy\" data-background-image=\"https:\/\/coelpla.com.ar\/wp-content\/uploads\/2022\/02\/id1_500x500.jpg\"><\/div>\r\n                <div class=\"ut-glitch-single-element ut-lozad skip-lazy\" data-background-image=\"https:\/\/coelpla.com.ar\/wp-content\/uploads\/2022\/02\/id1_500x500.jpg\"><\/div>\r\n                <div class=\"ut-glitch-single-element ut-lozad skip-lazy\" data-background-image=\"https:\/\/coelpla.com.ar\/wp-content\/uploads\/2022\/02\/id1_500x500.jpg\"><\/div>\r\n            <\/div>\r\n\r\n        <\/div>\r\n\r\n        <img loading=\"lazy\" decoding=\"async\" class=\"ut-lazy skip-lazy ut-animated-image\"  id=\"ut_am_69ea8fd76ee4e\" src=\"data:image\/svg+xml;charset=utf-8,%3Csvg xmlns%3D'http%3A%2F%2Fwww.w3.org%2F2000%2Fsvg' viewBox%3D'0 0 500 500'%2F%3E\" data-src=\"https:\/\/coelpla.com.ar\/wp-content\/uploads\/2022\/02\/id1_500x500.jpg\" width=\"500\" height=\"500\" alt=\"CABLE VIAJERO COMANDO ASCENSOR REDONDO FLEXIBLE CENTRO DE YUTE\"\/><\/div><\/a><\/div><\/div><\/div><\/div><\/div><\/div><div class=\"wpb_column vc_column_container vc_col-sm-6\" ><div id=\"ut_inner_column_69ea8fd76fcc9\" class=\"vc_column-inner\" ><div class=\"wpb_wrapper\"><style type=\"text\/css\">#ut_custom_heading69ea8fd76fdc5 { font-family: \"Raleway\";font-weight:500;font-style:normal; }#ut_custom_heading69ea8fd76fdc5 { font-size:20px !important; }#ut_custom_heading69ea8fd76fdc5 { text-align:left; }@media (min-width: 768px) and (max-width: 1024px) { #ut_custom_heading69ea8fd76fdc5 { text-align:left; } }@media (max-width: 767px) { #ut_custom_heading69ea8fd76fdc5 { text-align:left; } }#ut_custom_heading69ea8fd76fdc5 span { border-left-style:solid;border-left-color:#fe8b54;border-left-width:5px;padding-left:10px;display:inline-block; }<\/style><h3 id=\"ut_custom_heading69ea8fd76fdc5\" data-responsive-font=\"h3\" data-responsive-font-settings=\"{&quot;base-font-size&quot;:&quot;global&quot;,&quot;font-size&quot;:{&quot;desktop_large&quot;:&quot;20&quot;},&quot;base-line-height&quot;:&quot;global&quot;,&quot;base-letter-spacing&quot;:&quot;global&quot;}\" class=\"ut-custom-heading-module\" ><span class=\"\" >Caracter\u00edsticas Gerais<\/span><\/h3><style type=\"text\/css\">#ut_custom_heading69ea8fd76fe7d { font-size:14px !important;line-height:28px !important; }#ut_custom_heading69ea8fd76fe7d { text-align:left; }@media (min-width: 768px) and (max-width: 1024px) { #ut_custom_heading69ea8fd76fe7d { text-align:left; } }@media (max-width: 767px) { #ut_custom_heading69ea8fd76fe7d { text-align:left; } }<\/style><p id=\"ut_custom_heading69ea8fd76fe7d\" data-responsive-font=\"p\" data-responsive-font-settings=\"{&quot;base-font-size&quot;:&quot;global&quot;,&quot;font-size&quot;:{&quot;desktop_large&quot;:&quot;14&quot;},&quot;base-line-height&quot;:&quot;global&quot;,&quot;line-height&quot;:{&quot;desktop_large&quot;:&quot;28&quot;},&quot;base-letter-spacing&quot;:&quot;global&quot;}\" class=\"ut-custom-heading-module   vc_custom_1645542697903\" ><span class=\"\" >Cada condutor \u00e9 constru\u00eddo por uma corda flex\u00edvel de cobre eletrol\u00edtico t\u00eampera, isolado com uma camada de material termopl\u00e1stico PVC antichama flex\u00edvel.<br \/>\nOs condutores bem isolados s\u00e3o retorcidos m\u00faltiplos sobre uma alma de a\u00e7o, a qual \u00e9 revestida em PVC e sobre o mesmo uma malha de poli\u00e9ster.<br \/>\nPosteriormente, a fia\u00e7\u00e3o final \u00e9 freio com uma fita de fio de algod\u00e3o e protegidos com uma bainha ajustada de PVC flex\u00edvel na cor preta.<br \/>\nCom base nas especifica\u00e7\u00f5es das Normas IRAM N\u00ba 2022 Classe 5-IEC N\u00ba 60227-71-C.<\/span><\/p><style type=\"text\/css\">#ut_custom_heading69ea8fd76ff21 { font-family: \"Raleway\";font-weight:500;font-style:normal; }#ut_custom_heading69ea8fd76ff21 { font-size:20px !important; }#ut_custom_heading69ea8fd76ff21 { text-align:left; }@media (min-width: 768px) and (max-width: 1024px) { #ut_custom_heading69ea8fd76ff21 { text-align:left; } }@media (max-width: 767px) { #ut_custom_heading69ea8fd76ff21 { text-align:left; } }#ut_custom_heading69ea8fd76ff21 span { border-left-style:solid;border-left-color:#fe8b54;border-left-width:5px;padding-left:10px;display:inline-block; }<\/style><h3 id=\"ut_custom_heading69ea8fd76ff21\" data-responsive-font=\"h3\" data-responsive-font-settings=\"{&quot;base-font-size&quot;:&quot;global&quot;,&quot;font-size&quot;:{&quot;desktop_large&quot;:&quot;20&quot;},&quot;base-line-height&quot;:&quot;global&quot;,&quot;base-letter-spacing&quot;:&quot;global&quot;}\" class=\"ut-custom-heading-module\" ><span class=\"\" >Identifica\u00e7\u00e3o<\/span><\/h3><style type=\"text\/css\">#ut_custom_heading69ea8fd76ffa4 { font-size:14px !important;line-height:28px !important; }#ut_custom_heading69ea8fd76ffa4 { text-align:left; }@media (min-width: 768px) and (max-width: 1024px) { #ut_custom_heading69ea8fd76ffa4 { text-align:left; } }@media (max-width: 767px) { #ut_custom_heading69ea8fd76ffa4 { text-align:left; } }<\/style><p id=\"ut_custom_heading69ea8fd76ffa4\" data-responsive-font=\"p\" data-responsive-font-settings=\"{&quot;base-font-size&quot;:&quot;global&quot;,&quot;font-size&quot;:{&quot;desktop_large&quot;:&quot;14&quot;},&quot;base-line-height&quot;:&quot;global&quot;,&quot;line-height&quot;:{&quot;desktop_large&quot;:&quot;28&quot;},&quot;base-letter-spacing&quot;:&quot;global&quot;}\" class=\"ut-custom-heading-module   vc_custom_1645542819222\" ><span class=\"\" >Sistema de numera\u00e7\u00e3o sobre o isolamento de cada condutor dispostos em forma cont\u00ednua a 40 mil\u00edmetros, aproximadamente, entre si e de f\u00e1cil leitura.<br \/>\nA bainha exterior tem sobre a mesma marca COELPLA, se\u00e7\u00e3o e n\u00famero de condutores, tens\u00e3o, pa\u00eds de origem e metros marcados em forma sequencial.<\/span><\/p><style type=\"text\/css\">#ut_custom_heading69ea8fd770037 { font-family: \"Raleway\";font-weight:500;font-style:normal; }#ut_custom_heading69ea8fd770037 { font-size:20px !important; }#ut_custom_heading69ea8fd770037 { text-align:left; }@media (min-width: 768px) and (max-width: 1024px) { #ut_custom_heading69ea8fd770037 { text-align:left; } }@media (max-width: 767px) { #ut_custom_heading69ea8fd770037 { text-align:left; } }#ut_custom_heading69ea8fd770037 span { border-left-style:solid;border-left-color:#fe8b54;border-left-width:5px;padding-left:10px;display:inline-block; }<\/style><h3 id=\"ut_custom_heading69ea8fd770037\" data-responsive-font=\"h3\" data-responsive-font-settings=\"{&quot;base-font-size&quot;:&quot;global&quot;,&quot;font-size&quot;:{&quot;desktop_large&quot;:&quot;20&quot;},&quot;base-line-height&quot;:&quot;global&quot;,&quot;base-letter-spacing&quot;:&quot;global&quot;}\" class=\"ut-custom-heading-module\" ><span class=\"\" >Utiliza\u00e7\u00f5es<\/span><\/h3><style type=\"text\/css\">#ut_custom_heading69ea8fd7700a4 { font-size:14px !important;line-height:28px !important; }#ut_custom_heading69ea8fd7700a4 { text-align:left; }@media (min-width: 768px) and (max-width: 1024px) { #ut_custom_heading69ea8fd7700a4 { text-align:left; } }@media (max-width: 767px) { #ut_custom_heading69ea8fd7700a4 { text-align:left; } }<\/style><p id=\"ut_custom_heading69ea8fd7700a4\" data-responsive-font=\"p\" data-responsive-font-settings=\"{&quot;base-font-size&quot;:&quot;global&quot;,&quot;font-size&quot;:{&quot;desktop_large&quot;:&quot;14&quot;},&quot;base-line-height&quot;:&quot;global&quot;,&quot;line-height&quot;:{&quot;desktop_large&quot;:&quot;28&quot;},&quot;base-letter-spacing&quot;:&quot;global&quot;}\" class=\"ut-custom-heading-module   vc_custom_1645542918775\" ><span class=\"\" >Estes s\u00e3o recomendados para instala\u00e7\u00f5es com suspens\u00e3o mais de 60 metros.<br \/>\nDevido a sua grande flexibilidade s\u00e3o requeridos para a instala\u00e7\u00e3o de: Elevadores \u2013 Empilhadeiras. Pontes Guindastes \u2013 Equipamentos El\u00e9tricos.<\/span><\/p><style type=\"text\/css\">#ut_custom_heading69ea8fd770133 { font-family: \"Raleway\";font-weight:500;font-style:normal; }#ut_custom_heading69ea8fd770133 { font-size:20px !important; }#ut_custom_heading69ea8fd770133 { text-align:left; }@media (min-width: 768px) and (max-width: 1024px) { #ut_custom_heading69ea8fd770133 { text-align:left; } }@media (max-width: 767px) { #ut_custom_heading69ea8fd770133 { text-align:left; } }#ut_custom_heading69ea8fd770133 span { border-left-style:solid;border-left-color:#fe8b54;border-left-width:5px;padding-left:10px;display:inline-block; }<\/style><h3 id=\"ut_custom_heading69ea8fd770133\" data-responsive-font=\"h3\" data-responsive-font-settings=\"{&quot;base-font-size&quot;:&quot;global&quot;,&quot;font-size&quot;:{&quot;desktop_large&quot;:&quot;20&quot;},&quot;base-line-height&quot;:&quot;global&quot;,&quot;base-letter-spacing&quot;:&quot;global&quot;}\" class=\"ut-custom-heading-module\" ><span class=\"\" >Caracter\u00edsticas el\u00e9tricas<\/span><\/h3><style type=\"text\/css\">#ut_custom_heading69ea8fd77019e { font-size:14px !important;line-height:28px !important; }#ut_custom_heading69ea8fd77019e { text-align:left; }@media (min-width: 768px) and (max-width: 1024px) { #ut_custom_heading69ea8fd77019e { text-align:left; } }@media (max-width: 767px) { #ut_custom_heading69ea8fd77019e { text-align:left; } }<\/style><p id=\"ut_custom_heading69ea8fd77019e\" data-responsive-font=\"p\" data-responsive-font-settings=\"{&quot;base-font-size&quot;:&quot;global&quot;,&quot;font-size&quot;:{&quot;desktop_large&quot;:&quot;14&quot;},&quot;base-line-height&quot;:&quot;global&quot;,&quot;line-height&quot;:{&quot;desktop_large&quot;:&quot;28&quot;},&quot;base-letter-spacing&quot;:&quot;global&quot;}\" class=\"ut-custom-heading-module   vc_custom_1645543021985\" ><span class=\"\" >0,75 \u2013 100 mm2 : 300\/500V.<\/span><\/p><style type=\"text\/css\">#ut_custom_heading69ea8fd77022c { font-family: \"Raleway\";font-weight:500;font-style:normal; }#ut_custom_heading69ea8fd77022c { font-size:20px !important; }#ut_custom_heading69ea8fd77022c { text-align:left; }@media (min-width: 768px) and (max-width: 1024px) { #ut_custom_heading69ea8fd77022c { text-align:left; } }@media (max-width: 767px) { #ut_custom_heading69ea8fd77022c { text-align:left; } }#ut_custom_heading69ea8fd77022c span { border-left-style:solid;border-left-color:#fe8b54;border-left-width:5px;padding-left:10px;display:inline-block; }<\/style><h3 id=\"ut_custom_heading69ea8fd77022c\" data-responsive-font=\"h3\" data-responsive-font-settings=\"{&quot;base-font-size&quot;:&quot;global&quot;,&quot;font-size&quot;:{&quot;desktop_large&quot;:&quot;20&quot;},&quot;base-line-height&quot;:&quot;global&quot;,&quot;base-letter-spacing&quot;:&quot;global&quot;}\" class=\"ut-custom-heading-module\" ><span class=\"\" >Acondicionamento<\/span><\/h3><style type=\"text\/css\">#ut_custom_heading69ea8fd770295 { font-size:14px !important;line-height:28px !important; }#ut_custom_heading69ea8fd770295 { text-align:left; }@media (min-width: 768px) and (max-width: 1024px) { #ut_custom_heading69ea8fd770295 { text-align:left; } }@media (max-width: 767px) { #ut_custom_heading69ea8fd770295 { text-align:left; } }<\/style><p id=\"ut_custom_heading69ea8fd770295\" data-responsive-font=\"p\" data-responsive-font-settings=\"{&quot;base-font-size&quot;:&quot;global&quot;,&quot;font-size&quot;:{&quot;desktop_large&quot;:&quot;14&quot;},&quot;base-line-height&quot;:&quot;global&quot;,&quot;line-height&quot;:{&quot;desktop_large&quot;:&quot;28&quot;},&quot;base-letter-spacing&quot;:&quot;global&quot;}\" class=\"ut-custom-heading-module   vc_custom_1645543057704\" ><span class=\"\" >Em bobinas.<\/span><\/p><\/div><\/div><\/div><\/div><div class=\"vc_row-full-width vc_clearfix\"><\/div><div id=\"ut-row-69ea8fd770a8e\" data-vc-full-width=\"true\" data-vc-full-width-init=\"false\" class=\"vc_row wpb_row vc_row-fluid vc_column-gap-0 ut-row-69ea8fd770a9d hide-on-mobile\" ><div class=\"wpb_column vc_column_container vc_col-sm-12\" ><div id=\"ut_inner_column_69ea8fd77110f\" class=\"vc_column-inner\" ><div class=\"wpb_wrapper\"><div class=\"vc_empty_space\"   style=\"height: 40px\"><span class=\"vc_empty_space_inner\"><\/span><\/div><div  class=\"wpb_content_element   clearfix\"><style type=\"text\/css\">#ut_am_69ea8fd771720 { opacity: 1; }#ut_am_wrap_69ea8fd771722 { text-align: center; }@media (min-width: 768px) and (max-width: 1024px) { #ut_am_wrap_69ea8fd771722 { text-align: center !important; } }@media (max-width: 767px) { #ut_am_wrap_69ea8fd771722 { text-align: center !important; } }<\/style><div id=\"ut_am_wrap_69ea8fd771722\" class=\"ut-image-gallery-image  ut-reveal-fx ut-element-with-block-reveal\"><div id=\"ut_reveal_69ea8fd771723\" data-reveal-bgcolor=\"#0a0a0a\" data-reveal-direction=\"lr\" data-reveal-duration=\"750\" data-reveal-delay=\"200\" data-appear-top-offset=\"auto\" class=\"ut-animated-image-item ut-image-gallery-item ut-animation-done ut-reveal-fx-element ut-block-reveal-hide\"><a class=\"ut-deactivated-link\" href=\"#\"><div class=\"ut-animated-image-zoom\">\r\n        <div class=\"ut-element-glitch-wrap\">\r\n\r\n            \r\n        <style type=\"text\/css\">\r\n\r\n                        \r\n        @media (min-width: 1025px) {\r\n\r\n        #ut-element-glitch-69ea8fd771756195649092-153 .ut-glitch-single-element {\r\n                                            \r\n                }\r\n        }\r\n\r\n        @media (min-width: 768px) and (max-width: 1024px) {\r\n\r\n        #ut-element-glitch-69ea8fd771756195649092-153 .ut-glitch-single-element {\r\n                                                \r\n                    }\r\n        }\r\n\r\n        @media (max-width: 767px) {\r\n\r\n        #ut-element-glitch-69ea8fd771756195649092-153 .ut-glitch-single-element {\r\n                                                \r\n                    }\r\n        }\r\n\r\n        \r\n        <\/style>\r\n\r\n        \r\n            <div id=\"ut-element-glitch-69ea8fd771756195649092-153\" class=\"ut-element-glitch ut-glitch-none ut-element-glitch-permanent\">\r\n                <div class=\"ut-glitch-single-element ut-lozad skip-lazy\" data-background-image=\"https:\/\/coelpla.com.ar\/wp-content\/uploads\/2022\/02\/tabla_1.jpg\"><\/div>\r\n                <div class=\"ut-glitch-single-element ut-lozad skip-lazy\" data-background-image=\"https:\/\/coelpla.com.ar\/wp-content\/uploads\/2022\/02\/tabla_1.jpg\"><\/div>\r\n                <div class=\"ut-glitch-single-element ut-lozad skip-lazy\" data-background-image=\"https:\/\/coelpla.com.ar\/wp-content\/uploads\/2022\/02\/tabla_1.jpg\"><\/div>\r\n                <div class=\"ut-glitch-single-element ut-lozad skip-lazy\" data-background-image=\"https:\/\/coelpla.com.ar\/wp-content\/uploads\/2022\/02\/tabla_1.jpg\"><\/div>\r\n                <div class=\"ut-glitch-single-element ut-lozad skip-lazy\" data-background-image=\"https:\/\/coelpla.com.ar\/wp-content\/uploads\/2022\/02\/tabla_1.jpg\"><\/div>\r\n            <\/div>\r\n\r\n        <\/div>\r\n\r\n        <img loading=\"lazy\" decoding=\"async\" class=\"ut-lazy skip-lazy ut-animated-image\"  id=\"ut_am_69ea8fd771720\" src=\"data:image\/svg+xml;charset=utf-8,%3Csvg xmlns%3D'http%3A%2F%2Fwww.w3.org%2F2000%2Fsvg' viewBox%3D'0 0 858 525'%2F%3E\" data-src=\"https:\/\/coelpla.com.ar\/wp-content\/uploads\/2022\/02\/tabla_1.jpg\" width=\"858\" height=\"525\" alt=\"\"\/><\/div><\/a><\/div><\/div><\/div><\/div><\/div><\/div><\/div><div class=\"vc_row-full-width vc_clearfix\"><\/div><a data-id=\"section-without-id\" class=\"ut-vc-offset-anchor-bottom\" name=\"section-without-id\"><\/a><\/section><div class=\"vc_row-full-width vc_clearfix\"><\/div>\n<\/section>","protected":false},"excerpt":{"rendered":"CABLE VIAJERO COMANDO ASCENSOR REDONDO FLEXIBLE CENTRO DE YUTE Caracter\u00edsticas GeneralesCada conductor est\u00e1 construido por una cuerda flexible de cobre electrol\u00edtico recocido, aislado con una capa de material termopl\u00e1stico PVC antillama flexible. Los conductores as\u00ed aislados son cableados sobre un alma de acero, la cual est\u00e1 revestida en PVC y sobre el mismo una malla [...]","protected":false},"author":1,"featured_media":0,"parent":0,"menu_order":0,"comment_status":"closed","ping_status":"closed","template":"","meta":{"_joinchat":[],"footnotes":""},"class_list":["post-140","page","type-page","status-publish","hentry"],"_links":{"self":[{"href":"https:\/\/coelpla.com.ar\/pt\/wp-json\/wp\/v2\/pages\/140","targetHints":{"allow":["GET"]}}],"collection":[{"href":"https:\/\/coelpla.com.ar\/pt\/wp-json\/wp\/v2\/pages"}],"about":[{"href":"https:\/\/coelpla.com.ar\/pt\/wp-json\/wp\/v2\/types\/page"}],"author":[{"embeddable":true,"href":"https:\/\/coelpla.com.ar\/pt\/wp-json\/wp\/v2\/users\/1"}],"replies":[{"embeddable":true,"href":"https:\/\/coelpla.com.ar\/pt\/wp-json\/wp\/v2\/comments?post=140"}],"version-history":[{"count":11,"href":"https:\/\/coelpla.com.ar\/pt\/wp-json\/wp\/v2\/pages\/140\/revisions"}],"predecessor-version":[{"id":155,"href":"https:\/\/coelpla.com.ar\/pt\/wp-json\/wp\/v2\/pages\/140\/revisions\/155"}],"wp:attachment":[{"href":"https:\/\/coelpla.com.ar\/pt\/wp-json\/wp\/v2\/media?parent=140"}],"curies":[{"name":"wp","href":"https:\/\/api.w.org\/{rel}","templated":true}]}}