{"id":101,"date":"2022-02-16T13:49:50","date_gmt":"2022-02-16T16:49:50","guid":{"rendered":"https:\/\/coelpla.com.ar\/?page_id=101"},"modified":"2022-02-16T17:21:01","modified_gmt":"2022-02-16T20:21:01","slug":"contacto","status":"publish","type":"page","link":"https:\/\/coelpla.com.ar\/pt\/contacto\/","title":{"rendered":"Contacto"},"content":{"rendered":"<section class=\"wpb-content-wrapper\"><section id=\"ut-section-69ea763622cdf\" data-vc-full-width=\"true\" data-vc-full-width-init=\"false\" data-cursor-skin=\"global\" class=\"vc_section ut-vc-120 vc_section-has-no-fill ut-section-69ea763622cf2\"><div id=\"ut-row-69ea7636239c8\" data-vc-full-width=\"true\" data-vc-full-width-init=\"false\" class=\"vc_row wpb_row vc_row-fluid vc_column-gap-0 ut-row-69ea7636239d8\" ><div class=\"wpb_column vc_column_container vc_col-sm-6\" ><div id=\"ut_inner_column_69ea76362422c\" class=\"vc_column-inner\" ><div class=\"wpb_wrapper\"><div class=\"wpb_content_element\"><style type=\"text\/css\">#ut_header_69ea7636247c2 h2.section-title{ font-family: \"Raleway\";font-weight:400;font-style:normal; }#ut_header_69ea7636247c2 h2.section-title { font-size:45px !important;letter-spacing:-0.02em; }@media (min-width: 1025px) and (max-width: 1679px) {#ut_header_69ea7636247c2 h2.section-title { letter-spacing:-0.02em; }}@media (min-width: 768px) and (max-width: 1024px) {#ut_header_69ea7636247c2 h2.section-title { letter-spacing:-0.02em; }}@media (max-width: 767px) {#ut_header_69ea7636247c2 h2.section-title { letter-spacing:-0.02em; }}<\/style><header id=\"ut_header_69ea7636247c2\" class=\"section-header  ut-no-title-linebreak-mobile ut-no-lead-linebreak-mobile pt-style-2 header-left header-tablet-left header-mobile-left\"><h2 data-title=\"Ponte en contacto!\"  data-responsive-font=\"section_title\" data-responsive-font-settings=\"{&quot;base-font-size&quot;:&quot;global&quot;,&quot;font-size&quot;:{&quot;desktop_large&quot;:&quot;45&quot;},&quot;base-line-height&quot;:&quot;global&quot;,&quot;base-letter-spacing&quot;:&quot;-0.02&quot;,&quot;letter-spacing&quot;:{&quot;desktop_large&quot;:&quot;-0.02&quot;}}\" class=\"section-title\"><span>Entre em contato!<\/span><\/h2><div data-delay=\"0\" class=\"lead\"><p>Muito em breve, nossa equipe ir\u00e1 fornecer-lhe uma resposta \u00e0 sua pergunta.<\/p>\n<\/div><\/header><\/div><div class=\"wpb_content_element\"><style type=\"text\/css\">#ut_sb_69ea763628fb2 .ut-icon-box .ut-service-box-icon { color: #FFF; }#ut_sb_69ea763628fb2 .ut-arrow-right { border-left: 10px solid rgba(254, 139, 84, 1); }#ut_sb_69ea763628fb2 .ut-icon-box { background: rgba(254, 139, 84, 1); }#ut_sb_69ea763628fb2 .ut-info a.ut-service-box-link { font-size: 12px; }<\/style><div id=\"ut_sb_69ea763628fb2\" class=\"clearfix  clearfix\"><div  class=\"ut-icon-box ut-icon-box-medium\"><div class=\"ut-arrow-right\"><\/div><i class=\"fa-4x fa fa-phone ut-service-box-icon\"><\/i><\/div><div class=\"ut-info\"><h3>Telefone:<\/h3><p>+54 011 4247-1506<\/p><\/div><\/div><\/div><div class=\"wpb_content_element\"><style type=\"text\/css\">#ut_sb_69ea763628ff8 .ut-icon-box .ut-service-box-icon { color: #FFF; }#ut_sb_69ea763628ff8 .ut-arrow-right { border-left: 10px solid rgba(254, 139, 84, 1); }#ut_sb_69ea763628ff8 .ut-icon-box { background: rgba(254, 139, 84, 1); }#ut_sb_69ea763628ff8 .ut-info a.ut-service-box-link { font-size: 12px; }<\/style><div id=\"ut_sb_69ea763628ff8\" class=\"clearfix  clearfix\"><div  class=\"ut-icon-box ut-icon-box-medium\"><div class=\"ut-arrow-right\"><\/div><i class=\"fa-4x fa fa-envelope ut-service-box-icon\"><\/i><\/div><div class=\"ut-info\"><h3>E-mail:<\/h3><p>info@coelpla.com.ar<\/p><a class=\"ut-service-box-link\" title=\"\" href=\"mailto:info@coelpla.com.ar\" target=\"_blank\" ><\/a><\/div><\/div><\/div><\/div><\/div><\/div><div class=\"wpb_column vc_column_container vc_col-sm-6\" ><div id=\"ut_inner_column_69ea7636294f4\" class=\"vc_column-inner\" ><div class=\"wpb_wrapper\"><div id=\"ut_cf7_colors_69ea7636295e1\" class=\"wpb_content_element ut-cf7-dark-skin\">\n<div class=\"wpcf7 no-js\" id=\"wpcf7-f20-o1\" lang=\"es-ES\" dir=\"ltr\" data-wpcf7-id=\"20\">\n<div class=\"screen-reader-response\"><p role=\"status\" aria-live=\"polite\" aria-atomic=\"true\"><\/p> <ul><\/ul><\/div>\n<form action=\"\/pt\/wp-json\/wp\/v2\/pages\/101#wpcf7-f20-o1\" method=\"post\" class=\"wpcf7-form init\" aria-label=\"Formulario de contacto\" novalidate=\"novalidate\" data-status=\"init\" data-trp-original-action=\"\/pt\/wp-json\/wp\/v2\/pages\/101#wpcf7-f20-o1\">\n<fieldset class=\"hidden-fields-container\"><input type=\"hidden\" name=\"_wpcf7\" value=\"20\" \/><input type=\"hidden\" name=\"_wpcf7_version\" value=\"6.1.4\" \/><input type=\"hidden\" name=\"_wpcf7_locale\" value=\"es_ES\" \/><input type=\"hidden\" name=\"_wpcf7_unit_tag\" value=\"wpcf7-f20-o1\" \/><input type=\"hidden\" name=\"_wpcf7_container_post\" value=\"0\" \/><input type=\"hidden\" name=\"_wpcf7_posted_data_hash\" value=\"\" \/>\n<\/fieldset>\n<label> Nome\n    <span class=\"wpcf7-form-control-wrap\" data-name=\"your-name\"><input size=\"40\" maxlength=\"400\" class=\"wpcf7-form-control wpcf7-text wpcf7-validates-as-required\" aria-required=\"true\" aria-invalid=\"false\" value=\"\" type=\"text\" name=\"your-name\" \/><\/span> <\/label>\n\n<label> E-mail\n    <span class=\"wpcf7-form-control-wrap\" data-name=\"your-email\"><input size=\"40\" maxlength=\"400\" class=\"wpcf7-form-control wpcf7-email wpcf7-validates-as-required wpcf7-text wpcf7-validates-as-email\" aria-required=\"true\" aria-invalid=\"false\" value=\"\" type=\"email\" name=\"your-email\" \/><\/span> <\/label>\n\n<label> Telefone\n    <span class=\"wpcf7-form-control-wrap\" data-name=\"tel-933\"><input size=\"40\" maxlength=\"400\" class=\"wpcf7-form-control wpcf7-tel wpcf7-text wpcf7-validates-as-tel\" aria-invalid=\"false\" value=\"\" type=\"tel\" name=\"tel-933\" \/><\/span> <\/label>\n\n<label> A sua consulta\n    <span class=\"wpcf7-form-control-wrap\" data-name=\"your-message\"><textarea cols=\"40\" rows=\"10\" maxlength=\"2000\" class=\"wpcf7-form-control wpcf7-textarea\" aria-invalid=\"false\" name=\"your-message\"><\/textarea><\/span> <\/label>\n\n<input class=\"wpcf7-form-control wpcf7-submit has-spinner\" type=\"submit\" value=\"Enviar\" \/><div class=\"wpcf7-response-output\" aria-hidden=\"true\"><\/div>\n<input type=\"hidden\" name=\"trp-form-language\" value=\"pt\"\/><\/form>\n<\/div>\n<\/div><\/div><\/div><\/div><\/div><div class=\"vc_row-full-width vc_clearfix\"><\/div><div id=\"ut-row-69ea76362dbcf\" data-vc-full-width=\"true\" data-vc-full-width-init=\"false\" class=\"vc_row wpb_row vc_row-fluid vc_column-gap-0 ut-row-69ea76362dbdf\" ><div class=\"wpb_column vc_column_container vc_col-sm-12\" ><div id=\"ut_inner_column_69ea76362e2ce\" class=\"vc_column-inner\" ><div class=\"wpb_wrapper\"><div class=\"wpb_gmaps_widget wpb_content_element wpb_animate_when_almost_visible wpb_fadeIn fadeIn\"><div class=\"wpb_wrapper\"><div class=\"wpb_map_wraper\"><iframe src=\"https:\/\/www.google.com\/maps\/embed?pb=!1m18!1m12!1m3!1d3280.3006308606077!2d-58.385755085191875!3d-34.69759656997749!2m3!1f0!2f0!3f0!3m2!1i1024!2i768!4f13.1!3m3!1m2!1s0x95bcccd8076601f9%3A0xe7408ebc580fc327!2sAyacucho%20840%2C%20B1824IXU%20Lan%C3%BAs%2C%20Provincia%20de%20Buenos%20Aires!5e0!3m2!1ses!2sar!4v1643229589990!5m2!1ses!2sar\" width=\"100%\" height=\"450\" style=\"border:0;\" allowfullscreen=\"\" loading=\"lazy\"><\/iframe><\/div><\/div><\/div><\/div><\/div><\/div><\/div><div class=\"vc_row-full-width vc_clearfix\"><\/div><a data-id=\"section-without-id\" class=\"ut-vc-offset-anchor-bottom\" name=\"section-without-id\"><\/a><\/section><div class=\"vc_row-full-width vc_clearfix\"><\/div>\n<\/section>","protected":false},"excerpt":{"rendered":"Ponte en contacto!Muy pronto nuestro equipo le brindar\u00e1 respuesta a su consulta. Tel\u00e9fono:+54 011 4247-1506Email:info@coelpla.com.ar Nombre Email Tel\u00e9fono Su consulta","protected":false},"author":1,"featured_media":0,"parent":0,"menu_order":0,"comment_status":"closed","ping_status":"closed","template":"","meta":{"_joinchat":[],"footnotes":""},"class_list":["post-101","page","type-page","status-publish","hentry"],"_links":{"self":[{"href":"https:\/\/coelpla.com.ar\/pt\/wp-json\/wp\/v2\/pages\/101","targetHints":{"allow":["GET"]}}],"collection":[{"href":"https:\/\/coelpla.com.ar\/pt\/wp-json\/wp\/v2\/pages"}],"about":[{"href":"https:\/\/coelpla.com.ar\/pt\/wp-json\/wp\/v2\/types\/page"}],"author":[{"embeddable":true,"href":"https:\/\/coelpla.com.ar\/pt\/wp-json\/wp\/v2\/users\/1"}],"replies":[{"embeddable":true,"href":"https:\/\/coelpla.com.ar\/pt\/wp-json\/wp\/v2\/comments?post=101"}],"version-history":[{"count":6,"href":"https:\/\/coelpla.com.ar\/pt\/wp-json\/wp\/v2\/pages\/101\/revisions"}],"predecessor-version":[{"id":109,"href":"https:\/\/coelpla.com.ar\/pt\/wp-json\/wp\/v2\/pages\/101\/revisions\/109"}],"wp:attachment":[{"href":"https:\/\/coelpla.com.ar\/pt\/wp-json\/wp\/v2\/media?parent=101"}],"curies":[{"name":"wp","href":"https:\/\/api.w.org\/{rel}","templated":true}]}}