{"id":404,"date":"2022-03-03T11:47:32","date_gmt":"2022-03-03T14:47:32","guid":{"rendered":"https:\/\/coelpla.com.ar\/?page_id=404"},"modified":"2022-03-03T12:02:55","modified_gmt":"2022-03-03T15:02:55","slug":"cable-paralelos-flexibles-perfil-8","status":"publish","type":"page","link":"https:\/\/coelpla.com.ar\/en\/cable-paralelos-flexibles-perfil-8\/","title":{"rendered":"CABLE PARALLEL FLEXIBLE \u2013 PROFILE 8"},"content":{"rendered":"<section class=\"wpb-content-wrapper\"><section id=\"ut-section-69ea901116259\" data-vc-full-width=\"true\" data-vc-full-width-init=\"false\" data-cursor-skin=\"global\" class=\"vc_section ut-vc-120 vc_section-has-no-fill ut-section-69ea90111626b\"><div id=\"ut-row-69ea901116afc\" data-vc-full-width=\"true\" data-vc-full-width-init=\"false\" class=\"vc_row wpb_row vc_row-fluid vc_column-gap-0 ut-row-69ea901116b0b\" ><div class=\"wpb_column vc_column_container vc_col-sm-12\" ><div id=\"ut_inner_column_69ea901117376\" class=\"vc_column-inner\" ><div class=\"wpb_wrapper\"><style type=\"text\/css\">#ut_custom_heading69ea90111767a { font-family: \"Raleway\";font-weight:400;font-style:normal; }#ut_custom_heading69ea90111767a { font-size:35px !important; }#ut_custom_heading69ea90111767a { text-align:left; }@media (min-width: 768px) and (max-width: 1024px) { #ut_custom_heading69ea90111767a { text-align:left; } }@media (max-width: 767px) { #ut_custom_heading69ea90111767a { text-align:left; } }<\/style><h1 id=\"ut_custom_heading69ea90111767a\" data-responsive-font=\"h1\" data-responsive-font-settings=\"{&quot;base-font-size&quot;:&quot;global&quot;,&quot;font-size&quot;:{&quot;desktop_large&quot;:&quot;35&quot;},&quot;base-line-height&quot;:&quot;global&quot;,&quot;base-letter-spacing&quot;:&quot;global&quot;}\" class=\"ut-custom-heading-module\" ><span class=\"\" >CABLE PARALLEL FLEXIBLE \u2013 PROFILE 8<\/span><\/h1><div id=\"ut-row-inner-69ea90111b700\" class=\"vc_row wpb_row vc_inner vc_row-fluid ut-row-inner-69ea90111b714\" ><div  class=\"wpb_column vc_column_container vc_col-sm-6\"><div id=\"ut-column-inner-69ea90111bb4f\" class=\"vc_column-inner vc_column-inner-nested\"><div class=\"wpb_wrapper\"><div  class=\"wpb_content_element   clearfix\"><style type=\"text\/css\">#ut_am_69ea90111c0db { opacity: 1; }#ut_am_wrap_69ea90111c0dc .ut-animated-image-zoom::after { background: url(https:\/\/coelpla.com.ar\/wp-content\/uploads\/2022\/03\/28-CABLE-PARALELO-500x500-1.png); }#ut_am_wrap_69ea90111c0dc { text-align: center; }@media (min-width: 768px) and (max-width: 1024px) { #ut_am_wrap_69ea90111c0dc { text-align: center !important; } }@media (max-width: 767px) { #ut_am_wrap_69ea90111c0dc { text-align: center !important; } }<\/style><div id=\"ut_am_wrap_69ea90111c0dc\" class=\"ut-image-gallery-image  ut-reveal-fx ut-element-with-block-reveal\"><div id=\"ut_reveal_69ea90111c0de\" data-reveal-bgcolor=\"#000000\" data-reveal-direction=\"lr\" data-reveal-duration=\"750\" data-reveal-delay=\"250\" data-appear-top-offset=\"auto\" class=\"ut-animated-image-item ut-image-gallery-item ut-animation-done ut-reveal-fx-element ut-block-reveal-hide\"><a data-exthumbimage=\"https:\/\/coelpla.com.ar\/wp-content\/uploads\/2022\/03\/28-CABLE-PARALELO-500x500-1-200x200.png\" href=\"https:\/\/coelpla.com.ar\/wp-content\/uploads\/2022\/03\/28-CABLE-PARALELO-1920x780-1.png\" class=\"ut-vc-images-lightbox ut-wait-for-plugin\" data-title=\"\" data-caption=\"\" data-caption-color=\"\" data-caption-background=\"\" data-force-caption=\"on\"><div class=\"ut-animated-image-zoom\">\r\n        <div class=\"ut-element-glitch-wrap\">\r\n\r\n            \r\n        <style type=\"text\/css\">\r\n\r\n                        \r\n        @media (min-width: 1025px) {\r\n\r\n        #ut-element-glitch-69ea90111cb16022961623-407 .ut-glitch-single-element {\r\n                                            \r\n                }\r\n        }\r\n\r\n        @media (min-width: 768px) and (max-width: 1024px) {\r\n\r\n        #ut-element-glitch-69ea90111cb16022961623-407 .ut-glitch-single-element {\r\n                                                \r\n                    }\r\n        }\r\n\r\n        @media (max-width: 767px) {\r\n\r\n        #ut-element-glitch-69ea90111cb16022961623-407 .ut-glitch-single-element {\r\n                                                \r\n                    }\r\n        }\r\n\r\n        \r\n        <\/style>\r\n\r\n        \r\n            <div id=\"ut-element-glitch-69ea90111cb16022961623-407\" class=\"ut-element-glitch ut-glitch-none ut-element-glitch-permanent\">\r\n                <div class=\"ut-glitch-single-element ut-lozad skip-lazy\" data-background-image=\"https:\/\/coelpla.com.ar\/wp-content\/uploads\/2022\/03\/28-CABLE-PARALELO-500x500-1.png\"><\/div>\r\n                <div class=\"ut-glitch-single-element ut-lozad skip-lazy\" data-background-image=\"https:\/\/coelpla.com.ar\/wp-content\/uploads\/2022\/03\/28-CABLE-PARALELO-500x500-1.png\"><\/div>\r\n                <div class=\"ut-glitch-single-element ut-lozad skip-lazy\" data-background-image=\"https:\/\/coelpla.com.ar\/wp-content\/uploads\/2022\/03\/28-CABLE-PARALELO-500x500-1.png\"><\/div>\r\n                <div class=\"ut-glitch-single-element ut-lozad skip-lazy\" data-background-image=\"https:\/\/coelpla.com.ar\/wp-content\/uploads\/2022\/03\/28-CABLE-PARALELO-500x500-1.png\"><\/div>\r\n                <div class=\"ut-glitch-single-element ut-lozad skip-lazy\" data-background-image=\"https:\/\/coelpla.com.ar\/wp-content\/uploads\/2022\/03\/28-CABLE-PARALELO-500x500-1.png\"><\/div>\r\n            <\/div>\r\n\r\n        <\/div>\r\n\r\n        <img loading=\"lazy\" decoding=\"async\" class=\"ut-lazy skip-lazy ut-animated-image\"  id=\"ut_am_69ea90111c0db\" src=\"data:image\/svg+xml;charset=utf-8,%3Csvg xmlns%3D'http%3A%2F%2Fwww.w3.org%2F2000%2Fsvg' viewBox%3D'0 0 500 500'%2F%3E\" data-src=\"https:\/\/coelpla.com.ar\/wp-content\/uploads\/2022\/03\/28-CABLE-PARALELO-500x500-1.png\" width=\"500\" height=\"500\" alt=\"CABLE PARALELOS FLEXIBLES - PERFIL 8\"\/><\/div><\/a><\/div><\/div><\/div><\/div><\/div><\/div><div  class=\"wpb_column vc_column_container vc_col-sm-6\"><div id=\"ut-column-inner-69ea90111ce99\" class=\"vc_column-inner vc_column-inner-nested\"><div class=\"wpb_wrapper\"><style type=\"text\/css\">#ut_custom_heading69ea90111d022 { font-family: \"Raleway\";font-weight:500;font-style:normal; }#ut_custom_heading69ea90111d022 { font-size:20px !important; }#ut_custom_heading69ea90111d022 { text-align:left; }@media (min-width: 768px) and (max-width: 1024px) { #ut_custom_heading69ea90111d022 { text-align:left; } }@media (max-width: 767px) { #ut_custom_heading69ea90111d022 { text-align:left; } }#ut_custom_heading69ea90111d022 span { border-left-style:solid;border-left-color:#fe8b54;border-left-width:5px;padding-left:10px;display:inline-block; }<\/style><h3 id=\"ut_custom_heading69ea90111d022\" data-responsive-font=\"h3\" data-responsive-font-settings=\"{&quot;base-font-size&quot;:&quot;global&quot;,&quot;font-size&quot;:{&quot;desktop_large&quot;:&quot;20&quot;},&quot;base-line-height&quot;:&quot;global&quot;,&quot;base-letter-spacing&quot;:&quot;global&quot;}\" class=\"ut-custom-heading-module\" ><span class=\"\" >General Characteristics<br \/>\n<\/span><\/h3><style type=\"text\/css\">#ut_custom_heading69ea90111d0b1 { font-size:14px !important;line-height:28px !important; }#ut_custom_heading69ea90111d0b1 { text-align:left; }@media (min-width: 768px) and (max-width: 1024px) { #ut_custom_heading69ea90111d0b1 { text-align:left; } }@media (max-width: 767px) { #ut_custom_heading69ea90111d0b1 { text-align:left; } }<\/style><p id=\"ut_custom_heading69ea90111d0b1\" data-responsive-font=\"p\" data-responsive-font-settings=\"{&quot;base-font-size&quot;:&quot;global&quot;,&quot;font-size&quot;:{&quot;desktop_large&quot;:&quot;14&quot;},&quot;base-line-height&quot;:&quot;global&quot;,&quot;line-height&quot;:{&quot;desktop_large&quot;:&quot;28&quot;},&quot;base-letter-spacing&quot;:&quot;global&quot;}\" class=\"ut-custom-heading-module\" ><span class=\"\" >Flexible conductors of annealed electrolytic copper, class 5 and insulated with a layer of PVC spark-arresting, united to each other in a parallel manner, with a groove between them, which facilitates their separation. <br \/>Responds to the Standard NM 247 -type 3-, voltage rating is 300 V.<\/span><\/p><style type=\"text\/css\">#ut_custom_heading69ea90111d149 { font-family: \"Raleway\";font-weight:500;font-style:normal; }#ut_custom_heading69ea90111d149 { font-size:20px !important; }#ut_custom_heading69ea90111d149 { text-align:left; }@media (min-width: 768px) and (max-width: 1024px) { #ut_custom_heading69ea90111d149 { text-align:left; } }@media (max-width: 767px) { #ut_custom_heading69ea90111d149 { text-align:left; } }#ut_custom_heading69ea90111d149 span { border-left-style:solid;border-left-color:#fe8b54;border-left-width:5px;padding-left:10px;display:inline-block; }<\/style><h3 id=\"ut_custom_heading69ea90111d149\" data-responsive-font=\"h3\" data-responsive-font-settings=\"{&quot;base-font-size&quot;:&quot;global&quot;,&quot;font-size&quot;:{&quot;desktop_large&quot;:&quot;20&quot;},&quot;base-line-height&quot;:&quot;global&quot;,&quot;base-letter-spacing&quot;:&quot;global&quot;}\" class=\"ut-custom-heading-module\" ><span class=\"\" >Identification<\/span><\/h3><style type=\"text\/css\">#ut_custom_heading69ea90111d1b9 { font-size:14px !important;line-height:28px !important; }#ut_custom_heading69ea90111d1b9 { text-align:left; }@media (min-width: 768px) and (max-width: 1024px) { #ut_custom_heading69ea90111d1b9 { text-align:left; } }@media (max-width: 767px) { #ut_custom_heading69ea90111d1b9 { text-align:left; } }<\/style><p id=\"ut_custom_heading69ea90111d1b9\" data-responsive-font=\"p\" data-responsive-font-settings=\"{&quot;base-font-size&quot;:&quot;global&quot;,&quot;font-size&quot;:{&quot;desktop_large&quot;:&quot;14&quot;},&quot;base-line-height&quot;:&quot;global&quot;,&quot;line-height&quot;:{&quot;desktop_large&quot;:&quot;28&quot;},&quot;base-letter-spacing&quot;:&quot;global&quot;}\" class=\"ut-custom-heading-module\" ><span class=\"\" >The wire carries indicated in indelible form about your insulation brand COELPLA, nominal cross section in mm2, of a Standard 247 NM 42-C5 Type 3 and voltage (300 V).<\/span><\/p><style type=\"text\/css\">#ut_custom_heading69ea90111d248 { font-family: \"Raleway\";font-weight:500;font-style:normal; }#ut_custom_heading69ea90111d248 { font-size:20px !important; }#ut_custom_heading69ea90111d248 { text-align:left; }@media (min-width: 768px) and (max-width: 1024px) { #ut_custom_heading69ea90111d248 { text-align:left; } }@media (max-width: 767px) { #ut_custom_heading69ea90111d248 { text-align:left; } }#ut_custom_heading69ea90111d248 span { border-left-style:solid;border-left-color:#fe8b54;border-left-width:5px;padding-left:10px;display:inline-block; }<\/style><h3 id=\"ut_custom_heading69ea90111d248\" data-responsive-font=\"h3\" data-responsive-font-settings=\"{&quot;base-font-size&quot;:&quot;global&quot;,&quot;font-size&quot;:{&quot;desktop_large&quot;:&quot;20&quot;},&quot;base-line-height&quot;:&quot;global&quot;,&quot;base-letter-spacing&quot;:&quot;global&quot;}\" class=\"ut-custom-heading-module\" ><span class=\"\" >Uses<\/span><\/h3><style type=\"text\/css\">#ut_custom_heading69ea90111d2b3 { font-size:14px !important;line-height:28px !important; }#ut_custom_heading69ea90111d2b3 { text-align:left; }@media (min-width: 768px) and (max-width: 1024px) { #ut_custom_heading69ea90111d2b3 { text-align:left; } }@media (max-width: 767px) { #ut_custom_heading69ea90111d2b3 { text-align:left; } }<\/style><p id=\"ut_custom_heading69ea90111d2b3\" data-responsive-font=\"p\" data-responsive-font-settings=\"{&quot;base-font-size&quot;:&quot;global&quot;,&quot;font-size&quot;:{&quot;desktop_large&quot;:&quot;14&quot;},&quot;base-line-height&quot;:&quot;global&quot;,&quot;line-height&quot;:{&quot;desktop_large&quot;:&quot;28&quot;},&quot;base-letter-spacing&quot;:&quot;global&quot;}\" class=\"ut-custom-heading-module\" ><span class=\"\" >For power supply of portable devices that are light and lighting elements home. <br \/>Not suitable for heating appliances.<\/span><\/p><style type=\"text\/css\">#ut_custom_heading69ea90111d354 { font-family: \"Raleway\";font-weight:500;font-style:normal; }#ut_custom_heading69ea90111d354 { font-size:20px !important; }#ut_custom_heading69ea90111d354 { text-align:left; }@media (min-width: 768px) and (max-width: 1024px) { #ut_custom_heading69ea90111d354 { text-align:left; } }@media (max-width: 767px) { #ut_custom_heading69ea90111d354 { text-align:left; } }#ut_custom_heading69ea90111d354 span { border-left-style:solid;border-left-color:#fe8b54;border-left-width:5px;padding-left:10px;display:inline-block; }<\/style><h3 id=\"ut_custom_heading69ea90111d354\" data-responsive-font=\"h3\" data-responsive-font-settings=\"{&quot;base-font-size&quot;:&quot;global&quot;,&quot;font-size&quot;:{&quot;desktop_large&quot;:&quot;20&quot;},&quot;base-line-height&quot;:&quot;global&quot;,&quot;base-letter-spacing&quot;:&quot;global&quot;}\" class=\"ut-custom-heading-module\" ><span class=\"\" >Conditioning<\/span><\/h3><style type=\"text\/css\">#ut_custom_heading69ea90111d3c0 { font-size:14px !important;line-height:28px !important; }#ut_custom_heading69ea90111d3c0 { text-align:left; }@media (min-width: 768px) and (max-width: 1024px) { #ut_custom_heading69ea90111d3c0 { text-align:left; } }@media (max-width: 767px) { #ut_custom_heading69ea90111d3c0 { text-align:left; } }<\/style><p id=\"ut_custom_heading69ea90111d3c0\" data-responsive-font=\"p\" data-responsive-font-settings=\"{&quot;base-font-size&quot;:&quot;global&quot;,&quot;font-size&quot;:{&quot;desktop_large&quot;:&quot;14&quot;},&quot;base-line-height&quot;:&quot;global&quot;,&quot;line-height&quot;:{&quot;desktop_large&quot;:&quot;28&quot;},&quot;base-letter-spacing&quot;:&quot;global&quot;}\" class=\"ut-custom-heading-module\" ><span class=\"\" >Rolls of 100 m.<\/span><\/p><\/div><\/div><\/div><\/div><\/div><\/div><\/div><\/div><div class=\"vc_row-full-width vc_clearfix\"><\/div><div id=\"ut-row-69ea90111dca6\" data-vc-full-width=\"true\" data-vc-full-width-init=\"false\" class=\"vc_row wpb_row vc_row-fluid vc_column-gap-0 ut-row-69ea90111dcb5\" ><div class=\"wpb_column vc_column_container vc_col-sm-12\" ><div id=\"ut_inner_column_69ea90111e329\" class=\"vc_column-inner\" ><div class=\"wpb_wrapper\"><div class=\"vc_empty_space\"   style=\"height: 40px\"><span class=\"vc_empty_space_inner\"><\/span><\/div><div  class=\"wpb_content_element   clearfix\"><style type=\"text\/css\">#ut_am_69ea90111e919 { opacity: 1; }#ut_am_wrap_69ea90111e91a { text-align: center; }@media (min-width: 768px) and (max-width: 1024px) { #ut_am_wrap_69ea90111e91a { text-align: center !important; } }@media (max-width: 767px) { #ut_am_wrap_69ea90111e91a { text-align: center !important; } }<\/style><div id=\"ut_am_wrap_69ea90111e91a\" class=\"ut-image-gallery-image  ut-reveal-fx ut-element-with-block-reveal\"><div id=\"ut_reveal_69ea90111e91b\" data-reveal-bgcolor=\"#000000\" data-reveal-direction=\"lr\" data-reveal-duration=\"750\" data-reveal-delay=\"250\" data-appear-top-offset=\"auto\" class=\"ut-animated-image-item ut-image-gallery-item ut-animation-done ut-reveal-fx-element ut-block-reveal-hide\"><a class=\"ut-deactivated-link\" href=\"#\"><div class=\"ut-animated-image-zoom\">\r\n        <div class=\"ut-element-glitch-wrap\">\r\n\r\n            \r\n        <style type=\"text\/css\">\r\n\r\n                        \r\n        @media (min-width: 1025px) {\r\n\r\n        #ut-element-glitch-69ea90111e951591725045-410 .ut-glitch-single-element {\r\n                                            \r\n                }\r\n        }\r\n\r\n        @media (min-width: 768px) and (max-width: 1024px) {\r\n\r\n        #ut-element-glitch-69ea90111e951591725045-410 .ut-glitch-single-element {\r\n                                                \r\n                    }\r\n        }\r\n\r\n        @media (max-width: 767px) {\r\n\r\n        #ut-element-glitch-69ea90111e951591725045-410 .ut-glitch-single-element {\r\n                                                \r\n                    }\r\n        }\r\n\r\n        \r\n        <\/style>\r\n\r\n        \r\n            <div id=\"ut-element-glitch-69ea90111e951591725045-410\" class=\"ut-element-glitch ut-glitch-none ut-element-glitch-permanent\">\r\n                <div class=\"ut-glitch-single-element ut-lozad skip-lazy\" data-background-image=\"https:\/\/coelpla.com.ar\/wp-content\/uploads\/2022\/03\/table-26.png\"><\/div>\r\n                <div class=\"ut-glitch-single-element ut-lozad skip-lazy\" data-background-image=\"https:\/\/coelpla.com.ar\/wp-content\/uploads\/2022\/03\/table-26.png\"><\/div>\r\n                <div class=\"ut-glitch-single-element ut-lozad skip-lazy\" data-background-image=\"https:\/\/coelpla.com.ar\/wp-content\/uploads\/2022\/03\/table-26.png\"><\/div>\r\n                <div class=\"ut-glitch-single-element ut-lozad skip-lazy\" data-background-image=\"https:\/\/coelpla.com.ar\/wp-content\/uploads\/2022\/03\/table-26.png\"><\/div>\r\n                <div class=\"ut-glitch-single-element ut-lozad skip-lazy\" data-background-image=\"https:\/\/coelpla.com.ar\/wp-content\/uploads\/2022\/03\/table-26.png\"><\/div>\r\n            <\/div>\r\n\r\n        <\/div>\r\n\r\n        <img loading=\"lazy\" decoding=\"async\" class=\"ut-lazy skip-lazy ut-animated-image\"  id=\"ut_am_69ea90111e919\" src=\"data:image\/svg+xml;charset=utf-8,%3Csvg xmlns%3D'http%3A%2F%2Fwww.w3.org%2F2000%2Fsvg' viewBox%3D'0 0 775 199'%2F%3E\" data-src=\"https:\/\/coelpla.com.ar\/wp-content\/uploads\/2022\/03\/table-26.png\" width=\"775\" height=\"199\" alt=\"CABLE PARALELOS FLEXIBLES - PERFIL 8\"\/><\/div><\/a><\/div><\/div><\/div><\/div><\/div><\/div><\/div><div class=\"vc_row-full-width vc_clearfix\"><\/div><a data-id=\"section-without-id\" class=\"ut-vc-offset-anchor-bottom\" name=\"section-without-id\"><\/a><\/section><div class=\"vc_row-full-width vc_clearfix\"><\/div>\n<\/section>","protected":false},"excerpt":{"rendered":"CABLE PARALELOS FLEXIBLES - PERFIL 8 Caracter\u00edsticas Generales Conductores flexibles de cobre electrol\u00edtico recocido clase 5 y aislados con una capa de PVC antillama, unidos entre s\u00ed en forma paralela, con un surco entre ellos que facilita su separaci\u00f3n. Responde a la Norma NM 247 -tipo 3-, tensi\u00f3n nominal 300 V.Identificaci\u00f3nEl cable lleva indicado en [...]","protected":false},"author":1,"featured_media":0,"parent":0,"menu_order":0,"comment_status":"closed","ping_status":"closed","template":"","meta":{"_joinchat":[],"footnotes":""},"class_list":["post-404","page","type-page","status-publish","hentry"],"_links":{"self":[{"href":"https:\/\/coelpla.com.ar\/en\/wp-json\/wp\/v2\/pages\/404","targetHints":{"allow":["GET"]}}],"collection":[{"href":"https:\/\/coelpla.com.ar\/en\/wp-json\/wp\/v2\/pages"}],"about":[{"href":"https:\/\/coelpla.com.ar\/en\/wp-json\/wp\/v2\/types\/page"}],"author":[{"embeddable":true,"href":"https:\/\/coelpla.com.ar\/en\/wp-json\/wp\/v2\/users\/1"}],"replies":[{"embeddable":true,"href":"https:\/\/coelpla.com.ar\/en\/wp-json\/wp\/v2\/comments?post=404"}],"version-history":[{"count":4,"href":"https:\/\/coelpla.com.ar\/en\/wp-json\/wp\/v2\/pages\/404\/revisions"}],"predecessor-version":[{"id":411,"href":"https:\/\/coelpla.com.ar\/en\/wp-json\/wp\/v2\/pages\/404\/revisions\/411"}],"wp:attachment":[{"href":"https:\/\/coelpla.com.ar\/en\/wp-json\/wp\/v2\/media?parent=404"}],"curies":[{"name":"wp","href":"https:\/\/api.w.org\/{rel}","templated":true}]}}