{"id":385,"date":"2022-03-03T10:54:36","date_gmt":"2022-03-03T13:54:36","guid":{"rendered":"https:\/\/coelpla.com.ar\/?page_id=385"},"modified":"2022-03-03T11:03:22","modified_gmt":"2022-03-03T14:03:22","slug":"cable-unipolar-de-potencia","status":"publish","type":"page","link":"https:\/\/coelpla.com.ar\/en\/cable-unipolar-de-potencia\/","title":{"rendered":"CABLE UNIPOLAR POWER"},"content":{"rendered":"<section class=\"wpb-content-wrapper\"><section id=\"ut-section-69eaa15476591\" data-vc-full-width=\"true\" data-vc-full-width-init=\"false\" data-cursor-skin=\"global\" class=\"vc_section ut-vc-120 vc_section-has-no-fill ut-section-69eaa154765a4\"><div id=\"ut-row-69eaa15476e57\" data-vc-full-width=\"true\" data-vc-full-width-init=\"false\" class=\"vc_row wpb_row vc_row-fluid vc_column-gap-0 ut-row-69eaa15476e66\" ><div class=\"wpb_column vc_column_container vc_col-sm-12\" ><div id=\"ut_inner_column_69eaa15477717\" class=\"vc_column-inner\" ><div class=\"wpb_wrapper\"><style type=\"text\/css\">#ut_custom_heading69eaa15477a15 { font-family: \"Raleway\";font-weight:400;font-style:normal; }#ut_custom_heading69eaa15477a15 { font-size:35px !important; }#ut_custom_heading69eaa15477a15 { text-align:left; }@media (min-width: 768px) and (max-width: 1024px) { #ut_custom_heading69eaa15477a15 { text-align:left; } }@media (max-width: 767px) { #ut_custom_heading69eaa15477a15 { text-align:left; } }<\/style><h1 id=\"ut_custom_heading69eaa15477a15\" data-responsive-font=\"h1\" data-responsive-font-settings=\"{&quot;base-font-size&quot;:&quot;global&quot;,&quot;font-size&quot;:{&quot;desktop_large&quot;:&quot;35&quot;},&quot;base-line-height&quot;:&quot;global&quot;,&quot;base-letter-spacing&quot;:&quot;global&quot;}\" class=\"ut-custom-heading-module\" ><span class=\"\" > CABLE UNIPOLAR POWER<br \/>\n<\/span><\/h1><div id=\"ut-row-inner-69eaa1547b8f6\" class=\"vc_row wpb_row vc_inner vc_row-fluid ut-row-inner-69eaa1547b90f\" ><div  class=\"wpb_column vc_column_container vc_col-sm-6\"><div id=\"ut-column-inner-69eaa1547bd69\" class=\"vc_column-inner vc_column-inner-nested\"><div class=\"wpb_wrapper\"><div  class=\"wpb_content_element   clearfix\"><style type=\"text\/css\">#ut_am_69eaa1547c30a { opacity: 1; }#ut_am_wrap_69eaa1547c30c .ut-animated-image-zoom::after { background: url(https:\/\/coelpla.com.ar\/wp-content\/uploads\/2022\/03\/26-CABLE-POTENCIA.png); }#ut_am_wrap_69eaa1547c30c { text-align: center; }@media (min-width: 768px) and (max-width: 1024px) { #ut_am_wrap_69eaa1547c30c { text-align: center !important; } }@media (max-width: 767px) { #ut_am_wrap_69eaa1547c30c { text-align: center !important; } }<\/style><div id=\"ut_am_wrap_69eaa1547c30c\" class=\"ut-image-gallery-image  ut-reveal-fx ut-element-with-block-reveal\"><div id=\"ut_reveal_69eaa1547c30d\" data-reveal-bgcolor=\"#000000\" data-reveal-direction=\"lr\" data-reveal-duration=\"750\" data-reveal-delay=\"250\" data-appear-top-offset=\"auto\" class=\"ut-animated-image-item ut-image-gallery-item ut-animation-done ut-reveal-fx-element ut-block-reveal-hide\"><a class=\"ut-deactivated-link\" href=\"#\"><div class=\"ut-animated-image-zoom\">\r\n        <div class=\"ut-element-glitch-wrap\">\r\n\r\n            \r\n        <style type=\"text\/css\">\r\n\r\n                        \r\n        @media (min-width: 1025px) {\r\n\r\n        #ut-element-glitch-69eaa1547c378240160620-388 .ut-glitch-single-element {\r\n                                            \r\n                }\r\n        }\r\n\r\n        @media (min-width: 768px) and (max-width: 1024px) {\r\n\r\n        #ut-element-glitch-69eaa1547c378240160620-388 .ut-glitch-single-element {\r\n                                                \r\n                    }\r\n        }\r\n\r\n        @media (max-width: 767px) {\r\n\r\n        #ut-element-glitch-69eaa1547c378240160620-388 .ut-glitch-single-element {\r\n                                                \r\n                    }\r\n        }\r\n\r\n        \r\n        <\/style>\r\n\r\n        \r\n            <div id=\"ut-element-glitch-69eaa1547c378240160620-388\" class=\"ut-element-glitch ut-glitch-none ut-element-glitch-permanent\">\r\n                <div class=\"ut-glitch-single-element ut-lozad skip-lazy\" data-background-image=\"https:\/\/coelpla.com.ar\/wp-content\/uploads\/2022\/03\/26-CABLE-POTENCIA.png\"><\/div>\r\n                <div class=\"ut-glitch-single-element ut-lozad skip-lazy\" data-background-image=\"https:\/\/coelpla.com.ar\/wp-content\/uploads\/2022\/03\/26-CABLE-POTENCIA.png\"><\/div>\r\n                <div class=\"ut-glitch-single-element ut-lozad skip-lazy\" data-background-image=\"https:\/\/coelpla.com.ar\/wp-content\/uploads\/2022\/03\/26-CABLE-POTENCIA.png\"><\/div>\r\n                <div class=\"ut-glitch-single-element ut-lozad skip-lazy\" data-background-image=\"https:\/\/coelpla.com.ar\/wp-content\/uploads\/2022\/03\/26-CABLE-POTENCIA.png\"><\/div>\r\n                <div class=\"ut-glitch-single-element ut-lozad skip-lazy\" data-background-image=\"https:\/\/coelpla.com.ar\/wp-content\/uploads\/2022\/03\/26-CABLE-POTENCIA.png\"><\/div>\r\n            <\/div>\r\n\r\n        <\/div>\r\n\r\n        <img loading=\"lazy\" decoding=\"async\" class=\"ut-lazy skip-lazy ut-animated-image\"  id=\"ut_am_69eaa1547c30a\" src=\"data:image\/svg+xml;charset=utf-8,%3Csvg xmlns%3D'http%3A%2F%2Fwww.w3.org%2F2000%2Fsvg' viewBox%3D'0 0 5168 3448'%2F%3E\" data-src=\"https:\/\/coelpla.com.ar\/wp-content\/uploads\/2022\/03\/26-CABLE-POTENCIA.png\" width=\"5168\" height=\"3448\" alt=\"CABLE UNIPOLAR DE POTENCIA\"\/><\/div><\/a><\/div><\/div><\/div><\/div><\/div><\/div><div  class=\"wpb_column vc_column_container vc_col-sm-6\"><div id=\"ut-column-inner-69eaa1547c6c3\" class=\"vc_column-inner vc_column-inner-nested\"><div class=\"wpb_wrapper\"><style type=\"text\/css\">#ut_custom_heading69eaa1547c832 { font-family: \"Raleway\";font-weight:500;font-style:normal; }#ut_custom_heading69eaa1547c832 { font-size:20px !important; }#ut_custom_heading69eaa1547c832 { text-align:left; }@media (min-width: 768px) and (max-width: 1024px) { #ut_custom_heading69eaa1547c832 { text-align:left; } }@media (max-width: 767px) { #ut_custom_heading69eaa1547c832 { text-align:left; } }#ut_custom_heading69eaa1547c832 span { border-left-style:solid;border-left-color:#fe8b54;border-left-width:5px;padding-left:10px;display:inline-block; }<\/style><h3 id=\"ut_custom_heading69eaa1547c832\" data-responsive-font=\"h3\" data-responsive-font-settings=\"{&quot;base-font-size&quot;:&quot;global&quot;,&quot;font-size&quot;:{&quot;desktop_large&quot;:&quot;20&quot;},&quot;base-line-height&quot;:&quot;global&quot;,&quot;base-letter-spacing&quot;:&quot;global&quot;}\" class=\"ut-custom-heading-module\" ><span class=\"\" >General Characteristics<br \/>\n<\/span><\/h3><style type=\"text\/css\">#ut_custom_heading69eaa1547c8be { font-size:14px !important;line-height:28px !important; }#ut_custom_heading69eaa1547c8be { text-align:left; }@media (min-width: 768px) and (max-width: 1024px) { #ut_custom_heading69eaa1547c8be { text-align:left; } }@media (max-width: 767px) { #ut_custom_heading69eaa1547c8be { text-align:left; } }<\/style><p id=\"ut_custom_heading69eaa1547c8be\" data-responsive-font=\"p\" data-responsive-font-settings=\"{&quot;base-font-size&quot;:&quot;global&quot;,&quot;font-size&quot;:{&quot;desktop_large&quot;:&quot;14&quot;},&quot;base-line-height&quot;:&quot;global&quot;,&quot;line-height&quot;:{&quot;desktop_large&quot;:&quot;28&quot;},&quot;base-letter-spacing&quot;:&quot;global&quot;}\" class=\"ut-custom-heading-module\" ><span class=\"\" >Flexible Conductor of annealed electrolytic copper and insulated with a layer of PVC spark-arresting black in color, screen electrolytic copper, and about the same from a pod set of flexible PVC spark-arresting black colored. <br \/>Meet extensively with the standard NM 247 and further, to determine the resistance to the propagation of the flame. Tension: 750 V<\/span><\/p><style type=\"text\/css\">#ut_custom_heading69eaa1547c950 { font-family: \"Raleway\";font-weight:500;font-style:normal; }#ut_custom_heading69eaa1547c950 { font-size:20px !important; }#ut_custom_heading69eaa1547c950 { text-align:left; }@media (min-width: 768px) and (max-width: 1024px) { #ut_custom_heading69eaa1547c950 { text-align:left; } }@media (max-width: 767px) { #ut_custom_heading69eaa1547c950 { text-align:left; } }#ut_custom_heading69eaa1547c950 span { border-left-style:solid;border-left-color:#fe8b54;border-left-width:5px;padding-left:10px;display:inline-block; }<\/style><h3 id=\"ut_custom_heading69eaa1547c950\" data-responsive-font=\"h3\" data-responsive-font-settings=\"{&quot;base-font-size&quot;:&quot;global&quot;,&quot;font-size&quot;:{&quot;desktop_large&quot;:&quot;20&quot;},&quot;base-line-height&quot;:&quot;global&quot;,&quot;base-letter-spacing&quot;:&quot;global&quot;}\" class=\"ut-custom-heading-module\" ><span class=\"\" >Identification<\/span><\/h3><style type=\"text\/css\">#ut_custom_heading69eaa1547c9bb { font-size:14px !important;line-height:28px !important; }#ut_custom_heading69eaa1547c9bb { text-align:left; }@media (min-width: 768px) and (max-width: 1024px) { #ut_custom_heading69eaa1547c9bb { text-align:left; } }@media (max-width: 767px) { #ut_custom_heading69eaa1547c9bb { text-align:left; } }<\/style><p id=\"ut_custom_heading69eaa1547c9bb\" data-responsive-font=\"p\" data-responsive-font-settings=\"{&quot;base-font-size&quot;:&quot;global&quot;,&quot;font-size&quot;:{&quot;desktop_large&quot;:&quot;14&quot;},&quot;base-line-height&quot;:&quot;global&quot;,&quot;line-height&quot;:{&quot;desktop_large&quot;:&quot;28&quot;},&quot;base-letter-spacing&quot;:&quot;global&quot;}\" class=\"ut-custom-heading-module\" ><span class=\"\" >Each conductor carries indicated in indelible form about your insulation brand COELPLA, nominal cross section in mm2 and tension. <br \/>The distance between texts is less than 1 meter.<\/span><\/p><style type=\"text\/css\">#ut_custom_heading69eaa1547ca51 { font-family: \"Raleway\";font-weight:500;font-style:normal; }#ut_custom_heading69eaa1547ca51 { font-size:20px !important; }#ut_custom_heading69eaa1547ca51 { text-align:left; }@media (min-width: 768px) and (max-width: 1024px) { #ut_custom_heading69eaa1547ca51 { text-align:left; } }@media (max-width: 767px) { #ut_custom_heading69eaa1547ca51 { text-align:left; } }#ut_custom_heading69eaa1547ca51 span { border-left-style:solid;border-left-color:#fe8b54;border-left-width:5px;padding-left:10px;display:inline-block; }<\/style><h3 id=\"ut_custom_heading69eaa1547ca51\" data-responsive-font=\"h3\" data-responsive-font-settings=\"{&quot;base-font-size&quot;:&quot;global&quot;,&quot;font-size&quot;:{&quot;desktop_large&quot;:&quot;20&quot;},&quot;base-line-height&quot;:&quot;global&quot;,&quot;base-letter-spacing&quot;:&quot;global&quot;}\" class=\"ut-custom-heading-module\" ><span class=\"\" >Uses<\/span><\/h3><style type=\"text\/css\">#ut_custom_heading69eaa1547cabc { font-size:14px !important;line-height:28px !important; }#ut_custom_heading69eaa1547cabc { text-align:left; }@media (min-width: 768px) and (max-width: 1024px) { #ut_custom_heading69eaa1547cabc { text-align:left; } }@media (max-width: 767px) { #ut_custom_heading69eaa1547cabc { text-align:left; } }<\/style><p id=\"ut_custom_heading69eaa1547cabc\" data-responsive-font=\"p\" data-responsive-font-settings=\"{&quot;base-font-size&quot;:&quot;global&quot;,&quot;font-size&quot;:{&quot;desktop_large&quot;:&quot;14&quot;},&quot;base-line-height&quot;:&quot;global&quot;,&quot;line-height&quot;:{&quot;desktop_large&quot;:&quot;28&quot;},&quot;base-letter-spacing&quot;:&quot;global&quot;}\" class=\"ut-custom-heading-module\" ><span class=\"\" >Due to their characteristics, they are suitable for use in power distribution in equipment that required to prevent interference.<\/span><\/p><style type=\"text\/css\">#ut_custom_heading69eaa1547cb42 { font-family: \"Raleway\";font-weight:500;font-style:normal; }#ut_custom_heading69eaa1547cb42 { font-size:20px !important; }#ut_custom_heading69eaa1547cb42 { text-align:left; }@media (min-width: 768px) and (max-width: 1024px) { #ut_custom_heading69eaa1547cb42 { text-align:left; } }@media (max-width: 767px) { #ut_custom_heading69eaa1547cb42 { text-align:left; } }#ut_custom_heading69eaa1547cb42 span { border-left-style:solid;border-left-color:#fe8b54;border-left-width:5px;padding-left:10px;display:inline-block; }<\/style><h3 id=\"ut_custom_heading69eaa1547cb42\" data-responsive-font=\"h3\" data-responsive-font-settings=\"{&quot;base-font-size&quot;:&quot;global&quot;,&quot;font-size&quot;:{&quot;desktop_large&quot;:&quot;20&quot;},&quot;base-line-height&quot;:&quot;global&quot;,&quot;base-letter-spacing&quot;:&quot;global&quot;}\" class=\"ut-custom-heading-module\" ><span class=\"\" >Conditioning<\/span><\/h3><style type=\"text\/css\">#ut_custom_heading69eaa1547cba7 { font-size:14px !important;line-height:28px !important; }#ut_custom_heading69eaa1547cba7 { text-align:left; }@media (min-width: 768px) and (max-width: 1024px) { #ut_custom_heading69eaa1547cba7 { text-align:left; } }@media (max-width: 767px) { #ut_custom_heading69eaa1547cba7 { text-align:left; } }<\/style><p id=\"ut_custom_heading69eaa1547cba7\" data-responsive-font=\"p\" data-responsive-font-settings=\"{&quot;base-font-size&quot;:&quot;global&quot;,&quot;font-size&quot;:{&quot;desktop_large&quot;:&quot;14&quot;},&quot;base-line-height&quot;:&quot;global&quot;,&quot;line-height&quot;:{&quot;desktop_large&quot;:&quot;28&quot;},&quot;base-letter-spacing&quot;:&quot;global&quot;}\" class=\"ut-custom-heading-module\" ><span class=\"\" >Rolls of 100 meters or in coils.<\/span><\/p><\/div><\/div><\/div><\/div><\/div><\/div><\/div><\/div><div class=\"vc_row-full-width vc_clearfix\"><\/div><div id=\"ut-row-69eaa1547d5d1\" data-vc-full-width=\"true\" data-vc-full-width-init=\"false\" class=\"vc_row wpb_row vc_row-fluid vc_column-gap-0 ut-row-69eaa1547d5e1\" ><div class=\"wpb_column vc_column_container vc_col-sm-12\" ><div id=\"ut_inner_column_69eaa1547dc5f\" class=\"vc_column-inner\" ><div class=\"wpb_wrapper\"><div class=\"vc_empty_space\"   style=\"height: 40px\"><span class=\"vc_empty_space_inner\"><\/span><\/div><div  class=\"wpb_content_element   clearfix\"><style type=\"text\/css\">#ut_am_69eaa1547e23b { opacity: 1; }#ut_am_wrap_69eaa1547e23c { text-align: center; }@media (min-width: 768px) and (max-width: 1024px) { #ut_am_wrap_69eaa1547e23c { text-align: center !important; } }@media (max-width: 767px) { #ut_am_wrap_69eaa1547e23c { text-align: center !important; } }<\/style><div id=\"ut_am_wrap_69eaa1547e23c\" class=\"ut-image-gallery-image  ut-reveal-fx ut-element-with-block-reveal\"><div id=\"ut_reveal_69eaa1547e23d\" data-reveal-bgcolor=\"#000000\" data-reveal-direction=\"lr\" data-reveal-duration=\"750\" data-reveal-delay=\"250\" data-appear-top-offset=\"auto\" class=\"ut-animated-image-item ut-image-gallery-item ut-animation-done ut-reveal-fx-element ut-block-reveal-hide\"><a class=\"ut-deactivated-link\" href=\"#\"><div class=\"ut-animated-image-zoom\">\r\n        <div class=\"ut-element-glitch-wrap\">\r\n\r\n            \r\n        <style type=\"text\/css\">\r\n\r\n                        \r\n        @media (min-width: 1025px) {\r\n\r\n        #ut-element-glitch-69eaa1547e270282409282-391 .ut-glitch-single-element {\r\n                                            \r\n                }\r\n        }\r\n\r\n        @media (min-width: 768px) and (max-width: 1024px) {\r\n\r\n        #ut-element-glitch-69eaa1547e270282409282-391 .ut-glitch-single-element {\r\n                                                \r\n                    }\r\n        }\r\n\r\n        @media (max-width: 767px) {\r\n\r\n        #ut-element-glitch-69eaa1547e270282409282-391 .ut-glitch-single-element {\r\n                                                \r\n                    }\r\n        }\r\n\r\n        \r\n        <\/style>\r\n\r\n        \r\n            <div id=\"ut-element-glitch-69eaa1547e270282409282-391\" class=\"ut-element-glitch ut-glitch-none ut-element-glitch-permanent\">\r\n                <div class=\"ut-glitch-single-element ut-lozad skip-lazy\" data-background-image=\"https:\/\/coelpla.com.ar\/wp-content\/uploads\/2022\/03\/table-24.png\"><\/div>\r\n                <div class=\"ut-glitch-single-element ut-lozad skip-lazy\" data-background-image=\"https:\/\/coelpla.com.ar\/wp-content\/uploads\/2022\/03\/table-24.png\"><\/div>\r\n                <div class=\"ut-glitch-single-element ut-lozad skip-lazy\" data-background-image=\"https:\/\/coelpla.com.ar\/wp-content\/uploads\/2022\/03\/table-24.png\"><\/div>\r\n                <div class=\"ut-glitch-single-element ut-lozad skip-lazy\" data-background-image=\"https:\/\/coelpla.com.ar\/wp-content\/uploads\/2022\/03\/table-24.png\"><\/div>\r\n                <div class=\"ut-glitch-single-element ut-lozad skip-lazy\" data-background-image=\"https:\/\/coelpla.com.ar\/wp-content\/uploads\/2022\/03\/table-24.png\"><\/div>\r\n            <\/div>\r\n\r\n        <\/div>\r\n\r\n        <img loading=\"lazy\" decoding=\"async\" class=\"ut-lazy skip-lazy ut-animated-image\"  id=\"ut_am_69eaa1547e23b\" src=\"data:image\/svg+xml;charset=utf-8,%3Csvg xmlns%3D'http%3A%2F%2Fwww.w3.org%2F2000%2Fsvg' viewBox%3D'0 0 767 195'%2F%3E\" data-src=\"https:\/\/coelpla.com.ar\/wp-content\/uploads\/2022\/03\/table-24.png\" width=\"767\" height=\"195\" alt=\"CABLE UNIPOLAR DE POTENCIA\"\/><\/div><\/a><\/div><\/div><\/div><\/div><\/div><\/div><\/div><div class=\"vc_row-full-width vc_clearfix\"><\/div><a data-id=\"section-without-id\" class=\"ut-vc-offset-anchor-bottom\" name=\"section-without-id\"><\/a><\/section><div class=\"vc_row-full-width vc_clearfix\"><\/div>\n<\/section>","protected":false},"excerpt":{"rendered":"CABLE UNIPOLAR DE POTENCIA Caracter\u00edsticas Generales Conductor flexible de cobre electrol\u00edtico recocido y aislado con una capa de PVC antillama en color negro, pantalla de cobre electrol\u00edtico y sobre la misma una vaina ajustada de PVC flexible antillama de color negro. Cumplen ampliamente con la norma NM 247 y adicionales, para determinar la resistencia a [...]","protected":false},"author":1,"featured_media":0,"parent":0,"menu_order":0,"comment_status":"closed","ping_status":"closed","template":"","meta":{"_joinchat":[],"footnotes":""},"class_list":["post-385","page","type-page","status-publish","hentry"],"_links":{"self":[{"href":"https:\/\/coelpla.com.ar\/en\/wp-json\/wp\/v2\/pages\/385","targetHints":{"allow":["GET"]}}],"collection":[{"href":"https:\/\/coelpla.com.ar\/en\/wp-json\/wp\/v2\/pages"}],"about":[{"href":"https:\/\/coelpla.com.ar\/en\/wp-json\/wp\/v2\/types\/page"}],"author":[{"embeddable":true,"href":"https:\/\/coelpla.com.ar\/en\/wp-json\/wp\/v2\/users\/1"}],"replies":[{"embeddable":true,"href":"https:\/\/coelpla.com.ar\/en\/wp-json\/wp\/v2\/comments?post=385"}],"version-history":[{"count":4,"href":"https:\/\/coelpla.com.ar\/en\/wp-json\/wp\/v2\/pages\/385\/revisions"}],"predecessor-version":[{"id":392,"href":"https:\/\/coelpla.com.ar\/en\/wp-json\/wp\/v2\/pages\/385\/revisions\/392"}],"wp:attachment":[{"href":"https:\/\/coelpla.com.ar\/en\/wp-json\/wp\/v2\/media?parent=385"}],"curies":[{"name":"wp","href":"https:\/\/api.w.org\/{rel}","templated":true}]}}