{"id":37,"date":"2022-02-14T17:08:06","date_gmt":"2022-02-14T20:08:06","guid":{"rendered":"https:\/\/coelpla.com.ar\/?page_id=37"},"modified":"2022-03-03T12:31:22","modified_gmt":"2022-03-03T15:31:22","slug":"productos","status":"publish","type":"page","link":"https:\/\/coelpla.com.ar\/en\/productos\/","title":{"rendered":"Products"},"content":{"rendered":"<section class=\"wpb-content-wrapper\"><section id=\"ut-section-69ea7376e1935\" data-vc-full-width=\"true\" data-vc-full-width-init=\"false\" data-cursor-skin=\"global\" class=\"vc_section ut-vc-120 vc_section-has-no-fill ut-section-69ea7376e1944\"><div id=\"ut-row-69ea7376e21a8\" data-vc-full-width=\"true\" data-vc-full-width-init=\"false\" class=\"vc_row wpb_row vc_row-fluid vc_column-gap-0 ut-row-69ea7376e21b6\" ><div class=\"wpb_column vc_column_container vc_col-sm-12\" ><div id=\"ut_inner_column_69ea7376e2a12\" class=\"vc_column-inner\" ><div class=\"wpb_wrapper\"><style type=\"text\/css\">#ut_custom_heading69ea7376e2d7b { font-family: \"Raleway\";font-weight:400;font-style:normal; }#ut_custom_heading69ea7376e2d7b { font-size:45px !important; }#ut_custom_heading69ea7376e2d7b { text-align:left; }@media (min-width: 768px) and (max-width: 1024px) { #ut_custom_heading69ea7376e2d7b { text-align:left; } }@media (max-width: 767px) { #ut_custom_heading69ea7376e2d7b { text-align:left; } }<\/style><h1 id=\"ut_custom_heading69ea7376e2d7b\" data-responsive-font=\"h1\" data-responsive-font-settings=\"{&quot;base-font-size&quot;:&quot;45&quot;,&quot;font-size&quot;:{&quot;desktop_large&quot;:&quot;45&quot;},&quot;base-line-height&quot;:&quot;global&quot;,&quot;base-letter-spacing&quot;:&quot;global&quot;}\" class=\"ut-custom-heading-module\" ><span class=\"\" >Product catalog<\/span><\/h1><style type=\"text\/css\">#ut_custom_heading69ea7376e6c11 { font-family: \"Raleway\";font-weight:400;font-style:normal; }#ut_custom_heading69ea7376e6c11 { font-size:18px !important; }#ut_custom_heading69ea7376e6c11 { text-align:left; }@media (min-width: 768px) and (max-width: 1024px) { #ut_custom_heading69ea7376e6c11 { text-align:left; } }@media (max-width: 767px) { #ut_custom_heading69ea7376e6c11 { text-align:left; } }<\/style><h4 id=\"ut_custom_heading69ea7376e6c11\" data-responsive-font=\"h4\" data-responsive-font-settings=\"{&quot;base-font-size&quot;:&quot;global&quot;,&quot;font-size&quot;:{&quot;desktop_large&quot;:&quot;18&quot;},&quot;base-line-height&quot;:&quot;global&quot;,&quot;base-letter-spacing&quot;:&quot;global&quot;}\" class=\"ut-custom-heading-module\" ><span class=\"\" >COELPLA has developed a growing line of electrical conductors that enable you to offer a perfect service to broad sectors of the market, we invite you to know our products.<\/span><\/h4><div id=\"ut-row-inner-69ea7376e6f6b\" class=\"vc_row wpb_row vc_inner vc_row-fluid ut-row-inner-69ea7376e6f7c\" ><div  class=\"wpb_column vc_column_container vc_col-sm-1\/5\"><div id=\"ut-column-inner-69ea7376e7382\" class=\"vc_column-inner vc_column-inner-nested\"><div class=\"wpb_wrapper\">\n\t<div class=\"wpb_raw_code wpb_content_element wpb_raw_html\" >\n\t\t<div class=\"wpb_wrapper\">\n\t\t\t<a href=\"https:\/\/coelpla.com.ar\/en\/cable-viajero-comando-ascensor-redondo-flexible-centro-de-yute\/\"><article><img decoding=\"async\" src=\"https:\/\/coelpla.com.ar\/wp-content\/uploads\/2022\/02\/id1.png\" alt=\"CABLE-VIAJERO-COMANDO-ASCENSOR-REDONDO-FLEXIBLE-CENTRO-DE-YUTE\">\n<p>CABLE TRAVELLER COMMAND ELEVATOR ROUND FLEXIBLE CENTER OF JUTE<\/p><\/article><\/a>\n\t\t<\/div>\n\t<\/div>\n<\/div><\/div><\/div><div  class=\"wpb_column vc_column_container vc_col-sm-1\/5\"><div id=\"ut-column-inner-69ea7376e7828\" class=\"vc_column-inner vc_column-inner-nested\"><div class=\"wpb_wrapper\">\n\t<div class=\"wpb_raw_code wpb_content_element wpb_raw_html\" >\n\t\t<div class=\"wpb_wrapper\">\n\t\t\t<a href=\"https:\/\/coelpla.com.ar\/en\/cable-comando-selector\/\"><article><img decoding=\"async\" src=\"https:\/\/coelpla.com.ar\/wp-content\/uploads\/2022\/02\/id2.png\" alt=\"Cable Comando Selector\">\n<p>CABLE COMMAND SELECTOR<\/p><\/article><\/a>\n\t\t<\/div>\n\t<\/div>\n<\/div><\/div><\/div><div  class=\"wpb_column vc_column_container vc_col-sm-1\/5\"><div id=\"ut-column-inner-69ea7376e7cc7\" class=\"vc_column-inner vc_column-inner-nested\"><div class=\"wpb_wrapper\">\n\t<div class=\"wpb_raw_code wpb_content_element wpb_raw_html\" >\n\t\t<div class=\"wpb_wrapper\">\n\t\t\t<a href=\"https:\/\/coelpla.com.ar\/en\/cable-viajero-comando-ascensor-redondo-flexible-con-alma-de-acero\/\"><article><img decoding=\"async\" src=\"https:\/\/coelpla.com.ar\/wp-content\/uploads\/2022\/02\/id3.png\" alt=\"CABLE VIAJERO-COMANDO ASCENSOR REDONDO FLEXIBLE CON ALMA DE ACERO\">\n<p>CABLE TRAVELLER-COMMAND ELEVATOR ROUND FLEXIBLE WITH SOUL OF STEEL<\/p><\/article><\/a>\n\t\t<\/div>\n\t<\/div>\n<\/div><\/div><\/div><div  class=\"wpb_column vc_column_container vc_col-sm-1\/5\"><div id=\"ut-column-inner-69ea7376e8925\" class=\"vc_column-inner vc_column-inner-nested\"><div class=\"wpb_wrapper\">\n\t<div class=\"wpb_raw_code wpb_content_element wpb_raw_html\" >\n\t\t<div class=\"wpb_wrapper\">\n\t\t\t<a href=\"https:\/\/coelpla.com.ar\/en\/cable-viajero-comando-ascensor-plano\/\"><article><img decoding=\"async\" src=\"https:\/\/coelpla.com.ar\/wp-content\/uploads\/2022\/02\/id4.png\" alt=\"CABLE VIAJERO-COMANDO ASCENSOR PLANO\">\n<p>CABLE TRAVELLER-COMMAND LIFT LEVEL<\/p><\/article><\/a>\n\t\t<\/div>\n\t<\/div>\n<\/div><\/div><\/div><div  class=\"wpb_column vc_column_container vc_col-sm-1\/5\"><div id=\"ut-column-inner-69ea7376e8d2e\" class=\"vc_column-inner vc_column-inner-nested\"><div class=\"wpb_wrapper\">\n\t<div class=\"wpb_raw_code wpb_content_element wpb_raw_html\" >\n\t\t<div class=\"wpb_wrapper\">\n\t\t\t<a href=\"https:\/\/coelpla.com.ar\/en\/cable-comando-viajero-plano-simple-cobertura\/\"><article><img decoding=\"async\" src=\"https:\/\/coelpla.com.ar\/wp-content\/uploads\/2022\/02\/id5.png\" alt=\"CABLE COMANDO VIAJERO PLANO SIMPLE COBERTURA\">\n<p>CABLE COMMAND TRAVELER PLANE SIMPLE COVERAGE<\/p><\/article><\/a>\n\t\t<\/div>\n\t<\/div>\n<\/div><\/div><\/div><\/div><div id=\"ut-row-inner-69ea7376e9120\" class=\"vc_row wpb_row vc_inner vc_row-fluid ut-row-inner-69ea7376e912f\" ><div  class=\"wpb_column vc_column_container vc_col-sm-1\/5\"><div id=\"ut-column-inner-69ea7376e9413\" class=\"vc_column-inner vc_column-inner-nested\"><div class=\"wpb_wrapper\">\n\t<div class=\"wpb_raw_code wpb_content_element wpb_raw_html\" >\n\t\t<div class=\"wpb_wrapper\">\n\t\t\t<a href=\"https:\/\/coelpla.com.ar\/en\/cable-viajero-comando-ascensor-plano-con-soporte-de-acero\/\"><article><img decoding=\"async\" src=\"https:\/\/coelpla.com.ar\/wp-content\/uploads\/2022\/02\/id6.png\" alt=\"CABLE VIAJERO-COMANDO ASCENSOR PLANO CON SOPORTE DE ACERO\">\n<p>CABLE TRAVELLER-COMMAND LIFT PLANE WITH STEEL BRACKET<\/p><\/article><\/a>\n\t\t<\/div>\n\t<\/div>\n<\/div><\/div><\/div><div  class=\"wpb_column vc_column_container vc_col-sm-1\/5\"><div id=\"ut-column-inner-69ea7376e980b\" class=\"vc_column-inner vc_column-inner-nested\"><div class=\"wpb_wrapper\">\n\t<div class=\"wpb_raw_code wpb_content_element wpb_raw_html\" >\n\t\t<div class=\"wpb_wrapper\">\n\t\t\t<a href=\"https:\/\/coelpla.com.ar\/en\/cable-viajero-plano-combinado-cables-para-comando-energia-pares-blindados-y-coaxil\/\"><article><img decoding=\"async\" src=\"https:\/\/coelpla.com.ar\/wp-content\/uploads\/2022\/02\/id7.png\" alt=\"CABLE VIAJERO-PLANO COMBINADO. CABLES PARA COMANDO, ENERG\u00cdA, PARES BLINDADOS Y COAXIL.\">\n<p>CABLE TRAVELLER-PLANE COMBINED. CABLES FOR COMMAND, ENERGY, PAIRS SHIELDED AND COAXIAL.<\/p><\/article><\/a>\n\t\t<\/div>\n\t<\/div>\n<\/div><\/div><\/div><div  class=\"wpb_column vc_column_container vc_col-sm-1\/5\"><div id=\"ut-column-inner-69ea7376e9c09\" class=\"vc_column-inner vc_column-inner-nested\"><div class=\"wpb_wrapper\">\n\t<div class=\"wpb_raw_code wpb_content_element wpb_raw_html\" >\n\t\t<div class=\"wpb_wrapper\">\n\t\t\t<a href=\"https:\/\/coelpla.com.ar\/en\/cable-viajero-redondo-combinado-cables-para-comando-energia-pares-blindados-y-coaxil\/\"><article><img decoding=\"async\" src=\"https:\/\/coelpla.com.ar\/wp-content\/uploads\/2022\/02\/id8.png\" alt=\"CABLE VIAJERO-REDONDO COMBINADO. CABLES PARA COMANDO, ENERG\u00cdA, PARES BLINDADOS Y COAXIL.\">\n<p>CABLE TRAVELLER-ROUND COMBO. CABLES FOR COMMAND, ENERGY, PAIRS SHIELDED AND COAXIAL.<\/p><\/article><\/a>\n\t\t<\/div>\n\t<\/div>\n<\/div><\/div><\/div><div  class=\"wpb_column vc_column_container vc_col-sm-1\/5\"><div id=\"ut-column-inner-69ea7376ea00b\" class=\"vc_column-inner vc_column-inner-nested\"><div class=\"wpb_wrapper\">\n\t<div class=\"wpb_raw_code wpb_content_element wpb_raw_html\" >\n\t\t<div class=\"wpb_wrapper\">\n\t\t\t<a href=\"https:\/\/coelpla.com.ar\/en\/cable-viajero-plano-multipolar\/\"><article><img decoding=\"async\" src=\"https:\/\/coelpla.com.ar\/wp-content\/uploads\/2022\/02\/id9.png\" alt=\"CABLE VIAJERO PLANO MULTIPOLAR\">\n<p>CABLE TRAVELER PLANE-POLAR<\/p><\/article><\/a>\n\t\t<\/div>\n\t<\/div>\n<\/div><\/div><\/div><div  class=\"wpb_column vc_column_container vc_col-sm-1\/5\"><div id=\"ut-column-inner-69ea7376ea4ab\" class=\"vc_column-inner vc_column-inner-nested\"><div class=\"wpb_wrapper\">\n\t<div class=\"wpb_raw_code wpb_content_element wpb_raw_html\" >\n\t\t<div class=\"wpb_wrapper\">\n\t\t\t<a href=\"https:\/\/coelpla.com.ar\/en\/cable-viajero-comando-ascensor-plano-libre-de-halogenos\/\"><article><img decoding=\"async\" src=\"https:\/\/coelpla.com.ar\/wp-content\/uploads\/2022\/02\/id10.png\" alt=\"CABLE VIAJERO-COMANDO ASCENSOR PLANO LIBRE DE HALOGENOS\">\n<p>CABLE TRAVELLER-COMMAND ELEVATOR FLAT-HALOGENS FREE<\/p><\/article><\/a>\n\t\t<\/div>\n\t<\/div>\n<\/div><\/div><\/div><\/div><div id=\"ut-row-inner-69ea7376ea8e2\" class=\"vc_row wpb_row vc_inner vc_row-fluid ut-row-inner-69ea7376ea8f2\" ><div  class=\"wpb_column vc_column_container vc_col-sm-1\/5\"><div id=\"ut-column-inner-69ea7376eabb4\" class=\"vc_column-inner vc_column-inner-nested\"><div class=\"wpb_wrapper\">\n\t<div class=\"wpb_raw_code wpb_content_element wpb_raw_html\" >\n\t\t<div class=\"wpb_wrapper\">\n\t\t\t<a href=\"https:\/\/coelpla.com.ar\/en\/cable-viajero-comando-ascensor-redondo-flexible-con-alma-de-acero-yute-libre-de-halogenos\/\"><article><img decoding=\"async\" src=\"https:\/\/coelpla.com.ar\/wp-content\/uploads\/2022\/02\/id11.png\" alt=\"CABLE VIAJERO-COMANDO ASCENSOR REDONDO FLEXIBLE CON ALMA DE ACERO\/YUTE - LIBRE DE HALOGENOS\">\n<p>CABLE TRAVELLER-COMMAND ELEVATOR ROUND FLEXIBLE WITH SOUL OF STEEL\/JUTE - FREE HALOGENOS<\/p><\/article><\/a>\n\t\t<\/div>\n\t<\/div>\n<\/div><\/div><\/div><div  class=\"wpb_column vc_column_container vc_col-sm-1\/5\"><div id=\"ut-column-inner-69ea7376eafbf\" class=\"vc_column-inner vc_column-inner-nested\"><div class=\"wpb_wrapper\">\n\t<div class=\"wpb_raw_code wpb_content_element wpb_raw_html\" >\n\t\t<div class=\"wpb_wrapper\">\n\t\t\t<a href=\"https:\/\/coelpla.com.ar\/en\/cable-comando-botonera-para-puentes-grua-con-soporte-de-acero\/\"><article><img decoding=\"async\" src=\"https:\/\/coelpla.com.ar\/wp-content\/uploads\/2022\/02\/id12.png\" alt=\"CABLE COMANDO BOTONERA PARA PUENTES GR\u00daA CON SOPORTE DE ACERO.\">\n<p>CABLE COMANDO BOTONERA PARA PUENTES GR\u00daA CON SOPORTE DE ACERO.<\/p><\/article><\/a>\n\t\t<\/div>\n\t<\/div>\n<\/div><\/div><\/div><div  class=\"wpb_column vc_column_container vc_col-sm-1\/5\"><div id=\"ut-column-inner-69ea7376eb3b6\" class=\"vc_column-inner vc_column-inner-nested\"><div class=\"wpb_wrapper\">\n\t<div class=\"wpb_raw_code wpb_content_element wpb_raw_html\" >\n\t\t<div class=\"wpb_wrapper\">\n\t\t\t<a href=\"https:\/\/coelpla.com.ar\/en\/cable-plano-para-puentes-grua\/\"><article><img decoding=\"async\" src=\"https:\/\/coelpla.com.ar\/wp-content\/uploads\/2022\/02\/id13.png\" alt=\"CABLE PLANO PARA PUENTES GR\u00daA\">\n<p>FLAT CABLE FOR CRANE<\/p><\/article><\/a>\n\t\t<\/div>\n\t<\/div>\n<\/div><\/div><\/div><div  class=\"wpb_column vc_column_container vc_col-sm-1\/5\"><div id=\"ut-column-inner-69ea7376eb7a7\" class=\"vc_column-inner vc_column-inner-nested\"><div class=\"wpb_wrapper\">\n\t<div class=\"wpb_raw_code wpb_content_element wpb_raw_html\" >\n\t\t<div class=\"wpb_wrapper\">\n\t\t\t<a href=\"https:\/\/coelpla.com.ar\/en\/cadena-de-compensacion\/\"><article><img decoding=\"async\" src=\"https:\/\/coelpla.com.ar\/wp-content\/uploads\/2022\/02\/id14.png\" alt=\"CADENA DE COMPENSACI\u00d3N\">\n<p>STRING COMPENSATION<\/p><\/article><\/a>\n\t\t<\/div>\n\t<\/div>\n<\/div><\/div><\/div><div  class=\"wpb_column vc_column_container vc_col-sm-1\/5\"><div id=\"ut-column-inner-69ea7376ebbb8\" class=\"vc_column-inner vc_column-inner-nested\"><div class=\"wpb_wrapper\">\n\t<div class=\"wpb_raw_code wpb_content_element wpb_raw_html\" >\n\t\t<div class=\"wpb_wrapper\">\n\t\t\t<a href=\"https:\/\/coelpla.com.ar\/en\/guia-de-rodillos-para-cadena-de-compensacion\/\"><article><img decoding=\"async\" src=\"https:\/\/coelpla.com.ar\/wp-content\/uploads\/2022\/02\/id15.png\" alt=\"GUIA DE RODILLOS PARA CADENA DE COMPENSACI\u00d3N\">\n<p>GUIDE ROLLERS FOR CHAIN OF COMPENSATION<\/p><\/article><\/a>\n\t\t<\/div>\n\t<\/div>\n<\/div><\/div><\/div><\/div><div id=\"ut-row-inner-69ea7376ebf76\" class=\"vc_row wpb_row vc_inner vc_row-fluid ut-row-inner-69ea7376ebf91\" ><div  class=\"wpb_column vc_column_container vc_col-sm-1\/5\"><div id=\"ut-column-inner-69ea7376ec263\" class=\"vc_column-inner vc_column-inner-nested\"><div class=\"wpb_wrapper\">\n\t<div class=\"wpb_raw_code wpb_content_element wpb_raw_html\" >\n\t\t<div class=\"wpb_wrapper\">\n\t\t\t<a href=\"https:\/\/coelpla.com.ar\/en\/amarre-para-cadena-de-compensacion-y-cables-comando-redondos\/\"><article><img decoding=\"async\" src=\"https:\/\/coelpla.com.ar\/wp-content\/uploads\/2022\/02\/id16.png\" alt=\"AMARRE PARA CADENA DE COMPENSACI\u00d3N Y CABLES COMANDO REDONDOS\">\n<p>MOORING CHAIN AND COMPENSATION CABLES COMMAND ROUND<\/p><\/article><\/a>\n\t\t<\/div>\n\t<\/div>\n<\/div><\/div><\/div><div  class=\"wpb_column vc_column_container vc_col-sm-1\/5\"><div id=\"ut-column-inner-69ea7376ec66c\" class=\"vc_column-inner vc_column-inner-nested\"><div class=\"wpb_wrapper\">\n\t<div class=\"wpb_raw_code wpb_content_element wpb_raw_html\" >\n\t\t<div class=\"wpb_wrapper\">\n\t\t\t<a href=\"https:\/\/coelpla.com.ar\/en\/automotor-cable-para-bateria\/\"><article><img decoding=\"async\" src=\"https:\/\/coelpla.com.ar\/wp-content\/uploads\/2022\/02\/id18.png\" alt=\"AUTOMOTOR CABLE PARA BATER\u00cdA.\">\n<p>AUTOMOTOR CABLE PARA BATER\u00cdA<\/p><\/article><\/a>\n\t\t<\/div>\n\t<\/div>\n<\/div><\/div><\/div><div  class=\"wpb_column vc_column_container vc_col-sm-1\/5\"><div id=\"ut-column-inner-69ea7376eca94\" class=\"vc_column-inner vc_column-inner-nested\"><div class=\"wpb_wrapper\">\n\t<div class=\"wpb_raw_code wpb_content_element wpb_raw_html\" >\n\t\t<div class=\"wpb_wrapper\">\n\t\t\t<a href=\"https:\/\/coelpla.com.ar\/en\/conductores-unipolares\/\"><article><img decoding=\"async\" src=\"https:\/\/coelpla.com.ar\/wp-content\/uploads\/2022\/02\/id17.png\" alt=\"CONDUCTORES UNIPOLARES\">\n<p>DRIVERS UNIPOLAR<\/p><\/article><\/a>\n\t\t<\/div>\n\t<\/div>\n<\/div><\/div><\/div><div  class=\"wpb_column vc_column_container vc_col-sm-1\/5\"><div id=\"ut-column-inner-69ea7376ece8a\" class=\"vc_column-inner vc_column-inner-nested\"><div class=\"wpb_wrapper\">\n\t<div class=\"wpb_raw_code wpb_content_element wpb_raw_html\" >\n\t\t<div class=\"wpb_wrapper\">\n\t\t\t<a href=\"https:\/\/coelpla.com.ar\/en\/conductores-envainados-redondos-multipolares\/\"><article><img decoding=\"async\" src=\"https:\/\/coelpla.com.ar\/wp-content\/uploads\/2022\/02\/id19.png\" alt=\"CONDUCTORES ENVAINADOS REDONDOS MULTIPOLARES\">\n<p>DRIVERS COVERED ROUND MULTI-POLE<\/p><\/article><\/a>\n\t\t<\/div>\n\t<\/div>\n<\/div><\/div><\/div><div  class=\"wpb_column vc_column_container vc_col-sm-1\/5\"><div id=\"ut-column-inner-69ea7376ed279\" class=\"vc_column-inner vc_column-inner-nested\"><div class=\"wpb_wrapper\">\n\t<div class=\"wpb_raw_code wpb_content_element wpb_raw_html\" >\n\t\t<div class=\"wpb_wrapper\">\n\t\t\t<a href=\"https:\/\/coelpla.com.ar\/en\/conductores-envainados-redondos-tipo-taller\/\"><article><img decoding=\"async\" src=\"https:\/\/coelpla.com.ar\/wp-content\/uploads\/2022\/02\/id20.png\" alt=\"CONDUCTORES ENVAINADOS REDONDOS -TIPO TALLER\">\n<p>DRIVERS ENVAINADOS ROUND -TYPE WORKSHOP<\/p><\/article><\/a>\n\t\t<\/div>\n\t<\/div>\n<\/div><\/div><\/div><\/div><div id=\"ut-row-inner-69ea7376ed646\" class=\"vc_row wpb_row vc_inner vc_row-fluid ut-row-inner-69ea7376ed655\" ><div  class=\"wpb_column vc_column_container vc_col-sm-1\/5\"><div id=\"ut-column-inner-69ea7376ed92e\" class=\"vc_column-inner vc_column-inner-nested\"><div class=\"wpb_wrapper\">\n\t<div class=\"wpb_raw_code wpb_content_element wpb_raw_html\" >\n\t\t<div class=\"wpb_wrapper\">\n\t\t\t<a href=\"https:\/\/coelpla.com.ar\/en\/conductores-desnudos-de-cobre-cables-desnudos-para-antena\/\"><article><img decoding=\"async\" src=\"https:\/\/coelpla.com.ar\/wp-content\/uploads\/2022\/02\/id21.png\" alt=\"CONDUCTORES DESNUDOS DE COBRE CABLES DESNUDOS PARA ANTENA\">\n<p>CONDUCTORS BARE COPPER BARE WIRE FOR ANTENNA<\/p><\/article><\/a>\n\t\t<\/div>\n\t<\/div>\n<\/div><\/div><\/div><div  class=\"wpb_column vc_column_container vc_col-sm-1\/5\"><div id=\"ut-column-inner-69ea7376edd2b\" class=\"vc_column-inner vc_column-inner-nested\"><div class=\"wpb_wrapper\">\n\t<div class=\"wpb_raw_code wpb_content_element wpb_raw_html\" >\n\t\t<div class=\"wpb_wrapper\">\n\t\t\t<a href=\"https:\/\/coelpla.com.ar\/en\/conductores-tipo-subterraneo\/\"><article><img decoding=\"async\" src=\"https:\/\/coelpla.com.ar\/wp-content\/uploads\/2022\/02\/id22.png\" alt=\"CONDUCTORES TIPO SUBTERR\u00c1NEO\">\n<p>DRIVERS TYPE UNDERGROUND<\/p><\/article><\/a>\n\t\t<\/div>\n\t<\/div>\n<\/div><\/div><\/div><div  class=\"wpb_column vc_column_container vc_col-sm-1\/5\"><div id=\"ut-column-inner-69ea7376ee199\" class=\"vc_column-inner vc_column-inner-nested\"><div class=\"wpb_wrapper\">\n\t<div class=\"wpb_raw_code wpb_content_element wpb_raw_html\" >\n\t\t<div class=\"wpb_wrapper\">\n\t\t\t<a href=\"https:\/\/coelpla.com.ar\/en\/cable-unipolar-de-potencia\/\"><article><img decoding=\"async\" src=\"https:\/\/coelpla.com.ar\/wp-content\/uploads\/2022\/02\/id23.png\" alt=\"CABLE UNIPOLAR DE POTENCIA\">\n<p>CABLE UNIPOLAR POWER<\/p><\/article><\/a>\n\t\t<\/div>\n\t<\/div>\n<\/div><\/div><\/div><div  class=\"wpb_column vc_column_container vc_col-sm-1\/5\"><div id=\"ut-column-inner-69ea7376ee595\" class=\"vc_column-inner vc_column-inner-nested\"><div class=\"wpb_wrapper\">\n\t<div class=\"wpb_raw_code wpb_content_element wpb_raw_html\" >\n\t\t<div class=\"wpb_wrapper\">\n\t\t\t<a href=\"https:\/\/coelpla.com.ar\/en\/conductores-envainados-chatos\/\"><article><img decoding=\"async\" src=\"https:\/\/coelpla.com.ar\/wp-content\/uploads\/2022\/02\/id24.png\" alt=\"CONDUCTORES ENVAINADOS CHATOS\">\n<p>DRIVERS ENVAINADOS FLAT<\/p><\/article><\/a>\n\t\t<\/div>\n\t<\/div>\n<\/div><\/div><\/div><div  class=\"wpb_column vc_column_container vc_col-sm-1\/5\"><div id=\"ut-column-inner-69ea7376ee988\" class=\"vc_column-inner vc_column-inner-nested\"><div class=\"wpb_wrapper\">\n\t<div class=\"wpb_raw_code wpb_content_element wpb_raw_html\" >\n\t\t<div class=\"wpb_wrapper\">\n\t\t\t<a href=\"https:\/\/coelpla.com.ar\/en\/cable-paralelos-flexibles-perfil-8\/\"><article><img decoding=\"async\" src=\"https:\/\/coelpla.com.ar\/wp-content\/uploads\/2022\/02\/id25.png\" alt=\"CABLE PARALELOS FLEXIBLES - PERFIL 8\">\n<p>CABLE PARALLEL FLEXIBLE - PROFILE 8<\/p><\/article><\/a>\n\t\t<\/div>\n\t<\/div>\n<\/div><\/div><\/div><\/div><\/div><\/div><\/div><\/div><div class=\"vc_row-full-width vc_clearfix\"><\/div><div id=\"ut-row-69ea7376ef4aa\" data-vc-full-width=\"true\" data-vc-full-width-init=\"false\" class=\"vc_row wpb_row vc_row-fluid vc_column-gap-0 ut-row-69ea7376ef4b8\" ><div class=\"wpb_column vc_column_container vc_col-sm-12\" ><div id=\"ut_inner_column_69ea7376efb35\" class=\"vc_column-inner\" ><div class=\"wpb_wrapper\"><div class=\"vc_empty_space\"   style=\"height: 40px\"><span class=\"vc_empty_space_inner\"><\/span><\/div><div id=\"ut-row-inner-69ea7376eff2c\" class=\"vc_row wpb_row vc_inner vc_row-fluid ut-row-inner-69ea7376eff3b\" ><div  class=\"wpb_column vc_column_container vc_col-sm-12 vc_col-has-fill\"><div id=\"ut-column-inner-69ea7376f020b\" class=\"vc_column-inner vc_column-inner-nested\"><div class=\"wpb_wrapper\">\n\t<div class=\"wpb_raw_code wpb_content_element wpb_raw_html\" >\n\t\t<div class=\"wpb_wrapper\">\n\t\t\t<div class=\"wpb_content_element\"><style type=\"text\/css\">#bklyn_cta_61f8489867016 .bklyn-call-to-action-title { color: #0a0a0a; }#bklyn_cta_61f8489867016 .bklyn-call-to-action-title { font-size: 20px; }#bklyn_cta_61f8489867016 .bklyn-call-to-action-content { color: #000000; }#bklyn_btn_61f8489867017 .bklyn-btn { color:#ffffff !important; border-width:px !important; border-radius:px !important; background-color:#000000 !important; }#bklyn_btn_61f8489867017 .bklyn-btn:hover{ color:#ffffff !important; background-color:rgba(0,0,0,0.81) !important; }#bklyn_btn_61f8489867017 .bklyn-btn:focus{ color:#ffffff !important; background-color:rgba(0,0,0,0.81) !important; }#bklyn_btn_61f8489867017 .bklyn-btn:active { color:#ffffff !important; background-color:rgba(0,0,0,0.81) !important; }<\/style><div id=\"bklyn_cta_61f8489867016\" class=\"bklyn-call-to-action-wrapper\"><div class=\"bklyn-call-to-action-inner clearfix\"><div class=\"bklyn-call-to-action-content\"><p>Download our full Product Catalog (PDF)<\/p>\n<\/div><div class=\"bklyn-call-to-action-button-holder\"><div id=\"bklyn_btn_61f8489867017\" class=\"bklyn-btn-holder bklyn-btn-center bklyn-btn-tablet-center bklyn-btn-mobile-center\"><a title=\"\" href=\"https:\/\/coelpla.com.ar\/wp-content\/uploads\/2022\/02\/Catalogo-Coelpla.pdf\" target=\"_self\" class=\"bklyn-btn bklyn-btn-normal\" download>Download Catalog<\/a><\/div><\/div><\/div><\/div><\/div>\n\t\t<\/div>\n\t<\/div>\n<\/div><\/div><style type=\"text\/css\">#ut-column-inner-69ea7376f020b{background-color: #e5e5e5 !important;}<\/style><\/div><\/div><\/div><\/div><\/div><\/div><div class=\"vc_row-full-width vc_clearfix\"><\/div><a data-id=\"section-without-id\" class=\"ut-vc-offset-anchor-bottom\" name=\"section-without-id\"><\/a><\/section><div class=\"vc_row-full-width vc_clearfix\"><\/div>\n<\/section>","protected":false},"excerpt":{"rendered":"Cat\u00e1logo de ProductosCOELPLA ha desarrollado una creciente l\u00ednea de conductores el\u00e9ctricos que le permiten ofrecer un perfecto servicio a amplios sectores del mercado, los invitamos a conocer nuestros productos. CABLE VIAJERO COMANDO ASCENSOR REDONDO FLEXIBLE CENTRO DE YUTE CABLE COMANDO SELECTOR CABLE VIAJERO-COMANDO ASCENSOR REDONDO FLEXIBLE CON ALMA DE ACERO CABLE VIAJERO-COMANDO ASCENSOR PLANO CABLE [...]","protected":false},"author":1,"featured_media":0,"parent":0,"menu_order":0,"comment_status":"closed","ping_status":"closed","template":"","meta":{"_joinchat":[],"footnotes":""},"class_list":["post-37","page","type-page","status-publish","hentry"],"_links":{"self":[{"href":"https:\/\/coelpla.com.ar\/en\/wp-json\/wp\/v2\/pages\/37","targetHints":{"allow":["GET"]}}],"collection":[{"href":"https:\/\/coelpla.com.ar\/en\/wp-json\/wp\/v2\/pages"}],"about":[{"href":"https:\/\/coelpla.com.ar\/en\/wp-json\/wp\/v2\/types\/page"}],"author":[{"embeddable":true,"href":"https:\/\/coelpla.com.ar\/en\/wp-json\/wp\/v2\/users\/1"}],"replies":[{"embeddable":true,"href":"https:\/\/coelpla.com.ar\/en\/wp-json\/wp\/v2\/comments?post=37"}],"version-history":[{"count":48,"href":"https:\/\/coelpla.com.ar\/en\/wp-json\/wp\/v2\/pages\/37\/revisions"}],"predecessor-version":[{"id":412,"href":"https:\/\/coelpla.com.ar\/en\/wp-json\/wp\/v2\/pages\/37\/revisions\/412"}],"wp:attachment":[{"href":"https:\/\/coelpla.com.ar\/en\/wp-json\/wp\/v2\/media?parent=37"}],"curies":[{"name":"wp","href":"https:\/\/api.w.org\/{rel}","templated":true}]}}