{"id":346,"date":"2022-03-02T17:29:42","date_gmt":"2022-03-02T20:29:42","guid":{"rendered":"https:\/\/coelpla.com.ar\/?page_id=346"},"modified":"2022-03-02T17:39:34","modified_gmt":"2022-03-02T20:39:34","slug":"conductores-envainados-redondos-multipolares","status":"publish","type":"page","link":"https:\/\/coelpla.com.ar\/en\/conductores-envainados-redondos-multipolares\/","title":{"rendered":"DRIVERS COVERED ROUND MULTI-POLE"},"content":{"rendered":"<section class=\"wpb-content-wrapper\"><section id=\"ut-section-69eaa4894543a\" data-vc-full-width=\"true\" data-vc-full-width-init=\"false\" data-cursor-skin=\"global\" class=\"vc_section ut-vc-120 vc_section-has-no-fill ut-section-69eaa48945453\"><div id=\"ut-row-69eaa48945fe6\" data-vc-full-width=\"true\" data-vc-full-width-init=\"false\" class=\"vc_row wpb_row vc_row-fluid vc_column-gap-0 ut-row-69eaa48945ff7\" ><div class=\"wpb_column vc_column_container vc_col-sm-12\" ><div id=\"ut_inner_column_69eaa48946ae2\" class=\"vc_column-inner\" ><div class=\"wpb_wrapper\"><style type=\"text\/css\">#ut_custom_heading69eaa48946f40 { font-family: \"Raleway\";font-weight:400;font-style:normal; }#ut_custom_heading69eaa48946f40 { font-size:35px !important; }#ut_custom_heading69eaa48946f40 { text-align:left; }@media (min-width: 768px) and (max-width: 1024px) { #ut_custom_heading69eaa48946f40 { text-align:left; } }@media (max-width: 767px) { #ut_custom_heading69eaa48946f40 { text-align:left; } }<\/style><h1 id=\"ut_custom_heading69eaa48946f40\" data-responsive-font=\"h1\" data-responsive-font-settings=\"{&quot;base-font-size&quot;:&quot;global&quot;,&quot;font-size&quot;:{&quot;desktop_large&quot;:&quot;35&quot;},&quot;base-line-height&quot;:&quot;global&quot;,&quot;base-letter-spacing&quot;:&quot;global&quot;}\" class=\"ut-custom-heading-module\" ><span class=\"\" >DRIVERS COVERED ROUND MULTI-POLE<\/span><\/h1><div id=\"ut-row-inner-69eaa4894c51e\" class=\"vc_row wpb_row vc_inner vc_row-fluid ut-row-inner-69eaa4894c538\" ><div  class=\"wpb_column vc_column_container vc_col-sm-6\"><div id=\"ut-column-inner-69eaa4894c9c9\" class=\"vc_column-inner vc_column-inner-nested\"><div class=\"wpb_wrapper\"><div  class=\"wpb_content_element   clearfix\"><style type=\"text\/css\">#ut_am_69eaa4894d00b { opacity: 1; }#ut_am_wrap_69eaa4894d00d .ut-animated-image-zoom::after { background: url(https:\/\/coelpla.com.ar\/wp-content\/uploads\/2022\/03\/4-CABLE-ENVAINADO-REDONDO-500x500-1.png); }#ut_am_wrap_69eaa4894d00d { text-align: center; }@media (min-width: 768px) and (max-width: 1024px) { #ut_am_wrap_69eaa4894d00d { text-align: center !important; } }@media (max-width: 767px) { #ut_am_wrap_69eaa4894d00d { text-align: center !important; } }<\/style><div id=\"ut_am_wrap_69eaa4894d00d\" class=\"ut-image-gallery-image  ut-reveal-fx ut-element-with-block-reveal\"><div id=\"ut_reveal_69eaa4894d00e\" data-reveal-bgcolor=\"#000000\" data-reveal-direction=\"lr\" data-reveal-duration=\"750\" data-reveal-delay=\"250\" data-appear-top-offset=\"auto\" class=\"ut-animated-image-item ut-image-gallery-item ut-animation-done ut-reveal-fx-element ut-block-reveal-hide\"><a class=\"ut-deactivated-link\" href=\"#\"><div class=\"ut-animated-image-zoom\">\r\n        <div class=\"ut-element-glitch-wrap\">\r\n\r\n            \r\n        <style type=\"text\/css\">\r\n\r\n                        \r\n        @media (min-width: 1025px) {\r\n\r\n        #ut-element-glitch-69eaa4894d077305620219-348 .ut-glitch-single-element {\r\n                                            \r\n                }\r\n        }\r\n\r\n        @media (min-width: 768px) and (max-width: 1024px) {\r\n\r\n        #ut-element-glitch-69eaa4894d077305620219-348 .ut-glitch-single-element {\r\n                                                \r\n                    }\r\n        }\r\n\r\n        @media (max-width: 767px) {\r\n\r\n        #ut-element-glitch-69eaa4894d077305620219-348 .ut-glitch-single-element {\r\n                                                \r\n                    }\r\n        }\r\n\r\n        \r\n        <\/style>\r\n\r\n        \r\n            <div id=\"ut-element-glitch-69eaa4894d077305620219-348\" class=\"ut-element-glitch ut-glitch-none ut-element-glitch-permanent\">\r\n                <div class=\"ut-glitch-single-element ut-lozad skip-lazy\" data-background-image=\"https:\/\/coelpla.com.ar\/wp-content\/uploads\/2022\/03\/4-CABLE-ENVAINADO-REDONDO-500x500-1.png\"><\/div>\r\n                <div class=\"ut-glitch-single-element ut-lozad skip-lazy\" data-background-image=\"https:\/\/coelpla.com.ar\/wp-content\/uploads\/2022\/03\/4-CABLE-ENVAINADO-REDONDO-500x500-1.png\"><\/div>\r\n                <div class=\"ut-glitch-single-element ut-lozad skip-lazy\" data-background-image=\"https:\/\/coelpla.com.ar\/wp-content\/uploads\/2022\/03\/4-CABLE-ENVAINADO-REDONDO-500x500-1.png\"><\/div>\r\n                <div class=\"ut-glitch-single-element ut-lozad skip-lazy\" data-background-image=\"https:\/\/coelpla.com.ar\/wp-content\/uploads\/2022\/03\/4-CABLE-ENVAINADO-REDONDO-500x500-1.png\"><\/div>\r\n                <div class=\"ut-glitch-single-element ut-lozad skip-lazy\" data-background-image=\"https:\/\/coelpla.com.ar\/wp-content\/uploads\/2022\/03\/4-CABLE-ENVAINADO-REDONDO-500x500-1.png\"><\/div>\r\n            <\/div>\r\n\r\n        <\/div>\r\n\r\n        <img loading=\"lazy\" decoding=\"async\" class=\"ut-lazy skip-lazy ut-animated-image\"  id=\"ut_am_69eaa4894d00b\" src=\"data:image\/svg+xml;charset=utf-8,%3Csvg xmlns%3D'http%3A%2F%2Fwww.w3.org%2F2000%2Fsvg' viewBox%3D'0 0 500 500'%2F%3E\" data-src=\"https:\/\/coelpla.com.ar\/wp-content\/uploads\/2022\/03\/4-CABLE-ENVAINADO-REDONDO-500x500-1.png\" width=\"500\" height=\"500\" alt=\"CONDUCTORES ENVAINADOS REDONDOS MULTIPOLARES\"\/><\/div><\/a><\/div><\/div><\/div><\/div><\/div><\/div><div  class=\"wpb_column vc_column_container vc_col-sm-6\"><div id=\"ut-column-inner-69eaa4894d446\" class=\"vc_column-inner vc_column-inner-nested\"><div class=\"wpb_wrapper\"><style type=\"text\/css\">#ut_custom_heading69eaa4894d608 { font-family: \"Raleway\";font-weight:500;font-style:normal; }#ut_custom_heading69eaa4894d608 { font-size:20px !important; }#ut_custom_heading69eaa4894d608 { text-align:left; }@media (min-width: 768px) and (max-width: 1024px) { #ut_custom_heading69eaa4894d608 { text-align:left; } }@media (max-width: 767px) { #ut_custom_heading69eaa4894d608 { text-align:left; } }#ut_custom_heading69eaa4894d608 span { border-left-style:solid;border-left-color:#fe8b54;border-left-width:5px;padding-left:10px;display:inline-block; }<\/style><h3 id=\"ut_custom_heading69eaa4894d608\" data-responsive-font=\"h3\" data-responsive-font-settings=\"{&quot;base-font-size&quot;:&quot;global&quot;,&quot;font-size&quot;:{&quot;desktop_large&quot;:&quot;20&quot;},&quot;base-line-height&quot;:&quot;global&quot;,&quot;base-letter-spacing&quot;:&quot;global&quot;}\" class=\"ut-custom-heading-module\" ><span class=\"\" >General Characteristics<br \/>\n<\/span><\/h3><style type=\"text\/css\">#ut_custom_heading69eaa4894d69c { font-size:14px !important;line-height:28px !important; }#ut_custom_heading69eaa4894d69c { text-align:left; }@media (min-width: 768px) and (max-width: 1024px) { #ut_custom_heading69eaa4894d69c { text-align:left; } }@media (max-width: 767px) { #ut_custom_heading69eaa4894d69c { text-align:left; } }<\/style><p id=\"ut_custom_heading69eaa4894d69c\" data-responsive-font=\"p\" data-responsive-font-settings=\"{&quot;base-font-size&quot;:&quot;global&quot;,&quot;font-size&quot;:{&quot;desktop_large&quot;:&quot;14&quot;},&quot;base-line-height&quot;:&quot;global&quot;,&quot;line-height&quot;:{&quot;desktop_large&quot;:&quot;28&quot;},&quot;base-letter-spacing&quot;:&quot;global&quot;}\" class=\"ut-custom-heading-module\" ><span class=\"\" >Each driver is built from a rope flexible annealed electrolytic copper, class 5, insulated with a layer of thermoplastic material PVC flexible spark-arresting. <br \/>The drivers so isolated and identified numerically, are wired in one or more crowns, left and right hand forth, in such a way that allows you to achieve a core cylindrical. <br \/>Subsequently protected with a sheath tight, penetrating, flexible PVC black color. <br \/>The formations and thicknesses of insulation are referring to the Standard NM 247-53 \u2013 NM 280 with a nominal voltage of 500 V.<\/span><\/p><style type=\"text\/css\">#ut_custom_heading69eaa4894d72e { font-family: \"Raleway\";font-weight:500;font-style:normal; }#ut_custom_heading69eaa4894d72e { font-size:20px !important; }#ut_custom_heading69eaa4894d72e { text-align:left; }@media (min-width: 768px) and (max-width: 1024px) { #ut_custom_heading69eaa4894d72e { text-align:left; } }@media (max-width: 767px) { #ut_custom_heading69eaa4894d72e { text-align:left; } }#ut_custom_heading69eaa4894d72e span { border-left-style:solid;border-left-color:#fe8b54;border-left-width:5px;padding-left:10px;display:inline-block; }<\/style><h3 id=\"ut_custom_heading69eaa4894d72e\" data-responsive-font=\"h3\" data-responsive-font-settings=\"{&quot;base-font-size&quot;:&quot;global&quot;,&quot;font-size&quot;:{&quot;desktop_large&quot;:&quot;20&quot;},&quot;base-line-height&quot;:&quot;global&quot;,&quot;base-letter-spacing&quot;:&quot;global&quot;}\" class=\"ut-custom-heading-module\" ><span class=\"\" >Uses<\/span><\/h3><style type=\"text\/css\">#ut_custom_heading69eaa4894d79a { font-size:14px !important;line-height:28px !important; }#ut_custom_heading69eaa4894d79a { text-align:left; }@media (min-width: 768px) and (max-width: 1024px) { #ut_custom_heading69eaa4894d79a { text-align:left; } }@media (max-width: 767px) { #ut_custom_heading69eaa4894d79a { text-align:left; } }<\/style><p id=\"ut_custom_heading69eaa4894d79a\" data-responsive-font=\"p\" data-responsive-font-settings=\"{&quot;base-font-size&quot;:&quot;global&quot;,&quot;font-size&quot;:{&quot;desktop_large&quot;:&quot;14&quot;},&quot;base-line-height&quot;:&quot;global&quot;,&quot;line-height&quot;:{&quot;desktop_large&quot;:&quot;28&quot;},&quot;base-letter-spacing&quot;:&quot;global&quot;}\" class=\"ut-custom-heading-module\" ><span class=\"\" >They are used in control circuits, commands, and installations that require flexibility on the part of the driver.<\/span><\/p><style type=\"text\/css\">#ut_custom_heading69eaa4894d824 { font-family: \"Raleway\";font-weight:500;font-style:normal; }#ut_custom_heading69eaa4894d824 { font-size:20px !important; }#ut_custom_heading69eaa4894d824 { text-align:left; }@media (min-width: 768px) and (max-width: 1024px) { #ut_custom_heading69eaa4894d824 { text-align:left; } }@media (max-width: 767px) { #ut_custom_heading69eaa4894d824 { text-align:left; } }#ut_custom_heading69eaa4894d824 span { border-left-style:solid;border-left-color:#fe8b54;border-left-width:5px;padding-left:10px;display:inline-block; }<\/style><h3 id=\"ut_custom_heading69eaa4894d824\" data-responsive-font=\"h3\" data-responsive-font-settings=\"{&quot;base-font-size&quot;:&quot;global&quot;,&quot;font-size&quot;:{&quot;desktop_large&quot;:&quot;20&quot;},&quot;base-line-height&quot;:&quot;global&quot;,&quot;base-letter-spacing&quot;:&quot;global&quot;}\" class=\"ut-custom-heading-module\" ><span class=\"\" >Conditioning<\/span><\/h3><style type=\"text\/css\">#ut_custom_heading69eaa4894d8ca { font-size:14px !important;line-height:28px !important; }#ut_custom_heading69eaa4894d8ca { text-align:left; }@media (min-width: 768px) and (max-width: 1024px) { #ut_custom_heading69eaa4894d8ca { text-align:left; } }@media (max-width: 767px) { #ut_custom_heading69eaa4894d8ca { text-align:left; } }<\/style><p id=\"ut_custom_heading69eaa4894d8ca\" data-responsive-font=\"p\" data-responsive-font-settings=\"{&quot;base-font-size&quot;:&quot;global&quot;,&quot;font-size&quot;:{&quot;desktop_large&quot;:&quot;14&quot;},&quot;base-line-height&quot;:&quot;global&quot;,&quot;line-height&quot;:{&quot;desktop_large&quot;:&quot;28&quot;},&quot;base-letter-spacing&quot;:&quot;global&quot;}\" class=\"ut-custom-heading-module\" ><span class=\"\" >In coils.<\/span><\/p><\/div><\/div><\/div><\/div><\/div><\/div><\/div><\/div><div class=\"vc_row-full-width vc_clearfix\"><\/div><div id=\"ut-row-69eaa4894e1d0\" data-vc-full-width=\"true\" data-vc-full-width-init=\"false\" class=\"vc_row wpb_row vc_row-fluid vc_column-gap-0 ut-row-69eaa4894e1de\" ><div class=\"wpb_column vc_column_container vc_col-sm-12\" ><div id=\"ut_inner_column_69eaa4894e87a\" class=\"vc_column-inner\" ><div class=\"wpb_wrapper\"><div class=\"vc_empty_space\"   style=\"height: 40px\"><span class=\"vc_empty_space_inner\"><\/span><\/div><div  class=\"wpb_content_element   clearfix\"><style type=\"text\/css\">#ut_am_69eaa4894efbf { opacity: 1; }#ut_am_wrap_69eaa4894efc1 { text-align: center; }@media (min-width: 768px) and (max-width: 1024px) { #ut_am_wrap_69eaa4894efc1 { text-align: center !important; } }@media (max-width: 767px) { #ut_am_wrap_69eaa4894efc1 { text-align: center !important; } }<\/style><div id=\"ut_am_wrap_69eaa4894efc1\" class=\"ut-image-gallery-image  ut-reveal-fx ut-element-with-block-reveal\"><div id=\"ut_reveal_69eaa4894efc2\" data-reveal-bgcolor=\"#000000\" data-reveal-direction=\"lr\" data-reveal-duration=\"750\" data-reveal-delay=\"250\" data-appear-top-offset=\"auto\" class=\"ut-animated-image-item ut-image-gallery-item ut-animation-done ut-reveal-fx-element ut-block-reveal-hide\"><a class=\"ut-deactivated-link\" href=\"#\"><div class=\"ut-animated-image-zoom\">\r\n        <div class=\"ut-element-glitch-wrap\">\r\n\r\n            \r\n        <style type=\"text\/css\">\r\n\r\n                        \r\n        @media (min-width: 1025px) {\r\n\r\n        #ut-element-glitch-69eaa4894f004523700178-351 .ut-glitch-single-element {\r\n                                            \r\n                }\r\n        }\r\n\r\n        @media (min-width: 768px) and (max-width: 1024px) {\r\n\r\n        #ut-element-glitch-69eaa4894f004523700178-351 .ut-glitch-single-element {\r\n                                                \r\n                    }\r\n        }\r\n\r\n        @media (max-width: 767px) {\r\n\r\n        #ut-element-glitch-69eaa4894f004523700178-351 .ut-glitch-single-element {\r\n                                                \r\n                    }\r\n        }\r\n\r\n        \r\n        <\/style>\r\n\r\n        \r\n            <div id=\"ut-element-glitch-69eaa4894f004523700178-351\" class=\"ut-element-glitch ut-glitch-none ut-element-glitch-permanent\">\r\n                <div class=\"ut-glitch-single-element ut-lozad skip-lazy\" data-background-image=\"https:\/\/coelpla.com.ar\/wp-content\/uploads\/2022\/03\/table-20.png\"><\/div>\r\n                <div class=\"ut-glitch-single-element ut-lozad skip-lazy\" data-background-image=\"https:\/\/coelpla.com.ar\/wp-content\/uploads\/2022\/03\/table-20.png\"><\/div>\r\n                <div class=\"ut-glitch-single-element ut-lozad skip-lazy\" data-background-image=\"https:\/\/coelpla.com.ar\/wp-content\/uploads\/2022\/03\/table-20.png\"><\/div>\r\n                <div class=\"ut-glitch-single-element ut-lozad skip-lazy\" data-background-image=\"https:\/\/coelpla.com.ar\/wp-content\/uploads\/2022\/03\/table-20.png\"><\/div>\r\n                <div class=\"ut-glitch-single-element ut-lozad skip-lazy\" data-background-image=\"https:\/\/coelpla.com.ar\/wp-content\/uploads\/2022\/03\/table-20.png\"><\/div>\r\n            <\/div>\r\n\r\n        <\/div>\r\n\r\n        <img loading=\"lazy\" decoding=\"async\" class=\"ut-lazy skip-lazy ut-animated-image\"  id=\"ut_am_69eaa4894efbf\" src=\"data:image\/svg+xml;charset=utf-8,%3Csvg xmlns%3D'http%3A%2F%2Fwww.w3.org%2F2000%2Fsvg' viewBox%3D'0 0 773 487'%2F%3E\" data-src=\"https:\/\/coelpla.com.ar\/wp-content\/uploads\/2022\/03\/table-20.png\" width=\"773\" height=\"487\" alt=\"CONDUCTORES ENVAINADOS REDONDOS MULTIPOLARES\"\/><\/div><\/a><\/div><\/div><\/div><\/div><\/div><\/div><\/div><div class=\"vc_row-full-width vc_clearfix\"><\/div><a data-id=\"section-without-id\" class=\"ut-vc-offset-anchor-bottom\" name=\"section-without-id\"><\/a><\/section><div class=\"vc_row-full-width vc_clearfix\"><\/div>\n<\/section>","protected":false},"excerpt":{"rendered":"CONDUCTORES ENVAINADOS REDONDOS MULTIPOLARES Caracter\u00edsticas Generales Cada conductor est\u00e1 constru\u00eddo a partir de una cuerda flexible de cobre electrol\u00edtico recocido clase 5, aislado con una capa de material termopl\u00e1stico PVC flexible antillama. Los conductores as\u00ed aislados e identificados numericamente, son cableados en una o m\u00e1s coronas, mano derecha e izquierda sucesivamente, de forma tal que [...]","protected":false},"author":1,"featured_media":0,"parent":0,"menu_order":0,"comment_status":"closed","ping_status":"closed","template":"","meta":{"_joinchat":[],"footnotes":""},"class_list":["post-346","page","type-page","status-publish","hentry"],"_links":{"self":[{"href":"https:\/\/coelpla.com.ar\/en\/wp-json\/wp\/v2\/pages\/346","targetHints":{"allow":["GET"]}}],"collection":[{"href":"https:\/\/coelpla.com.ar\/en\/wp-json\/wp\/v2\/pages"}],"about":[{"href":"https:\/\/coelpla.com.ar\/en\/wp-json\/wp\/v2\/types\/page"}],"author":[{"embeddable":true,"href":"https:\/\/coelpla.com.ar\/en\/wp-json\/wp\/v2\/users\/1"}],"replies":[{"embeddable":true,"href":"https:\/\/coelpla.com.ar\/en\/wp-json\/wp\/v2\/comments?post=346"}],"version-history":[{"count":3,"href":"https:\/\/coelpla.com.ar\/en\/wp-json\/wp\/v2\/pages\/346\/revisions"}],"predecessor-version":[{"id":352,"href":"https:\/\/coelpla.com.ar\/en\/wp-json\/wp\/v2\/pages\/346\/revisions\/352"}],"wp:attachment":[{"href":"https:\/\/coelpla.com.ar\/en\/wp-json\/wp\/v2\/media?parent=346"}],"curies":[{"name":"wp","href":"https:\/\/api.w.org\/{rel}","templated":true}]}}