{"id":316,"date":"2022-03-02T16:09:34","date_gmt":"2022-03-02T19:09:34","guid":{"rendered":"https:\/\/coelpla.com.ar\/?page_id=316"},"modified":"2022-03-02T16:17:12","modified_gmt":"2022-03-02T19:17:12","slug":"amarre-para-cadena-de-compensacion-y-cables-comando-redondos","status":"publish","type":"page","link":"https:\/\/coelpla.com.ar\/en\/amarre-para-cadena-de-compensacion-y-cables-comando-redondos\/","title":{"rendered":"MOORING CHAIN AND COMPENSATION CABLES COMMAND ROUND"},"content":{"rendered":"<section class=\"wpb-content-wrapper\"><section id=\"ut-section-69ea907a8de14\" data-vc-full-width=\"true\" data-vc-full-width-init=\"false\" data-cursor-skin=\"global\" class=\"vc_section ut-vc-120 vc_section-has-no-fill ut-section-69ea907a8de26\"><div id=\"ut-row-69ea907a8e6bf\" data-vc-full-width=\"true\" data-vc-full-width-init=\"false\" class=\"vc_row wpb_row vc_row-fluid vc_column-gap-0 ut-row-69ea907a8e6ce\" ><div class=\"wpb_column vc_column_container vc_col-sm-12\" ><div id=\"ut_inner_column_69ea907a8ef29\" class=\"vc_column-inner\" ><div class=\"wpb_wrapper\"><style type=\"text\/css\">#ut_custom_heading69ea907a8f239 { font-family: \"Raleway\";font-weight:400;font-style:normal; }#ut_custom_heading69ea907a8f239 { font-size:35px !important; }#ut_custom_heading69ea907a8f239 { text-align:left; }@media (min-width: 768px) and (max-width: 1024px) { #ut_custom_heading69ea907a8f239 { text-align:left; } }@media (max-width: 767px) { #ut_custom_heading69ea907a8f239 { text-align:left; } }<\/style><h1 id=\"ut_custom_heading69ea907a8f239\" data-responsive-font=\"h1\" data-responsive-font-settings=\"{&quot;base-font-size&quot;:&quot;global&quot;,&quot;font-size&quot;:{&quot;desktop_large&quot;:&quot;35&quot;},&quot;base-line-height&quot;:&quot;global&quot;,&quot;base-letter-spacing&quot;:&quot;global&quot;}\" class=\"ut-custom-heading-module\" ><span class=\"\" >MOORING CHAIN AND COMPENSATION CABLES COMMAND ROUND<\/span><\/h1><div id=\"ut-row-inner-69ea907a932ee\" class=\"vc_row wpb_row vc_inner vc_row-fluid ut-row-inner-69ea907a93303\" ><div  class=\"wpb_column vc_column_container vc_col-sm-6\"><div id=\"ut-column-inner-69ea907a93733\" class=\"vc_column-inner vc_column-inner-nested\"><div class=\"wpb_wrapper\"><div  class=\"wpb_content_element   clearfix\"><style type=\"text\/css\">#ut_am_69ea907a93cc0 { opacity: 1; }#ut_am_wrap_69ea907a93cc1 .ut-animated-image-zoom::after { background: url(https:\/\/coelpla.com.ar\/wp-content\/uploads\/2022\/03\/21-AMARRE-PARA-CADENA-500x500-1.png); }#ut_am_wrap_69ea907a93cc1 { text-align: center; }@media (min-width: 768px) and (max-width: 1024px) { #ut_am_wrap_69ea907a93cc1 { text-align: center !important; } }@media (max-width: 767px) { #ut_am_wrap_69ea907a93cc1 { text-align: center !important; } }<\/style><div id=\"ut_am_wrap_69ea907a93cc1\" class=\"ut-image-gallery-image  ut-reveal-fx ut-element-with-block-reveal\"><div id=\"ut_reveal_69ea907a93cc2\" data-reveal-bgcolor=\"#000000\" data-reveal-direction=\"lr\" data-reveal-duration=\"750\" data-reveal-delay=\"250\" data-appear-top-offset=\"auto\" class=\"ut-animated-image-item ut-image-gallery-item ut-animation-done ut-reveal-fx-element ut-block-reveal-hide\"><a data-exthumbimage=\"https:\/\/coelpla.com.ar\/wp-content\/uploads\/2022\/03\/21-AMARRE-PARA-CADENA-500x500-1-200x200.png\" href=\"https:\/\/coelpla.com.ar\/wp-content\/uploads\/2022\/03\/21-AMARRE-PARA-CADENA-1920x780-1.png\" class=\"ut-vc-images-lightbox ut-wait-for-plugin\" data-title=\"\" data-caption=\"\" data-caption-color=\"\" data-caption-background=\"\" data-force-caption=\"on\"><div class=\"ut-animated-image-zoom\">\r\n        <div class=\"ut-element-glitch-wrap\">\r\n\r\n            \r\n        <style type=\"text\/css\">\r\n\r\n                        \r\n        @media (min-width: 1025px) {\r\n\r\n        #ut-element-glitch-69ea907a94770922758789-320 .ut-glitch-single-element {\r\n                                            \r\n                }\r\n        }\r\n\r\n        @media (min-width: 768px) and (max-width: 1024px) {\r\n\r\n        #ut-element-glitch-69ea907a94770922758789-320 .ut-glitch-single-element {\r\n                                                \r\n                    }\r\n        }\r\n\r\n        @media (max-width: 767px) {\r\n\r\n        #ut-element-glitch-69ea907a94770922758789-320 .ut-glitch-single-element {\r\n                                                \r\n                    }\r\n        }\r\n\r\n        \r\n        <\/style>\r\n\r\n        \r\n            <div id=\"ut-element-glitch-69ea907a94770922758789-320\" class=\"ut-element-glitch ut-glitch-none ut-element-glitch-permanent\">\r\n                <div class=\"ut-glitch-single-element ut-lozad skip-lazy\" data-background-image=\"https:\/\/coelpla.com.ar\/wp-content\/uploads\/2022\/03\/21-AMARRE-PARA-CADENA-500x500-1.png\"><\/div>\r\n                <div class=\"ut-glitch-single-element ut-lozad skip-lazy\" data-background-image=\"https:\/\/coelpla.com.ar\/wp-content\/uploads\/2022\/03\/21-AMARRE-PARA-CADENA-500x500-1.png\"><\/div>\r\n                <div class=\"ut-glitch-single-element ut-lozad skip-lazy\" data-background-image=\"https:\/\/coelpla.com.ar\/wp-content\/uploads\/2022\/03\/21-AMARRE-PARA-CADENA-500x500-1.png\"><\/div>\r\n                <div class=\"ut-glitch-single-element ut-lozad skip-lazy\" data-background-image=\"https:\/\/coelpla.com.ar\/wp-content\/uploads\/2022\/03\/21-AMARRE-PARA-CADENA-500x500-1.png\"><\/div>\r\n                <div class=\"ut-glitch-single-element ut-lozad skip-lazy\" data-background-image=\"https:\/\/coelpla.com.ar\/wp-content\/uploads\/2022\/03\/21-AMARRE-PARA-CADENA-500x500-1.png\"><\/div>\r\n            <\/div>\r\n\r\n        <\/div>\r\n\r\n        <img loading=\"lazy\" decoding=\"async\" class=\"ut-lazy skip-lazy ut-animated-image\"  id=\"ut_am_69ea907a93cc0\" src=\"data:image\/svg+xml;charset=utf-8,%3Csvg xmlns%3D'http%3A%2F%2Fwww.w3.org%2F2000%2Fsvg' viewBox%3D'0 0 500 500'%2F%3E\" data-src=\"https:\/\/coelpla.com.ar\/wp-content\/uploads\/2022\/03\/21-AMARRE-PARA-CADENA-500x500-1.png\" width=\"500\" height=\"500\" alt=\"AMARRE PARA CADENA DE COMPENSACION Y CABLES COMANDO REDONDOS\"\/><\/div><\/a><\/div><\/div><\/div><\/div><\/div><\/div><div  class=\"wpb_column vc_column_container vc_col-sm-6\"><div id=\"ut-column-inner-69ea907a94b1a\" class=\"vc_column-inner vc_column-inner-nested\"><div class=\"wpb_wrapper\"><style type=\"text\/css\">#ut_custom_heading69ea907a94c90 { font-family: \"Raleway\";font-weight:500;font-style:normal; }#ut_custom_heading69ea907a94c90 { font-size:20px !important; }#ut_custom_heading69ea907a94c90 { text-align:left; }@media (min-width: 768px) and (max-width: 1024px) { #ut_custom_heading69ea907a94c90 { text-align:left; } }@media (max-width: 767px) { #ut_custom_heading69ea907a94c90 { text-align:left; } }#ut_custom_heading69ea907a94c90 span { border-left-style:solid;border-left-color:#fe8b54;border-left-width:5px;padding-left:10px;display:inline-block; }<\/style><h3 id=\"ut_custom_heading69ea907a94c90\" data-responsive-font=\"h3\" data-responsive-font-settings=\"{&quot;base-font-size&quot;:&quot;global&quot;,&quot;font-size&quot;:{&quot;desktop_large&quot;:&quot;20&quot;},&quot;base-line-height&quot;:&quot;global&quot;,&quot;base-letter-spacing&quot;:&quot;global&quot;}\" class=\"ut-custom-heading-module\" ><span class=\"\" >General Characteristics<br \/>\n<\/span><\/h3><style type=\"text\/css\">#ut_custom_heading69ea907a94d30 { font-size:14px !important;line-height:28px !important; }#ut_custom_heading69ea907a94d30 { text-align:left; }@media (min-width: 768px) and (max-width: 1024px) { #ut_custom_heading69ea907a94d30 { text-align:left; } }@media (max-width: 767px) { #ut_custom_heading69ea907a94d30 { text-align:left; } }<\/style><p id=\"ut_custom_heading69ea907a94d30\" data-responsive-font=\"p\" data-responsive-font-settings=\"{&quot;base-font-size&quot;:&quot;global&quot;,&quot;font-size&quot;:{&quot;desktop_large&quot;:&quot;14&quot;},&quot;base-line-height&quot;:&quot;global&quot;,&quot;line-height&quot;:{&quot;desktop_large&quot;:&quot;28&quot;},&quot;base-letter-spacing&quot;:&quot;global&quot;}\" class=\"ut-custom-heading-module\" ><span class=\"\" >Built so tubular. <br \/>Distribute your grip strength in all its extension. <br \/>Being in the natural state, tether, has to be expanded to a larger diameter to be placed on the cables travelers or chains of compensation. <br \/>Later the mooring seeks to return to its natural state, exerting a compressive force radial on the cable. <br \/>Tether exerts the force in all its extension on the cable, in a positive way and permanently, without damage to the same. <br \/>The opposite occurs with clamps mechanical rigid that concentrated pressure to hold the cables or chains compensation coated on a small area, deforming and the possibility of damage to the cable. <br \/>Tie folding: This is closed around the cable by means of a cord or a bar of steel, This is used in cases where the tie is far from the end of the cable to hold it on.<\/span><\/p><\/div><\/div><\/div><\/div><\/div><\/div><\/div><\/div><div class=\"vc_row-full-width vc_clearfix\"><\/div><div id=\"ut-row-69ea907a955a6\" data-vc-full-width=\"true\" data-vc-full-width-init=\"false\" class=\"vc_row wpb_row vc_row-fluid vc_column-gap-0 ut-row-69ea907a955b5\" ><div class=\"wpb_column vc_column_container vc_col-sm-12\" ><div id=\"ut_inner_column_69ea907a95c08\" class=\"vc_column-inner\" ><div class=\"wpb_wrapper\"><div class=\"vc_empty_space\"   style=\"height: 40px\"><span class=\"vc_empty_space_inner\"><\/span><\/div><div  class=\"wpb_content_element   clearfix\"><style type=\"text\/css\">#ut_am_69ea907a961e4 { opacity: 1; }#ut_am_wrap_69ea907a961e6 { text-align: center; }@media (min-width: 768px) and (max-width: 1024px) { #ut_am_wrap_69ea907a961e6 { text-align: center !important; } }@media (max-width: 767px) { #ut_am_wrap_69ea907a961e6 { text-align: center !important; } }<\/style><div id=\"ut_am_wrap_69ea907a961e6\" class=\"ut-image-gallery-image  ut-reveal-fx ut-element-with-block-reveal\"><div id=\"ut_reveal_69ea907a961e7\" data-reveal-bgcolor=\"#000000\" data-reveal-direction=\"lr\" data-reveal-duration=\"750\" data-reveal-delay=\"250\" data-appear-top-offset=\"auto\" class=\"ut-animated-image-item ut-image-gallery-item ut-animation-done ut-reveal-fx-element ut-block-reveal-hide\"><a class=\"ut-deactivated-link\" href=\"#\"><div class=\"ut-animated-image-zoom\">\r\n        <div class=\"ut-element-glitch-wrap\">\r\n\r\n            \r\n        <style type=\"text\/css\">\r\n\r\n                        \r\n        @media (min-width: 1025px) {\r\n\r\n        #ut-element-glitch-69ea907a96217050943096-322 .ut-glitch-single-element {\r\n                                            \r\n                }\r\n        }\r\n\r\n        @media (min-width: 768px) and (max-width: 1024px) {\r\n\r\n        #ut-element-glitch-69ea907a96217050943096-322 .ut-glitch-single-element {\r\n                                                \r\n                    }\r\n        }\r\n\r\n        @media (max-width: 767px) {\r\n\r\n        #ut-element-glitch-69ea907a96217050943096-322 .ut-glitch-single-element {\r\n                                                \r\n                    }\r\n        }\r\n\r\n        \r\n        <\/style>\r\n\r\n        \r\n            <div id=\"ut-element-glitch-69ea907a96217050943096-322\" class=\"ut-element-glitch ut-glitch-none ut-element-glitch-permanent\">\r\n                <div class=\"ut-glitch-single-element ut-lozad skip-lazy\" data-background-image=\"https:\/\/coelpla.com.ar\/wp-content\/uploads\/2022\/03\/table-17.png\"><\/div>\r\n                <div class=\"ut-glitch-single-element ut-lozad skip-lazy\" data-background-image=\"https:\/\/coelpla.com.ar\/wp-content\/uploads\/2022\/03\/table-17.png\"><\/div>\r\n                <div class=\"ut-glitch-single-element ut-lozad skip-lazy\" data-background-image=\"https:\/\/coelpla.com.ar\/wp-content\/uploads\/2022\/03\/table-17.png\"><\/div>\r\n                <div class=\"ut-glitch-single-element ut-lozad skip-lazy\" data-background-image=\"https:\/\/coelpla.com.ar\/wp-content\/uploads\/2022\/03\/table-17.png\"><\/div>\r\n                <div class=\"ut-glitch-single-element ut-lozad skip-lazy\" data-background-image=\"https:\/\/coelpla.com.ar\/wp-content\/uploads\/2022\/03\/table-17.png\"><\/div>\r\n            <\/div>\r\n\r\n        <\/div>\r\n\r\n        <img loading=\"lazy\" decoding=\"async\" class=\"ut-lazy skip-lazy ut-animated-image\"  id=\"ut_am_69ea907a961e4\" src=\"data:image\/svg+xml;charset=utf-8,%3Csvg xmlns%3D'http%3A%2F%2Fwww.w3.org%2F2000%2Fsvg' viewBox%3D'0 0 782 238'%2F%3E\" data-src=\"https:\/\/coelpla.com.ar\/wp-content\/uploads\/2022\/03\/table-17.png\" width=\"782\" height=\"238\" alt=\"AMARRE PARA CADENA DE COMPENSACION Y CABLES COMANDO REDONDOS\"\/><\/div><\/a><\/div><\/div><\/div><\/div><\/div><\/div><\/div><div class=\"vc_row-full-width vc_clearfix\"><\/div><a data-id=\"section-without-id\" class=\"ut-vc-offset-anchor-bottom\" name=\"section-without-id\"><\/a><\/section><div class=\"vc_row-full-width vc_clearfix\"><\/div>\n<\/section>","protected":false},"excerpt":{"rendered":"AMARRE PARA CADENA DE COMPENSACI\u00d3N Y CABLES COMANDO REDONDOS Caracter\u00edsticas Generales Constru\u00eddos de manera tubular. Distribuyen su fuerza de sujeci\u00f3n en toda su extensi\u00f3n. Estando en estado natural, el amarre, tiene que ser ampliado a un di\u00e1metro m\u00e1s grande para ser colocado en los cables viajeros o cadenas de compensaci\u00f3n. Posteriormente el amarre procura volver [...]","protected":false},"author":1,"featured_media":0,"parent":0,"menu_order":0,"comment_status":"closed","ping_status":"closed","template":"","meta":{"_joinchat":[],"footnotes":""},"class_list":["post-316","page","type-page","status-publish","hentry"],"_links":{"self":[{"href":"https:\/\/coelpla.com.ar\/en\/wp-json\/wp\/v2\/pages\/316","targetHints":{"allow":["GET"]}}],"collection":[{"href":"https:\/\/coelpla.com.ar\/en\/wp-json\/wp\/v2\/pages"}],"about":[{"href":"https:\/\/coelpla.com.ar\/en\/wp-json\/wp\/v2\/types\/page"}],"author":[{"embeddable":true,"href":"https:\/\/coelpla.com.ar\/en\/wp-json\/wp\/v2\/users\/1"}],"replies":[{"embeddable":true,"href":"https:\/\/coelpla.com.ar\/en\/wp-json\/wp\/v2\/comments?post=316"}],"version-history":[{"count":4,"href":"https:\/\/coelpla.com.ar\/en\/wp-json\/wp\/v2\/pages\/316\/revisions"}],"predecessor-version":[{"id":323,"href":"https:\/\/coelpla.com.ar\/en\/wp-json\/wp\/v2\/pages\/316\/revisions\/323"}],"wp:attachment":[{"href":"https:\/\/coelpla.com.ar\/en\/wp-json\/wp\/v2\/media?parent=316"}],"curies":[{"name":"wp","href":"https:\/\/api.w.org\/{rel}","templated":true}]}}