{"id":292,"date":"2022-03-02T12:05:29","date_gmt":"2022-03-02T15:05:29","guid":{"rendered":"https:\/\/coelpla.com.ar\/?page_id=292"},"modified":"2022-03-02T14:34:32","modified_gmt":"2022-03-02T17:34:32","slug":"cadena-de-compensacion","status":"publish","type":"page","link":"https:\/\/coelpla.com.ar\/en\/cadena-de-compensacion\/","title":{"rendered":"STRING COMPENSATION"},"content":{"rendered":"<section class=\"wpb-content-wrapper\"><section id=\"ut-section-69ea88bcd6e07\" data-vc-full-width=\"true\" data-vc-full-width-init=\"false\" data-cursor-skin=\"global\" class=\"vc_section ut-vc-120 vc_section-has-no-fill ut-section-69ea88bcd6e2e\"><div id=\"ut-row-69ea88bcd7d8a\" data-vc-full-width=\"true\" data-vc-full-width-init=\"false\" class=\"vc_row wpb_row vc_row-fluid vc_column-gap-0 ut-row-69ea88bcd7da5\" ><div class=\"wpb_column vc_column_container vc_col-sm-12\" ><div id=\"ut_inner_column_69ea88bcd8ca4\" class=\"vc_column-inner\" ><div class=\"wpb_wrapper\"><style type=\"text\/css\">#ut_custom_heading69ea88bcd913c { font-family: \"Raleway\";font-weight:400;font-style:normal; }#ut_custom_heading69ea88bcd913c { font-size:35px !important; }#ut_custom_heading69ea88bcd913c { text-align:left; }@media (min-width: 768px) and (max-width: 1024px) { #ut_custom_heading69ea88bcd913c { text-align:left; } }@media (max-width: 767px) { #ut_custom_heading69ea88bcd913c { text-align:left; } }<\/style><h1 id=\"ut_custom_heading69ea88bcd913c\" data-responsive-font=\"h1\" data-responsive-font-settings=\"{&quot;base-font-size&quot;:&quot;global&quot;,&quot;font-size&quot;:{&quot;desktop_large&quot;:&quot;35&quot;},&quot;base-line-height&quot;:&quot;global&quot;,&quot;base-letter-spacing&quot;:&quot;global&quot;}\" class=\"ut-custom-heading-module\" ><span class=\"\" >STRING COMPENSATION<\/span><\/h1><div id=\"ut-row-inner-69ea88bcde620\" class=\"vc_row wpb_row vc_inner vc_row-fluid ut-row-inner-69ea88bcde63d\" ><div  class=\"wpb_column vc_column_container vc_col-sm-6\"><div id=\"ut-column-inner-69ea88bcdeaae\" class=\"vc_column-inner vc_column-inner-nested\"><div class=\"wpb_wrapper\"><div  class=\"wpb_content_element   clearfix\"><style type=\"text\/css\">#ut_am_69ea88bcdf10c { opacity: 1; }#ut_am_wrap_69ea88bcdf10e .ut-animated-image-zoom::after { background: url(https:\/\/coelpla.com.ar\/wp-content\/uploads\/2022\/03\/14-CADENA-DE-COMPENSACION-500x500-1.png); }#ut_am_wrap_69ea88bcdf10e { text-align: center; }@media (min-width: 768px) and (max-width: 1024px) { #ut_am_wrap_69ea88bcdf10e { text-align: center !important; } }@media (max-width: 767px) { #ut_am_wrap_69ea88bcdf10e { text-align: center !important; } }<\/style><div id=\"ut_am_wrap_69ea88bcdf10e\" class=\"ut-image-gallery-image  ut-reveal-fx ut-element-with-block-reveal\"><div id=\"ut_reveal_69ea88bcdf110\" data-reveal-bgcolor=\"#000000\" data-reveal-direction=\"lr\" data-reveal-duration=\"750\" data-reveal-delay=\"250\" data-appear-top-offset=\"auto\" class=\"ut-animated-image-item ut-image-gallery-item ut-animation-done ut-reveal-fx-element ut-block-reveal-hide\"><a data-exthumbimage=\"https:\/\/coelpla.com.ar\/wp-content\/uploads\/2022\/03\/14-CADENA-DE-COMPENSACION-500x500-1-200x200.png\" href=\"https:\/\/coelpla.com.ar\/wp-content\/uploads\/2022\/03\/14-CADENA-DE-COMPENSACION-500x500-1.png\" class=\"ut-vc-images-lightbox ut-wait-for-plugin\" data-title=\"\" data-caption=\"\" data-caption-color=\"\" data-caption-background=\"\" data-force-caption=\"on\"><div class=\"ut-animated-image-zoom\">\r\n        <div class=\"ut-element-glitch-wrap\">\r\n\r\n            \r\n        <style type=\"text\/css\">\r\n\r\n                        \r\n        @media (min-width: 1025px) {\r\n\r\n        #ut-element-glitch-69ea88bcdf863902632853-295 .ut-glitch-single-element {\r\n                                            \r\n                }\r\n        }\r\n\r\n        @media (min-width: 768px) and (max-width: 1024px) {\r\n\r\n        #ut-element-glitch-69ea88bcdf863902632853-295 .ut-glitch-single-element {\r\n                                                \r\n                    }\r\n        }\r\n\r\n        @media (max-width: 767px) {\r\n\r\n        #ut-element-glitch-69ea88bcdf863902632853-295 .ut-glitch-single-element {\r\n                                                \r\n                    }\r\n        }\r\n\r\n        \r\n        <\/style>\r\n\r\n        \r\n            <div id=\"ut-element-glitch-69ea88bcdf863902632853-295\" class=\"ut-element-glitch ut-glitch-none ut-element-glitch-permanent\">\r\n                <div class=\"ut-glitch-single-element ut-lozad skip-lazy\" data-background-image=\"https:\/\/coelpla.com.ar\/wp-content\/uploads\/2022\/03\/14-CADENA-DE-COMPENSACION-500x500-1.png\"><\/div>\r\n                <div class=\"ut-glitch-single-element ut-lozad skip-lazy\" data-background-image=\"https:\/\/coelpla.com.ar\/wp-content\/uploads\/2022\/03\/14-CADENA-DE-COMPENSACION-500x500-1.png\"><\/div>\r\n                <div class=\"ut-glitch-single-element ut-lozad skip-lazy\" data-background-image=\"https:\/\/coelpla.com.ar\/wp-content\/uploads\/2022\/03\/14-CADENA-DE-COMPENSACION-500x500-1.png\"><\/div>\r\n                <div class=\"ut-glitch-single-element ut-lozad skip-lazy\" data-background-image=\"https:\/\/coelpla.com.ar\/wp-content\/uploads\/2022\/03\/14-CADENA-DE-COMPENSACION-500x500-1.png\"><\/div>\r\n                <div class=\"ut-glitch-single-element ut-lozad skip-lazy\" data-background-image=\"https:\/\/coelpla.com.ar\/wp-content\/uploads\/2022\/03\/14-CADENA-DE-COMPENSACION-500x500-1.png\"><\/div>\r\n            <\/div>\r\n\r\n        <\/div>\r\n\r\n        <img loading=\"lazy\" decoding=\"async\" class=\"ut-lazy skip-lazy ut-animated-image\"  id=\"ut_am_69ea88bcdf10c\" src=\"data:image\/svg+xml;charset=utf-8,%3Csvg xmlns%3D'http%3A%2F%2Fwww.w3.org%2F2000%2Fsvg' viewBox%3D'0 0 500 500'%2F%3E\" data-src=\"https:\/\/coelpla.com.ar\/wp-content\/uploads\/2022\/03\/14-CADENA-DE-COMPENSACION-500x500-1.png\" width=\"500\" height=\"500\" alt=\"CADENA DE COMPENSACI\u00d3N\"\/><\/div><\/a><\/div><\/div><\/div><\/div><\/div><\/div><div  class=\"wpb_column vc_column_container vc_col-sm-6\"><div id=\"ut-column-inner-69ea88bcdfbc6\" class=\"vc_column-inner vc_column-inner-nested\"><div class=\"wpb_wrapper\"><style type=\"text\/css\">#ut_custom_heading69ea88bcdfd4b { font-family: \"Raleway\";font-weight:500;font-style:normal; }#ut_custom_heading69ea88bcdfd4b { font-size:20px !important; }#ut_custom_heading69ea88bcdfd4b { text-align:left; }@media (min-width: 768px) and (max-width: 1024px) { #ut_custom_heading69ea88bcdfd4b { text-align:left; } }@media (max-width: 767px) { #ut_custom_heading69ea88bcdfd4b { text-align:left; } }#ut_custom_heading69ea88bcdfd4b span { border-left-style:solid;border-left-color:#fe8b54;border-left-width:5px;padding-left:10px;display:inline-block; }<\/style><h3 id=\"ut_custom_heading69ea88bcdfd4b\" data-responsive-font=\"h3\" data-responsive-font-settings=\"{&quot;base-font-size&quot;:&quot;global&quot;,&quot;font-size&quot;:{&quot;desktop_large&quot;:&quot;20&quot;},&quot;base-line-height&quot;:&quot;global&quot;,&quot;base-letter-spacing&quot;:&quot;global&quot;}\" class=\"ut-custom-heading-module\" ><span class=\"\" >General Characteristics<\/span><\/h3><style type=\"text\/css\">#ut_custom_heading69ea88bcdfddf { font-size:14px !important;line-height:28px !important; }#ut_custom_heading69ea88bcdfddf { text-align:left; }@media (min-width: 768px) and (max-width: 1024px) { #ut_custom_heading69ea88bcdfddf { text-align:left; } }@media (max-width: 767px) { #ut_custom_heading69ea88bcdfddf { text-align:left; } }<\/style><p id=\"ut_custom_heading69ea88bcdfddf\" data-responsive-font=\"p\" data-responsive-font-settings=\"{&quot;base-font-size&quot;:&quot;global&quot;,&quot;font-size&quot;:{&quot;desktop_large&quot;:&quot;14&quot;},&quot;base-line-height&quot;:&quot;global&quot;,&quot;line-height&quot;:{&quot;desktop_large&quot;:&quot;28&quot;},&quot;base-letter-spacing&quot;:&quot;global&quot;}\" class=\"ut-custom-heading-module\" ><span class=\"\" >This string is filled with and covered in a sheath round exterior with a thermoplastic material extra - flexible.<br \/>\nThe compound, specially designed for the same, it has excellent mechanical properties, ensuring a long service life.<br \/>\nTheir use is aimed at speeds higher than 1.5 m\/sec and\/or long rides.<br \/>\nThe purpose of the chain of compensation is to balance the weight of the cables to traction, helping to maintain the balance of the lift and that their functioning, in starts and stops, is smooth.<\/span><\/p><style type=\"text\/css\">#ut_custom_heading69ea88bcdfe7a { font-family: \"Raleway\";font-weight:500;font-style:normal; }#ut_custom_heading69ea88bcdfe7a { font-size:20px !important; }#ut_custom_heading69ea88bcdfe7a { text-align:left; }@media (min-width: 768px) and (max-width: 1024px) { #ut_custom_heading69ea88bcdfe7a { text-align:left; } }@media (max-width: 767px) { #ut_custom_heading69ea88bcdfe7a { text-align:left; } }#ut_custom_heading69ea88bcdfe7a span { border-left-style:solid;border-left-color:#fe8b54;border-left-width:5px;padding-left:10px;display:inline-block; }<\/style><h3 id=\"ut_custom_heading69ea88bcdfe7a\" data-responsive-font=\"h3\" data-responsive-font-settings=\"{&quot;base-font-size&quot;:&quot;global&quot;,&quot;font-size&quot;:{&quot;desktop_large&quot;:&quot;20&quot;},&quot;base-line-height&quot;:&quot;global&quot;,&quot;base-letter-spacing&quot;:&quot;global&quot;}\" class=\"ut-custom-heading-module\" ><span class=\"\" >Conditioning<\/span><\/h3><style type=\"text\/css\">#ut_custom_heading69ea88bcdfeea { font-size:14px !important;line-height:28px !important; }#ut_custom_heading69ea88bcdfeea { text-align:left; }@media (min-width: 768px) and (max-width: 1024px) { #ut_custom_heading69ea88bcdfeea { text-align:left; } }@media (max-width: 767px) { #ut_custom_heading69ea88bcdfeea { text-align:left; } }<\/style><p id=\"ut_custom_heading69ea88bcdfeea\" data-responsive-font=\"p\" data-responsive-font-settings=\"{&quot;base-font-size&quot;:&quot;global&quot;,&quot;font-size&quot;:{&quot;desktop_large&quot;:&quot;14&quot;},&quot;base-line-height&quot;:&quot;global&quot;,&quot;line-height&quot;:{&quot;desktop_large&quot;:&quot;28&quot;},&quot;base-letter-spacing&quot;:&quot;global&quot;}\" class=\"ut-custom-heading-module\" ><span class=\"\" >Conditioning<\/span><\/p><\/div><\/div><\/div><\/div><\/div><\/div><\/div><\/div><div class=\"vc_row-full-width vc_clearfix\"><\/div><div id=\"ut-row-69ea88bce0803\" data-vc-full-width=\"true\" data-vc-full-width-init=\"false\" class=\"vc_row wpb_row vc_row-fluid vc_column-gap-0 ut-row-69ea88bce0812\" ><div class=\"wpb_column vc_column_container vc_col-sm-12\" ><div id=\"ut_inner_column_69ea88bce102e\" class=\"vc_column-inner\" ><div class=\"wpb_wrapper\"><div class=\"vc_empty_space\"   style=\"height: 40px\"><span class=\"vc_empty_space_inner\"><\/span><\/div><div  class=\"wpb_content_element   clearfix\"><style type=\"text\/css\">#ut_am_69ea88bce198f { opacity: 1; }#ut_am_wrap_69ea88bce1991 { text-align: center; }@media (min-width: 768px) and (max-width: 1024px) { #ut_am_wrap_69ea88bce1991 { text-align: center !important; } }@media (max-width: 767px) { #ut_am_wrap_69ea88bce1991 { text-align: center !important; } }<\/style><div id=\"ut_am_wrap_69ea88bce1991\" class=\"ut-image-gallery-image  ut-reveal-fx ut-element-with-block-reveal\"><div id=\"ut_reveal_69ea88bce1992\" data-reveal-bgcolor=\"#000000\" data-reveal-direction=\"lr\" data-reveal-duration=\"750\" data-reveal-delay=\"250\" data-appear-top-offset=\"auto\" class=\"ut-animated-image-item ut-image-gallery-item ut-animation-done ut-reveal-fx-element ut-block-reveal-hide\"><a class=\"ut-deactivated-link\" href=\"#\"><div class=\"ut-animated-image-zoom\">\r\n        <div class=\"ut-element-glitch-wrap\">\r\n\r\n            \r\n        <style type=\"text\/css\">\r\n\r\n                        \r\n        @media (min-width: 1025px) {\r\n\r\n        #ut-element-glitch-69ea88bce19eb992847264-299 .ut-glitch-single-element {\r\n                                            \r\n                }\r\n        }\r\n\r\n        @media (min-width: 768px) and (max-width: 1024px) {\r\n\r\n        #ut-element-glitch-69ea88bce19eb992847264-299 .ut-glitch-single-element {\r\n                                                \r\n                    }\r\n        }\r\n\r\n        @media (max-width: 767px) {\r\n\r\n        #ut-element-glitch-69ea88bce19eb992847264-299 .ut-glitch-single-element {\r\n                                                \r\n                    }\r\n        }\r\n\r\n        \r\n        <\/style>\r\n\r\n        \r\n            <div id=\"ut-element-glitch-69ea88bce19eb992847264-299\" class=\"ut-element-glitch ut-glitch-none ut-element-glitch-permanent\">\r\n                <div class=\"ut-glitch-single-element ut-lozad skip-lazy\" data-background-image=\"https:\/\/coelpla.com.ar\/wp-content\/uploads\/2022\/03\/table-14.png\"><\/div>\r\n                <div class=\"ut-glitch-single-element ut-lozad skip-lazy\" data-background-image=\"https:\/\/coelpla.com.ar\/wp-content\/uploads\/2022\/03\/table-14.png\"><\/div>\r\n                <div class=\"ut-glitch-single-element ut-lozad skip-lazy\" data-background-image=\"https:\/\/coelpla.com.ar\/wp-content\/uploads\/2022\/03\/table-14.png\"><\/div>\r\n                <div class=\"ut-glitch-single-element ut-lozad skip-lazy\" data-background-image=\"https:\/\/coelpla.com.ar\/wp-content\/uploads\/2022\/03\/table-14.png\"><\/div>\r\n                <div class=\"ut-glitch-single-element ut-lozad skip-lazy\" data-background-image=\"https:\/\/coelpla.com.ar\/wp-content\/uploads\/2022\/03\/table-14.png\"><\/div>\r\n            <\/div>\r\n\r\n        <\/div>\r\n\r\n        <img loading=\"lazy\" decoding=\"async\" class=\"ut-lazy skip-lazy ut-animated-image\"  id=\"ut_am_69ea88bce198f\" src=\"data:image\/svg+xml;charset=utf-8,%3Csvg xmlns%3D'http%3A%2F%2Fwww.w3.org%2F2000%2Fsvg' viewBox%3D'0 0 768 231'%2F%3E\" data-src=\"https:\/\/coelpla.com.ar\/wp-content\/uploads\/2022\/03\/table-14.png\" width=\"768\" height=\"231\" alt=\"CADENA DE COMPENSACION\"\/><\/div><\/a><\/div><\/div><\/div><\/div><\/div><\/div><\/div><div class=\"vc_row-full-width vc_clearfix\"><\/div><a data-id=\"section-without-id\" class=\"ut-vc-offset-anchor-bottom\" name=\"section-without-id\"><\/a><\/section><div class=\"vc_row-full-width vc_clearfix\"><\/div>\n<\/section>","protected":false},"excerpt":{"rendered":"CADENA DE COMPENSACI\u00d3N Caracter\u00edsticas GeneralesEsta cadena est\u00e1 llena y recubierta por una vaina redonda exterior con un material termopl\u00e1stico extrafle- xible. Dicho compuesto, especialmente dise\u00f1ado para la misma, posee excelentes propiedades mec\u00e1nicas, garantizando una larga vida \u00fatil. Su uso est\u00e1 dirigido a velocidades superiores a 1.5 m\/seg y\/o recorridos largos. El prop\u00f3sito de la cadena [...]","protected":false},"author":1,"featured_media":0,"parent":0,"menu_order":0,"comment_status":"closed","ping_status":"closed","template":"","meta":{"_joinchat":[],"footnotes":""},"class_list":["post-292","page","type-page","status-publish","hentry"],"_links":{"self":[{"href":"https:\/\/coelpla.com.ar\/en\/wp-json\/wp\/v2\/pages\/292","targetHints":{"allow":["GET"]}}],"collection":[{"href":"https:\/\/coelpla.com.ar\/en\/wp-json\/wp\/v2\/pages"}],"about":[{"href":"https:\/\/coelpla.com.ar\/en\/wp-json\/wp\/v2\/types\/page"}],"author":[{"embeddable":true,"href":"https:\/\/coelpla.com.ar\/en\/wp-json\/wp\/v2\/users\/1"}],"replies":[{"embeddable":true,"href":"https:\/\/coelpla.com.ar\/en\/wp-json\/wp\/v2\/comments?post=292"}],"version-history":[{"count":6,"href":"https:\/\/coelpla.com.ar\/en\/wp-json\/wp\/v2\/pages\/292\/revisions"}],"predecessor-version":[{"id":301,"href":"https:\/\/coelpla.com.ar\/en\/wp-json\/wp\/v2\/pages\/292\/revisions\/301"}],"wp:attachment":[{"href":"https:\/\/coelpla.com.ar\/en\/wp-json\/wp\/v2\/media?parent=292"}],"curies":[{"name":"wp","href":"https:\/\/api.w.org\/{rel}","templated":true}]}}