{"id":282,"date":"2022-03-02T11:05:25","date_gmt":"2022-03-02T14:05:25","guid":{"rendered":"https:\/\/coelpla.com.ar\/?page_id=282"},"modified":"2022-03-02T12:00:37","modified_gmt":"2022-03-02T15:00:37","slug":"cable-plano-para-puentes-grua","status":"publish","type":"page","link":"https:\/\/coelpla.com.ar\/en\/cable-plano-para-puentes-grua\/","title":{"rendered":"FLAT CABLE FOR CRANE"},"content":{"rendered":"<section class=\"wpb-content-wrapper\"><section id=\"ut-section-69eaa155188e5\" data-vc-full-width=\"true\" data-vc-full-width-init=\"false\" data-cursor-skin=\"global\" class=\"vc_section ut-vc-120 vc_section-has-no-fill ut-section-69eaa155188fc\"><div id=\"ut-row-69eaa15519353\" data-vc-full-width=\"true\" data-vc-full-width-init=\"false\" class=\"vc_row wpb_row vc_row-fluid vc_column-gap-0 ut-row-69eaa15519364\" ><div class=\"wpb_column vc_column_container vc_col-sm-12\" ><div id=\"ut_inner_column_69eaa15519dd2\" class=\"vc_column-inner\" ><div class=\"wpb_wrapper\"><style type=\"text\/css\">#ut_custom_heading69eaa1551a0e3 { font-family: \"Raleway\";font-weight:400;font-style:normal; }#ut_custom_heading69eaa1551a0e3 { font-size:35px !important; }#ut_custom_heading69eaa1551a0e3 { text-align:left; }@media (min-width: 768px) and (max-width: 1024px) { #ut_custom_heading69eaa1551a0e3 { text-align:left; } }@media (max-width: 767px) { #ut_custom_heading69eaa1551a0e3 { text-align:left; } }<\/style><h1 id=\"ut_custom_heading69eaa1551a0e3\" data-responsive-font=\"h1\" data-responsive-font-settings=\"{&quot;base-font-size&quot;:&quot;global&quot;,&quot;font-size&quot;:{&quot;desktop_large&quot;:&quot;35&quot;},&quot;base-line-height&quot;:&quot;global&quot;,&quot;base-letter-spacing&quot;:&quot;global&quot;}\" class=\"ut-custom-heading-module\" ><span class=\"\" >FLAT CABLE FOR CRANE<\/span><\/h1><div id=\"ut-row-inner-69eaa1551e5c5\" class=\"vc_row wpb_row vc_inner vc_row-fluid ut-row-inner-69eaa1551e5dd\" ><div  class=\"wpb_column vc_column_container vc_col-sm-6\"><div id=\"ut-column-inner-69eaa1551ea55\" class=\"vc_column-inner vc_column-inner-nested\"><div class=\"wpb_wrapper\"><div  class=\"wpb_content_element   clearfix\"><style type=\"text\/css\">#ut_am_69eaa1551fb25 { opacity: 1; }#ut_am_wrap_69eaa1551fb26 { text-align: center; }@media (min-width: 768px) and (max-width: 1024px) { #ut_am_wrap_69eaa1551fb26 { text-align: center !important; } }@media (max-width: 767px) { #ut_am_wrap_69eaa1551fb26 { text-align: center !important; } }<\/style><div id=\"ut_am_wrap_69eaa1551fb26\" class=\"ut-image-gallery-image  ut-reveal-fx ut-element-with-block-reveal\"><div id=\"ut_reveal_69eaa1551fb27\" data-reveal-bgcolor=\"#000000\" data-reveal-direction=\"lr\" data-reveal-duration=\"750\" data-reveal-delay=\"200\" data-appear-top-offset=\"auto\" class=\"ut-animated-image-item ut-image-gallery-item ut-animation-done ut-reveal-fx-element ut-block-reveal-hide\"><a class=\"ut-deactivated-link\" href=\"#\"><div class=\"ut-animated-image-zoom\">\r\n        <div class=\"ut-element-glitch-wrap\">\r\n\r\n            \r\n        <style type=\"text\/css\">\r\n\r\n                        \r\n        @media (min-width: 1025px) {\r\n\r\n        #ut-element-glitch-69eaa1551fb76313092222-285 .ut-glitch-single-element {\r\n                                            \r\n                }\r\n        }\r\n\r\n        @media (min-width: 768px) and (max-width: 1024px) {\r\n\r\n        #ut-element-glitch-69eaa1551fb76313092222-285 .ut-glitch-single-element {\r\n                                                \r\n                    }\r\n        }\r\n\r\n        @media (max-width: 767px) {\r\n\r\n        #ut-element-glitch-69eaa1551fb76313092222-285 .ut-glitch-single-element {\r\n                                                \r\n                    }\r\n        }\r\n\r\n        \r\n        <\/style>\r\n\r\n        \r\n            <div id=\"ut-element-glitch-69eaa1551fb76313092222-285\" class=\"ut-element-glitch ut-glitch-none ut-element-glitch-permanent\">\r\n                <div class=\"ut-glitch-single-element ut-lozad skip-lazy\" data-background-image=\"https:\/\/coelpla.com.ar\/wp-content\/uploads\/2022\/03\/CABLE-PLANO-PARA-PUENTES-GRUA-500x500-1.png\"><\/div>\r\n                <div class=\"ut-glitch-single-element ut-lozad skip-lazy\" data-background-image=\"https:\/\/coelpla.com.ar\/wp-content\/uploads\/2022\/03\/CABLE-PLANO-PARA-PUENTES-GRUA-500x500-1.png\"><\/div>\r\n                <div class=\"ut-glitch-single-element ut-lozad skip-lazy\" data-background-image=\"https:\/\/coelpla.com.ar\/wp-content\/uploads\/2022\/03\/CABLE-PLANO-PARA-PUENTES-GRUA-500x500-1.png\"><\/div>\r\n                <div class=\"ut-glitch-single-element ut-lozad skip-lazy\" data-background-image=\"https:\/\/coelpla.com.ar\/wp-content\/uploads\/2022\/03\/CABLE-PLANO-PARA-PUENTES-GRUA-500x500-1.png\"><\/div>\r\n                <div class=\"ut-glitch-single-element ut-lozad skip-lazy\" data-background-image=\"https:\/\/coelpla.com.ar\/wp-content\/uploads\/2022\/03\/CABLE-PLANO-PARA-PUENTES-GRUA-500x500-1.png\"><\/div>\r\n            <\/div>\r\n\r\n        <\/div>\r\n\r\n        <img loading=\"lazy\" decoding=\"async\" class=\"ut-lazy skip-lazy ut-animated-image\"  id=\"ut_am_69eaa1551fb25\" src=\"data:image\/svg+xml;charset=utf-8,%3Csvg xmlns%3D'http%3A%2F%2Fwww.w3.org%2F2000%2Fsvg' viewBox%3D'0 0 500 500'%2F%3E\" data-src=\"https:\/\/coelpla.com.ar\/wp-content\/uploads\/2022\/03\/CABLE-PLANO-PARA-PUENTES-GRUA-500x500-1.png\" width=\"500\" height=\"500\" alt=\"CABLE PLANO PARA PUENTES GR\u00daA\"\/><\/div><\/a><\/div><\/div><\/div><\/div><\/div><\/div><div  class=\"wpb_column vc_column_container vc_col-sm-6\"><div id=\"ut-column-inner-69eaa1551ff3f\" class=\"vc_column-inner vc_column-inner-nested\"><div class=\"wpb_wrapper\"><style type=\"text\/css\">#ut_custom_heading69eaa155200d1 { font-family: \"Raleway\";font-weight:500;font-style:normal; }#ut_custom_heading69eaa155200d1 { font-size:20px !important; }#ut_custom_heading69eaa155200d1 { text-align:left; }@media (min-width: 768px) and (max-width: 1024px) { #ut_custom_heading69eaa155200d1 { text-align:left; } }@media (max-width: 767px) { #ut_custom_heading69eaa155200d1 { text-align:left; } }#ut_custom_heading69eaa155200d1 span { border-left-style:solid;border-left-color:#fe8b54;border-left-width:5px;padding-left:10px;display:inline-block; }<\/style><h3 id=\"ut_custom_heading69eaa155200d1\" data-responsive-font=\"h3\" data-responsive-font-settings=\"{&quot;base-font-size&quot;:&quot;global&quot;,&quot;font-size&quot;:{&quot;desktop_large&quot;:&quot;20&quot;},&quot;base-line-height&quot;:&quot;global&quot;,&quot;base-letter-spacing&quot;:&quot;global&quot;}\" class=\"ut-custom-heading-module\" ><span class=\"\" >Identification<\/span><\/h3><style type=\"text\/css\">#ut_custom_heading69eaa155201a9 { font-size:14px !important;line-height:28px !important; }#ut_custom_heading69eaa155201a9 { text-align:left; }@media (min-width: 768px) and (max-width: 1024px) { #ut_custom_heading69eaa155201a9 { text-align:left; } }@media (max-width: 767px) { #ut_custom_heading69eaa155201a9 { text-align:left; } }<\/style><p id=\"ut_custom_heading69eaa155201a9\" data-responsive-font=\"p\" data-responsive-font-settings=\"{&quot;base-font-size&quot;:&quot;global&quot;,&quot;font-size&quot;:{&quot;desktop_large&quot;:&quot;14&quot;},&quot;base-line-height&quot;:&quot;global&quot;,&quot;line-height&quot;:{&quot;desktop_large&quot;:&quot;28&quot;},&quot;base-letter-spacing&quot;:&quot;global&quot;}\" class=\"ut-custom-heading-module\" ><span class=\"\" >The drivers are grouped into cells and numbered cor - relatively. <br \/>Insulated PVC flexible, anti-flame and sheath outer semi-rubber composite PVC and rubber, black color. <br \/>Imprinted on the same brand COELPLA, section, number of conductors, voltage, country of origin, and feet marked in a sequential way. <br \/>Based on the specifications according to IEC standards No. 60227-6-71F.<\/span><\/p><style type=\"text\/css\">#ut_custom_heading69eaa15520268 { font-family: \"Raleway\";font-weight:500;font-style:normal; }#ut_custom_heading69eaa15520268 { font-size:20px !important; }#ut_custom_heading69eaa15520268 { text-align:left; }@media (min-width: 768px) and (max-width: 1024px) { #ut_custom_heading69eaa15520268 { text-align:left; } }@media (max-width: 767px) { #ut_custom_heading69eaa15520268 { text-align:left; } }#ut_custom_heading69eaa15520268 span { border-left-style:solid;border-left-color:#fe8b54;border-left-width:5px;padding-left:10px;display:inline-block; }<\/style><h3 id=\"ut_custom_heading69eaa15520268\" data-responsive-font=\"h3\" data-responsive-font-settings=\"{&quot;base-font-size&quot;:&quot;global&quot;,&quot;font-size&quot;:{&quot;desktop_large&quot;:&quot;20&quot;},&quot;base-line-height&quot;:&quot;global&quot;,&quot;base-letter-spacing&quot;:&quot;global&quot;}\" class=\"ut-custom-heading-module\" ><span class=\"\" >Electrical characteristics<br \/>\n<\/span><\/h3><style type=\"text\/css\">#ut_custom_heading69eaa155202d9 { font-size:14px !important;line-height:28px !important; }#ut_custom_heading69eaa155202d9 { text-align:left; }@media (min-width: 768px) and (max-width: 1024px) { #ut_custom_heading69eaa155202d9 { text-align:left; } }@media (max-width: 767px) { #ut_custom_heading69eaa155202d9 { text-align:left; } }<\/style><p id=\"ut_custom_heading69eaa155202d9\" data-responsive-font=\"p\" data-responsive-font-settings=\"{&quot;base-font-size&quot;:&quot;global&quot;,&quot;font-size&quot;:{&quot;desktop_large&quot;:&quot;14&quot;},&quot;base-line-height&quot;:&quot;global&quot;,&quot;line-height&quot;:{&quot;desktop_large&quot;:&quot;28&quot;},&quot;base-letter-spacing&quot;:&quot;global&quot;}\" class=\"ut-custom-heading-module\" ><span class=\"\" >Rated voltage: 450\/750 V<\/span><\/p><style type=\"text\/css\">#ut_custom_heading69eaa15520368 { font-family: \"Raleway\";font-weight:500;font-style:normal; }#ut_custom_heading69eaa15520368 { font-size:20px !important; }#ut_custom_heading69eaa15520368 { text-align:left; }@media (min-width: 768px) and (max-width: 1024px) { #ut_custom_heading69eaa15520368 { text-align:left; } }@media (max-width: 767px) { #ut_custom_heading69eaa15520368 { text-align:left; } }#ut_custom_heading69eaa15520368 span { border-left-style:solid;border-left-color:#fe8b54;border-left-width:5px;padding-left:10px;display:inline-block; }<\/style><h3 id=\"ut_custom_heading69eaa15520368\" data-responsive-font=\"h3\" data-responsive-font-settings=\"{&quot;base-font-size&quot;:&quot;global&quot;,&quot;font-size&quot;:{&quot;desktop_large&quot;:&quot;20&quot;},&quot;base-line-height&quot;:&quot;global&quot;,&quot;base-letter-spacing&quot;:&quot;global&quot;}\" class=\"ut-custom-heading-module\" ><span class=\"\" >Mechanical Characteristics<br \/>\n<\/span><\/h3><style type=\"text\/css\">#ut_custom_heading69eaa155203d4 { font-size:14px !important;line-height:28px !important; }#ut_custom_heading69eaa155203d4 { text-align:left; }@media (min-width: 768px) and (max-width: 1024px) { #ut_custom_heading69eaa155203d4 { text-align:left; } }@media (max-width: 767px) { #ut_custom_heading69eaa155203d4 { text-align:left; } }<\/style><p id=\"ut_custom_heading69eaa155203d4\" data-responsive-font=\"p\" data-responsive-font-settings=\"{&quot;base-font-size&quot;:&quot;global&quot;,&quot;font-size&quot;:{&quot;desktop_large&quot;:&quot;14&quot;},&quot;base-line-height&quot;:&quot;global&quot;,&quot;line-height&quot;:{&quot;desktop_large&quot;:&quot;28&quot;},&quot;base-letter-spacing&quot;:&quot;global&quot;}\" class=\"ut-custom-heading-module\" ><span class=\"\" >Bend radius: 10 times of its thickness.<\/span><\/p><style type=\"text\/css\">#ut_custom_heading69eaa15520460 { font-family: \"Raleway\";font-weight:500;font-style:normal; }#ut_custom_heading69eaa15520460 { font-size:20px !important; }#ut_custom_heading69eaa15520460 { text-align:left; }@media (min-width: 768px) and (max-width: 1024px) { #ut_custom_heading69eaa15520460 { text-align:left; } }@media (max-width: 767px) { #ut_custom_heading69eaa15520460 { text-align:left; } }#ut_custom_heading69eaa15520460 span { border-left-style:solid;border-left-color:#fe8b54;border-left-width:5px;padding-left:10px;display:inline-block; }<\/style><h3 id=\"ut_custom_heading69eaa15520460\" data-responsive-font=\"h3\" data-responsive-font-settings=\"{&quot;base-font-size&quot;:&quot;global&quot;,&quot;font-size&quot;:{&quot;desktop_large&quot;:&quot;20&quot;},&quot;base-line-height&quot;:&quot;global&quot;,&quot;base-letter-spacing&quot;:&quot;global&quot;}\" class=\"ut-custom-heading-module\" ><span class=\"\" >Uses<\/span><\/h3><style type=\"text\/css\">#ut_custom_heading69eaa155204c8 { font-size:14px !important;line-height:28px !important; }#ut_custom_heading69eaa155204c8 { text-align:left; }@media (min-width: 768px) and (max-width: 1024px) { #ut_custom_heading69eaa155204c8 { text-align:left; } }@media (max-width: 767px) { #ut_custom_heading69eaa155204c8 { text-align:left; } }<\/style><p id=\"ut_custom_heading69eaa155204c8\" data-responsive-font=\"p\" data-responsive-font-settings=\"{&quot;base-font-size&quot;:&quot;global&quot;,&quot;font-size&quot;:{&quot;desktop_large&quot;:&quot;14&quot;},&quot;base-line-height&quot;:&quot;global&quot;,&quot;line-height&quot;:{&quot;desktop_large&quot;:&quot;28&quot;},&quot;base-letter-spacing&quot;:&quot;global&quot;}\" class=\"ut-custom-heading-module\" ><span class=\"\" >Cables command overhead Crane; Systems-FES - TOON; conveyors; power and control of mobile machines in general.<\/span><\/p><style type=\"text\/css\">#ut_custom_heading69eaa15520550 { font-family: \"Raleway\";font-weight:500;font-style:normal; }#ut_custom_heading69eaa15520550 { font-size:20px !important; }#ut_custom_heading69eaa15520550 { text-align:left; }@media (min-width: 768px) and (max-width: 1024px) { #ut_custom_heading69eaa15520550 { text-align:left; } }@media (max-width: 767px) { #ut_custom_heading69eaa15520550 { text-align:left; } }#ut_custom_heading69eaa15520550 span { border-left-style:solid;border-left-color:#fe8b54;border-left-width:5px;padding-left:10px;display:inline-block; }<\/style><h3 id=\"ut_custom_heading69eaa15520550\" data-responsive-font=\"h3\" data-responsive-font-settings=\"{&quot;base-font-size&quot;:&quot;global&quot;,&quot;font-size&quot;:{&quot;desktop_large&quot;:&quot;20&quot;},&quot;base-line-height&quot;:&quot;global&quot;,&quot;base-letter-spacing&quot;:&quot;global&quot;}\" class=\"ut-custom-heading-module\" ><span class=\"\" >Conditioning<\/span><\/h3><style type=\"text\/css\">#ut_custom_heading69eaa155205cb { font-size:14px !important;line-height:28px !important; }#ut_custom_heading69eaa155205cb { text-align:left; }@media (min-width: 768px) and (max-width: 1024px) { #ut_custom_heading69eaa155205cb { text-align:left; } }@media (max-width: 767px) { #ut_custom_heading69eaa155205cb { text-align:left; } }<\/style><p id=\"ut_custom_heading69eaa155205cb\" data-responsive-font=\"p\" data-responsive-font-settings=\"{&quot;base-font-size&quot;:&quot;global&quot;,&quot;font-size&quot;:{&quot;desktop_large&quot;:&quot;14&quot;},&quot;base-line-height&quot;:&quot;global&quot;,&quot;line-height&quot;:{&quot;desktop_large&quot;:&quot;28&quot;},&quot;base-letter-spacing&quot;:&quot;global&quot;}\" class=\"ut-custom-heading-module\" ><span class=\"\" >In coils.<\/span><\/p><\/div><\/div><\/div><\/div><\/div><\/div><\/div><\/div><div class=\"vc_row-full-width vc_clearfix\"><\/div><div id=\"ut-row-69eaa15521bd9\" data-vc-full-width=\"true\" data-vc-full-width-init=\"false\" class=\"vc_row wpb_row vc_row-fluid vc_column-gap-0 ut-row-69eaa15521bef\" ><div class=\"wpb_column vc_column_container vc_col-sm-12\" ><div id=\"ut_inner_column_69eaa15522345\" class=\"vc_column-inner\" ><div class=\"wpb_wrapper\"><div class=\"vc_empty_space\"   style=\"height: 40px\"><span class=\"vc_empty_space_inner\"><\/span><\/div><div  class=\"wpb_content_element   clearfix\"><style type=\"text\/css\">#ut_am_69eaa15522a8d { opacity: 1; }#ut_am_wrap_69eaa15522a8e { text-align: center; }@media (min-width: 768px) and (max-width: 1024px) { #ut_am_wrap_69eaa15522a8e { text-align: center !important; } }@media (max-width: 767px) { #ut_am_wrap_69eaa15522a8e { text-align: center !important; } }<\/style><div id=\"ut_am_wrap_69eaa15522a8e\" class=\"ut-image-gallery-image  ut-reveal-fx ut-element-with-block-reveal\"><div id=\"ut_reveal_69eaa15522a8f\" data-reveal-bgcolor=\"#000000\" data-reveal-direction=\"lr\" data-reveal-duration=\"750\" data-reveal-delay=\"250\" data-appear-top-offset=\"auto\" class=\"ut-animated-image-item ut-image-gallery-item ut-animation-done ut-reveal-fx-element ut-block-reveal-hide\"><a class=\"ut-deactivated-link\" href=\"#\"><div class=\"ut-animated-image-zoom\">\r\n        <div class=\"ut-element-glitch-wrap\">\r\n\r\n            \r\n        <style type=\"text\/css\">\r\n\r\n                        \r\n        @media (min-width: 1025px) {\r\n\r\n        #ut-element-glitch-69eaa15522acb566665172-288 .ut-glitch-single-element {\r\n                                            \r\n                }\r\n        }\r\n\r\n        @media (min-width: 768px) and (max-width: 1024px) {\r\n\r\n        #ut-element-glitch-69eaa15522acb566665172-288 .ut-glitch-single-element {\r\n                                                \r\n                    }\r\n        }\r\n\r\n        @media (max-width: 767px) {\r\n\r\n        #ut-element-glitch-69eaa15522acb566665172-288 .ut-glitch-single-element {\r\n                                                \r\n                    }\r\n        }\r\n\r\n        \r\n        <\/style>\r\n\r\n        \r\n            <div id=\"ut-element-glitch-69eaa15522acb566665172-288\" class=\"ut-element-glitch ut-glitch-none ut-element-glitch-permanent\">\r\n                <div class=\"ut-glitch-single-element ut-lozad skip-lazy\" data-background-image=\"https:\/\/coelpla.com.ar\/wp-content\/uploads\/2022\/03\/table-13.png\"><\/div>\r\n                <div class=\"ut-glitch-single-element ut-lozad skip-lazy\" data-background-image=\"https:\/\/coelpla.com.ar\/wp-content\/uploads\/2022\/03\/table-13.png\"><\/div>\r\n                <div class=\"ut-glitch-single-element ut-lozad skip-lazy\" data-background-image=\"https:\/\/coelpla.com.ar\/wp-content\/uploads\/2022\/03\/table-13.png\"><\/div>\r\n                <div class=\"ut-glitch-single-element ut-lozad skip-lazy\" data-background-image=\"https:\/\/coelpla.com.ar\/wp-content\/uploads\/2022\/03\/table-13.png\"><\/div>\r\n                <div class=\"ut-glitch-single-element ut-lozad skip-lazy\" data-background-image=\"https:\/\/coelpla.com.ar\/wp-content\/uploads\/2022\/03\/table-13.png\"><\/div>\r\n            <\/div>\r\n\r\n        <\/div>\r\n\r\n        <img loading=\"lazy\" decoding=\"async\" class=\"ut-lazy skip-lazy ut-animated-image\"  id=\"ut_am_69eaa15522a8d\" src=\"data:image\/svg+xml;charset=utf-8,%3Csvg xmlns%3D'http%3A%2F%2Fwww.w3.org%2F2000%2Fsvg' viewBox%3D'0 0 760 424'%2F%3E\" data-src=\"https:\/\/coelpla.com.ar\/wp-content\/uploads\/2022\/03\/table-13.png\" width=\"760\" height=\"424\" alt=\"CABLE PLANO PARA PUENTES GRUA\"\/><\/div><\/a><\/div><\/div><\/div><\/div><\/div><\/div><\/div><div class=\"vc_row-full-width vc_clearfix\"><\/div><a data-id=\"section-without-id\" class=\"ut-vc-offset-anchor-bottom\" name=\"section-without-id\"><\/a><\/section><div class=\"vc_row-full-width vc_clearfix\"><\/div>\n<\/section>","protected":false},"excerpt":{"rendered":"CABLE PLANO PARA PUENTES GR\u00daA Identificaci\u00f3nLos conductores son agrupados en celdas y numerados cor- relativamente. Aislados en PVC flexible anti-llama y vaina exterior semi-goma compuesta de PVC y caucho de color negro. LLeva impresa sobre la misma la marca COELPLA, secci\u00f3n, cantidad de conductores, tensi\u00f3n, pa\u00eds de origen y metros marcados en forma secuencial. Basadas [...]","protected":false},"author":1,"featured_media":0,"parent":0,"menu_order":0,"comment_status":"closed","ping_status":"closed","template":"","meta":{"_joinchat":[],"footnotes":""},"class_list":["post-282","page","type-page","status-publish","hentry"],"_links":{"self":[{"href":"https:\/\/coelpla.com.ar\/en\/wp-json\/wp\/v2\/pages\/282","targetHints":{"allow":["GET"]}}],"collection":[{"href":"https:\/\/coelpla.com.ar\/en\/wp-json\/wp\/v2\/pages"}],"about":[{"href":"https:\/\/coelpla.com.ar\/en\/wp-json\/wp\/v2\/types\/page"}],"author":[{"embeddable":true,"href":"https:\/\/coelpla.com.ar\/en\/wp-json\/wp\/v2\/users\/1"}],"replies":[{"embeddable":true,"href":"https:\/\/coelpla.com.ar\/en\/wp-json\/wp\/v2\/comments?post=282"}],"version-history":[{"count":5,"href":"https:\/\/coelpla.com.ar\/en\/wp-json\/wp\/v2\/pages\/282\/revisions"}],"predecessor-version":[{"id":289,"href":"https:\/\/coelpla.com.ar\/en\/wp-json\/wp\/v2\/pages\/282\/revisions\/289"}],"wp:attachment":[{"href":"https:\/\/coelpla.com.ar\/en\/wp-json\/wp\/v2\/media?parent=282"}],"curies":[{"name":"wp","href":"https:\/\/api.w.org\/{rel}","templated":true}]}}