{"id":269,"date":"2022-03-02T10:22:53","date_gmt":"2022-03-02T13:22:53","guid":{"rendered":"https:\/\/coelpla.com.ar\/?page_id=269"},"modified":"2022-03-02T11:00:15","modified_gmt":"2022-03-02T14:00:15","slug":"cable-comando-botonera-para-puentes-grua-con-soporte-de-acero","status":"publish","type":"page","link":"https:\/\/coelpla.com.ar\/en\/cable-comando-botonera-para-puentes-grua-con-soporte-de-acero\/","title":{"rendered":"CABLE COMMAND ENTRY DEVICE FOR CRANE WITH STEEL BRACKET"},"content":{"rendered":"<section class=\"wpb-content-wrapper\"><section id=\"ut-section-69eaa1702fae4\" data-vc-full-width=\"true\" data-vc-full-width-init=\"false\" data-cursor-skin=\"global\" class=\"vc_section ut-vc-120 vc_section-has-no-fill ut-section-69eaa1702faf7\"><div id=\"ut-row-69eaa170303ce\" data-vc-full-width=\"true\" data-vc-full-width-init=\"false\" class=\"vc_row wpb_row vc_row-fluid vc_column-gap-0 ut-row-69eaa170303dd\" ><div class=\"wpb_column vc_column_container vc_col-sm-12\" ><div id=\"ut_inner_column_69eaa17030c5e\" class=\"vc_column-inner\" ><div class=\"wpb_wrapper\"><style type=\"text\/css\">#ut_custom_heading69eaa17030f4f { font-family: \"Raleway\";font-weight:400;font-style:normal; }#ut_custom_heading69eaa17030f4f { font-size:35px !important; }#ut_custom_heading69eaa17030f4f { text-align:left; }@media (min-width: 768px) and (max-width: 1024px) { #ut_custom_heading69eaa17030f4f { text-align:left; } }@media (max-width: 767px) { #ut_custom_heading69eaa17030f4f { text-align:left; } }<\/style><h1 id=\"ut_custom_heading69eaa17030f4f\" data-responsive-font=\"h1\" data-responsive-font-settings=\"{&quot;base-font-size&quot;:&quot;global&quot;,&quot;font-size&quot;:{&quot;desktop_large&quot;:&quot;35&quot;},&quot;base-line-height&quot;:&quot;global&quot;,&quot;base-letter-spacing&quot;:&quot;global&quot;}\" class=\"ut-custom-heading-module\" ><span class=\"\" >CABLE COMMAND ENTRY DEVICE FOR CRANE WITH STEEL BRACKET<\/span><\/h1><div id=\"ut-row-inner-69eaa17034e3a\" class=\"vc_row wpb_row vc_inner vc_row-fluid ut-row-inner-69eaa17034e4b\" ><div  class=\"wpb_column vc_column_container vc_col-sm-6\"><div id=\"ut-column-inner-69eaa17035283\" class=\"vc_column-inner vc_column-inner-nested\"><div class=\"wpb_wrapper\"><div  class=\"wpb_content_element   clearfix\"><style type=\"text\/css\">#ut_am_69eaa17035877 { opacity: 1; }#ut_am_wrap_69eaa17035879 .ut-animated-image-zoom::after { background: url(https:\/\/coelpla.com.ar\/wp-content\/uploads\/2022\/03\/15-CABLE-COMANDO-BOTONERA-500x500-1.png); }#ut_am_wrap_69eaa17035879 { text-align: center; }@media (min-width: 768px) and (max-width: 1024px) { #ut_am_wrap_69eaa17035879 { text-align: center !important; } }@media (max-width: 767px) { #ut_am_wrap_69eaa17035879 { text-align: center !important; } }<\/style><div id=\"ut_am_wrap_69eaa17035879\" class=\"ut-image-gallery-image  ut-reveal-fx ut-element-with-block-reveal\"><div id=\"ut_reveal_69eaa1703587a\" data-reveal-bgcolor=\"#000000\" data-reveal-direction=\"lr\" data-reveal-duration=\"750\" data-reveal-delay=\"200\" data-appear-top-offset=\"auto\" class=\"ut-animated-image-item ut-image-gallery-item ut-animation-done ut-reveal-fx-element ut-block-reveal-hide\"><a data-exthumbimage=\"https:\/\/coelpla.com.ar\/wp-content\/uploads\/2022\/03\/15-CABLE-COMANDO-BOTONERA-500x500-1-200x200.png\" href=\"https:\/\/coelpla.com.ar\/wp-content\/uploads\/2022\/03\/15-CABLE-COMANDO-BOTONERA-500x500-1.png\" class=\"ut-vc-images-lightbox ut-wait-for-plugin\" data-title=\"\" data-caption=\"\" data-caption-color=\"\" data-caption-background=\"\" data-force-caption=\"on\"><div class=\"ut-animated-image-zoom\">\r\n        <div class=\"ut-element-glitch-wrap\">\r\n\r\n            \r\n        <style type=\"text\/css\">\r\n\r\n                        \r\n        @media (min-width: 1025px) {\r\n\r\n        #ut-element-glitch-69eaa17035f7a266928397-274 .ut-glitch-single-element {\r\n                                            \r\n                }\r\n        }\r\n\r\n        @media (min-width: 768px) and (max-width: 1024px) {\r\n\r\n        #ut-element-glitch-69eaa17035f7a266928397-274 .ut-glitch-single-element {\r\n                                                \r\n                    }\r\n        }\r\n\r\n        @media (max-width: 767px) {\r\n\r\n        #ut-element-glitch-69eaa17035f7a266928397-274 .ut-glitch-single-element {\r\n                                                \r\n                    }\r\n        }\r\n\r\n        \r\n        <\/style>\r\n\r\n        \r\n            <div id=\"ut-element-glitch-69eaa17035f7a266928397-274\" class=\"ut-element-glitch ut-glitch-none ut-element-glitch-permanent\">\r\n                <div class=\"ut-glitch-single-element ut-lozad skip-lazy\" data-background-image=\"https:\/\/coelpla.com.ar\/wp-content\/uploads\/2022\/03\/15-CABLE-COMANDO-BOTONERA-500x500-1.png\"><\/div>\r\n                <div class=\"ut-glitch-single-element ut-lozad skip-lazy\" data-background-image=\"https:\/\/coelpla.com.ar\/wp-content\/uploads\/2022\/03\/15-CABLE-COMANDO-BOTONERA-500x500-1.png\"><\/div>\r\n                <div class=\"ut-glitch-single-element ut-lozad skip-lazy\" data-background-image=\"https:\/\/coelpla.com.ar\/wp-content\/uploads\/2022\/03\/15-CABLE-COMANDO-BOTONERA-500x500-1.png\"><\/div>\r\n                <div class=\"ut-glitch-single-element ut-lozad skip-lazy\" data-background-image=\"https:\/\/coelpla.com.ar\/wp-content\/uploads\/2022\/03\/15-CABLE-COMANDO-BOTONERA-500x500-1.png\"><\/div>\r\n                <div class=\"ut-glitch-single-element ut-lozad skip-lazy\" data-background-image=\"https:\/\/coelpla.com.ar\/wp-content\/uploads\/2022\/03\/15-CABLE-COMANDO-BOTONERA-500x500-1.png\"><\/div>\r\n            <\/div>\r\n\r\n        <\/div>\r\n\r\n        <img loading=\"lazy\" decoding=\"async\" class=\"ut-lazy skip-lazy ut-animated-image\"  id=\"ut_am_69eaa17035877\" src=\"data:image\/svg+xml;charset=utf-8,%3Csvg xmlns%3D'http%3A%2F%2Fwww.w3.org%2F2000%2Fsvg' viewBox%3D'0 0 500 500'%2F%3E\" data-src=\"https:\/\/coelpla.com.ar\/wp-content\/uploads\/2022\/03\/15-CABLE-COMANDO-BOTONERA-500x500-1.png\" width=\"500\" height=\"500\" alt=\"CABLE COMANDO BOTONERA PARA PUENTES GRUA CON SOPORTE DE ACERO\"\/><\/div><\/a><\/div><\/div><\/div><\/div><\/div><\/div><div  class=\"wpb_column vc_column_container vc_col-sm-6\"><div id=\"ut-column-inner-69eaa170362c3\" class=\"vc_column-inner vc_column-inner-nested\"><div class=\"wpb_wrapper\"><style type=\"text\/css\">#ut_custom_heading69eaa1703642c { font-family: \"Raleway\";font-weight:500;font-style:normal; }#ut_custom_heading69eaa1703642c { font-size:20px !important; }#ut_custom_heading69eaa1703642c { text-align:left; }@media (min-width: 768px) and (max-width: 1024px) { #ut_custom_heading69eaa1703642c { text-align:left; } }@media (max-width: 767px) { #ut_custom_heading69eaa1703642c { text-align:left; } }#ut_custom_heading69eaa1703642c span { border-left-style:solid;border-left-color:#fe8b54;border-left-width:5px;padding-left:10px;display:inline-block; }<\/style><h3 id=\"ut_custom_heading69eaa1703642c\" data-responsive-font=\"h3\" data-responsive-font-settings=\"{&quot;base-font-size&quot;:&quot;global&quot;,&quot;font-size&quot;:{&quot;desktop_large&quot;:&quot;20&quot;},&quot;base-line-height&quot;:&quot;global&quot;,&quot;base-letter-spacing&quot;:&quot;global&quot;}\" class=\"ut-custom-heading-module\" ><span class=\"\" >General Characteristics<br \/>\n<\/span><\/h3><style type=\"text\/css\">#ut_custom_heading69eaa170364b3 { font-size:14px !important;line-height:28px !important; }#ut_custom_heading69eaa170364b3 { text-align:left; }@media (min-width: 768px) and (max-width: 1024px) { #ut_custom_heading69eaa170364b3 { text-align:left; } }@media (max-width: 767px) { #ut_custom_heading69eaa170364b3 { text-align:left; } }<\/style><p id=\"ut_custom_heading69eaa170364b3\" data-responsive-font=\"p\" data-responsive-font-settings=\"{&quot;base-font-size&quot;:&quot;global&quot;,&quot;font-size&quot;:{&quot;desktop_large&quot;:&quot;14&quot;},&quot;base-line-height&quot;:&quot;global&quot;,&quot;line-height&quot;:{&quot;desktop_large&quot;:&quot;28&quot;},&quot;base-letter-spacing&quot;:&quot;global&quot;}\" class=\"ut-custom-heading-module\" ><span class=\"\" >Based on the specifications s\/standard NM 280 \u2013 IEC 60227-6.71 C<\/span><\/p><style type=\"text\/css\">#ut_custom_heading69eaa17036551 { font-family: \"Raleway\";font-weight:500;font-style:normal; }#ut_custom_heading69eaa17036551 { font-size:20px !important; }#ut_custom_heading69eaa17036551 { text-align:left; }@media (min-width: 768px) and (max-width: 1024px) { #ut_custom_heading69eaa17036551 { text-align:left; } }@media (max-width: 767px) { #ut_custom_heading69eaa17036551 { text-align:left; } }#ut_custom_heading69eaa17036551 span { border-left-style:solid;border-left-color:#fe8b54;border-left-width:5px;padding-left:10px;display:inline-block; }<\/style><h3 id=\"ut_custom_heading69eaa17036551\" data-responsive-font=\"h3\" data-responsive-font-settings=\"{&quot;base-font-size&quot;:&quot;global&quot;,&quot;font-size&quot;:{&quot;desktop_large&quot;:&quot;20&quot;},&quot;base-line-height&quot;:&quot;global&quot;,&quot;base-letter-spacing&quot;:&quot;global&quot;}\" class=\"ut-custom-heading-module\" ><span class=\"\" >Identification<\/span><\/h3><style type=\"text\/css\">#ut_custom_heading69eaa170365c3 { font-size:14px !important;line-height:28px !important; }#ut_custom_heading69eaa170365c3 { text-align:left; }@media (min-width: 768px) and (max-width: 1024px) { #ut_custom_heading69eaa170365c3 { text-align:left; } }@media (max-width: 767px) { #ut_custom_heading69eaa170365c3 { text-align:left; } }<\/style><p id=\"ut_custom_heading69eaa170365c3\" data-responsive-font=\"p\" data-responsive-font-settings=\"{&quot;base-font-size&quot;:&quot;global&quot;,&quot;font-size&quot;:{&quot;desktop_large&quot;:&quot;14&quot;},&quot;base-line-height&quot;:&quot;global&quot;,&quot;line-height&quot;:{&quot;desktop_large&quot;:&quot;28&quot;},&quot;base-letter-spacing&quot;:&quot;global&quot;}\" class=\"ut-custom-heading-module\" ><span class=\"\" >Numbered, ground conductor Green\/Yellow. <br \/>The sheath outer wears printed on the same brand COELPLA, section, number of conductors, voltage, country of origin, and feet marked in a sequential way.<\/span><\/p><style type=\"text\/css\">#ut_custom_heading69eaa1703664e { font-family: \"Raleway\";font-weight:500;font-style:normal; }#ut_custom_heading69eaa1703664e { font-size:20px !important; }#ut_custom_heading69eaa1703664e { text-align:left; }@media (min-width: 768px) and (max-width: 1024px) { #ut_custom_heading69eaa1703664e { text-align:left; } }@media (max-width: 767px) { #ut_custom_heading69eaa1703664e { text-align:left; } }#ut_custom_heading69eaa1703664e span { border-left-style:solid;border-left-color:#fe8b54;border-left-width:5px;padding-left:10px;display:inline-block; }<\/style><h3 id=\"ut_custom_heading69eaa1703664e\" data-responsive-font=\"h3\" data-responsive-font-settings=\"{&quot;base-font-size&quot;:&quot;global&quot;,&quot;font-size&quot;:{&quot;desktop_large&quot;:&quot;20&quot;},&quot;base-line-height&quot;:&quot;global&quot;,&quot;base-letter-spacing&quot;:&quot;global&quot;}\" class=\"ut-custom-heading-module\" ><span class=\"\" >Electrical characteristics<br \/>\n<\/span><\/h3><style type=\"text\/css\">#ut_custom_heading69eaa170366b6 { font-size:14px !important;line-height:28px !important; }#ut_custom_heading69eaa170366b6 { text-align:left; }@media (min-width: 768px) and (max-width: 1024px) { #ut_custom_heading69eaa170366b6 { text-align:left; } }@media (max-width: 767px) { #ut_custom_heading69eaa170366b6 { text-align:left; } }<\/style><p id=\"ut_custom_heading69eaa170366b6\" data-responsive-font=\"p\" data-responsive-font-settings=\"{&quot;base-font-size&quot;:&quot;global&quot;,&quot;font-size&quot;:{&quot;desktop_large&quot;:&quot;14&quot;},&quot;base-line-height&quot;:&quot;global&quot;,&quot;line-height&quot;:{&quot;desktop_large&quot;:&quot;28&quot;},&quot;base-letter-spacing&quot;:&quot;global&quot;}\" class=\"ut-custom-heading-module\" ><span class=\"\" >Rated voltage: 450\/750 V<\/span><\/p><style type=\"text\/css\">#ut_custom_heading69eaa1703673d { font-family: \"Raleway\";font-weight:500;font-style:normal; }#ut_custom_heading69eaa1703673d { font-size:20px !important; }#ut_custom_heading69eaa1703673d { text-align:left; }@media (min-width: 768px) and (max-width: 1024px) { #ut_custom_heading69eaa1703673d { text-align:left; } }@media (max-width: 767px) { #ut_custom_heading69eaa1703673d { text-align:left; } }#ut_custom_heading69eaa1703673d span { border-left-style:solid;border-left-color:#fe8b54;border-left-width:5px;padding-left:10px;display:inline-block; }<\/style><h3 id=\"ut_custom_heading69eaa1703673d\" data-responsive-font=\"h3\" data-responsive-font-settings=\"{&quot;base-font-size&quot;:&quot;global&quot;,&quot;font-size&quot;:{&quot;desktop_large&quot;:&quot;20&quot;},&quot;base-line-height&quot;:&quot;global&quot;,&quot;base-letter-spacing&quot;:&quot;global&quot;}\" class=\"ut-custom-heading-module\" ><span class=\"\" >Mechanical Characteristics<br \/>\n<\/span><\/h3><style type=\"text\/css\">#ut_custom_heading69eaa170367a3 { font-size:14px !important;line-height:28px !important; }#ut_custom_heading69eaa170367a3 { text-align:left; }@media (min-width: 768px) and (max-width: 1024px) { #ut_custom_heading69eaa170367a3 { text-align:left; } }@media (max-width: 767px) { #ut_custom_heading69eaa170367a3 { text-align:left; } }<\/style><p id=\"ut_custom_heading69eaa170367a3\" data-responsive-font=\"p\" data-responsive-font-settings=\"{&quot;base-font-size&quot;:&quot;global&quot;,&quot;font-size&quot;:{&quot;desktop_large&quot;:&quot;14&quot;},&quot;base-line-height&quot;:&quot;global&quot;,&quot;line-height&quot;:{&quot;desktop_large&quot;:&quot;28&quot;},&quot;base-letter-spacing&quot;:&quot;global&quot;}\" class=\"ut-custom-heading-module\" ><span class=\"\" >Bend radius: 20 times its thickness. <br \/>Resistance of wire rope: 500 kgs<\/span><\/p><style type=\"text\/css\">#ut_custom_heading69eaa1703682a { font-family: \"Raleway\";font-weight:500;font-style:normal; }#ut_custom_heading69eaa1703682a { font-size:20px !important; }#ut_custom_heading69eaa1703682a { text-align:left; }@media (min-width: 768px) and (max-width: 1024px) { #ut_custom_heading69eaa1703682a { text-align:left; } }@media (max-width: 767px) { #ut_custom_heading69eaa1703682a { text-align:left; } }#ut_custom_heading69eaa1703682a span { border-left-style:solid;border-left-color:#fe8b54;border-left-width:5px;padding-left:10px;display:inline-block; }<\/style><h3 id=\"ut_custom_heading69eaa1703682a\" data-responsive-font=\"h3\" data-responsive-font-settings=\"{&quot;base-font-size&quot;:&quot;global&quot;,&quot;font-size&quot;:{&quot;desktop_large&quot;:&quot;20&quot;},&quot;base-line-height&quot;:&quot;global&quot;,&quot;base-letter-spacing&quot;:&quot;global&quot;}\" class=\"ut-custom-heading-module\" ><span class=\"\" >Uses<\/span><\/h3><style type=\"text\/css\">#ut_custom_heading69eaa1703688e { font-size:14px !important;line-height:28px !important; }#ut_custom_heading69eaa1703688e { text-align:left; }@media (min-width: 768px) and (max-width: 1024px) { #ut_custom_heading69eaa1703688e { text-align:left; } }@media (max-width: 767px) { #ut_custom_heading69eaa1703688e { text-align:left; } }<\/style><p id=\"ut_custom_heading69eaa1703688e\" data-responsive-font=\"p\" data-responsive-font-settings=\"{&quot;base-font-size&quot;:&quot;global&quot;,&quot;font-size&quot;:{&quot;desktop_large&quot;:&quot;14&quot;},&quot;base-line-height&quot;:&quot;global&quot;,&quot;line-height&quot;:{&quot;desktop_large&quot;:&quot;28&quot;},&quot;base-letter-spacing&quot;:&quot;global&quot;}\" class=\"ut-custom-heading-module\" ><span class=\"\" >Where you need a cable self-supporting, especially in vertical drops. <br \/>Used as a control cable especially in hand-held pendant stations to Crane.<\/span><\/p><style type=\"text\/css\">#ut_custom_heading69eaa17036913 { font-family: \"Raleway\";font-weight:500;font-style:normal; }#ut_custom_heading69eaa17036913 { font-size:20px !important; }#ut_custom_heading69eaa17036913 { text-align:left; }@media (min-width: 768px) and (max-width: 1024px) { #ut_custom_heading69eaa17036913 { text-align:left; } }@media (max-width: 767px) { #ut_custom_heading69eaa17036913 { text-align:left; } }#ut_custom_heading69eaa17036913 span { border-left-style:solid;border-left-color:#fe8b54;border-left-width:5px;padding-left:10px;display:inline-block; }<\/style><h3 id=\"ut_custom_heading69eaa17036913\" data-responsive-font=\"h3\" data-responsive-font-settings=\"{&quot;base-font-size&quot;:&quot;global&quot;,&quot;font-size&quot;:{&quot;desktop_large&quot;:&quot;20&quot;},&quot;base-line-height&quot;:&quot;global&quot;,&quot;base-letter-spacing&quot;:&quot;global&quot;}\" class=\"ut-custom-heading-module\" ><span class=\"\" >Conditioning<\/span><\/h3><style type=\"text\/css\">#ut_custom_heading69eaa17036986 { font-size:14px !important;line-height:28px !important; }#ut_custom_heading69eaa17036986 { text-align:left; }@media (min-width: 768px) and (max-width: 1024px) { #ut_custom_heading69eaa17036986 { text-align:left; } }@media (max-width: 767px) { #ut_custom_heading69eaa17036986 { text-align:left; } }<\/style><p id=\"ut_custom_heading69eaa17036986\" data-responsive-font=\"p\" data-responsive-font-settings=\"{&quot;base-font-size&quot;:&quot;global&quot;,&quot;font-size&quot;:{&quot;desktop_large&quot;:&quot;14&quot;},&quot;base-line-height&quot;:&quot;global&quot;,&quot;line-height&quot;:{&quot;desktop_large&quot;:&quot;28&quot;},&quot;base-letter-spacing&quot;:&quot;global&quot;}\" class=\"ut-custom-heading-module\" ><span class=\"\" >In coils.<\/span><\/p><\/div><\/div><\/div><\/div><\/div><\/div><\/div><\/div><div class=\"vc_row-full-width vc_clearfix\"><\/div><div id=\"ut-row-69eaa1703725e\" data-vc-full-width=\"true\" data-vc-full-width-init=\"false\" class=\"vc_row wpb_row vc_row-fluid vc_column-gap-0 ut-row-69eaa1703726c\" ><div class=\"wpb_column vc_column_container vc_col-sm-12\" ><div id=\"ut_inner_column_69eaa170378a9\" class=\"vc_column-inner\" ><div class=\"wpb_wrapper\"><div class=\"vc_empty_space\"   style=\"height: 40px\"><span class=\"vc_empty_space_inner\"><\/span><\/div><div  class=\"wpb_content_element   clearfix\"><style type=\"text\/css\">#ut_am_69eaa17037e99 { opacity: 1; }#ut_am_wrap_69eaa17037e9a { text-align: center; }@media (min-width: 768px) and (max-width: 1024px) { #ut_am_wrap_69eaa17037e9a { text-align: center !important; } }@media (max-width: 767px) { #ut_am_wrap_69eaa17037e9a { text-align: center !important; } }<\/style><div id=\"ut_am_wrap_69eaa17037e9a\" class=\"ut-image-gallery-image  ut-reveal-fx ut-element-with-block-reveal\"><div id=\"ut_reveal_69eaa17037e9b\" data-reveal-bgcolor=\"#000000\" data-reveal-direction=\"lr\" data-reveal-duration=\"750\" data-reveal-delay=\"250\" data-appear-top-offset=\"auto\" class=\"ut-animated-image-item ut-image-gallery-item ut-animation-done ut-reveal-fx-element ut-block-reveal-hide\"><a class=\"ut-deactivated-link\" href=\"#\"><div class=\"ut-animated-image-zoom\">\r\n        <div class=\"ut-element-glitch-wrap\">\r\n\r\n            \r\n        <style type=\"text\/css\">\r\n\r\n                        \r\n        @media (min-width: 1025px) {\r\n\r\n        #ut-element-glitch-69eaa17037ec9259376937-278 .ut-glitch-single-element {\r\n                                            \r\n                }\r\n        }\r\n\r\n        @media (min-width: 768px) and (max-width: 1024px) {\r\n\r\n        #ut-element-glitch-69eaa17037ec9259376937-278 .ut-glitch-single-element {\r\n                                                \r\n                    }\r\n        }\r\n\r\n        @media (max-width: 767px) {\r\n\r\n        #ut-element-glitch-69eaa17037ec9259376937-278 .ut-glitch-single-element {\r\n                                                \r\n                    }\r\n        }\r\n\r\n        \r\n        <\/style>\r\n\r\n        \r\n            <div id=\"ut-element-glitch-69eaa17037ec9259376937-278\" class=\"ut-element-glitch ut-glitch-none ut-element-glitch-permanent\">\r\n                <div class=\"ut-glitch-single-element ut-lozad skip-lazy\" data-background-image=\"https:\/\/coelpla.com.ar\/wp-content\/uploads\/2022\/03\/table-12.png\"><\/div>\r\n                <div class=\"ut-glitch-single-element ut-lozad skip-lazy\" data-background-image=\"https:\/\/coelpla.com.ar\/wp-content\/uploads\/2022\/03\/table-12.png\"><\/div>\r\n                <div class=\"ut-glitch-single-element ut-lozad skip-lazy\" data-background-image=\"https:\/\/coelpla.com.ar\/wp-content\/uploads\/2022\/03\/table-12.png\"><\/div>\r\n                <div class=\"ut-glitch-single-element ut-lozad skip-lazy\" data-background-image=\"https:\/\/coelpla.com.ar\/wp-content\/uploads\/2022\/03\/table-12.png\"><\/div>\r\n                <div class=\"ut-glitch-single-element ut-lozad skip-lazy\" data-background-image=\"https:\/\/coelpla.com.ar\/wp-content\/uploads\/2022\/03\/table-12.png\"><\/div>\r\n            <\/div>\r\n\r\n        <\/div>\r\n\r\n        <img loading=\"lazy\" decoding=\"async\" class=\"ut-lazy skip-lazy ut-animated-image\"  id=\"ut_am_69eaa17037e99\" src=\"data:image\/svg+xml;charset=utf-8,%3Csvg xmlns%3D'http%3A%2F%2Fwww.w3.org%2F2000%2Fsvg' viewBox%3D'0 0 761 235'%2F%3E\" data-src=\"https:\/\/coelpla.com.ar\/wp-content\/uploads\/2022\/03\/table-12.png\" width=\"761\" height=\"235\" alt=\"CABLE COMANDO BOTONERA PARA PUENTES GRUA CON SOPORTE DE ACERO\"\/><\/div><\/a><\/div><\/div><\/div><\/div><\/div><\/div><\/div><div class=\"vc_row-full-width vc_clearfix\"><\/div><a data-id=\"section-without-id\" class=\"ut-vc-offset-anchor-bottom\" name=\"section-without-id\"><\/a><\/section><div class=\"vc_row-full-width vc_clearfix\"><\/div>\n<\/section>","protected":false},"excerpt":{"rendered":"CABLE COMANDO BOTONERA PARA PUENTES GR\u00daA CON SOPORTE DE ACERO Caracter\u00edsticas Generales Basadas en las especificaciones s\/norma NM 280 - IEC 60227-6.71CIdentificaci\u00f3nNumerados, conductor de tierra Verde\/Amarillo. La vaina exterior lleva impresa sobre la misma la marca COELPLA, secci\u00f3n, cantidad de conductores, tensi\u00f3n, pa\u00eds de origen y metros marcados en forma secuencial.Caracter\u00edsticas el\u00e9ctricas Tensi\u00f3n nominal: 450\/750 [...]","protected":false},"author":1,"featured_media":0,"parent":0,"menu_order":0,"comment_status":"closed","ping_status":"closed","template":"","meta":{"_joinchat":[],"footnotes":""},"class_list":["post-269","page","type-page","status-publish","hentry"],"_links":{"self":[{"href":"https:\/\/coelpla.com.ar\/en\/wp-json\/wp\/v2\/pages\/269","targetHints":{"allow":["GET"]}}],"collection":[{"href":"https:\/\/coelpla.com.ar\/en\/wp-json\/wp\/v2\/pages"}],"about":[{"href":"https:\/\/coelpla.com.ar\/en\/wp-json\/wp\/v2\/types\/page"}],"author":[{"embeddable":true,"href":"https:\/\/coelpla.com.ar\/en\/wp-json\/wp\/v2\/users\/1"}],"replies":[{"embeddable":true,"href":"https:\/\/coelpla.com.ar\/en\/wp-json\/wp\/v2\/comments?post=269"}],"version-history":[{"count":7,"href":"https:\/\/coelpla.com.ar\/en\/wp-json\/wp\/v2\/pages\/269\/revisions"}],"predecessor-version":[{"id":279,"href":"https:\/\/coelpla.com.ar\/en\/wp-json\/wp\/v2\/pages\/269\/revisions\/279"}],"wp:attachment":[{"href":"https:\/\/coelpla.com.ar\/en\/wp-json\/wp\/v2\/media?parent=269"}],"curies":[{"name":"wp","href":"https:\/\/api.w.org\/{rel}","templated":true}]}}