{"id":234,"date":"2022-02-25T17:00:04","date_gmt":"2022-02-25T20:00:04","guid":{"rendered":"https:\/\/coelpla.com.ar\/?page_id=234"},"modified":"2022-02-25T17:17:19","modified_gmt":"2022-02-25T20:17:19","slug":"cable-viajero-plano-multipolar","status":"publish","type":"page","link":"https:\/\/coelpla.com.ar\/en\/cable-viajero-plano-multipolar\/","title":{"rendered":"CABLE TRAVELER PLANE-POLAR"},"content":{"rendered":"<section class=\"wpb-content-wrapper\"><section id=\"ut-section-69ea88bc5967b\" data-vc-full-width=\"true\" data-vc-full-width-init=\"false\" data-cursor-skin=\"global\" class=\"vc_section ut-vc-120 vc_section-has-no-fill ut-section-69ea88bc59691\"><div id=\"ut-row-69ea88bc5a143\" data-vc-full-width=\"true\" data-vc-full-width-init=\"false\" class=\"vc_row wpb_row vc_row-fluid vc_column-gap-0 ut-row-69ea88bc5a153\" ><div class=\"wpb_column vc_column_container vc_col-sm-12\" ><div id=\"ut_inner_column_69ea88bc5aab6\" class=\"vc_column-inner\" ><div class=\"wpb_wrapper\"><style type=\"text\/css\">#ut_custom_heading69ea88bc5ae38 { font-family: \"Raleway\";font-weight:400;font-style:normal; }#ut_custom_heading69ea88bc5ae38 { font-size:35px !important; }#ut_custom_heading69ea88bc5ae38 { text-align:left; }@media (min-width: 768px) and (max-width: 1024px) { #ut_custom_heading69ea88bc5ae38 { text-align:left; } }@media (max-width: 767px) { #ut_custom_heading69ea88bc5ae38 { text-align:left; } }<\/style><h1 id=\"ut_custom_heading69ea88bc5ae38\" data-responsive-font=\"h1\" data-responsive-font-settings=\"{&quot;base-font-size&quot;:&quot;global&quot;,&quot;font-size&quot;:{&quot;desktop_large&quot;:&quot;35&quot;},&quot;base-line-height&quot;:&quot;global&quot;,&quot;base-letter-spacing&quot;:&quot;global&quot;}\" class=\"ut-custom-heading-module\" ><span class=\"\" >CABLE TRAVELER PLANE-POLAR<\/span><\/h1><div id=\"ut-row-inner-69ea88bc5f65a\" class=\"vc_row wpb_row vc_inner vc_row-fluid ut-row-inner-69ea88bc5f671\" ><div  class=\"wpb_column vc_column_container vc_col-sm-6\"><div id=\"ut-column-inner-69ea88bc5fae9\" class=\"vc_column-inner vc_column-inner-nested\"><div class=\"wpb_wrapper\"><div  class=\"wpb_content_element   clearfix\"><style type=\"text\/css\">#ut_am_69ea88bc60083 { opacity: 1; }#ut_am_wrap_69ea88bc60084 .ut-animated-image-zoom::after { background: url(https:\/\/coelpla.com.ar\/wp-content\/uploads\/2022\/02\/8-CABLE-COMANDO-PLANO-MULTIPOLAR-500x500-1.png); }#ut_am_wrap_69ea88bc60084 { text-align: center; }@media (min-width: 768px) and (max-width: 1024px) { #ut_am_wrap_69ea88bc60084 { text-align: center !important; } }@media (max-width: 767px) { #ut_am_wrap_69ea88bc60084 { text-align: center !important; } }<\/style><div id=\"ut_am_wrap_69ea88bc60084\" class=\"ut-image-gallery-image  ut-reveal-fx ut-element-with-block-reveal\"><div id=\"ut_reveal_69ea88bc60085\" data-reveal-bgcolor=\"#000000\" data-reveal-direction=\"lr\" data-reveal-duration=\"750\" data-reveal-delay=\"200\" data-appear-top-offset=\"auto\" class=\"ut-animated-image-item ut-image-gallery-item ut-animation-done ut-reveal-fx-element ut-block-reveal-hide\"><a data-exthumbimage=\"https:\/\/coelpla.com.ar\/wp-content\/uploads\/2022\/02\/8-CABLE-COMANDO-PLANO-MULTIPOLAR-500x500-1-200x200.png\" href=\"https:\/\/coelpla.com.ar\/wp-content\/uploads\/2022\/02\/8-CABLE-COMANDO-PLANO-MULTIPOLAR-1920x780-1.png\" class=\"ut-vc-images-lightbox ut-wait-for-plugin\" data-title=\"\" data-caption=\"\" data-caption-color=\"\" data-caption-background=\"\" data-force-caption=\"on\"><div class=\"ut-animated-image-zoom\">\r\n        <div class=\"ut-element-glitch-wrap\">\r\n\r\n            \r\n        <style type=\"text\/css\">\r\n\r\n                        \r\n        @media (min-width: 1025px) {\r\n\r\n        #ut-element-glitch-69ea88bc60a39936747249-236 .ut-glitch-single-element {\r\n                                            \r\n                }\r\n        }\r\n\r\n        @media (min-width: 768px) and (max-width: 1024px) {\r\n\r\n        #ut-element-glitch-69ea88bc60a39936747249-236 .ut-glitch-single-element {\r\n                                                \r\n                    }\r\n        }\r\n\r\n        @media (max-width: 767px) {\r\n\r\n        #ut-element-glitch-69ea88bc60a39936747249-236 .ut-glitch-single-element {\r\n                                                \r\n                    }\r\n        }\r\n\r\n        \r\n        <\/style>\r\n\r\n        \r\n            <div id=\"ut-element-glitch-69ea88bc60a39936747249-236\" class=\"ut-element-glitch ut-glitch-none ut-element-glitch-permanent\">\r\n                <div class=\"ut-glitch-single-element ut-lozad skip-lazy\" data-background-image=\"https:\/\/coelpla.com.ar\/wp-content\/uploads\/2022\/02\/8-CABLE-COMANDO-PLANO-MULTIPOLAR-500x500-1.png\"><\/div>\r\n                <div class=\"ut-glitch-single-element ut-lozad skip-lazy\" data-background-image=\"https:\/\/coelpla.com.ar\/wp-content\/uploads\/2022\/02\/8-CABLE-COMANDO-PLANO-MULTIPOLAR-500x500-1.png\"><\/div>\r\n                <div class=\"ut-glitch-single-element ut-lozad skip-lazy\" data-background-image=\"https:\/\/coelpla.com.ar\/wp-content\/uploads\/2022\/02\/8-CABLE-COMANDO-PLANO-MULTIPOLAR-500x500-1.png\"><\/div>\r\n                <div class=\"ut-glitch-single-element ut-lozad skip-lazy\" data-background-image=\"https:\/\/coelpla.com.ar\/wp-content\/uploads\/2022\/02\/8-CABLE-COMANDO-PLANO-MULTIPOLAR-500x500-1.png\"><\/div>\r\n                <div class=\"ut-glitch-single-element ut-lozad skip-lazy\" data-background-image=\"https:\/\/coelpla.com.ar\/wp-content\/uploads\/2022\/02\/8-CABLE-COMANDO-PLANO-MULTIPOLAR-500x500-1.png\"><\/div>\r\n            <\/div>\r\n\r\n        <\/div>\r\n\r\n        <img loading=\"lazy\" decoding=\"async\" class=\"ut-lazy skip-lazy ut-animated-image\"  id=\"ut_am_69ea88bc60083\" src=\"data:image\/svg+xml;charset=utf-8,%3Csvg xmlns%3D'http%3A%2F%2Fwww.w3.org%2F2000%2Fsvg' viewBox%3D'0 0 500 500'%2F%3E\" data-src=\"https:\/\/coelpla.com.ar\/wp-content\/uploads\/2022\/02\/8-CABLE-COMANDO-PLANO-MULTIPOLAR-500x500-1.png\" width=\"500\" height=\"500\" alt=\"CABLE VIAJERO PLANO MULTIPOLAR\"\/><\/div><\/a><\/div><\/div><\/div><\/div><\/div><\/div><div  class=\"wpb_column vc_column_container vc_col-sm-6\"><div id=\"ut-column-inner-69ea88bc60d85\" class=\"vc_column-inner vc_column-inner-nested\"><div class=\"wpb_wrapper\"><style type=\"text\/css\">#ut_custom_heading69ea88bc60efd { font-family: \"Raleway\";font-weight:500;font-style:normal; }#ut_custom_heading69ea88bc60efd { font-size:20px !important; }#ut_custom_heading69ea88bc60efd { text-align:left; }@media (min-width: 768px) and (max-width: 1024px) { #ut_custom_heading69ea88bc60efd { text-align:left; } }@media (max-width: 767px) { #ut_custom_heading69ea88bc60efd { text-align:left; } }#ut_custom_heading69ea88bc60efd span { border-left-style:solid;border-left-color:#fe8b54;border-left-width:5px;padding-left:10px;display:inline-block; }<\/style><h3 id=\"ut_custom_heading69ea88bc60efd\" data-responsive-font=\"h3\" data-responsive-font-settings=\"{&quot;base-font-size&quot;:&quot;global&quot;,&quot;font-size&quot;:{&quot;desktop_large&quot;:&quot;20&quot;},&quot;base-line-height&quot;:&quot;global&quot;,&quot;base-letter-spacing&quot;:&quot;global&quot;}\" class=\"ut-custom-heading-module\" ><span class=\"\" >General Characteristics<br \/>\n<\/span><\/h3><style type=\"text\/css\">#ut_custom_heading69ea88bc60f88 { font-size:14px !important;line-height:28px !important; }#ut_custom_heading69ea88bc60f88 { text-align:left; }@media (min-width: 768px) and (max-width: 1024px) { #ut_custom_heading69ea88bc60f88 { text-align:left; } }@media (max-width: 767px) { #ut_custom_heading69ea88bc60f88 { text-align:left; } }<\/style><p id=\"ut_custom_heading69ea88bc60f88\" data-responsive-font=\"p\" data-responsive-font-settings=\"{&quot;base-font-size&quot;:&quot;global&quot;,&quot;font-size&quot;:{&quot;desktop_large&quot;:&quot;14&quot;},&quot;base-line-height&quot;:&quot;global&quot;,&quot;line-height&quot;:{&quot;desktop_large&quot;:&quot;28&quot;},&quot;base-letter-spacing&quot;:&quot;global&quot;}\" class=\"ut-custom-heading-module\" ><span class=\"\" >The cable is constructed with strands, each of 6 (six) drivers with your soul textile in the center. These, in turn, are grouped in cells of 3 (three) or 2 (two) strands according to their training. You can also constructed with steel support, according to your request. Insulation anti-flame. Sheath retardadora of the flame. Based on the specifications according to Standards: NM 280 class 5 \u2013 IEC N\u00b0 60227-6 71 F, UNE en 50214.<\/span><\/p><style type=\"text\/css\">#ut_custom_heading69ea88bc6101c { font-family: \"Raleway\";font-weight:500;font-style:normal; }#ut_custom_heading69ea88bc6101c { font-size:20px !important; }#ut_custom_heading69ea88bc6101c { text-align:left; }@media (min-width: 768px) and (max-width: 1024px) { #ut_custom_heading69ea88bc6101c { text-align:left; } }@media (max-width: 767px) { #ut_custom_heading69ea88bc6101c { text-align:left; } }#ut_custom_heading69ea88bc6101c span { border-left-style:solid;border-left-color:#fe8b54;border-left-width:5px;padding-left:10px;display:inline-block; }<\/style><h3 id=\"ut_custom_heading69ea88bc6101c\" data-responsive-font=\"h3\" data-responsive-font-settings=\"{&quot;base-font-size&quot;:&quot;global&quot;,&quot;font-size&quot;:{&quot;desktop_large&quot;:&quot;20&quot;},&quot;base-line-height&quot;:&quot;global&quot;,&quot;base-letter-spacing&quot;:&quot;global&quot;}\" class=\"ut-custom-heading-module\" ><span class=\"\" >Identification<\/span><\/h3><style type=\"text\/css\">#ut_custom_heading69ea88bc61097 { font-size:14px !important;line-height:28px !important; }#ut_custom_heading69ea88bc61097 { text-align:left; }@media (min-width: 768px) and (max-width: 1024px) { #ut_custom_heading69ea88bc61097 { text-align:left; } }@media (max-width: 767px) { #ut_custom_heading69ea88bc61097 { text-align:left; } }<\/style><p id=\"ut_custom_heading69ea88bc61097\" data-responsive-font=\"p\" data-responsive-font-settings=\"{&quot;base-font-size&quot;:&quot;global&quot;,&quot;font-size&quot;:{&quot;desktop_large&quot;:&quot;14&quot;},&quot;base-line-height&quot;:&quot;global&quot;,&quot;line-height&quot;:{&quot;desktop_large&quot;:&quot;28&quot;},&quot;base-letter-spacing&quot;:&quot;global&quot;}\" class=\"ut-custom-heading-module\" ><span class=\"\" >The strands grouped in cells that are differentiated by color and are numbered consecutively. The sheath outer wears printed on the same brand COELPLA, section, number of conductors, voltage, country of origin, and feet marked in a sequential way.<\/span><\/p><style type=\"text\/css\">#ut_custom_heading69ea88bc61134 { font-family: \"Raleway\";font-weight:500;font-style:normal; }#ut_custom_heading69ea88bc61134 { font-size:20px !important; }#ut_custom_heading69ea88bc61134 { text-align:left; }@media (min-width: 768px) and (max-width: 1024px) { #ut_custom_heading69ea88bc61134 { text-align:left; } }@media (max-width: 767px) { #ut_custom_heading69ea88bc61134 { text-align:left; } }#ut_custom_heading69ea88bc61134 span { border-left-style:solid;border-left-color:#fe8b54;border-left-width:5px;padding-left:10px;display:inline-block; }<\/style><h3 id=\"ut_custom_heading69ea88bc61134\" data-responsive-font=\"h3\" data-responsive-font-settings=\"{&quot;base-font-size&quot;:&quot;global&quot;,&quot;font-size&quot;:{&quot;desktop_large&quot;:&quot;20&quot;},&quot;base-line-height&quot;:&quot;global&quot;,&quot;base-letter-spacing&quot;:&quot;global&quot;}\" class=\"ut-custom-heading-module\" ><span class=\"\" >Electrical characteristics<br \/>\n<\/span><\/h3><style type=\"text\/css\">#ut_custom_heading69ea88bc611a1 { font-size:14px !important;line-height:28px !important; }#ut_custom_heading69ea88bc611a1 { text-align:left; }@media (min-width: 768px) and (max-width: 1024px) { #ut_custom_heading69ea88bc611a1 { text-align:left; } }@media (max-width: 767px) { #ut_custom_heading69ea88bc611a1 { text-align:left; } }<\/style><p id=\"ut_custom_heading69ea88bc611a1\" data-responsive-font=\"p\" data-responsive-font-settings=\"{&quot;base-font-size&quot;:&quot;global&quot;,&quot;font-size&quot;:{&quot;desktop_large&quot;:&quot;14&quot;},&quot;base-line-height&quot;:&quot;global&quot;,&quot;line-height&quot;:{&quot;desktop_large&quot;:&quot;28&quot;},&quot;base-letter-spacing&quot;:&quot;global&quot;}\" class=\"ut-custom-heading-module\" ><span class=\"\" >Rated voltage: 300 \/ 500 V<\/p>\n<p><\/span><\/p><style type=\"text\/css\">#ut_custom_heading69ea88bc6122b { font-family: \"Raleway\";font-weight:500;font-style:normal; }#ut_custom_heading69ea88bc6122b { font-size:20px !important; }#ut_custom_heading69ea88bc6122b { text-align:left; }@media (min-width: 768px) and (max-width: 1024px) { #ut_custom_heading69ea88bc6122b { text-align:left; } }@media (max-width: 767px) { #ut_custom_heading69ea88bc6122b { text-align:left; } }#ut_custom_heading69ea88bc6122b span { border-left-style:solid;border-left-color:#fe8b54;border-left-width:5px;padding-left:10px;display:inline-block; }<\/style><h3 id=\"ut_custom_heading69ea88bc6122b\" data-responsive-font=\"h3\" data-responsive-font-settings=\"{&quot;base-font-size&quot;:&quot;global&quot;,&quot;font-size&quot;:{&quot;desktop_large&quot;:&quot;20&quot;},&quot;base-line-height&quot;:&quot;global&quot;,&quot;base-letter-spacing&quot;:&quot;global&quot;}\" class=\"ut-custom-heading-module\" ><span class=\"\" >Mechanical Characteristics<br \/>\n<\/span><\/h3><style type=\"text\/css\">#ut_custom_heading69ea88bc61294 { font-size:14px !important;line-height:28px !important; }#ut_custom_heading69ea88bc61294 { text-align:left; }@media (min-width: 768px) and (max-width: 1024px) { #ut_custom_heading69ea88bc61294 { text-align:left; } }@media (max-width: 767px) { #ut_custom_heading69ea88bc61294 { text-align:left; } }<\/style><p id=\"ut_custom_heading69ea88bc61294\" data-responsive-font=\"p\" data-responsive-font-settings=\"{&quot;base-font-size&quot;:&quot;global&quot;,&quot;font-size&quot;:{&quot;desktop_large&quot;:&quot;14&quot;},&quot;base-line-height&quot;:&quot;global&quot;,&quot;line-height&quot;:{&quot;desktop_large&quot;:&quot;28&quot;},&quot;base-letter-spacing&quot;:&quot;global&quot;}\" class=\"ut-custom-heading-module\" ><span class=\"\" >Length \u2013 free hanging: max. 110 m height travel: max. 200 m walking Speed: up to 5 m\/s bend Diameter: 350 \/ 450 mm<\/span><\/p><style type=\"text\/css\">#ut_custom_heading69ea88bc6131b { font-family: \"Raleway\";font-weight:500;font-style:normal; }#ut_custom_heading69ea88bc6131b { font-size:20px !important; }#ut_custom_heading69ea88bc6131b { text-align:left; }@media (min-width: 768px) and (max-width: 1024px) { #ut_custom_heading69ea88bc6131b { text-align:left; } }@media (max-width: 767px) { #ut_custom_heading69ea88bc6131b { text-align:left; } }#ut_custom_heading69ea88bc6131b span { border-left-style:solid;border-left-color:#fe8b54;border-left-width:5px;padding-left:10px;display:inline-block; }<\/style><h3 id=\"ut_custom_heading69ea88bc6131b\" data-responsive-font=\"h3\" data-responsive-font-settings=\"{&quot;base-font-size&quot;:&quot;global&quot;,&quot;font-size&quot;:{&quot;desktop_large&quot;:&quot;20&quot;},&quot;base-line-height&quot;:&quot;global&quot;,&quot;base-letter-spacing&quot;:&quot;global&quot;}\" class=\"ut-custom-heading-module\" ><span class=\"\" >Uses<\/span><\/h3><style type=\"text\/css\">#ut_custom_heading69ea88bc61381 { font-size:14px !important;line-height:28px !important; }#ut_custom_heading69ea88bc61381 { text-align:left; }@media (min-width: 768px) and (max-width: 1024px) { #ut_custom_heading69ea88bc61381 { text-align:left; } }@media (max-width: 767px) { #ut_custom_heading69ea88bc61381 { text-align:left; } }<\/style><p id=\"ut_custom_heading69ea88bc61381\" data-responsive-font=\"p\" data-responsive-font-settings=\"{&quot;base-font-size&quot;:&quot;global&quot;,&quot;font-size&quot;:{&quot;desktop_large&quot;:&quot;14&quot;},&quot;base-line-height&quot;:&quot;global&quot;,&quot;line-height&quot;:{&quot;desktop_large&quot;:&quot;28&quot;},&quot;base-letter-spacing&quot;:&quot;global&quot;}\" class=\"ut-custom-heading-module\" ><span class=\"\" >Cable commands for elevator interiors and panoramic views.<\/span><\/p><style type=\"text\/css\">#ut_custom_heading69ea88bc61421 { font-family: \"Raleway\";font-weight:500;font-style:normal; }#ut_custom_heading69ea88bc61421 { font-size:20px !important; }#ut_custom_heading69ea88bc61421 { text-align:left; }@media (min-width: 768px) and (max-width: 1024px) { #ut_custom_heading69ea88bc61421 { text-align:left; } }@media (max-width: 767px) { #ut_custom_heading69ea88bc61421 { text-align:left; } }#ut_custom_heading69ea88bc61421 span { border-left-style:solid;border-left-color:#fe8b54;border-left-width:5px;padding-left:10px;display:inline-block; }<\/style><h3 id=\"ut_custom_heading69ea88bc61421\" data-responsive-font=\"h3\" data-responsive-font-settings=\"{&quot;base-font-size&quot;:&quot;global&quot;,&quot;font-size&quot;:{&quot;desktop_large&quot;:&quot;20&quot;},&quot;base-line-height&quot;:&quot;global&quot;,&quot;base-letter-spacing&quot;:&quot;global&quot;}\" class=\"ut-custom-heading-module\" ><span class=\"\" >Conditioning<\/span><\/h3><style type=\"text\/css\">#ut_custom_heading69ea88bc6149c { font-size:14px !important;line-height:28px !important; }#ut_custom_heading69ea88bc6149c { text-align:left; }@media (min-width: 768px) and (max-width: 1024px) { #ut_custom_heading69ea88bc6149c { text-align:left; } }@media (max-width: 767px) { #ut_custom_heading69ea88bc6149c { text-align:left; } }<\/style><p id=\"ut_custom_heading69ea88bc6149c\" data-responsive-font=\"p\" data-responsive-font-settings=\"{&quot;base-font-size&quot;:&quot;global&quot;,&quot;font-size&quot;:{&quot;desktop_large&quot;:&quot;14&quot;},&quot;base-line-height&quot;:&quot;global&quot;,&quot;line-height&quot;:{&quot;desktop_large&quot;:&quot;28&quot;},&quot;base-letter-spacing&quot;:&quot;global&quot;}\" class=\"ut-custom-heading-module\" ><span class=\"\" >In coils.<\/span><\/p><\/div><\/div><\/div><\/div><\/div><\/div><\/div><\/div><div class=\"vc_row-full-width vc_clearfix\"><\/div><div id=\"ut-row-69ea88bc61ddf\" data-vc-full-width=\"true\" data-vc-full-width-init=\"false\" class=\"vc_row wpb_row vc_row-fluid vc_column-gap-0 ut-row-69ea88bc61ded\" ><div class=\"wpb_column vc_column_container vc_col-sm-12\" ><div id=\"ut_inner_column_69ea88bc6242f\" class=\"vc_column-inner\" ><div class=\"wpb_wrapper\"><div class=\"vc_empty_space\"   style=\"height: 40px\"><span class=\"vc_empty_space_inner\"><\/span><\/div><div  class=\"wpb_content_element   clearfix\"><style type=\"text\/css\">#ut_am_69ea88bc629bc { opacity: 1; }#ut_am_wrap_69ea88bc629bd { text-align: center; }@media (min-width: 768px) and (max-width: 1024px) { #ut_am_wrap_69ea88bc629bd { text-align: center !important; } }@media (max-width: 767px) { #ut_am_wrap_69ea88bc629bd { text-align: center !important; } }<\/style><div id=\"ut_am_wrap_69ea88bc629bd\" class=\"ut-image-gallery-image  ut-reveal-fx ut-element-with-block-reveal\"><div id=\"ut_reveal_69ea88bc629be\" data-reveal-bgcolor=\"#000000\" data-reveal-direction=\"lr\" data-reveal-duration=\"750\" data-reveal-delay=\"200\" data-appear-top-offset=\"auto\" class=\"ut-animated-image-item ut-image-gallery-item ut-animation-done ut-reveal-fx-element ut-block-reveal-hide\"><a class=\"ut-deactivated-link\" href=\"#\"><div class=\"ut-animated-image-zoom\">\r\n        <div class=\"ut-element-glitch-wrap\">\r\n\r\n            \r\n        <style type=\"text\/css\">\r\n\r\n                        \r\n        @media (min-width: 1025px) {\r\n\r\n        #ut-element-glitch-69ea88bc629ec195624384-241 .ut-glitch-single-element {\r\n                                            \r\n                }\r\n        }\r\n\r\n        @media (min-width: 768px) and (max-width: 1024px) {\r\n\r\n        #ut-element-glitch-69ea88bc629ec195624384-241 .ut-glitch-single-element {\r\n                                                \r\n                    }\r\n        }\r\n\r\n        @media (max-width: 767px) {\r\n\r\n        #ut-element-glitch-69ea88bc629ec195624384-241 .ut-glitch-single-element {\r\n                                                \r\n                    }\r\n        }\r\n\r\n        \r\n        <\/style>\r\n\r\n        \r\n            <div id=\"ut-element-glitch-69ea88bc629ec195624384-241\" class=\"ut-element-glitch ut-glitch-none ut-element-glitch-permanent\">\r\n                <div class=\"ut-glitch-single-element ut-lozad skip-lazy\" data-background-image=\"https:\/\/coelpla.com.ar\/wp-content\/uploads\/2022\/02\/table-9.png\"><\/div>\r\n                <div class=\"ut-glitch-single-element ut-lozad skip-lazy\" data-background-image=\"https:\/\/coelpla.com.ar\/wp-content\/uploads\/2022\/02\/table-9.png\"><\/div>\r\n                <div class=\"ut-glitch-single-element ut-lozad skip-lazy\" data-background-image=\"https:\/\/coelpla.com.ar\/wp-content\/uploads\/2022\/02\/table-9.png\"><\/div>\r\n                <div class=\"ut-glitch-single-element ut-lozad skip-lazy\" data-background-image=\"https:\/\/coelpla.com.ar\/wp-content\/uploads\/2022\/02\/table-9.png\"><\/div>\r\n                <div class=\"ut-glitch-single-element ut-lozad skip-lazy\" data-background-image=\"https:\/\/coelpla.com.ar\/wp-content\/uploads\/2022\/02\/table-9.png\"><\/div>\r\n            <\/div>\r\n\r\n        <\/div>\r\n\r\n        <img loading=\"lazy\" decoding=\"async\" class=\"ut-lazy skip-lazy ut-animated-image\"  id=\"ut_am_69ea88bc629bc\" src=\"data:image\/svg+xml;charset=utf-8,%3Csvg xmlns%3D'http%3A%2F%2Fwww.w3.org%2F2000%2Fsvg' viewBox%3D'0 0 771 162'%2F%3E\" data-src=\"https:\/\/coelpla.com.ar\/wp-content\/uploads\/2022\/02\/table-9.png\" width=\"771\" height=\"162\" alt=\"CABLE VIAJERO PLANO MULTIPOLAR\"\/><\/div><\/a><\/div><\/div><\/div><\/div><\/div><\/div><\/div><div class=\"vc_row-full-width vc_clearfix\"><\/div><a data-id=\"section-without-id\" class=\"ut-vc-offset-anchor-bottom\" name=\"section-without-id\"><\/a><\/section><div class=\"vc_row-full-width vc_clearfix\"><\/div>\n<\/section>","protected":false},"excerpt":{"rendered":"CABLE VIAJERO PLANO MULTIPOLAR Caracter\u00edsticas Generales El cable est\u00e1 construido con torones, cada uno de ellos de 6 (seis) conductores con su alma textil en el centro. Estas a su vez se agrupan en celdas de 3 (tres) o 2 (dos) torones seg\u00fan su formaci\u00f3n. Puede construirse tambi\u00e9n con soporte de acero, seg\u00fan requerimiento. Aislaci\u00f3n [...]","protected":false},"author":1,"featured_media":0,"parent":0,"menu_order":0,"comment_status":"closed","ping_status":"closed","template":"","meta":{"_joinchat":[],"footnotes":""},"class_list":["post-234","page","type-page","status-publish","hentry"],"_links":{"self":[{"href":"https:\/\/coelpla.com.ar\/en\/wp-json\/wp\/v2\/pages\/234","targetHints":{"allow":["GET"]}}],"collection":[{"href":"https:\/\/coelpla.com.ar\/en\/wp-json\/wp\/v2\/pages"}],"about":[{"href":"https:\/\/coelpla.com.ar\/en\/wp-json\/wp\/v2\/types\/page"}],"author":[{"embeddable":true,"href":"https:\/\/coelpla.com.ar\/en\/wp-json\/wp\/v2\/users\/1"}],"replies":[{"embeddable":true,"href":"https:\/\/coelpla.com.ar\/en\/wp-json\/wp\/v2\/comments?post=234"}],"version-history":[{"count":5,"href":"https:\/\/coelpla.com.ar\/en\/wp-json\/wp\/v2\/pages\/234\/revisions"}],"predecessor-version":[{"id":242,"href":"https:\/\/coelpla.com.ar\/en\/wp-json\/wp\/v2\/pages\/234\/revisions\/242"}],"wp:attachment":[{"href":"https:\/\/coelpla.com.ar\/en\/wp-json\/wp\/v2\/media?parent=234"}],"curies":[{"name":"wp","href":"https:\/\/api.w.org\/{rel}","templated":true}]}}