{"id":224,"date":"2022-02-25T16:38:31","date_gmt":"2022-02-25T19:38:31","guid":{"rendered":"https:\/\/coelpla.com.ar\/?page_id=224"},"modified":"2022-02-25T16:52:59","modified_gmt":"2022-02-25T19:52:59","slug":"cable-viajero-redondo-combinado-cables-para-comando-energia-pares-blindados-y-coaxil","status":"publish","type":"page","link":"https:\/\/coelpla.com.ar\/en\/cable-viajero-redondo-combinado-cables-para-comando-energia-pares-blindados-y-coaxil\/","title":{"rendered":"CABLE TRAVELLER-ROUND COMBO. CABLES FOR COMMAND, ENERGY, PAIRS SHIELDED AND COAXIAL."},"content":{"rendered":"<section class=\"wpb-content-wrapper\"><section id=\"ut-section-69eaa4d195ce0\" data-vc-full-width=\"true\" data-vc-full-width-init=\"false\" data-cursor-skin=\"global\" class=\"vc_section ut-vc-120 vc_section-has-no-fill ut-section-69eaa4d195cf9\"><div id=\"ut-row-69eaa4d1969cb\" data-vc-full-width=\"true\" data-vc-full-width-init=\"false\" class=\"vc_row wpb_row vc_row-fluid vc_column-gap-0 ut-row-69eaa4d1969de\" ><div class=\"wpb_column vc_column_container vc_col-sm-12\" ><div id=\"ut_inner_column_69eaa4d1973e5\" class=\"vc_column-inner\" ><div class=\"wpb_wrapper\"><style type=\"text\/css\">#ut_custom_heading69eaa4d1976f7 { font-family: \"Raleway\";font-weight:400;font-style:normal; }#ut_custom_heading69eaa4d1976f7 { font-size:35px !important; }#ut_custom_heading69eaa4d1976f7 { text-align:left; }@media (min-width: 768px) and (max-width: 1024px) { #ut_custom_heading69eaa4d1976f7 { text-align:left; } }@media (max-width: 767px) { #ut_custom_heading69eaa4d1976f7 { text-align:left; } }<\/style><h1 id=\"ut_custom_heading69eaa4d1976f7\" data-responsive-font=\"h1\" data-responsive-font-settings=\"{&quot;base-font-size&quot;:&quot;global&quot;,&quot;font-size&quot;:{&quot;desktop_large&quot;:&quot;35&quot;},&quot;base-line-height&quot;:&quot;global&quot;,&quot;base-letter-spacing&quot;:&quot;global&quot;}\" class=\"ut-custom-heading-module\" ><span class=\"\" >CABLE TRAVELLER-ROUND COMBO. CABLES FOR COMMAND, ENERGY, PAIRS SHIELDED AND COAXIAL.<\/span><\/h1><div id=\"ut-row-inner-69eaa4d19ba36\" class=\"vc_row wpb_row vc_inner vc_row-fluid ut-row-inner-69eaa4d19ba4d\" ><div  class=\"wpb_column vc_column_container vc_col-sm-6\"><div id=\"ut-column-inner-69eaa4d19bed3\" class=\"vc_column-inner vc_column-inner-nested\"><div class=\"wpb_wrapper\"><div  class=\"wpb_content_element   clearfix\"><style type=\"text\/css\">#ut_am_69eaa4d19c4e5 { opacity: 1; }#ut_am_wrap_69eaa4d19c4e7 .ut-animated-image-zoom::after { background: url(https:\/\/coelpla.com.ar\/wp-content\/uploads\/2022\/02\/25-CABLE-REDONDO-COMBINADO-500x500-1.png); }#ut_am_wrap_69eaa4d19c4e7 { text-align: center; }@media (min-width: 768px) and (max-width: 1024px) { #ut_am_wrap_69eaa4d19c4e7 { text-align: center !important; } }@media (max-width: 767px) { #ut_am_wrap_69eaa4d19c4e7 { text-align: center !important; } }<\/style><div id=\"ut_am_wrap_69eaa4d19c4e7\" class=\"ut-image-gallery-image  ut-reveal-fx ut-element-with-block-reveal\"><div id=\"ut_reveal_69eaa4d19c4e8\" data-reveal-bgcolor=\"#000000\" data-reveal-direction=\"lr\" data-reveal-duration=\"750\" data-reveal-delay=\"200\" data-appear-top-offset=\"auto\" class=\"ut-animated-image-item ut-image-gallery-item ut-animation-done ut-reveal-fx-element ut-block-reveal-hide\"><a data-exthumbimage=\"https:\/\/coelpla.com.ar\/wp-content\/uploads\/2022\/02\/25-CABLE-REDONDO-COMBINADO-500x500-1-200x200.png\" href=\"https:\/\/coelpla.com.ar\/wp-content\/uploads\/2022\/02\/25-CABLE-REDONDO-COMBINADO-1920x780-1.png\" class=\"ut-vc-images-lightbox ut-wait-for-plugin\" data-title=\"\" data-caption=\"\" data-caption-color=\"\" data-caption-background=\"\" data-force-caption=\"on\"><div class=\"ut-animated-image-zoom\">\r\n        <div class=\"ut-element-glitch-wrap\">\r\n\r\n            \r\n        <style type=\"text\/css\">\r\n\r\n                        \r\n        @media (min-width: 1025px) {\r\n\r\n        #ut-element-glitch-69eaa4d19cf35381060217-226 .ut-glitch-single-element {\r\n                                            \r\n                }\r\n        }\r\n\r\n        @media (min-width: 768px) and (max-width: 1024px) {\r\n\r\n        #ut-element-glitch-69eaa4d19cf35381060217-226 .ut-glitch-single-element {\r\n                                                \r\n                    }\r\n        }\r\n\r\n        @media (max-width: 767px) {\r\n\r\n        #ut-element-glitch-69eaa4d19cf35381060217-226 .ut-glitch-single-element {\r\n                                                \r\n                    }\r\n        }\r\n\r\n        \r\n        <\/style>\r\n\r\n        \r\n            <div id=\"ut-element-glitch-69eaa4d19cf35381060217-226\" class=\"ut-element-glitch ut-glitch-none ut-element-glitch-permanent\">\r\n                <div class=\"ut-glitch-single-element ut-lozad skip-lazy\" data-background-image=\"https:\/\/coelpla.com.ar\/wp-content\/uploads\/2022\/02\/25-CABLE-REDONDO-COMBINADO-500x500-1.png\"><\/div>\r\n                <div class=\"ut-glitch-single-element ut-lozad skip-lazy\" data-background-image=\"https:\/\/coelpla.com.ar\/wp-content\/uploads\/2022\/02\/25-CABLE-REDONDO-COMBINADO-500x500-1.png\"><\/div>\r\n                <div class=\"ut-glitch-single-element ut-lozad skip-lazy\" data-background-image=\"https:\/\/coelpla.com.ar\/wp-content\/uploads\/2022\/02\/25-CABLE-REDONDO-COMBINADO-500x500-1.png\"><\/div>\r\n                <div class=\"ut-glitch-single-element ut-lozad skip-lazy\" data-background-image=\"https:\/\/coelpla.com.ar\/wp-content\/uploads\/2022\/02\/25-CABLE-REDONDO-COMBINADO-500x500-1.png\"><\/div>\r\n                <div class=\"ut-glitch-single-element ut-lozad skip-lazy\" data-background-image=\"https:\/\/coelpla.com.ar\/wp-content\/uploads\/2022\/02\/25-CABLE-REDONDO-COMBINADO-500x500-1.png\"><\/div>\r\n            <\/div>\r\n\r\n        <\/div>\r\n\r\n        <img loading=\"lazy\" decoding=\"async\" class=\"ut-lazy skip-lazy ut-animated-image\"  id=\"ut_am_69eaa4d19c4e5\" src=\"data:image\/svg+xml;charset=utf-8,%3Csvg xmlns%3D'http%3A%2F%2Fwww.w3.org%2F2000%2Fsvg' viewBox%3D'0 0 500 500'%2F%3E\" data-src=\"https:\/\/coelpla.com.ar\/wp-content\/uploads\/2022\/02\/25-CABLE-REDONDO-COMBINADO-500x500-1.png\" width=\"500\" height=\"500\" alt=\"CABLE VIAJERO-REDONDO COMBINADO. CABLES PARA COMANDO, ENERG\u00cdA, PARES BLINDADOS Y COAXIL.\"\/><\/div><\/a><\/div><\/div><\/div><\/div><\/div><\/div><div  class=\"wpb_column vc_column_container vc_col-sm-6\"><div id=\"ut-column-inner-69eaa4d19d2a1\" class=\"vc_column-inner vc_column-inner-nested\"><div class=\"wpb_wrapper\"><style type=\"text\/css\">#ut_custom_heading69eaa4d19d433 { font-family: \"Raleway\";font-weight:500;font-style:normal; }#ut_custom_heading69eaa4d19d433 { font-size:20px !important; }#ut_custom_heading69eaa4d19d433 { text-align:left; }@media (min-width: 768px) and (max-width: 1024px) { #ut_custom_heading69eaa4d19d433 { text-align:left; } }@media (max-width: 767px) { #ut_custom_heading69eaa4d19d433 { text-align:left; } }#ut_custom_heading69eaa4d19d433 span { border-left-style:solid;border-left-color:#fe8b54;border-left-width:5px;padding-left:10px;display:inline-block; }<\/style><h3 id=\"ut_custom_heading69eaa4d19d433\" data-responsive-font=\"h3\" data-responsive-font-settings=\"{&quot;base-font-size&quot;:&quot;global&quot;,&quot;font-size&quot;:{&quot;desktop_large&quot;:&quot;20&quot;},&quot;base-line-height&quot;:&quot;global&quot;,&quot;base-letter-spacing&quot;:&quot;global&quot;}\" class=\"ut-custom-heading-module\" ><span class=\"\" >General Characteristics<br \/>\n<\/span><\/h3><style type=\"text\/css\">#ut_custom_heading69eaa4d19d4c7 { font-size:14px !important;line-height:28px !important; }#ut_custom_heading69eaa4d19d4c7 { text-align:left; }@media (min-width: 768px) and (max-width: 1024px) { #ut_custom_heading69eaa4d19d4c7 { text-align:left; } }@media (max-width: 767px) { #ut_custom_heading69eaa4d19d4c7 { text-align:left; } }<\/style><p id=\"ut_custom_heading69eaa4d19d4c7\" data-responsive-font=\"p\" data-responsive-font-settings=\"{&quot;base-font-size&quot;:&quot;global&quot;,&quot;font-size&quot;:{&quot;desktop_large&quot;:&quot;14&quot;},&quot;base-line-height&quot;:&quot;global&quot;,&quot;line-height&quot;:{&quot;desktop_large&quot;:&quot;28&quot;},&quot;base-letter-spacing&quot;:&quot;global&quot;}\" class=\"ut-custom-heading-module\" ><span class=\"\" >The conductors are formed by strings of copper Class 5 insulation PVC anti-flame and sheath of flexible PVC with a flame retardant.<br \/>\nBased on specifications according to IEC Standard No. 60227-6 71 F; UNE en 50214.<br \/>\nPairs shielded: Each one of the pairs shielded consists of two insulated conductors and matched with a drainage rope tinned; on the same sheets of poly\u00e9ster and aluminium, on a sheath end of the PVC.<br \/>\nOptional Combined over coax cable according to requirement of the manufacturer.<\/span><\/p><style type=\"text\/css\">#ut_custom_heading69eaa4d19d55d { font-family: \"Raleway\";font-weight:500;font-style:normal; }#ut_custom_heading69eaa4d19d55d { font-size:20px !important; }#ut_custom_heading69eaa4d19d55d { text-align:left; }@media (min-width: 768px) and (max-width: 1024px) { #ut_custom_heading69eaa4d19d55d { text-align:left; } }@media (max-width: 767px) { #ut_custom_heading69eaa4d19d55d { text-align:left; } }#ut_custom_heading69eaa4d19d55d span { border-left-style:solid;border-left-color:#fe8b54;border-left-width:5px;padding-left:10px;display:inline-block; }<\/style><h3 id=\"ut_custom_heading69eaa4d19d55d\" data-responsive-font=\"h3\" data-responsive-font-settings=\"{&quot;base-font-size&quot;:&quot;global&quot;,&quot;font-size&quot;:{&quot;desktop_large&quot;:&quot;20&quot;},&quot;base-line-height&quot;:&quot;global&quot;,&quot;base-letter-spacing&quot;:&quot;global&quot;}\" class=\"ut-custom-heading-module\" ><span class=\"\" >Identification<\/span><\/h3><style type=\"text\/css\">#ut_custom_heading69eaa4d19d5da { font-size:14px !important;line-height:28px !important; }#ut_custom_heading69eaa4d19d5da { text-align:left; }@media (min-width: 768px) and (max-width: 1024px) { #ut_custom_heading69eaa4d19d5da { text-align:left; } }@media (max-width: 767px) { #ut_custom_heading69eaa4d19d5da { text-align:left; } }<\/style><p id=\"ut_custom_heading69eaa4d19d5da\" data-responsive-font=\"p\" data-responsive-font-settings=\"{&quot;base-font-size&quot;:&quot;global&quot;,&quot;font-size&quot;:{&quot;desktop_large&quot;:&quot;14&quot;},&quot;base-line-height&quot;:&quot;global&quot;,&quot;line-height&quot;:{&quot;desktop_large&quot;:&quot;28&quot;},&quot;base-letter-spacing&quot;:&quot;global&quot;}\" class=\"ut-custom-heading-module\" ><span class=\"\" >The drivers are grouped into crowns, by colour, and numbered consecutively. The sheath outer wears printed on the same brand COELPLA, , section, and number of conductors, voltage, country of origin, and feet marked in a sequential way.<\/span><\/p><style type=\"text\/css\">#ut_custom_heading69eaa4d19d66b { font-family: \"Raleway\";font-weight:500;font-style:normal; }#ut_custom_heading69eaa4d19d66b { font-size:20px !important; }#ut_custom_heading69eaa4d19d66b { text-align:left; }@media (min-width: 768px) and (max-width: 1024px) { #ut_custom_heading69eaa4d19d66b { text-align:left; } }@media (max-width: 767px) { #ut_custom_heading69eaa4d19d66b { text-align:left; } }#ut_custom_heading69eaa4d19d66b span { border-left-style:solid;border-left-color:#fe8b54;border-left-width:5px;padding-left:10px;display:inline-block; }<\/style><h3 id=\"ut_custom_heading69eaa4d19d66b\" data-responsive-font=\"h3\" data-responsive-font-settings=\"{&quot;base-font-size&quot;:&quot;global&quot;,&quot;font-size&quot;:{&quot;desktop_large&quot;:&quot;20&quot;},&quot;base-line-height&quot;:&quot;global&quot;,&quot;base-letter-spacing&quot;:&quot;global&quot;}\" class=\"ut-custom-heading-module\" ><span class=\"\" >Electrical characteristics<br \/>\n<\/span><\/h3><style type=\"text\/css\">#ut_custom_heading69eaa4d19d6d5 { font-size:14px !important;line-height:28px !important; }#ut_custom_heading69eaa4d19d6d5 { text-align:left; }@media (min-width: 768px) and (max-width: 1024px) { #ut_custom_heading69eaa4d19d6d5 { text-align:left; } }@media (max-width: 767px) { #ut_custom_heading69eaa4d19d6d5 { text-align:left; } }<\/style><p id=\"ut_custom_heading69eaa4d19d6d5\" data-responsive-font=\"p\" data-responsive-font-settings=\"{&quot;base-font-size&quot;:&quot;global&quot;,&quot;font-size&quot;:{&quot;desktop_large&quot;:&quot;14&quot;},&quot;base-line-height&quot;:&quot;global&quot;,&quot;line-height&quot;:{&quot;desktop_large&quot;:&quot;28&quot;},&quot;base-letter-spacing&quot;:&quot;global&quot;}\" class=\"ut-custom-heading-module\" ><span class=\"\" >Section 0.75 mm2 to 2.50 mm2 \u2013 rated Voltage:300\/500 V Section 0.50 mm2 \u2013 rated Voltage:300\/300 V<\/span><\/p><style type=\"text\/css\">#ut_custom_heading69eaa4d19d75e { font-family: \"Raleway\";font-weight:500;font-style:normal; }#ut_custom_heading69eaa4d19d75e { font-size:20px !important; }#ut_custom_heading69eaa4d19d75e { text-align:left; }@media (min-width: 768px) and (max-width: 1024px) { #ut_custom_heading69eaa4d19d75e { text-align:left; } }@media (max-width: 767px) { #ut_custom_heading69eaa4d19d75e { text-align:left; } }#ut_custom_heading69eaa4d19d75e span { border-left-style:solid;border-left-color:#fe8b54;border-left-width:5px;padding-left:10px;display:inline-block; }<\/style><h3 id=\"ut_custom_heading69eaa4d19d75e\" data-responsive-font=\"h3\" data-responsive-font-settings=\"{&quot;base-font-size&quot;:&quot;global&quot;,&quot;font-size&quot;:{&quot;desktop_large&quot;:&quot;20&quot;},&quot;base-line-height&quot;:&quot;global&quot;,&quot;base-letter-spacing&quot;:&quot;global&quot;}\" class=\"ut-custom-heading-module\" ><span class=\"\" >Conditioning<\/span><\/h3><style type=\"text\/css\">#ut_custom_heading69eaa4d19d7c5 { font-size:14px !important;line-height:28px !important; }#ut_custom_heading69eaa4d19d7c5 { text-align:left; }@media (min-width: 768px) and (max-width: 1024px) { #ut_custom_heading69eaa4d19d7c5 { text-align:left; } }@media (max-width: 767px) { #ut_custom_heading69eaa4d19d7c5 { text-align:left; } }<\/style><p id=\"ut_custom_heading69eaa4d19d7c5\" data-responsive-font=\"p\" data-responsive-font-settings=\"{&quot;base-font-size&quot;:&quot;global&quot;,&quot;font-size&quot;:{&quot;desktop_large&quot;:&quot;14&quot;},&quot;base-line-height&quot;:&quot;global&quot;,&quot;line-height&quot;:{&quot;desktop_large&quot;:&quot;28&quot;},&quot;base-letter-spacing&quot;:&quot;global&quot;}\" class=\"ut-custom-heading-module\" ><span class=\"\" >In coils.<\/span><\/p><\/div><\/div><\/div><\/div><\/div><\/div><\/div><\/div><div class=\"vc_row-full-width vc_clearfix\"><\/div><div id=\"ut-row-69eaa4d19e0ce\" data-vc-full-width=\"true\" data-vc-full-width-init=\"false\" class=\"vc_row wpb_row vc_row-fluid vc_column-gap-0 ut-row-69eaa4d19e0dd\" ><div class=\"wpb_column vc_column_container vc_col-sm-12\" ><div id=\"ut_inner_column_69eaa4d19e893\" class=\"vc_column-inner\" ><div class=\"wpb_wrapper\"><div class=\"vc_empty_space\"   style=\"height: 40px\"><span class=\"vc_empty_space_inner\"><\/span><\/div><div  class=\"wpb_content_element   clearfix\"><style type=\"text\/css\">#ut_am_69eaa4d19f052 { opacity: 1; }#ut_am_wrap_69eaa4d19f053 { text-align: center; }@media (min-width: 768px) and (max-width: 1024px) { #ut_am_wrap_69eaa4d19f053 { text-align: center !important; } }@media (max-width: 767px) { #ut_am_wrap_69eaa4d19f053 { text-align: center !important; } }<\/style><div id=\"ut_am_wrap_69eaa4d19f053\" class=\"ut-image-gallery-image  ut-reveal-fx ut-element-with-block-reveal\"><div id=\"ut_reveal_69eaa4d19f054\" data-reveal-bgcolor=\"#000000\" data-reveal-direction=\"lr\" data-reveal-duration=\"750\" data-reveal-delay=\"200\" data-appear-top-offset=\"auto\" class=\"ut-animated-image-item ut-image-gallery-item ut-animation-done ut-reveal-fx-element ut-block-reveal-hide\"><a class=\"ut-deactivated-link\" href=\"#\"><div class=\"ut-animated-image-zoom\">\r\n        <div class=\"ut-element-glitch-wrap\">\r\n\r\n            \r\n        <style type=\"text\/css\">\r\n\r\n                        \r\n        @media (min-width: 1025px) {\r\n\r\n        #ut-element-glitch-69eaa4d19f08b884643804-231 .ut-glitch-single-element {\r\n                                            \r\n                }\r\n        }\r\n\r\n        @media (min-width: 768px) and (max-width: 1024px) {\r\n\r\n        #ut-element-glitch-69eaa4d19f08b884643804-231 .ut-glitch-single-element {\r\n                                                \r\n                    }\r\n        }\r\n\r\n        @media (max-width: 767px) {\r\n\r\n        #ut-element-glitch-69eaa4d19f08b884643804-231 .ut-glitch-single-element {\r\n                                                \r\n                    }\r\n        }\r\n\r\n        \r\n        <\/style>\r\n\r\n        \r\n            <div id=\"ut-element-glitch-69eaa4d19f08b884643804-231\" class=\"ut-element-glitch ut-glitch-none ut-element-glitch-permanent\">\r\n                <div class=\"ut-glitch-single-element ut-lozad skip-lazy\" data-background-image=\"https:\/\/coelpla.com.ar\/wp-content\/uploads\/2022\/02\/table-8.png\"><\/div>\r\n                <div class=\"ut-glitch-single-element ut-lozad skip-lazy\" data-background-image=\"https:\/\/coelpla.com.ar\/wp-content\/uploads\/2022\/02\/table-8.png\"><\/div>\r\n                <div class=\"ut-glitch-single-element ut-lozad skip-lazy\" data-background-image=\"https:\/\/coelpla.com.ar\/wp-content\/uploads\/2022\/02\/table-8.png\"><\/div>\r\n                <div class=\"ut-glitch-single-element ut-lozad skip-lazy\" data-background-image=\"https:\/\/coelpla.com.ar\/wp-content\/uploads\/2022\/02\/table-8.png\"><\/div>\r\n                <div class=\"ut-glitch-single-element ut-lozad skip-lazy\" data-background-image=\"https:\/\/coelpla.com.ar\/wp-content\/uploads\/2022\/02\/table-8.png\"><\/div>\r\n            <\/div>\r\n\r\n        <\/div>\r\n\r\n        <img loading=\"lazy\" decoding=\"async\" class=\"ut-lazy skip-lazy ut-animated-image\"  id=\"ut_am_69eaa4d19f052\" src=\"data:image\/svg+xml;charset=utf-8,%3Csvg xmlns%3D'http%3A%2F%2Fwww.w3.org%2F2000%2Fsvg' viewBox%3D'0 0 790 191'%2F%3E\" data-src=\"https:\/\/coelpla.com.ar\/wp-content\/uploads\/2022\/02\/table-8.png\" width=\"790\" height=\"191\" alt=\"CABLE VIAJERO-REDONDO COMBINADO. CABLES PARA COMANDO, ENERG\u00cdA, PARES BLINDADOS Y COAXIL.\"\/><\/div><\/a><\/div><\/div><\/div><\/div><\/div><\/div><\/div><div class=\"vc_row-full-width vc_clearfix\"><\/div><a data-id=\"section-without-id\" class=\"ut-vc-offset-anchor-bottom\" name=\"section-without-id\"><\/a><\/section><div class=\"vc_row-full-width vc_clearfix\"><\/div>\n<\/section>","protected":false},"excerpt":{"rendered":"CABLE VIAJERO-REDONDO COMBINADO. CABLES PARA COMANDO, ENERG\u00cdA, PARES BLINDADOS Y COAXIL. Caracter\u00edsticas Generales Los conductores est\u00e1n formados por cuerdas de cobre Clase 5 con aislaci\u00f3n de PVC anti-llama y vaina de PVC flexible con retardante de llama. Basadas en especificaciones seg\u00fan Norma IEC N\u00ba 60227-6 71 F; UNE EN 50214. Pares blindados: Cada uno de [...]","protected":false},"author":1,"featured_media":0,"parent":0,"menu_order":0,"comment_status":"closed","ping_status":"closed","template":"","meta":{"_joinchat":[],"footnotes":""},"class_list":["post-224","page","type-page","status-publish","hentry"],"_links":{"self":[{"href":"https:\/\/coelpla.com.ar\/en\/wp-json\/wp\/v2\/pages\/224","targetHints":{"allow":["GET"]}}],"collection":[{"href":"https:\/\/coelpla.com.ar\/en\/wp-json\/wp\/v2\/pages"}],"about":[{"href":"https:\/\/coelpla.com.ar\/en\/wp-json\/wp\/v2\/types\/page"}],"author":[{"embeddable":true,"href":"https:\/\/coelpla.com.ar\/en\/wp-json\/wp\/v2\/users\/1"}],"replies":[{"embeddable":true,"href":"https:\/\/coelpla.com.ar\/en\/wp-json\/wp\/v2\/comments?post=224"}],"version-history":[{"count":4,"href":"https:\/\/coelpla.com.ar\/en\/wp-json\/wp\/v2\/pages\/224\/revisions"}],"predecessor-version":[{"id":232,"href":"https:\/\/coelpla.com.ar\/en\/wp-json\/wp\/v2\/pages\/224\/revisions\/232"}],"wp:attachment":[{"href":"https:\/\/coelpla.com.ar\/en\/wp-json\/wp\/v2\/media?parent=224"}],"curies":[{"name":"wp","href":"https:\/\/api.w.org\/{rel}","templated":true}]}}