{"id":206,"date":"2022-02-24T17:30:26","date_gmt":"2022-02-24T20:30:26","guid":{"rendered":"https:\/\/coelpla.com.ar\/?page_id=206"},"modified":"2022-02-24T17:43:54","modified_gmt":"2022-02-24T20:43:54","slug":"cable-viajero-comando-ascensor-plano-con-soporte-de-acero","status":"publish","type":"page","link":"https:\/\/coelpla.com.ar\/en\/cable-viajero-comando-ascensor-plano-con-soporte-de-acero\/","title":{"rendered":"CABLE TRAVELLER-COMMAND LIFT PLANE WITH STEEL BRACKET"},"content":{"rendered":"<section class=\"wpb-content-wrapper\"><section id=\"ut-section-69eaa1775288a\" data-vc-full-width=\"true\" data-vc-full-width-init=\"false\" data-cursor-skin=\"global\" class=\"vc_section ut-vc-120 vc_section-has-no-fill ut-section-69eaa1775289b\"><div id=\"ut-row-69eaa177530fa\" data-vc-full-width=\"true\" data-vc-full-width-init=\"false\" class=\"vc_row wpb_row vc_row-fluid vc_column-gap-0 ut-row-69eaa17753109\" ><div class=\"wpb_column vc_column_container vc_col-sm-12\" ><div id=\"ut_inner_column_69eaa1775395b\" class=\"vc_column-inner\" ><div class=\"wpb_wrapper\"><style type=\"text\/css\">#ut_custom_heading69eaa17753c3e { font-family: \"Raleway\";font-weight:400;font-style:normal; }#ut_custom_heading69eaa17753c3e { font-size:35px !important; }#ut_custom_heading69eaa17753c3e { text-align:left; }@media (min-width: 768px) and (max-width: 1024px) { #ut_custom_heading69eaa17753c3e { text-align:left; } }@media (max-width: 767px) { #ut_custom_heading69eaa17753c3e { text-align:left; } }<\/style><h1 id=\"ut_custom_heading69eaa17753c3e\" data-responsive-font=\"h1\" data-responsive-font-settings=\"{&quot;base-font-size&quot;:&quot;global&quot;,&quot;font-size&quot;:{&quot;desktop_large&quot;:&quot;35&quot;},&quot;base-line-height&quot;:&quot;global&quot;,&quot;base-letter-spacing&quot;:&quot;global&quot;}\" class=\"ut-custom-heading-module\" ><span class=\"\" >CABLE TRAVELLER-COMMAND LIFT PLANE WITH STEEL BRACKET<\/span><\/h1><div id=\"ut-row-inner-69eaa17757da9\" class=\"vc_row wpb_row vc_inner vc_row-fluid ut-row-inner-69eaa17757dc3\" ><div  class=\"wpb_column vc_column_container vc_col-sm-6\"><div id=\"ut-column-inner-69eaa17758219\" class=\"vc_column-inner vc_column-inner-nested\"><div class=\"wpb_wrapper\"><div  class=\"wpb_content_element   clearfix\"><style type=\"text\/css\">#ut_am_69eaa1775887c { opacity: 1; }#ut_am_wrap_69eaa1775887e .ut-animated-image-zoom::after { background: url(https:\/\/coelpla.com.ar\/wp-content\/uploads\/2022\/02\/12-CABLE-COMANDO-PLANO-CON-SOPORTES-DE-ACERO-500x500-1.png); }#ut_am_wrap_69eaa1775887e { text-align: center; }@media (min-width: 768px) and (max-width: 1024px) { #ut_am_wrap_69eaa1775887e { text-align: center !important; } }@media (max-width: 767px) { #ut_am_wrap_69eaa1775887e { text-align: center !important; } }<\/style><div id=\"ut_am_wrap_69eaa1775887e\" class=\"ut-image-gallery-image  ut-reveal-fx ut-element-with-block-reveal\"><div id=\"ut_reveal_69eaa1775887f\" data-reveal-bgcolor=\"#000000\" data-reveal-direction=\"lr\" data-reveal-duration=\"750\" data-reveal-delay=\"200\" data-appear-top-offset=\"auto\" class=\"ut-animated-image-item ut-image-gallery-item ut-animation-done ut-reveal-fx-element ut-block-reveal-hide\"><a data-exthumbimage=\"https:\/\/coelpla.com.ar\/wp-content\/uploads\/2022\/02\/12-CABLE-COMANDO-PLANO-CON-SOPORTES-DE-ACERO-500x500-1-200x200.png\" href=\"https:\/\/coelpla.com.ar\/wp-content\/uploads\/2022\/02\/12-CABLE-COMANDO-PLANO-CON-SOPORTES-DE-ACERO-1920x780-1.png\" class=\"ut-vc-images-lightbox ut-wait-for-plugin\" data-title=\"\" data-caption=\"\" data-caption-color=\"\" data-caption-background=\"\" data-force-caption=\"on\"><div class=\"ut-animated-image-zoom\">\r\n        <div class=\"ut-element-glitch-wrap\">\r\n\r\n            \r\n        <style type=\"text\/css\">\r\n\r\n                        \r\n        @media (min-width: 1025px) {\r\n\r\n        #ut-element-glitch-69eaa17759257609755765-209 .ut-glitch-single-element {\r\n                                            \r\n                }\r\n        }\r\n\r\n        @media (min-width: 768px) and (max-width: 1024px) {\r\n\r\n        #ut-element-glitch-69eaa17759257609755765-209 .ut-glitch-single-element {\r\n                                                \r\n                    }\r\n        }\r\n\r\n        @media (max-width: 767px) {\r\n\r\n        #ut-element-glitch-69eaa17759257609755765-209 .ut-glitch-single-element {\r\n                                                \r\n                    }\r\n        }\r\n\r\n        \r\n        <\/style>\r\n\r\n        \r\n            <div id=\"ut-element-glitch-69eaa17759257609755765-209\" class=\"ut-element-glitch ut-glitch-none ut-element-glitch-permanent\">\r\n                <div class=\"ut-glitch-single-element ut-lozad skip-lazy\" data-background-image=\"https:\/\/coelpla.com.ar\/wp-content\/uploads\/2022\/02\/12-CABLE-COMANDO-PLANO-CON-SOPORTES-DE-ACERO-500x500-1.png\"><\/div>\r\n                <div class=\"ut-glitch-single-element ut-lozad skip-lazy\" data-background-image=\"https:\/\/coelpla.com.ar\/wp-content\/uploads\/2022\/02\/12-CABLE-COMANDO-PLANO-CON-SOPORTES-DE-ACERO-500x500-1.png\"><\/div>\r\n                <div class=\"ut-glitch-single-element ut-lozad skip-lazy\" data-background-image=\"https:\/\/coelpla.com.ar\/wp-content\/uploads\/2022\/02\/12-CABLE-COMANDO-PLANO-CON-SOPORTES-DE-ACERO-500x500-1.png\"><\/div>\r\n                <div class=\"ut-glitch-single-element ut-lozad skip-lazy\" data-background-image=\"https:\/\/coelpla.com.ar\/wp-content\/uploads\/2022\/02\/12-CABLE-COMANDO-PLANO-CON-SOPORTES-DE-ACERO-500x500-1.png\"><\/div>\r\n                <div class=\"ut-glitch-single-element ut-lozad skip-lazy\" data-background-image=\"https:\/\/coelpla.com.ar\/wp-content\/uploads\/2022\/02\/12-CABLE-COMANDO-PLANO-CON-SOPORTES-DE-ACERO-500x500-1.png\"><\/div>\r\n            <\/div>\r\n\r\n        <\/div>\r\n\r\n        <img loading=\"lazy\" decoding=\"async\" class=\"ut-lazy skip-lazy ut-animated-image\"  id=\"ut_am_69eaa1775887c\" src=\"data:image\/svg+xml;charset=utf-8,%3Csvg xmlns%3D'http%3A%2F%2Fwww.w3.org%2F2000%2Fsvg' viewBox%3D'0 0 500 500'%2F%3E\" data-src=\"https:\/\/coelpla.com.ar\/wp-content\/uploads\/2022\/02\/12-CABLE-COMANDO-PLANO-CON-SOPORTES-DE-ACERO-500x500-1.png\" width=\"500\" height=\"500\" alt=\"CABLE VIAJERO-COMANDO ASCENSOR PLANO CON SOPORTE DE ACERO\"\/><\/div><\/a><\/div><\/div><\/div><\/div><\/div><\/div><div  class=\"wpb_column vc_column_container vc_col-sm-6\"><div id=\"ut-column-inner-69eaa177595c7\" class=\"vc_column-inner vc_column-inner-nested\"><div class=\"wpb_wrapper\"><style type=\"text\/css\">#ut_custom_heading69eaa1775974a { font-family: \"Raleway\";font-weight:500;font-style:normal; }#ut_custom_heading69eaa1775974a { font-size:20px !important; }#ut_custom_heading69eaa1775974a { text-align:left; }@media (min-width: 768px) and (max-width: 1024px) { #ut_custom_heading69eaa1775974a { text-align:left; } }@media (max-width: 767px) { #ut_custom_heading69eaa1775974a { text-align:left; } }#ut_custom_heading69eaa1775974a span { border-left-style:solid;border-left-color:#fe8b54;border-left-width:5px;padding-left:10px;display:inline-block; }<\/style><h3 id=\"ut_custom_heading69eaa1775974a\" data-responsive-font=\"h3\" data-responsive-font-settings=\"{&quot;base-font-size&quot;:&quot;global&quot;,&quot;font-size&quot;:{&quot;desktop_large&quot;:&quot;20&quot;},&quot;base-line-height&quot;:&quot;global&quot;,&quot;base-letter-spacing&quot;:&quot;global&quot;}\" class=\"ut-custom-heading-module\" ><span class=\"\" >Identification<br \/>\n<\/span><\/h3><style type=\"text\/css\">#ut_custom_heading69eaa177597e9 { font-size:14px !important;line-height:28px !important; }#ut_custom_heading69eaa177597e9 { text-align:left; }@media (min-width: 768px) and (max-width: 1024px) { #ut_custom_heading69eaa177597e9 { text-align:left; } }@media (max-width: 767px) { #ut_custom_heading69eaa177597e9 { text-align:left; } }<\/style><p id=\"ut_custom_heading69eaa177597e9\" data-responsive-font=\"p\" data-responsive-font-settings=\"{&quot;base-font-size&quot;:&quot;global&quot;,&quot;font-size&quot;:{&quot;desktop_large&quot;:&quot;14&quot;},&quot;base-line-height&quot;:&quot;global&quot;,&quot;line-height&quot;:{&quot;desktop_large&quot;:&quot;28&quot;},&quot;base-letter-spacing&quot;:&quot;global&quot;}\" class=\"ut-custom-heading-module\" ><span class=\"\" >The drivers are grouped into cells, and numbered consecutively.<br \/>\nInsulated PVC flexible, anti-flame and sheath outer color black.<br \/>\nBased on the specifications according to IEC standard No. 60227-6 71 F; UNE-en 50214.<\/span><\/p><style type=\"text\/css\">#ut_custom_heading69eaa1775987f { font-family: \"Raleway\";font-weight:500;font-style:normal; }#ut_custom_heading69eaa1775987f { font-size:20px !important; }#ut_custom_heading69eaa1775987f { text-align:left; }@media (min-width: 768px) and (max-width: 1024px) { #ut_custom_heading69eaa1775987f { text-align:left; } }@media (max-width: 767px) { #ut_custom_heading69eaa1775987f { text-align:left; } }#ut_custom_heading69eaa1775987f span { border-left-style:solid;border-left-color:#fe8b54;border-left-width:5px;padding-left:10px;display:inline-block; }<\/style><h3 id=\"ut_custom_heading69eaa1775987f\" data-responsive-font=\"h3\" data-responsive-font-settings=\"{&quot;base-font-size&quot;:&quot;global&quot;,&quot;font-size&quot;:{&quot;desktop_large&quot;:&quot;20&quot;},&quot;base-line-height&quot;:&quot;global&quot;,&quot;base-letter-spacing&quot;:&quot;global&quot;}\" class=\"ut-custom-heading-module\" ><span class=\"\" >Electrical characteristics<br \/>\n<\/span><\/h3><style type=\"text\/css\">#ut_custom_heading69eaa177598ed { font-size:14px !important;line-height:28px !important; }#ut_custom_heading69eaa177598ed { text-align:left; }@media (min-width: 768px) and (max-width: 1024px) { #ut_custom_heading69eaa177598ed { text-align:left; } }@media (max-width: 767px) { #ut_custom_heading69eaa177598ed { text-align:left; } }<\/style><p id=\"ut_custom_heading69eaa177598ed\" data-responsive-font=\"p\" data-responsive-font-settings=\"{&quot;base-font-size&quot;:&quot;global&quot;,&quot;font-size&quot;:{&quot;desktop_large&quot;:&quot;14&quot;},&quot;base-line-height&quot;:&quot;global&quot;,&quot;line-height&quot;:{&quot;desktop_large&quot;:&quot;28&quot;},&quot;base-letter-spacing&quot;:&quot;global&quot;}\" class=\"ut-custom-heading-module\" ><span class=\"\" >Rated voltage: 300 \/ 500 V<\/span><\/p><style type=\"text\/css\">#ut_custom_heading69eaa17759978 { font-family: \"Raleway\";font-weight:500;font-style:normal; }#ut_custom_heading69eaa17759978 { font-size:20px !important; }#ut_custom_heading69eaa17759978 { text-align:left; }@media (min-width: 768px) and (max-width: 1024px) { #ut_custom_heading69eaa17759978 { text-align:left; } }@media (max-width: 767px) { #ut_custom_heading69eaa17759978 { text-align:left; } }#ut_custom_heading69eaa17759978 span { border-left-style:solid;border-left-color:#fe8b54;border-left-width:5px;padding-left:10px;display:inline-block; }<\/style><h3 id=\"ut_custom_heading69eaa17759978\" data-responsive-font=\"h3\" data-responsive-font-settings=\"{&quot;base-font-size&quot;:&quot;global&quot;,&quot;font-size&quot;:{&quot;desktop_large&quot;:&quot;20&quot;},&quot;base-line-height&quot;:&quot;global&quot;,&quot;base-letter-spacing&quot;:&quot;global&quot;}\" class=\"ut-custom-heading-module\" ><span class=\"\" >Uses<\/span><\/h3><style type=\"text\/css\">#ut_custom_heading69eaa177599e2 { font-size:14px !important;line-height:28px !important; }#ut_custom_heading69eaa177599e2 { text-align:left; }@media (min-width: 768px) and (max-width: 1024px) { #ut_custom_heading69eaa177599e2 { text-align:left; } }@media (max-width: 767px) { #ut_custom_heading69eaa177599e2 { text-align:left; } }<\/style><p id=\"ut_custom_heading69eaa177599e2\" data-responsive-font=\"p\" data-responsive-font-settings=\"{&quot;base-font-size&quot;:&quot;global&quot;,&quot;font-size&quot;:{&quot;desktop_large&quot;:&quot;14&quot;},&quot;base-line-height&quot;:&quot;global&quot;,&quot;line-height&quot;:{&quot;desktop_large&quot;:&quot;28&quot;},&quot;base-letter-spacing&quot;:&quot;global&quot;}\" class=\"ut-custom-heading-module\" ><span class=\"\" >Cables for lifts interior and panoramic views.<br \/>\nRecommended for suspensions over the age of 60 meters.<\/span><\/p><style type=\"text\/css\">#ut_custom_heading69eaa17759a6b { font-family: \"Raleway\";font-weight:500;font-style:normal; }#ut_custom_heading69eaa17759a6b { font-size:20px !important; }#ut_custom_heading69eaa17759a6b { text-align:left; }@media (min-width: 768px) and (max-width: 1024px) { #ut_custom_heading69eaa17759a6b { text-align:left; } }@media (max-width: 767px) { #ut_custom_heading69eaa17759a6b { text-align:left; } }#ut_custom_heading69eaa17759a6b span { border-left-style:solid;border-left-color:#fe8b54;border-left-width:5px;padding-left:10px;display:inline-block; }<\/style><h3 id=\"ut_custom_heading69eaa17759a6b\" data-responsive-font=\"h3\" data-responsive-font-settings=\"{&quot;base-font-size&quot;:&quot;global&quot;,&quot;font-size&quot;:{&quot;desktop_large&quot;:&quot;20&quot;},&quot;base-line-height&quot;:&quot;global&quot;,&quot;base-letter-spacing&quot;:&quot;global&quot;}\" class=\"ut-custom-heading-module\" ><span class=\"\" >Conditioning<\/span><\/h3><style type=\"text\/css\">#ut_custom_heading69eaa17759ad1 { font-size:14px !important;line-height:28px !important; }#ut_custom_heading69eaa17759ad1 { text-align:left; }@media (min-width: 768px) and (max-width: 1024px) { #ut_custom_heading69eaa17759ad1 { text-align:left; } }@media (max-width: 767px) { #ut_custom_heading69eaa17759ad1 { text-align:left; } }<\/style><p id=\"ut_custom_heading69eaa17759ad1\" data-responsive-font=\"p\" data-responsive-font-settings=\"{&quot;base-font-size&quot;:&quot;global&quot;,&quot;font-size&quot;:{&quot;desktop_large&quot;:&quot;14&quot;},&quot;base-line-height&quot;:&quot;global&quot;,&quot;line-height&quot;:{&quot;desktop_large&quot;:&quot;28&quot;},&quot;base-letter-spacing&quot;:&quot;global&quot;}\" class=\"ut-custom-heading-module\" ><span class=\"\" >In coils.<\/span><\/p><\/div><\/div><\/div><\/div><\/div><\/div><\/div><\/div><div class=\"vc_row-full-width vc_clearfix\"><\/div><div id=\"ut-row-69eaa1775a409\" data-vc-full-width=\"true\" data-vc-full-width-init=\"false\" class=\"vc_row wpb_row vc_row-fluid vc_column-gap-0 ut-row-69eaa1775a418\" ><div class=\"wpb_column vc_column_container vc_col-sm-12\" ><div id=\"ut_inner_column_69eaa1775aa69\" class=\"vc_column-inner\" ><div class=\"wpb_wrapper\"><div class=\"vc_empty_space\"   style=\"height: 40px\"><span class=\"vc_empty_space_inner\"><\/span><\/div><div  class=\"wpb_content_element   clearfix\"><style type=\"text\/css\">#ut_am_69eaa1775b06c { opacity: 1; }#ut_am_wrap_69eaa1775b06e { text-align: center; }@media (min-width: 768px) and (max-width: 1024px) { #ut_am_wrap_69eaa1775b06e { text-align: center !important; } }@media (max-width: 767px) { #ut_am_wrap_69eaa1775b06e { text-align: center !important; } }<\/style><div id=\"ut_am_wrap_69eaa1775b06e\" class=\"ut-image-gallery-image  ut-reveal-fx ut-element-with-block-reveal\"><div id=\"ut_reveal_69eaa1775b06f\" data-reveal-bgcolor=\"#000000\" data-reveal-direction=\"lr\" data-reveal-duration=\"750\" data-reveal-delay=\"200\" data-appear-top-offset=\"auto\" class=\"ut-animated-image-item ut-image-gallery-item ut-animation-done ut-reveal-fx-element ut-block-reveal-hide\"><a class=\"ut-deactivated-link\" href=\"#\"><div class=\"ut-animated-image-zoom\">\r\n        <div class=\"ut-element-glitch-wrap\">\r\n\r\n            \r\n        <style type=\"text\/css\">\r\n\r\n                        \r\n        @media (min-width: 1025px) {\r\n\r\n        #ut-element-glitch-69eaa1775b09f015856560-212 .ut-glitch-single-element {\r\n                                            \r\n                }\r\n        }\r\n\r\n        @media (min-width: 768px) and (max-width: 1024px) {\r\n\r\n        #ut-element-glitch-69eaa1775b09f015856560-212 .ut-glitch-single-element {\r\n                                                \r\n                    }\r\n        }\r\n\r\n        @media (max-width: 767px) {\r\n\r\n        #ut-element-glitch-69eaa1775b09f015856560-212 .ut-glitch-single-element {\r\n                                                \r\n                    }\r\n        }\r\n\r\n        \r\n        <\/style>\r\n\r\n        \r\n            <div id=\"ut-element-glitch-69eaa1775b09f015856560-212\" class=\"ut-element-glitch ut-glitch-none ut-element-glitch-permanent\">\r\n                <div class=\"ut-glitch-single-element ut-lozad skip-lazy\" data-background-image=\"https:\/\/coelpla.com.ar\/wp-content\/uploads\/2022\/02\/table-6.png\"><\/div>\r\n                <div class=\"ut-glitch-single-element ut-lozad skip-lazy\" data-background-image=\"https:\/\/coelpla.com.ar\/wp-content\/uploads\/2022\/02\/table-6.png\"><\/div>\r\n                <div class=\"ut-glitch-single-element ut-lozad skip-lazy\" data-background-image=\"https:\/\/coelpla.com.ar\/wp-content\/uploads\/2022\/02\/table-6.png\"><\/div>\r\n                <div class=\"ut-glitch-single-element ut-lozad skip-lazy\" data-background-image=\"https:\/\/coelpla.com.ar\/wp-content\/uploads\/2022\/02\/table-6.png\"><\/div>\r\n                <div class=\"ut-glitch-single-element ut-lozad skip-lazy\" data-background-image=\"https:\/\/coelpla.com.ar\/wp-content\/uploads\/2022\/02\/table-6.png\"><\/div>\r\n            <\/div>\r\n\r\n        <\/div>\r\n\r\n        <img loading=\"lazy\" decoding=\"async\" class=\"ut-lazy skip-lazy ut-animated-image\"  id=\"ut_am_69eaa1775b06c\" src=\"data:image\/svg+xml;charset=utf-8,%3Csvg xmlns%3D'http%3A%2F%2Fwww.w3.org%2F2000%2Fsvg' viewBox%3D'0 0 702 158'%2F%3E\" data-src=\"https:\/\/coelpla.com.ar\/wp-content\/uploads\/2022\/02\/table-6.png\" width=\"702\" height=\"158\" alt=\"CABLE VIAJERO-COMANDO ASCENSOR PLANO CON SOPORTE DE ACERO\"\/><\/div><\/a><\/div><\/div><\/div><\/div><\/div><\/div><\/div><div class=\"vc_row-full-width vc_clearfix\"><\/div><a data-id=\"section-without-id\" class=\"ut-vc-offset-anchor-bottom\" name=\"section-without-id\"><\/a><\/section><div class=\"vc_row-full-width vc_clearfix\"><\/div>\n<\/section>","protected":false},"excerpt":{"rendered":"CABLE VIAJERO-COMANDO ASCENSOR PLANO CON SOPORTE DE ACERO Identificaci\u00f3n Los conductores son agrupados en celdas y numerados correlativamente. Aislados en PVC flexible anti-llama y vaina exterior de color negro. Basados en las especificaciones seg\u00fan norma IEC N\u00ba 60227-6 71 F; UNE-EN 50214.Caracter\u00edsticas el\u00e9ctricas Tensi\u00f3n nominal: 300 \/ 500 VUsosCables para elevadores interiores y panor\u00e1micos. Recomendados [...]","protected":false},"author":1,"featured_media":0,"parent":0,"menu_order":0,"comment_status":"closed","ping_status":"closed","template":"","meta":{"_joinchat":[],"footnotes":""},"class_list":["post-206","page","type-page","status-publish","hentry"],"_links":{"self":[{"href":"https:\/\/coelpla.com.ar\/en\/wp-json\/wp\/v2\/pages\/206","targetHints":{"allow":["GET"]}}],"collection":[{"href":"https:\/\/coelpla.com.ar\/en\/wp-json\/wp\/v2\/pages"}],"about":[{"href":"https:\/\/coelpla.com.ar\/en\/wp-json\/wp\/v2\/types\/page"}],"author":[{"embeddable":true,"href":"https:\/\/coelpla.com.ar\/en\/wp-json\/wp\/v2\/users\/1"}],"replies":[{"embeddable":true,"href":"https:\/\/coelpla.com.ar\/en\/wp-json\/wp\/v2\/comments?post=206"}],"version-history":[{"count":4,"href":"https:\/\/coelpla.com.ar\/en\/wp-json\/wp\/v2\/pages\/206\/revisions"}],"predecessor-version":[{"id":213,"href":"https:\/\/coelpla.com.ar\/en\/wp-json\/wp\/v2\/pages\/206\/revisions\/213"}],"wp:attachment":[{"href":"https:\/\/coelpla.com.ar\/en\/wp-json\/wp\/v2\/media?parent=206"}],"curies":[{"name":"wp","href":"https:\/\/api.w.org\/{rel}","templated":true}]}}