{"id":198,"date":"2022-02-24T17:08:20","date_gmt":"2022-02-24T20:08:20","guid":{"rendered":"https:\/\/coelpla.com.ar\/?page_id=198"},"modified":"2022-02-24T17:23:42","modified_gmt":"2022-02-24T20:23:42","slug":"cable-comando-viajero-plano-simple-cobertura","status":"publish","type":"page","link":"https:\/\/coelpla.com.ar\/en\/cable-comando-viajero-plano-simple-cobertura\/","title":{"rendered":"CABLE COMMAND TRAVELER PLANE SIMPLE COVERAGE"},"content":{"rendered":"<section class=\"wpb-content-wrapper\"><section id=\"ut-section-69eaa17555c77\" data-vc-full-width=\"true\" data-vc-full-width-init=\"false\" data-cursor-skin=\"global\" class=\"vc_section ut-vc-120 vc_section-has-no-fill ut-section-69eaa17555c8a\"><div id=\"ut-row-69eaa17556549\" data-vc-full-width=\"true\" data-vc-full-width-init=\"false\" class=\"vc_row wpb_row vc_row-fluid vc_column-gap-0 ut-row-69eaa17556558\" ><div class=\"wpb_column vc_column_container vc_col-sm-12\" ><div id=\"ut_inner_column_69eaa17557123\" class=\"vc_column-inner\" ><div class=\"wpb_wrapper\"><style type=\"text\/css\">#ut_custom_heading69eaa175574bf { font-family: \"Raleway\";font-weight:400;font-style:normal; }#ut_custom_heading69eaa175574bf { font-size:35px !important; }#ut_custom_heading69eaa175574bf { text-align:left; }@media (min-width: 768px) and (max-width: 1024px) { #ut_custom_heading69eaa175574bf { text-align:left; } }@media (max-width: 767px) { #ut_custom_heading69eaa175574bf { text-align:left; } }<\/style><h1 id=\"ut_custom_heading69eaa175574bf\" data-responsive-font=\"h1\" data-responsive-font-settings=\"{&quot;base-font-size&quot;:&quot;global&quot;,&quot;font-size&quot;:{&quot;desktop_large&quot;:&quot;35&quot;},&quot;base-line-height&quot;:&quot;global&quot;,&quot;base-letter-spacing&quot;:&quot;global&quot;}\" class=\"ut-custom-heading-module\" ><span class=\"\" >CABLE COMMAND TRAVELER PLANE SIMPLE COVERAGE<\/span><\/h1><div id=\"ut-row-inner-69eaa1755c73a\" class=\"vc_row wpb_row vc_inner vc_row-fluid ut-row-inner-69eaa1755c775\" ><div  class=\"wpb_column vc_column_container vc_col-sm-6\"><div id=\"ut-column-inner-69eaa1755cd8b\" class=\"vc_column-inner vc_column-inner-nested\"><div class=\"wpb_wrapper\"><div  class=\"wpb_content_element   clearfix\"><style type=\"text\/css\">#ut_am_69eaa1755d58e { opacity: 1; }#ut_am_wrap_69eaa1755d590 .ut-animated-image-zoom::after { background: url(https:\/\/coelpla.com.ar\/wp-content\/uploads\/2022\/02\/27-CABLE-SIMPLE-COBERTURA-500x500-1.png); }#ut_am_wrap_69eaa1755d590 { text-align: center; }@media (min-width: 768px) and (max-width: 1024px) { #ut_am_wrap_69eaa1755d590 { text-align: center !important; } }@media (max-width: 767px) { #ut_am_wrap_69eaa1755d590 { text-align: center !important; } }<\/style><div id=\"ut_am_wrap_69eaa1755d590\" class=\"ut-image-gallery-image  ut-reveal-fx ut-element-with-block-reveal\"><div id=\"ut_reveal_69eaa1755d591\" data-reveal-bgcolor=\"#0a0a0a\" data-reveal-direction=\"lr\" data-reveal-duration=\"750\" data-reveal-delay=\"200\" data-appear-top-offset=\"auto\" class=\"ut-animated-image-item ut-image-gallery-item ut-animation-done ut-reveal-fx-element ut-block-reveal-hide\"><a data-exthumbimage=\"https:\/\/coelpla.com.ar\/wp-content\/uploads\/2022\/02\/27-CABLE-SIMPLE-COBERTURA-500x500-1-200x200.png\" href=\"https:\/\/coelpla.com.ar\/wp-content\/uploads\/2022\/02\/27-CABLE-SIMPLE-COBERTURA-1920x780-1.png\" class=\"ut-vc-images-lightbox ut-wait-for-plugin\" data-title=\"\" data-caption=\"\" data-caption-color=\"\" data-caption-background=\"\" data-force-caption=\"on\"><div class=\"ut-animated-image-zoom\">\r\n        <div class=\"ut-element-glitch-wrap\">\r\n\r\n            \r\n        <style type=\"text\/css\">\r\n\r\n                        \r\n        @media (min-width: 1025px) {\r\n\r\n        #ut-element-glitch-69eaa1755e3ef833171944-201 .ut-glitch-single-element {\r\n                                            \r\n                }\r\n        }\r\n\r\n        @media (min-width: 768px) and (max-width: 1024px) {\r\n\r\n        #ut-element-glitch-69eaa1755e3ef833171944-201 .ut-glitch-single-element {\r\n                                                \r\n                    }\r\n        }\r\n\r\n        @media (max-width: 767px) {\r\n\r\n        #ut-element-glitch-69eaa1755e3ef833171944-201 .ut-glitch-single-element {\r\n                                                \r\n                    }\r\n        }\r\n\r\n        \r\n        <\/style>\r\n\r\n        \r\n            <div id=\"ut-element-glitch-69eaa1755e3ef833171944-201\" class=\"ut-element-glitch ut-glitch-none ut-element-glitch-permanent\">\r\n                <div class=\"ut-glitch-single-element ut-lozad skip-lazy\" data-background-image=\"https:\/\/coelpla.com.ar\/wp-content\/uploads\/2022\/02\/27-CABLE-SIMPLE-COBERTURA-500x500-1.png\"><\/div>\r\n                <div class=\"ut-glitch-single-element ut-lozad skip-lazy\" data-background-image=\"https:\/\/coelpla.com.ar\/wp-content\/uploads\/2022\/02\/27-CABLE-SIMPLE-COBERTURA-500x500-1.png\"><\/div>\r\n                <div class=\"ut-glitch-single-element ut-lozad skip-lazy\" data-background-image=\"https:\/\/coelpla.com.ar\/wp-content\/uploads\/2022\/02\/27-CABLE-SIMPLE-COBERTURA-500x500-1.png\"><\/div>\r\n                <div class=\"ut-glitch-single-element ut-lozad skip-lazy\" data-background-image=\"https:\/\/coelpla.com.ar\/wp-content\/uploads\/2022\/02\/27-CABLE-SIMPLE-COBERTURA-500x500-1.png\"><\/div>\r\n                <div class=\"ut-glitch-single-element ut-lozad skip-lazy\" data-background-image=\"https:\/\/coelpla.com.ar\/wp-content\/uploads\/2022\/02\/27-CABLE-SIMPLE-COBERTURA-500x500-1.png\"><\/div>\r\n            <\/div>\r\n\r\n        <\/div>\r\n\r\n        <img loading=\"lazy\" decoding=\"async\" class=\"ut-lazy skip-lazy ut-animated-image\"  id=\"ut_am_69eaa1755d58e\" src=\"data:image\/svg+xml;charset=utf-8,%3Csvg xmlns%3D'http%3A%2F%2Fwww.w3.org%2F2000%2Fsvg' viewBox%3D'0 0 500 500'%2F%3E\" data-src=\"https:\/\/coelpla.com.ar\/wp-content\/uploads\/2022\/02\/27-CABLE-SIMPLE-COBERTURA-500x500-1.png\" width=\"500\" height=\"500\" alt=\"CABLE COMANDO VIAJERO PLANO SIMPLE COBERTURA\"\/><\/div><\/a><\/div><\/div><\/div><\/div><\/div><\/div><div  class=\"wpb_column vc_column_container vc_col-sm-6\"><div id=\"ut-column-inner-69eaa1755e962\" class=\"vc_column-inner vc_column-inner-nested\"><div class=\"wpb_wrapper\"><style type=\"text\/css\">#ut_custom_heading69eaa1755eb91 { font-family: \"Raleway\";font-weight:500;font-style:normal; }#ut_custom_heading69eaa1755eb91 { font-size:20px !important; }#ut_custom_heading69eaa1755eb91 { text-align:left; }@media (min-width: 768px) and (max-width: 1024px) { #ut_custom_heading69eaa1755eb91 { text-align:left; } }@media (max-width: 767px) { #ut_custom_heading69eaa1755eb91 { text-align:left; } }#ut_custom_heading69eaa1755eb91 span { border-left-style:solid;border-left-color:#fe8b54;border-left-width:5px;padding-left:10px;display:inline-block; }<\/style><h3 id=\"ut_custom_heading69eaa1755eb91\" data-responsive-font=\"h3\" data-responsive-font-settings=\"{&quot;base-font-size&quot;:&quot;global&quot;,&quot;font-size&quot;:{&quot;desktop_large&quot;:&quot;20&quot;},&quot;base-line-height&quot;:&quot;global&quot;,&quot;base-letter-spacing&quot;:&quot;global&quot;}\" class=\"ut-custom-heading-module\" ><span class=\"\" >General Characteristics<br \/>\n<\/span><\/h3><style type=\"text\/css\">#ut_custom_heading69eaa1755eccd { font-family: \"Raleway\";font-weight:400;font-style:normal; }#ut_custom_heading69eaa1755eccd { font-size:14px !important;line-height:28px !important; }#ut_custom_heading69eaa1755eccd { text-align:left; }@media (min-width: 768px) and (max-width: 1024px) { #ut_custom_heading69eaa1755eccd { text-align:left; } }@media (max-width: 767px) { #ut_custom_heading69eaa1755eccd { text-align:left; } }<\/style><p id=\"ut_custom_heading69eaa1755eccd\" data-responsive-font=\"p\" data-responsive-font-settings=\"{&quot;base-font-size&quot;:&quot;global&quot;,&quot;font-size&quot;:{&quot;desktop_large&quot;:&quot;14&quot;},&quot;base-line-height&quot;:&quot;global&quot;,&quot;line-height&quot;:{&quot;desktop_large&quot;:&quot;28&quot;},&quot;base-letter-spacing&quot;:&quot;global&quot;}\" class=\"ut-custom-heading-module\" ><span class=\"\" >Flat Cable whose conductors are placed in parallel, coated with a PVC compound very flexible and ant-illama united among themselves by a nerve of the same material.<br \/>\nThis design of simple coverage facilitates a quick installation and supports a radius of curvature reduced.<br \/>\nBased on the specifications of the standards NM 247-42, NM 280.<\/span><\/p><style type=\"text\/css\">#ut_custom_heading69eaa1755ede1 { font-family: \"Raleway\";font-weight:500;font-style:normal; }#ut_custom_heading69eaa1755ede1 { font-size:20px !important; }#ut_custom_heading69eaa1755ede1 { text-align:left; }@media (min-width: 768px) and (max-width: 1024px) { #ut_custom_heading69eaa1755ede1 { text-align:left; } }@media (max-width: 767px) { #ut_custom_heading69eaa1755ede1 { text-align:left; } }#ut_custom_heading69eaa1755ede1 span { border-left-style:solid;border-left-color:#fe8b54;border-left-width:5px;padding-left:10px;display:inline-block; }<\/style><h3 id=\"ut_custom_heading69eaa1755ede1\" data-responsive-font=\"h3\" data-responsive-font-settings=\"{&quot;base-font-size&quot;:&quot;global&quot;,&quot;font-size&quot;:{&quot;desktop_large&quot;:&quot;20&quot;},&quot;base-line-height&quot;:&quot;global&quot;,&quot;base-letter-spacing&quot;:&quot;global&quot;}\" class=\"ut-custom-heading-module\" ><span class=\"\" >Identification<\/span><\/h3><style type=\"text\/css\">#ut_custom_heading69eaa1755eebe { font-family: \"Raleway\";font-weight:400;font-style:normal; }#ut_custom_heading69eaa1755eebe { font-size:14px !important;line-height:28px !important; }#ut_custom_heading69eaa1755eebe { text-align:left; }@media (min-width: 768px) and (max-width: 1024px) { #ut_custom_heading69eaa1755eebe { text-align:left; } }@media (max-width: 767px) { #ut_custom_heading69eaa1755eebe { text-align:left; } }<\/style><p id=\"ut_custom_heading69eaa1755eebe\" data-responsive-font=\"p\" data-responsive-font-settings=\"{&quot;base-font-size&quot;:&quot;global&quot;,&quot;font-size&quot;:{&quot;desktop_large&quot;:&quot;14&quot;},&quot;base-line-height&quot;:&quot;global&quot;,&quot;line-height&quot;:{&quot;desktop_large&quot;:&quot;28&quot;},&quot;base-letter-spacing&quot;:&quot;global&quot;}\" class=\"ut-custom-heading-module\" ><span class=\"\" >All drivers are black; the same is printed in the brand COELPLA, section, number of drivers and the driver of one of the ends on the insulation brings an edge to indicate the hand.<\/span><\/p><style type=\"text\/css\">#ut_custom_heading69eaa1755efc8 { font-family: \"Raleway\";font-weight:500;font-style:normal; }#ut_custom_heading69eaa1755efc8 { font-size:20px !important; }#ut_custom_heading69eaa1755efc8 { text-align:left; }@media (min-width: 768px) and (max-width: 1024px) { #ut_custom_heading69eaa1755efc8 { text-align:left; } }@media (max-width: 767px) { #ut_custom_heading69eaa1755efc8 { text-align:left; } }#ut_custom_heading69eaa1755efc8 span { border-left-style:solid;border-left-color:#fe8b54;border-left-width:5px;padding-left:10px;display:inline-block; }<\/style><h3 id=\"ut_custom_heading69eaa1755efc8\" data-responsive-font=\"h3\" data-responsive-font-settings=\"{&quot;base-font-size&quot;:&quot;global&quot;,&quot;font-size&quot;:{&quot;desktop_large&quot;:&quot;20&quot;},&quot;base-line-height&quot;:&quot;global&quot;,&quot;base-letter-spacing&quot;:&quot;global&quot;}\" class=\"ut-custom-heading-module\" ><span class=\"\" >Electrical characteristics<br \/>\n<\/span><\/h3><style type=\"text\/css\">#ut_custom_heading69eaa1755f0cc { font-family: \"Raleway\";font-weight:400;font-style:normal; }#ut_custom_heading69eaa1755f0cc { font-size:14px !important;line-height:28px !important; }#ut_custom_heading69eaa1755f0cc { text-align:left; }@media (min-width: 768px) and (max-width: 1024px) { #ut_custom_heading69eaa1755f0cc { text-align:left; } }@media (max-width: 767px) { #ut_custom_heading69eaa1755f0cc { text-align:left; } }<\/style><p id=\"ut_custom_heading69eaa1755f0cc\" data-responsive-font=\"p\" data-responsive-font-settings=\"{&quot;base-font-size&quot;:&quot;global&quot;,&quot;font-size&quot;:{&quot;desktop_large&quot;:&quot;14&quot;},&quot;base-line-height&quot;:&quot;global&quot;,&quot;line-height&quot;:{&quot;desktop_large&quot;:&quot;28&quot;},&quot;base-letter-spacing&quot;:&quot;global&quot;}\" class=\"ut-custom-heading-module\" ><span class=\"\" >Section 0.50 mm2 \u2013 Rated Voltage: 300\/300 V Section 0.75 mm2 \u2013 Rated Voltage: 300\/500 V<\/span><\/p><style type=\"text\/css\">#ut_custom_heading69eaa1755f1fd { font-family: \"Raleway\";font-weight:500;font-style:normal; }#ut_custom_heading69eaa1755f1fd { font-size:20px !important; }#ut_custom_heading69eaa1755f1fd { text-align:left; }@media (min-width: 768px) and (max-width: 1024px) { #ut_custom_heading69eaa1755f1fd { text-align:left; } }@media (max-width: 767px) { #ut_custom_heading69eaa1755f1fd { text-align:left; } }#ut_custom_heading69eaa1755f1fd span { border-left-style:solid;border-left-color:#fe8b54;border-left-width:5px;padding-left:10px;display:inline-block; }<\/style><h3 id=\"ut_custom_heading69eaa1755f1fd\" data-responsive-font=\"h3\" data-responsive-font-settings=\"{&quot;base-font-size&quot;:&quot;global&quot;,&quot;font-size&quot;:{&quot;desktop_large&quot;:&quot;20&quot;},&quot;base-line-height&quot;:&quot;global&quot;,&quot;base-letter-spacing&quot;:&quot;global&quot;}\" class=\"ut-custom-heading-module\" ><span class=\"\" >Mechanical Characteristics<br \/>\n<\/span><\/h3><style type=\"text\/css\">#ut_custom_heading69eaa1755f2d4 { font-family: \"Raleway\";font-weight:400;font-style:normal; }#ut_custom_heading69eaa1755f2d4 { font-size:14px !important;line-height:28px !important; }#ut_custom_heading69eaa1755f2d4 { text-align:left; }@media (min-width: 768px) and (max-width: 1024px) { #ut_custom_heading69eaa1755f2d4 { text-align:left; } }@media (max-width: 767px) { #ut_custom_heading69eaa1755f2d4 { text-align:left; } }<\/style><p id=\"ut_custom_heading69eaa1755f2d4\" data-responsive-font=\"p\" data-responsive-font-settings=\"{&quot;base-font-size&quot;:&quot;global&quot;,&quot;font-size&quot;:{&quot;desktop_large&quot;:&quot;14&quot;},&quot;base-line-height&quot;:&quot;global&quot;,&quot;line-height&quot;:{&quot;desktop_large&quot;:&quot;28&quot;},&quot;base-letter-spacing&quot;:&quot;global&quot;}\" class=\"ut-custom-heading-module\" ><span class=\"\" >Length free hanging: max 40 m.<br \/>\nHeight travel: max 70 m.<br \/>\nSpeed of travel: up to 3 m\/s.<br \/>\nBend diameter: 250 to 300 mm<\/span><\/p><style type=\"text\/css\">#ut_custom_heading69eaa1755f3aa { font-family: \"Raleway\";font-weight:500;font-style:normal; }#ut_custom_heading69eaa1755f3aa { font-size:20px !important; }#ut_custom_heading69eaa1755f3aa { text-align:left; }@media (min-width: 768px) and (max-width: 1024px) { #ut_custom_heading69eaa1755f3aa { text-align:left; } }@media (max-width: 767px) { #ut_custom_heading69eaa1755f3aa { text-align:left; } }#ut_custom_heading69eaa1755f3aa span { border-left-style:solid;border-left-color:#fe8b54;border-left-width:5px;padding-left:10px;display:inline-block; }<\/style><h3 id=\"ut_custom_heading69eaa1755f3aa\" data-responsive-font=\"h3\" data-responsive-font-settings=\"{&quot;base-font-size&quot;:&quot;global&quot;,&quot;font-size&quot;:{&quot;desktop_large&quot;:&quot;20&quot;},&quot;base-line-height&quot;:&quot;global&quot;,&quot;base-letter-spacing&quot;:&quot;global&quot;}\" class=\"ut-custom-heading-module\" ><span class=\"\" >Uses<\/span><\/h3><style type=\"text\/css\">#ut_custom_heading69eaa1755f4ac { font-family: \"Raleway\";font-weight:400;font-style:normal; }#ut_custom_heading69eaa1755f4ac { font-size:14px !important;line-height:28px !important; }#ut_custom_heading69eaa1755f4ac { text-align:left; }@media (min-width: 768px) and (max-width: 1024px) { #ut_custom_heading69eaa1755f4ac { text-align:left; } }@media (max-width: 767px) { #ut_custom_heading69eaa1755f4ac { text-align:left; } }<\/style><p id=\"ut_custom_heading69eaa1755f4ac\" data-responsive-font=\"p\" data-responsive-font-settings=\"{&quot;base-font-size&quot;:&quot;global&quot;,&quot;font-size&quot;:{&quot;desktop_large&quot;:&quot;14&quot;},&quot;base-line-height&quot;:&quot;global&quot;,&quot;line-height&quot;:{&quot;desktop_large&quot;:&quot;28&quot;},&quot;base-letter-spacing&quot;:&quot;global&quot;}\" class=\"ut-custom-heading-module\" ><span class=\"\" >Cables for commands elevator interiors.<\/span><\/p><style type=\"text\/css\">#ut_custom_heading69eaa1755f583 { font-family: \"Raleway\";font-weight:500;font-style:normal; }#ut_custom_heading69eaa1755f583 { font-size:20px !important; }#ut_custom_heading69eaa1755f583 { text-align:left; }@media (min-width: 768px) and (max-width: 1024px) { #ut_custom_heading69eaa1755f583 { text-align:left; } }@media (max-width: 767px) { #ut_custom_heading69eaa1755f583 { text-align:left; } }#ut_custom_heading69eaa1755f583 span { border-left-style:solid;border-left-color:#fe8b54;border-left-width:5px;padding-left:10px;display:inline-block; }<\/style><h3 id=\"ut_custom_heading69eaa1755f583\" data-responsive-font=\"h3\" data-responsive-font-settings=\"{&quot;base-font-size&quot;:&quot;global&quot;,&quot;font-size&quot;:{&quot;desktop_large&quot;:&quot;20&quot;},&quot;base-line-height&quot;:&quot;global&quot;,&quot;base-letter-spacing&quot;:&quot;global&quot;}\" class=\"ut-custom-heading-module\" ><span class=\"\" >Conditioning<\/span><\/h3><style type=\"text\/css\">#ut_custom_heading69eaa1755f631 { font-family: \"Raleway\";font-weight:400;font-style:normal; }#ut_custom_heading69eaa1755f631 { font-size:14px !important;line-height:28px !important; }#ut_custom_heading69eaa1755f631 { text-align:left; }@media (min-width: 768px) and (max-width: 1024px) { #ut_custom_heading69eaa1755f631 { text-align:left; } }@media (max-width: 767px) { #ut_custom_heading69eaa1755f631 { text-align:left; } }<\/style><p id=\"ut_custom_heading69eaa1755f631\" data-responsive-font=\"p\" data-responsive-font-settings=\"{&quot;base-font-size&quot;:&quot;global&quot;,&quot;font-size&quot;:{&quot;desktop_large&quot;:&quot;14&quot;},&quot;base-line-height&quot;:&quot;global&quot;,&quot;line-height&quot;:{&quot;desktop_large&quot;:&quot;28&quot;},&quot;base-letter-spacing&quot;:&quot;global&quot;}\" class=\"ut-custom-heading-module\" ><span class=\"\" >In coils.<\/span><\/p><\/div><\/div><\/div><\/div><\/div><\/div><\/div><\/div><div class=\"vc_row-full-width vc_clearfix\"><\/div><div id=\"ut-row-69eaa1755ffb0\" data-vc-full-width=\"true\" data-vc-full-width-init=\"false\" class=\"vc_row wpb_row vc_row-fluid vc_column-gap-0 ut-row-69eaa1755ffbe\" ><div class=\"wpb_column vc_column_container vc_col-sm-12\" ><div id=\"ut_inner_column_69eaa1756062d\" class=\"vc_column-inner\" ><div class=\"wpb_wrapper\"><div class=\"vc_empty_space\"   style=\"height: 40px\"><span class=\"vc_empty_space_inner\"><\/span><\/div><div  class=\"wpb_content_element   clearfix\"><style type=\"text\/css\">#ut_am_69eaa17560c1f { opacity: 1; }#ut_am_wrap_69eaa17560c20 { text-align: center; }@media (min-width: 768px) and (max-width: 1024px) { #ut_am_wrap_69eaa17560c20 { text-align: center !important; } }@media (max-width: 767px) { #ut_am_wrap_69eaa17560c20 { text-align: center !important; } }<\/style><div id=\"ut_am_wrap_69eaa17560c20\" class=\"ut-image-gallery-image  ut-reveal-fx ut-element-with-block-reveal\"><div id=\"ut_reveal_69eaa17560c21\" data-reveal-bgcolor=\"#000000\" data-reveal-direction=\"lr\" data-reveal-duration=\"750\" data-reveal-delay=\"200\" data-appear-top-offset=\"auto\" class=\"ut-animated-image-item ut-image-gallery-item ut-animation-done ut-reveal-fx-element ut-block-reveal-hide\"><a class=\"ut-deactivated-link\" href=\"#\"><div class=\"ut-animated-image-zoom\">\r\n        <div class=\"ut-element-glitch-wrap\">\r\n\r\n            \r\n        <style type=\"text\/css\">\r\n\r\n                        \r\n        @media (min-width: 1025px) {\r\n\r\n        #ut-element-glitch-69eaa17560c57315476430-203 .ut-glitch-single-element {\r\n                                            \r\n                }\r\n        }\r\n\r\n        @media (min-width: 768px) and (max-width: 1024px) {\r\n\r\n        #ut-element-glitch-69eaa17560c57315476430-203 .ut-glitch-single-element {\r\n                                                \r\n                    }\r\n        }\r\n\r\n        @media (max-width: 767px) {\r\n\r\n        #ut-element-glitch-69eaa17560c57315476430-203 .ut-glitch-single-element {\r\n                                                \r\n                    }\r\n        }\r\n\r\n        \r\n        <\/style>\r\n\r\n        \r\n            <div id=\"ut-element-glitch-69eaa17560c57315476430-203\" class=\"ut-element-glitch ut-glitch-none ut-element-glitch-permanent\">\r\n                <div class=\"ut-glitch-single-element ut-lozad skip-lazy\" data-background-image=\"https:\/\/coelpla.com.ar\/wp-content\/uploads\/2022\/02\/table-5.png\"><\/div>\r\n                <div class=\"ut-glitch-single-element ut-lozad skip-lazy\" data-background-image=\"https:\/\/coelpla.com.ar\/wp-content\/uploads\/2022\/02\/table-5.png\"><\/div>\r\n                <div class=\"ut-glitch-single-element ut-lozad skip-lazy\" data-background-image=\"https:\/\/coelpla.com.ar\/wp-content\/uploads\/2022\/02\/table-5.png\"><\/div>\r\n                <div class=\"ut-glitch-single-element ut-lozad skip-lazy\" data-background-image=\"https:\/\/coelpla.com.ar\/wp-content\/uploads\/2022\/02\/table-5.png\"><\/div>\r\n                <div class=\"ut-glitch-single-element ut-lozad skip-lazy\" data-background-image=\"https:\/\/coelpla.com.ar\/wp-content\/uploads\/2022\/02\/table-5.png\"><\/div>\r\n            <\/div>\r\n\r\n        <\/div>\r\n\r\n        <img loading=\"lazy\" decoding=\"async\" class=\"ut-lazy skip-lazy ut-animated-image\"  id=\"ut_am_69eaa17560c1f\" src=\"data:image\/svg+xml;charset=utf-8,%3Csvg xmlns%3D'http%3A%2F%2Fwww.w3.org%2F2000%2Fsvg' viewBox%3D'0 0 700 388'%2F%3E\" data-src=\"https:\/\/coelpla.com.ar\/wp-content\/uploads\/2022\/02\/table-5.png\" width=\"700\" height=\"388\" alt=\"CABLE COMANDO VIAJERO PLANO SIMPLE COBERTURA\"\/><\/div><\/a><\/div><\/div><\/div><\/div><\/div><\/div><\/div><div class=\"vc_row-full-width vc_clearfix\"><\/div><a data-id=\"section-without-id\" class=\"ut-vc-offset-anchor-bottom\" name=\"section-without-id\"><\/a><\/section><div class=\"vc_row-full-width vc_clearfix\"><\/div>\n<\/section>","protected":false},"excerpt":{"rendered":"CABLE COMANDO VIAJERO PLANO SIMPLE COBERTURA Caracter\u00edsticas Generales Cable plano cuyos conductores est\u00e1n ubicados en forma paralela, recubiertos con un compuesto de PVC muy flexible y ant-illama unidos entre si por un nervio del mismo material. Este dise\u00f1o de simple cobertura facilita una r\u00e1pida instalaci\u00f3n y admite un radio de curvatura reducido. Basado en las [...]","protected":false},"author":1,"featured_media":0,"parent":0,"menu_order":0,"comment_status":"closed","ping_status":"closed","template":"","meta":{"_joinchat":[],"footnotes":""},"class_list":["post-198","page","type-page","status-publish","hentry"],"_links":{"self":[{"href":"https:\/\/coelpla.com.ar\/en\/wp-json\/wp\/v2\/pages\/198","targetHints":{"allow":["GET"]}}],"collection":[{"href":"https:\/\/coelpla.com.ar\/en\/wp-json\/wp\/v2\/pages"}],"about":[{"href":"https:\/\/coelpla.com.ar\/en\/wp-json\/wp\/v2\/types\/page"}],"author":[{"embeddable":true,"href":"https:\/\/coelpla.com.ar\/en\/wp-json\/wp\/v2\/users\/1"}],"replies":[{"embeddable":true,"href":"https:\/\/coelpla.com.ar\/en\/wp-json\/wp\/v2\/comments?post=198"}],"version-history":[{"count":3,"href":"https:\/\/coelpla.com.ar\/en\/wp-json\/wp\/v2\/pages\/198\/revisions"}],"predecessor-version":[{"id":204,"href":"https:\/\/coelpla.com.ar\/en\/wp-json\/wp\/v2\/pages\/198\/revisions\/204"}],"wp:attachment":[{"href":"https:\/\/coelpla.com.ar\/en\/wp-json\/wp\/v2\/media?parent=198"}],"curies":[{"name":"wp","href":"https:\/\/api.w.org\/{rel}","templated":true}]}}