{"id":186,"date":"2022-02-24T15:45:05","date_gmt":"2022-02-24T18:45:05","guid":{"rendered":"https:\/\/coelpla.com.ar\/?page_id=186"},"modified":"2022-02-24T17:01:46","modified_gmt":"2022-02-24T20:01:46","slug":"cable-viajero-comando-ascensor-plano","status":"publish","type":"page","link":"https:\/\/coelpla.com.ar\/en\/cable-viajero-comando-ascensor-plano\/","title":{"rendered":"CABLE TRAVELLER-COMMAND LIFT LEVEL"},"content":{"rendered":"<section class=\"wpb-content-wrapper\"><section id=\"ut-section-69ea5cd5e9b7c\" data-vc-full-width=\"true\" data-vc-full-width-init=\"false\" data-cursor-skin=\"global\" class=\"vc_section ut-vc-120 vc_section-has-no-fill ut-section-69ea5cd5e9b9b\"><div id=\"ut-row-69ea5cd5ea5a1\" data-vc-full-width=\"true\" data-vc-full-width-init=\"false\" class=\"vc_row wpb_row vc_row-fluid vc_column-gap-0 ut-row-69ea5cd5ea5b1\" ><div class=\"wpb_column vc_column_container vc_col-sm-12\" ><div id=\"ut_inner_column_69ea5cd5eb0e5\" class=\"vc_column-inner\" ><div class=\"wpb_wrapper\"><style type=\"text\/css\">#ut_custom_heading69ea5cd5eb406 { font-family: \"Raleway\";font-weight:400;font-style:normal; }#ut_custom_heading69ea5cd5eb406 { font-size:35px !important; }#ut_custom_heading69ea5cd5eb406 { text-align:left; }@media (min-width: 768px) and (max-width: 1024px) { #ut_custom_heading69ea5cd5eb406 { text-align:left; } }@media (max-width: 767px) { #ut_custom_heading69ea5cd5eb406 { text-align:left; } }<\/style><h1 id=\"ut_custom_heading69ea5cd5eb406\" data-responsive-font=\"h1\" data-responsive-font-settings=\"{&quot;base-font-size&quot;:&quot;global&quot;,&quot;font-size&quot;:{&quot;desktop_large&quot;:&quot;35&quot;},&quot;base-line-height&quot;:&quot;global&quot;,&quot;base-letter-spacing&quot;:&quot;global&quot;}\" class=\"ut-custom-heading-module\" ><span class=\"\" >CABLE TRAVELLER-COMMAND LIFT LEVEL<\/span><\/h1><div id=\"ut-row-inner-69ea5cd5ef59b\" class=\"vc_row wpb_row vc_inner vc_row-fluid ut-row-inner-69ea5cd5ef5b2\" ><div  class=\"wpb_column vc_column_container vc_col-sm-6\"><div id=\"ut-column-inner-69ea5cd5efbf3\" class=\"vc_column-inner vc_column-inner-nested\"><div class=\"wpb_wrapper\"><div  class=\"wpb_content_element   clearfix\"><style type=\"text\/css\">#ut_am_69ea5cd5f021e { opacity: 1; }#ut_am_wrap_69ea5cd5f021f .ut-animated-image-zoom::after { background: url(https:\/\/coelpla.com.ar\/wp-content\/uploads\/2022\/02\/10-CABLE-COMANDO-PLANO-lsoh-500x500-1.png); }#ut_am_wrap_69ea5cd5f021f { text-align: center; }@media (min-width: 768px) and (max-width: 1024px) { #ut_am_wrap_69ea5cd5f021f { text-align: center !important; } }@media (max-width: 767px) { #ut_am_wrap_69ea5cd5f021f { text-align: center !important; } }<\/style><div id=\"ut_am_wrap_69ea5cd5f021f\" class=\"ut-image-gallery-image  ut-reveal-fx ut-element-with-block-reveal\"><div id=\"ut_reveal_69ea5cd5f0221\" data-reveal-bgcolor=\"#000000\" data-reveal-direction=\"lr\" data-reveal-duration=\"750\" data-reveal-delay=\"200\" data-appear-top-offset=\"auto\" class=\"ut-animated-image-item ut-image-gallery-item ut-animation-done ut-reveal-fx-element ut-block-reveal-hide\"><a data-exthumbimage=\"https:\/\/coelpla.com.ar\/wp-content\/uploads\/2022\/02\/10-CABLE-COMANDO-PLANO-lsoh-500x500-1-200x200.png\" href=\"https:\/\/coelpla.com.ar\/wp-content\/uploads\/2022\/02\/10-CABLE-COMANDO-PLANO-lsoh-1920x780-1.png\" class=\"ut-vc-images-lightbox ut-wait-for-plugin\" data-title=\"\" data-caption=\"\" data-caption-color=\"\" data-caption-background=\"\" data-force-caption=\"on\"><div class=\"ut-animated-image-zoom\">\r\n        <div class=\"ut-element-glitch-wrap\">\r\n\r\n            \r\n        <style type=\"text\/css\">\r\n\r\n                        \r\n        @media (min-width: 1025px) {\r\n\r\n        #ut-element-glitch-69ea5cd5f0c83201252261-188 .ut-glitch-single-element {\r\n                                            \r\n                }\r\n        }\r\n\r\n        @media (min-width: 768px) and (max-width: 1024px) {\r\n\r\n        #ut-element-glitch-69ea5cd5f0c83201252261-188 .ut-glitch-single-element {\r\n                                                \r\n                    }\r\n        }\r\n\r\n        @media (max-width: 767px) {\r\n\r\n        #ut-element-glitch-69ea5cd5f0c83201252261-188 .ut-glitch-single-element {\r\n                                                \r\n                    }\r\n        }\r\n\r\n        \r\n        <\/style>\r\n\r\n        \r\n            <div id=\"ut-element-glitch-69ea5cd5f0c83201252261-188\" class=\"ut-element-glitch ut-glitch-none ut-element-glitch-permanent\">\r\n                <div class=\"ut-glitch-single-element ut-lozad skip-lazy\" data-background-image=\"https:\/\/coelpla.com.ar\/wp-content\/uploads\/2022\/02\/10-CABLE-COMANDO-PLANO-lsoh-500x500-1.png\"><\/div>\r\n                <div class=\"ut-glitch-single-element ut-lozad skip-lazy\" data-background-image=\"https:\/\/coelpla.com.ar\/wp-content\/uploads\/2022\/02\/10-CABLE-COMANDO-PLANO-lsoh-500x500-1.png\"><\/div>\r\n                <div class=\"ut-glitch-single-element ut-lozad skip-lazy\" data-background-image=\"https:\/\/coelpla.com.ar\/wp-content\/uploads\/2022\/02\/10-CABLE-COMANDO-PLANO-lsoh-500x500-1.png\"><\/div>\r\n                <div class=\"ut-glitch-single-element ut-lozad skip-lazy\" data-background-image=\"https:\/\/coelpla.com.ar\/wp-content\/uploads\/2022\/02\/10-CABLE-COMANDO-PLANO-lsoh-500x500-1.png\"><\/div>\r\n                <div class=\"ut-glitch-single-element ut-lozad skip-lazy\" data-background-image=\"https:\/\/coelpla.com.ar\/wp-content\/uploads\/2022\/02\/10-CABLE-COMANDO-PLANO-lsoh-500x500-1.png\"><\/div>\r\n            <\/div>\r\n\r\n        <\/div>\r\n\r\n        <img loading=\"lazy\" decoding=\"async\" class=\"ut-lazy skip-lazy ut-animated-image\"  id=\"ut_am_69ea5cd5f021e\" src=\"data:image\/svg+xml;charset=utf-8,%3Csvg xmlns%3D'http%3A%2F%2Fwww.w3.org%2F2000%2Fsvg' viewBox%3D'0 0 500 500'%2F%3E\" data-src=\"https:\/\/coelpla.com.ar\/wp-content\/uploads\/2022\/02\/10-CABLE-COMANDO-PLANO-lsoh-500x500-1.png\" width=\"500\" height=\"500\" alt=\"CABLE VIAJERO-COMANDO ASCENSOR PLANO\"\/><\/div><\/a><\/div><\/div><\/div><\/div><\/div><\/div><div  class=\"wpb_column vc_column_container vc_col-sm-6\"><div id=\"ut-column-inner-69ea5cd5f1010\" class=\"vc_column-inner vc_column-inner-nested\"><div class=\"wpb_wrapper\"><style type=\"text\/css\">#ut_custom_heading69ea5cd5f11b0 { font-family: \"Raleway\";font-weight:500;font-style:normal; }#ut_custom_heading69ea5cd5f11b0 { font-size:20px !important; }#ut_custom_heading69ea5cd5f11b0 { text-align:left; }@media (min-width: 768px) and (max-width: 1024px) { #ut_custom_heading69ea5cd5f11b0 { text-align:left; } }@media (max-width: 767px) { #ut_custom_heading69ea5cd5f11b0 { text-align:left; } }#ut_custom_heading69ea5cd5f11b0 span { border-left-style:solid;border-left-color:#fe8b54;border-left-width:5px;padding-left:10px;display:inline-block; }<\/style><h3 id=\"ut_custom_heading69ea5cd5f11b0\" data-responsive-font=\"h3\" data-responsive-font-settings=\"{&quot;base-font-size&quot;:&quot;global&quot;,&quot;font-size&quot;:{&quot;desktop_large&quot;:&quot;20&quot;},&quot;base-line-height&quot;:&quot;global&quot;,&quot;base-letter-spacing&quot;:&quot;global&quot;}\" class=\"ut-custom-heading-module\" ><span class=\"\" >General Characteristics<\/span><\/h3><style type=\"text\/css\">#ut_custom_heading69ea5cd5f124b { font-size:14px !important;line-height:28px !important; }#ut_custom_heading69ea5cd5f124b { text-align:left; }@media (min-width: 768px) and (max-width: 1024px) { #ut_custom_heading69ea5cd5f124b { text-align:left; } }@media (max-width: 767px) { #ut_custom_heading69ea5cd5f124b { text-align:left; } }<\/style><p id=\"ut_custom_heading69ea5cd5f124b\" data-responsive-font=\"p\" data-responsive-font-settings=\"{&quot;base-font-size&quot;:&quot;global&quot;,&quot;font-size&quot;:{&quot;desktop_large&quot;:&quot;14&quot;},&quot;base-line-height&quot;:&quot;global&quot;,&quot;line-height&quot;:{&quot;desktop_large&quot;:&quot;28&quot;},&quot;base-letter-spacing&quot;:&quot;global&quot;}\" class=\"ut-custom-heading-module\" ><span class=\"\" >In the flat cable, all drivers grouped in cells and sets of drivers are located in parallel, are covered by a PVC very flexible.<br \/>\nThis design has the advantages of functional and technical, for example, require much less space in the elevator shaft, because of its smaller bending radius.<br \/>\nThere is the possibility of torsion in the bend of the cable.<br \/>\nHave a long service life free of damage (if they are installed correctly).<br \/>\nBased on the specifications according to Standards: NM 280 Class 5 \u2013 IEC No. 60227-6 71F; UNE-en-50214.<\/span><\/p><style type=\"text\/css\">#ut_custom_heading69ea5cd5f12e4 { font-family: \"Raleway\";font-weight:500;font-style:normal; }#ut_custom_heading69ea5cd5f12e4 { font-size:20px !important; }#ut_custom_heading69ea5cd5f12e4 { text-align:left; }@media (min-width: 768px) and (max-width: 1024px) { #ut_custom_heading69ea5cd5f12e4 { text-align:left; } }@media (max-width: 767px) { #ut_custom_heading69ea5cd5f12e4 { text-align:left; } }#ut_custom_heading69ea5cd5f12e4 span { border-left-style:solid;border-left-color:#fe8b54;border-left-width:5px;padding-left:10px;display:inline-block; }<\/style><h3 id=\"ut_custom_heading69ea5cd5f12e4\" data-responsive-font=\"h3\" data-responsive-font-settings=\"{&quot;base-font-size&quot;:&quot;global&quot;,&quot;font-size&quot;:{&quot;desktop_large&quot;:&quot;20&quot;},&quot;base-line-height&quot;:&quot;global&quot;,&quot;base-letter-spacing&quot;:&quot;global&quot;}\" class=\"ut-custom-heading-module\" ><span class=\"\" >Identification<\/span><\/h3><style type=\"text\/css\">#ut_custom_heading69ea5cd5f1363 { font-size:14px !important;line-height:28px !important; }#ut_custom_heading69ea5cd5f1363 { text-align:left; }@media (min-width: 768px) and (max-width: 1024px) { #ut_custom_heading69ea5cd5f1363 { text-align:left; } }@media (max-width: 767px) { #ut_custom_heading69ea5cd5f1363 { text-align:left; } }<\/style><p id=\"ut_custom_heading69ea5cd5f1363\" data-responsive-font=\"p\" data-responsive-font-settings=\"{&quot;base-font-size&quot;:&quot;global&quot;,&quot;font-size&quot;:{&quot;desktop_large&quot;:&quot;14&quot;},&quot;base-line-height&quot;:&quot;global&quot;,&quot;line-height&quot;:{&quot;desktop_large&quot;:&quot;28&quot;},&quot;base-letter-spacing&quot;:&quot;global&quot;}\" class=\"ut-custom-heading-module\" ><span class=\"\" >The drivers are grouped into cells, and numbered consecutively.<br \/>\nInsulated PVC flexible, anti-flame and sheath outer color black.<br \/>\nThe sheath outer wears printed on the same brand COELPLA, section and quantity of conductor, voltage, country of origin, and feet marked in a sequential way.<\/span><\/p><style type=\"text\/css\">#ut_custom_heading69ea5cd5f13f4 { font-family: \"Raleway\";font-weight:500;font-style:normal; }#ut_custom_heading69ea5cd5f13f4 { font-size:20px !important; }#ut_custom_heading69ea5cd5f13f4 { text-align:left; }@media (min-width: 768px) and (max-width: 1024px) { #ut_custom_heading69ea5cd5f13f4 { text-align:left; } }@media (max-width: 767px) { #ut_custom_heading69ea5cd5f13f4 { text-align:left; } }#ut_custom_heading69ea5cd5f13f4 span { border-left-style:solid;border-left-color:#fe8b54;border-left-width:5px;padding-left:10px;display:inline-block; }<\/style><h3 id=\"ut_custom_heading69ea5cd5f13f4\" data-responsive-font=\"h3\" data-responsive-font-settings=\"{&quot;base-font-size&quot;:&quot;global&quot;,&quot;font-size&quot;:{&quot;desktop_large&quot;:&quot;20&quot;},&quot;base-line-height&quot;:&quot;global&quot;,&quot;base-letter-spacing&quot;:&quot;global&quot;}\" class=\"ut-custom-heading-module\" ><span class=\"\" >Electrical characteristics<\/span><\/h3><style type=\"text\/css\">#ut_custom_heading69ea5cd5f1460 { font-size:14px !important;line-height:28px !important; }#ut_custom_heading69ea5cd5f1460 { text-align:left; }@media (min-width: 768px) and (max-width: 1024px) { #ut_custom_heading69ea5cd5f1460 { text-align:left; } }@media (max-width: 767px) { #ut_custom_heading69ea5cd5f1460 { text-align:left; } }<\/style><p id=\"ut_custom_heading69ea5cd5f1460\" data-responsive-font=\"p\" data-responsive-font-settings=\"{&quot;base-font-size&quot;:&quot;global&quot;,&quot;font-size&quot;:{&quot;desktop_large&quot;:&quot;14&quot;},&quot;base-line-height&quot;:&quot;global&quot;,&quot;line-height&quot;:{&quot;desktop_large&quot;:&quot;28&quot;},&quot;base-letter-spacing&quot;:&quot;global&quot;}\" class=\"ut-custom-heading-module\" ><span class=\"\" >Rated voltage: 0.75 \u2013 1.00 mm2: 300 \/ 500 V<\/span><\/p><style type=\"text\/css\">#ut_custom_heading69ea5cd5f14ed { font-family: \"Raleway\";font-weight:500;font-style:normal; }#ut_custom_heading69ea5cd5f14ed { font-size:20px !important; }#ut_custom_heading69ea5cd5f14ed { text-align:left; }@media (min-width: 768px) and (max-width: 1024px) { #ut_custom_heading69ea5cd5f14ed { text-align:left; } }@media (max-width: 767px) { #ut_custom_heading69ea5cd5f14ed { text-align:left; } }#ut_custom_heading69ea5cd5f14ed span { border-left-style:solid;border-left-color:#fe8b54;border-left-width:5px;padding-left:10px;display:inline-block; }<\/style><h3 id=\"ut_custom_heading69ea5cd5f14ed\" data-responsive-font=\"h3\" data-responsive-font-settings=\"{&quot;base-font-size&quot;:&quot;global&quot;,&quot;font-size&quot;:{&quot;desktop_large&quot;:&quot;20&quot;},&quot;base-line-height&quot;:&quot;global&quot;,&quot;base-letter-spacing&quot;:&quot;global&quot;}\" class=\"ut-custom-heading-module\" ><span class=\"\" >Mechanical Characteristics<\/span><\/h3><style type=\"text\/css\">#ut_custom_heading69ea5cd5f1558 { font-size:14px !important;line-height:28px !important; }#ut_custom_heading69ea5cd5f1558 { text-align:left; }@media (min-width: 768px) and (max-width: 1024px) { #ut_custom_heading69ea5cd5f1558 { text-align:left; } }@media (max-width: 767px) { #ut_custom_heading69ea5cd5f1558 { text-align:left; } }<\/style><p id=\"ut_custom_heading69ea5cd5f1558\" data-responsive-font=\"p\" data-responsive-font-settings=\"{&quot;base-font-size&quot;:&quot;global&quot;,&quot;font-size&quot;:{&quot;desktop_large&quot;:&quot;14&quot;},&quot;base-line-height&quot;:&quot;global&quot;,&quot;line-height&quot;:{&quot;desktop_large&quot;:&quot;28&quot;},&quot;base-letter-spacing&quot;:&quot;global&quot;}\" class=\"ut-custom-heading-module\" ><span class=\"\" >Length-free hanging: max. 45 m<br \/>\nHeight travel: max. 80 m<br \/>\nSpeed of travel: up to 5 m\/s<br \/>\nBend diameter: 250 to 350 mm<\/span><\/p><style type=\"text\/css\">#ut_custom_heading69ea5cd5f15f3 { font-family: \"Raleway\";font-weight:500;font-style:normal; }#ut_custom_heading69ea5cd5f15f3 { font-size:20px !important; }#ut_custom_heading69ea5cd5f15f3 { text-align:left; }@media (min-width: 768px) and (max-width: 1024px) { #ut_custom_heading69ea5cd5f15f3 { text-align:left; } }@media (max-width: 767px) { #ut_custom_heading69ea5cd5f15f3 { text-align:left; } }#ut_custom_heading69ea5cd5f15f3 span { border-left-style:solid;border-left-color:#fe8b54;border-left-width:5px;padding-left:10px;display:inline-block; }<\/style><h3 id=\"ut_custom_heading69ea5cd5f15f3\" data-responsive-font=\"h3\" data-responsive-font-settings=\"{&quot;base-font-size&quot;:&quot;global&quot;,&quot;font-size&quot;:{&quot;desktop_large&quot;:&quot;20&quot;},&quot;base-line-height&quot;:&quot;global&quot;,&quot;base-letter-spacing&quot;:&quot;global&quot;}\" class=\"ut-custom-heading-module\" ><span class=\"\" >Uses<\/span><\/h3><style type=\"text\/css\">#ut_custom_heading69ea5cd5f165c { font-size:14px !important;line-height:28px !important; }#ut_custom_heading69ea5cd5f165c { text-align:left; }@media (min-width: 768px) and (max-width: 1024px) { #ut_custom_heading69ea5cd5f165c { text-align:left; } }@media (max-width: 767px) { #ut_custom_heading69ea5cd5f165c { text-align:left; } }<\/style><p id=\"ut_custom_heading69ea5cd5f165c\" data-responsive-font=\"p\" data-responsive-font-settings=\"{&quot;base-font-size&quot;:&quot;global&quot;,&quot;font-size&quot;:{&quot;desktop_large&quot;:&quot;14&quot;},&quot;base-line-height&quot;:&quot;global&quot;,&quot;line-height&quot;:{&quot;desktop_large&quot;:&quot;28&quot;},&quot;base-letter-spacing&quot;:&quot;global&quot;}\" class=\"ut-custom-heading-module\" ><span class=\"\" >Cables for lifts interiors and panoramic views<\/span><\/p><style type=\"text\/css\">#ut_custom_heading69ea5cd5f16e7 { font-family: \"Raleway\";font-weight:500;font-style:normal; }#ut_custom_heading69ea5cd5f16e7 { font-size:20px !important; }#ut_custom_heading69ea5cd5f16e7 { text-align:left; }@media (min-width: 768px) and (max-width: 1024px) { #ut_custom_heading69ea5cd5f16e7 { text-align:left; } }@media (max-width: 767px) { #ut_custom_heading69ea5cd5f16e7 { text-align:left; } }#ut_custom_heading69ea5cd5f16e7 span { border-left-style:solid;border-left-color:#fe8b54;border-left-width:5px;padding-left:10px;display:inline-block; }<\/style><h3 id=\"ut_custom_heading69ea5cd5f16e7\" data-responsive-font=\"h3\" data-responsive-font-settings=\"{&quot;base-font-size&quot;:&quot;global&quot;,&quot;font-size&quot;:{&quot;desktop_large&quot;:&quot;20&quot;},&quot;base-line-height&quot;:&quot;global&quot;,&quot;base-letter-spacing&quot;:&quot;global&quot;}\" class=\"ut-custom-heading-module\" ><span class=\"\" >Conditioning<\/span><\/h3><style type=\"text\/css\">#ut_custom_heading69ea5cd5f1780 { font-size:14px !important;line-height:28px !important; }#ut_custom_heading69ea5cd5f1780 { text-align:left; }@media (min-width: 768px) and (max-width: 1024px) { #ut_custom_heading69ea5cd5f1780 { text-align:left; } }@media (max-width: 767px) { #ut_custom_heading69ea5cd5f1780 { text-align:left; } }<\/style><p id=\"ut_custom_heading69ea5cd5f1780\" data-responsive-font=\"p\" data-responsive-font-settings=\"{&quot;base-font-size&quot;:&quot;global&quot;,&quot;font-size&quot;:{&quot;desktop_large&quot;:&quot;14&quot;},&quot;base-line-height&quot;:&quot;global&quot;,&quot;line-height&quot;:{&quot;desktop_large&quot;:&quot;28&quot;},&quot;base-letter-spacing&quot;:&quot;global&quot;}\" class=\"ut-custom-heading-module\" ><span class=\"\" >In coils.<\/span><\/p><\/div><\/div><\/div><\/div><\/div><\/div><\/div><\/div><div class=\"vc_row-full-width vc_clearfix\"><\/div><div id=\"ut-row-69ea5cd5f215d\" data-vc-full-width=\"true\" data-vc-full-width-init=\"false\" class=\"vc_row wpb_row vc_row-fluid vc_column-gap-0 ut-row-69ea5cd5f216c\" ><div class=\"wpb_column vc_column_container vc_col-sm-12\" ><div id=\"ut_inner_column_69ea5cd5f27f7\" class=\"vc_column-inner\" ><div class=\"wpb_wrapper\"><div class=\"vc_empty_space\"   style=\"height: 40px\"><span class=\"vc_empty_space_inner\"><\/span><\/div><div  class=\"wpb_content_element   clearfix\"><style type=\"text\/css\">#ut_am_69ea5cd5f2e3f { opacity: 1; }#ut_am_wrap_69ea5cd5f2e40 { text-align: center; }@media (min-width: 768px) and (max-width: 1024px) { #ut_am_wrap_69ea5cd5f2e40 { text-align: center !important; } }@media (max-width: 767px) { #ut_am_wrap_69ea5cd5f2e40 { text-align: center !important; } }<\/style><div id=\"ut_am_wrap_69ea5cd5f2e40\" class=\"ut-image-gallery-image  ut-reveal-fx ut-element-with-block-reveal\"><div id=\"ut_reveal_69ea5cd5f2e41\" data-reveal-bgcolor=\"#000000\" data-reveal-direction=\"lr\" data-reveal-duration=\"750\" data-reveal-delay=\"200\" data-appear-top-offset=\"auto\" class=\"ut-animated-image-item ut-image-gallery-item ut-animation-done ut-reveal-fx-element ut-block-reveal-hide\"><a class=\"ut-deactivated-link\" href=\"#\"><div class=\"ut-animated-image-zoom\">\r\n        <div class=\"ut-element-glitch-wrap\">\r\n\r\n            \r\n        <style type=\"text\/css\">\r\n\r\n                        \r\n        @media (min-width: 1025px) {\r\n\r\n        #ut-element-glitch-69ea5cd5f2e84321059536-195 .ut-glitch-single-element {\r\n                                            \r\n                }\r\n        }\r\n\r\n        @media (min-width: 768px) and (max-width: 1024px) {\r\n\r\n        #ut-element-glitch-69ea5cd5f2e84321059536-195 .ut-glitch-single-element {\r\n                                                \r\n                    }\r\n        }\r\n\r\n        @media (max-width: 767px) {\r\n\r\n        #ut-element-glitch-69ea5cd5f2e84321059536-195 .ut-glitch-single-element {\r\n                                                \r\n                    }\r\n        }\r\n\r\n        \r\n        <\/style>\r\n\r\n        \r\n            <div id=\"ut-element-glitch-69ea5cd5f2e84321059536-195\" class=\"ut-element-glitch ut-glitch-none ut-element-glitch-permanent\">\r\n                <div class=\"ut-glitch-single-element ut-lozad skip-lazy\" data-background-image=\"https:\/\/coelpla.com.ar\/wp-content\/uploads\/2022\/02\/table-4.png\"><\/div>\r\n                <div class=\"ut-glitch-single-element ut-lozad skip-lazy\" data-background-image=\"https:\/\/coelpla.com.ar\/wp-content\/uploads\/2022\/02\/table-4.png\"><\/div>\r\n                <div class=\"ut-glitch-single-element ut-lozad skip-lazy\" data-background-image=\"https:\/\/coelpla.com.ar\/wp-content\/uploads\/2022\/02\/table-4.png\"><\/div>\r\n                <div class=\"ut-glitch-single-element ut-lozad skip-lazy\" data-background-image=\"https:\/\/coelpla.com.ar\/wp-content\/uploads\/2022\/02\/table-4.png\"><\/div>\r\n                <div class=\"ut-glitch-single-element ut-lozad skip-lazy\" data-background-image=\"https:\/\/coelpla.com.ar\/wp-content\/uploads\/2022\/02\/table-4.png\"><\/div>\r\n            <\/div>\r\n\r\n        <\/div>\r\n\r\n        <img loading=\"lazy\" decoding=\"async\" class=\"ut-lazy skip-lazy ut-animated-image\"  id=\"ut_am_69ea5cd5f2e3f\" src=\"data:image\/svg+xml;charset=utf-8,%3Csvg xmlns%3D'http%3A%2F%2Fwww.w3.org%2F2000%2Fsvg' viewBox%3D'0 0 696 450'%2F%3E\" data-src=\"https:\/\/coelpla.com.ar\/wp-content\/uploads\/2022\/02\/table-4.png\" width=\"696\" height=\"450\" alt=\"CABLE VIAJERO-COMANDO ASCENSOR PLANO\"\/><\/div><\/a><\/div><\/div><\/div><\/div><\/div><\/div><\/div><div class=\"vc_row-full-width vc_clearfix\"><\/div><a data-id=\"section-without-id\" class=\"ut-vc-offset-anchor-bottom\" name=\"section-without-id\"><\/a><\/section><div class=\"vc_row-full-width vc_clearfix\"><\/div>\n<\/section>","protected":false},"excerpt":{"rendered":"CABLE VIAJERO-COMANDO ASCENSOR PLANO Caracter\u00edsticas GeneralesEn los cables planos, todos los conductores agrupados en celdas y conjuntos de conductores ubicados en forma paralela, est\u00e1n recubiertos por un PVC muy flexible. Este dise\u00f1o tiene ventajas t\u00e9cnicas y funcionales, por ejemplo necesitan mucho menos espacio en el pozo del ascensor, debido a su menor radio de flexi\u00f3n. [...]","protected":false},"author":1,"featured_media":0,"parent":0,"menu_order":0,"comment_status":"closed","ping_status":"closed","template":"","meta":{"_joinchat":[],"footnotes":""},"class_list":["post-186","page","type-page","status-publish","hentry"],"_links":{"self":[{"href":"https:\/\/coelpla.com.ar\/en\/wp-json\/wp\/v2\/pages\/186","targetHints":{"allow":["GET"]}}],"collection":[{"href":"https:\/\/coelpla.com.ar\/en\/wp-json\/wp\/v2\/pages"}],"about":[{"href":"https:\/\/coelpla.com.ar\/en\/wp-json\/wp\/v2\/types\/page"}],"author":[{"embeddable":true,"href":"https:\/\/coelpla.com.ar\/en\/wp-json\/wp\/v2\/users\/1"}],"replies":[{"embeddable":true,"href":"https:\/\/coelpla.com.ar\/en\/wp-json\/wp\/v2\/comments?post=186"}],"version-history":[{"count":7,"href":"https:\/\/coelpla.com.ar\/en\/wp-json\/wp\/v2\/pages\/186\/revisions"}],"predecessor-version":[{"id":196,"href":"https:\/\/coelpla.com.ar\/en\/wp-json\/wp\/v2\/pages\/186\/revisions\/196"}],"wp:attachment":[{"href":"https:\/\/coelpla.com.ar\/en\/wp-json\/wp\/v2\/media?parent=186"}],"curies":[{"name":"wp","href":"https:\/\/api.w.org\/{rel}","templated":true}]}}