{"id":175,"date":"2022-02-24T12:55:01","date_gmt":"2022-02-24T15:55:01","guid":{"rendered":"https:\/\/coelpla.com.ar\/?page_id=175"},"modified":"2022-02-24T15:31:13","modified_gmt":"2022-02-24T18:31:13","slug":"cable-viajero-comando-ascensor-redondo-flexible-con-alma-de-acero","status":"publish","type":"page","link":"https:\/\/coelpla.com.ar\/en\/cable-viajero-comando-ascensor-redondo-flexible-con-alma-de-acero\/","title":{"rendered":"CABLE TRAVELLER-COMMAND ELEVATOR ROUND FLEXIBLE WITH SOUL OF STEEL"},"content":{"rendered":"<section class=\"wpb-content-wrapper\"><section id=\"ut-section-69ea8f919dae2\" data-vc-full-width=\"true\" data-vc-full-width-init=\"false\" data-cursor-skin=\"global\" class=\"vc_section ut-vc-120 vc_section-has-no-fill ut-section-69ea8f919daf4\"><div id=\"ut-row-69ea8f919e390\" data-vc-full-width=\"true\" data-vc-full-width-init=\"false\" class=\"vc_row wpb_row vc_row-fluid vc_column-gap-0 ut-row-69ea8f919e39e\" ><div class=\"wpb_column vc_column_container vc_col-sm-12\" ><div id=\"ut_inner_column_69ea8f919f680\" class=\"vc_column-inner\" ><div class=\"wpb_wrapper\"><style type=\"text\/css\">#ut_custom_heading69ea8f919f980 { font-family: \"Raleway\";font-weight:400;font-style:normal; }#ut_custom_heading69ea8f919f980 { font-size:35px !important; }#ut_custom_heading69ea8f919f980 { text-align:left; }@media (min-width: 768px) and (max-width: 1024px) { #ut_custom_heading69ea8f919f980 { text-align:left; } }@media (max-width: 767px) { #ut_custom_heading69ea8f919f980 { text-align:left; } }<\/style><h1 id=\"ut_custom_heading69ea8f919f980\" data-responsive-font=\"h1\" data-responsive-font-settings=\"{&quot;base-font-size&quot;:&quot;global&quot;,&quot;font-size&quot;:{&quot;desktop_large&quot;:&quot;35&quot;},&quot;base-line-height&quot;:&quot;global&quot;,&quot;base-letter-spacing&quot;:&quot;global&quot;}\" class=\"ut-custom-heading-module\" ><span class=\"\" >CABLE TRAVELLER-COMMAND ELEVATOR ROUND FLEXIBLE WITH SOUL OF STEEL<\/span><\/h1><\/div><\/div><\/div><\/div><div class=\"vc_row-full-width vc_clearfix\"><\/div><div id=\"ut-row-69ea8f91a4049\" data-vc-full-width=\"true\" data-vc-full-width-init=\"false\" class=\"vc_row wpb_row vc_row-fluid vc_column-gap-0 ut-row-69ea8f91a405c\" ><div class=\"wpb_column vc_column_container vc_col-sm-6\" ><div id=\"ut_inner_column_69ea8f91a4722\" class=\"vc_column-inner\" ><div class=\"wpb_wrapper\"><div  class=\"wpb_content_element   clearfix\"><style type=\"text\/css\">#ut_am_69ea8f91a59db { opacity: 1; }#ut_am_wrap_69ea8f91a59dc .ut-animated-image-zoom::after { background: url(https:\/\/coelpla.com.ar\/wp-content\/uploads\/2022\/02\/20-CABLE-COMANDO-REDONDO-CENTRO-ACERO-500x500-1.png); }#ut_am_wrap_69ea8f91a59dc { text-align: center; }@media (min-width: 768px) and (max-width: 1024px) { #ut_am_wrap_69ea8f91a59dc { text-align: center !important; } }@media (max-width: 767px) { #ut_am_wrap_69ea8f91a59dc { text-align: center !important; } }<\/style><div id=\"ut_am_wrap_69ea8f91a59dc\" class=\"ut-image-gallery-image  ut-reveal-fx ut-element-with-block-reveal\"><div id=\"ut_reveal_69ea8f91a59dd\" data-reveal-bgcolor=\"#000000\" data-reveal-direction=\"lr\" data-reveal-duration=\"750\" data-reveal-delay=\"200\" data-appear-top-offset=\"auto\" class=\"ut-animated-image-item ut-image-gallery-item ut-animation-done ut-reveal-fx-element ut-block-reveal-hide\"><a data-exthumbimage=\"https:\/\/coelpla.com.ar\/wp-content\/uploads\/2022\/02\/20-CABLE-COMANDO-REDONDO-CENTRO-ACERO-500x500-1-200x200.png\" href=\"https:\/\/coelpla.com.ar\/wp-content\/uploads\/2022\/02\/20-CABLE-COMANDO-REDONDO-CENTRO-ACERO-1920x780-1.png\" class=\"ut-vc-images-lightbox ut-wait-for-plugin\" data-title=\"\" data-caption=\"\" data-caption-color=\"\" data-caption-background=\"\" data-force-caption=\"on\"><div class=\"ut-animated-image-zoom\">\r\n        <div class=\"ut-element-glitch-wrap\">\r\n\r\n            \r\n        <style type=\"text\/css\">\r\n\r\n                        \r\n        @media (min-width: 1025px) {\r\n\r\n        #ut-element-glitch-69ea8f91a63ca249583369-177 .ut-glitch-single-element {\r\n                                            \r\n                }\r\n        }\r\n\r\n        @media (min-width: 768px) and (max-width: 1024px) {\r\n\r\n        #ut-element-glitch-69ea8f91a63ca249583369-177 .ut-glitch-single-element {\r\n                                                \r\n                    }\r\n        }\r\n\r\n        @media (max-width: 767px) {\r\n\r\n        #ut-element-glitch-69ea8f91a63ca249583369-177 .ut-glitch-single-element {\r\n                                                \r\n                    }\r\n        }\r\n\r\n        \r\n        <\/style>\r\n\r\n        \r\n            <div id=\"ut-element-glitch-69ea8f91a63ca249583369-177\" class=\"ut-element-glitch ut-glitch-none ut-element-glitch-permanent\">\r\n                <div class=\"ut-glitch-single-element ut-lozad skip-lazy\" data-background-image=\"https:\/\/coelpla.com.ar\/wp-content\/uploads\/2022\/02\/20-CABLE-COMANDO-REDONDO-CENTRO-ACERO-500x500-1.png\"><\/div>\r\n                <div class=\"ut-glitch-single-element ut-lozad skip-lazy\" data-background-image=\"https:\/\/coelpla.com.ar\/wp-content\/uploads\/2022\/02\/20-CABLE-COMANDO-REDONDO-CENTRO-ACERO-500x500-1.png\"><\/div>\r\n                <div class=\"ut-glitch-single-element ut-lozad skip-lazy\" data-background-image=\"https:\/\/coelpla.com.ar\/wp-content\/uploads\/2022\/02\/20-CABLE-COMANDO-REDONDO-CENTRO-ACERO-500x500-1.png\"><\/div>\r\n                <div class=\"ut-glitch-single-element ut-lozad skip-lazy\" data-background-image=\"https:\/\/coelpla.com.ar\/wp-content\/uploads\/2022\/02\/20-CABLE-COMANDO-REDONDO-CENTRO-ACERO-500x500-1.png\"><\/div>\r\n                <div class=\"ut-glitch-single-element ut-lozad skip-lazy\" data-background-image=\"https:\/\/coelpla.com.ar\/wp-content\/uploads\/2022\/02\/20-CABLE-COMANDO-REDONDO-CENTRO-ACERO-500x500-1.png\"><\/div>\r\n            <\/div>\r\n\r\n        <\/div>\r\n\r\n        <img loading=\"lazy\" decoding=\"async\" class=\"ut-lazy skip-lazy ut-animated-image\"  id=\"ut_am_69ea8f91a59db\" src=\"data:image\/svg+xml;charset=utf-8,%3Csvg xmlns%3D'http%3A%2F%2Fwww.w3.org%2F2000%2Fsvg' viewBox%3D'0 0 500 500'%2F%3E\" data-src=\"https:\/\/coelpla.com.ar\/wp-content\/uploads\/2022\/02\/20-CABLE-COMANDO-REDONDO-CENTRO-ACERO-500x500-1.png\" width=\"500\" height=\"500\" alt=\"\"\/><\/div><\/a><\/div><\/div><\/div><\/div><\/div><\/div><div class=\"wpb_column vc_column_container vc_col-sm-6\" ><div id=\"ut_inner_column_69ea8f91a685a\" class=\"vc_column-inner\" ><div class=\"wpb_wrapper\"><style type=\"text\/css\">#ut_custom_heading69ea8f91a6969 { font-family: \"Raleway\";font-weight:500;font-style:normal; }#ut_custom_heading69ea8f91a6969 { font-size:20px !important; }#ut_custom_heading69ea8f91a6969 { text-align:left; }@media (min-width: 768px) and (max-width: 1024px) { #ut_custom_heading69ea8f91a6969 { text-align:left; } }@media (max-width: 767px) { #ut_custom_heading69ea8f91a6969 { text-align:left; } }#ut_custom_heading69ea8f91a6969 span { border-left-style:solid;border-left-color:#fe8b54;border-left-width:5px;padding-left:10px;display:inline-block; }<\/style><h3 id=\"ut_custom_heading69ea8f91a6969\" data-responsive-font=\"h3\" data-responsive-font-settings=\"{&quot;base-font-size&quot;:&quot;global&quot;,&quot;font-size&quot;:{&quot;desktop_large&quot;:&quot;20&quot;},&quot;base-line-height&quot;:&quot;global&quot;,&quot;base-letter-spacing&quot;:&quot;global&quot;}\" class=\"ut-custom-heading-module\" ><span class=\"\" >General Characteristics<\/span><\/h3><style type=\"text\/css\">#ut_custom_heading69ea8f91a6a06 { font-size:14px !important;line-height:28px !important; }#ut_custom_heading69ea8f91a6a06 { text-align:left; }@media (min-width: 768px) and (max-width: 1024px) { #ut_custom_heading69ea8f91a6a06 { text-align:left; } }@media (max-width: 767px) { #ut_custom_heading69ea8f91a6a06 { text-align:left; } }<\/style><p id=\"ut_custom_heading69ea8f91a6a06\" data-responsive-font=\"p\" data-responsive-font-settings=\"{&quot;base-font-size&quot;:&quot;global&quot;,&quot;font-size&quot;:{&quot;desktop_large&quot;:&quot;14&quot;},&quot;base-line-height&quot;:&quot;global&quot;,&quot;line-height&quot;:{&quot;desktop_large&quot;:&quot;28&quot;},&quot;base-letter-spacing&quot;:&quot;global&quot;}\" class=\"ut-custom-heading-module\" ><span class=\"\" >Each conductor is constructed from a rope flexible annealed electrolytic copper, insulated with a layer of material thermo-plastic PVC anti-flame flexible.<br \/>\nThe drivers so isolated are wired on a soul of steel, which is \u2013 t\u00e1 coated in PVC and a polyester mesh.<br \/>\nSubsequently, the wiring end is wrapped with a ribbon of cotton yarn and protected with a sheath tight flexible PVC black color. Based on the specifications of the Standards NM 280 Class 5 - IEC No. 60227-6-71 C.<\/span><\/p><style type=\"text\/css\">#ut_custom_heading69ea8f91a6ab6 { font-family: \"Raleway\";font-weight:500;font-style:normal; }#ut_custom_heading69ea8f91a6ab6 { font-size:20px !important; }#ut_custom_heading69ea8f91a6ab6 { text-align:left; }@media (min-width: 768px) and (max-width: 1024px) { #ut_custom_heading69ea8f91a6ab6 { text-align:left; } }@media (max-width: 767px) { #ut_custom_heading69ea8f91a6ab6 { text-align:left; } }#ut_custom_heading69ea8f91a6ab6 span { border-left-style:solid;border-left-color:#fe8b54;border-left-width:5px;padding-left:10px;display:inline-block; }<\/style><h3 id=\"ut_custom_heading69ea8f91a6ab6\" data-responsive-font=\"h3\" data-responsive-font-settings=\"{&quot;base-font-size&quot;:&quot;global&quot;,&quot;font-size&quot;:{&quot;desktop_large&quot;:&quot;20&quot;},&quot;base-line-height&quot;:&quot;global&quot;,&quot;base-letter-spacing&quot;:&quot;global&quot;}\" class=\"ut-custom-heading-module\" ><span class=\"\" >Identification<\/span><\/h3><style type=\"text\/css\">#ut_custom_heading69ea8f91a6b26 { font-size:14px !important;line-height:28px !important; }#ut_custom_heading69ea8f91a6b26 { text-align:left; }@media (min-width: 768px) and (max-width: 1024px) { #ut_custom_heading69ea8f91a6b26 { text-align:left; } }@media (max-width: 767px) { #ut_custom_heading69ea8f91a6b26 { text-align:left; } }<\/style><p id=\"ut_custom_heading69ea8f91a6b26\" data-responsive-font=\"p\" data-responsive-font-settings=\"{&quot;base-font-size&quot;:&quot;global&quot;,&quot;font-size&quot;:{&quot;desktop_large&quot;:&quot;14&quot;},&quot;base-line-height&quot;:&quot;global&quot;,&quot;line-height&quot;:{&quot;desktop_large&quot;:&quot;28&quot;},&quot;base-letter-spacing&quot;:&quot;global&quot;}\" class=\"ut-custom-heading-module\" ><span class=\"\" >Numbering system on the insulation of each conductor arranged in a continuous 40-millimeter about each other and easy to read.<br \/>\nThe sheath outer wears printed on the same brand COELPLA, section, and number of conductors, voltage, country of origin, and feet marked in a sequential way.<\/span><\/p><style type=\"text\/css\">#ut_custom_heading69ea8f91a6bb4 { font-family: \"Raleway\";font-weight:500;font-style:normal; }#ut_custom_heading69ea8f91a6bb4 { font-size:20px !important; }#ut_custom_heading69ea8f91a6bb4 { text-align:left; }@media (min-width: 768px) and (max-width: 1024px) { #ut_custom_heading69ea8f91a6bb4 { text-align:left; } }@media (max-width: 767px) { #ut_custom_heading69ea8f91a6bb4 { text-align:left; } }#ut_custom_heading69ea8f91a6bb4 span { border-left-style:solid;border-left-color:#fe8b54;border-left-width:5px;padding-left:10px;display:inline-block; }<\/style><h3 id=\"ut_custom_heading69ea8f91a6bb4\" data-responsive-font=\"h3\" data-responsive-font-settings=\"{&quot;base-font-size&quot;:&quot;global&quot;,&quot;font-size&quot;:{&quot;desktop_large&quot;:&quot;20&quot;},&quot;base-line-height&quot;:&quot;global&quot;,&quot;base-letter-spacing&quot;:&quot;global&quot;}\" class=\"ut-custom-heading-module\" ><span class=\"\" >Electrical characteristics<br \/>\n<\/span><\/h3><style type=\"text\/css\">#ut_custom_heading69ea8f91a6c1f { font-size:14px !important;line-height:28px !important; }#ut_custom_heading69ea8f91a6c1f { text-align:left; }@media (min-width: 768px) and (max-width: 1024px) { #ut_custom_heading69ea8f91a6c1f { text-align:left; } }@media (max-width: 767px) { #ut_custom_heading69ea8f91a6c1f { text-align:left; } }<\/style><p id=\"ut_custom_heading69ea8f91a6c1f\" data-responsive-font=\"p\" data-responsive-font-settings=\"{&quot;base-font-size&quot;:&quot;global&quot;,&quot;font-size&quot;:{&quot;desktop_large&quot;:&quot;14&quot;},&quot;base-line-height&quot;:&quot;global&quot;,&quot;line-height&quot;:{&quot;desktop_large&quot;:&quot;28&quot;},&quot;base-letter-spacing&quot;:&quot;global&quot;}\" class=\"ut-custom-heading-module\" ><span class=\"\" >Rated voltage: 0.75 \u2013 1.00 mm2 : 300\/500V.<\/p>\n<p><\/span><\/p><style type=\"text\/css\">#ut_custom_heading69ea8f91a6cab { font-family: \"Raleway\";font-weight:500;font-style:normal; }#ut_custom_heading69ea8f91a6cab { font-size:20px !important; }#ut_custom_heading69ea8f91a6cab { text-align:left; }@media (min-width: 768px) and (max-width: 1024px) { #ut_custom_heading69ea8f91a6cab { text-align:left; } }@media (max-width: 767px) { #ut_custom_heading69ea8f91a6cab { text-align:left; } }#ut_custom_heading69ea8f91a6cab span { border-left-style:solid;border-left-color:#fe8b54;border-left-width:5px;padding-left:10px;display:inline-block; }<\/style><h3 id=\"ut_custom_heading69ea8f91a6cab\" data-responsive-font=\"h3\" data-responsive-font-settings=\"{&quot;base-font-size&quot;:&quot;global&quot;,&quot;font-size&quot;:{&quot;desktop_large&quot;:&quot;20&quot;},&quot;base-line-height&quot;:&quot;global&quot;,&quot;base-letter-spacing&quot;:&quot;global&quot;}\" class=\"ut-custom-heading-module\" ><span class=\"\" >Mechanical Characteristics<br \/>\n<\/span><\/h3><style type=\"text\/css\">#ut_custom_heading69ea8f91a6d14 { font-size:14px !important;line-height:28px !important; }#ut_custom_heading69ea8f91a6d14 { text-align:left; }@media (min-width: 768px) and (max-width: 1024px) { #ut_custom_heading69ea8f91a6d14 { text-align:left; } }@media (max-width: 767px) { #ut_custom_heading69ea8f91a6d14 { text-align:left; } }<\/style><p id=\"ut_custom_heading69ea8f91a6d14\" data-responsive-font=\"p\" data-responsive-font-settings=\"{&quot;base-font-size&quot;:&quot;global&quot;,&quot;font-size&quot;:{&quot;desktop_large&quot;:&quot;14&quot;},&quot;base-line-height&quot;:&quot;global&quot;,&quot;line-height&quot;:{&quot;desktop_large&quot;:&quot;28&quot;},&quot;base-letter-spacing&quot;:&quot;global&quot;}\" class=\"ut-custom-heading-module\" ><span class=\"\" >Length-free hanging: max. 160 m Height travel: max. 310 m bend Radius: 15 times its thickness.<br \/>\n<\/span><\/p><style type=\"text\/css\">#ut_custom_heading69ea8f91a6d9e { font-family: \"Raleway\";font-weight:500;font-style:normal; }#ut_custom_heading69ea8f91a6d9e { font-size:20px !important; }#ut_custom_heading69ea8f91a6d9e { text-align:left; }@media (min-width: 768px) and (max-width: 1024px) { #ut_custom_heading69ea8f91a6d9e { text-align:left; } }@media (max-width: 767px) { #ut_custom_heading69ea8f91a6d9e { text-align:left; } }#ut_custom_heading69ea8f91a6d9e span { border-left-style:solid;border-left-color:#fe8b54;border-left-width:5px;padding-left:10px;display:inline-block; }<\/style><h3 id=\"ut_custom_heading69ea8f91a6d9e\" data-responsive-font=\"h3\" data-responsive-font-settings=\"{&quot;base-font-size&quot;:&quot;global&quot;,&quot;font-size&quot;:{&quot;desktop_large&quot;:&quot;20&quot;},&quot;base-line-height&quot;:&quot;global&quot;,&quot;base-letter-spacing&quot;:&quot;global&quot;}\" class=\"ut-custom-heading-module\" ><span class=\"\" >Uses<\/span><\/h3><style type=\"text\/css\">#ut_custom_heading69ea8f91a6e06 { font-size:14px !important;line-height:28px !important; }#ut_custom_heading69ea8f91a6e06 { text-align:left; }@media (min-width: 768px) and (max-width: 1024px) { #ut_custom_heading69ea8f91a6e06 { text-align:left; } }@media (max-width: 767px) { #ut_custom_heading69ea8f91a6e06 { text-align:left; } }<\/style><p id=\"ut_custom_heading69ea8f91a6e06\" data-responsive-font=\"p\" data-responsive-font-settings=\"{&quot;base-font-size&quot;:&quot;global&quot;,&quot;font-size&quot;:{&quot;desktop_large&quot;:&quot;14&quot;},&quot;base-line-height&quot;:&quot;global&quot;,&quot;line-height&quot;:{&quot;desktop_large&quot;:&quot;28&quot;},&quot;base-letter-spacing&quot;:&quot;global&quot;}\" class=\"ut-custom-heading-module\" ><span class=\"\" >These are recommended for installations with a suspension of more than 60 meters.<br \/>\nDue to its high flexibility are required for installation of: LIFTS \u2013 HOISTS BRIDGE CRANES RIGGING ELECTRIC.<\/span><\/p><style type=\"text\/css\">#ut_custom_heading69ea8f91a6e9e { font-family: \"Raleway\";font-weight:500;font-style:normal; }#ut_custom_heading69ea8f91a6e9e { font-size:20px !important; }#ut_custom_heading69ea8f91a6e9e { text-align:left; }@media (min-width: 768px) and (max-width: 1024px) { #ut_custom_heading69ea8f91a6e9e { text-align:left; } }@media (max-width: 767px) { #ut_custom_heading69ea8f91a6e9e { text-align:left; } }#ut_custom_heading69ea8f91a6e9e span { border-left-style:solid;border-left-color:#fe8b54;border-left-width:5px;padding-left:10px;display:inline-block; }<\/style><h3 id=\"ut_custom_heading69ea8f91a6e9e\" data-responsive-font=\"h3\" data-responsive-font-settings=\"{&quot;base-font-size&quot;:&quot;global&quot;,&quot;font-size&quot;:{&quot;desktop_large&quot;:&quot;20&quot;},&quot;base-line-height&quot;:&quot;global&quot;,&quot;base-letter-spacing&quot;:&quot;global&quot;}\" class=\"ut-custom-heading-module\" ><span class=\"\" >Conditioning<\/span><\/h3><style type=\"text\/css\">#ut_custom_heading69ea8f91a6f08 { font-size:14px !important;line-height:28px !important; }#ut_custom_heading69ea8f91a6f08 { text-align:left; }@media (min-width: 768px) and (max-width: 1024px) { #ut_custom_heading69ea8f91a6f08 { text-align:left; } }@media (max-width: 767px) { #ut_custom_heading69ea8f91a6f08 { text-align:left; } }<\/style><p id=\"ut_custom_heading69ea8f91a6f08\" data-responsive-font=\"p\" data-responsive-font-settings=\"{&quot;base-font-size&quot;:&quot;global&quot;,&quot;font-size&quot;:{&quot;desktop_large&quot;:&quot;14&quot;},&quot;base-line-height&quot;:&quot;global&quot;,&quot;line-height&quot;:{&quot;desktop_large&quot;:&quot;28&quot;},&quot;base-letter-spacing&quot;:&quot;global&quot;}\" class=\"ut-custom-heading-module\" ><span class=\"\" >In coils.<\/span><\/p><\/div><\/div><\/div><\/div><div class=\"vc_row-full-width vc_clearfix\"><\/div><div id=\"ut-row-69ea8f91a773b\" data-vc-full-width=\"true\" data-vc-full-width-init=\"false\" class=\"vc_row wpb_row vc_row-fluid vc_column-gap-0 ut-row-69ea8f91a774a\" ><div class=\"wpb_column vc_column_container vc_col-sm-12\" ><div id=\"ut_inner_column_69ea8f91a7d9f\" class=\"vc_column-inner\" ><div class=\"wpb_wrapper\"><div class=\"vc_empty_space\"   style=\"height: 40px\"><span class=\"vc_empty_space_inner\"><\/span><\/div><div  class=\"wpb_content_element   clearfix\"><style type=\"text\/css\">#ut_am_69ea8f91a839c { opacity: 1; }#ut_am_wrap_69ea8f91a839d { text-align: center; }@media (min-width: 768px) and (max-width: 1024px) { #ut_am_wrap_69ea8f91a839d { text-align: center !important; } }@media (max-width: 767px) { #ut_am_wrap_69ea8f91a839d { text-align: center !important; } }<\/style><div id=\"ut_am_wrap_69ea8f91a839d\" class=\"ut-image-gallery-image  ut-reveal-fx ut-element-with-block-reveal\"><div id=\"ut_reveal_69ea8f91a839e\" data-reveal-bgcolor=\"#000000\" data-reveal-direction=\"lr\" data-reveal-duration=\"750\" data-reveal-delay=\"200\" data-appear-top-offset=\"auto\" class=\"ut-animated-image-item ut-image-gallery-item ut-animation-done ut-reveal-fx-element ut-block-reveal-hide\"><a class=\"ut-deactivated-link\" href=\"#\"><div class=\"ut-animated-image-zoom\">\r\n        <div class=\"ut-element-glitch-wrap\">\r\n\r\n            \r\n        <style type=\"text\/css\">\r\n\r\n                        \r\n        @media (min-width: 1025px) {\r\n\r\n        #ut-element-glitch-69ea8f91a83d2759691387-183 .ut-glitch-single-element {\r\n                                            \r\n                }\r\n        }\r\n\r\n        @media (min-width: 768px) and (max-width: 1024px) {\r\n\r\n        #ut-element-glitch-69ea8f91a83d2759691387-183 .ut-glitch-single-element {\r\n                                                \r\n                    }\r\n        }\r\n\r\n        @media (max-width: 767px) {\r\n\r\n        #ut-element-glitch-69ea8f91a83d2759691387-183 .ut-glitch-single-element {\r\n                                                \r\n                    }\r\n        }\r\n\r\n        \r\n        <\/style>\r\n\r\n        \r\n            <div id=\"ut-element-glitch-69ea8f91a83d2759691387-183\" class=\"ut-element-glitch ut-glitch-none ut-element-glitch-permanent\">\r\n                <div class=\"ut-glitch-single-element ut-lozad skip-lazy\" data-background-image=\"https:\/\/coelpla.com.ar\/wp-content\/uploads\/2022\/02\/table-3.png\"><\/div>\r\n                <div class=\"ut-glitch-single-element ut-lozad skip-lazy\" data-background-image=\"https:\/\/coelpla.com.ar\/wp-content\/uploads\/2022\/02\/table-3.png\"><\/div>\r\n                <div class=\"ut-glitch-single-element ut-lozad skip-lazy\" data-background-image=\"https:\/\/coelpla.com.ar\/wp-content\/uploads\/2022\/02\/table-3.png\"><\/div>\r\n                <div class=\"ut-glitch-single-element ut-lozad skip-lazy\" data-background-image=\"https:\/\/coelpla.com.ar\/wp-content\/uploads\/2022\/02\/table-3.png\"><\/div>\r\n                <div class=\"ut-glitch-single-element ut-lozad skip-lazy\" data-background-image=\"https:\/\/coelpla.com.ar\/wp-content\/uploads\/2022\/02\/table-3.png\"><\/div>\r\n            <\/div>\r\n\r\n        <\/div>\r\n\r\n        <img loading=\"lazy\" decoding=\"async\" class=\"ut-lazy skip-lazy ut-animated-image\"  id=\"ut_am_69ea8f91a839c\" src=\"data:image\/svg+xml;charset=utf-8,%3Csvg xmlns%3D'http%3A%2F%2Fwww.w3.org%2F2000%2Fsvg' viewBox%3D'0 0 709 347'%2F%3E\" data-src=\"https:\/\/coelpla.com.ar\/wp-content\/uploads\/2022\/02\/table-3.png\" width=\"709\" height=\"347\" alt=\"CABLE VIAJERO-COMANDO ASCENSOR REDONDO FLEXIBLE CON ALMA DE ACERO\"\/><\/div><\/a><\/div><\/div><\/div><\/div><\/div><\/div><\/div><div class=\"vc_row-full-width vc_clearfix\"><\/div><a data-id=\"section-without-id\" class=\"ut-vc-offset-anchor-bottom\" name=\"section-without-id\"><\/a><\/section><div class=\"vc_row-full-width vc_clearfix\"><\/div>\n<\/section>","protected":false},"excerpt":{"rendered":"CABLE VIAJERO-COMANDO ASCENSOR REDONDO FLEXIBLE CON ALMA DE ACERO Caracter\u00edsticas GeneralesCada conductor est\u00e1 construido a partir de una cuerda flexible de cobre electrol\u00edtico recocido, aislada con una capa de material termo-pl\u00e1stico PVC anti-llama flexible. Los conductores as\u00ed aislados son cableados sobre un alma de acero, la cual es - t\u00e1 revestida en PVC y sobre [...]","protected":false},"author":1,"featured_media":0,"parent":0,"menu_order":0,"comment_status":"closed","ping_status":"closed","template":"","meta":{"_joinchat":[],"footnotes":""},"class_list":["post-175","page","type-page","status-publish","hentry"],"_links":{"self":[{"href":"https:\/\/coelpla.com.ar\/en\/wp-json\/wp\/v2\/pages\/175","targetHints":{"allow":["GET"]}}],"collection":[{"href":"https:\/\/coelpla.com.ar\/en\/wp-json\/wp\/v2\/pages"}],"about":[{"href":"https:\/\/coelpla.com.ar\/en\/wp-json\/wp\/v2\/types\/page"}],"author":[{"embeddable":true,"href":"https:\/\/coelpla.com.ar\/en\/wp-json\/wp\/v2\/users\/1"}],"replies":[{"embeddable":true,"href":"https:\/\/coelpla.com.ar\/en\/wp-json\/wp\/v2\/comments?post=175"}],"version-history":[{"count":6,"href":"https:\/\/coelpla.com.ar\/en\/wp-json\/wp\/v2\/pages\/175\/revisions"}],"predecessor-version":[{"id":184,"href":"https:\/\/coelpla.com.ar\/en\/wp-json\/wp\/v2\/pages\/175\/revisions\/184"}],"wp:attachment":[{"href":"https:\/\/coelpla.com.ar\/en\/wp-json\/wp\/v2\/media?parent=175"}],"curies":[{"name":"wp","href":"https:\/\/api.w.org\/{rel}","templated":true}]}}