{"id":158,"date":"2022-02-24T11:12:52","date_gmt":"2022-02-24T14:12:52","guid":{"rendered":"https:\/\/coelpla.com.ar\/?page_id=158"},"modified":"2022-02-24T12:45:12","modified_gmt":"2022-02-24T15:45:12","slug":"cable-comando-selector","status":"publish","type":"page","link":"https:\/\/coelpla.com.ar\/en\/cable-comando-selector\/","title":{"rendered":"CABLE COMMAND SELECTOR"},"content":{"rendered":"<section class=\"wpb-content-wrapper\"><section id=\"ut-section-69ea88b708780\" data-vc-full-width=\"true\" data-vc-full-width-init=\"false\" data-cursor-skin=\"global\" class=\"vc_section ut-vc-120 vc_section-has-no-fill ut-section-69ea88b708796\"><div id=\"ut-row-69ea88b709093\" data-vc-full-width=\"true\" data-vc-full-width-init=\"false\" class=\"vc_row wpb_row vc_row-fluid vc_column-gap-0 ut-row-69ea88b7090a2\" ><div class=\"wpb_column vc_column_container vc_col-sm-12\" ><div id=\"ut_inner_column_69ea88b70996f\" class=\"vc_column-inner\" ><div class=\"wpb_wrapper\"><style type=\"text\/css\">#ut_custom_heading69ea88b709c65 { font-family: \"Raleway\";font-weight:400;font-style:normal; }#ut_custom_heading69ea88b709c65 { font-size:35px !important; }#ut_custom_heading69ea88b709c65 { text-align:left; }@media (min-width: 768px) and (max-width: 1024px) { #ut_custom_heading69ea88b709c65 { text-align:left; } }@media (max-width: 767px) { #ut_custom_heading69ea88b709c65 { text-align:left; } }<\/style><h1 id=\"ut_custom_heading69ea88b709c65\" data-responsive-font=\"h1\" data-responsive-font-settings=\"{&quot;base-font-size&quot;:&quot;global&quot;,&quot;font-size&quot;:{&quot;desktop_large&quot;:&quot;35&quot;},&quot;base-line-height&quot;:&quot;global&quot;,&quot;base-letter-spacing&quot;:&quot;global&quot;}\" class=\"ut-custom-heading-module\" ><span class=\"\" >CABLE COMMAND SELECTOR<\/span><\/h1><div id=\"ut-row-inner-69ea88b70dc4e\" class=\"vc_row wpb_row vc_inner vc_row-fluid ut-row-inner-69ea88b70dc66\" ><div  class=\"wpb_column vc_column_container vc_col-sm-6\"><div id=\"ut-column-inner-69ea88b70e0de\" class=\"vc_column-inner vc_column-inner-nested\"><div class=\"wpb_wrapper\"><div  class=\"wpb_content_element   clearfix\"><style type=\"text\/css\">#ut_am_69ea88b70e66a { opacity: 1; }#ut_am_wrap_69ea88b70e66c .ut-animated-image-zoom::after { background: url(https:\/\/coelpla.com.ar\/wp-content\/uploads\/2022\/02\/18-CABLE-COMANDO-SELECTOR-500x500-1.png); }#ut_am_wrap_69ea88b70e66c { text-align: center; }@media (min-width: 768px) and (max-width: 1024px) { #ut_am_wrap_69ea88b70e66c { text-align: center !important; } }@media (max-width: 767px) { #ut_am_wrap_69ea88b70e66c { text-align: center !important; } }<\/style><div id=\"ut_am_wrap_69ea88b70e66c\" class=\"ut-image-gallery-image  ut-reveal-fx ut-element-with-block-reveal\"><div id=\"ut_reveal_69ea88b70e66d\" data-reveal-bgcolor=\"#0c0c0c\" data-reveal-direction=\"lr\" data-reveal-duration=\"750\" data-reveal-delay=\"200\" data-appear-top-offset=\"auto\" class=\"ut-animated-image-item ut-image-gallery-item ut-animation-done ut-reveal-fx-element ut-block-reveal-hide\"><a data-exthumbimage=\"https:\/\/coelpla.com.ar\/wp-content\/uploads\/2022\/02\/18-CABLE-COMANDO-SELECTOR-500x500-1-200x200.png\" href=\"https:\/\/coelpla.com.ar\/wp-content\/uploads\/2022\/02\/18-CABLE-COMANDO-SELECTOR-1920x780-1.png\" class=\"ut-vc-images-lightbox ut-wait-for-plugin\" data-title=\"\" data-caption=\"\" data-caption-color=\"rgba(255, 255, 255, 1)\" data-caption-background=\"\" data-force-caption=\"on\"><div class=\"ut-animated-image-zoom\">\r\n        <div class=\"ut-element-glitch-wrap\">\r\n\r\n            \r\n        <style type=\"text\/css\">\r\n\r\n                        \r\n        @media (min-width: 1025px) {\r\n\r\n        #ut-element-glitch-69ea88b70f511977175146-160 .ut-glitch-single-element {\r\n                                            \r\n                }\r\n        }\r\n\r\n        @media (min-width: 768px) and (max-width: 1024px) {\r\n\r\n        #ut-element-glitch-69ea88b70f511977175146-160 .ut-glitch-single-element {\r\n                                                \r\n                    }\r\n        }\r\n\r\n        @media (max-width: 767px) {\r\n\r\n        #ut-element-glitch-69ea88b70f511977175146-160 .ut-glitch-single-element {\r\n                                                \r\n                    }\r\n        }\r\n\r\n        \r\n        <\/style>\r\n\r\n        \r\n            <div id=\"ut-element-glitch-69ea88b70f511977175146-160\" class=\"ut-element-glitch ut-glitch-none ut-element-glitch-permanent\">\r\n                <div class=\"ut-glitch-single-element ut-lozad skip-lazy\" data-background-image=\"https:\/\/coelpla.com.ar\/wp-content\/uploads\/2022\/02\/18-CABLE-COMANDO-SELECTOR-500x500-1.png\"><\/div>\r\n                <div class=\"ut-glitch-single-element ut-lozad skip-lazy\" data-background-image=\"https:\/\/coelpla.com.ar\/wp-content\/uploads\/2022\/02\/18-CABLE-COMANDO-SELECTOR-500x500-1.png\"><\/div>\r\n                <div class=\"ut-glitch-single-element ut-lozad skip-lazy\" data-background-image=\"https:\/\/coelpla.com.ar\/wp-content\/uploads\/2022\/02\/18-CABLE-COMANDO-SELECTOR-500x500-1.png\"><\/div>\r\n                <div class=\"ut-glitch-single-element ut-lozad skip-lazy\" data-background-image=\"https:\/\/coelpla.com.ar\/wp-content\/uploads\/2022\/02\/18-CABLE-COMANDO-SELECTOR-500x500-1.png\"><\/div>\r\n                <div class=\"ut-glitch-single-element ut-lozad skip-lazy\" data-background-image=\"https:\/\/coelpla.com.ar\/wp-content\/uploads\/2022\/02\/18-CABLE-COMANDO-SELECTOR-500x500-1.png\"><\/div>\r\n            <\/div>\r\n\r\n        <\/div>\r\n\r\n        <img loading=\"lazy\" decoding=\"async\" class=\"ut-lazy skip-lazy ut-animated-image\"  id=\"ut_am_69ea88b70e66a\" src=\"data:image\/svg+xml;charset=utf-8,%3Csvg xmlns%3D'http%3A%2F%2Fwww.w3.org%2F2000%2Fsvg' viewBox%3D'0 0 500 500'%2F%3E\" data-src=\"https:\/\/coelpla.com.ar\/wp-content\/uploads\/2022\/02\/18-CABLE-COMANDO-SELECTOR-500x500-1.png\" width=\"500\" height=\"500\" alt=\"CABLE COMANDO SELECTOR 500x500\"\/><\/div><\/a><\/div><\/div><\/div><\/div><\/div><\/div><div  class=\"wpb_column vc_column_container vc_col-sm-6\"><div id=\"ut-column-inner-69ea88b70f8b7\" class=\"vc_column-inner vc_column-inner-nested\"><div class=\"wpb_wrapper\"><style type=\"text\/css\">#ut_custom_heading69ea88b70fa45 { font-family: \"Raleway\";font-weight:500;font-style:normal; }#ut_custom_heading69ea88b70fa45 { font-size:20px !important; }#ut_custom_heading69ea88b70fa45 { text-align:left; }@media (min-width: 768px) and (max-width: 1024px) { #ut_custom_heading69ea88b70fa45 { text-align:left; } }@media (max-width: 767px) { #ut_custom_heading69ea88b70fa45 { text-align:left; } }#ut_custom_heading69ea88b70fa45 span { border-left-style:solid;border-left-color:#fe8b54;border-left-width:5px;padding-left:10px;display:inline-block; }<\/style><h3 id=\"ut_custom_heading69ea88b70fa45\" data-responsive-font=\"h3\" data-responsive-font-settings=\"{&quot;base-font-size&quot;:&quot;global&quot;,&quot;font-size&quot;:{&quot;desktop_large&quot;:&quot;20&quot;},&quot;base-line-height&quot;:&quot;global&quot;,&quot;base-letter-spacing&quot;:&quot;global&quot;}\" class=\"ut-custom-heading-module\" ><span class=\"\" >General Characteristics<\/span><\/h3><style type=\"text\/css\">#ut_custom_heading69ea88b70fae0 { font-size:14px !important;line-height:28px !important; }#ut_custom_heading69ea88b70fae0 { text-align:left; }@media (min-width: 768px) and (max-width: 1024px) { #ut_custom_heading69ea88b70fae0 { text-align:left; } }@media (max-width: 767px) { #ut_custom_heading69ea88b70fae0 { text-align:left; } }<\/style><p id=\"ut_custom_heading69ea88b70fae0\" data-responsive-font=\"p\" data-responsive-font-settings=\"{&quot;base-font-size&quot;:&quot;global&quot;,&quot;font-size&quot;:{&quot;desktop_large&quot;:&quot;14&quot;},&quot;base-line-height&quot;:&quot;global&quot;,&quot;line-height&quot;:{&quot;desktop_large&quot;:&quot;28&quot;},&quot;base-letter-spacing&quot;:&quot;global&quot;}\" class=\"ut-custom-heading-module\" ><span class=\"\" >Each driver is built from a string of extra-flexible annealed electrolytic copper, insulated with a layer of material thermo-plastic, PVC flexible, anti-flame.<br \/>\nThe drivers so isolated are wired and subsequently protected by a sheath tight flexible PVC in black color.<\/span><\/p><style type=\"text\/css\">#ut_custom_heading69ea88b70fb82 { font-family: \"Raleway\";font-weight:500;font-style:normal; }#ut_custom_heading69ea88b70fb82 { font-size:20px !important; }#ut_custom_heading69ea88b70fb82 { text-align:left; }@media (min-width: 768px) and (max-width: 1024px) { #ut_custom_heading69ea88b70fb82 { text-align:left; } }@media (max-width: 767px) { #ut_custom_heading69ea88b70fb82 { text-align:left; } }#ut_custom_heading69ea88b70fb82 span { border-left-style:solid;border-left-color:#fe8b54;border-left-width:5px;padding-left:10px;display:inline-block; }<\/style><h3 id=\"ut_custom_heading69ea88b70fb82\" data-responsive-font=\"h3\" data-responsive-font-settings=\"{&quot;base-font-size&quot;:&quot;global&quot;,&quot;font-size&quot;:{&quot;desktop_large&quot;:&quot;20&quot;},&quot;base-line-height&quot;:&quot;global&quot;,&quot;base-letter-spacing&quot;:&quot;global&quot;}\" class=\"ut-custom-heading-module\" ><span class=\"\" >Identification<\/span><\/h3><style type=\"text\/css\">#ut_custom_heading69ea88b70fbf2 { font-size:14px !important;line-height:28px !important; }#ut_custom_heading69ea88b70fbf2 { text-align:left; }@media (min-width: 768px) and (max-width: 1024px) { #ut_custom_heading69ea88b70fbf2 { text-align:left; } }@media (max-width: 767px) { #ut_custom_heading69ea88b70fbf2 { text-align:left; } }<\/style><p id=\"ut_custom_heading69ea88b70fbf2\" data-responsive-font=\"p\" data-responsive-font-settings=\"{&quot;base-font-size&quot;:&quot;global&quot;,&quot;font-size&quot;:{&quot;desktop_large&quot;:&quot;14&quot;},&quot;base-line-height&quot;:&quot;global&quot;,&quot;line-height&quot;:{&quot;desktop_large&quot;:&quot;28&quot;},&quot;base-letter-spacing&quot;:&quot;global&quot;}\" class=\"ut-custom-heading-module\" ><span class=\"\" >System of pairs of colors, differentiated by a conductor of each pair with a black line.<br \/>\nMaking easy identification.<\/span><\/p><style type=\"text\/css\">#ut_custom_heading69ea88b70fc94 { font-family: \"Raleway\";font-weight:500;font-style:normal; }#ut_custom_heading69ea88b70fc94 { font-size:20px !important; }#ut_custom_heading69ea88b70fc94 { text-align:left; }@media (min-width: 768px) and (max-width: 1024px) { #ut_custom_heading69ea88b70fc94 { text-align:left; } }@media (max-width: 767px) { #ut_custom_heading69ea88b70fc94 { text-align:left; } }#ut_custom_heading69ea88b70fc94 span { border-left-style:solid;border-left-color:#fe8b54;border-left-width:5px;padding-left:10px;display:inline-block; }<\/style><h3 id=\"ut_custom_heading69ea88b70fc94\" data-responsive-font=\"h3\" data-responsive-font-settings=\"{&quot;base-font-size&quot;:&quot;global&quot;,&quot;font-size&quot;:{&quot;desktop_large&quot;:&quot;20&quot;},&quot;base-line-height&quot;:&quot;global&quot;,&quot;base-letter-spacing&quot;:&quot;global&quot;}\" class=\"ut-custom-heading-module\" ><span class=\"\" >Electrical characteristics<\/span><\/h3><style type=\"text\/css\">#ut_custom_heading69ea88b70fd01 { font-size:14px !important;line-height:28px !important; }#ut_custom_heading69ea88b70fd01 { text-align:left; }@media (min-width: 768px) and (max-width: 1024px) { #ut_custom_heading69ea88b70fd01 { text-align:left; } }@media (max-width: 767px) { #ut_custom_heading69ea88b70fd01 { text-align:left; } }<\/style><p id=\"ut_custom_heading69ea88b70fd01\" data-responsive-font=\"p\" data-responsive-font-settings=\"{&quot;base-font-size&quot;:&quot;global&quot;,&quot;font-size&quot;:{&quot;desktop_large&quot;:&quot;14&quot;},&quot;base-line-height&quot;:&quot;global&quot;,&quot;line-height&quot;:{&quot;desktop_large&quot;:&quot;28&quot;},&quot;base-letter-spacing&quot;:&quot;global&quot;}\" class=\"ut-custom-heading-module\" ><span class=\"\" >Rated voltage: 300\/300 V.<\/span><\/p><style type=\"text\/css\">#ut_custom_heading69ea88b70fd8d { font-family: \"Raleway\";font-weight:500;font-style:normal; }#ut_custom_heading69ea88b70fd8d { font-size:20px !important; }#ut_custom_heading69ea88b70fd8d { text-align:left; }@media (min-width: 768px) and (max-width: 1024px) { #ut_custom_heading69ea88b70fd8d { text-align:left; } }@media (max-width: 767px) { #ut_custom_heading69ea88b70fd8d { text-align:left; } }#ut_custom_heading69ea88b70fd8d span { border-left-style:solid;border-left-color:#fe8b54;border-left-width:5px;padding-left:10px;display:inline-block; }<\/style><h3 id=\"ut_custom_heading69ea88b70fd8d\" data-responsive-font=\"h3\" data-responsive-font-settings=\"{&quot;base-font-size&quot;:&quot;global&quot;,&quot;font-size&quot;:{&quot;desktop_large&quot;:&quot;20&quot;},&quot;base-line-height&quot;:&quot;global&quot;,&quot;base-letter-spacing&quot;:&quot;global&quot;}\" class=\"ut-custom-heading-module\" ><span class=\"\" >Uses<\/span><\/h3><style type=\"text\/css\">#ut_custom_heading69ea88b70fdf6 { font-size:14px !important;line-height:28px !important; }#ut_custom_heading69ea88b70fdf6 { text-align:left; }@media (min-width: 768px) and (max-width: 1024px) { #ut_custom_heading69ea88b70fdf6 { text-align:left; } }@media (max-width: 767px) { #ut_custom_heading69ea88b70fdf6 { text-align:left; } }<\/style><p id=\"ut_custom_heading69ea88b70fdf6\" data-responsive-font=\"p\" data-responsive-font-settings=\"{&quot;base-font-size&quot;:&quot;global&quot;,&quot;font-size&quot;:{&quot;desktop_large&quot;:&quot;14&quot;},&quot;base-line-height&quot;:&quot;global&quot;,&quot;line-height&quot;:{&quot;desktop_large&quot;:&quot;28&quot;},&quot;base-letter-spacing&quot;:&quot;global&quot;}\" class=\"ut-custom-heading-module\" ><span class=\"\" >Due to its extra flexibility are recommended for equipment that require great mobility.<\/span><\/p><style type=\"text\/css\">#ut_custom_heading69ea88b70fe8c { font-family: \"Raleway\";font-weight:500;font-style:normal; }#ut_custom_heading69ea88b70fe8c { font-size:20px !important; }#ut_custom_heading69ea88b70fe8c { text-align:left; }@media (min-width: 768px) and (max-width: 1024px) { #ut_custom_heading69ea88b70fe8c { text-align:left; } }@media (max-width: 767px) { #ut_custom_heading69ea88b70fe8c { text-align:left; } }#ut_custom_heading69ea88b70fe8c span { border-left-style:solid;border-left-color:#fe8b54;border-left-width:5px;padding-left:10px;display:inline-block; }<\/style><h3 id=\"ut_custom_heading69ea88b70fe8c\" data-responsive-font=\"h3\" data-responsive-font-settings=\"{&quot;base-font-size&quot;:&quot;global&quot;,&quot;font-size&quot;:{&quot;desktop_large&quot;:&quot;20&quot;},&quot;base-line-height&quot;:&quot;global&quot;,&quot;base-letter-spacing&quot;:&quot;global&quot;}\" class=\"ut-custom-heading-module\" ><span class=\"\" >Conditioning<\/span><\/h3><style type=\"text\/css\">#ut_custom_heading69ea88b70feff { font-size:14px !important;line-height:28px !important; }#ut_custom_heading69ea88b70feff { text-align:left; }@media (min-width: 768px) and (max-width: 1024px) { #ut_custom_heading69ea88b70feff { text-align:left; } }@media (max-width: 767px) { #ut_custom_heading69ea88b70feff { text-align:left; } }<\/style><p id=\"ut_custom_heading69ea88b70feff\" data-responsive-font=\"p\" data-responsive-font-settings=\"{&quot;base-font-size&quot;:&quot;global&quot;,&quot;font-size&quot;:{&quot;desktop_large&quot;:&quot;14&quot;},&quot;base-line-height&quot;:&quot;global&quot;,&quot;line-height&quot;:{&quot;desktop_large&quot;:&quot;28&quot;},&quot;base-letter-spacing&quot;:&quot;global&quot;}\" class=\"ut-custom-heading-module\" ><span class=\"\" >In coils.<\/span><\/p><\/div><\/div><\/div><\/div><\/div><\/div><\/div><\/div><div class=\"vc_row-full-width vc_clearfix\"><\/div><div id=\"ut-row-69ea88b710933\" data-vc-full-width=\"true\" data-vc-full-width-init=\"false\" class=\"vc_row wpb_row vc_row-fluid vc_column-gap-0 ut-row-69ea88b710942\" ><div class=\"wpb_column vc_column_container vc_col-sm-12\" ><div id=\"ut_inner_column_69ea88b711016\" class=\"vc_column-inner\" ><div class=\"wpb_wrapper\"><div class=\"vc_empty_space\"   style=\"height: 40px\"><span class=\"vc_empty_space_inner\"><\/span><\/div><div  class=\"wpb_content_element   clearfix\"><style type=\"text\/css\">#ut_am_69ea88b71169e { opacity: 1; }#ut_am_wrap_69ea88b7116a0 { text-align: center; }@media (min-width: 768px) and (max-width: 1024px) { #ut_am_wrap_69ea88b7116a0 { text-align: center !important; } }@media (max-width: 767px) { #ut_am_wrap_69ea88b7116a0 { text-align: center !important; } }<\/style><div id=\"ut_am_wrap_69ea88b7116a0\" class=\"ut-image-gallery-image  ut-reveal-fx ut-element-with-block-reveal\"><div id=\"ut_reveal_69ea88b7116a1\" data-reveal-bgcolor=\"#000000\" data-reveal-direction=\"lr\" data-reveal-duration=\"750\" data-reveal-delay=\"250\" data-appear-top-offset=\"auto\" class=\"ut-animated-image-item ut-image-gallery-item ut-animation-done ut-reveal-fx-element ut-block-reveal-hide\"><a data-exthumbimage=\"http:\/\/h\" href=\"https:\/\/coelpla.com.ar\/wp-content\/uploads\/2022\/02\/table-2.png\" class=\"ut-vc-images-lightbox ut-wait-for-plugin\" data-title=\"Cable comando selector\" data-caption=\"Cable comando selector\" data-caption-color=\"\" data-caption-background=\"\"><div class=\"ut-animated-image-zoom\">\r\n        <div class=\"ut-element-glitch-wrap\">\r\n\r\n            \r\n        <style type=\"text\/css\">\r\n\r\n                        \r\n        @media (min-width: 1025px) {\r\n\r\n        #ut-element-glitch-69ea88b711d51887421106-173 .ut-glitch-single-element {\r\n                                            \r\n                }\r\n        }\r\n\r\n        @media (min-width: 768px) and (max-width: 1024px) {\r\n\r\n        #ut-element-glitch-69ea88b711d51887421106-173 .ut-glitch-single-element {\r\n                                                \r\n                    }\r\n        }\r\n\r\n        @media (max-width: 767px) {\r\n\r\n        #ut-element-glitch-69ea88b711d51887421106-173 .ut-glitch-single-element {\r\n                                                \r\n                    }\r\n        }\r\n\r\n        \r\n        <\/style>\r\n\r\n        \r\n            <div id=\"ut-element-glitch-69ea88b711d51887421106-173\" class=\"ut-element-glitch ut-glitch-none ut-element-glitch-permanent\">\r\n                <div class=\"ut-glitch-single-element ut-lozad skip-lazy\" data-background-image=\"https:\/\/coelpla.com.ar\/wp-content\/uploads\/2022\/02\/table-2.png\"><\/div>\r\n                <div class=\"ut-glitch-single-element ut-lozad skip-lazy\" data-background-image=\"https:\/\/coelpla.com.ar\/wp-content\/uploads\/2022\/02\/table-2.png\"><\/div>\r\n                <div class=\"ut-glitch-single-element ut-lozad skip-lazy\" data-background-image=\"https:\/\/coelpla.com.ar\/wp-content\/uploads\/2022\/02\/table-2.png\"><\/div>\r\n                <div class=\"ut-glitch-single-element ut-lozad skip-lazy\" data-background-image=\"https:\/\/coelpla.com.ar\/wp-content\/uploads\/2022\/02\/table-2.png\"><\/div>\r\n                <div class=\"ut-glitch-single-element ut-lozad skip-lazy\" data-background-image=\"https:\/\/coelpla.com.ar\/wp-content\/uploads\/2022\/02\/table-2.png\"><\/div>\r\n            <\/div>\r\n\r\n        <\/div>\r\n\r\n        <img loading=\"lazy\" decoding=\"async\" class=\"ut-lazy skip-lazy ut-animated-image\"  id=\"ut_am_69ea88b71169e\" src=\"data:image\/svg+xml;charset=utf-8,%3Csvg xmlns%3D'http%3A%2F%2Fwww.w3.org%2F2000%2Fsvg' viewBox%3D'0 0 691 146'%2F%3E\" data-src=\"https:\/\/coelpla.com.ar\/wp-content\/uploads\/2022\/02\/table-2.png\" width=\"691\" height=\"146\" alt=\"Cable comando selector\"\/><\/div><\/a><\/div><\/div><\/div><\/div><\/div><\/div><\/div><div class=\"vc_row-full-width vc_clearfix\"><\/div><a data-id=\"section-without-id\" class=\"ut-vc-offset-anchor-bottom\" name=\"section-without-id\"><\/a><\/section><div class=\"vc_row-full-width vc_clearfix\"><\/div>\n<\/section>","protected":false},"excerpt":{"rendered":"CABLE COMANDO SELECTOR Caracter\u00edsticas GeneralesCada conductor est\u00e1 constru\u00eddo a partir de una cuerda extra-flexible de cobre electrol\u00edtico recocido, aislada con una capa de material termo-pl\u00e1stico PVC flexible anti-llama. Los conductores as\u00ed aislados son cableados y posteriormente protegidos por una vaina ajustada de PVC flexible en color negro.Identificaci\u00f3nSistema de pares de colores, diferenciados un conductor de [...]","protected":false},"author":1,"featured_media":0,"parent":0,"menu_order":0,"comment_status":"closed","ping_status":"closed","template":"","meta":{"_joinchat":[],"footnotes":""},"class_list":["post-158","page","type-page","status-publish","hentry"],"_links":{"self":[{"href":"https:\/\/coelpla.com.ar\/en\/wp-json\/wp\/v2\/pages\/158","targetHints":{"allow":["GET"]}}],"collection":[{"href":"https:\/\/coelpla.com.ar\/en\/wp-json\/wp\/v2\/pages"}],"about":[{"href":"https:\/\/coelpla.com.ar\/en\/wp-json\/wp\/v2\/types\/page"}],"author":[{"embeddable":true,"href":"https:\/\/coelpla.com.ar\/en\/wp-json\/wp\/v2\/users\/1"}],"replies":[{"embeddable":true,"href":"https:\/\/coelpla.com.ar\/en\/wp-json\/wp\/v2\/comments?post=158"}],"version-history":[{"count":11,"href":"https:\/\/coelpla.com.ar\/en\/wp-json\/wp\/v2\/pages\/158\/revisions"}],"predecessor-version":[{"id":174,"href":"https:\/\/coelpla.com.ar\/en\/wp-json\/wp\/v2\/pages\/158\/revisions\/174"}],"wp:attachment":[{"href":"https:\/\/coelpla.com.ar\/en\/wp-json\/wp\/v2\/media?parent=158"}],"curies":[{"name":"wp","href":"https:\/\/api.w.org\/{rel}","templated":true}]}}