{"id":140,"date":"2022-02-21T16:46:44","date_gmt":"2022-02-21T19:46:44","guid":{"rendered":"https:\/\/coelpla.com.ar\/?page_id=140"},"modified":"2022-02-22T12:21:37","modified_gmt":"2022-02-22T15:21:37","slug":"cable-viajero-comando-ascensor-redondo-flexible-centro-de-yute","status":"publish","type":"page","link":"https:\/\/coelpla.com.ar\/en\/cable-viajero-comando-ascensor-redondo-flexible-centro-de-yute\/","title":{"rendered":"CABLE TRAVELLER COMMAND ELEVATOR ROUND FLEXIBLE CENTER OF JUTE"},"content":{"rendered":"<section class=\"wpb-content-wrapper\"><section id=\"ut-section-69eaa16e759de\" data-vc-full-width=\"true\" data-vc-full-width-init=\"false\" data-cursor-skin=\"global\" class=\"vc_section ut-vc-120 vc_section-has-no-fill ut-section-69eaa16e759f8\"><div id=\"ut-row-69eaa16e762d3\" data-vc-full-width=\"true\" data-vc-full-width-init=\"false\" class=\"vc_row wpb_row vc_row-fluid vc_column-gap-0 ut-row-69eaa16e762e3\" ><div class=\"wpb_column vc_column_container vc_col-sm-12\" ><div id=\"ut_inner_column_69eaa16e76ebb\" class=\"vc_column-inner\" ><div class=\"wpb_wrapper\"><style type=\"text\/css\">#ut_custom_heading69eaa16e771e1 { font-family: \"Raleway\";font-weight:400;font-style:normal; }#ut_custom_heading69eaa16e771e1 { font-size:35px !important; }#ut_custom_heading69eaa16e771e1 { text-align:left; }@media (min-width: 768px) and (max-width: 1024px) { #ut_custom_heading69eaa16e771e1 { text-align:left; } }@media (max-width: 767px) { #ut_custom_heading69eaa16e771e1 { text-align:left; } }<\/style><h1 id=\"ut_custom_heading69eaa16e771e1\" data-responsive-font=\"h1\" data-responsive-font-settings=\"{&quot;base-font-size&quot;:&quot;global&quot;,&quot;font-size&quot;:{&quot;desktop_large&quot;:&quot;35&quot;},&quot;base-line-height&quot;:&quot;global&quot;,&quot;base-letter-spacing&quot;:&quot;global&quot;}\" class=\"ut-custom-heading-module\" ><span class=\"\" >CABLE TRAVELLER COMMAND ELEVATOR ROUND FLEXIBLE CENTER OF JUTE<\/span><\/h1><\/div><\/div><\/div><\/div><div class=\"vc_row-full-width vc_clearfix\"><\/div><div id=\"ut-row-69eaa16e7c59f\" data-vc-full-width=\"true\" data-vc-full-width-init=\"false\" class=\"vc_row wpb_row vc_row-fluid vc_column-gap-0 ut-row-69eaa16e7c5b6\" ><div class=\"wpb_column vc_column_container vc_col-sm-6\" ><div id=\"ut_inner_column_69eaa16e7ce9b\" class=\"vc_column-inner\" ><div class=\"wpb_wrapper\"><div  class=\"wpb_content_element   clearfix\"><style type=\"text\/css\">#ut_am_69eaa16e7d842 { opacity: 1; }#ut_am_wrap_69eaa16e7d843 .ut-animated-image-zoom::after { background: url(https:\/\/coelpla.com.ar\/wp-content\/uploads\/2022\/02\/id1_500x500.jpg); }#ut_am_wrap_69eaa16e7d843 { text-align: center; }@media (min-width: 768px) and (max-width: 1024px) { #ut_am_wrap_69eaa16e7d843 { text-align: center !important; } }@media (max-width: 767px) { #ut_am_wrap_69eaa16e7d843 { text-align: center !important; } }<\/style><div id=\"ut_am_wrap_69eaa16e7d843\" class=\"ut-image-gallery-image\"><div id=\"ut_reveal_69eaa16e7d845\"  data-appear-top-offset=\"auto\" class=\"ut-animated-image-item ut-image-gallery-item ut-animation-done\"><a data-exthumbimage=\"https:\/\/coelpla.com.ar\/wp-content\/uploads\/2022\/02\/id1_500x500-200x200.jpg\" href=\"https:\/\/coelpla.com.ar\/wp-content\/uploads\/2022\/02\/id1_fi.jpg\" class=\"ut-vc-images-lightbox ut-wait-for-plugin\" data-title=\"\" data-caption=\"\" data-caption-color=\"\" data-caption-background=\"\" data-force-caption=\"on\"><div class=\"ut-animated-image-zoom\">\r\n        <div class=\"ut-element-glitch-wrap\">\r\n\r\n            \r\n        <style type=\"text\/css\">\r\n\r\n                        \r\n        @media (min-width: 1025px) {\r\n\r\n        #ut-element-glitch-69eaa16e7e451617544735-145 .ut-glitch-single-element {\r\n                                            \r\n                }\r\n        }\r\n\r\n        @media (min-width: 768px) and (max-width: 1024px) {\r\n\r\n        #ut-element-glitch-69eaa16e7e451617544735-145 .ut-glitch-single-element {\r\n                                                \r\n                    }\r\n        }\r\n\r\n        @media (max-width: 767px) {\r\n\r\n        #ut-element-glitch-69eaa16e7e451617544735-145 .ut-glitch-single-element {\r\n                                                \r\n                    }\r\n        }\r\n\r\n        \r\n        <\/style>\r\n\r\n        \r\n            <div id=\"ut-element-glitch-69eaa16e7e451617544735-145\" class=\"ut-element-glitch ut-glitch-none ut-element-glitch-permanent\">\r\n                <div class=\"ut-glitch-single-element ut-lozad skip-lazy\" data-background-image=\"https:\/\/coelpla.com.ar\/wp-content\/uploads\/2022\/02\/id1_500x500.jpg\"><\/div>\r\n                <div class=\"ut-glitch-single-element ut-lozad skip-lazy\" data-background-image=\"https:\/\/coelpla.com.ar\/wp-content\/uploads\/2022\/02\/id1_500x500.jpg\"><\/div>\r\n                <div class=\"ut-glitch-single-element ut-lozad skip-lazy\" data-background-image=\"https:\/\/coelpla.com.ar\/wp-content\/uploads\/2022\/02\/id1_500x500.jpg\"><\/div>\r\n                <div class=\"ut-glitch-single-element ut-lozad skip-lazy\" data-background-image=\"https:\/\/coelpla.com.ar\/wp-content\/uploads\/2022\/02\/id1_500x500.jpg\"><\/div>\r\n                <div class=\"ut-glitch-single-element ut-lozad skip-lazy\" data-background-image=\"https:\/\/coelpla.com.ar\/wp-content\/uploads\/2022\/02\/id1_500x500.jpg\"><\/div>\r\n            <\/div>\r\n\r\n        <\/div>\r\n\r\n        <img loading=\"lazy\" decoding=\"async\" class=\"ut-lazy skip-lazy ut-animated-image\"  id=\"ut_am_69eaa16e7d842\" src=\"data:image\/svg+xml;charset=utf-8,%3Csvg xmlns%3D'http%3A%2F%2Fwww.w3.org%2F2000%2Fsvg' viewBox%3D'0 0 500 500'%2F%3E\" data-src=\"https:\/\/coelpla.com.ar\/wp-content\/uploads\/2022\/02\/id1_500x500.jpg\" width=\"500\" height=\"500\" alt=\"CABLE VIAJERO COMANDO ASCENSOR REDONDO FLEXIBLE CENTRO DE YUTE\"\/><\/div><\/a><\/div><\/div><\/div><\/div><\/div><\/div><div class=\"wpb_column vc_column_container vc_col-sm-6\" ><div id=\"ut_inner_column_69eaa16e7e899\" class=\"vc_column-inner\" ><div class=\"wpb_wrapper\"><style type=\"text\/css\">#ut_custom_heading69eaa16e7e9b1 { font-family: \"Raleway\";font-weight:500;font-style:normal; }#ut_custom_heading69eaa16e7e9b1 { font-size:20px !important; }#ut_custom_heading69eaa16e7e9b1 { text-align:left; }@media (min-width: 768px) and (max-width: 1024px) { #ut_custom_heading69eaa16e7e9b1 { text-align:left; } }@media (max-width: 767px) { #ut_custom_heading69eaa16e7e9b1 { text-align:left; } }#ut_custom_heading69eaa16e7e9b1 span { border-left-style:solid;border-left-color:#fe8b54;border-left-width:5px;padding-left:10px;display:inline-block; }<\/style><h3 id=\"ut_custom_heading69eaa16e7e9b1\" data-responsive-font=\"h3\" data-responsive-font-settings=\"{&quot;base-font-size&quot;:&quot;global&quot;,&quot;font-size&quot;:{&quot;desktop_large&quot;:&quot;20&quot;},&quot;base-line-height&quot;:&quot;global&quot;,&quot;base-letter-spacing&quot;:&quot;global&quot;}\" class=\"ut-custom-heading-module\" ><span class=\"\" >General Characteristics<\/span><\/h3><style type=\"text\/css\">#ut_custom_heading69eaa16e7ea53 { font-size:14px !important;line-height:28px !important; }#ut_custom_heading69eaa16e7ea53 { text-align:left; }@media (min-width: 768px) and (max-width: 1024px) { #ut_custom_heading69eaa16e7ea53 { text-align:left; } }@media (max-width: 767px) { #ut_custom_heading69eaa16e7ea53 { text-align:left; } }<\/style><p id=\"ut_custom_heading69eaa16e7ea53\" data-responsive-font=\"p\" data-responsive-font-settings=\"{&quot;base-font-size&quot;:&quot;global&quot;,&quot;font-size&quot;:{&quot;desktop_large&quot;:&quot;14&quot;},&quot;base-line-height&quot;:&quot;global&quot;,&quot;line-height&quot;:{&quot;desktop_large&quot;:&quot;28&quot;},&quot;base-letter-spacing&quot;:&quot;global&quot;}\" class=\"ut-custom-heading-module   vc_custom_1645542697903\" ><span class=\"\" >Each driver is built by a rope flexible annealed electrolytic copper, insulated with a layer of thermoplastic material PVC spark-arresting flexible.<br \/>\nThe drivers so isolated are wired on a soul of steel, which is coated in PVC and on the same a mesh of polyester.<br \/>\nSubsequently, the wiring end is wrapped with a ribbon of cotton yarn and protected with a sheath tight flexible PVC black color.<br \/>\nBased on the specifications of the Standards IRAM No. 2022 Class 5-IEC No. 60227-71-C.<\/span><\/p><style type=\"text\/css\">#ut_custom_heading69eaa16e7eaee { font-family: \"Raleway\";font-weight:500;font-style:normal; }#ut_custom_heading69eaa16e7eaee { font-size:20px !important; }#ut_custom_heading69eaa16e7eaee { text-align:left; }@media (min-width: 768px) and (max-width: 1024px) { #ut_custom_heading69eaa16e7eaee { text-align:left; } }@media (max-width: 767px) { #ut_custom_heading69eaa16e7eaee { text-align:left; } }#ut_custom_heading69eaa16e7eaee span { border-left-style:solid;border-left-color:#fe8b54;border-left-width:5px;padding-left:10px;display:inline-block; }<\/style><h3 id=\"ut_custom_heading69eaa16e7eaee\" data-responsive-font=\"h3\" data-responsive-font-settings=\"{&quot;base-font-size&quot;:&quot;global&quot;,&quot;font-size&quot;:{&quot;desktop_large&quot;:&quot;20&quot;},&quot;base-line-height&quot;:&quot;global&quot;,&quot;base-letter-spacing&quot;:&quot;global&quot;}\" class=\"ut-custom-heading-module\" ><span class=\"\" >Identification<\/span><\/h3><style type=\"text\/css\">#ut_custom_heading69eaa16e7eb5d { font-size:14px !important;line-height:28px !important; }#ut_custom_heading69eaa16e7eb5d { text-align:left; }@media (min-width: 768px) and (max-width: 1024px) { #ut_custom_heading69eaa16e7eb5d { text-align:left; } }@media (max-width: 767px) { #ut_custom_heading69eaa16e7eb5d { text-align:left; } }<\/style><p id=\"ut_custom_heading69eaa16e7eb5d\" data-responsive-font=\"p\" data-responsive-font-settings=\"{&quot;base-font-size&quot;:&quot;global&quot;,&quot;font-size&quot;:{&quot;desktop_large&quot;:&quot;14&quot;},&quot;base-line-height&quot;:&quot;global&quot;,&quot;line-height&quot;:{&quot;desktop_large&quot;:&quot;28&quot;},&quot;base-letter-spacing&quot;:&quot;global&quot;}\" class=\"ut-custom-heading-module   vc_custom_1645542819222\" ><span class=\"\" >Numbering system on the insulation of each conductor arranged in a continuous 40-millimeter about each other and easy to read.<br \/>\nThe sheath outer leads on the same brand COELPLA, section, and number of conductors, voltage, country of origin, and feet marked in a sequential way.<\/span><\/p><style type=\"text\/css\">#ut_custom_heading69eaa16e7ebed { font-family: \"Raleway\";font-weight:500;font-style:normal; }#ut_custom_heading69eaa16e7ebed { font-size:20px !important; }#ut_custom_heading69eaa16e7ebed { text-align:left; }@media (min-width: 768px) and (max-width: 1024px) { #ut_custom_heading69eaa16e7ebed { text-align:left; } }@media (max-width: 767px) { #ut_custom_heading69eaa16e7ebed { text-align:left; } }#ut_custom_heading69eaa16e7ebed span { border-left-style:solid;border-left-color:#fe8b54;border-left-width:5px;padding-left:10px;display:inline-block; }<\/style><h3 id=\"ut_custom_heading69eaa16e7ebed\" data-responsive-font=\"h3\" data-responsive-font-settings=\"{&quot;base-font-size&quot;:&quot;global&quot;,&quot;font-size&quot;:{&quot;desktop_large&quot;:&quot;20&quot;},&quot;base-line-height&quot;:&quot;global&quot;,&quot;base-letter-spacing&quot;:&quot;global&quot;}\" class=\"ut-custom-heading-module\" ><span class=\"\" >Uses<\/span><\/h3><style type=\"text\/css\">#ut_custom_heading69eaa16e7ec58 { font-size:14px !important;line-height:28px !important; }#ut_custom_heading69eaa16e7ec58 { text-align:left; }@media (min-width: 768px) and (max-width: 1024px) { #ut_custom_heading69eaa16e7ec58 { text-align:left; } }@media (max-width: 767px) { #ut_custom_heading69eaa16e7ec58 { text-align:left; } }<\/style><p id=\"ut_custom_heading69eaa16e7ec58\" data-responsive-font=\"p\" data-responsive-font-settings=\"{&quot;base-font-size&quot;:&quot;global&quot;,&quot;font-size&quot;:{&quot;desktop_large&quot;:&quot;14&quot;},&quot;base-line-height&quot;:&quot;global&quot;,&quot;line-height&quot;:{&quot;desktop_large&quot;:&quot;28&quot;},&quot;base-letter-spacing&quot;:&quot;global&quot;}\" class=\"ut-custom-heading-module   vc_custom_1645542918775\" ><span class=\"\" >These are recommended for installations with a suspension of more than 60 meters.<br \/>\nDue to its high flexibility are required for installation of: Lifts \u2013 Hoists. Bridge Crane \u2013 Rigging Electric.<\/span><\/p><style type=\"text\/css\">#ut_custom_heading69eaa16e7ece5 { font-family: \"Raleway\";font-weight:500;font-style:normal; }#ut_custom_heading69eaa16e7ece5 { font-size:20px !important; }#ut_custom_heading69eaa16e7ece5 { text-align:left; }@media (min-width: 768px) and (max-width: 1024px) { #ut_custom_heading69eaa16e7ece5 { text-align:left; } }@media (max-width: 767px) { #ut_custom_heading69eaa16e7ece5 { text-align:left; } }#ut_custom_heading69eaa16e7ece5 span { border-left-style:solid;border-left-color:#fe8b54;border-left-width:5px;padding-left:10px;display:inline-block; }<\/style><h3 id=\"ut_custom_heading69eaa16e7ece5\" data-responsive-font=\"h3\" data-responsive-font-settings=\"{&quot;base-font-size&quot;:&quot;global&quot;,&quot;font-size&quot;:{&quot;desktop_large&quot;:&quot;20&quot;},&quot;base-line-height&quot;:&quot;global&quot;,&quot;base-letter-spacing&quot;:&quot;global&quot;}\" class=\"ut-custom-heading-module\" ><span class=\"\" >Electrical characteristics<\/span><\/h3><style type=\"text\/css\">#ut_custom_heading69eaa16e7ed4f { font-size:14px !important;line-height:28px !important; }#ut_custom_heading69eaa16e7ed4f { text-align:left; }@media (min-width: 768px) and (max-width: 1024px) { #ut_custom_heading69eaa16e7ed4f { text-align:left; } }@media (max-width: 767px) { #ut_custom_heading69eaa16e7ed4f { text-align:left; } }<\/style><p id=\"ut_custom_heading69eaa16e7ed4f\" data-responsive-font=\"p\" data-responsive-font-settings=\"{&quot;base-font-size&quot;:&quot;global&quot;,&quot;font-size&quot;:{&quot;desktop_large&quot;:&quot;14&quot;},&quot;base-line-height&quot;:&quot;global&quot;,&quot;line-height&quot;:{&quot;desktop_large&quot;:&quot;28&quot;},&quot;base-letter-spacing&quot;:&quot;global&quot;}\" class=\"ut-custom-heading-module   vc_custom_1645543021985\" ><span class=\"\" >0,75 \u2013 100 mm2 : 300\/500V.<\/span><\/p><style type=\"text\/css\">#ut_custom_heading69eaa16e7ee24 { font-family: \"Raleway\";font-weight:500;font-style:normal; }#ut_custom_heading69eaa16e7ee24 { font-size:20px !important; }#ut_custom_heading69eaa16e7ee24 { text-align:left; }@media (min-width: 768px) and (max-width: 1024px) { #ut_custom_heading69eaa16e7ee24 { text-align:left; } }@media (max-width: 767px) { #ut_custom_heading69eaa16e7ee24 { text-align:left; } }#ut_custom_heading69eaa16e7ee24 span { border-left-style:solid;border-left-color:#fe8b54;border-left-width:5px;padding-left:10px;display:inline-block; }<\/style><h3 id=\"ut_custom_heading69eaa16e7ee24\" data-responsive-font=\"h3\" data-responsive-font-settings=\"{&quot;base-font-size&quot;:&quot;global&quot;,&quot;font-size&quot;:{&quot;desktop_large&quot;:&quot;20&quot;},&quot;base-line-height&quot;:&quot;global&quot;,&quot;base-letter-spacing&quot;:&quot;global&quot;}\" class=\"ut-custom-heading-module\" ><span class=\"\" >Conditioning<\/span><\/h3><style type=\"text\/css\">#ut_custom_heading69eaa16e7ee93 { font-size:14px !important;line-height:28px !important; }#ut_custom_heading69eaa16e7ee93 { text-align:left; }@media (min-width: 768px) and (max-width: 1024px) { #ut_custom_heading69eaa16e7ee93 { text-align:left; } }@media (max-width: 767px) { #ut_custom_heading69eaa16e7ee93 { text-align:left; } }<\/style><p id=\"ut_custom_heading69eaa16e7ee93\" data-responsive-font=\"p\" data-responsive-font-settings=\"{&quot;base-font-size&quot;:&quot;global&quot;,&quot;font-size&quot;:{&quot;desktop_large&quot;:&quot;14&quot;},&quot;base-line-height&quot;:&quot;global&quot;,&quot;line-height&quot;:{&quot;desktop_large&quot;:&quot;28&quot;},&quot;base-letter-spacing&quot;:&quot;global&quot;}\" class=\"ut-custom-heading-module   vc_custom_1645543057704\" ><span class=\"\" >In coils.<\/span><\/p><\/div><\/div><\/div><\/div><div class=\"vc_row-full-width vc_clearfix\"><\/div><div id=\"ut-row-69eaa16e7f6e6\" data-vc-full-width=\"true\" data-vc-full-width-init=\"false\" class=\"vc_row wpb_row vc_row-fluid vc_column-gap-0 ut-row-69eaa16e7f6f5 hide-on-mobile\" ><div class=\"wpb_column vc_column_container vc_col-sm-12\" ><div id=\"ut_inner_column_69eaa16e7fe6b\" class=\"vc_column-inner\" ><div class=\"wpb_wrapper\"><div class=\"vc_empty_space\"   style=\"height: 40px\"><span class=\"vc_empty_space_inner\"><\/span><\/div><div  class=\"wpb_content_element   clearfix\"><style type=\"text\/css\">#ut_am_69eaa16e80789 { opacity: 1; }#ut_am_wrap_69eaa16e8078a { text-align: center; }@media (min-width: 768px) and (max-width: 1024px) { #ut_am_wrap_69eaa16e8078a { text-align: center !important; } }@media (max-width: 767px) { #ut_am_wrap_69eaa16e8078a { text-align: center !important; } }<\/style><div id=\"ut_am_wrap_69eaa16e8078a\" class=\"ut-image-gallery-image  ut-reveal-fx ut-element-with-block-reveal\"><div id=\"ut_reveal_69eaa16e8078b\" data-reveal-bgcolor=\"#0a0a0a\" data-reveal-direction=\"lr\" data-reveal-duration=\"750\" data-reveal-delay=\"200\" data-appear-top-offset=\"auto\" class=\"ut-animated-image-item ut-image-gallery-item ut-animation-done ut-reveal-fx-element ut-block-reveal-hide\"><a class=\"ut-deactivated-link\" href=\"#\"><div class=\"ut-animated-image-zoom\">\r\n        <div class=\"ut-element-glitch-wrap\">\r\n\r\n            \r\n        <style type=\"text\/css\">\r\n\r\n                        \r\n        @media (min-width: 1025px) {\r\n\r\n        #ut-element-glitch-69eaa16e807c3049969103-153 .ut-glitch-single-element {\r\n                                            \r\n                }\r\n        }\r\n\r\n        @media (min-width: 768px) and (max-width: 1024px) {\r\n\r\n        #ut-element-glitch-69eaa16e807c3049969103-153 .ut-glitch-single-element {\r\n                                                \r\n                    }\r\n        }\r\n\r\n        @media (max-width: 767px) {\r\n\r\n        #ut-element-glitch-69eaa16e807c3049969103-153 .ut-glitch-single-element {\r\n                                                \r\n                    }\r\n        }\r\n\r\n        \r\n        <\/style>\r\n\r\n        \r\n            <div id=\"ut-element-glitch-69eaa16e807c3049969103-153\" class=\"ut-element-glitch ut-glitch-none ut-element-glitch-permanent\">\r\n                <div class=\"ut-glitch-single-element ut-lozad skip-lazy\" data-background-image=\"https:\/\/coelpla.com.ar\/wp-content\/uploads\/2022\/02\/tabla_1.jpg\"><\/div>\r\n                <div class=\"ut-glitch-single-element ut-lozad skip-lazy\" data-background-image=\"https:\/\/coelpla.com.ar\/wp-content\/uploads\/2022\/02\/tabla_1.jpg\"><\/div>\r\n                <div class=\"ut-glitch-single-element ut-lozad skip-lazy\" data-background-image=\"https:\/\/coelpla.com.ar\/wp-content\/uploads\/2022\/02\/tabla_1.jpg\"><\/div>\r\n                <div class=\"ut-glitch-single-element ut-lozad skip-lazy\" data-background-image=\"https:\/\/coelpla.com.ar\/wp-content\/uploads\/2022\/02\/tabla_1.jpg\"><\/div>\r\n                <div class=\"ut-glitch-single-element ut-lozad skip-lazy\" data-background-image=\"https:\/\/coelpla.com.ar\/wp-content\/uploads\/2022\/02\/tabla_1.jpg\"><\/div>\r\n            <\/div>\r\n\r\n        <\/div>\r\n\r\n        <img loading=\"lazy\" decoding=\"async\" class=\"ut-lazy skip-lazy ut-animated-image\"  id=\"ut_am_69eaa16e80789\" src=\"data:image\/svg+xml;charset=utf-8,%3Csvg xmlns%3D'http%3A%2F%2Fwww.w3.org%2F2000%2Fsvg' viewBox%3D'0 0 858 525'%2F%3E\" data-src=\"https:\/\/coelpla.com.ar\/wp-content\/uploads\/2022\/02\/tabla_1.jpg\" width=\"858\" height=\"525\" alt=\"\"\/><\/div><\/a><\/div><\/div><\/div><\/div><\/div><\/div><\/div><div class=\"vc_row-full-width vc_clearfix\"><\/div><a data-id=\"section-without-id\" class=\"ut-vc-offset-anchor-bottom\" name=\"section-without-id\"><\/a><\/section><div class=\"vc_row-full-width vc_clearfix\"><\/div>\n<\/section>","protected":false},"excerpt":{"rendered":"CABLE VIAJERO COMANDO ASCENSOR REDONDO FLEXIBLE CENTRO DE YUTE Caracter\u00edsticas GeneralesCada conductor est\u00e1 construido por una cuerda flexible de cobre electrol\u00edtico recocido, aislado con una capa de material termopl\u00e1stico PVC antillama flexible. Los conductores as\u00ed aislados son cableados sobre un alma de acero, la cual est\u00e1 revestida en PVC y sobre el mismo una malla [...]","protected":false},"author":1,"featured_media":0,"parent":0,"menu_order":0,"comment_status":"closed","ping_status":"closed","template":"","meta":{"_joinchat":[],"footnotes":""},"class_list":["post-140","page","type-page","status-publish","hentry"],"_links":{"self":[{"href":"https:\/\/coelpla.com.ar\/en\/wp-json\/wp\/v2\/pages\/140","targetHints":{"allow":["GET"]}}],"collection":[{"href":"https:\/\/coelpla.com.ar\/en\/wp-json\/wp\/v2\/pages"}],"about":[{"href":"https:\/\/coelpla.com.ar\/en\/wp-json\/wp\/v2\/types\/page"}],"author":[{"embeddable":true,"href":"https:\/\/coelpla.com.ar\/en\/wp-json\/wp\/v2\/users\/1"}],"replies":[{"embeddable":true,"href":"https:\/\/coelpla.com.ar\/en\/wp-json\/wp\/v2\/comments?post=140"}],"version-history":[{"count":11,"href":"https:\/\/coelpla.com.ar\/en\/wp-json\/wp\/v2\/pages\/140\/revisions"}],"predecessor-version":[{"id":155,"href":"https:\/\/coelpla.com.ar\/en\/wp-json\/wp\/v2\/pages\/140\/revisions\/155"}],"wp:attachment":[{"href":"https:\/\/coelpla.com.ar\/en\/wp-json\/wp\/v2\/media?parent=140"}],"curies":[{"name":"wp","href":"https:\/\/api.w.org\/{rel}","templated":true}]}}